{"id":12993,"date":"2018-03-09T16:04:15","date_gmt":"2018-03-09T21:04:15","guid":{"rendered":"https:\/\/brain-trainer.com\/como-ser-un-entrenador\/"},"modified":"2018-03-17T11:41:13","modified_gmt":"2018-03-17T15:41:13","slug":"como-ser-un-entrenador","status":"publish","type":"page","link":"https:\/\/brain-trainer.com\/es\/como-ser-un-entrenador\/","title":{"rendered":"C\u00f3mo ser un entrenador"},"content":{"rendered":"<div class=\"embed-responsive embed-responsive-16by9\"><iframe loading=\"lazy\" src=\"https:\/\/www.youtube.com\/embed\/TqiSlLpWhBk?rel=0&amp;showinfo=0\" width=\"560\" height=\"315\" frameborder=\"0\" allowfullscreen=\"allowfullscreen\"><\/iframe><\/div>\n<h3>\u00bfQui\u00e9n puede hacer Neurofeedback?<\/h3>\n<p>Brain-training es un <a href=\"https:\/\/brain-trainer.com\/?page_id=11787\">sistema no invasivo<\/a> para ense\u00f1arle al cerebro lo que est\u00e1 haciendo, para que pueda cambiar sus propios h\u00e1bitos. Es una herramienta que se puede usar por cualquiera.<\/p>\n<p>Cl\u00ednicos alrededor del mundo usan el sistema poderoso de Brain-Trainer como parte de su trabajo con clientes. Padres, educadores, entrenadores e individuales tambi\u00e9n reciben resultados fuera del modelo cl\u00ednico. Brain-Trainer tambi\u00e9n ofrece el mismo sistema integrado y soporte pr\u00e1ctico, accesible a CUALQUIER persona deseando entrenar cerebros de manera responsable.<\/p>\n<h3>\u00bfc\u00f3mo hacer los mejores entrenadores?<\/h3>\n<h3>Buenos entrenadores son buenos coaches. Ellos motivan y apoyan, proporcionando un espejo honesto no amenazante a cada cliente. Ellos no juzgan ni categorizan.<\/h3>\n<p>Ellos aseguran que las sesiones est\u00e9n programadas frecuentemente (al menos 2x\/semana).<\/p>\n<p>Est\u00e1n c\u00f3modos usando una computadora, para que se puedan enfocar en el aprendiz en lugar del hardware y software.<\/p>\n<h3>\u00bfPor qu\u00e9 algunas compa\u00f1\u00edas solo venden a doctores?<\/h3>\n<h3>Psic\u00f3logos o m\u00e9dicos est\u00e1n calificados para diagnosticar y tratar los &#8220;trastornos&#8221;. Si quiere clasificaci\u00f3n o medicamento, debe de ver a estos cl\u00ednicos.<\/h3>\n<p>Si usted no cree que queriendo cambiar a s\u00ed mismo significa que usted es &#8220;anormal&#8221;, el entrenamiento cerebral puede cambiar los patrones del pensamiento, modo, comportamiento y rendimiento de manera duradera sin diagn\u00f3stico ni drogas.<\/p>\n<p>Algunas compa\u00f1\u00edas justifican sus altos precios requiriendo a los compradores de tener t\u00edtulos espec\u00edficos y licencias o una receta. Pero, ninguna agencia reguladora ni cuerpos de licencia requieren eso. La mayor\u00eda de seguros de salud no paga brain-training (a menos que sea mal facturado como otra cosa), no importa quien lo haga. <a id=\"certification\" class=\"anchor-adjust\"><\/a><br \/>\n<a id=\"certificaci\u00f3n\" class=\"anchor-adjust\"><\/a><\/p>\n<h3>\u00bfY la certificaci\u00f3n?<\/h3>\n<p>A pesar de que no hay &#8220;certificaci\u00f3n&#8221; en neurofeedback reconocida fuera del campo, algunos pueden elegir completar la experiencia avanzada bajo supervisi\u00f3n y certificarse. Auto nombrados &#8220;cuerpos de certificaci\u00f3n&#8221; como BCIA no son requeridos. <a href=\"https:\/\/brain-trainer.com\/es\/producto\/paquete-de-certificacion-de-supervision-profesional\/\">Brain-Trainer certificaci\u00f3n<\/a> demuestra que un entrenador ha demostrado la habilidad de obtener resultados con el sistema de entrenamiento de Whole-Brain.<\/p>\n<h3>\u00bfC\u00f3mo empiezan los entrenadores?<\/h3>\n<p>Brain-training es una habilidad. La mejor y m\u00e1s r\u00e1pida manera de aprender es haciendo.<\/p>\n<p>Entre m\u00e1s sitios webs, libros y cursos que trate antes de comenzar, m\u00e1s confundido te convertir\u00e1s. No solo tendr\u00e1 dificultad entendiendo algo que nunca ha experimentado, no tendr\u00e1 manera de evaluar la utilidad de lo que le hand dicho.<\/p>\n<p>Nuestros mentores gu\u00edan a los nuevos entrenadores grabando una evaluaci\u00f3n y corriendo sesiones. Nuestro hardware y software simplifican el inicio y obteniendo resultados. <a href=\"https:\/\/brain-trainer.com\/es\/shop\/productos\/\/complete-starter-packages\">Paquetes para comenzar<\/a> combina todo lo que usted necesita con 4 horas de apoyo en l\u00ednea.<\/p>\n<p>Como en cualquier otro programa de entrenamiento, trabajando con un compa\u00f1ero simplifica el proceso para los dos y hace a ambos m\u00e1s probables de mantenerse motivados. Los paquetes de tutor\u00eda o supervisi\u00f3n de Brain-trainer no cuesta m\u00e1s para dos a lo que cuesta para uno.<\/p>\n<h3>\u00bfPor qu\u00e9 los entrenadores deben comenzar con sus propios cerebros?<\/h3>\n<p>La \u00fanica persona qui\u00e9n puede cambiar su cerebro es usted. \u00bfContratar\u00edas a un entrenador personal quien nunca hab\u00eda hecho un programa de ejercicios? Entrenando no solo hace su cerebro m\u00e1s fuerte&#8211; lo convierte en un mejor entrenador.<\/p>\n<p>Entren\u00e1ndose a s\u00ed mismo da el mensaje que brain-training es un programa que cualquiera de nosotros podemos usar para desarrollarnos a nosotros mismos- no solo para arreglar a personas con problemas.<\/p>\n<h3>\u00bfCuales son los primeros pasos?<\/h3>\n<p>Buscar un compa\u00f1ero o colega quien este interesado en entrenar con usted.<\/p>\n<p>Decida cual computadora(s) usar\u00e1 para brain-training.<\/p>\n<p><a href=\"\/?page_id=11841\">Escoja el paquete<\/a>\u00a0que satisfaga sus necesidades y haga su orden en l\u00ednea.<\/p>\n<p>Est\u00e9 atento a sus correos electr\u00f3nicos con enlaces y descargue sus productos de software a la computadora que seleccion\u00f3.<\/p>\n<p>Programe su primera sesi\u00f3n de tutor\u00eda, verifique su instalaci\u00f3n y comience a trabajar.<\/p>\n<h3>\u00bfBrain-Trainer tiene opciones del desarrollo adicionales?<\/h3>\n<p>Empiece entrenando su propio cerebro y los de su clientes seleccionados. Aprenda qu\u00e9 hacer y c\u00f3mo hacerlo primero, para que tenga experiencia pr\u00e1ctica ayudando a cambiar cerebros. Cuando est\u00e9 seguro, puede decidir que quiere aprender m\u00e1s acerca de WHY.<\/p>\n<p>El <a href=\"https:\/\/brain-trainer.com\/es\/producto\/paquete-de-certificacion-de-supervision-profesional\/\"> paquete de supervisi\u00f3n de 16 horas<\/a> y\/o nuestros talleres pr\u00e1cticos pueden ser \u00fatiles como un primer paso- especialmente si piensa trabajar con varios clientes.<\/p>\n<p>Brain-Trainer\u00a0<a href=\"https:\/\/brain-trainer.com\/es\/shop\/productos\/entrenamiento\/\">recorded workshops<\/a> tambi\u00e9n puede ayudarle a entender c\u00f3mo miramos los patrones del cerebro y por qu\u00e9. Una vez que haya trabajado con varios cerebros, estos har\u00e1n m\u00e1s sentido.<\/p>\n<p>Nuestro <a href=\"https:\/\/www.youtube.com\/user\/TLCbraintrainer?feature=watch\">Canales do Youtube<\/a> pueden proveer demostraciones espec\u00edficas y detalladas de c\u00f3mo realizar varias habilidades, expandiendo su caja de herramientas.<\/p>\n<div class=\"row\">\n<div class=\"col-xs-6\"><a class=\"btn btn-primary btn-block\" href=\"\/?page_id=11841\">Elija su paquete<\/a><\/div>\n<div class=\"col-xs-6\"><a class=\"btn btn-primary btn-block\" href=\"\/?page_id=8913\">Solicite una consulta<\/a><\/div>\n<\/div>\n<div class=\"spacer\"><\/div>\n<h3>Notas especiales para entrenadores laicos<\/h3>\n<p>Brain-Trainer da la opci\u00f3n a los que no son profesionales de trabajar con un entrenador profesional o entrenamiento en la casa. Para algunos, el problema puede ser claro si ning\u00fan profesional est\u00e1 operando dentro de una distancia razonable o si el costo de trabajar con varios miembros de la familia es prohibitivo. Para otros trabajando con un profesional puede ser la \u00fanica opci\u00f3n viable. El entrenamiento basado en casa requiere un nivel de organizaci\u00f3n y compromiso y que el entrenador y el &#8220;cliente&#8221; no est\u00e9n &#8220;en guerra&#8221; uno con el otro. Si no puede cumplir con estos requisitos, tratando de entrenar en la casa probablemente ser\u00e1 un desperdicio de dinero frustrante. Considere ambas opciones cuidadosamente antes de tomar una decisi\u00f3n. Entrevistar entrenadores en su \u00e1rea que puedan ser de inter\u00e9s. Tenga una idea de sus costos.<\/p>\n<h3>Seleccionando un entrenador profesional<\/h3>\n<p><a href=\"https:\/\/provider.brain-trainer.com\/brain-trainers\">Buscar entrenadores usando el sistema de brain-trainer<\/a>. Ask on <a href=\"https:\/\/groups.yahoo.com\/neo\/groups\/braintrainer\/info\">the braintrainer list<\/a> para entrenadores sugeridos en su \u00e1rea.<\/p>\n<p>Un profesional deseable ha trabajado con varios clientes y una variedad de problemas. Tiene un sistema de escoger el qu\u00e9 y donde entrenar. Profesionales frecuentemente proveen habilidades de apoyo en educaci\u00f3n, consejer\u00eda, entrenando o en otros campos. Pueden traer un punto de vista de afuera, frecuentemente viendo y reflejando problemas o cambios que nosotros no vemos. Un profesional requiere compromiso- pagando, programando, asistiendo sesiones regularmente de entrenamiento, ser responsable. Si la motivaci\u00f3n, compromiso u organizaci\u00f3n son problemas, entrenamiento profesional puede ser la mejor opci\u00f3n.<\/p>\n<h3>Entrenando en casa<\/h3>\n<p>Los paquetes de equipo y software de Brain-trainer han hecho el entrenamiento en casa una opci\u00f3n m\u00e1s viable para muchos- incluso a los que no est\u00e1n orientados tecnol\u00f3gicamente. Los entrenadores en casa reciben el mismo apoyo de tutor\u00eda que los nuevos profesionales y los mismos paquetes con la excepci\u00f3n de los productos de especialidad que usan los profesionales. La calidad del entrenamiento cerebral puede ser igual al de un profesional en muchos casos.<\/p>\n<p>Familias que lidian con el espectro autista, trastorno de apego reactivo y m\u00e1s problemas comunes de trauma, emocional, problemas de aprendizaje y cognitivos pueden recibir planes de entrenamiento de calidad profesional e implementarlos dentro de una semana de recibir su paquete. El apoyo en l\u00ednea asegura que todo ha sido instalado apropiadamente y est\u00e9 funcionando correctamente.<\/p>\n<p>S\u00ed, es posible que el entrenamiento tome un poco m\u00e1s de tiempo de lo que tomar\u00eda con un entrenador con experiencia, pero la conveniencia lo compensa en muchos casos. Cuando termina su plan de entrenamiento de Whole-Brain, puede decidir continuar el entrenamiento para efectos espec\u00edficos (creatividad, control f\u00edsico, etc.)<\/p>\n<h3>Notas especiales para entrenadores profesionales<\/h3>\n<p>Nuestra filosof\u00eda es que la mejor manera de aprender es haciendo. Usted aprender\u00e1 en su paquete inicial de apoyo a reunir una evaluaci\u00f3n usando su propio equipo y computadora. Si ha comprado el TQ7, usted practicar\u00e1 cargando los datos, removiendo artefactos, produciendo su resumen del cliente y dar seguimiento a las p\u00e1ginas y preparando su primer plan de entrenamiento de Whole-Brain. Despu\u00e9s aprender\u00e1 a hacer una sesi\u00f3n de HEG, leer su plan de entrenamiento e implementarlo con las sesiones iniciales con su compa\u00f1ero y usted mismo. En resumen, usted har\u00e1 cada paso envuelto en entrenar a cualquier cliente que venga a verlo.<\/p>\n<p>Practicando con usted mismo y\/o un colega quien entrena con usted, dentro de varias sesiones aumentara confianza en lo que est\u00e1 haciendo y estar\u00e1 listo para comenzar a entrenar HEG con clientes, seleccion\u00e9 a aquellos que puedan ser candidatos para el entrenamiento EEG, preparar sus evaluaciones y plan de entrenamiento y comience a trabajar con ellos.<\/p>\n<p>Muchos profesionales escogen el <a href=\"https:\/\/brain-trainer.com\/es\/producto\/paquete-de-certificacion-de-supervision-profesional\/\"> paquete de certificaci\u00f3n de brain-trainer<\/a>, el cual provee 16 horas de supervisi\u00f3n en 6 meses. La opci\u00f3n asegura que usted tenga el apoyo y direcci\u00f3n mientras trabaja con varios clientes temprano y entrenarlos durante todo el camino hasta la terminaci\u00f3n. Tambi\u00e9n le hace elegible para convertirse certificado en entrenamiento cerebral y aparecer en nuestro mapa de entrenadores.<\/p>\n<p>Despu\u00e9s de haber visto resultados en su propia vida y en las vidas de los clientes, usted puede decidir que quiere aprender m\u00e1s acerca de las bases te\u00f3ricas del entrenamiento de Whole-Brain. El sitio web de Brain-trainer ofrece varios <a href=\"https:\/\/brain-trainer.com\/es\/shop\/productos\/entrenamiento\/\/workshops\"> talleres en video<\/a> que se tratan temas generales de evaluaci\u00f3n y preguntas espec\u00edficas de entrenamiento.<\/p>\n<p>Brain-trainer es famoso por su apoyo t\u00e9cnico con respuesta r\u00e1pida y accesible cuando tiene problemas con hardware o software. Nuestro sitio web <a href=\"https:\/\/brain-trainer.com\/?page_id=1470\">FAQ pages<\/a> proveen una incre\u00edble y gratuita b\u00fasqueda en base de datos de preguntas de m\u00e1s te\u00f3ricas a muy pr\u00e1cticas. Y participando en nuestro grupo de Yahoo de braintrainer gratuito le da el acceso a las preguntas y respuestas de miles de otros quienes est\u00e1s usando el sistema.<\/p>\n<p>Si tiene preguntas adicionales, programe una consulta hoy, gratuita.<\/p>\n","protected":false},"excerpt":{"rendered":"<p>\u00bfQui\u00e9n puede hacer Neurofeedback? Brain-training es un sistema no invasivo para ense\u00f1arle al cerebro lo que est\u00e1 haciendo, para que pueda cambiar sus propios h\u00e1bitos. Es una herramienta que se puede usar por cualquiera. Cl\u00ednicos alrededor del mundo usan el sistema poderoso de Brain-Trainer como parte de su trabajo con clientes. Padres, educadores, entrenadores e [&hellip;]<\/p>\n","protected":false},"author":45,"featured_media":0,"parent":0,"menu_order":0,"comment_status":"closed","ping_status":"closed","template":"","meta":{"_acf_changed":false,"footnotes":""},"class_list":["post-12993","page","type-page","status-publish","hentry"],"acf":[],"yoast_head":"<!-- This site is optimized with the Yoast SEO plugin v27.3 - https:\/\/yoast.com\/product\/yoast-seo-wordpress\/ -->\n<title>C\u00f3mo ser un entrenador - brain-trainer.com<\/title>\n<meta name=\"description\" content=\"Brain-training is a non-invasive system for showing the brain what it is doing, so it can change its own habits. It is a tool that can be used by anyone.\" \/>\n<meta name=\"robots\" content=\"index, follow, max-snippet:-1, max-image-preview:large, max-video-preview:-1\" \/>\n<link rel=\"canonical\" href=\"https:\/\/brain-trainer.com\/es\/como-ser-un-entrenador\/\" \/>\n<meta property=\"og:locale\" content=\"es_ES\" \/>\n<meta property=\"og:type\" content=\"article\" \/>\n<meta property=\"og:title\" content=\"C\u00f3mo ser un entrenador - brain-trainer.com\" \/>\n<meta property=\"og:description\" content=\"Brain-training is a non-invasive system for showing the brain what it is doing, so it can change its own habits. It is a tool that can be used by anyone.\" \/>\n<meta property=\"og:url\" content=\"https:\/\/brain-trainer.com\/es\/como-ser-un-entrenador\/\" \/>\n<meta property=\"og:site_name\" content=\"brain-trainer.com\" \/>\n<meta property=\"article:publisher\" content=\"https:\/\/www.facebook.com\/BraintrainerU\/\" \/>\n<meta property=\"article:modified_time\" content=\"2018-03-17T15:41:13+00:00\" \/>\n<meta name=\"twitter:label1\" content=\"Tiempo de lectura\" \/>\n\t<meta name=\"twitter:data1\" content=\"8 minutos\" \/>\n<script type=\"application\/ld+json\" class=\"yoast-schema-graph\">{\"@context\":\"https:\\\/\\\/schema.org\",\"@graph\":[{\"@type\":\"WebPage\",\"@id\":\"https:\\\/\\\/brain-trainer.com\\\/es\\\/como-ser-un-entrenador\\\/\",\"url\":\"https:\\\/\\\/brain-trainer.com\\\/es\\\/como-ser-un-entrenador\\\/\",\"name\":\"C\u00f3mo ser un entrenador - brain-trainer.com\",\"isPartOf\":{\"@id\":\"https:\\\/\\\/brain-trainer.com\\\/es\\\/#website\"},\"datePublished\":\"2018-03-09T21:04:15+00:00\",\"dateModified\":\"2018-03-17T15:41:13+00:00\",\"description\":\"Brain-training is a non-invasive system for showing the brain what it is doing, so it can change its own habits. It is a tool that can be used by anyone.\",\"breadcrumb\":{\"@id\":\"https:\\\/\\\/brain-trainer.com\\\/es\\\/como-ser-un-entrenador\\\/#breadcrumb\"},\"inLanguage\":\"es\",\"potentialAction\":[{\"@type\":\"ReadAction\",\"target\":[\"https:\\\/\\\/brain-trainer.com\\\/es\\\/como-ser-un-entrenador\\\/\"]}]},{\"@type\":\"BreadcrumbList\",\"@id\":\"https:\\\/\\\/brain-trainer.com\\\/es\\\/como-ser-un-entrenador\\\/#breadcrumb\",\"itemListElement\":[{\"@type\":\"ListItem\",\"position\":1,\"name\":\"Home\",\"item\":\"https:\\\/\\\/brain-trainer.com\\\/es\\\/\"},{\"@type\":\"ListItem\",\"position\":2,\"name\":\"C\u00f3mo ser un entrenador\"}]},{\"@type\":\"WebSite\",\"@id\":\"https:\\\/\\\/brain-trainer.com\\\/es\\\/#website\",\"url\":\"https:\\\/\\\/brain-trainer.com\\\/es\\\/\",\"name\":\"brain-trainer.com\",\"description\":\"By Trainers, For Trainers\",\"publisher\":{\"@id\":\"https:\\\/\\\/brain-trainer.com\\\/es\\\/#organization\"},\"potentialAction\":[{\"@type\":\"SearchAction\",\"target\":{\"@type\":\"EntryPoint\",\"urlTemplate\":\"https:\\\/\\\/brain-trainer.com\\\/es\\\/?s={search_term_string}\"},\"query-input\":{\"@type\":\"PropertyValueSpecification\",\"valueRequired\":true,\"valueName\":\"search_term_string\"}}],\"inLanguage\":\"es\"},{\"@type\":\"Organization\",\"@id\":\"https:\\\/\\\/brain-trainer.com\\\/es\\\/#organization\",\"name\":\"Brain-Trainer International\",\"url\":\"https:\\\/\\\/brain-trainer.com\\\/es\\\/\",\"logo\":{\"@type\":\"ImageObject\",\"inLanguage\":\"es\",\"@id\":\"https:\\\/\\\/brain-trainer.com\\\/es\\\/#\\\/schema\\\/logo\\\/image\\\/\",\"url\":\"https:\\\/\\\/brain-trainer.com\\\/wp-content\\\/uploads\\\/2015\\\/07\\\/brain-trainer.com-logo.jpg\",\"contentUrl\":\"https:\\\/\\\/brain-trainer.com\\\/wp-content\\\/uploads\\\/2015\\\/07\\\/brain-trainer.com-logo.jpg\",\"width\":384,\"height\":124,\"caption\":\"Brain-Trainer International\"},\"image\":{\"@id\":\"https:\\\/\\\/brain-trainer.com\\\/es\\\/#\\\/schema\\\/logo\\\/image\\\/\"},\"sameAs\":[\"https:\\\/\\\/www.facebook.com\\\/BraintrainerU\\\/\",\"https:\\\/\\\/x.com\\\/BraintrainerU\",\"https:\\\/\\\/www.instagram.com\\\/braintraineru\"]}]}<\/script>\n<!-- \/ Yoast SEO plugin. -->","yoast_head_json":{"title":"C\u00f3mo ser un entrenador - brain-trainer.com","description":"Brain-training is a non-invasive system for showing the brain what it is doing, so it can change its own habits. It is a tool that can be used by anyone.","robots":{"index":"index","follow":"follow","max-snippet":"max-snippet:-1","max-image-preview":"max-image-preview:large","max-video-preview":"max-video-preview:-1"},"canonical":"https:\/\/brain-trainer.com\/es\/como-ser-un-entrenador\/","og_locale":"es_ES","og_type":"article","og_title":"C\u00f3mo ser un entrenador - brain-trainer.com","og_description":"Brain-training is a non-invasive system for showing the brain what it is doing, so it can change its own habits. It is a tool that can be used by anyone.","og_url":"https:\/\/brain-trainer.com\/es\/como-ser-un-entrenador\/","og_site_name":"brain-trainer.com","article_publisher":"https:\/\/www.facebook.com\/BraintrainerU\/","article_modified_time":"2018-03-17T15:41:13+00:00","twitter_misc":{"Tiempo de lectura":"8 minutos"},"schema":{"@context":"https:\/\/schema.org","@graph":[{"@type":"WebPage","@id":"https:\/\/brain-trainer.com\/es\/como-ser-un-entrenador\/","url":"https:\/\/brain-trainer.com\/es\/como-ser-un-entrenador\/","name":"C\u00f3mo ser un entrenador - brain-trainer.com","isPartOf":{"@id":"https:\/\/brain-trainer.com\/es\/#website"},"datePublished":"2018-03-09T21:04:15+00:00","dateModified":"2018-03-17T15:41:13+00:00","description":"Brain-training is a non-invasive system for showing the brain what it is doing, so it can change its own habits. It is a tool that can be used by anyone.","breadcrumb":{"@id":"https:\/\/brain-trainer.com\/es\/como-ser-un-entrenador\/#breadcrumb"},"inLanguage":"es","potentialAction":[{"@type":"ReadAction","target":["https:\/\/brain-trainer.com\/es\/como-ser-un-entrenador\/"]}]},{"@type":"BreadcrumbList","@id":"https:\/\/brain-trainer.com\/es\/como-ser-un-entrenador\/#breadcrumb","itemListElement":[{"@type":"ListItem","position":1,"name":"Home","item":"https:\/\/brain-trainer.com\/es\/"},{"@type":"ListItem","position":2,"name":"C\u00f3mo ser un entrenador"}]},{"@type":"WebSite","@id":"https:\/\/brain-trainer.com\/es\/#website","url":"https:\/\/brain-trainer.com\/es\/","name":"brain-trainer.com","description":"By Trainers, For Trainers","publisher":{"@id":"https:\/\/brain-trainer.com\/es\/#organization"},"potentialAction":[{"@type":"SearchAction","target":{"@type":"EntryPoint","urlTemplate":"https:\/\/brain-trainer.com\/es\/?s={search_term_string}"},"query-input":{"@type":"PropertyValueSpecification","valueRequired":true,"valueName":"search_term_string"}}],"inLanguage":"es"},{"@type":"Organization","@id":"https:\/\/brain-trainer.com\/es\/#organization","name":"Brain-Trainer International","url":"https:\/\/brain-trainer.com\/es\/","logo":{"@type":"ImageObject","inLanguage":"es","@id":"https:\/\/brain-trainer.com\/es\/#\/schema\/logo\/image\/","url":"https:\/\/brain-trainer.com\/wp-content\/uploads\/2015\/07\/brain-trainer.com-logo.jpg","contentUrl":"https:\/\/brain-trainer.com\/wp-content\/uploads\/2015\/07\/brain-trainer.com-logo.jpg","width":384,"height":124,"caption":"Brain-Trainer International"},"image":{"@id":"https:\/\/brain-trainer.com\/es\/#\/schema\/logo\/image\/"},"sameAs":["https:\/\/www.facebook.com\/BraintrainerU\/","https:\/\/x.com\/BraintrainerU","https:\/\/www.instagram.com\/braintraineru"]}]}},"_links":{"self":[{"href":"https:\/\/brain-trainer.com\/es\/wp-json\/wp\/v2\/pages\/12993","targetHints":{"allow":["GET"]}}],"collection":[{"href":"https:\/\/brain-trainer.com\/es\/wp-json\/wp\/v2\/pages"}],"about":[{"href":"https:\/\/brain-trainer.com\/es\/wp-json\/wp\/v2\/types\/page"}],"author":[{"embeddable":true,"href":"https:\/\/brain-trainer.com\/es\/wp-json\/wp\/v2\/users\/45"}],"replies":[{"embeddable":true,"href":"https:\/\/brain-trainer.com\/es\/wp-json\/wp\/v2\/comments?post=12993"}],"version-history":[{"count":6,"href":"https:\/\/brain-trainer.com\/es\/wp-json\/wp\/v2\/pages\/12993\/revisions"}],"predecessor-version":[{"id":13306,"href":"https:\/\/brain-trainer.com\/es\/wp-json\/wp\/v2\/pages\/12993\/revisions\/13306"}],"wp:attachment":[{"href":"https:\/\/brain-trainer.com\/es\/wp-json\/wp\/v2\/media?parent=12993"}],"curies":[{"name":"wp","href":"https:\/\/api.w.org\/{rel}","templated":true}]}}