{"id":13045,"date":"2018-03-13T07:19:18","date_gmt":"2018-03-13T11:19:18","guid":{"rendered":"https:\/\/brain-trainer.com\/reporte-de-cliente-de-trainers-q\/"},"modified":"2018-03-17T11:06:03","modified_gmt":"2018-03-17T15:06:03","slug":"reporte-de-cliente-de-trainers-q","status":"publish","type":"page","link":"https:\/\/brain-trainer.com\/es\/sobre\/reporte-de-cliente-de-trainers-q\/","title":{"rendered":"Reporte de cliente de Trainer&#8217;s Q"},"content":{"rendered":"<div>    <form role=\"search\" method=\"get\" class=\"custom-search-form\" action=\"https:\/\/brain-trainer.com\/es\/\">\r\n        <input type=\"search\" class=\"search-field\" placeholder=\"Buscar &hellip;\" value=\"\" name=\"s\" \/>\r\n        <select name=\"post_type\">\r\n            <option value=\"\"  selected='selected'>All<\/option>\r\n            <option value=\"post\">Blog Posts<\/option><option value=\"page\">Site Pages<\/option><option value=\"answer\">Answers<\/option><option value=\"support\">Support Resources<\/option><option value=\"product\">Products<\/option>        <\/select>\r\n        <button type=\"submit\" class=\"search-submit\">Buscar<\/button>\r\n    <\/form>\r\n    <\/div>\n<p>El reporte de cliente en l\u00ednea es un cuestionario subjetivo que re\u00fane informaci\u00f3n personal acerca del cliente y problemas que el cliente pueda querer dirigir en el proceso de brain-training. \u00a0El reporte es descargado y cargado en el Trainer&#8217;s Q junto con los archivos de informaci\u00f3n de EEG.<\/p>\n<p>Algunos problemas informar\u00e1 al plan de entrenamiento de Whole-Brain de protocolos de entrenamiento de neurofeedback espec\u00edficos que se han encontrado \u00fatiles para ciertos problemas.<\/p>\n<p>Los problemas son clasificados de acuerdo al nivel de severidad y est\u00e1n listados en el Trainer&#8217;s Q para dar seguimiento a la selecci\u00f3n. \u00a0El cambio a trav\u00e9s del tiempo es grabado y visto dentro del Trainer&#8217;s Q. Un reporte es completado antes del entrenamiento y tambi\u00e9n despu\u00e9s del entrenamiento para que se pueda hacer un a comparaci\u00f3n entre categor\u00edas antes y despu\u00e9s del entrenamiento al igual que problemas individuales.<\/p>\n<p>Los entrenadores pueden crear un perfil, invitar a aprendices a completar un reporte y verlo y manejar reportes en l\u00ednea en nuestra \u00e1rea de proveedores.<\/p>\n","protected":false},"excerpt":{"rendered":"<p>El reporte de cliente en l\u00ednea es un cuestionario subjetivo que re\u00fane informaci\u00f3n personal acerca del cliente y problemas que el cliente pueda querer dirigir en el proceso de brain-training. \u00a0El reporte es descargado y cargado en el Trainer&#8217;s Q junto con los archivos de informaci\u00f3n de EEG. Algunos problemas informar\u00e1 al plan de entrenamiento [&hellip;]<\/p>\n","protected":false},"author":112,"featured_media":0,"parent":13088,"menu_order":0,"comment_status":"closed","ping_status":"closed","template":"","meta":{"_acf_changed":false,"footnotes":""},"class_list":["post-13045","page","type-page","status-publish","hentry"],"acf":[],"yoast_head":"<!-- This site is optimized with the Yoast SEO plugin v27.3 - https:\/\/yoast.com\/product\/yoast-seo-wordpress\/ -->\n<title>Reporte de cliente de Trainer&#039;s Q - brain-trainer.com<\/title>\n<meta name=\"robots\" content=\"index, follow, max-snippet:-1, max-image-preview:large, max-video-preview:-1\" \/>\n<link rel=\"canonical\" href=\"https:\/\/brain-trainer.com\/es\/sobre\/reporte-de-cliente-de-trainers-q\/\" \/>\n<meta property=\"og:locale\" content=\"es_ES\" \/>\n<meta property=\"og:type\" content=\"article\" \/>\n<meta property=\"og:title\" content=\"Reporte de cliente de Trainer&#039;s Q - brain-trainer.com\" \/>\n<meta property=\"og:description\" content=\"El reporte de cliente en l\u00ednea es un cuestionario subjetivo que re\u00fane informaci\u00f3n personal acerca del cliente y problemas que el cliente pueda querer dirigir en el proceso de brain-training. \u00a0El reporte es descargado y cargado en el Trainer&#8217;s Q junto con los archivos de informaci\u00f3n de EEG. Algunos problemas informar\u00e1 al plan de entrenamiento [&hellip;]\" \/>\n<meta property=\"og:url\" content=\"https:\/\/brain-trainer.com\/es\/sobre\/reporte-de-cliente-de-trainers-q\/\" \/>\n<meta property=\"og:site_name\" content=\"brain-trainer.com\" \/>\n<meta property=\"article:publisher\" content=\"https:\/\/www.facebook.com\/BraintrainerU\/\" \/>\n<meta property=\"article:modified_time\" content=\"2018-03-17T15:06:03+00:00\" \/>\n<meta name=\"twitter:label1\" content=\"Tiempo de lectura\" \/>\n\t<meta name=\"twitter:data1\" content=\"1 minuto\" \/>\n<script type=\"application\/ld+json\" class=\"yoast-schema-graph\">{\"@context\":\"https:\\\/\\\/schema.org\",\"@graph\":[{\"@type\":\"WebPage\",\"@id\":\"https:\\\/\\\/brain-trainer.com\\\/es\\\/sobre\\\/reporte-de-cliente-de-trainers-q\\\/\",\"url\":\"https:\\\/\\\/brain-trainer.com\\\/es\\\/sobre\\\/reporte-de-cliente-de-trainers-q\\\/\",\"name\":\"Reporte de cliente de Trainer's Q - brain-trainer.com\",\"isPartOf\":{\"@id\":\"https:\\\/\\\/brain-trainer.com\\\/es\\\/#website\"},\"datePublished\":\"2018-03-13T11:19:18+00:00\",\"dateModified\":\"2018-03-17T15:06:03+00:00\",\"breadcrumb\":{\"@id\":\"https:\\\/\\\/brain-trainer.com\\\/es\\\/sobre\\\/reporte-de-cliente-de-trainers-q\\\/#breadcrumb\"},\"inLanguage\":\"es\",\"potentialAction\":[{\"@type\":\"ReadAction\",\"target\":[\"https:\\\/\\\/brain-trainer.com\\\/es\\\/sobre\\\/reporte-de-cliente-de-trainers-q\\\/\"]}]},{\"@type\":\"BreadcrumbList\",\"@id\":\"https:\\\/\\\/brain-trainer.com\\\/es\\\/sobre\\\/reporte-de-cliente-de-trainers-q\\\/#breadcrumb\",\"itemListElement\":[{\"@type\":\"ListItem\",\"position\":1,\"name\":\"Home\",\"item\":\"https:\\\/\\\/brain-trainer.com\\\/es\\\/\"},{\"@type\":\"ListItem\",\"position\":2,\"name\":\"Sobre\",\"item\":\"https:\\\/\\\/brain-trainer.com\\\/es\\\/sobre\\\/\"},{\"@type\":\"ListItem\",\"position\":3,\"name\":\"Reporte de cliente de Trainer&#8217;s Q\"}]},{\"@type\":\"WebSite\",\"@id\":\"https:\\\/\\\/brain-trainer.com\\\/es\\\/#website\",\"url\":\"https:\\\/\\\/brain-trainer.com\\\/es\\\/\",\"name\":\"brain-trainer.com\",\"description\":\"By Trainers, For Trainers\",\"publisher\":{\"@id\":\"https:\\\/\\\/brain-trainer.com\\\/es\\\/#organization\"},\"potentialAction\":[{\"@type\":\"SearchAction\",\"target\":{\"@type\":\"EntryPoint\",\"urlTemplate\":\"https:\\\/\\\/brain-trainer.com\\\/es\\\/?s={search_term_string}\"},\"query-input\":{\"@type\":\"PropertyValueSpecification\",\"valueRequired\":true,\"valueName\":\"search_term_string\"}}],\"inLanguage\":\"es\"},{\"@type\":\"Organization\",\"@id\":\"https:\\\/\\\/brain-trainer.com\\\/es\\\/#organization\",\"name\":\"Brain-Trainer International\",\"url\":\"https:\\\/\\\/brain-trainer.com\\\/es\\\/\",\"logo\":{\"@type\":\"ImageObject\",\"inLanguage\":\"es\",\"@id\":\"https:\\\/\\\/brain-trainer.com\\\/es\\\/#\\\/schema\\\/logo\\\/image\\\/\",\"url\":\"https:\\\/\\\/brain-trainer.com\\\/wp-content\\\/uploads\\\/2015\\\/07\\\/brain-trainer.com-logo.jpg\",\"contentUrl\":\"https:\\\/\\\/brain-trainer.com\\\/wp-content\\\/uploads\\\/2015\\\/07\\\/brain-trainer.com-logo.jpg\",\"width\":384,\"height\":124,\"caption\":\"Brain-Trainer International\"},\"image\":{\"@id\":\"https:\\\/\\\/brain-trainer.com\\\/es\\\/#\\\/schema\\\/logo\\\/image\\\/\"},\"sameAs\":[\"https:\\\/\\\/www.facebook.com\\\/BraintrainerU\\\/\",\"https:\\\/\\\/x.com\\\/BraintrainerU\",\"https:\\\/\\\/www.instagram.com\\\/braintraineru\"]}]}<\/script>\n<!-- \/ Yoast SEO plugin. -->","yoast_head_json":{"title":"Reporte de cliente de Trainer's Q - brain-trainer.com","robots":{"index":"index","follow":"follow","max-snippet":"max-snippet:-1","max-image-preview":"max-image-preview:large","max-video-preview":"max-video-preview:-1"},"canonical":"https:\/\/brain-trainer.com\/es\/sobre\/reporte-de-cliente-de-trainers-q\/","og_locale":"es_ES","og_type":"article","og_title":"Reporte de cliente de Trainer's Q - brain-trainer.com","og_description":"El reporte de cliente en l\u00ednea es un cuestionario subjetivo que re\u00fane informaci\u00f3n personal acerca del cliente y problemas que el cliente pueda querer dirigir en el proceso de brain-training. \u00a0El reporte es descargado y cargado en el Trainer&#8217;s Q junto con los archivos de informaci\u00f3n de EEG. Algunos problemas informar\u00e1 al plan de entrenamiento [&hellip;]","og_url":"https:\/\/brain-trainer.com\/es\/sobre\/reporte-de-cliente-de-trainers-q\/","og_site_name":"brain-trainer.com","article_publisher":"https:\/\/www.facebook.com\/BraintrainerU\/","article_modified_time":"2018-03-17T15:06:03+00:00","twitter_misc":{"Tiempo de lectura":"1 minuto"},"schema":{"@context":"https:\/\/schema.org","@graph":[{"@type":"WebPage","@id":"https:\/\/brain-trainer.com\/es\/sobre\/reporte-de-cliente-de-trainers-q\/","url":"https:\/\/brain-trainer.com\/es\/sobre\/reporte-de-cliente-de-trainers-q\/","name":"Reporte de cliente de Trainer's Q - brain-trainer.com","isPartOf":{"@id":"https:\/\/brain-trainer.com\/es\/#website"},"datePublished":"2018-03-13T11:19:18+00:00","dateModified":"2018-03-17T15:06:03+00:00","breadcrumb":{"@id":"https:\/\/brain-trainer.com\/es\/sobre\/reporte-de-cliente-de-trainers-q\/#breadcrumb"},"inLanguage":"es","potentialAction":[{"@type":"ReadAction","target":["https:\/\/brain-trainer.com\/es\/sobre\/reporte-de-cliente-de-trainers-q\/"]}]},{"@type":"BreadcrumbList","@id":"https:\/\/brain-trainer.com\/es\/sobre\/reporte-de-cliente-de-trainers-q\/#breadcrumb","itemListElement":[{"@type":"ListItem","position":1,"name":"Home","item":"https:\/\/brain-trainer.com\/es\/"},{"@type":"ListItem","position":2,"name":"Sobre","item":"https:\/\/brain-trainer.com\/es\/sobre\/"},{"@type":"ListItem","position":3,"name":"Reporte de cliente de Trainer&#8217;s Q"}]},{"@type":"WebSite","@id":"https:\/\/brain-trainer.com\/es\/#website","url":"https:\/\/brain-trainer.com\/es\/","name":"brain-trainer.com","description":"By Trainers, For Trainers","publisher":{"@id":"https:\/\/brain-trainer.com\/es\/#organization"},"potentialAction":[{"@type":"SearchAction","target":{"@type":"EntryPoint","urlTemplate":"https:\/\/brain-trainer.com\/es\/?s={search_term_string}"},"query-input":{"@type":"PropertyValueSpecification","valueRequired":true,"valueName":"search_term_string"}}],"inLanguage":"es"},{"@type":"Organization","@id":"https:\/\/brain-trainer.com\/es\/#organization","name":"Brain-Trainer International","url":"https:\/\/brain-trainer.com\/es\/","logo":{"@type":"ImageObject","inLanguage":"es","@id":"https:\/\/brain-trainer.com\/es\/#\/schema\/logo\/image\/","url":"https:\/\/brain-trainer.com\/wp-content\/uploads\/2015\/07\/brain-trainer.com-logo.jpg","contentUrl":"https:\/\/brain-trainer.com\/wp-content\/uploads\/2015\/07\/brain-trainer.com-logo.jpg","width":384,"height":124,"caption":"Brain-Trainer International"},"image":{"@id":"https:\/\/brain-trainer.com\/es\/#\/schema\/logo\/image\/"},"sameAs":["https:\/\/www.facebook.com\/BraintrainerU\/","https:\/\/x.com\/BraintrainerU","https:\/\/www.instagram.com\/braintraineru"]}]}},"_links":{"self":[{"href":"https:\/\/brain-trainer.com\/es\/wp-json\/wp\/v2\/pages\/13045","targetHints":{"allow":["GET"]}}],"collection":[{"href":"https:\/\/brain-trainer.com\/es\/wp-json\/wp\/v2\/pages"}],"about":[{"href":"https:\/\/brain-trainer.com\/es\/wp-json\/wp\/v2\/types\/page"}],"author":[{"embeddable":true,"href":"https:\/\/brain-trainer.com\/es\/wp-json\/wp\/v2\/users\/112"}],"replies":[{"embeddable":true,"href":"https:\/\/brain-trainer.com\/es\/wp-json\/wp\/v2\/comments?post=13045"}],"version-history":[{"count":2,"href":"https:\/\/brain-trainer.com\/es\/wp-json\/wp\/v2\/pages\/13045\/revisions"}],"predecessor-version":[{"id":13303,"href":"https:\/\/brain-trainer.com\/es\/wp-json\/wp\/v2\/pages\/13045\/revisions\/13303"}],"up":[{"embeddable":true,"href":"https:\/\/brain-trainer.com\/es\/wp-json\/wp\/v2\/pages\/13088"}],"wp:attachment":[{"href":"https:\/\/brain-trainer.com\/es\/wp-json\/wp\/v2\/media?parent=13045"}],"curies":[{"name":"wp","href":"https:\/\/api.w.org\/{rel}","templated":true}]}}