{"id":13075,"date":"2018-03-13T16:52:30","date_gmt":"2018-03-13T20:52:30","guid":{"rendered":"https:\/\/brain-trainer.com\/?page_id=13075"},"modified":"2024-03-31T07:59:08","modified_gmt":"2024-03-31T11:59:08","slug":"tq7-q-de-entrenadores","status":"publish","type":"page","link":"https:\/\/brain-trainer.com\/es\/sobre\/tq7-q-de-entrenadores\/","title":{"rendered":"TQ7 &#8211; Q de entrenadores"},"content":{"rendered":"<div class=\"col-md-8\">\n<div>    <form role=\"search\" method=\"get\" class=\"custom-search-form\" action=\"https:\/\/brain-trainer.com\/es\/\">\r\n        <input type=\"search\" class=\"search-field\" placeholder=\"Buscar &hellip;\" value=\"\" name=\"s\" \/>\r\n        <select name=\"post_type\">\r\n            <option value=\"\"  selected='selected'>All<\/option>\r\n            <option value=\"post\">Blog Posts<\/option><option value=\"page\">Site Pages<\/option><option value=\"answer\">Answers<\/option><option value=\"support\">Support Resources<\/option><option value=\"product\">Products<\/option>        <\/select>\r\n        <button type=\"submit\" class=\"search-submit\">Buscar<\/button>\r\n    <\/form>\r\n    <\/div>\n<div>\n<h2><span id=\"result_box\" class=\"\" lang=\"es\"><span class=\"\">El sistema de evaluaci\u00f3n de Brain-Trainer<\/span><\/span><\/h2>\n<h3><span id=\"result_box\" class=\"\" lang=\"es\"><span class=\"\">El problema de evaluaci\u00f3n<\/span><\/span><\/h3>\n<p>Tratando de describir un sistema din\u00e1mico, complejo ca\u00f3tico como un cerebro con n\u00fameros est\u00e1ticos es como tratar de describir una puesta del sol de 30 minutos en una instant\u00e1nea. A\u00fan, entrenamiento de neurofeedback basado en el cerebro es, en nuestra experiencia, la mejor manera de maximizar la efectividad mientras minimizando respuestas negativas. Por esa raz\u00f3n, TQ7 de Brain-Trainer ofrece un QEEG completo (cuantitativo EEG) para determinar el que y donde entrenar.<\/p>\n<h3><span id=\"result_box\" class=\"short_text\" lang=\"es\"><span class=\"\">\u00bfQu\u00e9 es un<\/span><\/span> QEEG?<\/h3>\n<p>QEEG graba datos de 20 o m\u00e1s sitios est\u00e1ndares de EEG en la cabeza. Esto se hace mientras los ojos est\u00e1n cerrados, ojos abierto y condiciones de trabajo. El resultado es una foto de c\u00f3mo la activaci\u00f3n del cerebro cambia del descanso a alerta a estados de procesamiento activo. El Q remueve &#8220;artefactos&#8221; (se\u00f1ales el\u00e9ctricas en el EEG las cuales no vienen del cerebro) y presenta los datos en termino de las medidas principales de la actividad del cerebro: frecuencia, amplitud, estabilidad y conectividad.<\/p>\n<p>Cualquier sistema de QEEG realiza estas funciones b\u00e1sicas. La mayor\u00eda usa un tipo de Electro-Cap para acelerar la conexi\u00f3n y grabaci\u00f3n. La mayor\u00eda tienen un tipo de rutina de artefacto tambi\u00e9n. Idealmente los datos son grabados, limpiados y descargados en menos de 30 minutos.<\/p>\n<h3><span id=\"result_box\" class=\"short_text\" lang=\"es\"><span class=\"alt-edited\">La comprensi\u00f3n de los Datos<\/span><\/span><\/h3>\n<p>Hay dos enfoques principales para mirar todos estos datos:<\/p>\n<p><strong>Population-based<\/strong>: Compara cientos de medidas del cliente contra la base de datos de personas grabadas en los \u00faltimos 30 a\u00f1os para producir docenas de &#8220;z-scores&#8221; &#8211; medidas espec\u00edficas en \u00e1reas espec\u00edficas del cerebro del cliente que difiere del &#8220;promedio&#8221;. Si estas diferencias son positivas o negativas, adaptadas o mal-adaptadas no est\u00e1 claro.<\/p>\n<p><strong>Pattern-based<\/strong>: Identifica patrones estables de activaci\u00f3n que han sido conectados en estudios de QEEG a las areas de problemas en la vida de la persona. Estos fueron desarrollados comparando personas con problemas de entrenamiento espec\u00edficos (ejemplo: ansiedad, ADHD) contra la poblaci\u00f3n para ver donde ellos difieren de manera fiable. Si un patr\u00f3n presente en el cerebro del cliente es consistente con las metas de entrenamiento, entrenando para cambiar el patr\u00f3n se puede esperar de cambiar el modo, comportamiento, desempe\u00f1o o s\u00edntoma.<\/p>\n<h3>La importancia de artefactos<\/h3>\n<p><em>Fuertemente recomendamos que TODOS los datos de las sesiones sean artefactos antes de ser procesados por la evaluaci\u00f3n de TQ7. <\/em><\/p>\n<p>La grabaci\u00f3n de EEG tiene el potencial de grabar puntas afiladas en amplitud, las cuales son usualmente relacionadas a parpadeas de los ojos, movimientos de los m\u00fasculos u otras fuentes no relacionadas con el cerebro. Solo si remueve la actividad de artefacto, tendr\u00e1 una imagen precisa del EEG del aprendiz y podr\u00e1 tomar buenas decisiones de entrenamiento.<\/p>\n<p>Usted tiene varias opciones para hacer artefactos, dependiendo en el software que est\u00e9 usando y cuanto de eso quiera hacerlo usted mismo.<\/p>\n<h3>TQ7\u2014Trainer\u2019s Q<\/h3>\n<p>En Brain-Trainer creemos que &#8220;menos es m\u00e1s&#8221;. QEEG&#8217;s basados en poblaci\u00f3n son geniales para estudios, pero cuestan m\u00e1s, toman m\u00e1s tiempo y no se enfocan en sus preguntas pr\u00e1cticas. No pueden distinguir entre varianzas \u00fatiles y problem\u00e1ticas, entonces arriesgan entrenando m\u00e1s abajo de las fortalezas del cliente. Salt\u00e1ndose la base de datos, el TQ7 deja fuera monta\u00f1as de datos y el enfoque en &#8220;promedio&#8221; para identificar aquellas tendencias relacionadas a las mentas de entrenamiento. \u00a1Usted puede reunir, hacer artefactos y descargar los datos de m\u00e1s de 20 sitios en 25 minutos y producir un plan de entrenamiento de Whole-Brain y un resumen de patrones del cliente dentro de 3-5 m\u00e1s! Hay menos datos innecesarios, menos posibilidad de respuesta negativa, menos proceso de retrasos y cargos. \u00a1Eso quiere decir m\u00e1s enfoque en problemas de entrenamiento cr\u00edtico, m\u00e1s inmediatamente, y m\u00e1s costo efectivo en un sistema de entrenamiento completo, de evaluaci\u00f3n integrada que deja $4,000-$8,000 M\u00c1S en su bolsillo!<br \/>\n<em><span id=\"result_box\" class=\"\" lang=\"es\"><span class=\"\">Si va a trabajar con varios clientes<\/span><\/span>, el <a title=\"TQ7 Trainer's Q with AutoPlan\" href=\"https:\/\/brain-trainer.com\/es\/?post_type=product&#038;p=12356\" target=\"_blank\" rel=\"noopener\">TQ7 Trainer\u2019s Q<\/a> <span id=\"result_box\" class=\"\" lang=\"es\"><span class=\"\">es m\u00e1s r\u00e1pido y m\u00e1s rentable<\/span><\/span>.<\/em><\/p>\n<p>TQ7 funciona con el software de BioExplorer, Infiniti y BioTrace+. Puede ser grabado en 2 o 4 canales a la misma vez. La evaluaci\u00f3n es un instrumento de Excel 2010, el cual normalmente funciona con Excel 2007 o m\u00e1s. Los datos son exportados de el software de EEG e importados a la hoja de spreadsheet.<\/p>\n<h3>Servicio de Plan de entrenamiento de Whole-Brain<\/h3>\n<p>Usted manda los datos de la evaluaci\u00f3n TQ, forma del reporte del cliente, y archivos de la sesi\u00f3n, y los especialistas de evaluaci\u00f3n de TQ har\u00e1n artefactos sus datos, completar el archivo de evaluaci\u00f3n de TQ actual, y desarrollar un plan de entrenamiento.<\/p>\n<p><em>Si piensa hacer menos de 5 planes de entrenamiento, el plan de entrenamiento de Whole-Brain es econ\u00f3mico.<\/em><br \/>\n<!--\n\n\n<h3>TQ7 para Infiniti y Nexus BioTrace+<\/h3>\n\n\nInfiniti y BioTrace+ tienen su propio componente para hacer artefacto, y los guiones le dirigen a trav\u00e9s del proceso mientras usted est\u00e1 grabando. Entonces, usted no necesita una funcionalidad adicional para hacer artefacto.\n\nLa evaluaci\u00f3n para Infiniti funciona con la versi\u00f3n que Fran<span class=\"st\"><em>\u00e7<\/em><\/span>ois Dupont ha desarrollado que permite al aprendiz quien usa el sistema de Infiniti a colectar 18 canales de datos en 3 pases. La evaluaci\u00f3n para BioTrace+ funciona con Nexus 10 para colectar datos para 12 sitios con 2 canales de grabaci\u00f3n.\n\n<strong>Infiniti -<\/strong> Tambi\u00e9n necesitara comprar el CD, <a title=\"Infiniti for Whole-Brain Assessment\" href=\"http:\/\/www.bfe.org\/buy\/1u-infiniti-for-the-learning-curve-tlc-suite-p-115.html\" target=\"_blank\" rel=\"noopener\">Infiniti for The Learning Curve Edition Suite<\/a>, de la Fundaci\u00f3n de biofeedback de Europa. Los CD's ofrecen la implementaci\u00f3n que necesita para reunir y exportar datos del software de Infiniti a la evaluaci\u00f3n de TQ. Pero, la versi\u00f3n actual del CD no exporta los datos de sincron\u00eda que ha sido a\u00f1adido a TQ7.\n\n<strong>NeXus-10\/BioTrace+ -<\/strong> You will need to purchase the <a href=\"https:\/\/brain-trainer.com\/es\/?post_type=product&p=12104\">NeXus-10 to TQ7 Conversion Tool<\/a>. Esto ofrece la implementaci\u00f3n que usted necesita para reunir y exportar datos del software de BioTrace+ a la evaluaci\u00f3n de TQ. Los datos de sincron\u00eda no estar\u00e1n incluidos. --><\/p>\n<p>Si desea nuestra ayuda en desarrollar un plan de entrenamiento basado en la evaluaci\u00f3n, tambi\u00e9n puede usar nuestro<\/p>\n<\/div>\n<\/div>\n","protected":false},"excerpt":{"rendered":"<p>El sistema de evaluaci\u00f3n de Brain-Trainer El problema de evaluaci\u00f3n Tratando de describir un sistema din\u00e1mico, complejo ca\u00f3tico como un cerebro con n\u00fameros est\u00e1ticos es como tratar de describir una puesta del sol de 30 minutos en una instant\u00e1nea. A\u00fan, entrenamiento de neurofeedback basado en el cerebro es, en nuestra experiencia, la mejor manera de [&hellip;]<\/p>\n","protected":false},"author":19,"featured_media":0,"parent":13088,"menu_order":0,"comment_status":"closed","ping_status":"closed","template":"","meta":{"_acf_changed":false,"footnotes":""},"class_list":["post-13075","page","type-page","status-publish","hentry"],"acf":[],"yoast_head":"<!-- This site is optimized with the Yoast SEO plugin v25.9 - https:\/\/yoast.com\/wordpress\/plugins\/seo\/ -->\n<title>TQ7 - Q de entrenadores - brain-trainer.com<\/title>\n<meta name=\"description\" content=\"Evaluaci\u00f3n de TQ de patrones del cerebro - una herramienta pr\u00e1ctica y econ\u00f3mica que permite a los entrenadores del cerebro recibir an\u00e1lisis detallado de relaciones dentro del cerebro\" \/>\n<meta name=\"robots\" content=\"index, follow, max-snippet:-1, max-image-preview:large, max-video-preview:-1\" \/>\n<link rel=\"canonical\" href=\"https:\/\/brain-trainer.com\/es\/sobre\/tq7-q-de-entrenadores\/\" \/>\n<meta property=\"og:locale\" content=\"es_ES\" \/>\n<meta property=\"og:type\" content=\"article\" \/>\n<meta property=\"og:title\" content=\"TQ7 - Q de entrenadores - brain-trainer.com\" \/>\n<meta property=\"og:description\" content=\"Evaluaci\u00f3n de TQ de patrones del cerebro - una herramienta pr\u00e1ctica y econ\u00f3mica que permite a los entrenadores del cerebro recibir an\u00e1lisis detallado de relaciones dentro del cerebro\" \/>\n<meta property=\"og:url\" content=\"https:\/\/brain-trainer.com\/es\/sobre\/tq7-q-de-entrenadores\/\" \/>\n<meta property=\"og:site_name\" content=\"brain-trainer.com\" \/>\n<meta property=\"article:publisher\" content=\"https:\/\/www.facebook.com\/BraintrainerU\/\" \/>\n<meta property=\"article:modified_time\" content=\"2024-03-31T11:59:08+00:00\" \/>\n<meta name=\"twitter:label1\" content=\"Tiempo de lectura\" \/>\n\t<meta name=\"twitter:data1\" content=\"4 minutos\" \/>\n<script type=\"application\/ld+json\" class=\"yoast-schema-graph\">{\"@context\":\"https:\/\/schema.org\",\"@graph\":[{\"@type\":\"WebPage\",\"@id\":\"https:\/\/brain-trainer.com\/es\/sobre\/tq7-q-de-entrenadores\/\",\"url\":\"https:\/\/brain-trainer.com\/es\/sobre\/tq7-q-de-entrenadores\/\",\"name\":\"TQ7 - Q de entrenadores - brain-trainer.com\",\"isPartOf\":{\"@id\":\"https:\/\/brain-trainer.com\/es\/#website\"},\"datePublished\":\"2018-03-13T20:52:30+00:00\",\"dateModified\":\"2024-03-31T11:59:08+00:00\",\"description\":\"Evaluaci\u00f3n de TQ de patrones del cerebro - una herramienta pr\u00e1ctica y econ\u00f3mica que permite a los entrenadores del cerebro recibir an\u00e1lisis detallado de relaciones dentro del cerebro\",\"breadcrumb\":{\"@id\":\"https:\/\/brain-trainer.com\/es\/sobre\/tq7-q-de-entrenadores\/#breadcrumb\"},\"inLanguage\":\"es\",\"potentialAction\":[{\"@type\":\"ReadAction\",\"target\":[\"https:\/\/brain-trainer.com\/es\/sobre\/tq7-q-de-entrenadores\/\"]}]},{\"@type\":\"BreadcrumbList\",\"@id\":\"https:\/\/brain-trainer.com\/es\/sobre\/tq7-q-de-entrenadores\/#breadcrumb\",\"itemListElement\":[{\"@type\":\"ListItem\",\"position\":1,\"name\":\"Home\",\"item\":\"https:\/\/brain-trainer.com\/es\/\"},{\"@type\":\"ListItem\",\"position\":2,\"name\":\"Sobre\",\"item\":\"https:\/\/brain-trainer.com\/es\/sobre\/\"},{\"@type\":\"ListItem\",\"position\":3,\"name\":\"TQ7 &#8211; Q de entrenadores\"}]},{\"@type\":\"WebSite\",\"@id\":\"https:\/\/brain-trainer.com\/es\/#website\",\"url\":\"https:\/\/brain-trainer.com\/es\/\",\"name\":\"brain-trainer.com\",\"description\":\"By Trainers, For Trainers\",\"publisher\":{\"@id\":\"https:\/\/brain-trainer.com\/es\/#organization\"},\"potentialAction\":[{\"@type\":\"SearchAction\",\"target\":{\"@type\":\"EntryPoint\",\"urlTemplate\":\"https:\/\/brain-trainer.com\/es\/?s={search_term_string}\"},\"query-input\":{\"@type\":\"PropertyValueSpecification\",\"valueRequired\":true,\"valueName\":\"search_term_string\"}}],\"inLanguage\":\"es\"},{\"@type\":\"Organization\",\"@id\":\"https:\/\/brain-trainer.com\/es\/#organization\",\"name\":\"Brain-Trainer International\",\"url\":\"https:\/\/brain-trainer.com\/es\/\",\"logo\":{\"@type\":\"ImageObject\",\"inLanguage\":\"es\",\"@id\":\"https:\/\/brain-trainer.com\/es\/#\/schema\/logo\/image\/\",\"url\":\"https:\/\/brain-trainer.com\/wp-content\/uploads\/2015\/07\/brain-trainer.com-logo.jpg\",\"contentUrl\":\"https:\/\/brain-trainer.com\/wp-content\/uploads\/2015\/07\/brain-trainer.com-logo.jpg\",\"width\":384,\"height\":124,\"caption\":\"Brain-Trainer International\"},\"image\":{\"@id\":\"https:\/\/brain-trainer.com\/es\/#\/schema\/logo\/image\/\"},\"sameAs\":[\"https:\/\/www.facebook.com\/BraintrainerU\/\",\"https:\/\/x.com\/BraintrainerU\",\"https:\/\/www.instagram.com\/braintraineru\"]}]}<\/script>\n<!-- \/ Yoast SEO plugin. -->","yoast_head_json":{"title":"TQ7 - Q de entrenadores - brain-trainer.com","description":"Evaluaci\u00f3n de TQ de patrones del cerebro - una herramienta pr\u00e1ctica y econ\u00f3mica que permite a los entrenadores del cerebro recibir an\u00e1lisis detallado de relaciones dentro del cerebro","robots":{"index":"index","follow":"follow","max-snippet":"max-snippet:-1","max-image-preview":"max-image-preview:large","max-video-preview":"max-video-preview:-1"},"canonical":"https:\/\/brain-trainer.com\/es\/sobre\/tq7-q-de-entrenadores\/","og_locale":"es_ES","og_type":"article","og_title":"TQ7 - Q de entrenadores - brain-trainer.com","og_description":"Evaluaci\u00f3n de TQ de patrones del cerebro - una herramienta pr\u00e1ctica y econ\u00f3mica que permite a los entrenadores del cerebro recibir an\u00e1lisis detallado de relaciones dentro del cerebro","og_url":"https:\/\/brain-trainer.com\/es\/sobre\/tq7-q-de-entrenadores\/","og_site_name":"brain-trainer.com","article_publisher":"https:\/\/www.facebook.com\/BraintrainerU\/","article_modified_time":"2024-03-31T11:59:08+00:00","twitter_misc":{"Tiempo de lectura":"4 minutos"},"schema":{"@context":"https:\/\/schema.org","@graph":[{"@type":"WebPage","@id":"https:\/\/brain-trainer.com\/es\/sobre\/tq7-q-de-entrenadores\/","url":"https:\/\/brain-trainer.com\/es\/sobre\/tq7-q-de-entrenadores\/","name":"TQ7 - Q de entrenadores - brain-trainer.com","isPartOf":{"@id":"https:\/\/brain-trainer.com\/es\/#website"},"datePublished":"2018-03-13T20:52:30+00:00","dateModified":"2024-03-31T11:59:08+00:00","description":"Evaluaci\u00f3n de TQ de patrones del cerebro - una herramienta pr\u00e1ctica y econ\u00f3mica que permite a los entrenadores del cerebro recibir an\u00e1lisis detallado de relaciones dentro del cerebro","breadcrumb":{"@id":"https:\/\/brain-trainer.com\/es\/sobre\/tq7-q-de-entrenadores\/#breadcrumb"},"inLanguage":"es","potentialAction":[{"@type":"ReadAction","target":["https:\/\/brain-trainer.com\/es\/sobre\/tq7-q-de-entrenadores\/"]}]},{"@type":"BreadcrumbList","@id":"https:\/\/brain-trainer.com\/es\/sobre\/tq7-q-de-entrenadores\/#breadcrumb","itemListElement":[{"@type":"ListItem","position":1,"name":"Home","item":"https:\/\/brain-trainer.com\/es\/"},{"@type":"ListItem","position":2,"name":"Sobre","item":"https:\/\/brain-trainer.com\/es\/sobre\/"},{"@type":"ListItem","position":3,"name":"TQ7 &#8211; Q de entrenadores"}]},{"@type":"WebSite","@id":"https:\/\/brain-trainer.com\/es\/#website","url":"https:\/\/brain-trainer.com\/es\/","name":"brain-trainer.com","description":"By Trainers, For Trainers","publisher":{"@id":"https:\/\/brain-trainer.com\/es\/#organization"},"potentialAction":[{"@type":"SearchAction","target":{"@type":"EntryPoint","urlTemplate":"https:\/\/brain-trainer.com\/es\/?s={search_term_string}"},"query-input":{"@type":"PropertyValueSpecification","valueRequired":true,"valueName":"search_term_string"}}],"inLanguage":"es"},{"@type":"Organization","@id":"https:\/\/brain-trainer.com\/es\/#organization","name":"Brain-Trainer International","url":"https:\/\/brain-trainer.com\/es\/","logo":{"@type":"ImageObject","inLanguage":"es","@id":"https:\/\/brain-trainer.com\/es\/#\/schema\/logo\/image\/","url":"https:\/\/brain-trainer.com\/wp-content\/uploads\/2015\/07\/brain-trainer.com-logo.jpg","contentUrl":"https:\/\/brain-trainer.com\/wp-content\/uploads\/2015\/07\/brain-trainer.com-logo.jpg","width":384,"height":124,"caption":"Brain-Trainer International"},"image":{"@id":"https:\/\/brain-trainer.com\/es\/#\/schema\/logo\/image\/"},"sameAs":["https:\/\/www.facebook.com\/BraintrainerU\/","https:\/\/x.com\/BraintrainerU","https:\/\/www.instagram.com\/braintraineru"]}]}},"_links":{"self":[{"href":"https:\/\/brain-trainer.com\/es\/wp-json\/wp\/v2\/pages\/13075","targetHints":{"allow":["GET"]}}],"collection":[{"href":"https:\/\/brain-trainer.com\/es\/wp-json\/wp\/v2\/pages"}],"about":[{"href":"https:\/\/brain-trainer.com\/es\/wp-json\/wp\/v2\/types\/page"}],"author":[{"embeddable":true,"href":"https:\/\/brain-trainer.com\/es\/wp-json\/wp\/v2\/users\/19"}],"replies":[{"embeddable":true,"href":"https:\/\/brain-trainer.com\/es\/wp-json\/wp\/v2\/comments?post=13075"}],"version-history":[{"count":7,"href":"https:\/\/brain-trainer.com\/es\/wp-json\/wp\/v2\/pages\/13075\/revisions"}],"predecessor-version":[{"id":38537,"href":"https:\/\/brain-trainer.com\/es\/wp-json\/wp\/v2\/pages\/13075\/revisions\/38537"}],"up":[{"embeddable":true,"href":"https:\/\/brain-trainer.com\/es\/wp-json\/wp\/v2\/pages\/13088"}],"wp:attachment":[{"href":"https:\/\/brain-trainer.com\/es\/wp-json\/wp\/v2\/media?parent=13075"}],"curies":[{"name":"wp","href":"https:\/\/api.w.org\/{rel}","templated":true}]}}