{"id":13092,"date":"2018-03-13T17:10:02","date_gmt":"2018-03-13T21:10:02","guid":{"rendered":"https:\/\/brain-trainer.com\/?page_id=13092"},"modified":"2018-06-26T12:21:52","modified_gmt":"2018-06-26T16:21:52","slug":"para-entrenamiento-laico","status":"publish","type":"page","link":"https:\/\/brain-trainer.com\/es\/para-entrenamiento-laico\/","title":{"rendered":"Para entrenadores lay"},"content":{"rendered":"<p class=\"lead\">Cuando el entrenamiento neurofeedback profesional no es una opci\u00f3n, la orientaci\u00f3n y apoyo de Brain-Trainer puede ser la respuesta.<\/p>\n<div id=\"for-lays-accordion\" class=\"panel-group\" role=\"tablist\" aria-multiselectable=\"true\">\n<div class=\"panel panel-default\">\n<div id=\"headingOne\" class=\"panel-heading\" role=\"tab\">\n<h4 class=\"panel-title\"><a role=\"button\" href=\"#collapseOne\" data-toggle=\"collapse\" data-parent=\"#for-lays-accordion\" aria-expanded=\"true\" aria-controls=\"collapseOne\">Historia del programa basado en el hogar<\/a><\/h4>\n<\/div>\n<div id=\"collapseOne\" class=\"panel-collapse collapse in\" role=\"tabpanel\" aria-labelledby=\"headingOne\">\n<div class=\"panel-body\">\n<div class=\"col-sm-8\">\n<p>Tan temprano como en 1996, brain-trainer estaba apoyando a los entrenadores lay trabajando en el hogar con ellos mismos o sus familias. \u00a0Para el a\u00f1o 2005 est\u00e1bamos apoyando varias redes de entrenamiento en el hogar grandes. Continuamos siendo unos de los pocos proveedores quien hace los mismo recursos disponibles para lay y entrenadores profesionales.<\/p>\n<p>Hemos visto resultados sorprendentes por los entrenadores lay, y tambi\u00e9n hemos visto que el programa de entrenamiento en el hogar no es una buena soluci\u00f3n para todos.<\/p>\n<p>Nuestro enfoque es de asegurarnos que cada entrenador futuro de lay entienda en lo que se est\u00e1n metiendo, cuales van a ser los costos y lo que necesitan para ser exitosos. \u00a0Le ayudaremos a encontrar un profesional si deciden que eso hace m\u00e1s sentido. \u00a0Si no, le apoyaremos para lograr los mejores resultados posibles.<\/p>\n<\/div>\n<div class=\"col-sm-4\"><img decoding=\"async\" class=\"img-responsive\" src=\"https:\/\/brain-trainer.com\/wp-content\/uploads\/2014\/12\/heg-training.jpg\" alt=\"History home-based training\" \/><\/div>\n<\/div>\n<\/div>\n<\/div>\n<div class=\"panel panel-default\">\n<div id=\"headingTwo\" class=\"panel-heading\" role=\"tab\">\n<h4 class=\"panel-title\"><a class=\"collapsed\" role=\"button\" href=\"#collapseTwo\" data-toggle=\"collapse\" data-parent=\"#for-lays-accordion\" aria-expanded=\"false\" aria-controls=\"collapseTwo\">Lo que se necesita para entrenar en el hogar<\/a><\/h4>\n<\/div>\n<div id=\"collapseTwo\" class=\"panel-collapse collapse\" role=\"tabpanel\" aria-labelledby=\"headingTwo\">\n<div class=\"panel-body\">\n<div class=\"col-sm-8\">\n<p>Usted necesitara una computadora que funciona con Windows XP o posterior. \u00a0Puede ser una Mac siempre que haya instalado un programa como BootCamp, que divide el hard drive y le permite instalar Windows en un lado. \u00a0Idealmente tambi\u00e9n tendr\u00e1 una computadora que funciona con Windows XP o posterior, con distracciones m\u00ednimas mientras entrena. La clave mas importante para el \u00e9xito, pero, es lo que llamamos el\u00a0<em>IT<\/em> (entrenador identificado). \u00a0Este puede ser el cliente, un padre o cualquiera quien est\u00e9 organizado y motivado lo suficiente para asegurarse que las sesiones de entrenamiento sucedan regularmente. \u00a0Una sesi\u00f3n cada semana o dos, o 4 en 2 semanas, despu\u00e9s una semana sin nada, etc. es como ir al gimnasio con ese horario. \u00a0No obtendr\u00e1s resultados, se va frustrar, y terminar\u00e1s perdiendo su dinero. \u00a0El IT debe ser alguien quien est\u00e9 c\u00f3modo con computadoras e idealmente alguien quien puede seguir instrucciones. \u00a0Finalmente, el IT NO debe estar activamente en guerra con el cliente objetivo. \u00a0De otra manera, el entrenamiento solo se convierte en otra batalla en la guerra, y no suceder\u00e1. \u00a0Si no puede ofrecer estas cosas, gaste su dinero en un buen entrenador.<\/p>\n<\/div>\n<div class=\"col-sm-4\"><img decoding=\"async\" class=\"img-responsive\" src=\"https:\/\/brain-trainer.com\/wp-content\/uploads\/2014\/12\/home-training.jpg\" alt=\"What it takes to train at home\" \/><\/div>\n<\/div>\n<\/div>\n<\/div>\n<div class=\"panel panel-default\">\n<div id=\"headingThree\" class=\"panel-heading\" role=\"tab\">\n<h4 class=\"panel-title\"><a class=\"collapsed\" role=\"button\" href=\"#collapseThree\" data-toggle=\"collapse\" data-parent=\"#for-lays-accordion\" aria-expanded=\"false\" aria-controls=\"collapseThree\">Cuales son las opciones<\/a><\/h4>\n<\/div>\n<div id=\"collapseThree\" class=\"panel-collapse collapse\" role=\"tabpanel\" aria-labelledby=\"headingThree\">\n<div class=\"panel-body\">\n<div class=\"col-sm-8\">\n<p>Los dos sistemas principales de brain-training que recomendamos son HEG y EEG. HEG es r\u00e1pido y f\u00e1cil para usar y es \u00fatil para problemas de atenci\u00f3n, control de impulso, organizaci\u00f3n, motivaci\u00f3n, estabilidad emocional y claridad, etc. \u00a0Es una buena opci\u00f3n para entrenar casi inmediatamente, sin una evaluaci\u00f3n y en solo 15-20 minutos cada otro d\u00eda.<\/p>\n<p><a title=\"About EEG Training\" href=\"https:\/\/brain-trainer.com\/es\/sobre\/brain-training\/#eeg\" target=\"_blank\" rel=\"noopener\">Entrenamiento EEG \u00a0<\/a>es m\u00e1s complejo para aprender y hacer. \u00a0Hay algunas habilidades b\u00e1sicas para aprender, pero con apoyo que el entrenador lay tiene que reunir los datos para su QEEG y entrenar un plan de whole-brain. \u00a0Para problemas f\u00edsicos como dormir o dolor, para problemas emocionales, trauma, estados meditativos, etc. EEG es una parte importante del entrenamiento. \u00a0Los dos juntos son ideales.<\/p>\n<p>La mayor\u00eda de los profesionales usan todo el paquete. \u00a0Muchos entrenadores del hogar- especialmente aquellos trabajando principalmente en problemas cognitivo del rendimiento mental en cerebros m\u00e1s j\u00f3venes, pueden encontrar que HEG sea todo lo que necesitan. \u00a0Es posible comprar un sistema HEG inicialmente, escogiendo un amplificador con la habilidad de hacer EEG tambi\u00e9n, y despu\u00e9s a\u00f1adir EEG si y cuando desean sin un costo adicional importante.<\/p>\n<\/div>\n<div class=\"col-sm-4\"><img decoding=\"async\" class=\"img-responsive\" src=\"https:\/\/brain-trainer.com\/wp-content\/uploads\/2014\/12\/cap-client-trainingS1160010.jpg\" alt=\"Lay trainer what options\" \/><\/div>\n<\/div>\n<\/div>\n<\/div>\n<div class=\"panel panel-default\">\n<div id=\"headingFour\" class=\"panel-heading\" role=\"tab\">\n<h4 class=\"panel-title\"><a class=\"collapsed\" role=\"button\" href=\"#collapseFour\" data-toggle=\"collapse\" data-parent=\"#for-lays-accordion\" aria-expanded=\"false\" aria-controls=\"collapseFour\">Cuales son los riesgos<\/a><\/h4>\n<\/div>\n<div id=\"collapseFour\" class=\"panel-collapse collapse\" role=\"tabpanel\" aria-labelledby=\"headingFour\">\n<div class=\"panel-body\">\n<div class=\"col-sm-8\">\n<p>Cualquier cosa que tenga el poder de ayudarle a cambiar su cerebro de maneras positivas tambi\u00e9n puede tener resultados negativos. \u00a0Usted puede lastimarse nadando o corriendo o haciendo ejercicios en el gimnasio. \u00a0El enfoque de brain-trainer es de analizar el cerebro en detalle- ver cuales son los patrones de activaci\u00f3n est\u00e1n en su lugar e identificar aquellos que lo m\u00e1s probable pueden bloquear los cambias deseados. \u00a0El plan de entrenamiento de Whole-Brain funciona todos estos en un circuito, para que ning\u00fan sitio solo o sistema est\u00e9 sobre entrenado y el sistema completo cambie. Seguramente una persona puede experimentar una liberaci\u00f3n de emociones durante o despu\u00e9s de una sesi\u00f3n-l\u00e1grimas de ira-como parte de dejar ir de patrones viejos, pero estas respuestas generalmente duran 8-12 horas o menos. \u00a0Y el cliente siempre tiene el derecho de parar un ejercicio si no se siente bien. Regresando al mismo entrenamiento 5 sesiones despu\u00e9s en el pr\u00f3ximo circuito, ese mismo ejercicio puede resultar a ser uno de los m\u00e1s \u00fatiles. \u00a0El enfoque de brain-trainer no &#8220;empuja&#8221; al cerebro, y se enfoca en flexibilidad y estabilidad, por lo tanto es poco probable de resultar en incomodidad o en una respuesta negativa temporaria.<\/p>\n<\/div>\n<div class=\"col-sm-4\"><img decoding=\"async\" class=\"img-responsive\" src=\"https:\/\/brain-trainer.com\/wp-content\/uploads\/2014\/12\/pattern-to-plan.jpg\" alt=\"Lay-trainers What risks\" \/><\/div>\n<\/div>\n<\/div>\n<\/div>\n<div class=\"panel panel-default\">\n<div id=\"headingFive\" class=\"panel-heading\" role=\"tab\">\n<h4 class=\"panel-title\"><a class=\"collapsed\" role=\"button\" href=\"#collapseFive\" data-toggle=\"collapse\" data-parent=\"#for-lays-accordion\" aria-expanded=\"false\" aria-controls=\"collapseFive\">\u00bfC\u00f3mo ayuda el Brain-Trainer?<\/a><\/h4>\n<\/div>\n<div id=\"collapseFive\" class=\"panel-collapse collapse\" role=\"tabpanel\" aria-labelledby=\"headingFive\">\n<div class=\"panel-body\">\n<div class=\"col-sm-8\">\n<p>Su paquete de calidad incluir\u00e1 todo lo que necesita en un sistema integrado para hacer el entrenamiento que desea seguir. Usted no tiene que decidir entre las opciones y averiguar que va junto. \u00a0Ya todo est\u00e1 hecho para usted. \u00a0El paquete tambi\u00e9n incluye nuestro apoyo en l\u00ednea para instalar el sistema en su computadora. \u00a0Paquetes frecuentemente incluyen videos de entrenamiento para ayudarle a desarrollar habilidades b\u00e1sicas al descargar y mir\u00e1ndolos en su casa en la computadora. \u00a0Muchos paquetes tambi\u00e9n incluyen tutor\u00eda, para que tenga uno de nuestros entrenadores disponible cuando hay dudas o preocupaciones- incluso solo preguntas y sugerencias. Nuestra \u00e1rea de FAQ es un recurso notable para ayudarle a aprender m\u00e1s del entrenamiento cerebral en su propio tiempo. \u00a0Nuestro grupo de braintrainer en Yahoo trae m\u00e1s de 2000 colegas a su caja de correo electr\u00f3nico para responder sus preguntas. \u00a0Paquetes de EEG incluyen procesamiento de su TQ y presentaci\u00f3n del circuito de entrenamiento de Whole-Brain para guiar cada paso del camino.\u00a0\n<\/p><\/div>\n<div class=\"col-sm-4\"><img decoding=\"async\" class=\"img-responsive\" src=\"https:\/\/brain-trainer.com\/wp-content\/uploads\/2014\/12\/signature-package-DSCF3905.jpg\" alt=\"Lay-trainers Brain-trainer help\" \/><\/div>\n<\/div>\n<\/div>\n<\/div>\n<div class=\"panel panel-default\">\n<div id=\"headingSix\" class=\"panel-heading\" role=\"tab\">\n<h4 class=\"panel-title\"><a class=\"collapsed\" role=\"button\" href=\"#collapseSix\" data-toggle=\"collapse\" data-parent=\"#for-lays-accordion\" aria-expanded=\"false\" aria-controls=\"collapseSix\">D\u00e9jenos guiarle<\/a><\/h4>\n<\/div>\n<div id=\"collapseSix\" class=\"panel-collapse collapse\" role=\"tabpanel\" aria-labelledby=\"headingSix\">\n<div class=\"panel-body\">\n<div class=\"col-sm-8\">\n<p>Lo que hace el brain-trainer \u00fanico es muy sencillo: Nosotros mismos somos entrenadores.<\/p>\n<p>Hemos estado entrenando cerebros y entrenadores de cerebro por m\u00e1s de 20 a\u00f1os, lidiando con problemas de la vida real que cada entrenador enfrenta. \u00a0Sabemos lo que necesitan los entrenadores, y construimos nuestro servicio y nuestros productos alrededor de eso. \u00a0Nuestro TQ es un QEEG para entrenadores. \u00a0Produce un plan personalizado para cada cliente- sin retrasos, sin cargos. No entrenamos a un promedio. \u00a0El entrenamiento Whole-Brain trabaja los principales patrones identificados del cerebro y sitios en circuitos de 4 a 6 sesiones.<\/p>\n<p>Siempre estamos buscando mejor hardware y software que sea de alta calidad, econ\u00f3mico y poderoso de proveedores de todo el mundo. \u00a0Vendemos los sistemas que nosotros mismos usamos, as\u00ed que puede contar en que recibir\u00e1 lo que necesita para trabajar con cualquier tipo de cliente. \u00a0Y puede contar con nuestro apoyo.<\/p>\n<p>Las herramientas y apoyo que ofrecemos son pr\u00e1cticos, econ\u00f3mico, centrado en el cliente y se enfocan en darles sistemas sofisticados de una manera que f\u00e1cilmente pueda usar. Unase a los miles de entrenadores alrededor de todo el mundo quienes han descubierto lo que significa tener un colega en su esquina.<\/p>\n<p>Esperamos trabajar con usted.<\/p>\n<\/div>\n<div class=\"col-sm-4\"><img decoding=\"async\" class=\"img-responsive\" src=\"https:\/\/brain-trainer.com\/wp-content\/uploads\/2014\/12\/support.jpg\" alt=\"Let us guide you\" \/><\/div>\n<\/div>\n<\/div>\n<\/div>\n<\/div>\n","protected":false},"excerpt":{"rendered":"<p>Cuando el entrenamiento neurofeedback profesional no es una opci\u00f3n, la orientaci\u00f3n y apoyo de Brain-Trainer puede ser la respuesta. Historia del programa basado en el hogar Tan temprano como en 1996, brain-trainer estaba apoyando a los entrenadores lay trabajando en el hogar con ellos mismos o sus familias. \u00a0Para el a\u00f1o 2005 est\u00e1bamos apoyando varias [&hellip;]<\/p>\n","protected":false},"author":45,"featured_media":0,"parent":0,"menu_order":0,"comment_status":"closed","ping_status":"closed","template":"","meta":{"_acf_changed":false,"footnotes":""},"class_list":["post-13092","page","type-page","status-publish","hentry"],"acf":[],"yoast_head":"<!-- This site is optimized with the Yoast SEO plugin v25.9 - https:\/\/yoast.com\/wordpress\/plugins\/seo\/ -->\n<title>Para entrenadores lay - brain-trainer.com<\/title>\n<meta name=\"robots\" content=\"index, follow, max-snippet:-1, max-image-preview:large, max-video-preview:-1\" \/>\n<link rel=\"canonical\" href=\"https:\/\/brain-trainer.com\/es\/para-entrenamiento-laico\/\" \/>\n<meta property=\"og:locale\" content=\"es_ES\" \/>\n<meta property=\"og:type\" content=\"article\" \/>\n<meta property=\"og:title\" content=\"Para entrenadores lay - brain-trainer.com\" \/>\n<meta property=\"og:description\" content=\"Cuando el entrenamiento neurofeedback profesional no es una opci\u00f3n, la orientaci\u00f3n y apoyo de Brain-Trainer puede ser la respuesta. Historia del programa basado en el hogar Tan temprano como en 1996, brain-trainer estaba apoyando a los entrenadores lay trabajando en el hogar con ellos mismos o sus familias. \u00a0Para el a\u00f1o 2005 est\u00e1bamos apoyando varias [&hellip;]\" \/>\n<meta property=\"og:url\" content=\"https:\/\/brain-trainer.com\/es\/para-entrenamiento-laico\/\" \/>\n<meta property=\"og:site_name\" content=\"brain-trainer.com\" \/>\n<meta property=\"article:publisher\" content=\"https:\/\/www.facebook.com\/BraintrainerU\/\" \/>\n<meta property=\"article:modified_time\" content=\"2018-06-26T16:21:52+00:00\" \/>\n<meta property=\"og:image\" content=\"https:\/\/brain-trainer.com\/wp-content\/uploads\/2014\/12\/heg-training.jpg\" \/>\n<meta name=\"twitter:label1\" content=\"Tiempo de lectura\" \/>\n\t<meta name=\"twitter:data1\" content=\"6 minutos\" \/>\n<script type=\"application\/ld+json\" class=\"yoast-schema-graph\">{\"@context\":\"https:\/\/schema.org\",\"@graph\":[{\"@type\":\"WebPage\",\"@id\":\"https:\/\/brain-trainer.com\/es\/para-entrenamiento-laico\/\",\"url\":\"https:\/\/brain-trainer.com\/es\/para-entrenamiento-laico\/\",\"name\":\"Para entrenadores lay - brain-trainer.com\",\"isPartOf\":{\"@id\":\"https:\/\/brain-trainer.com\/es\/#website\"},\"primaryImageOfPage\":{\"@id\":\"https:\/\/brain-trainer.com\/es\/para-entrenamiento-laico\/#primaryimage\"},\"image\":{\"@id\":\"https:\/\/brain-trainer.com\/es\/para-entrenamiento-laico\/#primaryimage\"},\"thumbnailUrl\":\"https:\/\/brain-trainer.com\/wp-content\/uploads\/2014\/12\/heg-training.jpg\",\"datePublished\":\"2018-03-13T21:10:02+00:00\",\"dateModified\":\"2018-06-26T16:21:52+00:00\",\"breadcrumb\":{\"@id\":\"https:\/\/brain-trainer.com\/es\/para-entrenamiento-laico\/#breadcrumb\"},\"inLanguage\":\"es\",\"potentialAction\":[{\"@type\":\"ReadAction\",\"target\":[\"https:\/\/brain-trainer.com\/es\/para-entrenamiento-laico\/\"]}]},{\"@type\":\"ImageObject\",\"inLanguage\":\"es\",\"@id\":\"https:\/\/brain-trainer.com\/es\/para-entrenamiento-laico\/#primaryimage\",\"url\":\"https:\/\/brain-trainer.com\/wp-content\/uploads\/2014\/12\/heg-training.jpg\",\"contentUrl\":\"https:\/\/brain-trainer.com\/wp-content\/uploads\/2014\/12\/heg-training.jpg\"},{\"@type\":\"BreadcrumbList\",\"@id\":\"https:\/\/brain-trainer.com\/es\/para-entrenamiento-laico\/#breadcrumb\",\"itemListElement\":[{\"@type\":\"ListItem\",\"position\":1,\"name\":\"Home\",\"item\":\"https:\/\/brain-trainer.com\/es\/\"},{\"@type\":\"ListItem\",\"position\":2,\"name\":\"Para entrenadores lay\"}]},{\"@type\":\"WebSite\",\"@id\":\"https:\/\/brain-trainer.com\/es\/#website\",\"url\":\"https:\/\/brain-trainer.com\/es\/\",\"name\":\"brain-trainer.com\",\"description\":\"By Trainers, For Trainers\",\"publisher\":{\"@id\":\"https:\/\/brain-trainer.com\/es\/#organization\"},\"potentialAction\":[{\"@type\":\"SearchAction\",\"target\":{\"@type\":\"EntryPoint\",\"urlTemplate\":\"https:\/\/brain-trainer.com\/es\/?s={search_term_string}\"},\"query-input\":{\"@type\":\"PropertyValueSpecification\",\"valueRequired\":true,\"valueName\":\"search_term_string\"}}],\"inLanguage\":\"es\"},{\"@type\":\"Organization\",\"@id\":\"https:\/\/brain-trainer.com\/es\/#organization\",\"name\":\"Brain-Trainer International\",\"url\":\"https:\/\/brain-trainer.com\/es\/\",\"logo\":{\"@type\":\"ImageObject\",\"inLanguage\":\"es\",\"@id\":\"https:\/\/brain-trainer.com\/es\/#\/schema\/logo\/image\/\",\"url\":\"https:\/\/brain-trainer.com\/wp-content\/uploads\/2015\/07\/brain-trainer.com-logo.jpg\",\"contentUrl\":\"https:\/\/brain-trainer.com\/wp-content\/uploads\/2015\/07\/brain-trainer.com-logo.jpg\",\"width\":384,\"height\":124,\"caption\":\"Brain-Trainer International\"},\"image\":{\"@id\":\"https:\/\/brain-trainer.com\/es\/#\/schema\/logo\/image\/\"},\"sameAs\":[\"https:\/\/www.facebook.com\/BraintrainerU\/\",\"https:\/\/x.com\/BraintrainerU\",\"https:\/\/www.instagram.com\/braintraineru\"]}]}<\/script>\n<!-- \/ Yoast SEO plugin. -->","yoast_head_json":{"title":"Para entrenadores lay - brain-trainer.com","robots":{"index":"index","follow":"follow","max-snippet":"max-snippet:-1","max-image-preview":"max-image-preview:large","max-video-preview":"max-video-preview:-1"},"canonical":"https:\/\/brain-trainer.com\/es\/para-entrenamiento-laico\/","og_locale":"es_ES","og_type":"article","og_title":"Para entrenadores lay - brain-trainer.com","og_description":"Cuando el entrenamiento neurofeedback profesional no es una opci\u00f3n, la orientaci\u00f3n y apoyo de Brain-Trainer puede ser la respuesta. Historia del programa basado en el hogar Tan temprano como en 1996, brain-trainer estaba apoyando a los entrenadores lay trabajando en el hogar con ellos mismos o sus familias. \u00a0Para el a\u00f1o 2005 est\u00e1bamos apoyando varias [&hellip;]","og_url":"https:\/\/brain-trainer.com\/es\/para-entrenamiento-laico\/","og_site_name":"brain-trainer.com","article_publisher":"https:\/\/www.facebook.com\/BraintrainerU\/","article_modified_time":"2018-06-26T16:21:52+00:00","og_image":[{"url":"https:\/\/brain-trainer.com\/wp-content\/uploads\/2014\/12\/heg-training.jpg","type":"","width":"","height":""}],"twitter_misc":{"Tiempo de lectura":"6 minutos"},"schema":{"@context":"https:\/\/schema.org","@graph":[{"@type":"WebPage","@id":"https:\/\/brain-trainer.com\/es\/para-entrenamiento-laico\/","url":"https:\/\/brain-trainer.com\/es\/para-entrenamiento-laico\/","name":"Para entrenadores lay - brain-trainer.com","isPartOf":{"@id":"https:\/\/brain-trainer.com\/es\/#website"},"primaryImageOfPage":{"@id":"https:\/\/brain-trainer.com\/es\/para-entrenamiento-laico\/#primaryimage"},"image":{"@id":"https:\/\/brain-trainer.com\/es\/para-entrenamiento-laico\/#primaryimage"},"thumbnailUrl":"https:\/\/brain-trainer.com\/wp-content\/uploads\/2014\/12\/heg-training.jpg","datePublished":"2018-03-13T21:10:02+00:00","dateModified":"2018-06-26T16:21:52+00:00","breadcrumb":{"@id":"https:\/\/brain-trainer.com\/es\/para-entrenamiento-laico\/#breadcrumb"},"inLanguage":"es","potentialAction":[{"@type":"ReadAction","target":["https:\/\/brain-trainer.com\/es\/para-entrenamiento-laico\/"]}]},{"@type":"ImageObject","inLanguage":"es","@id":"https:\/\/brain-trainer.com\/es\/para-entrenamiento-laico\/#primaryimage","url":"https:\/\/brain-trainer.com\/wp-content\/uploads\/2014\/12\/heg-training.jpg","contentUrl":"https:\/\/brain-trainer.com\/wp-content\/uploads\/2014\/12\/heg-training.jpg"},{"@type":"BreadcrumbList","@id":"https:\/\/brain-trainer.com\/es\/para-entrenamiento-laico\/#breadcrumb","itemListElement":[{"@type":"ListItem","position":1,"name":"Home","item":"https:\/\/brain-trainer.com\/es\/"},{"@type":"ListItem","position":2,"name":"Para entrenadores lay"}]},{"@type":"WebSite","@id":"https:\/\/brain-trainer.com\/es\/#website","url":"https:\/\/brain-trainer.com\/es\/","name":"brain-trainer.com","description":"By Trainers, For Trainers","publisher":{"@id":"https:\/\/brain-trainer.com\/es\/#organization"},"potentialAction":[{"@type":"SearchAction","target":{"@type":"EntryPoint","urlTemplate":"https:\/\/brain-trainer.com\/es\/?s={search_term_string}"},"query-input":{"@type":"PropertyValueSpecification","valueRequired":true,"valueName":"search_term_string"}}],"inLanguage":"es"},{"@type":"Organization","@id":"https:\/\/brain-trainer.com\/es\/#organization","name":"Brain-Trainer International","url":"https:\/\/brain-trainer.com\/es\/","logo":{"@type":"ImageObject","inLanguage":"es","@id":"https:\/\/brain-trainer.com\/es\/#\/schema\/logo\/image\/","url":"https:\/\/brain-trainer.com\/wp-content\/uploads\/2015\/07\/brain-trainer.com-logo.jpg","contentUrl":"https:\/\/brain-trainer.com\/wp-content\/uploads\/2015\/07\/brain-trainer.com-logo.jpg","width":384,"height":124,"caption":"Brain-Trainer International"},"image":{"@id":"https:\/\/brain-trainer.com\/es\/#\/schema\/logo\/image\/"},"sameAs":["https:\/\/www.facebook.com\/BraintrainerU\/","https:\/\/x.com\/BraintrainerU","https:\/\/www.instagram.com\/braintraineru"]}]}},"_links":{"self":[{"href":"https:\/\/brain-trainer.com\/es\/wp-json\/wp\/v2\/pages\/13092","targetHints":{"allow":["GET"]}}],"collection":[{"href":"https:\/\/brain-trainer.com\/es\/wp-json\/wp\/v2\/pages"}],"about":[{"href":"https:\/\/brain-trainer.com\/es\/wp-json\/wp\/v2\/types\/page"}],"author":[{"embeddable":true,"href":"https:\/\/brain-trainer.com\/es\/wp-json\/wp\/v2\/users\/45"}],"replies":[{"embeddable":true,"href":"https:\/\/brain-trainer.com\/es\/wp-json\/wp\/v2\/comments?post=13092"}],"version-history":[{"count":8,"href":"https:\/\/brain-trainer.com\/es\/wp-json\/wp\/v2\/pages\/13092\/revisions"}],"predecessor-version":[{"id":14547,"href":"https:\/\/brain-trainer.com\/es\/wp-json\/wp\/v2\/pages\/13092\/revisions\/14547"}],"wp:attachment":[{"href":"https:\/\/brain-trainer.com\/es\/wp-json\/wp\/v2\/media?parent=13092"}],"curies":[{"name":"wp","href":"https:\/\/api.w.org\/{rel}","templated":true}]}}