{"id":13246,"date":"2018-03-16T10:16:15","date_gmt":"2018-03-16T14:16:15","guid":{"rendered":"https:\/\/brain-trainer.com\/?page_id=13246"},"modified":"2025-03-10T17:55:10","modified_gmt":"2025-03-10T21:55:10","slug":"entrenamiento-cerebral-completo","status":"publish","type":"page","link":"https:\/\/brain-trainer.com\/es\/sobre\/entrenamiento-cerebral-completo\/","title":{"rendered":"Plan de entrenamiento Whole-Brain"},"content":{"rendered":"\n<div class=\"wp-block-columns is-layout-flex wp-container-core-columns-is-layout-28f84493 wp-block-columns-is-layout-flex\">\n<div class=\"wp-block-column is-layout-flow wp-block-column-is-layout-flow\" style=\"flex-basis:66.66%\"><form role=\"search\" method=\"get\" action=\"https:\/\/brain-trainer.com\/es\/\" class=\"wp-block-search__button-outside wp-block-search__text-button wp-block-search\"    ><label class=\"wp-block-search__label screen-reader-text\" for=\"wp-block-search__input-1\" >Buscar<\/label><div class=\"wp-block-search__inside-wrapper\" ><input class=\"wp-block-search__input\" id=\"wp-block-search__input-1\" placeholder=\"\" value=\"\" type=\"search\" name=\"s\" required \/><button aria-label=\"Search\" class=\"wp-block-search__button wp-element-button\" type=\"submit\" >Search<\/button><\/div><\/form>\n\n\n<h2 class=\"wp-block-heading\">El plan de Brain-Trainer Whole-Brain Training<\/h2>\n\n\n\n<h3 class=\"wp-block-heading\">El problema de Neurofeedback Training:<\/h3>\n\n\n\n<p>A pesar de c\u00f3mo se hace la evaluaci\u00f3n de EEG, la mayor\u00eda de cerebros muestran multiples \u00e1reas de potencial de entrenamiento neurofeedback en un sistema de patrones enlazados. Los intentos de entrenamiento de Z-score para entrenar todos identificaron sitios\/medidas al promedio de la poblaci\u00f3n. Otros sistemas identifican uno o varios protocolos y sitios para cambiar todo el patron.<\/p>\n\n\n\n<h3 class=\"wp-block-heading\">\u00bfQue es Whole-Brain Training Circuit?<\/h3>\n\n\n\n<p>El plan de entrenamiento de TQ7 define 4-6 sesiones de entrenamiento, cada una enfoc\u00e1ndose en una \u00e1rea espec\u00edfica de entrenamiento. Usted entrena un bloque en cada sesi\u00f3n, pasando por todas antes de comenzar otra vez.<\/p>\n\n\n\n<p>Este enfoque reconoce que los h\u00e1bitos del cerebro son estabilizados por relaciones entrelazadas de patrones de activaci\u00f3n. Es posible cambiarlos entrenando un sitio solo o patr\u00f3n, pero nuestros entrenadores reportan que trabajando todos los resultados relacionados de una manera organizada como el entrenamiento de circuito en un gimnasio- muestra respuestas r\u00e1pidas, estables con m\u00ednimas reacciones negativas.<\/p>\n\n\n\n<h3 class=\"wp-block-heading\">\u00bfQu\u00e9 queremos decir con Whole-Brain?<\/h3>\n\n\n\n<p>El plan de entrenamiento de Whole-Brain cubre sistemas m\u00faltiples: el centro ejecutivo prefrontal, relaciones de simetr\u00eda y conectividad entre los cuatro cuadrantes del cerebro, la corteza sensorial motora, el c\u00edngulo anterior, la red de modo predeterminado y la red de prominencia. Patrones de frecuencia\/amplitud y eficiencia de vinculaci\u00f3n ayudan a identificar problemas principales para hacerse parte del plan de entrenamiento. Tambi\u00e9n responde a picos de amplitud los cuales pueden ser relacionados a lesiones en la cabeza y niveles generalizados de activaci\u00f3n. En muchos planes cada circuito de 4-6 sesiones tambi\u00e9n incluye entrenamiento de rendimiento m\u00e1ximo de estados profundos.<\/p>\n\n\n\n<h3 class=\"wp-block-heading\">\u00bfC\u00f3mo funciona el plan?<\/h3>\n\n\n\n<p>Cada bloque incluye 3-4 segmentos para ser completados en una sesi\u00f3n de una hora. Cada segmento define exactamente donde colocar los electrodos. Identifica un dise\u00f1o de entrenamiento de brain-trainter para ser usado, incluyendo cuales frecuencias para entrenar si es necesario. Tambi\u00e9n, especifica entrenamiento con ojos cerrado u ojos abierto y el periodo de entrenamiento.<\/p>\n\n\n\n<p><img loading=\"lazy\" decoding=\"async\" class=\"\" src=\"https:\/\/brain-trainer.com\/wp-content\/uploads\/2014\/11\/plan_example1.jpg\" alt=\"Whole-Brain Training Plan\" width=\"656\" height=\"175\"><br>Abra el protocolo definido y haga clic para seleccionar las frecuencias, y ya est\u00e1 listo. Usted tiene opciones para feedback en la mayor\u00eda de los protocolos, y m\u00e1s le ayudar\u00e1 a determinar los objetivos de entrenamiento autom\u00e1ticamente- dej\u00e1ndole dar seguimiento y cambiarlos haciendo clic de su rat\u00f3n como usted desee. \u00a1As\u00ed de sencillo!<\/p>\n<\/div>\n\n\n\n<div class=\"wp-block-column is-layout-flow wp-block-column-is-layout-flow\" style=\"flex-basis:33.33%\">\n<h4 class=\"wp-block-heading\">Ordering Your Whole-Brain Training Plan<\/h4>\n\n\n\n<p>Order the <a href=\"https:\/\/brain-trainer.com\/es\/producto\/plan-de-entrenamiento-de-whole-brain\/\">Whole-Brain servicio de plan de entrenamiento<\/a><br>(<em>Si piensa hacer menos de 5 planes de entrenamiento<\/em>)<\/p>\n\n\n\n<p>Ordene el <a href=\"https:\/\/brain-trainer.com\/es\/?post_type=product&#038;p=12356\" target=\"_blank\" rel=\"noreferrer noopener\">TQ7 Trainer&#8217;s Q con AutoPlan<\/a>.<br>(<em>Si va estar trabajando con varios clientes,<br>el Trainer&#8217;s Q es m\u00e1s r\u00e1pido y m\u00e1s econ\u00f3mico<\/em>)<\/p>\n<\/div>\n<\/div>\n\n\n\n<p><\/p>\n","protected":false},"excerpt":{"rendered":"<p>El plan de Brain-Trainer Whole-Brain Training El problema de Neurofeedback Training: A pesar de c\u00f3mo se hace la evaluaci\u00f3n de EEG, la mayor\u00eda de cerebros muestran multiples \u00e1reas de potencial de entrenamiento neurofeedback en un sistema de patrones enlazados. Los intentos de entrenamiento de Z-score para entrenar todos identificaron sitios\/medidas al promedio de la poblaci\u00f3n. [&hellip;]<\/p>\n","protected":false},"author":112,"featured_media":0,"parent":13088,"menu_order":0,"comment_status":"closed","ping_status":"open","template":"","meta":{"_acf_changed":false,"footnotes":""},"class_list":["post-13246","page","type-page","status-publish","hentry"],"acf":[],"yoast_head":"<!-- This site is optimized with the Yoast SEO plugin v27.3 - https:\/\/yoast.com\/product\/yoast-seo-wordpress\/ -->\n<title>Plan de entrenamiento Whole-Brain - brain-trainer.com<\/title>\n<meta name=\"description\" content=\"El plan de entrenamiento de Whole-Brain define 4-6 sesiones de entrenamiento, cada una enfoc\u00e1ndose en una \u00e1rea espec\u00edfica entrenar un bloque en cada sesi\u00f3n, movi\u00e9ndonos a todos\" \/>\n<meta name=\"robots\" content=\"index, follow, max-snippet:-1, max-image-preview:large, max-video-preview:-1\" \/>\n<link rel=\"canonical\" href=\"https:\/\/brain-trainer.com\/es\/sobre\/entrenamiento-cerebral-completo\/\" \/>\n<meta property=\"og:locale\" content=\"es_ES\" \/>\n<meta property=\"og:type\" content=\"article\" \/>\n<meta property=\"og:title\" content=\"Plan de entrenamiento Whole-Brain - brain-trainer.com\" \/>\n<meta property=\"og:description\" content=\"El plan de entrenamiento de Whole-Brain define 4-6 sesiones de entrenamiento, cada una enfoc\u00e1ndose en una \u00e1rea espec\u00edfica entrenar un bloque en cada sesi\u00f3n, movi\u00e9ndonos a todos\" \/>\n<meta property=\"og:url\" content=\"https:\/\/brain-trainer.com\/es\/sobre\/entrenamiento-cerebral-completo\/\" \/>\n<meta property=\"og:site_name\" content=\"brain-trainer.com\" \/>\n<meta property=\"article:publisher\" content=\"https:\/\/www.facebook.com\/BraintrainerU\/\" \/>\n<meta property=\"article:modified_time\" content=\"2025-03-10T21:55:10+00:00\" \/>\n<meta property=\"og:image\" content=\"https:\/\/brain-trainer.com\/wp-content\/uploads\/2014\/11\/plan_example1.jpg\" \/>\n<meta name=\"twitter:label1\" content=\"Tiempo de lectura\" \/>\n\t<meta name=\"twitter:data1\" content=\"3 minutos\" \/>\n<script type=\"application\/ld+json\" class=\"yoast-schema-graph\">{\"@context\":\"https:\\\/\\\/schema.org\",\"@graph\":[{\"@type\":\"WebPage\",\"@id\":\"https:\\\/\\\/brain-trainer.com\\\/es\\\/sobre\\\/entrenamiento-cerebral-completo\\\/\",\"url\":\"https:\\\/\\\/brain-trainer.com\\\/es\\\/sobre\\\/entrenamiento-cerebral-completo\\\/\",\"name\":\"Plan de entrenamiento Whole-Brain - brain-trainer.com\",\"isPartOf\":{\"@id\":\"https:\\\/\\\/brain-trainer.com\\\/es\\\/#website\"},\"primaryImageOfPage\":{\"@id\":\"https:\\\/\\\/brain-trainer.com\\\/es\\\/sobre\\\/entrenamiento-cerebral-completo\\\/#primaryimage\"},\"image\":{\"@id\":\"https:\\\/\\\/brain-trainer.com\\\/es\\\/sobre\\\/entrenamiento-cerebral-completo\\\/#primaryimage\"},\"thumbnailUrl\":\"https:\\\/\\\/brain-trainer.com\\\/wp-content\\\/uploads\\\/2014\\\/11\\\/plan_example1.jpg\",\"datePublished\":\"2018-03-16T14:16:15+00:00\",\"dateModified\":\"2025-03-10T21:55:10+00:00\",\"description\":\"El plan de entrenamiento de Whole-Brain define 4-6 sesiones de entrenamiento, cada una enfoc\u00e1ndose en una \u00e1rea espec\u00edfica entrenar un bloque en cada sesi\u00f3n, movi\u00e9ndonos a todos\",\"breadcrumb\":{\"@id\":\"https:\\\/\\\/brain-trainer.com\\\/es\\\/sobre\\\/entrenamiento-cerebral-completo\\\/#breadcrumb\"},\"inLanguage\":\"es\",\"potentialAction\":[{\"@type\":\"ReadAction\",\"target\":[\"https:\\\/\\\/brain-trainer.com\\\/es\\\/sobre\\\/entrenamiento-cerebral-completo\\\/\"]}]},{\"@type\":\"ImageObject\",\"inLanguage\":\"es\",\"@id\":\"https:\\\/\\\/brain-trainer.com\\\/es\\\/sobre\\\/entrenamiento-cerebral-completo\\\/#primaryimage\",\"url\":\"https:\\\/\\\/brain-trainer.com\\\/wp-content\\\/uploads\\\/2014\\\/11\\\/plan_example1.jpg\",\"contentUrl\":\"https:\\\/\\\/brain-trainer.com\\\/wp-content\\\/uploads\\\/2014\\\/11\\\/plan_example1.jpg\"},{\"@type\":\"BreadcrumbList\",\"@id\":\"https:\\\/\\\/brain-trainer.com\\\/es\\\/sobre\\\/entrenamiento-cerebral-completo\\\/#breadcrumb\",\"itemListElement\":[{\"@type\":\"ListItem\",\"position\":1,\"name\":\"Home\",\"item\":\"https:\\\/\\\/brain-trainer.com\\\/es\\\/\"},{\"@type\":\"ListItem\",\"position\":2,\"name\":\"Sobre\",\"item\":\"https:\\\/\\\/brain-trainer.com\\\/es\\\/sobre\\\/\"},{\"@type\":\"ListItem\",\"position\":3,\"name\":\"Plan de entrenamiento Whole-Brain\"}]},{\"@type\":\"WebSite\",\"@id\":\"https:\\\/\\\/brain-trainer.com\\\/es\\\/#website\",\"url\":\"https:\\\/\\\/brain-trainer.com\\\/es\\\/\",\"name\":\"brain-trainer.com\",\"description\":\"By Trainers, For Trainers\",\"publisher\":{\"@id\":\"https:\\\/\\\/brain-trainer.com\\\/es\\\/#organization\"},\"potentialAction\":[{\"@type\":\"SearchAction\",\"target\":{\"@type\":\"EntryPoint\",\"urlTemplate\":\"https:\\\/\\\/brain-trainer.com\\\/es\\\/?s={search_term_string}\"},\"query-input\":{\"@type\":\"PropertyValueSpecification\",\"valueRequired\":true,\"valueName\":\"search_term_string\"}}],\"inLanguage\":\"es\"},{\"@type\":\"Organization\",\"@id\":\"https:\\\/\\\/brain-trainer.com\\\/es\\\/#organization\",\"name\":\"Brain-Trainer International\",\"url\":\"https:\\\/\\\/brain-trainer.com\\\/es\\\/\",\"logo\":{\"@type\":\"ImageObject\",\"inLanguage\":\"es\",\"@id\":\"https:\\\/\\\/brain-trainer.com\\\/es\\\/#\\\/schema\\\/logo\\\/image\\\/\",\"url\":\"https:\\\/\\\/brain-trainer.com\\\/wp-content\\\/uploads\\\/2015\\\/07\\\/brain-trainer.com-logo.jpg\",\"contentUrl\":\"https:\\\/\\\/brain-trainer.com\\\/wp-content\\\/uploads\\\/2015\\\/07\\\/brain-trainer.com-logo.jpg\",\"width\":384,\"height\":124,\"caption\":\"Brain-Trainer International\"},\"image\":{\"@id\":\"https:\\\/\\\/brain-trainer.com\\\/es\\\/#\\\/schema\\\/logo\\\/image\\\/\"},\"sameAs\":[\"https:\\\/\\\/www.facebook.com\\\/BraintrainerU\\\/\",\"https:\\\/\\\/x.com\\\/BraintrainerU\",\"https:\\\/\\\/www.instagram.com\\\/braintraineru\"]}]}<\/script>\n<!-- \/ Yoast SEO plugin. -->","yoast_head_json":{"title":"Plan de entrenamiento Whole-Brain - brain-trainer.com","description":"El plan de entrenamiento de Whole-Brain define 4-6 sesiones de entrenamiento, cada una enfoc\u00e1ndose en una \u00e1rea espec\u00edfica entrenar un bloque en cada sesi\u00f3n, movi\u00e9ndonos a todos","robots":{"index":"index","follow":"follow","max-snippet":"max-snippet:-1","max-image-preview":"max-image-preview:large","max-video-preview":"max-video-preview:-1"},"canonical":"https:\/\/brain-trainer.com\/es\/sobre\/entrenamiento-cerebral-completo\/","og_locale":"es_ES","og_type":"article","og_title":"Plan de entrenamiento Whole-Brain - brain-trainer.com","og_description":"El plan de entrenamiento de Whole-Brain define 4-6 sesiones de entrenamiento, cada una enfoc\u00e1ndose en una \u00e1rea espec\u00edfica entrenar un bloque en cada sesi\u00f3n, movi\u00e9ndonos a todos","og_url":"https:\/\/brain-trainer.com\/es\/sobre\/entrenamiento-cerebral-completo\/","og_site_name":"brain-trainer.com","article_publisher":"https:\/\/www.facebook.com\/BraintrainerU\/","article_modified_time":"2025-03-10T21:55:10+00:00","og_image":[{"url":"https:\/\/brain-trainer.com\/wp-content\/uploads\/2014\/11\/plan_example1.jpg","type":"","width":"","height":""}],"twitter_misc":{"Tiempo de lectura":"3 minutos"},"schema":{"@context":"https:\/\/schema.org","@graph":[{"@type":"WebPage","@id":"https:\/\/brain-trainer.com\/es\/sobre\/entrenamiento-cerebral-completo\/","url":"https:\/\/brain-trainer.com\/es\/sobre\/entrenamiento-cerebral-completo\/","name":"Plan de entrenamiento Whole-Brain - brain-trainer.com","isPartOf":{"@id":"https:\/\/brain-trainer.com\/es\/#website"},"primaryImageOfPage":{"@id":"https:\/\/brain-trainer.com\/es\/sobre\/entrenamiento-cerebral-completo\/#primaryimage"},"image":{"@id":"https:\/\/brain-trainer.com\/es\/sobre\/entrenamiento-cerebral-completo\/#primaryimage"},"thumbnailUrl":"https:\/\/brain-trainer.com\/wp-content\/uploads\/2014\/11\/plan_example1.jpg","datePublished":"2018-03-16T14:16:15+00:00","dateModified":"2025-03-10T21:55:10+00:00","description":"El plan de entrenamiento de Whole-Brain define 4-6 sesiones de entrenamiento, cada una enfoc\u00e1ndose en una \u00e1rea espec\u00edfica entrenar un bloque en cada sesi\u00f3n, movi\u00e9ndonos a todos","breadcrumb":{"@id":"https:\/\/brain-trainer.com\/es\/sobre\/entrenamiento-cerebral-completo\/#breadcrumb"},"inLanguage":"es","potentialAction":[{"@type":"ReadAction","target":["https:\/\/brain-trainer.com\/es\/sobre\/entrenamiento-cerebral-completo\/"]}]},{"@type":"ImageObject","inLanguage":"es","@id":"https:\/\/brain-trainer.com\/es\/sobre\/entrenamiento-cerebral-completo\/#primaryimage","url":"https:\/\/brain-trainer.com\/wp-content\/uploads\/2014\/11\/plan_example1.jpg","contentUrl":"https:\/\/brain-trainer.com\/wp-content\/uploads\/2014\/11\/plan_example1.jpg"},{"@type":"BreadcrumbList","@id":"https:\/\/brain-trainer.com\/es\/sobre\/entrenamiento-cerebral-completo\/#breadcrumb","itemListElement":[{"@type":"ListItem","position":1,"name":"Home","item":"https:\/\/brain-trainer.com\/es\/"},{"@type":"ListItem","position":2,"name":"Sobre","item":"https:\/\/brain-trainer.com\/es\/sobre\/"},{"@type":"ListItem","position":3,"name":"Plan de entrenamiento Whole-Brain"}]},{"@type":"WebSite","@id":"https:\/\/brain-trainer.com\/es\/#website","url":"https:\/\/brain-trainer.com\/es\/","name":"brain-trainer.com","description":"By Trainers, For Trainers","publisher":{"@id":"https:\/\/brain-trainer.com\/es\/#organization"},"potentialAction":[{"@type":"SearchAction","target":{"@type":"EntryPoint","urlTemplate":"https:\/\/brain-trainer.com\/es\/?s={search_term_string}"},"query-input":{"@type":"PropertyValueSpecification","valueRequired":true,"valueName":"search_term_string"}}],"inLanguage":"es"},{"@type":"Organization","@id":"https:\/\/brain-trainer.com\/es\/#organization","name":"Brain-Trainer International","url":"https:\/\/brain-trainer.com\/es\/","logo":{"@type":"ImageObject","inLanguage":"es","@id":"https:\/\/brain-trainer.com\/es\/#\/schema\/logo\/image\/","url":"https:\/\/brain-trainer.com\/wp-content\/uploads\/2015\/07\/brain-trainer.com-logo.jpg","contentUrl":"https:\/\/brain-trainer.com\/wp-content\/uploads\/2015\/07\/brain-trainer.com-logo.jpg","width":384,"height":124,"caption":"Brain-Trainer International"},"image":{"@id":"https:\/\/brain-trainer.com\/es\/#\/schema\/logo\/image\/"},"sameAs":["https:\/\/www.facebook.com\/BraintrainerU\/","https:\/\/x.com\/BraintrainerU","https:\/\/www.instagram.com\/braintraineru"]}]}},"_links":{"self":[{"href":"https:\/\/brain-trainer.com\/es\/wp-json\/wp\/v2\/pages\/13246","targetHints":{"allow":["GET"]}}],"collection":[{"href":"https:\/\/brain-trainer.com\/es\/wp-json\/wp\/v2\/pages"}],"about":[{"href":"https:\/\/brain-trainer.com\/es\/wp-json\/wp\/v2\/types\/page"}],"author":[{"embeddable":true,"href":"https:\/\/brain-trainer.com\/es\/wp-json\/wp\/v2\/users\/112"}],"replies":[{"embeddable":true,"href":"https:\/\/brain-trainer.com\/es\/wp-json\/wp\/v2\/comments?post=13246"}],"version-history":[{"count":6,"href":"https:\/\/brain-trainer.com\/es\/wp-json\/wp\/v2\/pages\/13246\/revisions"}],"predecessor-version":[{"id":41105,"href":"https:\/\/brain-trainer.com\/es\/wp-json\/wp\/v2\/pages\/13246\/revisions\/41105"}],"up":[{"embeddable":true,"href":"https:\/\/brain-trainer.com\/es\/wp-json\/wp\/v2\/pages\/13088"}],"wp:attachment":[{"href":"https:\/\/brain-trainer.com\/es\/wp-json\/wp\/v2\/media?parent=13246"}],"curies":[{"name":"wp","href":"https:\/\/api.w.org\/{rel}","templated":true}]}}