{"id":13261,"date":"2018-03-16T10:43:05","date_gmt":"2018-03-16T14:43:05","guid":{"rendered":"https:\/\/brain-trainer.com\/?page_id=13261"},"modified":"2025-03-10T18:00:20","modified_gmt":"2025-03-10T22:00:20","slug":"sistema-de-protocolo-integrado","status":"publish","type":"page","link":"https:\/\/brain-trainer.com\/es\/sobre\/sistema-de-protocolo-integrado\/","title":{"rendered":"Sistema de Protocolo Integrado"},"content":{"rendered":"\n<div class=\"wp-block-columns is-layout-flex wp-container-core-columns-is-layout-9d6595d7 wp-block-columns-is-layout-flex\">\n<div class=\"wp-block-column is-layout-flow wp-block-column-is-layout-flow\" style=\"flex-basis:66.66%\"><form role=\"search\" method=\"get\" action=\"https:\/\/brain-trainer.com\/es\/\" class=\"wp-block-search__button-outside wp-block-search__text-button wp-block-search\"    ><label class=\"wp-block-search__label screen-reader-text\" for=\"wp-block-search__input-1\" >Buscar<\/label><div class=\"wp-block-search__inside-wrapper \" ><input class=\"wp-block-search__input\" id=\"wp-block-search__input-1\" placeholder=\"\" value=\"\" type=\"search\" name=\"s\" required \/><button aria-label=\"Search\" class=\"wp-block-search__button wp-element-button\" type=\"submit\" >Search<\/button><\/div><\/form>\n\n\n<h2 class=\"wp-block-heading\">Subscripci\u00f3n de dise\u00f1o<\/h2>\n\n\n\n<p>M\u00e9todo de Brain-Trainer &#8220;Por Trainers For Trainers&#8221; es claro en sencillez de ajustar estos dise\u00f1os altamente sofisticados a la subscripci\u00f3n de Brain-Trainer para el entrenamiento de los estados cerebrales. El entrenador puede seleccionar una o varias frecuencias para entrenar y puede ser aumentado o disminuido simplemente haciendo clic en un bot\u00f3n. Estableciendo objetivos se hace autom\u00e1ticamente (con la posibilidad de ajustes por el entrenador) en el comienzo de cada sesi\u00f3n. &#8220;<a href=\"https:\/\/youtu.be\/UpxLahzl09Y?t=42s\">Rocking<\/a>,&#8221;El enfoque innovador de Brain-Trainer permite al entrenador alternar entre subir y bajar a descansar &#8220;atascado&#8221; patrones del cerebro, se puede hacer haciendo clic en solo un bot\u00f3n.<\/p>\n\n\n\n<p>La mayor\u00eda de los dise\u00f1os incluyen varias versiones que ofrecen feedback usando m\u00fasica, videos,<br>DVD, o juegos (Incluyendo <a href=\"https:\/\/brain-trainer.com\/es\/?post_type=product&#038;p=13216\">juegos opcionales<\/a>) con el tipo de feedback como parte del nombre (e.g. FRE1C &#8211; Juegos) El uso de m\u00fasica creada por el cerebro mismo como su propio feedback ha sido una pieza central de los dise\u00f1os de Brain-Trainer para el entrenamiento cerebral desde los 1990s.<\/p>\n\n\n\n<p>El compromiso de Brain-Trainer para los entrenadores es claro en el <a href=\"\/downloads\/Designs_List_Brain-Trainer.pdf\">incredible manual<\/a> que viene con el paquete, explicando con palabras y fotos claras c\u00f3mo los dise\u00f1os pueden ser usados y ofreciendo informaci\u00f3n detallada acerca de cada protocolo en el paquete. Solo haga clic en el nombre del protocolo que quiera en la tabla de contenido del archivo pdf \u00a1y ya est\u00e1 ahi! Vea una descripci\u00f3n detallada del protocolo.<\/p>\n\n\n\n<p>Mejor de todo, los entrenadores no tienen que seguir comprando actualizaciones mientras cambian los dise\u00f1os. Despu\u00e9s de su compra, tendr\u00e1 acceso al almacenamiento en l\u00ednea donde todos los dise\u00f1os actuales y actualizaciones futuras pueden ser descargadas cuando y c\u00f3mo usted las necesite. \u00a1Incluso las dos actualizaciones principales hechas en los \u00faltimos dos a\u00f1os estuvieron disponibles gratis para cualquiera que compr\u00f3 el paquete tan pronto como en 2002!<\/p>\n\n\n<div class=\"wp-block-image\">\n<figure class=\"alignleft\"><a href=\"http:\/\/www.ericbigas.com\/fractals\/index.html\" target=\"_blank\" rel=\"noreferrer noopener\"><img decoding=\"async\" src=\"\/wp-content\/uploads\/2018\/02\/fractals_Cardinal_Crater_Swirl.jpg\" alt=\"Fractals\"\/><\/a><\/figure><\/div>\n\n\n<p>Algunos de los dise\u00f1os usan archivos de videos como feedback.<br>El usuario puede descargar sus propios archivos de videos en el protocolo. Tambi\u00e9n puede comprar hermosos<a href=\"https:\/\/brain-trainer.com\/es\/?post_type=product&#038;p=12338\">videos de caleidoscopio y paisajes de 3D<\/a> por George Martin o puede estar interesado en descargas gratis de <a href=\"http:\/\/www.ericbigas.com\/fractals\/index.html\">fractal animations.<\/a><\/p>\n\n\n\n<p>Si usted es un usuario de BioExplorer, sin tener en cuenta que amplificador usa y su nivel de experiencia, los dise\u00f1os son una gran manera de comenzar a usar el programa en un nivel profesional.<\/p>\n<\/div>\n\n\n\n<div class=\"wp-block-column is-layout-flow wp-block-column-is-layout-flow\" style=\"flex-basis:33.33%\">\n<h4 class=\"wp-block-heading\"><a href=\"https:\/\/brain-trainer.com\/es\/producto\/suscripcion-a-disenos-de-brain-trainer\/\">Comprar dise\u00f1os de Brain-Trainer<\/a><\/h4>\n\n\n\n<p><a href=\"https:\/\/brain-trainer.com\/es\/producto\/suscripcion-a-disenos-de-brain-trainer\/\" target=\"_blank\" rel=\"noreferrer noopener\">Suscripci\u00f3n a dise\u00f1os de Brain-Trainer<\/a><\/p>\n\n\n\n<figure class=\"wp-block-embed is-type-video is-provider-youtube wp-block-embed-youtube wp-embed-aspect-16-9 wp-has-aspect-ratio\"><div class=\"wp-block-embed__wrapper\">\n<iframe loading=\"lazy\" title=\"Package Overview BioExplorer Designs | Brain-Trainer\" width=\"864\" height=\"486\" src=\"https:\/\/www.youtube.com\/embed\/tBwOX2bTE_M?feature=oembed\" frameborder=\"0\" allow=\"accelerometer; autoplay; clipboard-write; encrypted-media; gyroscope; picture-in-picture; web-share\" referrerpolicy=\"strict-origin-when-cross-origin\" allowfullscreen><\/iframe>\n<\/div><\/figure>\n<\/div>\n<\/div>\n","protected":false},"excerpt":{"rendered":"<p>Subscripci\u00f3n de dise\u00f1o M\u00e9todo de Brain-Trainer &#8220;Por Trainers For Trainers&#8221; es claro en sencillez de ajustar estos dise\u00f1os altamente sofisticados a la subscripci\u00f3n de Brain-Trainer para el entrenamiento de los estados cerebrales. El entrenador puede seleccionar una o varias frecuencias para entrenar y puede ser aumentado o disminuido simplemente haciendo clic en un bot\u00f3n. Estableciendo [&hellip;]<\/p>\n","protected":false},"author":112,"featured_media":0,"parent":13088,"menu_order":0,"comment_status":"closed","ping_status":"closed","template":"","meta":{"_acf_changed":false,"footnotes":""},"class_list":["post-13261","page","type-page","status-publish","hentry"],"acf":[],"yoast_head":"<!-- This site is optimized with the Yoast SEO plugin v25.9 - https:\/\/yoast.com\/wordpress\/plugins\/seo\/ -->\n<title>Sistema de Protocolo Integrado - brain-trainer.com<\/title>\n<meta name=\"robots\" content=\"index, follow, max-snippet:-1, max-image-preview:large, max-video-preview:-1\" \/>\n<link rel=\"canonical\" href=\"https:\/\/brain-trainer.com\/es\/sobre\/sistema-de-protocolo-integrado\/\" \/>\n<meta property=\"og:locale\" content=\"es_ES\" \/>\n<meta property=\"og:type\" content=\"article\" \/>\n<meta property=\"og:title\" content=\"Sistema de Protocolo Integrado - brain-trainer.com\" \/>\n<meta property=\"og:description\" content=\"Subscripci\u00f3n de dise\u00f1o M\u00e9todo de Brain-Trainer &#8220;Por Trainers For Trainers&#8221; es claro en sencillez de ajustar estos dise\u00f1os altamente sofisticados a la subscripci\u00f3n de Brain-Trainer para el entrenamiento de los estados cerebrales. El entrenador puede seleccionar una o varias frecuencias para entrenar y puede ser aumentado o disminuido simplemente haciendo clic en un bot\u00f3n. Estableciendo [&hellip;]\" \/>\n<meta property=\"og:url\" content=\"https:\/\/brain-trainer.com\/es\/sobre\/sistema-de-protocolo-integrado\/\" \/>\n<meta property=\"og:site_name\" content=\"brain-trainer.com\" \/>\n<meta property=\"article:publisher\" content=\"https:\/\/www.facebook.com\/BraintrainerU\/\" \/>\n<meta property=\"article:modified_time\" content=\"2025-03-10T22:00:20+00:00\" \/>\n<meta name=\"twitter:label1\" content=\"Tiempo de lectura\" \/>\n\t<meta name=\"twitter:data1\" content=\"2 minutos\" \/>\n<script type=\"application\/ld+json\" class=\"yoast-schema-graph\">{\"@context\":\"https:\/\/schema.org\",\"@graph\":[{\"@type\":\"WebPage\",\"@id\":\"https:\/\/brain-trainer.com\/es\/sobre\/sistema-de-protocolo-integrado\/\",\"url\":\"https:\/\/brain-trainer.com\/es\/sobre\/sistema-de-protocolo-integrado\/\",\"name\":\"Sistema de Protocolo Integrado - brain-trainer.com\",\"isPartOf\":{\"@id\":\"https:\/\/brain-trainer.com\/es\/#website\"},\"datePublished\":\"2018-03-16T14:43:05+00:00\",\"dateModified\":\"2025-03-10T22:00:20+00:00\",\"breadcrumb\":{\"@id\":\"https:\/\/brain-trainer.com\/es\/sobre\/sistema-de-protocolo-integrado\/#breadcrumb\"},\"inLanguage\":\"es\",\"potentialAction\":[{\"@type\":\"ReadAction\",\"target\":[\"https:\/\/brain-trainer.com\/es\/sobre\/sistema-de-protocolo-integrado\/\"]}]},{\"@type\":\"BreadcrumbList\",\"@id\":\"https:\/\/brain-trainer.com\/es\/sobre\/sistema-de-protocolo-integrado\/#breadcrumb\",\"itemListElement\":[{\"@type\":\"ListItem\",\"position\":1,\"name\":\"Home\",\"item\":\"https:\/\/brain-trainer.com\/es\/\"},{\"@type\":\"ListItem\",\"position\":2,\"name\":\"Sobre\",\"item\":\"https:\/\/brain-trainer.com\/es\/sobre\/\"},{\"@type\":\"ListItem\",\"position\":3,\"name\":\"Sistema de Protocolo Integrado\"}]},{\"@type\":\"WebSite\",\"@id\":\"https:\/\/brain-trainer.com\/es\/#website\",\"url\":\"https:\/\/brain-trainer.com\/es\/\",\"name\":\"brain-trainer.com\",\"description\":\"By Trainers, For Trainers\",\"publisher\":{\"@id\":\"https:\/\/brain-trainer.com\/es\/#organization\"},\"potentialAction\":[{\"@type\":\"SearchAction\",\"target\":{\"@type\":\"EntryPoint\",\"urlTemplate\":\"https:\/\/brain-trainer.com\/es\/?s={search_term_string}\"},\"query-input\":{\"@type\":\"PropertyValueSpecification\",\"valueRequired\":true,\"valueName\":\"search_term_string\"}}],\"inLanguage\":\"es\"},{\"@type\":\"Organization\",\"@id\":\"https:\/\/brain-trainer.com\/es\/#organization\",\"name\":\"Brain-Trainer International\",\"url\":\"https:\/\/brain-trainer.com\/es\/\",\"logo\":{\"@type\":\"ImageObject\",\"inLanguage\":\"es\",\"@id\":\"https:\/\/brain-trainer.com\/es\/#\/schema\/logo\/image\/\",\"url\":\"https:\/\/brain-trainer.com\/wp-content\/uploads\/2015\/07\/brain-trainer.com-logo.jpg\",\"contentUrl\":\"https:\/\/brain-trainer.com\/wp-content\/uploads\/2015\/07\/brain-trainer.com-logo.jpg\",\"width\":384,\"height\":124,\"caption\":\"Brain-Trainer International\"},\"image\":{\"@id\":\"https:\/\/brain-trainer.com\/es\/#\/schema\/logo\/image\/\"},\"sameAs\":[\"https:\/\/www.facebook.com\/BraintrainerU\/\",\"https:\/\/x.com\/BraintrainerU\",\"https:\/\/www.instagram.com\/braintraineru\"]}]}<\/script>\n<!-- \/ Yoast SEO plugin. -->","yoast_head_json":{"title":"Sistema de Protocolo Integrado - brain-trainer.com","robots":{"index":"index","follow":"follow","max-snippet":"max-snippet:-1","max-image-preview":"max-image-preview:large","max-video-preview":"max-video-preview:-1"},"canonical":"https:\/\/brain-trainer.com\/es\/sobre\/sistema-de-protocolo-integrado\/","og_locale":"es_ES","og_type":"article","og_title":"Sistema de Protocolo Integrado - brain-trainer.com","og_description":"Subscripci\u00f3n de dise\u00f1o M\u00e9todo de Brain-Trainer &#8220;Por Trainers For Trainers&#8221; es claro en sencillez de ajustar estos dise\u00f1os altamente sofisticados a la subscripci\u00f3n de Brain-Trainer para el entrenamiento de los estados cerebrales. El entrenador puede seleccionar una o varias frecuencias para entrenar y puede ser aumentado o disminuido simplemente haciendo clic en un bot\u00f3n. Estableciendo [&hellip;]","og_url":"https:\/\/brain-trainer.com\/es\/sobre\/sistema-de-protocolo-integrado\/","og_site_name":"brain-trainer.com","article_publisher":"https:\/\/www.facebook.com\/BraintrainerU\/","article_modified_time":"2025-03-10T22:00:20+00:00","twitter_misc":{"Tiempo de lectura":"2 minutos"},"schema":{"@context":"https:\/\/schema.org","@graph":[{"@type":"WebPage","@id":"https:\/\/brain-trainer.com\/es\/sobre\/sistema-de-protocolo-integrado\/","url":"https:\/\/brain-trainer.com\/es\/sobre\/sistema-de-protocolo-integrado\/","name":"Sistema de Protocolo Integrado - brain-trainer.com","isPartOf":{"@id":"https:\/\/brain-trainer.com\/es\/#website"},"datePublished":"2018-03-16T14:43:05+00:00","dateModified":"2025-03-10T22:00:20+00:00","breadcrumb":{"@id":"https:\/\/brain-trainer.com\/es\/sobre\/sistema-de-protocolo-integrado\/#breadcrumb"},"inLanguage":"es","potentialAction":[{"@type":"ReadAction","target":["https:\/\/brain-trainer.com\/es\/sobre\/sistema-de-protocolo-integrado\/"]}]},{"@type":"BreadcrumbList","@id":"https:\/\/brain-trainer.com\/es\/sobre\/sistema-de-protocolo-integrado\/#breadcrumb","itemListElement":[{"@type":"ListItem","position":1,"name":"Home","item":"https:\/\/brain-trainer.com\/es\/"},{"@type":"ListItem","position":2,"name":"Sobre","item":"https:\/\/brain-trainer.com\/es\/sobre\/"},{"@type":"ListItem","position":3,"name":"Sistema de Protocolo Integrado"}]},{"@type":"WebSite","@id":"https:\/\/brain-trainer.com\/es\/#website","url":"https:\/\/brain-trainer.com\/es\/","name":"brain-trainer.com","description":"By Trainers, For Trainers","publisher":{"@id":"https:\/\/brain-trainer.com\/es\/#organization"},"potentialAction":[{"@type":"SearchAction","target":{"@type":"EntryPoint","urlTemplate":"https:\/\/brain-trainer.com\/es\/?s={search_term_string}"},"query-input":{"@type":"PropertyValueSpecification","valueRequired":true,"valueName":"search_term_string"}}],"inLanguage":"es"},{"@type":"Organization","@id":"https:\/\/brain-trainer.com\/es\/#organization","name":"Brain-Trainer International","url":"https:\/\/brain-trainer.com\/es\/","logo":{"@type":"ImageObject","inLanguage":"es","@id":"https:\/\/brain-trainer.com\/es\/#\/schema\/logo\/image\/","url":"https:\/\/brain-trainer.com\/wp-content\/uploads\/2015\/07\/brain-trainer.com-logo.jpg","contentUrl":"https:\/\/brain-trainer.com\/wp-content\/uploads\/2015\/07\/brain-trainer.com-logo.jpg","width":384,"height":124,"caption":"Brain-Trainer International"},"image":{"@id":"https:\/\/brain-trainer.com\/es\/#\/schema\/logo\/image\/"},"sameAs":["https:\/\/www.facebook.com\/BraintrainerU\/","https:\/\/x.com\/BraintrainerU","https:\/\/www.instagram.com\/braintraineru"]}]}},"_links":{"self":[{"href":"https:\/\/brain-trainer.com\/es\/wp-json\/wp\/v2\/pages\/13261","targetHints":{"allow":["GET"]}}],"collection":[{"href":"https:\/\/brain-trainer.com\/es\/wp-json\/wp\/v2\/pages"}],"about":[{"href":"https:\/\/brain-trainer.com\/es\/wp-json\/wp\/v2\/types\/page"}],"author":[{"embeddable":true,"href":"https:\/\/brain-trainer.com\/es\/wp-json\/wp\/v2\/users\/112"}],"replies":[{"embeddable":true,"href":"https:\/\/brain-trainer.com\/es\/wp-json\/wp\/v2\/comments?post=13261"}],"version-history":[{"count":7,"href":"https:\/\/brain-trainer.com\/es\/wp-json\/wp\/v2\/pages\/13261\/revisions"}],"predecessor-version":[{"id":41107,"href":"https:\/\/brain-trainer.com\/es\/wp-json\/wp\/v2\/pages\/13261\/revisions\/41107"}],"up":[{"embeddable":true,"href":"https:\/\/brain-trainer.com\/es\/wp-json\/wp\/v2\/pages\/13088"}],"wp:attachment":[{"href":"https:\/\/brain-trainer.com\/es\/wp-json\/wp\/v2\/media?parent=13261"}],"curies":[{"name":"wp","href":"https:\/\/api.w.org\/{rel}","templated":true}]}}