{"id":13269,"date":"2018-03-16T11:05:11","date_gmt":"2018-03-16T15:05:11","guid":{"rendered":"https:\/\/brain-trainer.com\/?page_id=13269"},"modified":"2025-03-10T18:04:52","modified_gmt":"2025-03-10T22:04:52","slug":"centro-de-entrenamiento-ejecutivo-life","status":"publish","type":"page","link":"https:\/\/brain-trainer.com\/es\/sobre\/centro-de-entrenamiento-ejecutivo-life\/","title":{"rendered":"Juego de meditaci\u00f3n LIFE"},"content":{"rendered":"\n<div class=\"wp-block-columns is-layout-flex wp-container-core-columns-is-layout-28f84493 wp-block-columns-is-layout-flex\">\n<div class=\"wp-block-column is-layout-flow wp-block-column-is-layout-flow\" style=\"flex-basis:66.66%\"><form role=\"search\" method=\"get\" action=\"https:\/\/brain-trainer.com\/es\/\" class=\"wp-block-search__button-outside wp-block-search__text-button wp-block-search\"    ><label class=\"wp-block-search__label screen-reader-text\" for=\"wp-block-search__input-1\" >Buscar<\/label><div class=\"wp-block-search__inside-wrapper\" ><input class=\"wp-block-search__input\" id=\"wp-block-search__input-1\" placeholder=\"\" value=\"\" type=\"search\" name=\"s\" required \/><button aria-label=\"Search\" class=\"wp-block-search__button wp-element-button\" type=\"submit\" >Search<\/button><\/div><\/form>\n\n\n<p>El entrenamiento de LIFE es como ning\u00fan otro entrenamiento de nIR HEG que alguna vez haya experimentado. LIFE reconoce que algunos de nosotros luchamos para conectar nuestros centros de control del cerebro. Han sido el enfoque de nIR HEG desde que fue introducido. Pero hay muchos de nosotros que tienen un tiempo igualmente de dif\u00edcil para apagar nuestra organizaci\u00f3n de pensamiento cerebral. El juego de LIFE le permite decidir si aumentar la activaci\u00f3n o disminuirla. Pero LIFE tambi\u00e9n ofrece la opci\u00f3n de &#8220;mecer&#8221; la activaci\u00f3n. Por periodos de 1 o 2 minutos, formando la funci\u00f3n de hacer el origen de la relaci\u00f3n de activaci\u00f3n lo m\u00e1s posible; despu\u00e9s el juego cambia para apagar el cerebro pensante y solo estar presente. Meci\u00e9ndose aumenta la flexibilidad de atenci\u00f3n y control, y la mayor\u00eda de los aprendices lo encuentran mucho menos agotador que entrenar estrictamente para aumentar a 3-10 minutos.<\/p>\n\n\n\n<p>LIFE viene con un <a href=\"https:\/\/youtu.be\/5AJ0QssH8Dc\">Auto-Session-Graph<\/a> eso le permite ver varias sesiones. La auto-sesi\u00f3n-gr\u00e1ficas de LIFE se enfoca en estabilidad, amplitud de activaci\u00f3n y control. Solo abra el archivo del cliente en &#8220;LIFE Graph&#8221; y vea las tendencias progresar con el tiempo.<\/p>\n\n\n\n<p>El juego de life es atractivo, sencillo y claro: Escalar la monta\u00f1a o sumergirse en el oc\u00e9ano, a\u00f1adiendo animales al medio ambiente mientras va mejorando en el descanso y activaci\u00f3n. Haga puntos y ver si puede llegar al nivel 5.<\/p>\n<\/div>\n\n\n\n<div class=\"wp-block-column is-layout-flow wp-block-column-is-layout-flow\" style=\"flex-basis:33.33%\">\n<h4 class=\"wp-block-heading\"><a href=\"https:\/\/brain-trainer.com\/es\/?post_type=product&#038;p=12851\" target=\"_blank\" rel=\"noreferrer noopener\">Buy LIFE<\/a><\/h4>\n\n\n\n<p><a href=\"https:\/\/brain-trainer.com\/es\/?post_type=product&#038;p=12851\" target=\"_blank\" rel=\"noreferrer noopener\">LIFE Game for nIR HEG<\/a><br>Entrenar enfoque abierto y cerrado con LIFE<\/p>\n\n\n\n<figure class=\"wp-block-embed is-type-video is-provider-youtube wp-block-embed-youtube wp-embed-aspect-4-3 wp-has-aspect-ratio\"><div class=\"wp-block-embed__wrapper\">\n<iframe loading=\"lazy\" title=\"HEG LIFE Demo\" width=\"648\" height=\"486\" src=\"https:\/\/www.youtube.com\/embed\/ADcPySjslII?feature=oembed\" frameborder=\"0\" allow=\"accelerometer; autoplay; clipboard-write; encrypted-media; gyroscope; picture-in-picture; web-share\" referrerpolicy=\"strict-origin-when-cross-origin\" allowfullscreen><\/iframe>\n<\/div><\/figure>\n<\/div>\n<\/div>\n","protected":false},"excerpt":{"rendered":"<p>El entrenamiento de LIFE es como ning\u00fan otro entrenamiento de nIR HEG que alguna vez haya experimentado. LIFE reconoce que algunos de nosotros luchamos para conectar nuestros centros de control del cerebro. Han sido el enfoque de nIR HEG desde que fue introducido. Pero hay muchos de nosotros que tienen un tiempo igualmente de dif\u00edcil [&hellip;]<\/p>\n","protected":false},"author":45,"featured_media":0,"parent":13088,"menu_order":0,"comment_status":"closed","ping_status":"open","template":"","meta":{"_acf_changed":false,"footnotes":""},"class_list":["post-13269","page","type-page","status-publish","hentry"],"acf":[],"yoast_head":"<!-- This site is optimized with the Yoast SEO plugin v27.3 - https:\/\/yoast.com\/product\/yoast-seo-wordpress\/ -->\n<title>Juego de meditaci\u00f3n LIFE - brain-trainer.com<\/title>\n<meta name=\"description\" content=\"Una muestra de sesi\u00f3n de entrenamiento del juego de LIFE para nIR HEG. Entrenar enfoque abierto y cerrado con el juego de LIFE para nIR HEG. Entrenar atenci\u00f3n enfocada y conciencia pura.\" \/>\n<meta name=\"robots\" content=\"index, follow, max-snippet:-1, max-image-preview:large, max-video-preview:-1\" \/>\n<link rel=\"canonical\" href=\"https:\/\/brain-trainer.com\/es\/sobre\/centro-de-entrenamiento-ejecutivo-life\/\" \/>\n<meta property=\"og:locale\" content=\"es_ES\" \/>\n<meta property=\"og:type\" content=\"article\" \/>\n<meta property=\"og:title\" content=\"Juego de meditaci\u00f3n LIFE - brain-trainer.com\" \/>\n<meta property=\"og:description\" content=\"Una muestra de sesi\u00f3n de entrenamiento del juego de LIFE para nIR HEG. Entrenar enfoque abierto y cerrado con el juego de LIFE para nIR HEG. Entrenar atenci\u00f3n enfocada y conciencia pura.\" \/>\n<meta property=\"og:url\" content=\"https:\/\/brain-trainer.com\/es\/sobre\/centro-de-entrenamiento-ejecutivo-life\/\" \/>\n<meta property=\"og:site_name\" content=\"brain-trainer.com\" \/>\n<meta property=\"article:publisher\" content=\"https:\/\/www.facebook.com\/BraintrainerU\/\" \/>\n<meta property=\"article:modified_time\" content=\"2025-03-10T22:04:52+00:00\" \/>\n<meta name=\"twitter:label1\" content=\"Tiempo de lectura\" \/>\n\t<meta name=\"twitter:data1\" content=\"2 minutos\" \/>\n<script type=\"application\/ld+json\" class=\"yoast-schema-graph\">{\"@context\":\"https:\\\/\\\/schema.org\",\"@graph\":[{\"@type\":\"WebPage\",\"@id\":\"https:\\\/\\\/brain-trainer.com\\\/es\\\/sobre\\\/centro-de-entrenamiento-ejecutivo-life\\\/\",\"url\":\"https:\\\/\\\/brain-trainer.com\\\/es\\\/sobre\\\/centro-de-entrenamiento-ejecutivo-life\\\/\",\"name\":\"Juego de meditaci\u00f3n LIFE - brain-trainer.com\",\"isPartOf\":{\"@id\":\"https:\\\/\\\/brain-trainer.com\\\/es\\\/#website\"},\"datePublished\":\"2018-03-16T15:05:11+00:00\",\"dateModified\":\"2025-03-10T22:04:52+00:00\",\"description\":\"Una muestra de sesi\u00f3n de entrenamiento del juego de LIFE para nIR HEG. Entrenar enfoque abierto y cerrado con el juego de LIFE para nIR HEG. Entrenar atenci\u00f3n enfocada y conciencia pura.\",\"breadcrumb\":{\"@id\":\"https:\\\/\\\/brain-trainer.com\\\/es\\\/sobre\\\/centro-de-entrenamiento-ejecutivo-life\\\/#breadcrumb\"},\"inLanguage\":\"es\",\"potentialAction\":[{\"@type\":\"ReadAction\",\"target\":[\"https:\\\/\\\/brain-trainer.com\\\/es\\\/sobre\\\/centro-de-entrenamiento-ejecutivo-life\\\/\"]}]},{\"@type\":\"BreadcrumbList\",\"@id\":\"https:\\\/\\\/brain-trainer.com\\\/es\\\/sobre\\\/centro-de-entrenamiento-ejecutivo-life\\\/#breadcrumb\",\"itemListElement\":[{\"@type\":\"ListItem\",\"position\":1,\"name\":\"Home\",\"item\":\"https:\\\/\\\/brain-trainer.com\\\/es\\\/\"},{\"@type\":\"ListItem\",\"position\":2,\"name\":\"Sobre\",\"item\":\"https:\\\/\\\/brain-trainer.com\\\/es\\\/sobre\\\/\"},{\"@type\":\"ListItem\",\"position\":3,\"name\":\"Juego de meditaci\u00f3n LIFE\"}]},{\"@type\":\"WebSite\",\"@id\":\"https:\\\/\\\/brain-trainer.com\\\/es\\\/#website\",\"url\":\"https:\\\/\\\/brain-trainer.com\\\/es\\\/\",\"name\":\"brain-trainer.com\",\"description\":\"By Trainers, For Trainers\",\"publisher\":{\"@id\":\"https:\\\/\\\/brain-trainer.com\\\/es\\\/#organization\"},\"potentialAction\":[{\"@type\":\"SearchAction\",\"target\":{\"@type\":\"EntryPoint\",\"urlTemplate\":\"https:\\\/\\\/brain-trainer.com\\\/es\\\/?s={search_term_string}\"},\"query-input\":{\"@type\":\"PropertyValueSpecification\",\"valueRequired\":true,\"valueName\":\"search_term_string\"}}],\"inLanguage\":\"es\"},{\"@type\":\"Organization\",\"@id\":\"https:\\\/\\\/brain-trainer.com\\\/es\\\/#organization\",\"name\":\"Brain-Trainer International\",\"url\":\"https:\\\/\\\/brain-trainer.com\\\/es\\\/\",\"logo\":{\"@type\":\"ImageObject\",\"inLanguage\":\"es\",\"@id\":\"https:\\\/\\\/brain-trainer.com\\\/es\\\/#\\\/schema\\\/logo\\\/image\\\/\",\"url\":\"https:\\\/\\\/brain-trainer.com\\\/wp-content\\\/uploads\\\/2015\\\/07\\\/brain-trainer.com-logo.jpg\",\"contentUrl\":\"https:\\\/\\\/brain-trainer.com\\\/wp-content\\\/uploads\\\/2015\\\/07\\\/brain-trainer.com-logo.jpg\",\"width\":384,\"height\":124,\"caption\":\"Brain-Trainer International\"},\"image\":{\"@id\":\"https:\\\/\\\/brain-trainer.com\\\/es\\\/#\\\/schema\\\/logo\\\/image\\\/\"},\"sameAs\":[\"https:\\\/\\\/www.facebook.com\\\/BraintrainerU\\\/\",\"https:\\\/\\\/x.com\\\/BraintrainerU\",\"https:\\\/\\\/www.instagram.com\\\/braintraineru\"]}]}<\/script>\n<!-- \/ Yoast SEO plugin. -->","yoast_head_json":{"title":"Juego de meditaci\u00f3n LIFE - brain-trainer.com","description":"Una muestra de sesi\u00f3n de entrenamiento del juego de LIFE para nIR HEG. Entrenar enfoque abierto y cerrado con el juego de LIFE para nIR HEG. Entrenar atenci\u00f3n enfocada y conciencia pura.","robots":{"index":"index","follow":"follow","max-snippet":"max-snippet:-1","max-image-preview":"max-image-preview:large","max-video-preview":"max-video-preview:-1"},"canonical":"https:\/\/brain-trainer.com\/es\/sobre\/centro-de-entrenamiento-ejecutivo-life\/","og_locale":"es_ES","og_type":"article","og_title":"Juego de meditaci\u00f3n LIFE - brain-trainer.com","og_description":"Una muestra de sesi\u00f3n de entrenamiento del juego de LIFE para nIR HEG. Entrenar enfoque abierto y cerrado con el juego de LIFE para nIR HEG. Entrenar atenci\u00f3n enfocada y conciencia pura.","og_url":"https:\/\/brain-trainer.com\/es\/sobre\/centro-de-entrenamiento-ejecutivo-life\/","og_site_name":"brain-trainer.com","article_publisher":"https:\/\/www.facebook.com\/BraintrainerU\/","article_modified_time":"2025-03-10T22:04:52+00:00","twitter_misc":{"Tiempo de lectura":"2 minutos"},"schema":{"@context":"https:\/\/schema.org","@graph":[{"@type":"WebPage","@id":"https:\/\/brain-trainer.com\/es\/sobre\/centro-de-entrenamiento-ejecutivo-life\/","url":"https:\/\/brain-trainer.com\/es\/sobre\/centro-de-entrenamiento-ejecutivo-life\/","name":"Juego de meditaci\u00f3n LIFE - brain-trainer.com","isPartOf":{"@id":"https:\/\/brain-trainer.com\/es\/#website"},"datePublished":"2018-03-16T15:05:11+00:00","dateModified":"2025-03-10T22:04:52+00:00","description":"Una muestra de sesi\u00f3n de entrenamiento del juego de LIFE para nIR HEG. Entrenar enfoque abierto y cerrado con el juego de LIFE para nIR HEG. Entrenar atenci\u00f3n enfocada y conciencia pura.","breadcrumb":{"@id":"https:\/\/brain-trainer.com\/es\/sobre\/centro-de-entrenamiento-ejecutivo-life\/#breadcrumb"},"inLanguage":"es","potentialAction":[{"@type":"ReadAction","target":["https:\/\/brain-trainer.com\/es\/sobre\/centro-de-entrenamiento-ejecutivo-life\/"]}]},{"@type":"BreadcrumbList","@id":"https:\/\/brain-trainer.com\/es\/sobre\/centro-de-entrenamiento-ejecutivo-life\/#breadcrumb","itemListElement":[{"@type":"ListItem","position":1,"name":"Home","item":"https:\/\/brain-trainer.com\/es\/"},{"@type":"ListItem","position":2,"name":"Sobre","item":"https:\/\/brain-trainer.com\/es\/sobre\/"},{"@type":"ListItem","position":3,"name":"Juego de meditaci\u00f3n LIFE"}]},{"@type":"WebSite","@id":"https:\/\/brain-trainer.com\/es\/#website","url":"https:\/\/brain-trainer.com\/es\/","name":"brain-trainer.com","description":"By Trainers, For Trainers","publisher":{"@id":"https:\/\/brain-trainer.com\/es\/#organization"},"potentialAction":[{"@type":"SearchAction","target":{"@type":"EntryPoint","urlTemplate":"https:\/\/brain-trainer.com\/es\/?s={search_term_string}"},"query-input":{"@type":"PropertyValueSpecification","valueRequired":true,"valueName":"search_term_string"}}],"inLanguage":"es"},{"@type":"Organization","@id":"https:\/\/brain-trainer.com\/es\/#organization","name":"Brain-Trainer International","url":"https:\/\/brain-trainer.com\/es\/","logo":{"@type":"ImageObject","inLanguage":"es","@id":"https:\/\/brain-trainer.com\/es\/#\/schema\/logo\/image\/","url":"https:\/\/brain-trainer.com\/wp-content\/uploads\/2015\/07\/brain-trainer.com-logo.jpg","contentUrl":"https:\/\/brain-trainer.com\/wp-content\/uploads\/2015\/07\/brain-trainer.com-logo.jpg","width":384,"height":124,"caption":"Brain-Trainer International"},"image":{"@id":"https:\/\/brain-trainer.com\/es\/#\/schema\/logo\/image\/"},"sameAs":["https:\/\/www.facebook.com\/BraintrainerU\/","https:\/\/x.com\/BraintrainerU","https:\/\/www.instagram.com\/braintraineru"]}]}},"_links":{"self":[{"href":"https:\/\/brain-trainer.com\/es\/wp-json\/wp\/v2\/pages\/13269","targetHints":{"allow":["GET"]}}],"collection":[{"href":"https:\/\/brain-trainer.com\/es\/wp-json\/wp\/v2\/pages"}],"about":[{"href":"https:\/\/brain-trainer.com\/es\/wp-json\/wp\/v2\/types\/page"}],"author":[{"embeddable":true,"href":"https:\/\/brain-trainer.com\/es\/wp-json\/wp\/v2\/users\/45"}],"replies":[{"embeddable":true,"href":"https:\/\/brain-trainer.com\/es\/wp-json\/wp\/v2\/comments?post=13269"}],"version-history":[{"count":5,"href":"https:\/\/brain-trainer.com\/es\/wp-json\/wp\/v2\/pages\/13269\/revisions"}],"predecessor-version":[{"id":41110,"href":"https:\/\/brain-trainer.com\/es\/wp-json\/wp\/v2\/pages\/13269\/revisions\/41110"}],"up":[{"embeddable":true,"href":"https:\/\/brain-trainer.com\/es\/wp-json\/wp\/v2\/pages\/13088"}],"wp:attachment":[{"href":"https:\/\/brain-trainer.com\/es\/wp-json\/wp\/v2\/media?parent=13269"}],"curies":[{"name":"wp","href":"https:\/\/api.w.org\/{rel}","templated":true}]}}