{"id":13703,"date":"2018-03-31T11:54:35","date_gmt":"2018-03-31T15:54:35","guid":{"rendered":"https:\/\/brain-trainer.com\/sobre\/brain-training\/"},"modified":"2024-03-31T08:58:04","modified_gmt":"2024-03-31T12:58:04","slug":"brain-training","status":"publish","type":"page","link":"https:\/\/brain-trainer.com\/es\/sobre\/brain-training\/","title":{"rendered":"Brain Training"},"content":{"rendered":"<div class=\"col-md-8\">\n<div>    <form role=\"search\" method=\"get\" class=\"custom-search-form\" action=\"https:\/\/brain-trainer.com\/es\/\">\r\n        <input type=\"search\" class=\"search-field\" placeholder=\"Buscar &hellip;\" value=\"\" name=\"s\" \/>\r\n        <select name=\"post_type\">\r\n            <option value=\"\"  selected='selected'>All<\/option>\r\n            <option value=\"post\">Blog Posts<\/option><option value=\"page\">Site Pages<\/option><option value=\"answer\">Answers<\/option><option value=\"support\">Support Resources<\/option><option value=\"product\">Products<\/option>        <\/select>\r\n        <button type=\"submit\" class=\"search-submit\">Buscar<\/button>\r\n    <\/form>\r\n    <\/div>\n<div>\n<h3>HEG: HEMO-Encefalograf\u00eda<\/h3>\n<p>La PFC (corteza prefrontal), el centro ejecutivo del cerebro tendido detr\u00e1s de la frente, controla la atenci\u00f3n y bloquea distracciones. Integra un fluir constante de material sensorial, emocional y de memoria y decide qu\u00e9 significa y qu\u00e9 hacer acerca de ello. Proyecta impulsos salientes f\u00edsicos, verbales y emocionales. Regula el estado an\u00edmico. Es una llave para la memoria funcional. Es el centro para la motivaci\u00f3n, planeamiento y organizaci\u00f3n.<\/p>\n<p>La HEG mide cambios en los niveles de actividad metab\u00f3lica en la PFC. Mientras las mediciones de HEG aumentan durante una sesi\u00f3n, La PFC se activa, aumentando el suministro de sangre y los niveles de ox\u00edgeno.<\/p>\n<p><img loading=\"lazy\" decoding=\"async\" class=\"alignright\" style=\"border: 0px;\" src=\"\/wp-content\/uploads\/2013\/10\/HEGsample.gif\" alt=\"Brain Training HEG sample\" width=\"400\" height=\"110\" border=\"0\" \/><\/p>\n<p>Las neuronas m\u00e1s ocupadas en el cerebro tienen m\u00e1s de lo que necesitan para trabajar (ox\u00edgeno y glucosa). Mientras el sistema de distribuci\u00f3n mejora, el aprendiz est\u00e1 mejor capacitado para controlar las funciones ejecutivas por periodos m\u00e1s largos. Nosotros sabemos qu\u00e9 si usted hace rutinas de ejercicio y mejora la funci\u00f3n aer\u00f3bica en su sistema cardiopulmonar, eso no quiere decir que usted TIENE que correr de prisa todo el tiempo. Similarmente con el entrenamiento de HEG. Usted mejora la funci\u00f3n de la PFC por periodos m\u00e1s largos, pero usted puede sentarse calmadamente y relajarse cuando usted quiera. La HEG no requiere evaluaci\u00f3n. No hay mediciones, limpieza o derrotas. El tiempo de entrenamiento es una hora o dos a la semana. Es r\u00e1pido y f\u00e1cil de aprender.<\/p>\n<p><a title=\"HEG Packages\" href=\"https:\/\/brain-trainer.com\/es\/shop\/productos\/\/heg-executive-functions\" target=\"_blank\" rel=\"noopener\">Para ver nuestras opciones de HEG haga click aqui.<\/a><\/p>\n<h3>EEG: ELECTRO-Encefalograf\u00eda<\/h3>\n<\/div>\n<div>\n<p>Como su coraz\u00f3n, su cerebro opera con pulsos r\u00edtmicos de electricidad. Cada nivel de energ\u00eda tiene sus propias fortalezas y debilidades.<\/p>\n<p><img loading=\"lazy\" decoding=\"async\" class=\"aligncenter\" style=\"border: 0px;\" title=\"EEG brain waves\" src=\"\/wp-content\/uploads\/2013\/10\/whitewaves.gif\" alt=\"Brain Training EEG brain waves\" width=\"420\" height=\"137\" border=\"0\" \/><\/p>\n<p><strong>Pulsos lentos <\/strong>(Creativo\/Intuitivo)-usted est\u00e1 pensando o so\u00f1ando en su cabeza, fuera de contacto con su medio ambiente, usando im\u00e1genes m\u00e1s bien que palabras, y tendiendo a saltar las preguntas mas bien que ir a trav\u00e9s de los pasos. Al estar atascado aqu\u00ed, usted puede tener problemas de atenci\u00f3n, de aprendizaje o estar deprimido.<\/p>\n<p><strong>Pulsos r<\/strong><strong>\u00e1<\/strong><strong>pidos <\/strong>(L\u00f3gico\/Racional)-al procesar con palabras y usar pasos y secuencias usted puede estar enfocado interna y externamente. Al estar atascado aqu\u00ed, usted puede ser obsesivo, compulsivo, adictivo o ansioso.<\/p>\n<p><strong>Velocidades medias <\/strong>(Zonas de estados)-estos son estados de puro conocimiento. Ellos incluyen estados m\u00e1s altos en realizaci\u00f3n de deportes, la habilidad de hacer cosas en auto-piloto, quietud mental, relajamiento f\u00edsico y presencia en el momento. Al estar atascado aqu\u00ed, usted puede tender a desviarse a trav\u00e9s de las tareas y parecer desmotivado. Idealmente nosotros queremos que nuestros cerebros sean capaces de cambiar de estados lentos a r\u00e1pidos suave y f\u00e1cilmente y permanecer en cada uno por cuanto se desee. La mayor\u00eda de nosotros desarrollamos energ\u00eda \u201ch\u00e1bitos\u201d y nos atascamos en una velocidad en particular. Nosotros vivimos con sus fortalezas y limitaciones.<\/p>\n<p><img loading=\"lazy\" decoding=\"async\" class=\"alignright\" style=\"border: 0px;\" title=\"brain trainer home training program\" src=\"\/wp-content\/uploads\/2013\/10\/twobackheadssmall.gif\" alt=\"Brain Trainer home training program\" width=\"386\" height=\"212\" border=\"0\" \/><\/p>\n<p>La EEG mide patronos el\u00e9ctricos en el cerebro y puede guiarlo hacia m\u00e1s patronos funcionales. Al cambiar los patronos y conectividad, la EEG puede calmar un cerebro demasiado agitado, activar uno perezoso, mejorar comunicaci\u00f3n dentro de \u00e9l y liberar material subconsciente. Puede entrenar de nuevo la cabeza entera y puede entrenar m\u00faltiples localizaciones a la misma vez.<\/p>\n<p>El sistema del brain-trainer est\u00e1 basado en la creencia que el entrenamiento m\u00e1s efectivo de EEG ajusta lo que el cerebro ya est\u00e1 haciendo. Entrenar a ciegas sin informaci\u00f3n del estado existente del cerebro, puede tener efectos negativos o desperdiciar sesiones de entrenamiento. El Brain-trainer ofrece una herramienta de evaluaci\u00f3n basada en el cerebro, el <u>TQ Assessment Trainer\u2019s Q,<\/u> la cual puede ser usada para identificar patrones en el cerebro del aprendiz que se pueden relacionar a problemas con atenci\u00f3n, estado an\u00edmico, aprendizaje, control, funcionamiento, etc. La EEG ofrece la m\u00e1s amplia variedad de opciones de entrenamiento y sitios, pero las habilidades tienen que ser desarrolladas. Con los videos de entrenamiento del brain-trainer y (idealmente) un socio, toma varias horas de pr\u00e1ctica registrar y reconocer una EEG limpia. Juntar la informaci\u00f3n de la evaluaci\u00f3n y participar en producir el plan requiere varias horas m\u00e1s de pr\u00e1ctica. Entonces el entrenamiento puede comenzar.<\/p>\n<p><a title=\"EEG Packages and Amplifiers\" href=\"\/es\/categoria-producto\/productos\/\" target=\"_blank\" rel=\"noopener\">Para ver nuestras opciones de EEG haga click aqu\u00ed. <\/a><\/p>\n<\/div>\n<\/div>\n<div class=\"col-md-4 well\">\n<p><strong>\u00bfQu\u00e9 es el Brain Training?<\/strong><\/p>\n<p>Su cerebro es donde la mente y el cuerpo se juntan. As\u00ed como usted puede entrenar su cuerpo para producir resistencia, fuerza o flexibilidad, as\u00ed usted puede ejercitar su cerebro. Por miles de a\u00f1os, la gente ha usado la meditaci\u00f3n y la oraci\u00f3n para cambiar el cerebro ejercitando la mente. En los \u00faltimos 50 a\u00f1os, sin embargo, la tecnolog\u00eda de biorretroalimentaci\u00f3n ha hecho posible una opci\u00f3n mucho m\u00e1s r\u00e1pida y f\u00e1cil: \u00a1Cambiar la mente ejercitando el cerebro directamente!<\/p>\n<p>&nbsp;<\/p>\n<p>Cuando usted le da a su cerebro tiempo real de informaci\u00f3n acerca de sus niveles de energ\u00eda, usted puede ense\u00f1arlo a calmar o acelerarse, a cambiar delicadamente y llegar a ser m\u00e1s eficiente. Estos cambios contin\u00faan en su vida diaria. Un programa de entrenamiento en el hogar de terapia de retroalimentaci\u00f3n neurol\u00f3gica o biorretroalimentaci\u00f3n puede hacer que esto suceda.<\/p>\n<p>&nbsp;<\/p>\n<p><strong>\u00bfQu\u00e9<\/strong><strong> sucede durante el Brain Training<\/strong><\/p>\n<p>El equipo del entrenamiento del cerebro recoge informaci\u00f3n de sensores (los aud\u00edfonos de HEG o electrodos) acomodados en su pericr\u00e1neo o frente acerca de como su cerebro est\u00e1 funcionando y manda esta informaci\u00f3n a una computadora.<\/p>\n<p><img loading=\"lazy\" decoding=\"async\" class=\"aligncenter\" style=\"border: 0px;\" src=\"\/wp-content\/uploads\/2013\/10\/Johntrain2.gif\" alt=\"Brain Training EEG\" width=\"200\" height=\"138\" border=\"0\" \/><\/p>\n<p>El software del entrenamiento del cerebro es informado que cambios espec\u00edficos usted quiere hacer en el comportamiento de su cerebro. Establece objetivos y le provee a usted con biorretroalimentaci\u00f3n, tales como m\u00fasica, videos o juegos, que comienzan y paran dependiendo en ya sea que su cerebro est\u00e9 o no est\u00e9 alcanzando sus objetivos. El Brain Training no ense\u00f1a trucos o t\u00e9cnicas. Su cerebro se cambia por s\u00ed mismo. Usted no tiene que \u201cpensarlo\u201d o \u201ctratarlo\u201d. Su cerebro obtiene el feedback cuando usted le pone atenci\u00f3n a \u00e9l y se mueve en la direcci\u00f3n deseada. Aqu\u00ed en brain-trainer.com, nosotros le ofrecemos el equipo de biorretroalimentaci\u00f3n, el software, y el entrenamiento para obtener los resultados de retroalimentaci\u00f3n neurol\u00f3gica que usted quiere.<\/p>\n<p>&nbsp;<\/p>\n<p><strong>\u00bfQu\u00e9<\/strong><strong> puedo cambiar?<\/strong><\/p>\n<p>Diferentes tipos de entrenamiento de retroalimentaci\u00f3n neurol\u00f3gica en diferentes \u00e1reas del cerebro pueden ayudarle a usted a:<\/p>\n<ul>\n<li>Fortalecer la atenci\u00f3n, enfoque, aprendizaje, memoria, creatividad e intuici\u00f3n;<\/li>\n<li>Obtener mayor control de comportamiento, emociones, y pensamientos apresurados;<\/li>\n<li>Aclarar y estabilizar el estado an\u00edmico y tratar con previas experiencias traum\u00e1ticas;<\/li>\n<li>Mejorar el sue\u00f1o, apetito y otras funciones f\u00edsicas;<\/li>\n<li>Superar el dolor cr\u00f3nico y condiciones de fatiga;<\/li>\n<li>Rehabilitar lesiones de la cabeza, actividad convulsiva, migra\u00f1as y defecaci\u00f3n irritable;<\/li>\n<li>Mejorar su habilidad de permanecer en \u201cla zona\u201d y funcionar a su m\u00e1<\/li>\n<\/ul>\n<p>&nbsp;<\/p>\n<p>Hay dos tecnolog\u00edas principales de ejercicios mentales que nosotros recomendamos, HEG y EEG. Cualquiera puede ser usada sola, pero los planes de entrenamiento tambi\u00e9n pueden incorporar ambos m\u00e9todos.<\/p>\n<\/div>\n","protected":false},"excerpt":{"rendered":"<p>HEG: HEMO-Encefalograf\u00eda La PFC (corteza prefrontal), el centro ejecutivo del cerebro tendido detr\u00e1s de la frente, controla la atenci\u00f3n y bloquea distracciones. Integra un fluir constante de material sensorial, emocional y de memoria y decide qu\u00e9 significa y qu\u00e9 hacer acerca de ello. Proyecta impulsos salientes f\u00edsicos, verbales y emocionales. Regula el estado an\u00edmico. Es [&hellip;]<\/p>\n","protected":false},"author":6,"featured_media":0,"parent":13088,"menu_order":0,"comment_status":"closed","ping_status":"closed","template":"","meta":{"_acf_changed":false,"footnotes":""},"class_list":["post-13703","page","type-page","status-publish","hentry"],"acf":[],"yoast_head":"<!-- This site is optimized with the Yoast SEO plugin v25.9 - https:\/\/yoast.com\/wordpress\/plugins\/seo\/ -->\n<title>Brain Training - brain-trainer.com<\/title>\n<meta name=\"description\" content=\"El Brain Training. Su cerebro es donde la mente y el cuerpo se juntan. As\u00ed como usted puede entrenar su cuerpo para producir resistencia, fuerza, flexibilidad, as\u00ed usted puede entrenar..\" \/>\n<meta name=\"robots\" content=\"index, follow, max-snippet:-1, max-image-preview:large, max-video-preview:-1\" \/>\n<link rel=\"canonical\" href=\"https:\/\/brain-trainer.com\/es\/sobre\/brain-training\/\" \/>\n<meta property=\"og:locale\" content=\"es_ES\" \/>\n<meta property=\"og:type\" content=\"article\" \/>\n<meta property=\"og:title\" content=\"Brain Training - brain-trainer.com\" \/>\n<meta property=\"og:description\" content=\"El Brain Training. Su cerebro es donde la mente y el cuerpo se juntan. As\u00ed como usted puede entrenar su cuerpo para producir resistencia, fuerza, flexibilidad, as\u00ed usted puede entrenar..\" \/>\n<meta property=\"og:url\" content=\"https:\/\/brain-trainer.com\/es\/sobre\/brain-training\/\" \/>\n<meta property=\"og:site_name\" content=\"brain-trainer.com\" \/>\n<meta property=\"article:publisher\" content=\"https:\/\/www.facebook.com\/BraintrainerU\/\" \/>\n<meta property=\"article:modified_time\" content=\"2024-03-31T12:58:04+00:00\" \/>\n<meta name=\"twitter:label1\" content=\"Tiempo de lectura\" \/>\n\t<meta name=\"twitter:data1\" content=\"6 minutos\" \/>\n<script type=\"application\/ld+json\" class=\"yoast-schema-graph\">{\"@context\":\"https:\/\/schema.org\",\"@graph\":[{\"@type\":\"WebPage\",\"@id\":\"https:\/\/brain-trainer.com\/es\/sobre\/brain-training\/\",\"url\":\"https:\/\/brain-trainer.com\/es\/sobre\/brain-training\/\",\"name\":\"Brain Training - brain-trainer.com\",\"isPartOf\":{\"@id\":\"https:\/\/brain-trainer.com\/es\/#website\"},\"datePublished\":\"2018-03-31T15:54:35+00:00\",\"dateModified\":\"2024-03-31T12:58:04+00:00\",\"description\":\"El Brain Training. Su cerebro es donde la mente y el cuerpo se juntan. As\u00ed como usted puede entrenar su cuerpo para producir resistencia, fuerza, flexibilidad, as\u00ed usted puede entrenar..\",\"breadcrumb\":{\"@id\":\"https:\/\/brain-trainer.com\/es\/sobre\/brain-training\/#breadcrumb\"},\"inLanguage\":\"es\",\"potentialAction\":[{\"@type\":\"ReadAction\",\"target\":[\"https:\/\/brain-trainer.com\/es\/sobre\/brain-training\/\"]}]},{\"@type\":\"BreadcrumbList\",\"@id\":\"https:\/\/brain-trainer.com\/es\/sobre\/brain-training\/#breadcrumb\",\"itemListElement\":[{\"@type\":\"ListItem\",\"position\":1,\"name\":\"Home\",\"item\":\"https:\/\/brain-trainer.com\/es\/\"},{\"@type\":\"ListItem\",\"position\":2,\"name\":\"Sobre\",\"item\":\"https:\/\/brain-trainer.com\/es\/sobre\/\"},{\"@type\":\"ListItem\",\"position\":3,\"name\":\"Brain Training\"}]},{\"@type\":\"WebSite\",\"@id\":\"https:\/\/brain-trainer.com\/es\/#website\",\"url\":\"https:\/\/brain-trainer.com\/es\/\",\"name\":\"brain-trainer.com\",\"description\":\"By Trainers, For Trainers\",\"publisher\":{\"@id\":\"https:\/\/brain-trainer.com\/es\/#organization\"},\"potentialAction\":[{\"@type\":\"SearchAction\",\"target\":{\"@type\":\"EntryPoint\",\"urlTemplate\":\"https:\/\/brain-trainer.com\/es\/?s={search_term_string}\"},\"query-input\":{\"@type\":\"PropertyValueSpecification\",\"valueRequired\":true,\"valueName\":\"search_term_string\"}}],\"inLanguage\":\"es\"},{\"@type\":\"Organization\",\"@id\":\"https:\/\/brain-trainer.com\/es\/#organization\",\"name\":\"Brain-Trainer International\",\"url\":\"https:\/\/brain-trainer.com\/es\/\",\"logo\":{\"@type\":\"ImageObject\",\"inLanguage\":\"es\",\"@id\":\"https:\/\/brain-trainer.com\/es\/#\/schema\/logo\/image\/\",\"url\":\"https:\/\/brain-trainer.com\/wp-content\/uploads\/2015\/07\/brain-trainer.com-logo.jpg\",\"contentUrl\":\"https:\/\/brain-trainer.com\/wp-content\/uploads\/2015\/07\/brain-trainer.com-logo.jpg\",\"width\":384,\"height\":124,\"caption\":\"Brain-Trainer International\"},\"image\":{\"@id\":\"https:\/\/brain-trainer.com\/es\/#\/schema\/logo\/image\/\"},\"sameAs\":[\"https:\/\/www.facebook.com\/BraintrainerU\/\",\"https:\/\/x.com\/BraintrainerU\",\"https:\/\/www.instagram.com\/braintraineru\"]}]}<\/script>\n<!-- \/ Yoast SEO plugin. -->","yoast_head_json":{"title":"Brain Training - brain-trainer.com","description":"El Brain Training. Su cerebro es donde la mente y el cuerpo se juntan. As\u00ed como usted puede entrenar su cuerpo para producir resistencia, fuerza, flexibilidad, as\u00ed usted puede entrenar..","robots":{"index":"index","follow":"follow","max-snippet":"max-snippet:-1","max-image-preview":"max-image-preview:large","max-video-preview":"max-video-preview:-1"},"canonical":"https:\/\/brain-trainer.com\/es\/sobre\/brain-training\/","og_locale":"es_ES","og_type":"article","og_title":"Brain Training - brain-trainer.com","og_description":"El Brain Training. Su cerebro es donde la mente y el cuerpo se juntan. As\u00ed como usted puede entrenar su cuerpo para producir resistencia, fuerza, flexibilidad, as\u00ed usted puede entrenar..","og_url":"https:\/\/brain-trainer.com\/es\/sobre\/brain-training\/","og_site_name":"brain-trainer.com","article_publisher":"https:\/\/www.facebook.com\/BraintrainerU\/","article_modified_time":"2024-03-31T12:58:04+00:00","twitter_misc":{"Tiempo de lectura":"6 minutos"},"schema":{"@context":"https:\/\/schema.org","@graph":[{"@type":"WebPage","@id":"https:\/\/brain-trainer.com\/es\/sobre\/brain-training\/","url":"https:\/\/brain-trainer.com\/es\/sobre\/brain-training\/","name":"Brain Training - brain-trainer.com","isPartOf":{"@id":"https:\/\/brain-trainer.com\/es\/#website"},"datePublished":"2018-03-31T15:54:35+00:00","dateModified":"2024-03-31T12:58:04+00:00","description":"El Brain Training. Su cerebro es donde la mente y el cuerpo se juntan. As\u00ed como usted puede entrenar su cuerpo para producir resistencia, fuerza, flexibilidad, as\u00ed usted puede entrenar..","breadcrumb":{"@id":"https:\/\/brain-trainer.com\/es\/sobre\/brain-training\/#breadcrumb"},"inLanguage":"es","potentialAction":[{"@type":"ReadAction","target":["https:\/\/brain-trainer.com\/es\/sobre\/brain-training\/"]}]},{"@type":"BreadcrumbList","@id":"https:\/\/brain-trainer.com\/es\/sobre\/brain-training\/#breadcrumb","itemListElement":[{"@type":"ListItem","position":1,"name":"Home","item":"https:\/\/brain-trainer.com\/es\/"},{"@type":"ListItem","position":2,"name":"Sobre","item":"https:\/\/brain-trainer.com\/es\/sobre\/"},{"@type":"ListItem","position":3,"name":"Brain Training"}]},{"@type":"WebSite","@id":"https:\/\/brain-trainer.com\/es\/#website","url":"https:\/\/brain-trainer.com\/es\/","name":"brain-trainer.com","description":"By Trainers, For Trainers","publisher":{"@id":"https:\/\/brain-trainer.com\/es\/#organization"},"potentialAction":[{"@type":"SearchAction","target":{"@type":"EntryPoint","urlTemplate":"https:\/\/brain-trainer.com\/es\/?s={search_term_string}"},"query-input":{"@type":"PropertyValueSpecification","valueRequired":true,"valueName":"search_term_string"}}],"inLanguage":"es"},{"@type":"Organization","@id":"https:\/\/brain-trainer.com\/es\/#organization","name":"Brain-Trainer International","url":"https:\/\/brain-trainer.com\/es\/","logo":{"@type":"ImageObject","inLanguage":"es","@id":"https:\/\/brain-trainer.com\/es\/#\/schema\/logo\/image\/","url":"https:\/\/brain-trainer.com\/wp-content\/uploads\/2015\/07\/brain-trainer.com-logo.jpg","contentUrl":"https:\/\/brain-trainer.com\/wp-content\/uploads\/2015\/07\/brain-trainer.com-logo.jpg","width":384,"height":124,"caption":"Brain-Trainer International"},"image":{"@id":"https:\/\/brain-trainer.com\/es\/#\/schema\/logo\/image\/"},"sameAs":["https:\/\/www.facebook.com\/BraintrainerU\/","https:\/\/x.com\/BraintrainerU","https:\/\/www.instagram.com\/braintraineru"]}]}},"_links":{"self":[{"href":"https:\/\/brain-trainer.com\/es\/wp-json\/wp\/v2\/pages\/13703","targetHints":{"allow":["GET"]}}],"collection":[{"href":"https:\/\/brain-trainer.com\/es\/wp-json\/wp\/v2\/pages"}],"about":[{"href":"https:\/\/brain-trainer.com\/es\/wp-json\/wp\/v2\/types\/page"}],"author":[{"embeddable":true,"href":"https:\/\/brain-trainer.com\/es\/wp-json\/wp\/v2\/users\/6"}],"replies":[{"embeddable":true,"href":"https:\/\/brain-trainer.com\/es\/wp-json\/wp\/v2\/comments?post=13703"}],"version-history":[{"count":6,"href":"https:\/\/brain-trainer.com\/es\/wp-json\/wp\/v2\/pages\/13703\/revisions"}],"predecessor-version":[{"id":38543,"href":"https:\/\/brain-trainer.com\/es\/wp-json\/wp\/v2\/pages\/13703\/revisions\/38543"}],"up":[{"embeddable":true,"href":"https:\/\/brain-trainer.com\/es\/wp-json\/wp\/v2\/pages\/13088"}],"wp:attachment":[{"href":"https:\/\/brain-trainer.com\/es\/wp-json\/wp\/v2\/media?parent=13703"}],"curies":[{"name":"wp","href":"https:\/\/api.w.org\/{rel}","templated":true}]}}