{"id":13752,"date":"2018-04-04T16:37:56","date_gmt":"2018-04-04T20:37:56","guid":{"rendered":"https:\/\/brain-trainer.com\/para-profesionales\/"},"modified":"2018-04-04T16:37:56","modified_gmt":"2018-04-04T20:37:56","slug":"para-profesionales","status":"publish","type":"page","link":"https:\/\/brain-trainer.com\/es\/para-profesionales\/","title":{"rendered":"Para profesionales"},"content":{"rendered":"<p class=\"lead\">El sistema de neurofeedback de Brain-Trainer integrado, con apoyo, centrado en el cliente ubica el cerebro, gu\u00eda sus decisiones de entrenamiento y le ayuda a implementarlos en minutos en lugar de d\u00edas por menos de la mitad del costo.<\/p>\n<div id=\"for-pros-accordion\" class=\"panel-group\" role=\"tablist\">\n<div class=\"panel panel-default\">\n<div id=\"headingOne\" class=\"panel-heading\" role=\"tab\">\n<h4 class=\"panel-title\"><a role=\"button\" href=\"#collapseOne\"><br \/>\nTQ7: El Trainer\u2019s Q<br \/>\n<\/a><\/h4>\n<\/div>\n<div id=\"collapseOne\" class=\"panel-collapse collapse in\" role=\"tabpanel\">\n<div class=\"panel-body\">\n<div class=\"col-sm-8\">\n<p>El QEEG le da una visi\u00f3n clara del cerebro de su cliente para guiar su entrenamiento. El TQ7 &#8220;Trainer&#8217;s Q&#8221; se enfoca espec\u00edficamente en cuales patrones para entrenar basado en las metas del cliente. \u00a0Usando el mismo hardware y software que usar\u00e1 para el entrenamiento, usted reunir\u00e1 y procesar\u00e1 los datos de 20 sitios est\u00e1ndar de QEEG en la cabeza en 30 minutos. \u00a0No hay cargos de procesamiento, no retrasos. Usted tiene su reporte y circuito de entrenamiento de Whole-Brain para implementar en la primera sesi\u00f3n.<\/p>\n<\/div>\n<div class=\"col-sm-4\"><img decoding=\"async\" class=\"img-responsive\" src=\"https:\/\/brain-trainer.com\/wp-content\/uploads\/2014\/12\/Q-cap.jpg\" alt=\"Trainer's QEEG\" \/><\/div>\n<\/div>\n<\/div>\n<\/div>\n<div class=\"panel panel-default\">\n<div id=\"headingTwo\" class=\"panel-heading\" role=\"tab\">\n<h4 class=\"panel-title\"><a class=\"collapsed\" role=\"button\" href=\"#collapseTwo\"><br \/>\nEntrenamiento: Circuito de entrenamiento de Whole-Brain<\/a><\/h4>\n<p>Cada sesi\u00f3n de 30-60 minutos entrena 2-4 ejercicios\/sitios relacionados a una \u00e1rea de un problema espec\u00edfico. \u00a0Entrene 2-5 veces a la semana, un patr\u00f3n o sistema diferente en cada sesi\u00f3n. \u00a0Despu\u00e9s de completar un circuito de 4-6 sesiones, comience de nuevo. \u00a0Porque usted entrena algo diferente en cada sesi\u00f3n, usted cambia todo el sistema a la vez. \u00a0Porque est\u00e1 entrenando todo, es com\u00fan para los clientes notar resultados en el primer circuito. \u00a0Despu\u00e9s de 1-2 ciclos del plan, comience separando las sesiones para construir y medir la habilidad del cerebro de sostener los cambios por su propia cuenta.<\/p>\n<h4 class=\"panel-title\"><img decoding=\"async\" class=\"img-responsive\" src=\"https:\/\/brain-trainer.com\/wp-content\/uploads\/2014\/12\/training-circuit.jpg\" alt=\"Whole-Brain training circuit\" \/><\/h4>\n<\/div>\n<\/div>\n<div class=\"panel panel-default\">\n<div id=\"headingThree\" class=\"panel-heading\" role=\"tab\">\n<h4 class=\"panel-title\"><a class=\"collapsed\" role=\"button\" href=\"#collapseThree\"><br \/>\nComparici\u00f3n: Brain-Trainer vs. Otro sistema basado en el cerebro<br \/>\n<\/a><\/h4>\n<\/div>\n<div id=\"collapseThree\" class=\"panel-collapse collapse\" role=\"tabpanel\">\n<div class=\"panel-body\">\n<div class=\"col-sm-8\">\n<p>La mayor\u00eda de los sistemas QEEG requieren que usted compre hardware y software especial. \u00a0Ya que son b\u00e1sicamente herramientas para el estudio, requieren que usted pague y espere para una comparaci\u00f3n del cliente contra un promedio de la poblaci\u00f3n en general. \u00a0A\u00fan as\u00ed no hay un enfoque espec\u00edfico en qu\u00e9 o donde entrenar. \u00a0Algunos tales sistemas resuelven este problema entrenando &#8220;z-scores&#8221;- esencialmente entrenando todas las medidas del cerebro hacia el promedio de una base de datos de poblaci\u00f3n. Algunas de estas Q&#8217;s de estudios venden software adicional para producir im\u00e1genes \u00a0LORETA del cerebro. \u00a0Ya que EEG es casi completamente medido de neuronas en la superficie del c\u00f3rtex, estas im\u00e1genes son sencillamente proyecciones basadas en datos de superficie. Y todo entrenamiento de EEG, sea whole-brain, z-score o LORETA, est\u00e1 entrenando la misma cosa- la actividad que es le\u00edda por las neuronas superficiales.<\/p>\n<p>El sistema de TQ7 y brain-trainer re\u00fane los mismos datos de los mismos sitios, pero no son dise\u00f1ados para investigaciones. \u00a0Identifican patrones cerebrales que tienen m\u00e1s probabilidad de ser relacionados a problemas de entrenamiento espec\u00edficos y combinarlos a un ejercicio de un circuito completo.<\/p>\n<\/div>\n<div class=\"col-sm-4\"><img decoding=\"async\" class=\"img-responsive\" src=\"https:\/\/brain-trainer.com\/wp-content\/uploads\/2014\/12\/cold-cingulate.jpg\" alt=\"Brain-trainer vs. other systems\" \/><\/div>\n<\/div>\n<\/div>\n<\/div>\n<div class=\"panel panel-default\">\n<div id=\"headingFour\" class=\"panel-heading\" role=\"tab\">\n<h4 class=\"panel-title\"><a class=\"collapsed\" role=\"button\" href=\"#collapseFour\"><br \/>\nC <\/a>uales son las opciones<\/h4>\n<\/div>\n<div id=\"collapseFour\" class=\"panel-collapse collapse\" role=\"tabpanel\">\n<div class=\"panel-body\">\n<div class=\"col-sm-8\">\n<p>Los dos sistemas principales de brain-training que recomendamos son HEG y EEG. HEG es r\u00e1pido y f\u00e1cil de usar y es \u00fatil para problemas de atenci\u00f3n, control de impulso, organizaci\u00f3n, motivaci\u00f3n, estabilidad emocional y claridad, etc. \u00a0Es una buena opci\u00f3n para entrenar casi inmediatamente, sin una evaluaci\u00f3n y en solo 15-20 minutos cada otro d\u00eda.<\/p>\n<p>Entrenamiento EEG es m\u00e1s complejo para aprender y hacer. \u00a0Hay algunas habilidades b\u00e1sicas para aprender, pero con el apoyo de un entrenador lay puede reunir datos para su QEEG y entrenar un plan de whole-brain. \u00a0Para problemas f\u00edsicos como dormir o dolor, para problemas emocionales, trauma, estados meditativos, etc. \u00a0EEG es una parte importante del entrenamiento. \u00a0Los dos juntos son ideales.<\/p>\n<p>La mayor\u00eda de los profesionales usan todo el paquete. \u00a0Muchos entrenadores de hogar- especialmente aquellos trabajando principalmente en problemas cognitivos del rendimiento mental en los cerebros m\u00e1s j\u00f3venes, pueden encontrar que HEG es todo lo que necesitan. \u00a0Es posible comprar un sistema HEG inicialmente, escogiendo un amplificador con la habilidad de hacer un EEG tambi\u00e9n, y despu\u00e9s a\u00f1adir EEG si y cuando desee sin gran costo adicional.\u00a0<img decoding=\"async\" class=\"img-responsive\" src=\"https:\/\/brain-trainer.com\/wp-content\/uploads\/2014\/12\/cap-client-trainingS1160010.jpg\" alt=\"Pros What options\" \/><\/p>\n<\/div>\n<\/div>\n<\/div>\n<\/div>\n<div class=\"panel panel-default\">\n<div id=\"headingFive\" class=\"panel-heading\" role=\"tab\">\n<h4 class=\"panel-title\"><a class=\"collapsed\" role=\"button\" href=\"#collapseFive\"><br \/>\n\u00bf <\/a>Cuales son los riesgos?<\/h4>\n<\/div>\n<div id=\"collapseFive\" class=\"panel-collapse collapse\" role=\"tabpanel\">\n<div class=\"panel-body\">\n<div class=\"col-sm-8\">\n<p>Cualquier cosa que tenga el poder de ayudarle a cambiar su cerebro de manera positiva tambi\u00e9n puede tener resultados negativos. \u00a0Usted se puede lastimar nadando o corriendo o haciendo ejercicio en el gimnasio. El enfoque de brain-trainer es de mirar al cerebro en detalle&#8211; ver cuales patrones de activaci\u00f3n est\u00e1n en lugar e identificar aquellos con m\u00e1s posibilidad de bloquear los cambios deseados. \u00a0El plan de entrenamiento de Whole-Brain trabaja todos los circuitos, por lo tanto ning\u00fan sitio o sistema est\u00e9 sobre entrenados y cambie todo el sistema. Seguramente una persona puede experimentar una liberaci\u00f3n de emociones durante y despu\u00e9s de una sesi\u00f3n-l\u00e1grimas de ira- como parte de dejar ir viejos patrones, pero estas respuestas generalmente duran 8-12 horas o menos. \u00a0Y el cliente siempre tiene el derecho de para un ejercicio so no se sienten bien. \u00a0Regresando al mismo entrenamiento 5 sesiones despu\u00e9s en el pr\u00f3ximo circuito, ese mismo ejercicio puede ser uno de los m\u00e1s \u00fatiles. \u00a0El enfoque de brain-trainer no &#8220;empuja&#8221; al cerebro, y se enfoca en flexibilidad y estabilidad, entonces es poco probable de resultar en incomodidad o una respuesta temporaria negativa.\u00a0<img decoding=\"async\" class=\"img-responsive\" src=\"https:\/\/brain-trainer.com\/wp-content\/uploads\/2014\/12\/pattern-to-plan.jpg\" alt=\"Pros what risks\" \/><\/p>\n<\/div>\n<\/div>\n<\/div>\n<\/div>\n<div class=\"panel panel-default\">\n<div id=\"headingSix\" class=\"panel-heading\" role=\"tab\">\n<h4 class=\"panel-title\"><a class=\"collapsed\" role=\"button\" href=\"#collapseSix\"><br \/>\n\u00bfC\u00f3mo ayuda Brain-Trainer?<br \/>\n<\/a><\/h4>\n<\/div>\n<div id=\"collapseSix\" class=\"panel-collapse collapse\" role=\"tabpanel\">\n<div class=\"panel-body\">\n<div class=\"col-sm-8\">\n<p>Su paquete de calidad incluir\u00e1 todo lo que necesita en un sistema integrado para hacer el entrenamiento que usted desea seguir. \u00a0Usted no tiene que decidir entre las opciones y averiguar qu\u00e9 va junto. \u00a0Todo est\u00e1 hecho por usted. \u00a0El paquete tambi\u00e9n incluye nuestro soporte en l\u00ednea para instalar el sistema en su computadora. \u00a0Los paquetes frecuentemente incluyen videos de entrenamiento para ayudarle a desarrollar habilidades b\u00e1sicas al descargar y vi\u00e9ndolos en la casa en su computadora. \u00a0Muchos paquetes tambi\u00e9n incluyen tutor\u00eda, as\u00ed que tiene a uno de nuestros entrenadores disponible cuando tenga dudas o preocupaciones&#8211;a\u00fan solo preguntas y sugerencias. Nuestra \u00e1rea de &#8220;respuestas&#8221; es un gran recurso para ayudarle a aprender m\u00e1s acerca del entrenamiento cerebral en su propio tiempo. \u00a0Nuestro grupo de braintrainer en Yahoo trae m\u00e1s de 2000 colegas a su caja de correo electr\u00f3nico para contestar preguntas, ayuda con problemas t\u00e9cnicos o le deja leer las respuestas a sus preguntas. \u00a0Los paquetes EEG incluyen procesamiento de su TQ y presentaci\u00f3n de un entrenamiento circuito de Whole-Brain para guiarle en cada paso del camino.<\/p>\n<\/div>\n<div class=\"col-sm-4\"><img decoding=\"async\" class=\"img-responsive\" src=\"https:\/\/brain-trainer.com\/wp-content\/uploads\/2014\/12\/signature-package-DSCF3905.jpg\" alt=\"Pros brain-trainer help\" \/><\/div>\n<\/div>\n<\/div>\n<\/div>\n<div class=\"panel panel-default\">\n<div id=\"headingSeven\" class=\"panel-heading\" role=\"tab\">\n<h4 class=\"panel-title\"><a class=\"collapsed\" role=\"button\" href=\"#collapseSeven\"><br \/>\nD\u00e9jenos guiarle<br \/>\n<\/a><\/h4>\n<\/div>\n<div id=\"collapseSeven\" class=\"panel-collapse collapse\" role=\"tabpanel\">\n<div class=\"panel-body\">\n<div class=\"col-sm-8\">\n<p>Lo que hace a brain-trainer \u00fanico es muy sencillo: Somos entrenadores nosotros mismos.<\/p>\n<p>Hemos estado entrenando cerebros y entrenadores cerebrales por m\u00e1s de 20 a\u00f1os, lidiando con los desaf\u00edos de la vida real que cada entrenador enfrenta. \u00a0Sabemos lo que necesitan los entrenadores, y construimos nuestro servicio y nuestros productos alrededor de eso. \u00a0Nuestro TQ es un QEEG para entrenadores. \u00a0Produce un plan personalizado para cada cliente&#8211;sin retrasos, sin cargos. No entrenamos al promedio. \u00a0El entrenamiento de Whole-Brain trabaja los patrones principales del cerebro identificados y sitios en un circuito de 4 a 6 sesiones.<\/p>\n<p>Siempre estamos buscando por mejor hardware y software que sea de alta calidad, econ\u00f3mico y poderoso de proveedores por todo el mundo. \u00a0Vendemos los sistemas que nosotros mismos usamos, as\u00ed que puede contar en recibir lo que necesita para trabajar con cualquier tipo de cliente. \u00a0Y puede contar con nuestro apoyo.<\/p>\n<p>Las herramientas y el apoyo que ofrecemos son pr\u00e1cticos, econ\u00f3micos, centrado en el cliente, y se enfocan en darle sistemas sofisticados de una manera que f\u00e1cilmente usted puede usar. Unase a los miles de entrenadores alrededor del mundo quienes han descubierto lo que significa tener un colega en su esquina.<\/p>\n<p>Esperamos trabajar con usted.<\/p>\n<\/div>\n<div class=\"col-sm-4\"><img decoding=\"async\" class=\"img-responsive\" src=\"https:\/\/brain-trainer.com\/wp-content\/uploads\/2014\/12\/support.jpg\" alt=\"Professionals let us guide you\" \/><\/div>\n<\/div>\n<\/div>\n<\/div>\n<\/div>\n","protected":false},"excerpt":{"rendered":"<p>El sistema de neurofeedback de Brain-Trainer integrado, con apoyo, centrado en el cliente ubica el cerebro, gu\u00eda sus decisiones de entrenamiento y le ayuda a implementarlos en minutos en lugar de d\u00edas por menos de la mitad del costo. TQ7: El Trainer\u2019s Q El QEEG le da una visi\u00f3n clara del cerebro de su cliente [&hellip;]<\/p>\n","protected":false},"author":45,"featured_media":0,"parent":0,"menu_order":0,"comment_status":"closed","ping_status":"closed","template":"","meta":{"_acf_changed":false,"footnotes":""},"class_list":["post-13752","page","type-page","status-publish","hentry"],"acf":[],"yoast_head":"<!-- This site is optimized with the Yoast SEO plugin v27.3 - https:\/\/yoast.com\/product\/yoast-seo-wordpress\/ -->\n<title>Para profesionales - brain-trainer.com<\/title>\n<meta name=\"robots\" content=\"index, follow, max-snippet:-1, max-image-preview:large, max-video-preview:-1\" \/>\n<link rel=\"canonical\" href=\"https:\/\/brain-trainer.com\/es\/para-profesionales\/\" \/>\n<meta property=\"og:locale\" content=\"es_ES\" \/>\n<meta property=\"og:type\" content=\"article\" \/>\n<meta property=\"og:title\" content=\"Para profesionales - brain-trainer.com\" \/>\n<meta property=\"og:description\" content=\"El sistema de neurofeedback de Brain-Trainer integrado, con apoyo, centrado en el cliente ubica el cerebro, gu\u00eda sus decisiones de entrenamiento y le ayuda a implementarlos en minutos en lugar de d\u00edas por menos de la mitad del costo. TQ7: El Trainer\u2019s Q El QEEG le da una visi\u00f3n clara del cerebro de su cliente [&hellip;]\" \/>\n<meta property=\"og:url\" content=\"https:\/\/brain-trainer.com\/es\/para-profesionales\/\" \/>\n<meta property=\"og:site_name\" content=\"brain-trainer.com\" \/>\n<meta property=\"article:publisher\" content=\"https:\/\/www.facebook.com\/BraintrainerU\/\" \/>\n<meta property=\"og:image\" content=\"https:\/\/brain-trainer.com\/wp-content\/uploads\/2014\/12\/Q-cap.jpg\" \/>\n<meta name=\"twitter:label1\" content=\"Tiempo de lectura\" \/>\n\t<meta name=\"twitter:data1\" content=\"6 minutos\" \/>\n<script type=\"application\/ld+json\" class=\"yoast-schema-graph\">{\"@context\":\"https:\\\/\\\/schema.org\",\"@graph\":[{\"@type\":\"WebPage\",\"@id\":\"https:\\\/\\\/brain-trainer.com\\\/es\\\/para-profesionales\\\/\",\"url\":\"https:\\\/\\\/brain-trainer.com\\\/es\\\/para-profesionales\\\/\",\"name\":\"Para profesionales - brain-trainer.com\",\"isPartOf\":{\"@id\":\"https:\\\/\\\/brain-trainer.com\\\/es\\\/#website\"},\"primaryImageOfPage\":{\"@id\":\"https:\\\/\\\/brain-trainer.com\\\/es\\\/para-profesionales\\\/#primaryimage\"},\"image\":{\"@id\":\"https:\\\/\\\/brain-trainer.com\\\/es\\\/para-profesionales\\\/#primaryimage\"},\"thumbnailUrl\":\"https:\\\/\\\/brain-trainer.com\\\/wp-content\\\/uploads\\\/2014\\\/12\\\/Q-cap.jpg\",\"datePublished\":\"2018-04-04T20:37:56+00:00\",\"breadcrumb\":{\"@id\":\"https:\\\/\\\/brain-trainer.com\\\/es\\\/para-profesionales\\\/#breadcrumb\"},\"inLanguage\":\"es\",\"potentialAction\":[{\"@type\":\"ReadAction\",\"target\":[\"https:\\\/\\\/brain-trainer.com\\\/es\\\/para-profesionales\\\/\"]}]},{\"@type\":\"ImageObject\",\"inLanguage\":\"es\",\"@id\":\"https:\\\/\\\/brain-trainer.com\\\/es\\\/para-profesionales\\\/#primaryimage\",\"url\":\"https:\\\/\\\/brain-trainer.com\\\/wp-content\\\/uploads\\\/2014\\\/12\\\/Q-cap.jpg\",\"contentUrl\":\"https:\\\/\\\/brain-trainer.com\\\/wp-content\\\/uploads\\\/2014\\\/12\\\/Q-cap.jpg\"},{\"@type\":\"BreadcrumbList\",\"@id\":\"https:\\\/\\\/brain-trainer.com\\\/es\\\/para-profesionales\\\/#breadcrumb\",\"itemListElement\":[{\"@type\":\"ListItem\",\"position\":1,\"name\":\"Home\",\"item\":\"https:\\\/\\\/brain-trainer.com\\\/es\\\/\"},{\"@type\":\"ListItem\",\"position\":2,\"name\":\"Para profesionales\"}]},{\"@type\":\"WebSite\",\"@id\":\"https:\\\/\\\/brain-trainer.com\\\/es\\\/#website\",\"url\":\"https:\\\/\\\/brain-trainer.com\\\/es\\\/\",\"name\":\"brain-trainer.com\",\"description\":\"By Trainers, For Trainers\",\"publisher\":{\"@id\":\"https:\\\/\\\/brain-trainer.com\\\/es\\\/#organization\"},\"potentialAction\":[{\"@type\":\"SearchAction\",\"target\":{\"@type\":\"EntryPoint\",\"urlTemplate\":\"https:\\\/\\\/brain-trainer.com\\\/es\\\/?s={search_term_string}\"},\"query-input\":{\"@type\":\"PropertyValueSpecification\",\"valueRequired\":true,\"valueName\":\"search_term_string\"}}],\"inLanguage\":\"es\"},{\"@type\":\"Organization\",\"@id\":\"https:\\\/\\\/brain-trainer.com\\\/es\\\/#organization\",\"name\":\"Brain-Trainer International\",\"url\":\"https:\\\/\\\/brain-trainer.com\\\/es\\\/\",\"logo\":{\"@type\":\"ImageObject\",\"inLanguage\":\"es\",\"@id\":\"https:\\\/\\\/brain-trainer.com\\\/es\\\/#\\\/schema\\\/logo\\\/image\\\/\",\"url\":\"https:\\\/\\\/brain-trainer.com\\\/wp-content\\\/uploads\\\/2015\\\/07\\\/brain-trainer.com-logo.jpg\",\"contentUrl\":\"https:\\\/\\\/brain-trainer.com\\\/wp-content\\\/uploads\\\/2015\\\/07\\\/brain-trainer.com-logo.jpg\",\"width\":384,\"height\":124,\"caption\":\"Brain-Trainer International\"},\"image\":{\"@id\":\"https:\\\/\\\/brain-trainer.com\\\/es\\\/#\\\/schema\\\/logo\\\/image\\\/\"},\"sameAs\":[\"https:\\\/\\\/www.facebook.com\\\/BraintrainerU\\\/\",\"https:\\\/\\\/x.com\\\/BraintrainerU\",\"https:\\\/\\\/www.instagram.com\\\/braintraineru\"]}]}<\/script>\n<!-- \/ Yoast SEO plugin. -->","yoast_head_json":{"title":"Para profesionales - brain-trainer.com","robots":{"index":"index","follow":"follow","max-snippet":"max-snippet:-1","max-image-preview":"max-image-preview:large","max-video-preview":"max-video-preview:-1"},"canonical":"https:\/\/brain-trainer.com\/es\/para-profesionales\/","og_locale":"es_ES","og_type":"article","og_title":"Para profesionales - brain-trainer.com","og_description":"El sistema de neurofeedback de Brain-Trainer integrado, con apoyo, centrado en el cliente ubica el cerebro, gu\u00eda sus decisiones de entrenamiento y le ayuda a implementarlos en minutos en lugar de d\u00edas por menos de la mitad del costo. TQ7: El Trainer\u2019s Q El QEEG le da una visi\u00f3n clara del cerebro de su cliente [&hellip;]","og_url":"https:\/\/brain-trainer.com\/es\/para-profesionales\/","og_site_name":"brain-trainer.com","article_publisher":"https:\/\/www.facebook.com\/BraintrainerU\/","og_image":[{"url":"https:\/\/brain-trainer.com\/wp-content\/uploads\/2014\/12\/Q-cap.jpg","type":"","width":"","height":""}],"twitter_misc":{"Tiempo de lectura":"6 minutos"},"schema":{"@context":"https:\/\/schema.org","@graph":[{"@type":"WebPage","@id":"https:\/\/brain-trainer.com\/es\/para-profesionales\/","url":"https:\/\/brain-trainer.com\/es\/para-profesionales\/","name":"Para profesionales - brain-trainer.com","isPartOf":{"@id":"https:\/\/brain-trainer.com\/es\/#website"},"primaryImageOfPage":{"@id":"https:\/\/brain-trainer.com\/es\/para-profesionales\/#primaryimage"},"image":{"@id":"https:\/\/brain-trainer.com\/es\/para-profesionales\/#primaryimage"},"thumbnailUrl":"https:\/\/brain-trainer.com\/wp-content\/uploads\/2014\/12\/Q-cap.jpg","datePublished":"2018-04-04T20:37:56+00:00","breadcrumb":{"@id":"https:\/\/brain-trainer.com\/es\/para-profesionales\/#breadcrumb"},"inLanguage":"es","potentialAction":[{"@type":"ReadAction","target":["https:\/\/brain-trainer.com\/es\/para-profesionales\/"]}]},{"@type":"ImageObject","inLanguage":"es","@id":"https:\/\/brain-trainer.com\/es\/para-profesionales\/#primaryimage","url":"https:\/\/brain-trainer.com\/wp-content\/uploads\/2014\/12\/Q-cap.jpg","contentUrl":"https:\/\/brain-trainer.com\/wp-content\/uploads\/2014\/12\/Q-cap.jpg"},{"@type":"BreadcrumbList","@id":"https:\/\/brain-trainer.com\/es\/para-profesionales\/#breadcrumb","itemListElement":[{"@type":"ListItem","position":1,"name":"Home","item":"https:\/\/brain-trainer.com\/es\/"},{"@type":"ListItem","position":2,"name":"Para profesionales"}]},{"@type":"WebSite","@id":"https:\/\/brain-trainer.com\/es\/#website","url":"https:\/\/brain-trainer.com\/es\/","name":"brain-trainer.com","description":"By Trainers, For Trainers","publisher":{"@id":"https:\/\/brain-trainer.com\/es\/#organization"},"potentialAction":[{"@type":"SearchAction","target":{"@type":"EntryPoint","urlTemplate":"https:\/\/brain-trainer.com\/es\/?s={search_term_string}"},"query-input":{"@type":"PropertyValueSpecification","valueRequired":true,"valueName":"search_term_string"}}],"inLanguage":"es"},{"@type":"Organization","@id":"https:\/\/brain-trainer.com\/es\/#organization","name":"Brain-Trainer International","url":"https:\/\/brain-trainer.com\/es\/","logo":{"@type":"ImageObject","inLanguage":"es","@id":"https:\/\/brain-trainer.com\/es\/#\/schema\/logo\/image\/","url":"https:\/\/brain-trainer.com\/wp-content\/uploads\/2015\/07\/brain-trainer.com-logo.jpg","contentUrl":"https:\/\/brain-trainer.com\/wp-content\/uploads\/2015\/07\/brain-trainer.com-logo.jpg","width":384,"height":124,"caption":"Brain-Trainer International"},"image":{"@id":"https:\/\/brain-trainer.com\/es\/#\/schema\/logo\/image\/"},"sameAs":["https:\/\/www.facebook.com\/BraintrainerU\/","https:\/\/x.com\/BraintrainerU","https:\/\/www.instagram.com\/braintraineru"]}]}},"_links":{"self":[{"href":"https:\/\/brain-trainer.com\/es\/wp-json\/wp\/v2\/pages\/13752","targetHints":{"allow":["GET"]}}],"collection":[{"href":"https:\/\/brain-trainer.com\/es\/wp-json\/wp\/v2\/pages"}],"about":[{"href":"https:\/\/brain-trainer.com\/es\/wp-json\/wp\/v2\/types\/page"}],"author":[{"embeddable":true,"href":"https:\/\/brain-trainer.com\/es\/wp-json\/wp\/v2\/users\/45"}],"replies":[{"embeddable":true,"href":"https:\/\/brain-trainer.com\/es\/wp-json\/wp\/v2\/comments?post=13752"}],"version-history":[{"count":0,"href":"https:\/\/brain-trainer.com\/es\/wp-json\/wp\/v2\/pages\/13752\/revisions"}],"wp:attachment":[{"href":"https:\/\/brain-trainer.com\/es\/wp-json\/wp\/v2\/media?parent=13752"}],"curies":[{"name":"wp","href":"https:\/\/api.w.org\/{rel}","templated":true}]}}