{"id":14379,"date":"2018-06-08T12:02:20","date_gmt":"2018-06-08T16:02:20","guid":{"rendered":"https:\/\/brain-trainer.com\/terminos-y-condiciones\/"},"modified":"2018-06-08T12:02:26","modified_gmt":"2018-06-08T16:02:26","slug":"terminos-y-condiciones","status":"publish","type":"page","link":"https:\/\/brain-trainer.com\/es\/terminos-y-condiciones\/","title":{"rendered":"T\u00e9rminos y condiciones"},"content":{"rendered":"<p><strong>En General<\/strong><\/p>\n<p><strong>Brain-Trainer internacional (&#8220;brain-trainer.com&#8221;) <\/strong>posee y opera este sitio web. \u00a0Este documento gobierna su relaci\u00f3n con<strong> brain-trainer.com\u00a0<\/strong>(&#8220;sitio web&#8221;). \u00a0El acceso y el uso de este sitio web y sus productos y servicios disponibles a trav\u00e9s de este sitio web (colectivamente, los &#8220;servicios&#8221;) est\u00e1n sujetos a los siguientes t\u00e9rminos, condiciones y avisos (los &#8220;t\u00e9rminos de servicio&#8221;). \u00a0Usando estos servicios, usted est\u00e1 de acuerdo con todos los t\u00e9rminos de servicio, como pueden ser actualizados por nosotros de vez en cuando. \u00a0Usted debe verificar esta p\u00e1gina regularmente para tomar nota de cualquier cambio que hemos posiblemente hecho a los t\u00e9rminos de servicio.<\/p>\n<p>Acceso a este sitio web es permitido de forma temporal, y reservamos el derecho de retirar o modificar los servicios sin aviso. No seremos responsables si por alguna raz\u00f3n este sitio web no est\u00e1 disponible en cualquier momento o por cualquier periodo. De vez en cuando, podemos restringir el acceso a algunas partes o todo el sitio web.<\/p>\n<p>Este sitio web puede contener enlaces a otros sitios web (los &#8220;sitios enlazados&#8221;), los cuales no son operados por\u00a0<strong>brain-trainer.com. brain-trainer.com\u00a0<\/strong>no tiene control sober los sitios enlazados y no acepta responsabilidad por ellos o por ninguna perdida o da\u00f1o que pueda surgir de su uso de ellos. \u00a0Su uso de los sitios enlazados ser\u00e1n sujetos a los t\u00e9rminos de uso y servicio contenido dentro de cada sitio.<\/p>\n<p><strong>Pol\u00edtica de privacidad<\/strong><\/p>\n<p>Nuestra pol\u00edtica de privacidad, la cual establece c\u00f3mo usaremos nuestra informaci\u00f3n, se puede encontrar en brain-trainer.com\/privacy-policy\/. Usando este sitio web, usted consiente al procesamiento descrito en esto y garantiza que todos los datos facilitados por usted son precisos.<\/p>\n<p><strong>Prohibiciones<\/strong><\/p>\n<p>No debe mal usar este sitio web. \u00a0No: cometer\u00e1 o alentar\u00e1 una ofensa criminal; transmitir or distribuir un virus, trojan, worm, bomba l\u00f3gica o ning\u00fan otro material que sea malicioso, tecnol\u00f3gicamente da\u00f1ino, en violaci\u00f3n de confianza o de alguna manera ofensiva u obsceno; piratear en cualquier aspecto del servicio, da\u00f1ar los datos; causar molestia a otros usuarios; infringir los derechos de propiedad de otra persona; mandar\u00a0cualquier publicidad no solicitada o material promocional, com\u00fanmente conocido como &#8220;spam&#8221;; o intentar de afectar el rendimiento o funcionalidad de cualquier instalaci\u00f3n de computadoras o visitada por este sitio web. Incumpliendo esta disposici\u00f3n constituir\u00eda una ofensa criminal y\u00a0<strong>brain-trainer.com\u00a0<\/strong>reportar\u00e1 cualquier incumplimiento a las autoridades pertinentes de aplicaci\u00f3n de la ley\u00a0y revelar su identidad.<\/p>\n<p>No seremos responsables por cualquier p\u00e9rdida o da\u00f1o causado por\u00a0por un ataque distribuido de denegaci\u00f3n de servicio, virus u otro\u00a0material tecnol\u00f3gicamente da\u00f1ino que pueda infectar su equipo de computadora, programas de computadora, datos u otros\u00a0materiales patentado debido a su uso de este sitio web o a su descarga de cualquier material publicado en \u00e9l, o cualquier sitio web enlazado.<\/p>\n<p><strong>Propiedad Intelectual, software y contenido<\/strong><\/p>\n<p>Los derechos de propiedad intelectual en todo software y contenido (incluyendo im\u00e1genes fotogr\u00e1ficas) disponibles para usted en o a trav\u00e9s de este sitio web permanece la propiedad de\u00a0<strong>brain-trainer.com<\/strong> o sus\u00a0licenciantes y son protegidos por leyes y tratados de derecho de autor alrededor del mundo. Todos los derechos est\u00e1n reservados por\u00a0<strong>brain-trainer.com\u00a0<\/strong>y sus licenciantes. \u00a0Usted puede guardar, imprimir y mostrar el contenido\u00a0suministrado \u00fanicamente para su propio uso personal. \u00a0Usted no est\u00e1 permitido publicar, manipular, distribuir o reproducir de otra manera, en ning\u00fan formato el contenido o copias del contenido suministrado a usted o que aparece en este sitio web ni puede usar el contenido en conexi\u00f3n con cualquier negocio o empresa comercial.<\/p>\n<p><strong>T\u00e9rminos de venta<\/strong><\/p>\n<p>Haciendo un pedido estas ofreciendo comprar un producto en y sujeto a los siguientes t\u00e9rminos y condiciones. \u00a0Todos los pedidos est\u00e1n sujetos a disponibilidad y confirmaci\u00f3n del precio del pedido.<\/p>\n<p>Los tiempos de despacho pueden variar de acuerdo a la disponibilidad y sujeto a demora resultando de retrasos postales o fuerza mayo por lo cual no seremos responsables.<\/p>\n<p>Para contratar con\u00a0<strong>brain-trainer.com<\/strong> usted deber ser mayor de 18 a\u00f1os y poseer una tarjeta de cr\u00e9dito o d\u00e9bito v\u00e1lida por una banco acceptable para nosotros. \u00a0<strong>brain-trainer.com\u00a0<\/strong>conserva el derecho de rechazar cualquier solicitud hecha por usted. \u00a0Si su pedido es aceptado nosotros le informaremos por e-mail y confirmaremos la identidad del grupo con quien usted ha contratado. \u00a0Esto usualmente ser\u00e1\u00a0<strong>brain-trainer.com<\/strong> o en algunos casos puede ser un tercero. \u00a0Donde un contrato es hecho por un tercero\u00a0<strong>brain-trainer.com\u00a0<\/strong>no est\u00e1 actuando como agente o director y el contrato es hecho entre usted y la tercera persona y ser\u00e1 sujeto a los t\u00e9rminos de venta\u00a0que te proporcionan. \u00a0Al hacer un pedido usted emprende que todos los detalles que usted nos da son cierto y precisos, que usted es un usuario autorizado de la tarjeta de cr\u00e9dito o d\u00e9bito usada para hacer su pedido y que hay fondos suficientes para cubrir los costos del los bienes. \u00a0El costo de productos extranjeros y servicios pueden fluctuar. \u00a0Todos los precios anunciados son sujetos a tales cambios.<\/p>\n<p>(a) Nuestro contrato<\/p>\n<p>Cuando realizas tu pedido, usted recibir\u00e1 un e-mail de reconocimiento confirmando el recibo de su pedido: este e-mail solo ser\u00e1 un reconocimiento y\u00a0no constituir\u00e1 aceptaci\u00f3n de su pedido. \u00a0Un contrato entre nosotros no ser\u00e1 formado hasta que nosotros le mandemos un e-mail de confirmaci\u00f3n que los bienes que usted ha ordenado han sido enviados a usted. \u00a0Solo esos bienes en la lista en el e-mail de confirmaci\u00f3n enviados en el momento de env\u00edo ser\u00e1n incluidos en el contrato formado.<\/p>\n<p>(b) Precios y disponibilidad<\/p>\n<p>Mientras tratamos y aseguramos que todos los detalles, descripciones y precios los cuales aparecen en este sitio web sean precisos,\u00a0errores pueden ocurrir. \u00a0Si descubrimos un error en el precio de cualquier producto que usted ha ordenando nosotros le informaremos lo mas pronto posible y le daremos la opci\u00f3n de volver a confirmar su pedido con el precio correcto o cancelarlo. \u00a0Si no nos podemos comunicar con usted\u00a0trataremos el pedido como cancelado. Si usted cancela y ya pag\u00f3 por sus productos, usted recibir\u00e1\u00a0un reembolso completo.<\/p>\n<p>Los costos de entrega ser\u00e1n cargados adem\u00e1s; tales cargos adicionales son claramente mostrados donde es aplicable e incluidos en el &#8216;Costo total&#8217;.<\/p>\n<p>(c)\u00a0Pago<\/p>\n<p>Al recibir su pedido\u00a0llevamos a cabo una\u00a0verificaci\u00f3n de autorizaci\u00f3n est\u00e1ndar en su tarjeta de pago para asegurar que haya fondos suficientes\u00a0para cumplir con la transacci\u00f3n.\u00a0Su tarjeta ser\u00e1 cargada con la autorizaci\u00f3n recibida.\u00a0Los fondos recibidos en el d\u00e9bito de su tarjeta ser\u00e1n considerados como un dep\u00f3sito contra el valor de la mercanc\u00eda que desea comprar. Ya que su mercanc\u00eda sea enviada y se le ha enviado un e-mail de confirmaci\u00f3n el dinero pagado como dep\u00f3sito ser\u00e1 usado como consideraci\u00f3n del valor de la mercanc\u00eda que ha comprado como est\u00e1 en la lista en el e-mail de confirmaci\u00f3n.<\/p>\n<p>(d) Devoluciones<\/p>\n<p>Los suministros de juegos, software y\u00a0videos y electrodos\u00a0no son reembolsables.<\/p>\n<p>Amplificadores y sensores HEG tienen una garant\u00eda de 30 d\u00edas de devoluci\u00f3n de dinero.\u00a0Hay una tarifa de reposici\u00f3n del 10% para estas devoluciones.<\/p>\n<p><strong>Descargo de responsabilidad<\/strong><\/p>\n<p>El material mostrado en este sitio web es\u00a0proporcionado sin garant\u00edas o condiciones en cuanto a su precisi\u00f3n.\u00a0A menos que se indique expresamente lo contrario en la m\u00e1xima medida permitida por la ley\u00a0<strong>brain-trainer.com<\/strong> y sus proveedores,\u00a0proveedores de contenido y\u00a0anunciantes\u00a0excluyen expresamente todas las condiciones,\u00a0garant\u00edas y otros t\u00e9rminos\u00a0que de lo contrario podr\u00eda estar impl\u00edcito en el estatuto,\u00a0ley com\u00fan o la ley de equidad y\u00a0no ser\u00e1 responsable por ning\u00fan da\u00f1o en absoluto, incluyendo pero sin limitaci\u00f3n a da\u00f1os directos, indirectos, especiales,\u00a0consecuentes,\u00a0punitivos o incidentales, o da\u00f1os para\u00a0p\u00e9rdida de uso, ganancias, datos u otro\u00a0intangibles,\u00a0da\u00f1os a la buena voluntad o reputaci\u00f3n, o el costo de\u00a0adquisici\u00f3n de bienes sustitutos y servicios,\u00a0que surja de o relacionados con el uso, incapacidad de uso,\u00a0rendimiento o fallas de de este sitio web o sitios enlazados y muchos materiales publicados al respeto, sin tener en consideraci\u00f3n da\u00f1os\u00a0fueron previsibles o surgen en el contrato,\u00a0responsabilidad extracontractual, equidad, restituci\u00f3n, por ley, en la ley com\u00fan o de otro modo. Esto no afecta la responsabilidad de\u00a0<strong>brain-trainer.com\u00a0<\/strong>de fallecimiento o\u00a0lesi\u00f3n personal\u00a0que surge de su negligencia,\u00a0tergiversaci\u00f3n fraudulenta,\u00a0tergiversaci\u00f3n en cuanto a una cuesti\u00f3n fundamental o cualquier otra responsabilidad que no pueda ser excluida o limitada por la ley aplicable.<\/p>\n<p><strong>Enlace a este Sitio web<\/strong><\/p>\n<p>Usted puede conectarse a nuestra p\u00e1gina inicial, proveyendo que usted lo haga as\u00ed en una forma que sea justa y legal y que no da\u00f1e nuestra reputaci\u00f3n o tome ventaja de ella, pero usted no debe establecer un enlace en tal forma como para sugerir cualquier forma de asociaci\u00f3n, aprobaci\u00f3n o endoso de nuestra parte donde no existe ninguno. Usted no debe establecer un enlace de ning\u00fan sitio web que no sea propiedad suya. Este Sitio web no debe ser enmarcado en ning\u00fan otro sitio, ni usted puede crear un enlace en alguna parte de este Sitio web otra que la p\u00e1gina inicial. Nosotros nos reservamos el derecho de retirar el permiso de enlace sin aviso.<\/p>\n<p><strong>Descargo de responsabilidad en cuanto a la propiedad de marcas registradas, im<\/strong><strong>\u00e1<\/strong><strong>genes de personalidades y derechos de autor de terceros<\/strong><\/p>\n<p>Excepto donde sea expresamente declarado lo contrario todas las personas (incluyendo sus nombres e im\u00e1genes), marcas registradas y contenidos de terceros, servicios y\/o ubicaciones ofrecidas en este Sitio web no son asociadas, enlazadas o afiliadas en ninguna manera con <strong>brain-trainer.com <\/strong>y usted deber\u00eda no depender en la existencia de tal conexi\u00f3n o afiliaci\u00f3n. Cualquier marca registrada\/nombres ofrecidos en este Sitio web son propiedad de los respectivos due\u00f1os de las marcas registradas. Donde una marca registrada o nombre de una marca es referida ella es usada solamente para describir o identificar los productos y servicios y en ninguna forma es una afirmaci\u00f3n que tales productos o servicios son endorsados por y conectados a <strong>brain-trainer.com<\/strong><\/p>\n<p><strong>Indemnidad<\/strong><\/p>\n<p>Usted est\u00e1 de acuerdo en indemnizar, defender y mantener indemne <strong>brain-trainer.com<\/strong>, sus directores, oficiales, empleados, asesores, agentes y afiliados, de cualquier y todas reclamaciones de terceros, responsabilidades, da\u00f1os y\/o costos (incluyendo, pero no limitados a honorarios legales) que surjan de su uso de este Sitio web o su incumplimiento de los T\u00e9rminos de Servicio.<\/p>\n<p><strong>Variaci<\/strong><strong>\u00f3<\/strong><strong>n<\/strong><\/p>\n<p>El <strong>brain-trainer.com <\/strong>deber\u00e1 tener el derecho en su absoluta discreci\u00f3n en cualquier momento y sin aviso para enmendar, remover o variar los Servicios y\/o cualquier p\u00e1gina de este Sitio web.<\/p>\n<p><strong>Invalidez<\/strong><\/p>\n<p>Si cualquier parte de los T\u00e9rminos de Servicio es inaplicable (incluyendo cualquier provisi\u00f3n en la cual nosotros excluyamos nuestra responsabilidad hacia usted) la aplicabilidad de cualquier otra parte de los T\u00e9rminos de Servicio, no afectar\u00e1n las otras cl\u00e1usulas restantes en fuerza total y efecto. Tanto como sea posible cualquier cl\u00e1usula\/sub-cl\u00e1usula o parte de una cl\u00e1usula\/sub-cl\u00e1usula puede ser separada para hacer v\u00e1lida la parte restante, la cl\u00e1usula debe ser interpretada como corresponde. Alternativamente, usted est\u00e1 de acuerdo que la cl\u00e1usula debe ser rectificada e interpretada de tal forma que se asemeje lo m\u00e1s posible al significado original de la cl\u00e1usula\/sub-cl\u00e1usula como sea permitida por la ley.<\/p>\n<p><strong>Reclamos<\/strong><\/p>\n<p>Nosotros operamos un procedimiento de manejo de reclamos el cual usaremos para tratar de resolver disputas enseguida que surjan, por favor d\u00e9jenos saber si usted tiene alg\u00fan reclamo o comentario.<\/p>\n<p><strong>Exenci<\/strong><strong>\u00f3<\/strong><strong>n<\/strong><\/p>\n<p>Si usted incumple estas condiciones y no tomamos acci\u00f3n, nosotros todav\u00eda tenemos el derecho a usar nuestros derechos y recursos en cualquier otra situaci\u00f3n donde usted haya incumplido estas condiciones.<\/p>\n<p><strong>Acuerdo completo<\/strong><\/p>\n<p>Los T\u00e9rminos de Servicios anteriores constituyen el acuerdo total de los grupos y reemplaza cualquier y todos los acuerdos precedentes y contempor\u00e1neos entre usted y el <strong>brain-trainer.com. <\/strong>Cualquier exenci\u00f3n de cualquier provisi\u00f3n de los T\u00e9rminos de Servicio ser\u00e1n efectivos solamente por escrito y firmados por un director del <strong>brain-trainer.com. <\/strong><\/p>\n<p>Actualizado agosto 22, 2014<\/p>\n<p>&nbsp;<\/p>\n<p>&nbsp;<\/p>\n<p>&nbsp;<\/p>\n","protected":false},"excerpt":{"rendered":"<p>En General Brain-Trainer internacional (&#8220;brain-trainer.com&#8221;) posee y opera este sitio web. \u00a0Este documento gobierna su relaci\u00f3n con brain-trainer.com\u00a0(&#8220;sitio web&#8221;). \u00a0El acceso y el uso de este sitio web y sus productos y servicios disponibles a trav\u00e9s de este sitio web (colectivamente, los &#8220;servicios&#8221;) est\u00e1n sujetos a los siguientes t\u00e9rminos, condiciones y avisos (los &#8220;t\u00e9rminos de [&hellip;]<\/p>\n","protected":false},"author":19,"featured_media":0,"parent":0,"menu_order":0,"comment_status":"closed","ping_status":"open","template":"","meta":{"_acf_changed":false,"footnotes":""},"class_list":["post-14379","page","type-page","status-publish","hentry"],"acf":[],"yoast_head":"<!-- This site is optimized with the Yoast SEO plugin v25.9 - https:\/\/yoast.com\/wordpress\/plugins\/seo\/ -->\n<title>T\u00e9rminos y condiciones - brain-trainer.com<\/title>\n<meta name=\"description\" content=\"Los t\u00e9rminos y condiciones para brain-trainer.com\" \/>\n<meta name=\"robots\" content=\"index, follow, max-snippet:-1, max-image-preview:large, max-video-preview:-1\" \/>\n<link rel=\"canonical\" href=\"https:\/\/brain-trainer.com\/es\/terminos-y-condiciones\/\" \/>\n<meta property=\"og:locale\" content=\"es_ES\" \/>\n<meta property=\"og:type\" content=\"article\" \/>\n<meta property=\"og:title\" content=\"T\u00e9rminos y condiciones - brain-trainer.com\" \/>\n<meta property=\"og:description\" content=\"Los t\u00e9rminos y condiciones para brain-trainer.com\" \/>\n<meta property=\"og:url\" content=\"https:\/\/brain-trainer.com\/es\/terminos-y-condiciones\/\" \/>\n<meta property=\"og:site_name\" content=\"brain-trainer.com\" \/>\n<meta property=\"article:publisher\" content=\"https:\/\/www.facebook.com\/BraintrainerU\/\" \/>\n<meta property=\"article:modified_time\" content=\"2018-06-08T16:02:26+00:00\" \/>\n<meta name=\"twitter:label1\" content=\"Tiempo de lectura\" \/>\n\t<meta name=\"twitter:data1\" content=\"10 minutos\" \/>\n<script type=\"application\/ld+json\" class=\"yoast-schema-graph\">{\"@context\":\"https:\/\/schema.org\",\"@graph\":[{\"@type\":\"WebPage\",\"@id\":\"https:\/\/brain-trainer.com\/es\/terminos-y-condiciones\/\",\"url\":\"https:\/\/brain-trainer.com\/es\/terminos-y-condiciones\/\",\"name\":\"T\u00e9rminos y condiciones - brain-trainer.com\",\"isPartOf\":{\"@id\":\"https:\/\/brain-trainer.com\/es\/#website\"},\"datePublished\":\"2018-06-08T16:02:20+00:00\",\"dateModified\":\"2018-06-08T16:02:26+00:00\",\"description\":\"Los t\u00e9rminos y condiciones para brain-trainer.com\",\"breadcrumb\":{\"@id\":\"https:\/\/brain-trainer.com\/es\/terminos-y-condiciones\/#breadcrumb\"},\"inLanguage\":\"es\",\"potentialAction\":[{\"@type\":\"ReadAction\",\"target\":[\"https:\/\/brain-trainer.com\/es\/terminos-y-condiciones\/\"]}]},{\"@type\":\"BreadcrumbList\",\"@id\":\"https:\/\/brain-trainer.com\/es\/terminos-y-condiciones\/#breadcrumb\",\"itemListElement\":[{\"@type\":\"ListItem\",\"position\":1,\"name\":\"Home\",\"item\":\"https:\/\/brain-trainer.com\/es\/\"},{\"@type\":\"ListItem\",\"position\":2,\"name\":\"T\u00e9rminos y condiciones\"}]},{\"@type\":\"WebSite\",\"@id\":\"https:\/\/brain-trainer.com\/es\/#website\",\"url\":\"https:\/\/brain-trainer.com\/es\/\",\"name\":\"brain-trainer.com\",\"description\":\"By Trainers, For Trainers\",\"publisher\":{\"@id\":\"https:\/\/brain-trainer.com\/es\/#organization\"},\"potentialAction\":[{\"@type\":\"SearchAction\",\"target\":{\"@type\":\"EntryPoint\",\"urlTemplate\":\"https:\/\/brain-trainer.com\/es\/?s={search_term_string}\"},\"query-input\":{\"@type\":\"PropertyValueSpecification\",\"valueRequired\":true,\"valueName\":\"search_term_string\"}}],\"inLanguage\":\"es\"},{\"@type\":\"Organization\",\"@id\":\"https:\/\/brain-trainer.com\/es\/#organization\",\"name\":\"Brain-Trainer International\",\"url\":\"https:\/\/brain-trainer.com\/es\/\",\"logo\":{\"@type\":\"ImageObject\",\"inLanguage\":\"es\",\"@id\":\"https:\/\/brain-trainer.com\/es\/#\/schema\/logo\/image\/\",\"url\":\"https:\/\/brain-trainer.com\/wp-content\/uploads\/2015\/07\/brain-trainer.com-logo.jpg\",\"contentUrl\":\"https:\/\/brain-trainer.com\/wp-content\/uploads\/2015\/07\/brain-trainer.com-logo.jpg\",\"width\":384,\"height\":124,\"caption\":\"Brain-Trainer International\"},\"image\":{\"@id\":\"https:\/\/brain-trainer.com\/es\/#\/schema\/logo\/image\/\"},\"sameAs\":[\"https:\/\/www.facebook.com\/BraintrainerU\/\",\"https:\/\/x.com\/BraintrainerU\",\"https:\/\/www.instagram.com\/braintraineru\"]}]}<\/script>\n<!-- \/ Yoast SEO plugin. -->","yoast_head_json":{"title":"T\u00e9rminos y condiciones - brain-trainer.com","description":"Los t\u00e9rminos y condiciones para brain-trainer.com","robots":{"index":"index","follow":"follow","max-snippet":"max-snippet:-1","max-image-preview":"max-image-preview:large","max-video-preview":"max-video-preview:-1"},"canonical":"https:\/\/brain-trainer.com\/es\/terminos-y-condiciones\/","og_locale":"es_ES","og_type":"article","og_title":"T\u00e9rminos y condiciones - brain-trainer.com","og_description":"Los t\u00e9rminos y condiciones para brain-trainer.com","og_url":"https:\/\/brain-trainer.com\/es\/terminos-y-condiciones\/","og_site_name":"brain-trainer.com","article_publisher":"https:\/\/www.facebook.com\/BraintrainerU\/","article_modified_time":"2018-06-08T16:02:26+00:00","twitter_misc":{"Tiempo de lectura":"10 minutos"},"schema":{"@context":"https:\/\/schema.org","@graph":[{"@type":"WebPage","@id":"https:\/\/brain-trainer.com\/es\/terminos-y-condiciones\/","url":"https:\/\/brain-trainer.com\/es\/terminos-y-condiciones\/","name":"T\u00e9rminos y condiciones - brain-trainer.com","isPartOf":{"@id":"https:\/\/brain-trainer.com\/es\/#website"},"datePublished":"2018-06-08T16:02:20+00:00","dateModified":"2018-06-08T16:02:26+00:00","description":"Los t\u00e9rminos y condiciones para brain-trainer.com","breadcrumb":{"@id":"https:\/\/brain-trainer.com\/es\/terminos-y-condiciones\/#breadcrumb"},"inLanguage":"es","potentialAction":[{"@type":"ReadAction","target":["https:\/\/brain-trainer.com\/es\/terminos-y-condiciones\/"]}]},{"@type":"BreadcrumbList","@id":"https:\/\/brain-trainer.com\/es\/terminos-y-condiciones\/#breadcrumb","itemListElement":[{"@type":"ListItem","position":1,"name":"Home","item":"https:\/\/brain-trainer.com\/es\/"},{"@type":"ListItem","position":2,"name":"T\u00e9rminos y condiciones"}]},{"@type":"WebSite","@id":"https:\/\/brain-trainer.com\/es\/#website","url":"https:\/\/brain-trainer.com\/es\/","name":"brain-trainer.com","description":"By Trainers, For Trainers","publisher":{"@id":"https:\/\/brain-trainer.com\/es\/#organization"},"potentialAction":[{"@type":"SearchAction","target":{"@type":"EntryPoint","urlTemplate":"https:\/\/brain-trainer.com\/es\/?s={search_term_string}"},"query-input":{"@type":"PropertyValueSpecification","valueRequired":true,"valueName":"search_term_string"}}],"inLanguage":"es"},{"@type":"Organization","@id":"https:\/\/brain-trainer.com\/es\/#organization","name":"Brain-Trainer International","url":"https:\/\/brain-trainer.com\/es\/","logo":{"@type":"ImageObject","inLanguage":"es","@id":"https:\/\/brain-trainer.com\/es\/#\/schema\/logo\/image\/","url":"https:\/\/brain-trainer.com\/wp-content\/uploads\/2015\/07\/brain-trainer.com-logo.jpg","contentUrl":"https:\/\/brain-trainer.com\/wp-content\/uploads\/2015\/07\/brain-trainer.com-logo.jpg","width":384,"height":124,"caption":"Brain-Trainer International"},"image":{"@id":"https:\/\/brain-trainer.com\/es\/#\/schema\/logo\/image\/"},"sameAs":["https:\/\/www.facebook.com\/BraintrainerU\/","https:\/\/x.com\/BraintrainerU","https:\/\/www.instagram.com\/braintraineru"]}]}},"_links":{"self":[{"href":"https:\/\/brain-trainer.com\/es\/wp-json\/wp\/v2\/pages\/14379","targetHints":{"allow":["GET"]}}],"collection":[{"href":"https:\/\/brain-trainer.com\/es\/wp-json\/wp\/v2\/pages"}],"about":[{"href":"https:\/\/brain-trainer.com\/es\/wp-json\/wp\/v2\/types\/page"}],"author":[{"embeddable":true,"href":"https:\/\/brain-trainer.com\/es\/wp-json\/wp\/v2\/users\/19"}],"replies":[{"embeddable":true,"href":"https:\/\/brain-trainer.com\/es\/wp-json\/wp\/v2\/comments?post=14379"}],"version-history":[{"count":1,"href":"https:\/\/brain-trainer.com\/es\/wp-json\/wp\/v2\/pages\/14379\/revisions"}],"predecessor-version":[{"id":14380,"href":"https:\/\/brain-trainer.com\/es\/wp-json\/wp\/v2\/pages\/14379\/revisions\/14380"}],"wp:attachment":[{"href":"https:\/\/brain-trainer.com\/es\/wp-json\/wp\/v2\/media?parent=14379"}],"curies":[{"name":"wp","href":"https:\/\/api.w.org\/{rel}","templated":true}]}}