{"id":14381,"date":"2018-06-08T12:03:36","date_gmt":"2018-06-08T16:03:36","guid":{"rendered":"https:\/\/brain-trainer.com\/politica-de-privacidad\/"},"modified":"2018-06-08T12:03:44","modified_gmt":"2018-06-08T16:03:44","slug":"politica-de-privacidad","status":"publish","type":"page","link":"https:\/\/brain-trainer.com\/es\/politica-de-privacidad\/","title":{"rendered":"Pol\u00edtica de privacidad"},"content":{"rendered":"<p><strong>\u00bfQu\u00e9 informaci\u00f3n nosotros reunimos?<\/strong><\/p>\n<p>Nosotros reunimos informaci\u00f3n de usted cuando usted se registra en nuestro sitio, hace un pedido, o llena una forma tal como el Reporte del cliente. Si usted registra una cuenta con nuestro sitio web, nosotros le proveemos con la habilidad de borrar su informaci\u00f3n personal.<\/p>\n<p>Cuando usted ordena productos o utiliza las herramientas en l\u00ednea en nuestro sitio, como sea apropiado, se le puede pedir registrar informaci\u00f3n diversa tal como: nombre, correo electr\u00f3nico, direcci\u00f3n o n\u00famero de tel\u00e9fono. Sin embargo, usted puede visitar nuestro sitio an\u00f3nimamente. Si usted completa el Reporte del cliente, se le va a pedir que usted provea informaci\u00f3n de usted mismo con el prop\u00f3sito de crear su plan de entrenamiento del cerebro.<\/p>\n<p>Nosotros utilizamos Google Analytics para monitorear y mejorar el funcionamiento de nuestros sitios web.\u00a0\u00a0 Hemos enlazado nuestra cuenta de Google Analytics con nuestra cuenta de Google Adwords para as\u00ed mejorar la efectividad de nuestros esfuerzos de publicidad. Nosotros podemos de vez en cuando usar la informaci\u00f3n de Google Analytics con prop\u00f3sitos de recomercializaci\u00f3n. Usted puede visitar <u>Google Analytics page<\/u> con informaci\u00f3n acerca de c\u00f3mo abandonar Google Analytics tracking: <u>https:\/\/tools.google.com\/dlpage\/gaoptout\/ <\/u><\/p>\n<p><strong>\u00bfPara que nosotros usamos su informaci\u00f3n?<\/strong><\/p>\n<p>Cualquier informaci\u00f3n que nosotros reunimos de usted puede ser usada en una de las siguientes maneras:<\/p>\n<ul>\n<li><strong>Para personalizar su experiencia <\/strong>Su informaci\u00f3n nos ayuda a responder mejor a sus necesidades individuales<\/li>\n<li><strong>Para mejorar nuestro sitio web<\/strong> Nosotros continuamente nos esforzamos para mejorar nuestras ofertas de sitio web basados en la informaci\u00f3n y feedback que nosotros recibimos de usted<\/li>\n<li><strong>Para mejorar el servicio al cliente <\/strong>Su informaci\u00f3n nos ayuda a responder m\u00e1s efectivamente a sus solicitudes de servicio al cliente y necesidades de apoyo<\/li>\n<li><strong>Para procesar transacciones <\/strong>Su informaci\u00f3n, ya sea p\u00fablica o privada, no ser\u00e1 vendida, intercambiada, transferida, o dada a ninguna otra compa\u00f1\u00eda por ning\u00fan motivo, sin su consentimiento, otro que por el prop\u00f3sito directo de entregar el producto comprado o solicitado por el cliente.<\/li>\n<li><strong>Para env<\/strong><strong>i<\/strong><strong>ar correos electr<\/strong><strong>\u00f3<\/strong><strong>nicos peri\u00f3dicamente <\/strong>El correo electr\u00f3nico que usted provey\u00f3 para el procesamiento de \u00f3rdenes, ser\u00e1 solamente usado para mandarle informaci\u00f3n y actualizaciones concernientes a su orden o solicitud.<\/li>\n<li><strong>Para procesar los Reportes del cliente <\/strong>Su informaci\u00f3n ser\u00e1 usada para evaluar su progreso del entrenamiento del cerebro. Si usted provee un correo electr\u00f3nico, nosotros estableceremos una cuenta para que su informaci\u00f3n sea guardada y usted tendr\u00e1 la capacidad de mirar, editar o borrar su informaci\u00f3n. Si usted trabaja con un entrenador, nosotros compartiremos los resultados de su Reporte del cliente con \u00e9 Usted puede retirar a un entrenador de tener acceso a su cuenta. Para revisar su informaci\u00f3n inicie una sesi\u00f3n y visite la p\u00e1gina de su cuenta aqu\u00ed: <u>https\/\/provider.brain-trainer.com\/user<\/u><\/li>\n<\/ul>\n<p>&nbsp;<\/p>\n<p><strong>\u00bfC\u00f3mo<\/strong><strong> nosotros protegemos su informaci\u00f3n?<\/strong><\/p>\n<p>Nosotros implementamos una variedad de medidas de seguridad para mantener la seguridad de su informaci\u00f3n personal cuando usted somete una solicitud, hace un pedido o accede su informaci\u00f3n personal.<\/p>\n<p>Estas medidas de seguridad incluyen: codificaci\u00f3n SSL, cuentas protegidas por contrase\u00f1as y bases informativas para proteger su informaci\u00f3n.<\/p>\n<p>Toda informaci\u00f3n provista sensitiva\/de cr\u00e9dito es transmitida a trav\u00e9s de PayPal el cual tiene un n\u00famero de medidas de seguridad. El Brain Trainer International no guarda la informaci\u00f3n de su tarjeta de cr\u00e9dito en nuestros sitios web.<\/p>\n<p><strong>\u00bf<\/strong><strong>Usamos nosotros cookies?<\/strong><\/p>\n<p>Si. Las cookies son peque\u00f1os archivos que un sitio o su proveedor de servicios transfiere al hard drive de su computadora a trav\u00e9s de su navegador de Web (si usted lo permite) que permite a los sitios o sistemas de proveedores de servicio reconocer su navegador y capturar y recordar cierta informaci\u00f3n.<\/p>\n<p><strong>\u00bf<\/strong><strong>Revelamos nosotros alguna informaci\u00f3n a grupos externos?<\/strong><\/p>\n<p>Nosotros no vendemos, intercambiamos, o transferimos de otra manera su informaci\u00f3n personalmente identificable.<\/p>\n<p><strong>Pol<\/strong><strong>\u00ed<\/strong><strong>tica de privacidad solamente de Online<\/strong><\/p>\n<p>Esta pol\u00edtica de privacidad de online aplica solamente a la informaci\u00f3n reunida a trav\u00e9s de nuestro sitio web y no a la informaci\u00f3n reunida fuera de l\u00ednea.<\/p>\n<p><strong>Su consentimiento<\/strong><\/p>\n<p>Al usar nuestro sitio, usted acepta nuestra pol\u00edtica de privacidad.<\/p>\n<p><strong>Cambios a nuestra pol<\/strong><strong>\u00ed<\/strong><strong>tica de privacidad<\/strong><\/p>\n<p>Si nosotros decidimos cambiar nuestra pol\u00edtica de privacidad, anunciaremos esos cambios en esta p\u00e1gina, y\/o actualizaremos la fecha debajo de la modificaci\u00f3n de la Pol\u00edtica de Privacidad. Los cambios de la pol\u00edtica aplicar\u00e1n solamente a la informaci\u00f3n reunida despu\u00e9s de la fecha del cambio.<\/p>\n<p>Esta pol\u00edtica fue modificada por \u00faltima vez en 5\/22\/2014<\/p>\n<p><strong>Cont<\/strong><strong>\u00e1<\/strong><strong>ctenos<\/strong><\/p>\n<p>Si hay preguntas referentes a esta pol\u00edtica de privacidad, usted puede contactarnos usando la informaci\u00f3n de abajo.<\/p>\n<p>info@brain-train.com<\/p>\n","protected":false},"excerpt":{"rendered":"<p>\u00bfQu\u00e9 informaci\u00f3n nosotros reunimos? Nosotros reunimos informaci\u00f3n de usted cuando usted se registra en nuestro sitio, hace un pedido, o llena una forma tal como el Reporte del cliente. Si usted registra una cuenta con nuestro sitio web, nosotros le proveemos con la habilidad de borrar su informaci\u00f3n personal. Cuando usted ordena productos o utiliza [&hellip;]<\/p>\n","protected":false},"author":19,"featured_media":0,"parent":0,"menu_order":0,"comment_status":"closed","ping_status":"open","template":"page-templates\/fullwidthpage.php","meta":{"_acf_changed":false,"footnotes":""},"class_list":["post-14381","page","type-page","status-publish","hentry"],"acf":[],"yoast_head":"<!-- This site is optimized with the Yoast SEO plugin v27.3 - https:\/\/yoast.com\/product\/yoast-seo-wordpress\/ -->\n<title>Pol\u00edtica de privacidad - brain-trainer.com<\/title>\n<meta name=\"description\" content=\"Pol\u00edtica de privacidad de Brain-Trainer.com - Informaci\u00f3n sobre la informaci\u00f3n que recolectamos y lo que hacemos con ella.\" \/>\n<meta name=\"robots\" content=\"index, follow, max-snippet:-1, max-image-preview:large, max-video-preview:-1\" \/>\n<link rel=\"canonical\" href=\"https:\/\/brain-trainer.com\/es\/politica-de-privacidad\/\" \/>\n<meta property=\"og:locale\" content=\"es_ES\" \/>\n<meta property=\"og:type\" content=\"article\" \/>\n<meta property=\"og:title\" content=\"Pol\u00edtica de privacidad - brain-trainer.com\" \/>\n<meta property=\"og:description\" content=\"Pol\u00edtica de privacidad de Brain-Trainer.com - Informaci\u00f3n sobre la informaci\u00f3n que recolectamos y lo que hacemos con ella.\" \/>\n<meta property=\"og:url\" content=\"https:\/\/brain-trainer.com\/es\/politica-de-privacidad\/\" \/>\n<meta property=\"og:site_name\" content=\"brain-trainer.com\" \/>\n<meta property=\"article:publisher\" content=\"https:\/\/www.facebook.com\/BraintrainerU\/\" \/>\n<meta property=\"article:modified_time\" content=\"2018-06-08T16:03:44+00:00\" \/>\n<meta name=\"twitter:label1\" content=\"Tiempo de lectura\" \/>\n\t<meta name=\"twitter:data1\" content=\"4 minutos\" \/>\n<script type=\"application\/ld+json\" class=\"yoast-schema-graph\">{\"@context\":\"https:\\\/\\\/schema.org\",\"@graph\":[{\"@type\":\"WebPage\",\"@id\":\"https:\\\/\\\/brain-trainer.com\\\/es\\\/politica-de-privacidad\\\/\",\"url\":\"https:\\\/\\\/brain-trainer.com\\\/es\\\/politica-de-privacidad\\\/\",\"name\":\"Pol\u00edtica de privacidad - brain-trainer.com\",\"isPartOf\":{\"@id\":\"https:\\\/\\\/brain-trainer.com\\\/es\\\/#website\"},\"datePublished\":\"2018-06-08T16:03:36+00:00\",\"dateModified\":\"2018-06-08T16:03:44+00:00\",\"description\":\"Pol\u00edtica de privacidad de Brain-Trainer.com - Informaci\u00f3n sobre la informaci\u00f3n que recolectamos y lo que hacemos con ella.\",\"breadcrumb\":{\"@id\":\"https:\\\/\\\/brain-trainer.com\\\/es\\\/politica-de-privacidad\\\/#breadcrumb\"},\"inLanguage\":\"es\",\"potentialAction\":[{\"@type\":\"ReadAction\",\"target\":[\"https:\\\/\\\/brain-trainer.com\\\/es\\\/politica-de-privacidad\\\/\"]}]},{\"@type\":\"BreadcrumbList\",\"@id\":\"https:\\\/\\\/brain-trainer.com\\\/es\\\/politica-de-privacidad\\\/#breadcrumb\",\"itemListElement\":[{\"@type\":\"ListItem\",\"position\":1,\"name\":\"Home\",\"item\":\"https:\\\/\\\/brain-trainer.com\\\/es\\\/\"},{\"@type\":\"ListItem\",\"position\":2,\"name\":\"Pol\u00edtica de privacidad\"}]},{\"@type\":\"WebSite\",\"@id\":\"https:\\\/\\\/brain-trainer.com\\\/es\\\/#website\",\"url\":\"https:\\\/\\\/brain-trainer.com\\\/es\\\/\",\"name\":\"brain-trainer.com\",\"description\":\"By Trainers, For Trainers\",\"publisher\":{\"@id\":\"https:\\\/\\\/brain-trainer.com\\\/es\\\/#organization\"},\"potentialAction\":[{\"@type\":\"SearchAction\",\"target\":{\"@type\":\"EntryPoint\",\"urlTemplate\":\"https:\\\/\\\/brain-trainer.com\\\/es\\\/?s={search_term_string}\"},\"query-input\":{\"@type\":\"PropertyValueSpecification\",\"valueRequired\":true,\"valueName\":\"search_term_string\"}}],\"inLanguage\":\"es\"},{\"@type\":\"Organization\",\"@id\":\"https:\\\/\\\/brain-trainer.com\\\/es\\\/#organization\",\"name\":\"Brain-Trainer International\",\"url\":\"https:\\\/\\\/brain-trainer.com\\\/es\\\/\",\"logo\":{\"@type\":\"ImageObject\",\"inLanguage\":\"es\",\"@id\":\"https:\\\/\\\/brain-trainer.com\\\/es\\\/#\\\/schema\\\/logo\\\/image\\\/\",\"url\":\"https:\\\/\\\/brain-trainer.com\\\/wp-content\\\/uploads\\\/2015\\\/07\\\/brain-trainer.com-logo.jpg\",\"contentUrl\":\"https:\\\/\\\/brain-trainer.com\\\/wp-content\\\/uploads\\\/2015\\\/07\\\/brain-trainer.com-logo.jpg\",\"width\":384,\"height\":124,\"caption\":\"Brain-Trainer International\"},\"image\":{\"@id\":\"https:\\\/\\\/brain-trainer.com\\\/es\\\/#\\\/schema\\\/logo\\\/image\\\/\"},\"sameAs\":[\"https:\\\/\\\/www.facebook.com\\\/BraintrainerU\\\/\",\"https:\\\/\\\/x.com\\\/BraintrainerU\",\"https:\\\/\\\/www.instagram.com\\\/braintraineru\"]}]}<\/script>\n<!-- \/ Yoast SEO plugin. -->","yoast_head_json":{"title":"Pol\u00edtica de privacidad - brain-trainer.com","description":"Pol\u00edtica de privacidad de Brain-Trainer.com - Informaci\u00f3n sobre la informaci\u00f3n que recolectamos y lo que hacemos con ella.","robots":{"index":"index","follow":"follow","max-snippet":"max-snippet:-1","max-image-preview":"max-image-preview:large","max-video-preview":"max-video-preview:-1"},"canonical":"https:\/\/brain-trainer.com\/es\/politica-de-privacidad\/","og_locale":"es_ES","og_type":"article","og_title":"Pol\u00edtica de privacidad - brain-trainer.com","og_description":"Pol\u00edtica de privacidad de Brain-Trainer.com - Informaci\u00f3n sobre la informaci\u00f3n que recolectamos y lo que hacemos con ella.","og_url":"https:\/\/brain-trainer.com\/es\/politica-de-privacidad\/","og_site_name":"brain-trainer.com","article_publisher":"https:\/\/www.facebook.com\/BraintrainerU\/","article_modified_time":"2018-06-08T16:03:44+00:00","twitter_misc":{"Tiempo de lectura":"4 minutos"},"schema":{"@context":"https:\/\/schema.org","@graph":[{"@type":"WebPage","@id":"https:\/\/brain-trainer.com\/es\/politica-de-privacidad\/","url":"https:\/\/brain-trainer.com\/es\/politica-de-privacidad\/","name":"Pol\u00edtica de privacidad - brain-trainer.com","isPartOf":{"@id":"https:\/\/brain-trainer.com\/es\/#website"},"datePublished":"2018-06-08T16:03:36+00:00","dateModified":"2018-06-08T16:03:44+00:00","description":"Pol\u00edtica de privacidad de Brain-Trainer.com - Informaci\u00f3n sobre la informaci\u00f3n que recolectamos y lo que hacemos con ella.","breadcrumb":{"@id":"https:\/\/brain-trainer.com\/es\/politica-de-privacidad\/#breadcrumb"},"inLanguage":"es","potentialAction":[{"@type":"ReadAction","target":["https:\/\/brain-trainer.com\/es\/politica-de-privacidad\/"]}]},{"@type":"BreadcrumbList","@id":"https:\/\/brain-trainer.com\/es\/politica-de-privacidad\/#breadcrumb","itemListElement":[{"@type":"ListItem","position":1,"name":"Home","item":"https:\/\/brain-trainer.com\/es\/"},{"@type":"ListItem","position":2,"name":"Pol\u00edtica de privacidad"}]},{"@type":"WebSite","@id":"https:\/\/brain-trainer.com\/es\/#website","url":"https:\/\/brain-trainer.com\/es\/","name":"brain-trainer.com","description":"By Trainers, For Trainers","publisher":{"@id":"https:\/\/brain-trainer.com\/es\/#organization"},"potentialAction":[{"@type":"SearchAction","target":{"@type":"EntryPoint","urlTemplate":"https:\/\/brain-trainer.com\/es\/?s={search_term_string}"},"query-input":{"@type":"PropertyValueSpecification","valueRequired":true,"valueName":"search_term_string"}}],"inLanguage":"es"},{"@type":"Organization","@id":"https:\/\/brain-trainer.com\/es\/#organization","name":"Brain-Trainer International","url":"https:\/\/brain-trainer.com\/es\/","logo":{"@type":"ImageObject","inLanguage":"es","@id":"https:\/\/brain-trainer.com\/es\/#\/schema\/logo\/image\/","url":"https:\/\/brain-trainer.com\/wp-content\/uploads\/2015\/07\/brain-trainer.com-logo.jpg","contentUrl":"https:\/\/brain-trainer.com\/wp-content\/uploads\/2015\/07\/brain-trainer.com-logo.jpg","width":384,"height":124,"caption":"Brain-Trainer International"},"image":{"@id":"https:\/\/brain-trainer.com\/es\/#\/schema\/logo\/image\/"},"sameAs":["https:\/\/www.facebook.com\/BraintrainerU\/","https:\/\/x.com\/BraintrainerU","https:\/\/www.instagram.com\/braintraineru"]}]}},"_links":{"self":[{"href":"https:\/\/brain-trainer.com\/es\/wp-json\/wp\/v2\/pages\/14381","targetHints":{"allow":["GET"]}}],"collection":[{"href":"https:\/\/brain-trainer.com\/es\/wp-json\/wp\/v2\/pages"}],"about":[{"href":"https:\/\/brain-trainer.com\/es\/wp-json\/wp\/v2\/types\/page"}],"author":[{"embeddable":true,"href":"https:\/\/brain-trainer.com\/es\/wp-json\/wp\/v2\/users\/19"}],"replies":[{"embeddable":true,"href":"https:\/\/brain-trainer.com\/es\/wp-json\/wp\/v2\/comments?post=14381"}],"version-history":[{"count":1,"href":"https:\/\/brain-trainer.com\/es\/wp-json\/wp\/v2\/pages\/14381\/revisions"}],"predecessor-version":[{"id":14382,"href":"https:\/\/brain-trainer.com\/es\/wp-json\/wp\/v2\/pages\/14381\/revisions\/14382"}],"wp:attachment":[{"href":"https:\/\/brain-trainer.com\/es\/wp-json\/wp\/v2\/media?parent=14381"}],"curies":[{"name":"wp","href":"https:\/\/api.w.org\/{rel}","templated":true}]}}