{"id":16824,"date":"2019-01-23T09:17:49","date_gmt":"2019-01-23T14:17:49","guid":{"rendered":"https:\/\/brain-trainer.com\/?page_id=16824"},"modified":"2021-11-19T07:05:40","modified_gmt":"2021-11-19T12:05:40","slug":"unete-a-nuestro-programa-de-afiliados","status":"publish","type":"page","link":"https:\/\/brain-trainer.com\/es\/unete-a-nuestro-programa-de-afiliados\/","title":{"rendered":"\u00danete a nuestro programa de afiliados"},"content":{"rendered":"<p>\u00a1\u00danase a nuestro programa de afiliados y reciba un pago por promocionar nuestros productos!<\/p>\n<p>Simplemente env\u00ede un visitante a nuestro sitio web y obtendr\u00e1 una comisi\u00f3n basada en el monto total que gastan en productos Brain-Trainer en nuestra tienda durante esa visita.<\/p>\n<div class=\"col-sm-6\">\n\n<form id=\"affwp-register-form-1383\" class=\"affwp-form affwp-register-form\" action=\"\" method=\"post\">\n\t\n\t<fieldset>\n\t\t<legend>Registra una nueva cuenta de afiliado<\/legend>\n\n\t\t\n\t\t<p>\n\t\t\t<label for=\"affwp-user-name\">Tu nombre y apellidos<\/label>\n\t\t\t<input id=\"affwp-user-name\" type=\"text\" name=\"affwp_user_name\" value=\"\" title=\"Tu nombre y apellidos\"  required='required' \/>\n\t\t<\/p>\n\n\t\t<p>\n\t\t\t<label for=\"affwp-user-login\">Nombre de usuario<\/label>\n\t\t\t<input id=\"affwp-user-login\" required=\"required\" type=\"text\" name=\"affwp_user_login\" maxlength=\"60\" value=\"\" title=\"Nombre de usuario\" \/>\n\t\t<\/p>\n\n\t\t<p>\n\t\t\t<label for=\"affwp-user-email\">Correo electr\u00f3nico<\/label>\n\t\t\t<input id=\"affwp-user-email\" required=\"required\" type=\"email\" name=\"affwp_user_email\" value=\"\" title=\"Correo Electr\u00f3nico\" \/>\n\t\t<\/p>\n\n\t\t<p>\n\t\t\t<label for=\"affwp-payment-email\">Correo electr\u00f3nico para pagos<\/label>\n\t\t\t<input id=\"affwp-payment-email\" type=\"email\" name=\"affwp_payment_email\" value=\"\" title=\"Direcci\u00f3n de email para pagos\" required='required' \/>\n\t\t<\/p>\n\n\t\t<p>\n\t\t\t<label for=\"affwp-user-url\">URL de tu web<\/label>\n\t\t\t<input id=\"affwp-user-url\" type=\"text\" name=\"affwp_user_url\" value=\"\" title=\"URL de tu web\"  required='required' \/>\n\t\t<\/p>\n\n\t\t<p>\n\t\t\t<label for=\"affwp-promotion-method\">\u00bfC\u00f3mo nos vas a promocionar?<\/label>\n\t\t\t<textarea id=\"affwp-promotion-method\" name=\"affwp_promotion_method\" rows=\"5\" cols=\"30\" required='required'><\/textarea>\n\t\t<\/p>\n\n\t\t\n\t\t\t<p>\n\t\t\t\t<label for=\"affwp-user-pass\">Contrase\u00f1a<\/label>\n\t\t\t\t<input id=\"affwp-user-pass\" required=\"required\" class=\"password\" type=\"password\" name=\"affwp_user_pass\" \/>\n\t\t\t<\/p>\n\n\t\t\t<p>\n\t\t\t\t<label for=\"affwp-user-pass2\">Confirmar contrase\u00f1a<\/label>\n\t\t\t\t<input id=\"affwp-user-pass2\" required=\"required\" class=\"password\" type=\"password\" name=\"affwp_user_pass2\" \/>\n\t\t\t<\/p>\n\n\t\t\n\t\t\n\t\t\t\t\t\t\t<p>\n\t\t\t\t<label class=\"affwp-tos\" for=\"affwp-tos\">\n\t\t\t\t\t<input id=\"affwp-tos\" required=\"required\" type=\"checkbox\" name=\"affwp_tos\" \/>\n\t\t\t\t\t<a href=\"https:\/\/brain-trainer.com\/affiliate-terms\/\" target=\"_blank\">Agree to our Terms of Use and Privacy Policy<\/a>\n\t\t\t\t<\/label>\n\t\t\t<\/p>\n\t\t\n\t\t\n\t\t<p>\n\t\t\t<input type=\"hidden\" name=\"affwp_honeypot\" value=\"\" \/>\n\t\t\t<input type=\"hidden\" name=\"affwp_redirect\" value=\"https:\/\/brain-trainer.com\/affiliate-area\/\"\/>\n\t\t\t<input type=\"hidden\" name=\"affwp_register_nonce\" value=\"99359a8b03\" \/>\n\t\t\t<input type=\"hidden\" name=\"affwp_action\" value=\"affiliate_register\" \/>\n\n\t\t\t\t\t\t\t\t<div class=\"g-recaptcha affwp-recaptcha-v2\" data-sitekey=\"6LfxkGgdAAAAAKv4FRPh46e7bU6UqUj8WCDkQXGX\"><\/div>\n\t\t\n\t\t<input type=\"hidden\" name=\"g-recaptcha-remoteip\" value=\"216.73.216.238\" \/>\n\n\t\t\t\t\t<input type=\"submit\" class=\"button\" value=\"Registrar\" \/>\t\t\t\t\t\t<\/p>\n\n\t\t\t<\/fieldset>\n\n\t<\/form>\n\n<\/div>\n<div class=\"col-sm-6\">\n<blockquote class=\"wp-embedded-content\" data-secret=\"ErbfXZUQ7U\"><p><a href=\"https:\/\/brain-trainer.com\/es\/terminos-de-afiliados\/\">T\u00e9rminos de Afiliados<\/a><\/p><\/blockquote>\n<p><iframe loading=\"lazy\" class=\"wp-embedded-content\" sandbox=\"allow-scripts\" security=\"restricted\" style=\"position: absolute; visibility: hidden;\" title=\"\u00abT\u00e9rminos de Afiliados\u00bb \u2014 brain-trainer.com\" src=\"https:\/\/brain-trainer.com\/es\/terminos-de-afiliados\/embed\/#?secret=l3RWzZ0S5k#?secret=ErbfXZUQ7U\" data-secret=\"ErbfXZUQ7U\" width=\"600\" height=\"338\" frameborder=\"0\" marginwidth=\"0\" marginheight=\"0\" scrolling=\"no\"><\/iframe><\/p>\n<\/div>\n","protected":false},"excerpt":{"rendered":"<p>\u00a1\u00danase a nuestro programa de afiliados y reciba un pago por promocionar nuestros productos! Simplemente env\u00ede un visitante a nuestro sitio web y obtendr\u00e1 una comisi\u00f3n basada en el monto total que gastan en productos Brain-Trainer en nuestra tienda durante esa visita. T\u00e9rminos de Afiliados<\/p>\n","protected":false},"author":112,"featured_media":0,"parent":0,"menu_order":0,"comment_status":"closed","ping_status":"closed","template":"","meta":{"_acf_changed":false,"footnotes":""},"class_list":["post-16824","page","type-page","status-publish","hentry"],"acf":[],"yoast_head":"<!-- This site is optimized with the Yoast SEO plugin v27.3 - https:\/\/yoast.com\/product\/yoast-seo-wordpress\/ -->\n<title>\u00danete a nuestro programa de afiliados - brain-trainer.com<\/title>\n<meta name=\"robots\" content=\"index, follow, max-snippet:-1, max-image-preview:large, max-video-preview:-1\" \/>\n<link rel=\"canonical\" href=\"https:\/\/brain-trainer.com\/es\/unete-a-nuestro-programa-de-afiliados\/\" \/>\n<meta property=\"og:locale\" content=\"es_ES\" \/>\n<meta property=\"og:type\" content=\"article\" \/>\n<meta property=\"og:title\" content=\"\u00danete a nuestro programa de afiliados - brain-trainer.com\" \/>\n<meta property=\"og:description\" content=\"\u00a1\u00danase a nuestro programa de afiliados y reciba un pago por promocionar nuestros productos! Simplemente env\u00ede un visitante a nuestro sitio web y obtendr\u00e1 una comisi\u00f3n basada en el monto total que gastan en productos Brain-Trainer en nuestra tienda durante esa visita. T\u00e9rminos de Afiliados\" \/>\n<meta property=\"og:url\" content=\"https:\/\/brain-trainer.com\/es\/unete-a-nuestro-programa-de-afiliados\/\" \/>\n<meta property=\"og:site_name\" content=\"brain-trainer.com\" \/>\n<meta property=\"article:publisher\" content=\"https:\/\/www.facebook.com\/BraintrainerU\/\" \/>\n<meta property=\"article:modified_time\" content=\"2021-11-19T12:05:40+00:00\" \/>\n<meta name=\"twitter:label1\" content=\"Tiempo de lectura\" \/>\n\t<meta name=\"twitter:data1\" content=\"1 minuto\" \/>\n<script type=\"application\/ld+json\" class=\"yoast-schema-graph\">{\"@context\":\"https:\\\/\\\/schema.org\",\"@graph\":[{\"@type\":\"WebPage\",\"@id\":\"https:\\\/\\\/brain-trainer.com\\\/es\\\/unete-a-nuestro-programa-de-afiliados\\\/\",\"url\":\"https:\\\/\\\/brain-trainer.com\\\/es\\\/unete-a-nuestro-programa-de-afiliados\\\/\",\"name\":\"\u00danete a nuestro programa de afiliados - brain-trainer.com\",\"isPartOf\":{\"@id\":\"https:\\\/\\\/brain-trainer.com\\\/es\\\/#website\"},\"datePublished\":\"2019-01-23T14:17:49+00:00\",\"dateModified\":\"2021-11-19T12:05:40+00:00\",\"breadcrumb\":{\"@id\":\"https:\\\/\\\/brain-trainer.com\\\/es\\\/unete-a-nuestro-programa-de-afiliados\\\/#breadcrumb\"},\"inLanguage\":\"es\",\"potentialAction\":[{\"@type\":\"ReadAction\",\"target\":[\"https:\\\/\\\/brain-trainer.com\\\/es\\\/unete-a-nuestro-programa-de-afiliados\\\/\"]}]},{\"@type\":\"BreadcrumbList\",\"@id\":\"https:\\\/\\\/brain-trainer.com\\\/es\\\/unete-a-nuestro-programa-de-afiliados\\\/#breadcrumb\",\"itemListElement\":[{\"@type\":\"ListItem\",\"position\":1,\"name\":\"Home\",\"item\":\"https:\\\/\\\/brain-trainer.com\\\/es\\\/\"},{\"@type\":\"ListItem\",\"position\":2,\"name\":\"\u00danete a nuestro programa de afiliados\"}]},{\"@type\":\"WebSite\",\"@id\":\"https:\\\/\\\/brain-trainer.com\\\/es\\\/#website\",\"url\":\"https:\\\/\\\/brain-trainer.com\\\/es\\\/\",\"name\":\"brain-trainer.com\",\"description\":\"By Trainers, For Trainers\",\"publisher\":{\"@id\":\"https:\\\/\\\/brain-trainer.com\\\/es\\\/#organization\"},\"potentialAction\":[{\"@type\":\"SearchAction\",\"target\":{\"@type\":\"EntryPoint\",\"urlTemplate\":\"https:\\\/\\\/brain-trainer.com\\\/es\\\/?s={search_term_string}\"},\"query-input\":{\"@type\":\"PropertyValueSpecification\",\"valueRequired\":true,\"valueName\":\"search_term_string\"}}],\"inLanguage\":\"es\"},{\"@type\":\"Organization\",\"@id\":\"https:\\\/\\\/brain-trainer.com\\\/es\\\/#organization\",\"name\":\"Brain-Trainer International\",\"url\":\"https:\\\/\\\/brain-trainer.com\\\/es\\\/\",\"logo\":{\"@type\":\"ImageObject\",\"inLanguage\":\"es\",\"@id\":\"https:\\\/\\\/brain-trainer.com\\\/es\\\/#\\\/schema\\\/logo\\\/image\\\/\",\"url\":\"https:\\\/\\\/brain-trainer.com\\\/wp-content\\\/uploads\\\/2015\\\/07\\\/brain-trainer.com-logo.jpg\",\"contentUrl\":\"https:\\\/\\\/brain-trainer.com\\\/wp-content\\\/uploads\\\/2015\\\/07\\\/brain-trainer.com-logo.jpg\",\"width\":384,\"height\":124,\"caption\":\"Brain-Trainer International\"},\"image\":{\"@id\":\"https:\\\/\\\/brain-trainer.com\\\/es\\\/#\\\/schema\\\/logo\\\/image\\\/\"},\"sameAs\":[\"https:\\\/\\\/www.facebook.com\\\/BraintrainerU\\\/\",\"https:\\\/\\\/x.com\\\/BraintrainerU\",\"https:\\\/\\\/www.instagram.com\\\/braintraineru\"]}]}<\/script>\n<!-- \/ Yoast SEO plugin. -->","yoast_head_json":{"title":"\u00danete a nuestro programa de afiliados - brain-trainer.com","robots":{"index":"index","follow":"follow","max-snippet":"max-snippet:-1","max-image-preview":"max-image-preview:large","max-video-preview":"max-video-preview:-1"},"canonical":"https:\/\/brain-trainer.com\/es\/unete-a-nuestro-programa-de-afiliados\/","og_locale":"es_ES","og_type":"article","og_title":"\u00danete a nuestro programa de afiliados - brain-trainer.com","og_description":"\u00a1\u00danase a nuestro programa de afiliados y reciba un pago por promocionar nuestros productos! Simplemente env\u00ede un visitante a nuestro sitio web y obtendr\u00e1 una comisi\u00f3n basada en el monto total que gastan en productos Brain-Trainer en nuestra tienda durante esa visita. T\u00e9rminos de Afiliados","og_url":"https:\/\/brain-trainer.com\/es\/unete-a-nuestro-programa-de-afiliados\/","og_site_name":"brain-trainer.com","article_publisher":"https:\/\/www.facebook.com\/BraintrainerU\/","article_modified_time":"2021-11-19T12:05:40+00:00","twitter_misc":{"Tiempo de lectura":"1 minuto"},"schema":{"@context":"https:\/\/schema.org","@graph":[{"@type":"WebPage","@id":"https:\/\/brain-trainer.com\/es\/unete-a-nuestro-programa-de-afiliados\/","url":"https:\/\/brain-trainer.com\/es\/unete-a-nuestro-programa-de-afiliados\/","name":"\u00danete a nuestro programa de afiliados - brain-trainer.com","isPartOf":{"@id":"https:\/\/brain-trainer.com\/es\/#website"},"datePublished":"2019-01-23T14:17:49+00:00","dateModified":"2021-11-19T12:05:40+00:00","breadcrumb":{"@id":"https:\/\/brain-trainer.com\/es\/unete-a-nuestro-programa-de-afiliados\/#breadcrumb"},"inLanguage":"es","potentialAction":[{"@type":"ReadAction","target":["https:\/\/brain-trainer.com\/es\/unete-a-nuestro-programa-de-afiliados\/"]}]},{"@type":"BreadcrumbList","@id":"https:\/\/brain-trainer.com\/es\/unete-a-nuestro-programa-de-afiliados\/#breadcrumb","itemListElement":[{"@type":"ListItem","position":1,"name":"Home","item":"https:\/\/brain-trainer.com\/es\/"},{"@type":"ListItem","position":2,"name":"\u00danete a nuestro programa de afiliados"}]},{"@type":"WebSite","@id":"https:\/\/brain-trainer.com\/es\/#website","url":"https:\/\/brain-trainer.com\/es\/","name":"brain-trainer.com","description":"By Trainers, For Trainers","publisher":{"@id":"https:\/\/brain-trainer.com\/es\/#organization"},"potentialAction":[{"@type":"SearchAction","target":{"@type":"EntryPoint","urlTemplate":"https:\/\/brain-trainer.com\/es\/?s={search_term_string}"},"query-input":{"@type":"PropertyValueSpecification","valueRequired":true,"valueName":"search_term_string"}}],"inLanguage":"es"},{"@type":"Organization","@id":"https:\/\/brain-trainer.com\/es\/#organization","name":"Brain-Trainer International","url":"https:\/\/brain-trainer.com\/es\/","logo":{"@type":"ImageObject","inLanguage":"es","@id":"https:\/\/brain-trainer.com\/es\/#\/schema\/logo\/image\/","url":"https:\/\/brain-trainer.com\/wp-content\/uploads\/2015\/07\/brain-trainer.com-logo.jpg","contentUrl":"https:\/\/brain-trainer.com\/wp-content\/uploads\/2015\/07\/brain-trainer.com-logo.jpg","width":384,"height":124,"caption":"Brain-Trainer International"},"image":{"@id":"https:\/\/brain-trainer.com\/es\/#\/schema\/logo\/image\/"},"sameAs":["https:\/\/www.facebook.com\/BraintrainerU\/","https:\/\/x.com\/BraintrainerU","https:\/\/www.instagram.com\/braintraineru"]}]}},"_links":{"self":[{"href":"https:\/\/brain-trainer.com\/es\/wp-json\/wp\/v2\/pages\/16824","targetHints":{"allow":["GET"]}}],"collection":[{"href":"https:\/\/brain-trainer.com\/es\/wp-json\/wp\/v2\/pages"}],"about":[{"href":"https:\/\/brain-trainer.com\/es\/wp-json\/wp\/v2\/types\/page"}],"author":[{"embeddable":true,"href":"https:\/\/brain-trainer.com\/es\/wp-json\/wp\/v2\/users\/112"}],"replies":[{"embeddable":true,"href":"https:\/\/brain-trainer.com\/es\/wp-json\/wp\/v2\/comments?post=16824"}],"version-history":[{"count":3,"href":"https:\/\/brain-trainer.com\/es\/wp-json\/wp\/v2\/pages\/16824\/revisions"}],"predecessor-version":[{"id":33366,"href":"https:\/\/brain-trainer.com\/es\/wp-json\/wp\/v2\/pages\/16824\/revisions\/33366"}],"wp:attachment":[{"href":"https:\/\/brain-trainer.com\/es\/wp-json\/wp\/v2\/media?parent=16824"}],"curies":[{"name":"wp","href":"https:\/\/api.w.org\/{rel}","templated":true}]}}