{"id":16827,"date":"2019-01-23T09:22:55","date_gmt":"2019-01-23T14:22:55","guid":{"rendered":"https:\/\/brain-trainer.com\/?page_id=16827"},"modified":"2021-11-19T07:00:29","modified_gmt":"2021-11-19T12:00:29","slug":"terminos-de-afiliados","status":"publish","type":"page","link":"https:\/\/brain-trainer.com\/es\/terminos-de-afiliados\/","title":{"rendered":"T\u00e9rminos de Afiliados"},"content":{"rendered":"<h3>Gana comisiones por referidos.<\/h3>\n<p><strong>Como afiliado, ganar\u00e1 20%<\/strong> en todas las referencias exitosas para el software Brain-Trainer solamente.<\/p>\n<p>El primer pago ser\u00e1 despu\u00e9s de 3 referencias que se pagar\u00e1n a la vez. Las referencias subsiguientes se pagar\u00e1n mensualmente. Pagamos comisiones de afiliados la primera semana de cada mes, normalmente el primer d\u00eda h\u00e1bil del mes. Las comisiones de los afiliados se pagan a trav\u00e9s de PayPal. No hay saldo de pago m\u00ednimo.<\/p>\n<h3>Vida de la cookie de referencia<\/h3>\n<p>Cuando un cliente hace clic en su enlace de afiliado, se establece una cookie en su navegador que rastrea su referencia. Esa cookie se almacena durante 90 d\u00edas despu\u00e9s del clic. Si el cliente compra un entrenador mental en un navegador diferente, no se le otorgar\u00e1 la referencia. Si tiene conocimiento de una venta de referencia que no se le asign\u00f3, h\u00e1ganoslo saber y se la asignaremos.<\/p>\n<h3>Reembolsos y pagos revocados<\/h3>\n<p>Si un pago ha sido reembolsado o revocado, no pagamos comisi\u00f3n por la referencia. Nos reservamos el derecho de rechazar las comisiones de afiliados por cualquier motivo. Normalmente, los rechazos por comisi\u00f3n ocurren por dos razones:<\/p>\n<ol>\n<li>La venta que gener\u00f3 la comisi\u00f3n ha sido devuelta.<\/li>\n<li>El m\u00e9todo de referencia viol\u00f3 nuestras pol\u00edticas (detalles a continuaci\u00f3n) o el esp\u00edritu de nuestras pol\u00edticas.<\/li>\n<li>La compra se pag\u00f3 con cuotas mensuales.<\/li>\n<\/ol>\n<hr \/>\n<p>Al ser un afiliado, usted acepta que sus comisiones est\u00e1n sujetas a aprobaci\u00f3n antes de ser pagadas. Este acuerdo de afiliaci\u00f3n no es un contrato. La relaci\u00f3n de afiliado no representa un acuerdo formal. No eres empleado de Brain-Trainer. Estos t\u00e9rminos est\u00e1n sujetos a cambios sin previo aviso.<\/p>\n","protected":false},"excerpt":{"rendered":"<p>Gana comisiones por referidos. Como afiliado, ganar\u00e1 20% en todas las referencias exitosas para el software Brain-Trainer solamente. El primer pago ser\u00e1 despu\u00e9s de 3 referencias que se pagar\u00e1n a la vez. Las referencias subsiguientes se pagar\u00e1n mensualmente. Pagamos comisiones de afiliados la primera semana de cada mes, normalmente el primer d\u00eda h\u00e1bil del mes. [&hellip;]<\/p>\n","protected":false},"author":112,"featured_media":0,"parent":0,"menu_order":0,"comment_status":"closed","ping_status":"closed","template":"","meta":{"_acf_changed":false,"footnotes":""},"class_list":["post-16827","page","type-page","status-publish","hentry"],"acf":[],"yoast_head":"<!-- This site is optimized with the Yoast SEO plugin v27.3 - https:\/\/yoast.com\/product\/yoast-seo-wordpress\/ -->\n<title>T\u00e9rminos de Afiliados - brain-trainer.com<\/title>\n<meta name=\"robots\" content=\"index, follow, max-snippet:-1, max-image-preview:large, max-video-preview:-1\" \/>\n<link rel=\"canonical\" href=\"https:\/\/brain-trainer.com\/es\/terminos-de-afiliados\/\" \/>\n<meta property=\"og:locale\" content=\"es_ES\" \/>\n<meta property=\"og:type\" content=\"article\" \/>\n<meta property=\"og:title\" content=\"T\u00e9rminos de Afiliados - brain-trainer.com\" \/>\n<meta property=\"og:description\" content=\"Gana comisiones por referidos. Como afiliado, ganar\u00e1 20% en todas las referencias exitosas para el software Brain-Trainer solamente. El primer pago ser\u00e1 despu\u00e9s de 3 referencias que se pagar\u00e1n a la vez. Las referencias subsiguientes se pagar\u00e1n mensualmente. Pagamos comisiones de afiliados la primera semana de cada mes, normalmente el primer d\u00eda h\u00e1bil del mes. [&hellip;]\" \/>\n<meta property=\"og:url\" content=\"https:\/\/brain-trainer.com\/es\/terminos-de-afiliados\/\" \/>\n<meta property=\"og:site_name\" content=\"brain-trainer.com\" \/>\n<meta property=\"article:publisher\" content=\"https:\/\/www.facebook.com\/BraintrainerU\/\" \/>\n<meta property=\"article:modified_time\" content=\"2021-11-19T12:00:29+00:00\" \/>\n<meta name=\"twitter:label1\" content=\"Tiempo de lectura\" \/>\n\t<meta name=\"twitter:data1\" content=\"2 minutos\" \/>\n<script type=\"application\/ld+json\" class=\"yoast-schema-graph\">{\"@context\":\"https:\\\/\\\/schema.org\",\"@graph\":[{\"@type\":\"WebPage\",\"@id\":\"https:\\\/\\\/brain-trainer.com\\\/es\\\/terminos-de-afiliados\\\/\",\"url\":\"https:\\\/\\\/brain-trainer.com\\\/es\\\/terminos-de-afiliados\\\/\",\"name\":\"T\u00e9rminos de Afiliados - brain-trainer.com\",\"isPartOf\":{\"@id\":\"https:\\\/\\\/brain-trainer.com\\\/es\\\/#website\"},\"datePublished\":\"2019-01-23T14:22:55+00:00\",\"dateModified\":\"2021-11-19T12:00:29+00:00\",\"breadcrumb\":{\"@id\":\"https:\\\/\\\/brain-trainer.com\\\/es\\\/terminos-de-afiliados\\\/#breadcrumb\"},\"inLanguage\":\"es\",\"potentialAction\":[{\"@type\":\"ReadAction\",\"target\":[\"https:\\\/\\\/brain-trainer.com\\\/es\\\/terminos-de-afiliados\\\/\"]}]},{\"@type\":\"BreadcrumbList\",\"@id\":\"https:\\\/\\\/brain-trainer.com\\\/es\\\/terminos-de-afiliados\\\/#breadcrumb\",\"itemListElement\":[{\"@type\":\"ListItem\",\"position\":1,\"name\":\"Home\",\"item\":\"https:\\\/\\\/brain-trainer.com\\\/es\\\/\"},{\"@type\":\"ListItem\",\"position\":2,\"name\":\"T\u00e9rminos de Afiliados\"}]},{\"@type\":\"WebSite\",\"@id\":\"https:\\\/\\\/brain-trainer.com\\\/es\\\/#website\",\"url\":\"https:\\\/\\\/brain-trainer.com\\\/es\\\/\",\"name\":\"brain-trainer.com\",\"description\":\"By Trainers, For Trainers\",\"publisher\":{\"@id\":\"https:\\\/\\\/brain-trainer.com\\\/es\\\/#organization\"},\"potentialAction\":[{\"@type\":\"SearchAction\",\"target\":{\"@type\":\"EntryPoint\",\"urlTemplate\":\"https:\\\/\\\/brain-trainer.com\\\/es\\\/?s={search_term_string}\"},\"query-input\":{\"@type\":\"PropertyValueSpecification\",\"valueRequired\":true,\"valueName\":\"search_term_string\"}}],\"inLanguage\":\"es\"},{\"@type\":\"Organization\",\"@id\":\"https:\\\/\\\/brain-trainer.com\\\/es\\\/#organization\",\"name\":\"Brain-Trainer International\",\"url\":\"https:\\\/\\\/brain-trainer.com\\\/es\\\/\",\"logo\":{\"@type\":\"ImageObject\",\"inLanguage\":\"es\",\"@id\":\"https:\\\/\\\/brain-trainer.com\\\/es\\\/#\\\/schema\\\/logo\\\/image\\\/\",\"url\":\"https:\\\/\\\/brain-trainer.com\\\/wp-content\\\/uploads\\\/2015\\\/07\\\/brain-trainer.com-logo.jpg\",\"contentUrl\":\"https:\\\/\\\/brain-trainer.com\\\/wp-content\\\/uploads\\\/2015\\\/07\\\/brain-trainer.com-logo.jpg\",\"width\":384,\"height\":124,\"caption\":\"Brain-Trainer International\"},\"image\":{\"@id\":\"https:\\\/\\\/brain-trainer.com\\\/es\\\/#\\\/schema\\\/logo\\\/image\\\/\"},\"sameAs\":[\"https:\\\/\\\/www.facebook.com\\\/BraintrainerU\\\/\",\"https:\\\/\\\/x.com\\\/BraintrainerU\",\"https:\\\/\\\/www.instagram.com\\\/braintraineru\"]}]}<\/script>\n<!-- \/ Yoast SEO plugin. -->","yoast_head_json":{"title":"T\u00e9rminos de Afiliados - brain-trainer.com","robots":{"index":"index","follow":"follow","max-snippet":"max-snippet:-1","max-image-preview":"max-image-preview:large","max-video-preview":"max-video-preview:-1"},"canonical":"https:\/\/brain-trainer.com\/es\/terminos-de-afiliados\/","og_locale":"es_ES","og_type":"article","og_title":"T\u00e9rminos de Afiliados - brain-trainer.com","og_description":"Gana comisiones por referidos. Como afiliado, ganar\u00e1 20% en todas las referencias exitosas para el software Brain-Trainer solamente. El primer pago ser\u00e1 despu\u00e9s de 3 referencias que se pagar\u00e1n a la vez. Las referencias subsiguientes se pagar\u00e1n mensualmente. Pagamos comisiones de afiliados la primera semana de cada mes, normalmente el primer d\u00eda h\u00e1bil del mes. [&hellip;]","og_url":"https:\/\/brain-trainer.com\/es\/terminos-de-afiliados\/","og_site_name":"brain-trainer.com","article_publisher":"https:\/\/www.facebook.com\/BraintrainerU\/","article_modified_time":"2021-11-19T12:00:29+00:00","twitter_misc":{"Tiempo de lectura":"2 minutos"},"schema":{"@context":"https:\/\/schema.org","@graph":[{"@type":"WebPage","@id":"https:\/\/brain-trainer.com\/es\/terminos-de-afiliados\/","url":"https:\/\/brain-trainer.com\/es\/terminos-de-afiliados\/","name":"T\u00e9rminos de Afiliados - brain-trainer.com","isPartOf":{"@id":"https:\/\/brain-trainer.com\/es\/#website"},"datePublished":"2019-01-23T14:22:55+00:00","dateModified":"2021-11-19T12:00:29+00:00","breadcrumb":{"@id":"https:\/\/brain-trainer.com\/es\/terminos-de-afiliados\/#breadcrumb"},"inLanguage":"es","potentialAction":[{"@type":"ReadAction","target":["https:\/\/brain-trainer.com\/es\/terminos-de-afiliados\/"]}]},{"@type":"BreadcrumbList","@id":"https:\/\/brain-trainer.com\/es\/terminos-de-afiliados\/#breadcrumb","itemListElement":[{"@type":"ListItem","position":1,"name":"Home","item":"https:\/\/brain-trainer.com\/es\/"},{"@type":"ListItem","position":2,"name":"T\u00e9rminos de Afiliados"}]},{"@type":"WebSite","@id":"https:\/\/brain-trainer.com\/es\/#website","url":"https:\/\/brain-trainer.com\/es\/","name":"brain-trainer.com","description":"By Trainers, For Trainers","publisher":{"@id":"https:\/\/brain-trainer.com\/es\/#organization"},"potentialAction":[{"@type":"SearchAction","target":{"@type":"EntryPoint","urlTemplate":"https:\/\/brain-trainer.com\/es\/?s={search_term_string}"},"query-input":{"@type":"PropertyValueSpecification","valueRequired":true,"valueName":"search_term_string"}}],"inLanguage":"es"},{"@type":"Organization","@id":"https:\/\/brain-trainer.com\/es\/#organization","name":"Brain-Trainer International","url":"https:\/\/brain-trainer.com\/es\/","logo":{"@type":"ImageObject","inLanguage":"es","@id":"https:\/\/brain-trainer.com\/es\/#\/schema\/logo\/image\/","url":"https:\/\/brain-trainer.com\/wp-content\/uploads\/2015\/07\/brain-trainer.com-logo.jpg","contentUrl":"https:\/\/brain-trainer.com\/wp-content\/uploads\/2015\/07\/brain-trainer.com-logo.jpg","width":384,"height":124,"caption":"Brain-Trainer International"},"image":{"@id":"https:\/\/brain-trainer.com\/es\/#\/schema\/logo\/image\/"},"sameAs":["https:\/\/www.facebook.com\/BraintrainerU\/","https:\/\/x.com\/BraintrainerU","https:\/\/www.instagram.com\/braintraineru"]}]}},"_links":{"self":[{"href":"https:\/\/brain-trainer.com\/es\/wp-json\/wp\/v2\/pages\/16827","targetHints":{"allow":["GET"]}}],"collection":[{"href":"https:\/\/brain-trainer.com\/es\/wp-json\/wp\/v2\/pages"}],"about":[{"href":"https:\/\/brain-trainer.com\/es\/wp-json\/wp\/v2\/types\/page"}],"author":[{"embeddable":true,"href":"https:\/\/brain-trainer.com\/es\/wp-json\/wp\/v2\/users\/112"}],"replies":[{"embeddable":true,"href":"https:\/\/brain-trainer.com\/es\/wp-json\/wp\/v2\/comments?post=16827"}],"version-history":[{"count":4,"href":"https:\/\/brain-trainer.com\/es\/wp-json\/wp\/v2\/pages\/16827\/revisions"}],"predecessor-version":[{"id":33365,"href":"https:\/\/brain-trainer.com\/es\/wp-json\/wp\/v2\/pages\/16827\/revisions\/33365"}],"wp:attachment":[{"href":"https:\/\/brain-trainer.com\/es\/wp-json\/wp\/v2\/media?parent=16827"}],"curies":[{"name":"wp","href":"https:\/\/api.w.org\/{rel}","templated":true}]}}