{"id":24368,"date":"2019-11-01T10:23:36","date_gmt":"2019-11-01T14:23:36","guid":{"rendered":"https:\/\/brain-trainer.com\/brain-trainer-u\/"},"modified":"2021-01-29T19:03:46","modified_gmt":"2021-01-30T00:03:46","slug":"brain-trainer-u","status":"publish","type":"page","link":"https:\/\/brain-trainer.com\/es\/brain-trainer-u\/","title":{"rendered":"Brain-Trainer U"},"content":{"rendered":"<div class=\"card-wrapper\">\r\n<div class=\"row equal\">\r\n<div class=\"col-lg-4 col-sm-6\">\r\n<div class=\"card hovercard card--intro\">\r\n<div class=\"top\">\r\n<div class=\"cardheader\"><\/div>\r\n<div class=\"info\">\r\n<div class=\"title\"><a href=\"https:\/\/brain-trainer.com\/es\/courses\/introduccion-al-entrenamiento-cerebral\/\">Introducci\u00f3n al entrenamiento cerebral GRATIS<\/a><\/div>\r\n<div class=\"desc\">Adelante convi\u00e9rtase en entrenador. Este curso GRATUITO es obligatorio para todos los entrenadores nuevos. Cubre conceptos b\u00e1sicos y terminolog\u00eda, qu\u00e9 medimos, por qu\u00e9 y qu\u00e9 significa, c\u00f3mo la actividad cerebral se relaciona con el estr\u00e9s y la funci\u00f3n f\u00edsica. Aprenda sobre las herramientas y paquetes que usar\u00e1, c\u00f3mo BTI prepara nuevos entrenadores. Obtenga una idea de c\u00f3mo facilitamos las tareas complejas.<\/div>\r\n<\/div>\r\n<\/div>\r\n<div class=\"bottom\"><a class=\"btn btn-primary pull-right\" href=\"https:\/\/brain-trainer.com\/es\/courses\/introduccion-al-entrenamiento-cerebral\/\">Reg\u00edstrese Ahora<\/a><\/div>\r\n<\/div>\r\n<\/div>\r\n<div class=\"col-lg-4 col-sm-6\">\r\n<div class=\"card hovercard card--web\">\r\n<div class=\"top\">\r\n<div class=\"cardheader\"><\/div>\r\n<div class=\"info\">\r\n<div class=\"title\"><a href=\"https:\/\/brain-trainer.com\/brain-trainer-library\/\">Biblioteca Brain-Trainer GRATIS<\/a><\/div>\r\n<div class=\"desc\">Webinars y casos de estudio, son una nueva forma de ver el entrenamiento cerebral para trauma en ni\u00f1ez y adolescencia, y para estados de \u00e1nimo, trauma f\u00edsico y s\u00edntomas.<\/div>\r\n<\/div>\r\n<\/div>\r\n<div class=\"bottom\"><a class=\"btn btn-primary pull-right\" href=\"https:\/\/brain-trainer.com\/brain-trainer-library\/\">Reg\u00edstrese Ahora<\/a><\/div>\r\n<\/div>\r\n<\/div>\r\n<div class=\"col-lg-4 col-sm-6\">\r\n<div class=\"card hovercard card--bt4be\">\r\n<div class=\"top\">\r\n<div class=\"cardheader\"><\/div>\r\n<div class=\"info\">\r\n<div class=\"title\"><a href=\"https:\/\/brain-trainer.com\/courses\/brain-trainer-for-bioera\/\">Brain-Trainer con BioEra GRATIS <\/a><\/div>\r\n<div class=\"desc\">Lecciones sobre la interface y uso de Brain-Trainer de BTI con el software BioEra.<\/div>\r\n<\/div>\r\n<\/div>\r\n<div class=\"bottom\"><a class=\"btn btn-primary pull-right\" href=\"https:\/\/brain-trainer.com\/courses\/brain-trainer-for-bioera\/\">Reg\u00edstrese Ahora<\/a><\/div>\r\n<\/div>\r\n<\/div>\r\n<\/div>\r\n<div class=\"row equal\">\r\n<div class=\"col-lg-4 col-sm-6\">\r\n<div class=\"card hovercard card--default\">\r\n<div class=\"top\">\r\n<div class=\"cardheader\"><\/div>\r\n<div class=\"info\">\r\n<div class=\"title\"><a href=\"https:\/\/brain-trainer.com\/es\/courses\/configurando-su-sistema\/\">Configurando su sistema<\/a><\/div>\r\n<div class=\"desc\">Recorra el proceso de descarga e instalaci\u00f3n de su sistema. Conecte el hardware y verifique su instalaci\u00f3n. Solucione algunos problemas.<\/div>\r\n<\/div>\r\n<\/div>\r\n<div class=\"bottom\"><a class=\"btn btn-primary pull-right\" href=\"https:\/\/brain-trainer.com\/es\/courses\/configurando-su-sistema\/\">Empiece Ahora<\/a><\/div>\r\n<\/div>\r\n<\/div>\r\n<div class=\"col-lg-4 col-sm-6\">\r\n<div class=\"card hovercard card--foundations\">\r\n<div class=\"top\">\r\n<div class=\"cardheader\"><\/div>\r\n<div class=\"info\">\r\n<div class=\"title\"><a href=\"https:\/\/brain-trainer.com\/es\/courses\/fundamentos-del-entrenamiento-cerebral\/\">Fundamentos del entrenamiento cerebral<\/a><\/div>\r\n<div class=\"desc\">Diez m\u00f3dulos que contienen 60 lecciones. Integrado con Workshop Pr\u00e1ctico y Supervisi\u00f3n, combinando material pr\u00e1ctico y did\u00e1ctico. Realice sesiones de HEG \/ LIFE con usted mismo y con otras personas, encuentre sitios y conecte gorra y electrodos, reconozca se\u00f1ales de calidad y registre una evaluaci\u00f3n, lea un Plan de entrenamiento para todo el cerebro, realice sesiones de entrenamiento como cliente y entrenador.<\/div>\r\n<\/div>\r\n<\/div>\r\n<div class=\"bottom\"><a class=\"btn btn-primary pull-right\" href=\"https:\/\/brain-trainer.com\/es\/courses\/fundamentos-del-entrenamiento-cerebral\/\">Reg\u00edstrese Ahora<\/a><\/div>\r\n<\/div>\r\n<\/div>\r\n<div class=\"col-lg-4 col-sm-6\">\r\n<div class=\"card hovercard card--certification\">\r\n<div class=\"top\">\r\n<div class=\"cardheader\"><\/div>\r\n<div class=\"info\">\r\n<div class=\"title\"><a href=\"#\">Certificaci\u00f3n en Brain-Training<\/a><\/div>\r\n<div class=\"desc\">Diez m\u00f3dulos que contienen 45 lecciones. Atraiga y mantenga clientes, realice evaluaciones de alta calidad. C\u00f3mo comenzar y terminar el entrenamiento. Cambiando la homeostasis y lidiando con las drogas. Trabajando con patrones cerebrales comunes. Opciones de entrenamiento de alto rendimiento. Completa tu entrenamiento y el de tus clientes.<\/div>\r\n<\/div>\r\n<\/div>\r\n<div class=\"bottom\"><button class=\"btn btn-primary pull-right\" disabled=\"disabled\">En Producci\u00f3n<\/button><\/div>\r\n<\/div>\r\n<\/div>\r\n<\/div>\r\n<div class=\"row equal\">\r\n<div class=\"col-lg-4 col-sm-6\">\r\n<div class=\"card hovercard card--advanced\">\r\n<div class=\"top\">\r\n<div class=\"cardheader\"><\/div>\r\n<div class=\"info\">\r\n<div class=\"title\"><a href=\"#\">Temas Avanzados<\/a><\/div>\r\n<div class=\"desc\">Pr\u00f3ximamente. Vuelva m\u00e1s adelante a revisar para m\u00e1s informaci\u00f3n.<\/div>\r\n<\/div>\r\n<\/div>\r\n<div class=\"bottom\"><button class=\"btn btn-primary pull-right\" disabled=\"disabled\">En Producci\u00f3n<\/button><\/div>\r\n<\/div>\r\n<\/div>\r\n<\/div>\r\n<\/div>\r\n<style>\r\n  .card.hovercard.card--intro .cardheader {<br \/>\r\n    background-image: url(\"https:\/\/brain-trainer.com\/wp-content\/uploads\/2019\/11\/Intro_Brain-Training-400x267.jpeg\");<br \/>\r\n    background-position-y: bottom;<br \/>\r\n  }<br \/>\r\n  .card.hovercard.card--web .cardheader {<br \/>\r\n    background-image: url(\"https:\/\/brain-trainer.com\/wp-content\/uploads\/2019\/11\/Free-400x267.jpeg\");<br \/>\r\n  }<br \/>\r\n  .card.hovercard.card--bt4be .cardheader {<br \/>\r\n    background-image: url(\"https:\/\/brain-trainer.com\/wp-content\/uploads\/2020\/08\/bt4be-home-panel_.018-400x267-2.jpg\");<br \/>\r\n  }<br \/>\r\n  .card.hovercard.card--foundations .cardheader {<br \/>\r\n    background-image: url(\"https:\/\/brain-trainer.com\/wp-content\/uploads\/2019\/11\/Foundations_Brain-Training-400x267.jpeg\");<br \/>\r\n  }<br \/>\r\n  .card.hovercard.card--certification .cardheader {<br \/>\r\n    background-image: url(\"https:\/\/brain-trainer.com\/wp-content\/uploads\/2019\/11\/silhouette-3576109_1280-400x267.png\");<br \/>\r\n  }<br \/>\r\n  .card.hovercard.card--advanced .cardheader {<br \/>\r\n    background-image: url(\"https:\/\/brain-trainer.com\/wp-content\/uploads\/2019\/11\/quantum-physics-4550602_1920-400x267.jpg\");<br \/>\r\n  }<br \/>\r\n<\/style>","protected":false},"excerpt":{"rendered":"Introducci\u00f3n al entrenamiento cerebral GRATIS Adelante convi\u00e9rtase en entrenador. Este curso GRATUITO es obligatorio para todos los entrenadores nuevos. Cubre conceptos b\u00e1sicos y terminolog\u00eda, qu\u00e9 medimos, por qu\u00e9 y qu\u00e9 significa, c\u00f3mo la actividad cerebral se relaciona con el estr\u00e9s y la funci\u00f3n f\u00edsica. Aprenda sobre las herramientas y paquetes que usar\u00e1, c\u00f3mo BTI prepara [&hellip;]","protected":false},"author":45,"featured_media":0,"parent":0,"menu_order":0,"comment_status":"closed","ping_status":"closed","template":"","meta":{"_acf_changed":false,"footnotes":""},"class_list":["post-24368","page","type-page","status-publish","hentry"],"acf":[],"yoast_head":"<!-- This site is optimized with the Yoast SEO plugin v25.9 - https:\/\/yoast.com\/wordpress\/plugins\/seo\/ -->\n<title>Brain-Trainer U - brain-trainer.com<\/title>\n<meta name=\"robots\" content=\"index, follow, max-snippet:-1, max-image-preview:large, max-video-preview:-1\" \/>\n<link rel=\"canonical\" href=\"https:\/\/brain-trainer.com\/es\/brain-trainer-u\/\" \/>\n<meta property=\"og:locale\" content=\"es_ES\" \/>\n<meta property=\"og:type\" content=\"article\" \/>\n<meta property=\"og:title\" content=\"Brain-Trainer U - brain-trainer.com\" \/>\n<meta property=\"og:description\" content=\"Introducci\u00f3n al entrenamiento cerebral GRATIS Adelante convi\u00e9rtase en entrenador. Este curso GRATUITO es obligatorio para todos los entrenadores nuevos. Cubre conceptos b\u00e1sicos y terminolog\u00eda, qu\u00e9 medimos, por qu\u00e9 y qu\u00e9 significa, c\u00f3mo la actividad cerebral se relaciona con el estr\u00e9s y la funci\u00f3n f\u00edsica. Aprenda sobre las herramientas y paquetes que usar\u00e1, c\u00f3mo BTI prepara [&hellip;]\" \/>\n<meta property=\"og:url\" content=\"https:\/\/brain-trainer.com\/es\/brain-trainer-u\/\" \/>\n<meta property=\"og:site_name\" content=\"brain-trainer.com\" \/>\n<meta property=\"article:publisher\" content=\"https:\/\/www.facebook.com\/BraintrainerU\/\" \/>\n<meta property=\"article:modified_time\" content=\"2021-01-30T00:03:46+00:00\" \/>\n<meta name=\"twitter:label1\" content=\"Tiempo de lectura\" \/>\n\t<meta name=\"twitter:data1\" content=\"2 minutos\" \/>\n<script type=\"application\/ld+json\" class=\"yoast-schema-graph\">{\"@context\":\"https:\/\/schema.org\",\"@graph\":[{\"@type\":\"WebPage\",\"@id\":\"https:\/\/brain-trainer.com\/es\/brain-trainer-u\/\",\"url\":\"https:\/\/brain-trainer.com\/es\/brain-trainer-u\/\",\"name\":\"Brain-Trainer U - brain-trainer.com\",\"isPartOf\":{\"@id\":\"https:\/\/brain-trainer.com\/es\/#website\"},\"datePublished\":\"2019-11-01T14:23:36+00:00\",\"dateModified\":\"2021-01-30T00:03:46+00:00\",\"breadcrumb\":{\"@id\":\"https:\/\/brain-trainer.com\/es\/brain-trainer-u\/#breadcrumb\"},\"inLanguage\":\"es\",\"potentialAction\":[{\"@type\":\"ReadAction\",\"target\":[\"https:\/\/brain-trainer.com\/es\/brain-trainer-u\/\"]}]},{\"@type\":\"BreadcrumbList\",\"@id\":\"https:\/\/brain-trainer.com\/es\/brain-trainer-u\/#breadcrumb\",\"itemListElement\":[{\"@type\":\"ListItem\",\"position\":1,\"name\":\"Home\",\"item\":\"https:\/\/brain-trainer.com\/es\/\"},{\"@type\":\"ListItem\",\"position\":2,\"name\":\"Brain-Trainer U\"}]},{\"@type\":\"WebSite\",\"@id\":\"https:\/\/brain-trainer.com\/es\/#website\",\"url\":\"https:\/\/brain-trainer.com\/es\/\",\"name\":\"brain-trainer.com\",\"description\":\"By Trainers, For Trainers\",\"publisher\":{\"@id\":\"https:\/\/brain-trainer.com\/es\/#organization\"},\"potentialAction\":[{\"@type\":\"SearchAction\",\"target\":{\"@type\":\"EntryPoint\",\"urlTemplate\":\"https:\/\/brain-trainer.com\/es\/?s={search_term_string}\"},\"query-input\":{\"@type\":\"PropertyValueSpecification\",\"valueRequired\":true,\"valueName\":\"search_term_string\"}}],\"inLanguage\":\"es\"},{\"@type\":\"Organization\",\"@id\":\"https:\/\/brain-trainer.com\/es\/#organization\",\"name\":\"Brain-Trainer International\",\"url\":\"https:\/\/brain-trainer.com\/es\/\",\"logo\":{\"@type\":\"ImageObject\",\"inLanguage\":\"es\",\"@id\":\"https:\/\/brain-trainer.com\/es\/#\/schema\/logo\/image\/\",\"url\":\"https:\/\/brain-trainer.com\/wp-content\/uploads\/2015\/07\/brain-trainer.com-logo.jpg\",\"contentUrl\":\"https:\/\/brain-trainer.com\/wp-content\/uploads\/2015\/07\/brain-trainer.com-logo.jpg\",\"width\":384,\"height\":124,\"caption\":\"Brain-Trainer International\"},\"image\":{\"@id\":\"https:\/\/brain-trainer.com\/es\/#\/schema\/logo\/image\/\"},\"sameAs\":[\"https:\/\/www.facebook.com\/BraintrainerU\/\",\"https:\/\/x.com\/BraintrainerU\",\"https:\/\/www.instagram.com\/braintraineru\"]}]}<\/script>\n<!-- \/ Yoast SEO plugin. -->","yoast_head_json":{"title":"Brain-Trainer U - brain-trainer.com","robots":{"index":"index","follow":"follow","max-snippet":"max-snippet:-1","max-image-preview":"max-image-preview:large","max-video-preview":"max-video-preview:-1"},"canonical":"https:\/\/brain-trainer.com\/es\/brain-trainer-u\/","og_locale":"es_ES","og_type":"article","og_title":"Brain-Trainer U - brain-trainer.com","og_description":"Introducci\u00f3n al entrenamiento cerebral GRATIS Adelante convi\u00e9rtase en entrenador. Este curso GRATUITO es obligatorio para todos los entrenadores nuevos. Cubre conceptos b\u00e1sicos y terminolog\u00eda, qu\u00e9 medimos, por qu\u00e9 y qu\u00e9 significa, c\u00f3mo la actividad cerebral se relaciona con el estr\u00e9s y la funci\u00f3n f\u00edsica. Aprenda sobre las herramientas y paquetes que usar\u00e1, c\u00f3mo BTI prepara [&hellip;]","og_url":"https:\/\/brain-trainer.com\/es\/brain-trainer-u\/","og_site_name":"brain-trainer.com","article_publisher":"https:\/\/www.facebook.com\/BraintrainerU\/","article_modified_time":"2021-01-30T00:03:46+00:00","twitter_misc":{"Tiempo de lectura":"2 minutos"},"schema":{"@context":"https:\/\/schema.org","@graph":[{"@type":"WebPage","@id":"https:\/\/brain-trainer.com\/es\/brain-trainer-u\/","url":"https:\/\/brain-trainer.com\/es\/brain-trainer-u\/","name":"Brain-Trainer U - brain-trainer.com","isPartOf":{"@id":"https:\/\/brain-trainer.com\/es\/#website"},"datePublished":"2019-11-01T14:23:36+00:00","dateModified":"2021-01-30T00:03:46+00:00","breadcrumb":{"@id":"https:\/\/brain-trainer.com\/es\/brain-trainer-u\/#breadcrumb"},"inLanguage":"es","potentialAction":[{"@type":"ReadAction","target":["https:\/\/brain-trainer.com\/es\/brain-trainer-u\/"]}]},{"@type":"BreadcrumbList","@id":"https:\/\/brain-trainer.com\/es\/brain-trainer-u\/#breadcrumb","itemListElement":[{"@type":"ListItem","position":1,"name":"Home","item":"https:\/\/brain-trainer.com\/es\/"},{"@type":"ListItem","position":2,"name":"Brain-Trainer U"}]},{"@type":"WebSite","@id":"https:\/\/brain-trainer.com\/es\/#website","url":"https:\/\/brain-trainer.com\/es\/","name":"brain-trainer.com","description":"By Trainers, For Trainers","publisher":{"@id":"https:\/\/brain-trainer.com\/es\/#organization"},"potentialAction":[{"@type":"SearchAction","target":{"@type":"EntryPoint","urlTemplate":"https:\/\/brain-trainer.com\/es\/?s={search_term_string}"},"query-input":{"@type":"PropertyValueSpecification","valueRequired":true,"valueName":"search_term_string"}}],"inLanguage":"es"},{"@type":"Organization","@id":"https:\/\/brain-trainer.com\/es\/#organization","name":"Brain-Trainer International","url":"https:\/\/brain-trainer.com\/es\/","logo":{"@type":"ImageObject","inLanguage":"es","@id":"https:\/\/brain-trainer.com\/es\/#\/schema\/logo\/image\/","url":"https:\/\/brain-trainer.com\/wp-content\/uploads\/2015\/07\/brain-trainer.com-logo.jpg","contentUrl":"https:\/\/brain-trainer.com\/wp-content\/uploads\/2015\/07\/brain-trainer.com-logo.jpg","width":384,"height":124,"caption":"Brain-Trainer International"},"image":{"@id":"https:\/\/brain-trainer.com\/es\/#\/schema\/logo\/image\/"},"sameAs":["https:\/\/www.facebook.com\/BraintrainerU\/","https:\/\/x.com\/BraintrainerU","https:\/\/www.instagram.com\/braintraineru"]}]}},"_links":{"self":[{"href":"https:\/\/brain-trainer.com\/es\/wp-json\/wp\/v2\/pages\/24368","targetHints":{"allow":["GET"]}}],"collection":[{"href":"https:\/\/brain-trainer.com\/es\/wp-json\/wp\/v2\/pages"}],"about":[{"href":"https:\/\/brain-trainer.com\/es\/wp-json\/wp\/v2\/types\/page"}],"author":[{"embeddable":true,"href":"https:\/\/brain-trainer.com\/es\/wp-json\/wp\/v2\/users\/45"}],"replies":[{"embeddable":true,"href":"https:\/\/brain-trainer.com\/es\/wp-json\/wp\/v2\/comments?post=24368"}],"version-history":[{"count":15,"href":"https:\/\/brain-trainer.com\/es\/wp-json\/wp\/v2\/pages\/24368\/revisions"}],"predecessor-version":[{"id":30820,"href":"https:\/\/brain-trainer.com\/es\/wp-json\/wp\/v2\/pages\/24368\/revisions\/30820"}],"wp:attachment":[{"href":"https:\/\/brain-trainer.com\/es\/wp-json\/wp\/v2\/media?parent=24368"}],"curies":[{"name":"wp","href":"https:\/\/api.w.org\/{rel}","templated":true}]}}