{"id":29180,"date":"2020-06-17T15:00:04","date_gmt":"2020-06-17T19:00:04","guid":{"rendered":"https:\/\/brain-trainer.com\/?page_id=29180"},"modified":"2025-07-31T18:53:34","modified_gmt":"2025-07-31T22:53:34","slug":"biblioteca-brain-trainer","status":"publish","type":"page","link":"https:\/\/brain-trainer.com\/es\/biblioteca-brain-trainer\/","title":{"rendered":"Biblioteca Brain-Trainer"},"content":{"rendered":"<div class=\"card-wrapper\">\n<div class=\"row equal\">\n<div class=\"col-lg-4 col-sm-6\">\n<div class=\"info\">\n<div><iframe loading=\"lazy\" src=\"https:\/\/player.vimeo.com\/video\/368549974\" width=\"370\" height=\"267\" frameborder=\"0\" allowfullscreen=\"allowfullscreen\"><\/iframe><\/div>\n<div class=\"title\"><strong>Introducci\u00f3n a Brain-Training<\/strong><\/div>\n<div class=\"desc\">Seminario web de 4 horas que muestra como el entrenamiento cerebral puede cambiar la forma como funciona el cerebro, demuestra el poder y la facilidad de uso del sistema Brain-Trainer International y c\u00f3mo usted puede convertirse en un usuario competente y seguro en 6 meses, ganando mientras aprende.<\/div>\n<\/div>\n<\/div>\n<div class=\"col-lg-4 col-sm-6\">\n<div class=\"info\">\n<div><iframe loading=\"lazy\" src=\"https:\/\/player.vimeo.com\/video\/368546665\" width=\"370\" height=\"267\" frameborder=\"0\" allowfullscreen=\"allowfullscreen\"><\/iframe><\/div>\n<div class=\"title\"><strong>Brain-Training para mejorar la funci\u00f3n corporal<\/strong><\/div>\n<div class=\"desc\">Cuando se enfrentan problemas desde convulsiones hasta falta de sue\u00f1o, apetito, digesti\u00f3n, dolor, migra\u00f1as, ataques de p\u00e1nico, presi\u00f3n arterial, estr\u00e9s, funci\u00f3n inmune deficiente y m\u00e1s, probablemente no piense que estos est\u00e1n relacionados con los patrones en su cerebro. En este curso de 1,5 horas, comprender\u00e1 el v\u00ednculo y como entrenar el cerebro puede producir cambios duraderos en estas \u00e1reas. El Entrenamiento Cerebral de Brain-Trainer proporciona una hoja de ruta personalizada, sofisticada y f\u00e1cil de seguir para realizar cambios duraderos en una amplia gama de limitaciones cognitivas, an\u00edmicas, de control y de rendimiento al mismo tiempo que mejora el rendimiento fisiol\u00f3gico en solo unas pocas horas a la semana durante 4-5 meses.<\/div>\n<\/div>\n<\/div>\n<div class=\"col-lg-4 col-sm-6\">\n<div class=\"info\">\n<div><iframe loading=\"lazy\" src=\"https:\/\/player.vimeo.com\/video\/368545253\" width=\"370\" height=\"267\" frameborder=\"0\" allowfullscreen=\"allowfullscreen\"><\/iframe><\/div>\n<div class=\"title\"><strong>Trastornos del estado de \u00e1nimo, ansiedad, trauma y trastornos de la alimentaci\u00f3n<\/strong><\/div>\n<div class=\"desc\">En esta Webex de 1,5 horas, descubra c\u00f3mo usar Neurofeeback para trastornos del estado de \u00e1nimo, ansiedad, depresi\u00f3n, trauma y trastornos alimenticios. La Webex demostrar\u00e1 que el entrenamiento cerebral puede cambiar c\u00f3mo funciona el cerebro, demuestra el poder y la facilidad de uso del sistema Brain-Trainer International y c\u00f3mo usted puede convertirse en un usuario competente y seguro en 6 meses, ganando mientras aprende.<\/div>\n<\/div>\n<\/div>\n<div class=\"col-lg-4 col-sm-6\">\n<div class=\"info\">\n<div><iframe loading=\"lazy\" src=\"https:\/\/player.vimeo.com\/video\/368543367\" width=\"370\" height=\"267\" frameborder=\"0\" allowfullscreen=\"allowfullscreen\"><\/iframe><\/div>\n<div class=\"title\"><strong>Brain-Training para problemas de infancia y adolescencia<\/strong><\/div>\n<div class=\"desc\">Tema: problemas de infancia y adolescencia.<\/div>\n<\/div>\n<\/div>\n<div class=\"col-lg-4 col-sm-6\">\n<div class=\"info\">\n<div><iframe loading=\"lazy\" src=\"https:\/\/player.vimeo.com\/video\/368854514\" width=\"370\" height=\"267\" frameborder=\"0\" allowfullscreen=\"allowfullscreen\"><\/iframe><\/div>\n<div class=\"title\"><strong>Brain-Training for Trauma and Mood Issues<\/strong><\/div>\n<div class=\"desc\">Using Neurofeedback For Trauma &amp; Mood Issues. 2-hour webinar demonstrates what brain-training can change for those suffering with trauma and mood issues. We also cover how neurofeedback works, demonstrate the power and the ease-of-use of Brain-Trainer International&#8217;s system and how you can become a competent and confident user in 6 months.<\/div>\n<\/div>\n<\/div>\n<div class=\"col-lg-4 col-sm-6\">\n<div class=\"info\">\n<div><iframe loading=\"lazy\" src=\"https:\/\/player.vimeo.com\/video\/374014084\" width=\"370\" height=\"267\" frameborder=\"0\" allowfullscreen=\"allowfullscreen\"><\/iframe><\/div>\n<div class=\"title\"><strong>El arte de encontrar artefactos en el QEEG del Entrenador<\/strong><\/div>\n<div class=\"desc\">Aprenda a usar las opciones de ajuste autom\u00e1tico y manual disponibles cuando elimine artefactos de su evaluaci\u00f3n TQ de Brain-Trainer.<\/div>\n<\/div>\n<\/div>\n<div class=\"col-lg-4 col-sm-6\">\n<div class=\"info\">\n<div><iframe loading=\"lazy\" src=\"https:\/\/player.vimeo.com\/video\/385585355\" width=\"370\" height=\"267\" frameborder=\"0\" allowfullscreen=\"allowfullscreen\"><\/iframe><\/div>\n<div class=\"title\"><strong>C\u00f3mo usar Neurofeedback para hacer realidad los prop\u00f3sitos de su a\u00f1o nuevo<\/strong><\/div>\n<div class=\"desc\">C\u00f3mo usar el Neurofeedback para ayudar a aclarar sus objetivos y visi\u00f3n para el nuevo a\u00f1o, aumentar su capacidad de concentrarse para completar las tareas y c\u00f3mo aumentar el control de los impulsos para que pueda mantenerse enfocado y encaminado para poder alcanzar sus objetivos en 2020.<\/div>\n<\/div>\n<\/div>\n<div class=\"col-lg-4 col-sm-6\">\n<div class=\"info\">\n<div><iframe loading=\"lazy\" src=\"https:\/\/player.vimeo.com\/video\/385680733\" width=\"370\" height=\"267\" frameborder=\"0\" allowfullscreen=\"allowfullscreen\"><\/iframe><\/div>\n<div class=\"title\"><strong>Venciendo \u201cdepresi\u00f3n por las fiestas\u201d entrenando su cerebro<\/strong><\/div>\n<div class=\"desc\">C\u00f3mo los cerebros humanos son vulnerables a los cambios de humor, la depresi\u00f3n y la ansiedad, especialmente durante las vacaciones y otros per\u00edodos estresantes. La forma en que Brain-training crea nuevos patrones de h\u00e1bitos en el cerebro que lo mueven hacia un funcionamiento \u00f3ptimo, resulta en estados de \u00e1nimo m\u00e1s brillantes y estados m\u00e1s tranquilos, que crean un cerebro m\u00e1s resistente, que puede manejar las vacaciones futuras u otros per\u00edodos estresantes.<\/div>\n<\/div>\n<\/div>\n<style>\n  .card.hovercard.card--webinar .cardheader {<br \/>    background-image: url(\"https:\/\/brain-trainer.com\/wp-content\/uploads\/2019\/11\/webinar-640.jpg\");<br \/>  }<br \/>  .card.hovercard.card--problems .cardheader {<br \/>    background-image: url(\"https:\/\/brain-trainer.com\/wp-content\/uploads\/2019\/11\/problems-400x267.jpg\");<br \/>    background-position-y: bottom;<br \/>  }<br \/>  .card.hovercard.card--win .cardheader {<br \/>    background-image: url(\"https:\/\/brain-trainer.com\/wp-content\/uploads\/2019\/11\/WIN-400x267.jpg\");<br \/>  }<br \/>  .card.hovercard.card--videos .cardheader {<br \/>    background-image: url(\"https:\/\/brain-trainer.com\/wp-content\/uploads\/2019\/11\/videos.png\");<br \/>  }<br \/>  .card.hovercard.card--foundations .cardheader {<br \/>    background-image: url(\"https:\/\/brain-trainer.com\/wp-content\/uploads\/2019\/11\/Foundations_Brain-Training-400x267.jpeg\");<br \/>  }<br \/>  .card.hovercard.card--certification .cardheader {<br \/>    background-image: url(\"https:\/\/brain-trainer.com\/wp-content\/uploads\/2019\/11\/silhouette-3576109_1280-400x267.png\");<br \/>  }<br \/>  .card.hovercard.card--advanced .cardheader {<br \/>    background-image: url(\"https:\/\/brain-trainer.com\/wp-content\/uploads\/2019\/11\/quantum-physics-4550602_1920-400x267.jpg\");<br \/>  }<br \/>  .card.hovercard.card--resolutions .cardheader {<br \/>    background-image: url(\"https:\/\/brain-trainer.com\/wp-content\/uploads\/2020\/01\/resolutions.jpg\");<br \/>  }<br \/>  .card.hovercard.card--holiday-blues .cardheader {<br \/>    background-image: url(\"https:\/\/brain-trainer.com\/wp-content\/uploads\/2020\/01\/holiday-blues.jpg\");<br \/>  }<br \/>  .card.hovercard.card--artifact .cardheader {<br \/>    background-image: url(\"https:\/\/brain-trainer.com\/wp-content\/uploads\/2020\/01\/artifact.jpg\");<br \/>  }<br \/><\/style>\n","protected":false},"excerpt":{"rendered":"<p>Introducci\u00f3n a Brain-Training Seminario web de 4 horas que muestra como el entrenamiento cerebral puede cambiar la forma como funciona el cerebro, demuestra el poder y la facilidad de uso del sistema Brain-Trainer International y c\u00f3mo usted puede convertirse en un usuario competente y seguro en 6 meses, ganando mientras aprende. Brain-Training para mejorar la [&hellip;]<\/p>\n","protected":false},"author":112,"featured_media":0,"parent":0,"menu_order":0,"comment_status":"closed","ping_status":"closed","template":"","meta":{"_acf_changed":false,"footnotes":""},"class_list":["post-29180","page","type-page","status-publish","hentry"],"acf":[],"yoast_head":"<!-- This site is optimized with the Yoast SEO plugin v25.9 - https:\/\/yoast.com\/wordpress\/plugins\/seo\/ -->\n<title>Biblioteca Brain-Trainer - brain-trainer.com<\/title>\n<meta name=\"robots\" content=\"index, follow, max-snippet:-1, max-image-preview:large, max-video-preview:-1\" \/>\n<link rel=\"canonical\" href=\"https:\/\/brain-trainer.com\/es\/biblioteca-brain-trainer\/\" \/>\n<meta property=\"og:locale\" content=\"es_ES\" \/>\n<meta property=\"og:type\" content=\"article\" \/>\n<meta property=\"og:title\" content=\"Biblioteca Brain-Trainer - brain-trainer.com\" \/>\n<meta property=\"og:description\" content=\"Introducci\u00f3n a Brain-Training Seminario web de 4 horas que muestra como el entrenamiento cerebral puede cambiar la forma como funciona el cerebro, demuestra el poder y la facilidad de uso del sistema Brain-Trainer International y c\u00f3mo usted puede convertirse en un usuario competente y seguro en 6 meses, ganando mientras aprende. Brain-Training para mejorar la [&hellip;]\" \/>\n<meta property=\"og:url\" content=\"https:\/\/brain-trainer.com\/es\/biblioteca-brain-trainer\/\" \/>\n<meta property=\"og:site_name\" content=\"brain-trainer.com\" \/>\n<meta property=\"article:publisher\" content=\"https:\/\/www.facebook.com\/BraintrainerU\/\" \/>\n<meta property=\"article:modified_time\" content=\"2025-07-31T22:53:34+00:00\" \/>\n<meta name=\"twitter:label1\" content=\"Tiempo de lectura\" \/>\n\t<meta name=\"twitter:data1\" content=\"3 minutos\" \/>\n<script type=\"application\/ld+json\" class=\"yoast-schema-graph\">{\"@context\":\"https:\/\/schema.org\",\"@graph\":[{\"@type\":\"WebPage\",\"@id\":\"https:\/\/brain-trainer.com\/es\/biblioteca-brain-trainer\/\",\"url\":\"https:\/\/brain-trainer.com\/es\/biblioteca-brain-trainer\/\",\"name\":\"Biblioteca Brain-Trainer - brain-trainer.com\",\"isPartOf\":{\"@id\":\"https:\/\/brain-trainer.com\/es\/#website\"},\"datePublished\":\"2020-06-17T19:00:04+00:00\",\"dateModified\":\"2025-07-31T22:53:34+00:00\",\"breadcrumb\":{\"@id\":\"https:\/\/brain-trainer.com\/es\/biblioteca-brain-trainer\/#breadcrumb\"},\"inLanguage\":\"es\",\"potentialAction\":[{\"@type\":\"ReadAction\",\"target\":[\"https:\/\/brain-trainer.com\/es\/biblioteca-brain-trainer\/\"]}]},{\"@type\":\"BreadcrumbList\",\"@id\":\"https:\/\/brain-trainer.com\/es\/biblioteca-brain-trainer\/#breadcrumb\",\"itemListElement\":[{\"@type\":\"ListItem\",\"position\":1,\"name\":\"Home\",\"item\":\"https:\/\/brain-trainer.com\/es\/\"},{\"@type\":\"ListItem\",\"position\":2,\"name\":\"Biblioteca Brain-Trainer\"}]},{\"@type\":\"WebSite\",\"@id\":\"https:\/\/brain-trainer.com\/es\/#website\",\"url\":\"https:\/\/brain-trainer.com\/es\/\",\"name\":\"brain-trainer.com\",\"description\":\"By Trainers, For Trainers\",\"publisher\":{\"@id\":\"https:\/\/brain-trainer.com\/es\/#organization\"},\"potentialAction\":[{\"@type\":\"SearchAction\",\"target\":{\"@type\":\"EntryPoint\",\"urlTemplate\":\"https:\/\/brain-trainer.com\/es\/?s={search_term_string}\"},\"query-input\":{\"@type\":\"PropertyValueSpecification\",\"valueRequired\":true,\"valueName\":\"search_term_string\"}}],\"inLanguage\":\"es\"},{\"@type\":\"Organization\",\"@id\":\"https:\/\/brain-trainer.com\/es\/#organization\",\"name\":\"Brain-Trainer International\",\"url\":\"https:\/\/brain-trainer.com\/es\/\",\"logo\":{\"@type\":\"ImageObject\",\"inLanguage\":\"es\",\"@id\":\"https:\/\/brain-trainer.com\/es\/#\/schema\/logo\/image\/\",\"url\":\"https:\/\/brain-trainer.com\/wp-content\/uploads\/2015\/07\/brain-trainer.com-logo.jpg\",\"contentUrl\":\"https:\/\/brain-trainer.com\/wp-content\/uploads\/2015\/07\/brain-trainer.com-logo.jpg\",\"width\":384,\"height\":124,\"caption\":\"Brain-Trainer International\"},\"image\":{\"@id\":\"https:\/\/brain-trainer.com\/es\/#\/schema\/logo\/image\/\"},\"sameAs\":[\"https:\/\/www.facebook.com\/BraintrainerU\/\",\"https:\/\/x.com\/BraintrainerU\",\"https:\/\/www.instagram.com\/braintraineru\"]}]}<\/script>\n<!-- \/ Yoast SEO plugin. -->","yoast_head_json":{"title":"Biblioteca Brain-Trainer - brain-trainer.com","robots":{"index":"index","follow":"follow","max-snippet":"max-snippet:-1","max-image-preview":"max-image-preview:large","max-video-preview":"max-video-preview:-1"},"canonical":"https:\/\/brain-trainer.com\/es\/biblioteca-brain-trainer\/","og_locale":"es_ES","og_type":"article","og_title":"Biblioteca Brain-Trainer - brain-trainer.com","og_description":"Introducci\u00f3n a Brain-Training Seminario web de 4 horas que muestra como el entrenamiento cerebral puede cambiar la forma como funciona el cerebro, demuestra el poder y la facilidad de uso del sistema Brain-Trainer International y c\u00f3mo usted puede convertirse en un usuario competente y seguro en 6 meses, ganando mientras aprende. Brain-Training para mejorar la [&hellip;]","og_url":"https:\/\/brain-trainer.com\/es\/biblioteca-brain-trainer\/","og_site_name":"brain-trainer.com","article_publisher":"https:\/\/www.facebook.com\/BraintrainerU\/","article_modified_time":"2025-07-31T22:53:34+00:00","twitter_misc":{"Tiempo de lectura":"3 minutos"},"schema":{"@context":"https:\/\/schema.org","@graph":[{"@type":"WebPage","@id":"https:\/\/brain-trainer.com\/es\/biblioteca-brain-trainer\/","url":"https:\/\/brain-trainer.com\/es\/biblioteca-brain-trainer\/","name":"Biblioteca Brain-Trainer - brain-trainer.com","isPartOf":{"@id":"https:\/\/brain-trainer.com\/es\/#website"},"datePublished":"2020-06-17T19:00:04+00:00","dateModified":"2025-07-31T22:53:34+00:00","breadcrumb":{"@id":"https:\/\/brain-trainer.com\/es\/biblioteca-brain-trainer\/#breadcrumb"},"inLanguage":"es","potentialAction":[{"@type":"ReadAction","target":["https:\/\/brain-trainer.com\/es\/biblioteca-brain-trainer\/"]}]},{"@type":"BreadcrumbList","@id":"https:\/\/brain-trainer.com\/es\/biblioteca-brain-trainer\/#breadcrumb","itemListElement":[{"@type":"ListItem","position":1,"name":"Home","item":"https:\/\/brain-trainer.com\/es\/"},{"@type":"ListItem","position":2,"name":"Biblioteca Brain-Trainer"}]},{"@type":"WebSite","@id":"https:\/\/brain-trainer.com\/es\/#website","url":"https:\/\/brain-trainer.com\/es\/","name":"brain-trainer.com","description":"By Trainers, For Trainers","publisher":{"@id":"https:\/\/brain-trainer.com\/es\/#organization"},"potentialAction":[{"@type":"SearchAction","target":{"@type":"EntryPoint","urlTemplate":"https:\/\/brain-trainer.com\/es\/?s={search_term_string}"},"query-input":{"@type":"PropertyValueSpecification","valueRequired":true,"valueName":"search_term_string"}}],"inLanguage":"es"},{"@type":"Organization","@id":"https:\/\/brain-trainer.com\/es\/#organization","name":"Brain-Trainer International","url":"https:\/\/brain-trainer.com\/es\/","logo":{"@type":"ImageObject","inLanguage":"es","@id":"https:\/\/brain-trainer.com\/es\/#\/schema\/logo\/image\/","url":"https:\/\/brain-trainer.com\/wp-content\/uploads\/2015\/07\/brain-trainer.com-logo.jpg","contentUrl":"https:\/\/brain-trainer.com\/wp-content\/uploads\/2015\/07\/brain-trainer.com-logo.jpg","width":384,"height":124,"caption":"Brain-Trainer International"},"image":{"@id":"https:\/\/brain-trainer.com\/es\/#\/schema\/logo\/image\/"},"sameAs":["https:\/\/www.facebook.com\/BraintrainerU\/","https:\/\/x.com\/BraintrainerU","https:\/\/www.instagram.com\/braintraineru"]}]}},"_links":{"self":[{"href":"https:\/\/brain-trainer.com\/es\/wp-json\/wp\/v2\/pages\/29180","targetHints":{"allow":["GET"]}}],"collection":[{"href":"https:\/\/brain-trainer.com\/es\/wp-json\/wp\/v2\/pages"}],"about":[{"href":"https:\/\/brain-trainer.com\/es\/wp-json\/wp\/v2\/types\/page"}],"author":[{"embeddable":true,"href":"https:\/\/brain-trainer.com\/es\/wp-json\/wp\/v2\/users\/112"}],"replies":[{"embeddable":true,"href":"https:\/\/brain-trainer.com\/es\/wp-json\/wp\/v2\/comments?post=29180"}],"version-history":[{"count":5,"href":"https:\/\/brain-trainer.com\/es\/wp-json\/wp\/v2\/pages\/29180\/revisions"}],"predecessor-version":[{"id":42375,"href":"https:\/\/brain-trainer.com\/es\/wp-json\/wp\/v2\/pages\/29180\/revisions\/42375"}],"wp:attachment":[{"href":"https:\/\/brain-trainer.com\/es\/wp-json\/wp\/v2\/media?parent=29180"}],"curies":[{"name":"wp","href":"https:\/\/api.w.org\/{rel}","templated":true}]}}