{"id":12173,"date":"2016-09-13T06:52:35","date_gmt":"2016-09-13T10:52:35","guid":{"rendered":"https:\/\/brain-trainer.com\/product\/paquete-de-certificacion-de-supervision-profesional\/"},"modified":"2019-09-17T10:13:20","modified_gmt":"2019-09-17T14:13:20","slug":"paquete-de-certificacion-de-supervision-profesional","status":"publish","type":"product","link":"https:\/\/brain-trainer.com\/es\/producto\/paquete-de-certificacion-de-supervision-profesional\/","title":{"rendered":"Paquete de certificaci\u00f3n de supervisi\u00f3n profesional"},"content":{"rendered":"<p>Para entrenadores deseando convertirse en entrenadores cerebrales certificados, ofrecemos el paquete de supervisi\u00f3n de 6 meses para un equipo de 1-2 entrenadores como una continuaci\u00f3n del paquete inicial de tutor\u00eda de 4 horas incluido en la mayor\u00eda de nuestros paquetes de inicio. \u00a0Habiendo configurado su sistema, habiendo hecho una evaluaci\u00f3n y plan de entrenamiento y provisto algunas sesiones de entrenamiento, el entrenador ahora est\u00e1 listo para implementar un plan de auto-entrenamiento. \u00a0Evaluaciones de clientes potenciales, producci\u00f3n de planes de entrenamiento con un mayor grado de independencia e implementaci\u00f3n del plan m\u00e1s de 6 meses con la gu\u00eda de un supervisor permite al entrenador a lidiar con problemas de trabajar con clientes y demostrar capacidad y \u00e9xito. La supervisi\u00f3n es en l\u00ednea, sesiones de 4 horas en cada de los primeros 2 meses, despu\u00e9s 2 m\u00e1s en cada de los \u00faltimos 4 meses.<\/p>\n","protected":false},"excerpt":{"rendered":"<p>Supervisi\u00f3n de 16 horas culminando en la certificaci\u00f3n de brain-trainer. \u00a0Un equipo de 2 entrenadores puede entrenar juntos por el mismo precio.<\/p>\n<p><strong>Opciones de pago<\/strong><\/p>\n","protected":false},"featured_media":22084,"comment_status":"open","ping_status":"closed","template":"","meta":{"_acf_changed":false},"product_brand":[],"product_cat":[569,551],"product_tag":[],"class_list":{"0":"post-12173","1":"product","2":"type-product","3":"status-publish","4":"has-post-thumbnail","6":"product_cat-consulta","7":"product_cat-siguiente-nivel","8":"product_shipping_class-no-shipping","10":"first","11":"instock","12":"downloadable","13":"virtual","14":"purchasable","15":"product-type-simple"},"bundled_by":["26653","27933","29861","35194"],"bundle_stock_status":"instock","bundle_stock_quantity":null,"bundle_virtual":false,"bundle_layout":"","bundle_add_to_cart_form_location":"","bundle_editable_in_cart":false,"bundle_sold_individually_context":"","bundle_item_grouping":"","bundle_min_size":"","bundle_max_size":"","bundle_price":[],"bundled_items":[],"bundle_sell_ids":[],"acf":[],"yoast_head":"<!-- This site is optimized with the Yoast SEO plugin v27.3 - https:\/\/yoast.com\/product\/yoast-seo-wordpress\/ -->\n<title>Paquete de certificaci\u00f3n de supervisi\u00f3n profesional - brain-trainer.com<\/title>\n<meta name=\"description\" content=\"Supervisi\u00f3n de 16 horas culminando en la certificaci\u00f3n de brain-trainer. \u00a0Un equipo de 2 entrenadores puede entrenar juntos por el mismo precio.  Opciones de pago 10-hour supervision over 5 months culminating in Brain-Trainer certification. For a team of 1 or 2 trainers at the same price.\" \/>\n<meta name=\"robots\" content=\"index, follow, max-snippet:-1, max-image-preview:large, max-video-preview:-1\" \/>\n<link rel=\"canonical\" href=\"https:\/\/brain-trainer.com\/es\/producto\/paquete-de-certificacion-de-supervision-profesional\/\" \/>\n<meta property=\"og:locale\" content=\"es_ES\" \/>\n<meta property=\"og:type\" content=\"article\" \/>\n<meta property=\"og:title\" content=\"Paquete de certificaci\u00f3n de supervisi\u00f3n profesional - brain-trainer.com\" \/>\n<meta property=\"og:description\" content=\"Supervisi\u00f3n de 16 horas culminando en la certificaci\u00f3n de brain-trainer. \u00a0Un equipo de 2 entrenadores puede entrenar juntos por el mismo precio.  Opciones de pago 10-hour supervision over 5 months culminating in Brain-Trainer certification. For a team of 1 or 2 trainers at the same price.\" \/>\n<meta property=\"og:url\" content=\"https:\/\/brain-trainer.com\/es\/producto\/paquete-de-certificacion-de-supervision-profesional\/\" \/>\n<meta property=\"og:site_name\" content=\"brain-trainer.com\" \/>\n<meta property=\"article:publisher\" content=\"https:\/\/www.facebook.com\/BraintrainerU\/\" \/>\n<meta property=\"article:modified_time\" content=\"2019-09-17T14:13:20+00:00\" \/>\n<meta property=\"og:image\" content=\"https:\/\/brain-trainer.com\/wp-content\/uploads\/2019\/09\/CERT.jpg\" \/>\n\t<meta property=\"og:image:width\" content=\"400\" \/>\n\t<meta property=\"og:image:height\" content=\"400\" \/>\n\t<meta property=\"og:image:type\" content=\"image\/jpeg\" \/>\n<meta name=\"twitter:label1\" content=\"Tiempo de lectura\" \/>\n\t<meta name=\"twitter:data1\" content=\"1 minuto\" \/>\n<script type=\"application\/ld+json\" class=\"yoast-schema-graph\">{\"@context\":\"https:\\\/\\\/schema.org\",\"@graph\":[{\"@type\":\"WebPage\",\"@id\":\"https:\\\/\\\/brain-trainer.com\\\/es\\\/producto\\\/paquete-de-certificacion-de-supervision-profesional\\\/\",\"url\":\"https:\\\/\\\/brain-trainer.com\\\/es\\\/producto\\\/paquete-de-certificacion-de-supervision-profesional\\\/\",\"name\":\"Paquete de certificaci\u00f3n de supervisi\u00f3n profesional - brain-trainer.com\",\"isPartOf\":{\"@id\":\"https:\\\/\\\/brain-trainer.com\\\/es\\\/#website\"},\"primaryImageOfPage\":{\"@id\":\"https:\\\/\\\/brain-trainer.com\\\/es\\\/producto\\\/paquete-de-certificacion-de-supervision-profesional\\\/#primaryimage\"},\"image\":{\"@id\":\"https:\\\/\\\/brain-trainer.com\\\/es\\\/producto\\\/paquete-de-certificacion-de-supervision-profesional\\\/#primaryimage\"},\"thumbnailUrl\":\"https:\\\/\\\/brain-trainer.com\\\/wp-content\\\/uploads\\\/2019\\\/09\\\/CERT.jpg\",\"datePublished\":\"2016-09-13T10:52:35+00:00\",\"dateModified\":\"2019-09-17T14:13:20+00:00\",\"description\":\"Supervisi\u00f3n de 16 horas culminando en la certificaci\u00f3n de brain-trainer. \u00a0Un equipo de 2 entrenadores puede entrenar juntos por el mismo precio. Opciones de pago 10-hour supervision over 5 months culminating in Brain-Trainer certification. For a team of 1 or 2 trainers at the same price.\",\"breadcrumb\":{\"@id\":\"https:\\\/\\\/brain-trainer.com\\\/es\\\/producto\\\/paquete-de-certificacion-de-supervision-profesional\\\/#breadcrumb\"},\"inLanguage\":\"es\",\"potentialAction\":[{\"@type\":\"ReadAction\",\"target\":[\"https:\\\/\\\/brain-trainer.com\\\/es\\\/producto\\\/paquete-de-certificacion-de-supervision-profesional\\\/\"]}]},{\"@type\":\"ImageObject\",\"inLanguage\":\"es\",\"@id\":\"https:\\\/\\\/brain-trainer.com\\\/es\\\/producto\\\/paquete-de-certificacion-de-supervision-profesional\\\/#primaryimage\",\"url\":\"https:\\\/\\\/brain-trainer.com\\\/wp-content\\\/uploads\\\/2019\\\/09\\\/CERT.jpg\",\"contentUrl\":\"https:\\\/\\\/brain-trainer.com\\\/wp-content\\\/uploads\\\/2019\\\/09\\\/CERT.jpg\",\"width\":400,\"height\":400},{\"@type\":\"BreadcrumbList\",\"@id\":\"https:\\\/\\\/brain-trainer.com\\\/es\\\/producto\\\/paquete-de-certificacion-de-supervision-profesional\\\/#breadcrumb\",\"itemListElement\":[{\"@type\":\"ListItem\",\"position\":1,\"name\":\"Home\",\"item\":\"https:\\\/\\\/brain-trainer.com\\\/es\\\/\"},{\"@type\":\"ListItem\",\"position\":2,\"name\":\"Shop\",\"item\":\"https:\\\/\\\/brain-trainer.com\\\/shop\\\/\"},{\"@type\":\"ListItem\",\"position\":3,\"name\":\"Paquete de certificaci\u00f3n de supervisi\u00f3n profesional\"}]},{\"@type\":\"WebSite\",\"@id\":\"https:\\\/\\\/brain-trainer.com\\\/es\\\/#website\",\"url\":\"https:\\\/\\\/brain-trainer.com\\\/es\\\/\",\"name\":\"brain-trainer.com\",\"description\":\"By Trainers, For Trainers\",\"publisher\":{\"@id\":\"https:\\\/\\\/brain-trainer.com\\\/es\\\/#organization\"},\"potentialAction\":[{\"@type\":\"SearchAction\",\"target\":{\"@type\":\"EntryPoint\",\"urlTemplate\":\"https:\\\/\\\/brain-trainer.com\\\/es\\\/?s={search_term_string}\"},\"query-input\":{\"@type\":\"PropertyValueSpecification\",\"valueRequired\":true,\"valueName\":\"search_term_string\"}}],\"inLanguage\":\"es\"},{\"@type\":\"Organization\",\"@id\":\"https:\\\/\\\/brain-trainer.com\\\/es\\\/#organization\",\"name\":\"Brain-Trainer International\",\"url\":\"https:\\\/\\\/brain-trainer.com\\\/es\\\/\",\"logo\":{\"@type\":\"ImageObject\",\"inLanguage\":\"es\",\"@id\":\"https:\\\/\\\/brain-trainer.com\\\/es\\\/#\\\/schema\\\/logo\\\/image\\\/\",\"url\":\"https:\\\/\\\/brain-trainer.com\\\/wp-content\\\/uploads\\\/2015\\\/07\\\/brain-trainer.com-logo.jpg\",\"contentUrl\":\"https:\\\/\\\/brain-trainer.com\\\/wp-content\\\/uploads\\\/2015\\\/07\\\/brain-trainer.com-logo.jpg\",\"width\":384,\"height\":124,\"caption\":\"Brain-Trainer International\"},\"image\":{\"@id\":\"https:\\\/\\\/brain-trainer.com\\\/es\\\/#\\\/schema\\\/logo\\\/image\\\/\"},\"sameAs\":[\"https:\\\/\\\/www.facebook.com\\\/BraintrainerU\\\/\",\"https:\\\/\\\/x.com\\\/BraintrainerU\",\"https:\\\/\\\/www.instagram.com\\\/braintraineru\"]}]}<\/script>\n<!-- \/ Yoast SEO plugin. -->","yoast_head_json":{"title":"Paquete de certificaci\u00f3n de supervisi\u00f3n profesional - brain-trainer.com","description":"Supervisi\u00f3n de 16 horas culminando en la certificaci\u00f3n de brain-trainer. \u00a0Un equipo de 2 entrenadores puede entrenar juntos por el mismo precio.  Opciones de pago 10-hour supervision over 5 months culminating in Brain-Trainer certification. For a team of 1 or 2 trainers at the same price.","robots":{"index":"index","follow":"follow","max-snippet":"max-snippet:-1","max-image-preview":"max-image-preview:large","max-video-preview":"max-video-preview:-1"},"canonical":"https:\/\/brain-trainer.com\/es\/producto\/paquete-de-certificacion-de-supervision-profesional\/","og_locale":"es_ES","og_type":"article","og_title":"Paquete de certificaci\u00f3n de supervisi\u00f3n profesional - brain-trainer.com","og_description":"Supervisi\u00f3n de 16 horas culminando en la certificaci\u00f3n de brain-trainer. \u00a0Un equipo de 2 entrenadores puede entrenar juntos por el mismo precio.  Opciones de pago 10-hour supervision over 5 months culminating in Brain-Trainer certification. For a team of 1 or 2 trainers at the same price.","og_url":"https:\/\/brain-trainer.com\/es\/producto\/paquete-de-certificacion-de-supervision-profesional\/","og_site_name":"brain-trainer.com","article_publisher":"https:\/\/www.facebook.com\/BraintrainerU\/","article_modified_time":"2019-09-17T14:13:20+00:00","og_image":[{"width":400,"height":400,"url":"https:\/\/brain-trainer.com\/wp-content\/uploads\/2019\/09\/CERT.jpg","type":"image\/jpeg"}],"twitter_misc":{"Tiempo de lectura":"1 minuto"},"schema":{"@context":"https:\/\/schema.org","@graph":[{"@type":"WebPage","@id":"https:\/\/brain-trainer.com\/es\/producto\/paquete-de-certificacion-de-supervision-profesional\/","url":"https:\/\/brain-trainer.com\/es\/producto\/paquete-de-certificacion-de-supervision-profesional\/","name":"Paquete de certificaci\u00f3n de supervisi\u00f3n profesional - brain-trainer.com","isPartOf":{"@id":"https:\/\/brain-trainer.com\/es\/#website"},"primaryImageOfPage":{"@id":"https:\/\/brain-trainer.com\/es\/producto\/paquete-de-certificacion-de-supervision-profesional\/#primaryimage"},"image":{"@id":"https:\/\/brain-trainer.com\/es\/producto\/paquete-de-certificacion-de-supervision-profesional\/#primaryimage"},"thumbnailUrl":"https:\/\/brain-trainer.com\/wp-content\/uploads\/2019\/09\/CERT.jpg","datePublished":"2016-09-13T10:52:35+00:00","dateModified":"2019-09-17T14:13:20+00:00","description":"Supervisi\u00f3n de 16 horas culminando en la certificaci\u00f3n de brain-trainer. \u00a0Un equipo de 2 entrenadores puede entrenar juntos por el mismo precio. Opciones de pago 10-hour supervision over 5 months culminating in Brain-Trainer certification. For a team of 1 or 2 trainers at the same price.","breadcrumb":{"@id":"https:\/\/brain-trainer.com\/es\/producto\/paquete-de-certificacion-de-supervision-profesional\/#breadcrumb"},"inLanguage":"es","potentialAction":[{"@type":"ReadAction","target":["https:\/\/brain-trainer.com\/es\/producto\/paquete-de-certificacion-de-supervision-profesional\/"]}]},{"@type":"ImageObject","inLanguage":"es","@id":"https:\/\/brain-trainer.com\/es\/producto\/paquete-de-certificacion-de-supervision-profesional\/#primaryimage","url":"https:\/\/brain-trainer.com\/wp-content\/uploads\/2019\/09\/CERT.jpg","contentUrl":"https:\/\/brain-trainer.com\/wp-content\/uploads\/2019\/09\/CERT.jpg","width":400,"height":400},{"@type":"BreadcrumbList","@id":"https:\/\/brain-trainer.com\/es\/producto\/paquete-de-certificacion-de-supervision-profesional\/#breadcrumb","itemListElement":[{"@type":"ListItem","position":1,"name":"Home","item":"https:\/\/brain-trainer.com\/es\/"},{"@type":"ListItem","position":2,"name":"Shop","item":"https:\/\/brain-trainer.com\/shop\/"},{"@type":"ListItem","position":3,"name":"Paquete de certificaci\u00f3n de supervisi\u00f3n profesional"}]},{"@type":"WebSite","@id":"https:\/\/brain-trainer.com\/es\/#website","url":"https:\/\/brain-trainer.com\/es\/","name":"brain-trainer.com","description":"By Trainers, For Trainers","publisher":{"@id":"https:\/\/brain-trainer.com\/es\/#organization"},"potentialAction":[{"@type":"SearchAction","target":{"@type":"EntryPoint","urlTemplate":"https:\/\/brain-trainer.com\/es\/?s={search_term_string}"},"query-input":{"@type":"PropertyValueSpecification","valueRequired":true,"valueName":"search_term_string"}}],"inLanguage":"es"},{"@type":"Organization","@id":"https:\/\/brain-trainer.com\/es\/#organization","name":"Brain-Trainer International","url":"https:\/\/brain-trainer.com\/es\/","logo":{"@type":"ImageObject","inLanguage":"es","@id":"https:\/\/brain-trainer.com\/es\/#\/schema\/logo\/image\/","url":"https:\/\/brain-trainer.com\/wp-content\/uploads\/2015\/07\/brain-trainer.com-logo.jpg","contentUrl":"https:\/\/brain-trainer.com\/wp-content\/uploads\/2015\/07\/brain-trainer.com-logo.jpg","width":384,"height":124,"caption":"Brain-Trainer International"},"image":{"@id":"https:\/\/brain-trainer.com\/es\/#\/schema\/logo\/image\/"},"sameAs":["https:\/\/www.facebook.com\/BraintrainerU\/","https:\/\/x.com\/BraintrainerU","https:\/\/www.instagram.com\/braintraineru"]}]}},"_links":{"self":[{"href":"https:\/\/brain-trainer.com\/es\/wp-json\/wp\/v2\/product\/12173","targetHints":{"allow":["GET"]}}],"collection":[{"href":"https:\/\/brain-trainer.com\/es\/wp-json\/wp\/v2\/product"}],"about":[{"href":"https:\/\/brain-trainer.com\/es\/wp-json\/wp\/v2\/types\/product"}],"replies":[{"embeddable":true,"href":"https:\/\/brain-trainer.com\/es\/wp-json\/wp\/v2\/comments?post=12173"}],"wp:featuredmedia":[{"embeddable":true,"href":"https:\/\/brain-trainer.com\/es\/wp-json\/wp\/v2\/media\/22084"}],"wp:attachment":[{"href":"https:\/\/brain-trainer.com\/es\/wp-json\/wp\/v2\/media?parent=12173"}],"wp:term":[{"taxonomy":"product_brand","embeddable":true,"href":"https:\/\/brain-trainer.com\/es\/wp-json\/wp\/v2\/product_brand?post=12173"},{"taxonomy":"product_cat","embeddable":true,"href":"https:\/\/brain-trainer.com\/es\/wp-json\/wp\/v2\/product_cat?post=12173"},{"taxonomy":"product_tag","embeddable":true,"href":"https:\/\/brain-trainer.com\/es\/wp-json\/wp\/v2\/product_tag?post=12173"}],"curies":[{"name":"wp","href":"https:\/\/api.w.org\/{rel}","templated":true}]}}