{"id":12174,"date":"2016-07-19T10:11:35","date_gmt":"2016-07-19T14:11:35","guid":{"rendered":"https:\/\/brain-trainer.com\/product\/entendiendo-el-taller-de-disenos-de-brain-trainer\/"},"modified":"2018-02-23T13:20:49","modified_gmt":"2018-02-23T18:20:49","slug":"entendiendo-el-taller-de-disenos-de-brain-trainer","status":"publish","type":"product","link":"https:\/\/brain-trainer.com\/es\/producto\/entendiendo-el-taller-de-disenos-de-brain-trainer\/","title":{"rendered":"Entendiendo el taller de dise\u00f1os de Brain-Trainer"},"content":{"rendered":"","protected":false},"excerpt":{"rendered":"<p><strong>Usted ha sido referido por<\/strong><\/p>\n<p>Un video de 2 horas de nuestro taller en l\u00ednea de &#8220;Entendiendo los dise\u00f1os de Brain-Trainer&#8221;<\/p>\n<p>En este curso usted aprender\u00e1 sobre la funci\u00f3n de cada categor\u00eda de dise\u00f1o, caracter\u00edsticas principales, funciones e interpretaci\u00f3n de gr\u00e1ficos.<\/p>\n<p><strong>Presentador<br \/>\n<\/strong>Peter Van Deusen<\/p>\n<p><strong>Video<\/strong><br \/>\nEl video es 2:07:37 de longitud y 574 en tama\u00f1o. \u00a0La presentaci\u00f3n de im\u00e1genes est\u00e1 incluida en el formato PDF.<\/p>\n","protected":false},"featured_media":12175,"comment_status":"open","ping_status":"closed","template":"","meta":{"_acf_changed":false},"product_brand":[831],"product_cat":[572],"product_tag":[],"class_list":{"0":"post-12174","1":"product","2":"type-product","3":"status-publish","4":"has-post-thumbnail","6":"product_brand-brain-trainer-international","7":"product_cat-seminarios","8":"product_shipping_class-no-shipping","10":"first","11":"instock","12":"downloadable","13":"virtual","14":"purchasable","15":"product-type-simple"},"bundled_by":[],"bundle_stock_status":"instock","bundle_stock_quantity":null,"bundle_virtual":false,"bundle_layout":"","bundle_add_to_cart_form_location":"","bundle_editable_in_cart":false,"bundle_sold_individually_context":"","bundle_item_grouping":"","bundle_min_size":"","bundle_max_size":"","bundle_price":[],"bundled_items":[],"bundle_sell_ids":[],"acf":[],"yoast_head":"<!-- This site is optimized with the Yoast SEO plugin v25.9 - https:\/\/yoast.com\/wordpress\/plugins\/seo\/ -->\n<title>Entendiendo el taller de dise\u00f1os de Brain-Trainer - brain-trainer.com<\/title>\n<meta name=\"description\" content=\"Usted ha sido referido por  Un video de 2 horas de nuestro taller en l\u00ednea de &quot;Entendiendo los dise\u00f1os de Brain-Trainer&quot;  En este curso usted aprender\u00e1 sobre la funci\u00f3n de cada categor\u00eda de dise\u00f1o, caracter\u00edsticas principales, funciones e interpretaci\u00f3n de gr\u00e1ficos.  Presentador Peter Van Deusen  Video El video es 2:07:37 de longitud y 574 en tama\u00f1o. \u00a0La presentaci\u00f3n de im\u00e1genes est\u00e1 incluida en el formato PDF.\" \/>\n<meta name=\"robots\" content=\"index, follow, max-snippet:-1, max-image-preview:large, max-video-preview:-1\" \/>\n<link rel=\"canonical\" href=\"https:\/\/brain-trainer.com\/es\/producto\/entendiendo-el-taller-de-disenos-de-brain-trainer\/\" \/>\n<meta property=\"og:locale\" content=\"es_ES\" \/>\n<meta property=\"og:type\" content=\"article\" \/>\n<meta property=\"og:title\" content=\"Entendiendo el taller de dise\u00f1os de Brain-Trainer - brain-trainer.com\" \/>\n<meta property=\"og:description\" content=\"Usted ha sido referido por  Un video de 2 horas de nuestro taller en l\u00ednea de &quot;Entendiendo los dise\u00f1os de Brain-Trainer&quot;  En este curso usted aprender\u00e1 sobre la funci\u00f3n de cada categor\u00eda de dise\u00f1o, caracter\u00edsticas principales, funciones e interpretaci\u00f3n de gr\u00e1ficos.  Presentador Peter Van Deusen  Video El video es 2:07:37 de longitud y 574 en tama\u00f1o. \u00a0La presentaci\u00f3n de im\u00e1genes est\u00e1 incluida en el formato PDF.\" \/>\n<meta property=\"og:url\" content=\"https:\/\/brain-trainer.com\/es\/producto\/entendiendo-el-taller-de-disenos-de-brain-trainer\/\" \/>\n<meta property=\"og:site_name\" content=\"brain-trainer.com\" \/>\n<meta property=\"article:publisher\" content=\"https:\/\/www.facebook.com\/BraintrainerU\/\" \/>\n<meta property=\"article:modified_time\" content=\"2018-02-23T18:20:49+00:00\" \/>\n<meta property=\"og:image\" content=\"https:\/\/brain-trainer.com\/wp-content\/uploads\/2016\/07\/understanding-designs.jpg\" \/>\n\t<meta property=\"og:image:width\" content=\"600\" \/>\n\t<meta property=\"og:image:height\" content=\"600\" \/>\n\t<meta property=\"og:image:type\" content=\"image\/jpeg\" \/>\n<script type=\"application\/ld+json\" class=\"yoast-schema-graph\">{\"@context\":\"https:\/\/schema.org\",\"@graph\":[{\"@type\":\"WebPage\",\"@id\":\"https:\/\/brain-trainer.com\/es\/producto\/entendiendo-el-taller-de-disenos-de-brain-trainer\/\",\"url\":\"https:\/\/brain-trainer.com\/es\/producto\/entendiendo-el-taller-de-disenos-de-brain-trainer\/\",\"name\":\"Entendiendo el taller de dise\u00f1os de Brain-Trainer - brain-trainer.com\",\"isPartOf\":{\"@id\":\"https:\/\/brain-trainer.com\/es\/#website\"},\"primaryImageOfPage\":{\"@id\":\"https:\/\/brain-trainer.com\/es\/producto\/entendiendo-el-taller-de-disenos-de-brain-trainer\/#primaryimage\"},\"image\":{\"@id\":\"https:\/\/brain-trainer.com\/es\/producto\/entendiendo-el-taller-de-disenos-de-brain-trainer\/#primaryimage\"},\"thumbnailUrl\":\"https:\/\/brain-trainer.com\/wp-content\/uploads\/2016\/07\/understanding-designs.jpg\",\"datePublished\":\"2016-07-19T14:11:35+00:00\",\"dateModified\":\"2018-02-23T18:20:49+00:00\",\"description\":\"Usted ha sido referido por Un video de 2 horas de nuestro taller en l\u00ednea de \\\"Entendiendo los dise\u00f1os de Brain-Trainer\\\" En este curso usted aprender\u00e1 sobre la funci\u00f3n de cada categor\u00eda de dise\u00f1o, caracter\u00edsticas principales, funciones e interpretaci\u00f3n de gr\u00e1ficos. Presentador Peter Van Deusen Video El video es 2:07:37 de longitud y 574 en tama\u00f1o. \u00a0La presentaci\u00f3n de im\u00e1genes est\u00e1 incluida en el formato PDF.\",\"breadcrumb\":{\"@id\":\"https:\/\/brain-trainer.com\/es\/producto\/entendiendo-el-taller-de-disenos-de-brain-trainer\/#breadcrumb\"},\"inLanguage\":\"es\",\"potentialAction\":[{\"@type\":\"ReadAction\",\"target\":[\"https:\/\/brain-trainer.com\/es\/producto\/entendiendo-el-taller-de-disenos-de-brain-trainer\/\"]}]},{\"@type\":\"ImageObject\",\"inLanguage\":\"es\",\"@id\":\"https:\/\/brain-trainer.com\/es\/producto\/entendiendo-el-taller-de-disenos-de-brain-trainer\/#primaryimage\",\"url\":\"https:\/\/brain-trainer.com\/wp-content\/uploads\/2016\/07\/understanding-designs.jpg\",\"contentUrl\":\"https:\/\/brain-trainer.com\/wp-content\/uploads\/2016\/07\/understanding-designs.jpg\",\"width\":600,\"height\":600},{\"@type\":\"BreadcrumbList\",\"@id\":\"https:\/\/brain-trainer.com\/es\/producto\/entendiendo-el-taller-de-disenos-de-brain-trainer\/#breadcrumb\",\"itemListElement\":[{\"@type\":\"ListItem\",\"position\":1,\"name\":\"Home\",\"item\":\"https:\/\/brain-trainer.com\/es\/\"},{\"@type\":\"ListItem\",\"position\":2,\"name\":\"Shop\",\"item\":\"https:\/\/brain-trainer.com\/shop\/\"},{\"@type\":\"ListItem\",\"position\":3,\"name\":\"Entendiendo el taller de dise\u00f1os de Brain-Trainer\"}]},{\"@type\":\"WebSite\",\"@id\":\"https:\/\/brain-trainer.com\/es\/#website\",\"url\":\"https:\/\/brain-trainer.com\/es\/\",\"name\":\"brain-trainer.com\",\"description\":\"By Trainers, For Trainers\",\"publisher\":{\"@id\":\"https:\/\/brain-trainer.com\/es\/#organization\"},\"potentialAction\":[{\"@type\":\"SearchAction\",\"target\":{\"@type\":\"EntryPoint\",\"urlTemplate\":\"https:\/\/brain-trainer.com\/es\/?s={search_term_string}\"},\"query-input\":{\"@type\":\"PropertyValueSpecification\",\"valueRequired\":true,\"valueName\":\"search_term_string\"}}],\"inLanguage\":\"es\"},{\"@type\":\"Organization\",\"@id\":\"https:\/\/brain-trainer.com\/es\/#organization\",\"name\":\"Brain-Trainer International\",\"url\":\"https:\/\/brain-trainer.com\/es\/\",\"logo\":{\"@type\":\"ImageObject\",\"inLanguage\":\"es\",\"@id\":\"https:\/\/brain-trainer.com\/es\/#\/schema\/logo\/image\/\",\"url\":\"https:\/\/brain-trainer.com\/wp-content\/uploads\/2015\/07\/brain-trainer.com-logo.jpg\",\"contentUrl\":\"https:\/\/brain-trainer.com\/wp-content\/uploads\/2015\/07\/brain-trainer.com-logo.jpg\",\"width\":384,\"height\":124,\"caption\":\"Brain-Trainer International\"},\"image\":{\"@id\":\"https:\/\/brain-trainer.com\/es\/#\/schema\/logo\/image\/\"},\"sameAs\":[\"https:\/\/www.facebook.com\/BraintrainerU\/\",\"https:\/\/x.com\/BraintrainerU\",\"https:\/\/www.instagram.com\/braintraineru\"]}]}<\/script>\n<!-- \/ Yoast SEO plugin. -->","yoast_head_json":{"title":"Entendiendo el taller de dise\u00f1os de Brain-Trainer - brain-trainer.com","description":"Usted ha sido referido por  Un video de 2 horas de nuestro taller en l\u00ednea de \"Entendiendo los dise\u00f1os de Brain-Trainer\"  En este curso usted aprender\u00e1 sobre la funci\u00f3n de cada categor\u00eda de dise\u00f1o, caracter\u00edsticas principales, funciones e interpretaci\u00f3n de gr\u00e1ficos.  Presentador Peter Van Deusen  Video El video es 2:07:37 de longitud y 574 en tama\u00f1o. \u00a0La presentaci\u00f3n de im\u00e1genes est\u00e1 incluida en el formato PDF.","robots":{"index":"index","follow":"follow","max-snippet":"max-snippet:-1","max-image-preview":"max-image-preview:large","max-video-preview":"max-video-preview:-1"},"canonical":"https:\/\/brain-trainer.com\/es\/producto\/entendiendo-el-taller-de-disenos-de-brain-trainer\/","og_locale":"es_ES","og_type":"article","og_title":"Entendiendo el taller de dise\u00f1os de Brain-Trainer - brain-trainer.com","og_description":"Usted ha sido referido por  Un video de 2 horas de nuestro taller en l\u00ednea de \"Entendiendo los dise\u00f1os de Brain-Trainer\"  En este curso usted aprender\u00e1 sobre la funci\u00f3n de cada categor\u00eda de dise\u00f1o, caracter\u00edsticas principales, funciones e interpretaci\u00f3n de gr\u00e1ficos.  Presentador Peter Van Deusen  Video El video es 2:07:37 de longitud y 574 en tama\u00f1o. \u00a0La presentaci\u00f3n de im\u00e1genes est\u00e1 incluida en el formato PDF.","og_url":"https:\/\/brain-trainer.com\/es\/producto\/entendiendo-el-taller-de-disenos-de-brain-trainer\/","og_site_name":"brain-trainer.com","article_publisher":"https:\/\/www.facebook.com\/BraintrainerU\/","article_modified_time":"2018-02-23T18:20:49+00:00","og_image":[{"width":600,"height":600,"url":"https:\/\/brain-trainer.com\/wp-content\/uploads\/2016\/07\/understanding-designs.jpg","type":"image\/jpeg"}],"schema":{"@context":"https:\/\/schema.org","@graph":[{"@type":"WebPage","@id":"https:\/\/brain-trainer.com\/es\/producto\/entendiendo-el-taller-de-disenos-de-brain-trainer\/","url":"https:\/\/brain-trainer.com\/es\/producto\/entendiendo-el-taller-de-disenos-de-brain-trainer\/","name":"Entendiendo el taller de dise\u00f1os de Brain-Trainer - brain-trainer.com","isPartOf":{"@id":"https:\/\/brain-trainer.com\/es\/#website"},"primaryImageOfPage":{"@id":"https:\/\/brain-trainer.com\/es\/producto\/entendiendo-el-taller-de-disenos-de-brain-trainer\/#primaryimage"},"image":{"@id":"https:\/\/brain-trainer.com\/es\/producto\/entendiendo-el-taller-de-disenos-de-brain-trainer\/#primaryimage"},"thumbnailUrl":"https:\/\/brain-trainer.com\/wp-content\/uploads\/2016\/07\/understanding-designs.jpg","datePublished":"2016-07-19T14:11:35+00:00","dateModified":"2018-02-23T18:20:49+00:00","description":"Usted ha sido referido por Un video de 2 horas de nuestro taller en l\u00ednea de \"Entendiendo los dise\u00f1os de Brain-Trainer\" En este curso usted aprender\u00e1 sobre la funci\u00f3n de cada categor\u00eda de dise\u00f1o, caracter\u00edsticas principales, funciones e interpretaci\u00f3n de gr\u00e1ficos. Presentador Peter Van Deusen Video El video es 2:07:37 de longitud y 574 en tama\u00f1o. \u00a0La presentaci\u00f3n de im\u00e1genes est\u00e1 incluida en el formato PDF.","breadcrumb":{"@id":"https:\/\/brain-trainer.com\/es\/producto\/entendiendo-el-taller-de-disenos-de-brain-trainer\/#breadcrumb"},"inLanguage":"es","potentialAction":[{"@type":"ReadAction","target":["https:\/\/brain-trainer.com\/es\/producto\/entendiendo-el-taller-de-disenos-de-brain-trainer\/"]}]},{"@type":"ImageObject","inLanguage":"es","@id":"https:\/\/brain-trainer.com\/es\/producto\/entendiendo-el-taller-de-disenos-de-brain-trainer\/#primaryimage","url":"https:\/\/brain-trainer.com\/wp-content\/uploads\/2016\/07\/understanding-designs.jpg","contentUrl":"https:\/\/brain-trainer.com\/wp-content\/uploads\/2016\/07\/understanding-designs.jpg","width":600,"height":600},{"@type":"BreadcrumbList","@id":"https:\/\/brain-trainer.com\/es\/producto\/entendiendo-el-taller-de-disenos-de-brain-trainer\/#breadcrumb","itemListElement":[{"@type":"ListItem","position":1,"name":"Home","item":"https:\/\/brain-trainer.com\/es\/"},{"@type":"ListItem","position":2,"name":"Shop","item":"https:\/\/brain-trainer.com\/shop\/"},{"@type":"ListItem","position":3,"name":"Entendiendo el taller de dise\u00f1os de Brain-Trainer"}]},{"@type":"WebSite","@id":"https:\/\/brain-trainer.com\/es\/#website","url":"https:\/\/brain-trainer.com\/es\/","name":"brain-trainer.com","description":"By Trainers, For Trainers","publisher":{"@id":"https:\/\/brain-trainer.com\/es\/#organization"},"potentialAction":[{"@type":"SearchAction","target":{"@type":"EntryPoint","urlTemplate":"https:\/\/brain-trainer.com\/es\/?s={search_term_string}"},"query-input":{"@type":"PropertyValueSpecification","valueRequired":true,"valueName":"search_term_string"}}],"inLanguage":"es"},{"@type":"Organization","@id":"https:\/\/brain-trainer.com\/es\/#organization","name":"Brain-Trainer International","url":"https:\/\/brain-trainer.com\/es\/","logo":{"@type":"ImageObject","inLanguage":"es","@id":"https:\/\/brain-trainer.com\/es\/#\/schema\/logo\/image\/","url":"https:\/\/brain-trainer.com\/wp-content\/uploads\/2015\/07\/brain-trainer.com-logo.jpg","contentUrl":"https:\/\/brain-trainer.com\/wp-content\/uploads\/2015\/07\/brain-trainer.com-logo.jpg","width":384,"height":124,"caption":"Brain-Trainer International"},"image":{"@id":"https:\/\/brain-trainer.com\/es\/#\/schema\/logo\/image\/"},"sameAs":["https:\/\/www.facebook.com\/BraintrainerU\/","https:\/\/x.com\/BraintrainerU","https:\/\/www.instagram.com\/braintraineru"]}]}},"_links":{"self":[{"href":"https:\/\/brain-trainer.com\/es\/wp-json\/wp\/v2\/product\/12174","targetHints":{"allow":["GET"]}}],"collection":[{"href":"https:\/\/brain-trainer.com\/es\/wp-json\/wp\/v2\/product"}],"about":[{"href":"https:\/\/brain-trainer.com\/es\/wp-json\/wp\/v2\/types\/product"}],"replies":[{"embeddable":true,"href":"https:\/\/brain-trainer.com\/es\/wp-json\/wp\/v2\/comments?post=12174"}],"wp:featuredmedia":[{"embeddable":true,"href":"https:\/\/brain-trainer.com\/es\/wp-json\/wp\/v2\/media\/12175"}],"wp:attachment":[{"href":"https:\/\/brain-trainer.com\/es\/wp-json\/wp\/v2\/media?parent=12174"}],"wp:term":[{"taxonomy":"product_brand","embeddable":true,"href":"https:\/\/brain-trainer.com\/es\/wp-json\/wp\/v2\/product_brand?post=12174"},{"taxonomy":"product_cat","embeddable":true,"href":"https:\/\/brain-trainer.com\/es\/wp-json\/wp\/v2\/product_cat?post=12174"},{"taxonomy":"product_tag","embeddable":true,"href":"https:\/\/brain-trainer.com\/es\/wp-json\/wp\/v2\/product_tag?post=12174"}],"curies":[{"name":"wp","href":"https:\/\/api.w.org\/{rel}","templated":true}]}}