{"id":12436,"date":"2014-09-11T21:11:30","date_gmt":"2014-09-12T01:11:30","guid":{"rendered":"https:\/\/brain-trainer.com\/product\/diseno-de-suscripcion-del-brain-trainer\/"},"modified":"2023-01-12T23:43:43","modified_gmt":"2023-01-13T04:43:43","slug":"suscripcion-a-disenos-de-brain-trainer","status":"publish","type":"product","link":"https:\/\/brain-trainer.com\/es\/producto\/suscripcion-a-disenos-de-brain-trainer\/","title":{"rendered":"Suscripci\u00f3n a dise\u00f1os de Brain-Trainer"},"content":{"rendered":"<p><strong>Suscripci\u00f3n a dise\u00f1os de Brain-Trainer<\/strong><\/p>\n<p>El enfoque del Brain-Trainer\u2019s \u201cpor entrenadores para entrenadores\u201d es claro en la simpleza de ajustar estos dise\u00f1os altamente sofisticados en el dise\u00f1o de suscripci\u00f3n del Brain-Trainer para el <strong>entrenamiento del estado del cerebro<\/strong>. El entrenador puede seleccionar una o m\u00faltiples frecuencias para ser entrenado y ya sea para aumentar o disminuir con hacer un simple click de un bot\u00f3n en la pantalla. El establecimiento del objetivo es hecho autom\u00e1ticamente (con la opci\u00f3n de ajuste por el entrenador) al comienzo de cada sesi\u00f3n. A\u00fan el innovador enfoque \u201carrasador\u201d del Brain-Trainer\u2019s para entrenamiento permite al entrenador cambiar entre aumento y disminuci\u00f3n para romper modelos de cerebros \u201catascados\u201d, puede ser hecho haciendo click a un solo bot\u00f3n.<\/p>\n<p>La mayor\u00eda de los dise\u00f1os incluyen versiones que proveen feedback usando m\u00fasica, videos, DVDs o juegos (incluyendo paquetes de juegos opcionales). El uso de m\u00fasica del Brain Trainer\u2019s creado por el mismo cerebro como su propio feedback ha sido un centro de mesa de nuestros protocolos para el entrenamiento del estado del cerebro desde los finales de los 1990s.<\/p>\n<p>El compromiso del Brain-Trainer\u2019s es claro en el sorprendente manual que viene con el paquete, explicando en palabras claras e im\u00e1genes c\u00f3mo los dise\u00f1os pueden ser usados y proveyendo informaci\u00f3n detallada de cada dise\u00f1o en el paquete. Simplemente haga click en el nombre del dise\u00f1o que usted quiere en la tabla de contenido del archivo del pdf, \u00a1y usted est\u00e1 ah\u00ed! <u>Vea una descripci\u00f3n detallada del set de dise\u00f1os.<\/u><\/p>\n<p>Lo mejor de todo, los entrenadores no necesitan estar comprando \u201cactualizaciones de software\u201d al ser cambiados los dise\u00f1os. Al comprar, usted ser\u00e1 hecho miembro de un grupo de yahoo por medio del cual todos los dise\u00f1os actuales y todas las actualizaciones futuras pueden ser descargadas cuando quiera y tan a menudo como usted necesite. \u00a1A\u00fan las dos grandes actualizaciones hechas en los \u00faltimos dos a\u00f1os han estado disponibles gratis a cualquiera que haya comprado el paquete a partir de 2002!<\/p>\n<p>Algunos de los dise\u00f1os usan archivos de videos como feedback. Usted puede cargar su propio archivo de videos en el dise\u00f1o. Usted podr\u00eda tambi\u00e9n estar interesado en las descargas gratis de <u>animaciones fractales.<\/u><\/p>\n<p>Usted puede comprar los dise\u00f1os solos aqu\u00ed o comprarlos juntos con BioExplorer a precio especial del <u>QuickStart Package.<\/u><\/p>\n<p>Si usted es un usuario de BioExplorer, independientemente de qu\u00e9 amplificador usted use y su nivel de experiencia, los dise\u00f1os son una gran manera de comenzar a usar el programa a nivel de \u201cprofesional\u201d<\/p>\n<p>POL\u00cdZA DE DEVOLUCI\u00d3N: Ya que los dise\u00f1os son software y no protegidos por copias, devoluciones no son aceptadas.<\/p>\n","protected":false},"excerpt":{"rendered":"<p>El Suscripci\u00f3n a dise\u00f1os de Brain-Trainer es un centro de mesa del concepto de entrenamiento del brain-trainer\u2019s Whole-Brain. Los paquetes de protocolo cubren entrenamiento de alpha y SMR, simetr\u00eda\/balance, coherencia\/sincron\u00eda, centro ejecutivo HEG y amplitud tradicional\/intervenciones de frecuencia. Integrado con la evaluaci\u00f3n del TQ7 los planos del entrenamiento indican espec\u00edficamente cuales dise\u00f1os usar.<\/p>\n","protected":false},"featured_media":19875,"comment_status":"open","ping_status":"closed","template":"","meta":{"_acf_changed":false},"product_brand":[831],"product_cat":[541],"product_tag":[],"class_list":{"0":"post-12436","1":"product","2":"type-product","3":"status-publish","4":"has-post-thumbnail","6":"product_brand-brain-trainer-international","7":"product_cat-software-es","8":"product_shipping_class-no-shipping","10":"first","11":"instock","12":"downloadable","13":"virtual","14":"purchasable","15":"product-type-simple"},"bundled_by":["21497","21503","24918","26653","28295","12072"],"bundle_stock_status":"instock","bundle_stock_quantity":null,"bundle_virtual":false,"bundle_layout":"","bundle_add_to_cart_form_location":"","bundle_editable_in_cart":false,"bundle_sold_individually_context":"","bundle_item_grouping":"","bundle_min_size":"","bundle_max_size":"","bundle_price":[],"bundled_items":[],"bundle_sell_ids":[],"acf":[],"yoast_head":"<!-- This site is optimized with the Yoast SEO plugin v25.9 - https:\/\/yoast.com\/wordpress\/plugins\/seo\/ -->\n<title>Suscripci\u00f3n a dise\u00f1os de Brain-Trainer - brain-trainer.com<\/title>\n<meta name=\"description\" content=\"El Suscripci\u00f3n a dise\u00f1os de Brain-Trainer es un centro de mesa del concepto de entrenamiento del brain-trainer\u2019s Whole-Brain. Los paquetes de protocolo cubren entrenamiento de alpha y SMR, simetr\u00eda\/balance, coherencia\/sincron\u00eda, centro ejecutivo HEG y amplitud tradicional\/intervenciones de frecuencia. Integrado con la evaluaci\u00f3n del TQ7 los planos del entrenamiento indican espec\u00edficamente cuales dise\u00f1os usar.\" \/>\n<meta name=\"robots\" content=\"index, follow, max-snippet:-1, max-image-preview:large, max-video-preview:-1\" \/>\n<link rel=\"canonical\" href=\"https:\/\/brain-trainer.com\/es\/producto\/suscripcion-a-disenos-de-brain-trainer\/\" \/>\n<meta property=\"og:locale\" content=\"es_ES\" \/>\n<meta property=\"og:type\" content=\"article\" \/>\n<meta property=\"og:title\" content=\"Suscripci\u00f3n a dise\u00f1os de Brain-Trainer - brain-trainer.com\" \/>\n<meta property=\"og:description\" content=\"El Suscripci\u00f3n a dise\u00f1os de Brain-Trainer es un centro de mesa del concepto de entrenamiento del brain-trainer\u2019s Whole-Brain. Los paquetes de protocolo cubren entrenamiento de alpha y SMR, simetr\u00eda\/balance, coherencia\/sincron\u00eda, centro ejecutivo HEG y amplitud tradicional\/intervenciones de frecuencia. Integrado con la evaluaci\u00f3n del TQ7 los planos del entrenamiento indican espec\u00edficamente cuales dise\u00f1os usar.\" \/>\n<meta property=\"og:url\" content=\"https:\/\/brain-trainer.com\/es\/producto\/suscripcion-a-disenos-de-brain-trainer\/\" \/>\n<meta property=\"og:site_name\" content=\"brain-trainer.com\" \/>\n<meta property=\"article:publisher\" content=\"https:\/\/www.facebook.com\/BraintrainerU\/\" \/>\n<meta property=\"article:modified_time\" content=\"2023-01-13T04:43:43+00:00\" \/>\n<meta property=\"og:image\" content=\"https:\/\/brain-trainer.com\/wp-content\/uploads\/2019\/06\/various-designs.jpg\" \/>\n\t<meta property=\"og:image:width\" content=\"1440\" \/>\n\t<meta property=\"og:image:height\" content=\"901\" \/>\n\t<meta property=\"og:image:type\" content=\"image\/jpeg\" \/>\n<meta name=\"twitter:label1\" content=\"Tiempo de lectura\" \/>\n\t<meta name=\"twitter:data1\" content=\"2 minutos\" \/>\n<script type=\"application\/ld+json\" class=\"yoast-schema-graph\">{\"@context\":\"https:\/\/schema.org\",\"@graph\":[{\"@type\":\"WebPage\",\"@id\":\"https:\/\/brain-trainer.com\/es\/producto\/suscripcion-a-disenos-de-brain-trainer\/\",\"url\":\"https:\/\/brain-trainer.com\/es\/producto\/suscripcion-a-disenos-de-brain-trainer\/\",\"name\":\"Suscripci\u00f3n a dise\u00f1os de Brain-Trainer - brain-trainer.com\",\"isPartOf\":{\"@id\":\"https:\/\/brain-trainer.com\/es\/#website\"},\"primaryImageOfPage\":{\"@id\":\"https:\/\/brain-trainer.com\/es\/producto\/suscripcion-a-disenos-de-brain-trainer\/#primaryimage\"},\"image\":{\"@id\":\"https:\/\/brain-trainer.com\/es\/producto\/suscripcion-a-disenos-de-brain-trainer\/#primaryimage\"},\"thumbnailUrl\":\"https:\/\/brain-trainer.com\/wp-content\/uploads\/2019\/06\/various-designs.jpg\",\"datePublished\":\"2014-09-12T01:11:30+00:00\",\"dateModified\":\"2023-01-13T04:43:43+00:00\",\"description\":\"El Suscripci\u00f3n a dise\u00f1os de Brain-Trainer es un centro de mesa del concepto de entrenamiento del brain-trainer\u2019s Whole-Brain. Los paquetes de protocolo cubren entrenamiento de alpha y SMR, simetr\u00eda\/balance, coherencia\/sincron\u00eda, centro ejecutivo HEG y amplitud tradicional\/intervenciones de frecuencia. Integrado con la evaluaci\u00f3n del TQ7 los planos del entrenamiento indican espec\u00edficamente cuales dise\u00f1os usar.\",\"breadcrumb\":{\"@id\":\"https:\/\/brain-trainer.com\/es\/producto\/suscripcion-a-disenos-de-brain-trainer\/#breadcrumb\"},\"inLanguage\":\"es\",\"potentialAction\":[{\"@type\":\"ReadAction\",\"target\":[\"https:\/\/brain-trainer.com\/es\/producto\/suscripcion-a-disenos-de-brain-trainer\/\"]}]},{\"@type\":\"ImageObject\",\"inLanguage\":\"es\",\"@id\":\"https:\/\/brain-trainer.com\/es\/producto\/suscripcion-a-disenos-de-brain-trainer\/#primaryimage\",\"url\":\"https:\/\/brain-trainer.com\/wp-content\/uploads\/2019\/06\/various-designs.jpg\",\"contentUrl\":\"https:\/\/brain-trainer.com\/wp-content\/uploads\/2019\/06\/various-designs.jpg\",\"width\":1440,\"height\":901},{\"@type\":\"BreadcrumbList\",\"@id\":\"https:\/\/brain-trainer.com\/es\/producto\/suscripcion-a-disenos-de-brain-trainer\/#breadcrumb\",\"itemListElement\":[{\"@type\":\"ListItem\",\"position\":1,\"name\":\"Home\",\"item\":\"https:\/\/brain-trainer.com\/es\/\"},{\"@type\":\"ListItem\",\"position\":2,\"name\":\"Shop\",\"item\":\"https:\/\/brain-trainer.com\/shop\/\"},{\"@type\":\"ListItem\",\"position\":3,\"name\":\"Suscripci\u00f3n a dise\u00f1os de Brain-Trainer\"}]},{\"@type\":\"WebSite\",\"@id\":\"https:\/\/brain-trainer.com\/es\/#website\",\"url\":\"https:\/\/brain-trainer.com\/es\/\",\"name\":\"brain-trainer.com\",\"description\":\"By Trainers, For Trainers\",\"publisher\":{\"@id\":\"https:\/\/brain-trainer.com\/es\/#organization\"},\"potentialAction\":[{\"@type\":\"SearchAction\",\"target\":{\"@type\":\"EntryPoint\",\"urlTemplate\":\"https:\/\/brain-trainer.com\/es\/?s={search_term_string}\"},\"query-input\":{\"@type\":\"PropertyValueSpecification\",\"valueRequired\":true,\"valueName\":\"search_term_string\"}}],\"inLanguage\":\"es\"},{\"@type\":\"Organization\",\"@id\":\"https:\/\/brain-trainer.com\/es\/#organization\",\"name\":\"Brain-Trainer International\",\"url\":\"https:\/\/brain-trainer.com\/es\/\",\"logo\":{\"@type\":\"ImageObject\",\"inLanguage\":\"es\",\"@id\":\"https:\/\/brain-trainer.com\/es\/#\/schema\/logo\/image\/\",\"url\":\"https:\/\/brain-trainer.com\/wp-content\/uploads\/2015\/07\/brain-trainer.com-logo.jpg\",\"contentUrl\":\"https:\/\/brain-trainer.com\/wp-content\/uploads\/2015\/07\/brain-trainer.com-logo.jpg\",\"width\":384,\"height\":124,\"caption\":\"Brain-Trainer International\"},\"image\":{\"@id\":\"https:\/\/brain-trainer.com\/es\/#\/schema\/logo\/image\/\"},\"sameAs\":[\"https:\/\/www.facebook.com\/BraintrainerU\/\",\"https:\/\/x.com\/BraintrainerU\",\"https:\/\/www.instagram.com\/braintraineru\"]}]}<\/script>\n<!-- \/ Yoast SEO plugin. -->","yoast_head_json":{"title":"Suscripci\u00f3n a dise\u00f1os de Brain-Trainer - brain-trainer.com","description":"El Suscripci\u00f3n a dise\u00f1os de Brain-Trainer es un centro de mesa del concepto de entrenamiento del brain-trainer\u2019s Whole-Brain. Los paquetes de protocolo cubren entrenamiento de alpha y SMR, simetr\u00eda\/balance, coherencia\/sincron\u00eda, centro ejecutivo HEG y amplitud tradicional\/intervenciones de frecuencia. Integrado con la evaluaci\u00f3n del TQ7 los planos del entrenamiento indican espec\u00edficamente cuales dise\u00f1os usar.","robots":{"index":"index","follow":"follow","max-snippet":"max-snippet:-1","max-image-preview":"max-image-preview:large","max-video-preview":"max-video-preview:-1"},"canonical":"https:\/\/brain-trainer.com\/es\/producto\/suscripcion-a-disenos-de-brain-trainer\/","og_locale":"es_ES","og_type":"article","og_title":"Suscripci\u00f3n a dise\u00f1os de Brain-Trainer - brain-trainer.com","og_description":"El Suscripci\u00f3n a dise\u00f1os de Brain-Trainer es un centro de mesa del concepto de entrenamiento del brain-trainer\u2019s Whole-Brain. Los paquetes de protocolo cubren entrenamiento de alpha y SMR, simetr\u00eda\/balance, coherencia\/sincron\u00eda, centro ejecutivo HEG y amplitud tradicional\/intervenciones de frecuencia. Integrado con la evaluaci\u00f3n del TQ7 los planos del entrenamiento indican espec\u00edficamente cuales dise\u00f1os usar.","og_url":"https:\/\/brain-trainer.com\/es\/producto\/suscripcion-a-disenos-de-brain-trainer\/","og_site_name":"brain-trainer.com","article_publisher":"https:\/\/www.facebook.com\/BraintrainerU\/","article_modified_time":"2023-01-13T04:43:43+00:00","og_image":[{"width":1440,"height":901,"url":"https:\/\/brain-trainer.com\/wp-content\/uploads\/2019\/06\/various-designs.jpg","type":"image\/jpeg"}],"twitter_misc":{"Tiempo de lectura":"2 minutos"},"schema":{"@context":"https:\/\/schema.org","@graph":[{"@type":"WebPage","@id":"https:\/\/brain-trainer.com\/es\/producto\/suscripcion-a-disenos-de-brain-trainer\/","url":"https:\/\/brain-trainer.com\/es\/producto\/suscripcion-a-disenos-de-brain-trainer\/","name":"Suscripci\u00f3n a dise\u00f1os de Brain-Trainer - brain-trainer.com","isPartOf":{"@id":"https:\/\/brain-trainer.com\/es\/#website"},"primaryImageOfPage":{"@id":"https:\/\/brain-trainer.com\/es\/producto\/suscripcion-a-disenos-de-brain-trainer\/#primaryimage"},"image":{"@id":"https:\/\/brain-trainer.com\/es\/producto\/suscripcion-a-disenos-de-brain-trainer\/#primaryimage"},"thumbnailUrl":"https:\/\/brain-trainer.com\/wp-content\/uploads\/2019\/06\/various-designs.jpg","datePublished":"2014-09-12T01:11:30+00:00","dateModified":"2023-01-13T04:43:43+00:00","description":"El Suscripci\u00f3n a dise\u00f1os de Brain-Trainer es un centro de mesa del concepto de entrenamiento del brain-trainer\u2019s Whole-Brain. Los paquetes de protocolo cubren entrenamiento de alpha y SMR, simetr\u00eda\/balance, coherencia\/sincron\u00eda, centro ejecutivo HEG y amplitud tradicional\/intervenciones de frecuencia. Integrado con la evaluaci\u00f3n del TQ7 los planos del entrenamiento indican espec\u00edficamente cuales dise\u00f1os usar.","breadcrumb":{"@id":"https:\/\/brain-trainer.com\/es\/producto\/suscripcion-a-disenos-de-brain-trainer\/#breadcrumb"},"inLanguage":"es","potentialAction":[{"@type":"ReadAction","target":["https:\/\/brain-trainer.com\/es\/producto\/suscripcion-a-disenos-de-brain-trainer\/"]}]},{"@type":"ImageObject","inLanguage":"es","@id":"https:\/\/brain-trainer.com\/es\/producto\/suscripcion-a-disenos-de-brain-trainer\/#primaryimage","url":"https:\/\/brain-trainer.com\/wp-content\/uploads\/2019\/06\/various-designs.jpg","contentUrl":"https:\/\/brain-trainer.com\/wp-content\/uploads\/2019\/06\/various-designs.jpg","width":1440,"height":901},{"@type":"BreadcrumbList","@id":"https:\/\/brain-trainer.com\/es\/producto\/suscripcion-a-disenos-de-brain-trainer\/#breadcrumb","itemListElement":[{"@type":"ListItem","position":1,"name":"Home","item":"https:\/\/brain-trainer.com\/es\/"},{"@type":"ListItem","position":2,"name":"Shop","item":"https:\/\/brain-trainer.com\/shop\/"},{"@type":"ListItem","position":3,"name":"Suscripci\u00f3n a dise\u00f1os de Brain-Trainer"}]},{"@type":"WebSite","@id":"https:\/\/brain-trainer.com\/es\/#website","url":"https:\/\/brain-trainer.com\/es\/","name":"brain-trainer.com","description":"By Trainers, For Trainers","publisher":{"@id":"https:\/\/brain-trainer.com\/es\/#organization"},"potentialAction":[{"@type":"SearchAction","target":{"@type":"EntryPoint","urlTemplate":"https:\/\/brain-trainer.com\/es\/?s={search_term_string}"},"query-input":{"@type":"PropertyValueSpecification","valueRequired":true,"valueName":"search_term_string"}}],"inLanguage":"es"},{"@type":"Organization","@id":"https:\/\/brain-trainer.com\/es\/#organization","name":"Brain-Trainer International","url":"https:\/\/brain-trainer.com\/es\/","logo":{"@type":"ImageObject","inLanguage":"es","@id":"https:\/\/brain-trainer.com\/es\/#\/schema\/logo\/image\/","url":"https:\/\/brain-trainer.com\/wp-content\/uploads\/2015\/07\/brain-trainer.com-logo.jpg","contentUrl":"https:\/\/brain-trainer.com\/wp-content\/uploads\/2015\/07\/brain-trainer.com-logo.jpg","width":384,"height":124,"caption":"Brain-Trainer International"},"image":{"@id":"https:\/\/brain-trainer.com\/es\/#\/schema\/logo\/image\/"},"sameAs":["https:\/\/www.facebook.com\/BraintrainerU\/","https:\/\/x.com\/BraintrainerU","https:\/\/www.instagram.com\/braintraineru"]}]}},"_links":{"self":[{"href":"https:\/\/brain-trainer.com\/es\/wp-json\/wp\/v2\/product\/12436","targetHints":{"allow":["GET"]}}],"collection":[{"href":"https:\/\/brain-trainer.com\/es\/wp-json\/wp\/v2\/product"}],"about":[{"href":"https:\/\/brain-trainer.com\/es\/wp-json\/wp\/v2\/types\/product"}],"replies":[{"embeddable":true,"href":"https:\/\/brain-trainer.com\/es\/wp-json\/wp\/v2\/comments?post=12436"}],"wp:featuredmedia":[{"embeddable":true,"href":"https:\/\/brain-trainer.com\/es\/wp-json\/wp\/v2\/media\/19875"}],"wp:attachment":[{"href":"https:\/\/brain-trainer.com\/es\/wp-json\/wp\/v2\/media?parent=12436"}],"wp:term":[{"taxonomy":"product_brand","embeddable":true,"href":"https:\/\/brain-trainer.com\/es\/wp-json\/wp\/v2\/product_brand?post=12436"},{"taxonomy":"product_cat","embeddable":true,"href":"https:\/\/brain-trainer.com\/es\/wp-json\/wp\/v2\/product_cat?post=12436"},{"taxonomy":"product_tag","embeddable":true,"href":"https:\/\/brain-trainer.com\/es\/wp-json\/wp\/v2\/product_tag?post=12436"}],"curies":[{"name":"wp","href":"https:\/\/api.w.org\/{rel}","templated":true}]}}