{"id":12657,"date":"2014-07-15T23:06:29","date_gmt":"2014-07-15T23:06:29","guid":{"rendered":"https:\/\/brain-trainer.com\/product\/bxshadow\/"},"modified":"2023-01-13T00:44:29","modified_gmt":"2023-01-13T05:44:29","slug":"bxshadow","status":"publish","type":"product","link":"https:\/\/brain-trainer.com\/es\/producto\/bxshadow\/","title":{"rendered":"BxShadow para BioExplorer"},"content":{"rendered":"<h2>BxShadow<\/h2>\n<p>La BxShadow es una peque\u00f1a aplicaci\u00f3n \u00fanica que se comunica con BioExplorer a trav\u00e9s del elemento servidor. Crea una caja de sombra que usted puede controlar y est\u00e1 enlazada al feedback del BioExplorer. Usted puede ajustar los ajustes del brillo y escoger tener niveles de alto\/bajo brillo que cambian en ambos sentidos, o brillo variable con gradaci\u00f3n. Usted puede determinar el tama\u00f1o y acomodar esta caja sobre una pantalla completa o cualquier cosa sobre ella\u2014no solamente una ventana del BioExplorer. Por ejemplo:<\/p>\n<ol>\n<li>En vez de usar el reproductor de DVD en BE, use su reproductor est\u00e1ndar de DVD y acomode la ventana de sombra sobre \u00e9l. El DVD funcionar\u00e1 en Windows\u2026pero la sombra ajustar\u00e1 el brillo basado en lo que el cliente est\u00e1 haciendo en su dise\u00f1o de entrenamiento. El sonido tambi\u00e9n es ajustado basado en el feedback.<\/li>\n<li>Corra un video de inter\u00e9s al cliente en su computadora, y haga que los controles de brillo y volumen ajusten su brillo y volumen.<\/li>\n<li><u>Descargue un juego<\/u> como el Tetris u otro que el cliente disfrute y acomode la ventana de sombra sobre ello en la pantalla del cliente (\u00a1no hay necesidad a\u00fan para la ventana de BioExplorer de estar ah\u00ed!), y el juego se ilumina y oscurece y el volumen de los sonidos del juego cambian basados en el funcionamiento del cerebro.<\/li>\n<li>Abra un libro de Kindle o una novela gr\u00e1fica digital en la pantalla y acomode la ventana de sombra sobre ella para que as\u00ed la lectura llegue a ser m\u00e1s f\u00e1cil o m\u00e1s dif\u00edcil de seguir basada en lo que el cerebro est\u00e1 haciendo.<\/li>\n<li>Navegue la red en su navegador favorito con la ventana de sombra por encima.<\/li>\n<\/ol>\n<p>\u00a1Use su imaginaci\u00f3n! El programa hace cualquier cosa que est\u00e9 en la pantalla bajo la ventana de sombra una parte del entrenamiento.<\/p>\n<p>El paquete de instalaci\u00f3n viene con dos muestras de dise\u00f1o que ense\u00f1an como el elemento servidor debe ser instalado.<br \/>\nUn dise\u00f1o hace el feedback discreto brilloso\/oscuro, el otro tiene un oscurecimiento gradual del monitor. El dise\u00f1o del paquete del entrenador del cerebro ha sido actualizado para incluir el BxShadow como una opci\u00f3n de feedback.<\/p>\n<p>Para obtener la versi\u00f3n completa, haga su pedido arriba. <strong>Despu<\/strong><strong>\u00e9<\/strong><strong>s de su compra usted recibir<\/strong><strong>\u00e1<\/strong><strong> una confirmaci\u00f3n con un enlace para descargar el BxShadow. <\/strong>(1.3 MB)<\/p>\n<p>POL\u00cdTICA DE DEVOLUCI\u00d3N: BxShadow no es retornable. Para una vista anticipada del programa <u>descargue la prueba gratis de 30 d<\/u><u>\u00ed<\/u><u>as del BsShadow.<\/u><\/p>\n","protected":false},"excerpt":{"rendered":"<p>Use el control de brillo y volumen para DVDs, corra el video y otras aplicaciones de pantalla conect\u00e1ndose con BioExplorer. \u00a1No necesita usar reproductor de DVD de BioExplorer!<\/p>\n<p>Para m\u00e1quinas de Windows o Mac con Boot Camp. No trabaja con Mac Parallels.<\/p>\n","protected":false},"featured_media":14745,"comment_status":"open","ping_status":"closed","template":"","meta":{"_acf_changed":false},"product_brand":[],"product_cat":[564,541],"product_tag":[],"class_list":{"0":"post-12657","1":"product","2":"type-product","3":"status-publish","4":"has-post-thumbnail","6":"product_cat-juegos-productos","7":"product_cat-software-es","8":"product_shipping_class-no-shipping","10":"first","11":"instock","12":"downloadable","13":"virtual","14":"purchasable","15":"product-type-simple"},"bundled_by":["24918","26653","28295","30269"],"bundle_stock_status":"instock","bundle_stock_quantity":null,"bundle_virtual":false,"bundle_layout":"","bundle_add_to_cart_form_location":"","bundle_editable_in_cart":false,"bundle_sold_individually_context":"","bundle_item_grouping":"","bundle_min_size":"","bundle_max_size":"","bundle_price":[],"bundled_items":[],"bundle_sell_ids":[],"acf":[],"yoast_head":"<!-- This site is optimized with the Yoast SEO plugin v27.3 - https:\/\/yoast.com\/product\/yoast-seo-wordpress\/ -->\n<title>BxShadow para BioExplorer - brain-trainer.com<\/title>\n<meta name=\"description\" content=\"Use el control de brillo y volumen para DVDs, corra el video y otras aplicaciones de pantalla conect\u00e1ndose con BioExplorer. \u00a1No necesita usar reproductor de DVD de BioExplorer!  Para m\u00e1quinas de Windows o Mac con Boot Camp. No trabaja con Mac Parallels.\" \/>\n<meta name=\"robots\" content=\"index, follow, max-snippet:-1, max-image-preview:large, max-video-preview:-1\" \/>\n<link rel=\"canonical\" href=\"https:\/\/brain-trainer.com\/es\/producto\/bxshadow\/\" \/>\n<meta property=\"og:locale\" content=\"es_ES\" \/>\n<meta property=\"og:type\" content=\"article\" \/>\n<meta property=\"og:title\" content=\"BxShadow para BioExplorer - brain-trainer.com\" \/>\n<meta property=\"og:description\" content=\"Use el control de brillo y volumen para DVDs, corra el video y otras aplicaciones de pantalla conect\u00e1ndose con BioExplorer. \u00a1No necesita usar reproductor de DVD de BioExplorer!  Para m\u00e1quinas de Windows o Mac con Boot Camp. No trabaja con Mac Parallels.\" \/>\n<meta property=\"og:url\" content=\"https:\/\/brain-trainer.com\/es\/producto\/bxshadow\/\" \/>\n<meta property=\"og:site_name\" content=\"brain-trainer.com\" \/>\n<meta property=\"article:publisher\" content=\"https:\/\/www.facebook.com\/BraintrainerU\/\" \/>\n<meta property=\"article:modified_time\" content=\"2023-01-13T05:44:29+00:00\" \/>\n<meta property=\"og:image\" content=\"https:\/\/brain-trainer.com\/wp-content\/uploads\/2014\/07\/BxS-enabled-med.jpg\" \/>\n\t<meta property=\"og:image:width\" content=\"600\" \/>\n\t<meta property=\"og:image:height\" content=\"600\" \/>\n\t<meta property=\"og:image:type\" content=\"image\/jpeg\" \/>\n<meta name=\"twitter:label1\" content=\"Tiempo de lectura\" \/>\n\t<meta name=\"twitter:data1\" content=\"2 minutos\" \/>\n<script type=\"application\/ld+json\" class=\"yoast-schema-graph\">{\"@context\":\"https:\\\/\\\/schema.org\",\"@graph\":[{\"@type\":\"WebPage\",\"@id\":\"https:\\\/\\\/brain-trainer.com\\\/es\\\/producto\\\/bxshadow\\\/\",\"url\":\"https:\\\/\\\/brain-trainer.com\\\/es\\\/producto\\\/bxshadow\\\/\",\"name\":\"BxShadow para BioExplorer - brain-trainer.com\",\"isPartOf\":{\"@id\":\"https:\\\/\\\/brain-trainer.com\\\/es\\\/#website\"},\"primaryImageOfPage\":{\"@id\":\"https:\\\/\\\/brain-trainer.com\\\/es\\\/producto\\\/bxshadow\\\/#primaryimage\"},\"image\":{\"@id\":\"https:\\\/\\\/brain-trainer.com\\\/es\\\/producto\\\/bxshadow\\\/#primaryimage\"},\"thumbnailUrl\":\"https:\\\/\\\/brain-trainer.com\\\/wp-content\\\/uploads\\\/2014\\\/07\\\/BxS-enabled-med.jpg\",\"datePublished\":\"2014-07-15T23:06:29+00:00\",\"dateModified\":\"2023-01-13T05:44:29+00:00\",\"description\":\"Use el control de brillo y volumen para DVDs, corra el video y otras aplicaciones de pantalla conect\u00e1ndose con BioExplorer. \u00a1No necesita usar reproductor de DVD de BioExplorer! Para m\u00e1quinas de Windows o Mac con Boot Camp. No trabaja con Mac Parallels.\",\"breadcrumb\":{\"@id\":\"https:\\\/\\\/brain-trainer.com\\\/es\\\/producto\\\/bxshadow\\\/#breadcrumb\"},\"inLanguage\":\"es\",\"potentialAction\":[{\"@type\":\"ReadAction\",\"target\":[\"https:\\\/\\\/brain-trainer.com\\\/es\\\/producto\\\/bxshadow\\\/\"]}]},{\"@type\":\"ImageObject\",\"inLanguage\":\"es\",\"@id\":\"https:\\\/\\\/brain-trainer.com\\\/es\\\/producto\\\/bxshadow\\\/#primaryimage\",\"url\":\"https:\\\/\\\/brain-trainer.com\\\/wp-content\\\/uploads\\\/2014\\\/07\\\/BxS-enabled-med.jpg\",\"contentUrl\":\"https:\\\/\\\/brain-trainer.com\\\/wp-content\\\/uploads\\\/2014\\\/07\\\/BxS-enabled-med.jpg\",\"width\":600,\"height\":600},{\"@type\":\"BreadcrumbList\",\"@id\":\"https:\\\/\\\/brain-trainer.com\\\/es\\\/producto\\\/bxshadow\\\/#breadcrumb\",\"itemListElement\":[{\"@type\":\"ListItem\",\"position\":1,\"name\":\"Home\",\"item\":\"https:\\\/\\\/brain-trainer.com\\\/es\\\/\"},{\"@type\":\"ListItem\",\"position\":2,\"name\":\"Shop\",\"item\":\"https:\\\/\\\/brain-trainer.com\\\/shop\\\/\"},{\"@type\":\"ListItem\",\"position\":3,\"name\":\"BxShadow para BioExplorer\"}]},{\"@type\":\"WebSite\",\"@id\":\"https:\\\/\\\/brain-trainer.com\\\/es\\\/#website\",\"url\":\"https:\\\/\\\/brain-trainer.com\\\/es\\\/\",\"name\":\"brain-trainer.com\",\"description\":\"By Trainers, For Trainers\",\"publisher\":{\"@id\":\"https:\\\/\\\/brain-trainer.com\\\/es\\\/#organization\"},\"potentialAction\":[{\"@type\":\"SearchAction\",\"target\":{\"@type\":\"EntryPoint\",\"urlTemplate\":\"https:\\\/\\\/brain-trainer.com\\\/es\\\/?s={search_term_string}\"},\"query-input\":{\"@type\":\"PropertyValueSpecification\",\"valueRequired\":true,\"valueName\":\"search_term_string\"}}],\"inLanguage\":\"es\"},{\"@type\":\"Organization\",\"@id\":\"https:\\\/\\\/brain-trainer.com\\\/es\\\/#organization\",\"name\":\"Brain-Trainer International\",\"url\":\"https:\\\/\\\/brain-trainer.com\\\/es\\\/\",\"logo\":{\"@type\":\"ImageObject\",\"inLanguage\":\"es\",\"@id\":\"https:\\\/\\\/brain-trainer.com\\\/es\\\/#\\\/schema\\\/logo\\\/image\\\/\",\"url\":\"https:\\\/\\\/brain-trainer.com\\\/wp-content\\\/uploads\\\/2015\\\/07\\\/brain-trainer.com-logo.jpg\",\"contentUrl\":\"https:\\\/\\\/brain-trainer.com\\\/wp-content\\\/uploads\\\/2015\\\/07\\\/brain-trainer.com-logo.jpg\",\"width\":384,\"height\":124,\"caption\":\"Brain-Trainer International\"},\"image\":{\"@id\":\"https:\\\/\\\/brain-trainer.com\\\/es\\\/#\\\/schema\\\/logo\\\/image\\\/\"},\"sameAs\":[\"https:\\\/\\\/www.facebook.com\\\/BraintrainerU\\\/\",\"https:\\\/\\\/x.com\\\/BraintrainerU\",\"https:\\\/\\\/www.instagram.com\\\/braintraineru\"]}]}<\/script>\n<!-- \/ Yoast SEO plugin. -->","yoast_head_json":{"title":"BxShadow para BioExplorer - brain-trainer.com","description":"Use el control de brillo y volumen para DVDs, corra el video y otras aplicaciones de pantalla conect\u00e1ndose con BioExplorer. \u00a1No necesita usar reproductor de DVD de BioExplorer!  Para m\u00e1quinas de Windows o Mac con Boot Camp. No trabaja con Mac Parallels.","robots":{"index":"index","follow":"follow","max-snippet":"max-snippet:-1","max-image-preview":"max-image-preview:large","max-video-preview":"max-video-preview:-1"},"canonical":"https:\/\/brain-trainer.com\/es\/producto\/bxshadow\/","og_locale":"es_ES","og_type":"article","og_title":"BxShadow para BioExplorer - brain-trainer.com","og_description":"Use el control de brillo y volumen para DVDs, corra el video y otras aplicaciones de pantalla conect\u00e1ndose con BioExplorer. \u00a1No necesita usar reproductor de DVD de BioExplorer!  Para m\u00e1quinas de Windows o Mac con Boot Camp. No trabaja con Mac Parallels.","og_url":"https:\/\/brain-trainer.com\/es\/producto\/bxshadow\/","og_site_name":"brain-trainer.com","article_publisher":"https:\/\/www.facebook.com\/BraintrainerU\/","article_modified_time":"2023-01-13T05:44:29+00:00","og_image":[{"width":600,"height":600,"url":"https:\/\/brain-trainer.com\/wp-content\/uploads\/2014\/07\/BxS-enabled-med.jpg","type":"image\/jpeg"}],"twitter_misc":{"Tiempo de lectura":"2 minutos"},"schema":{"@context":"https:\/\/schema.org","@graph":[{"@type":"WebPage","@id":"https:\/\/brain-trainer.com\/es\/producto\/bxshadow\/","url":"https:\/\/brain-trainer.com\/es\/producto\/bxshadow\/","name":"BxShadow para BioExplorer - brain-trainer.com","isPartOf":{"@id":"https:\/\/brain-trainer.com\/es\/#website"},"primaryImageOfPage":{"@id":"https:\/\/brain-trainer.com\/es\/producto\/bxshadow\/#primaryimage"},"image":{"@id":"https:\/\/brain-trainer.com\/es\/producto\/bxshadow\/#primaryimage"},"thumbnailUrl":"https:\/\/brain-trainer.com\/wp-content\/uploads\/2014\/07\/BxS-enabled-med.jpg","datePublished":"2014-07-15T23:06:29+00:00","dateModified":"2023-01-13T05:44:29+00:00","description":"Use el control de brillo y volumen para DVDs, corra el video y otras aplicaciones de pantalla conect\u00e1ndose con BioExplorer. \u00a1No necesita usar reproductor de DVD de BioExplorer! Para m\u00e1quinas de Windows o Mac con Boot Camp. No trabaja con Mac Parallels.","breadcrumb":{"@id":"https:\/\/brain-trainer.com\/es\/producto\/bxshadow\/#breadcrumb"},"inLanguage":"es","potentialAction":[{"@type":"ReadAction","target":["https:\/\/brain-trainer.com\/es\/producto\/bxshadow\/"]}]},{"@type":"ImageObject","inLanguage":"es","@id":"https:\/\/brain-trainer.com\/es\/producto\/bxshadow\/#primaryimage","url":"https:\/\/brain-trainer.com\/wp-content\/uploads\/2014\/07\/BxS-enabled-med.jpg","contentUrl":"https:\/\/brain-trainer.com\/wp-content\/uploads\/2014\/07\/BxS-enabled-med.jpg","width":600,"height":600},{"@type":"BreadcrumbList","@id":"https:\/\/brain-trainer.com\/es\/producto\/bxshadow\/#breadcrumb","itemListElement":[{"@type":"ListItem","position":1,"name":"Home","item":"https:\/\/brain-trainer.com\/es\/"},{"@type":"ListItem","position":2,"name":"Shop","item":"https:\/\/brain-trainer.com\/shop\/"},{"@type":"ListItem","position":3,"name":"BxShadow para BioExplorer"}]},{"@type":"WebSite","@id":"https:\/\/brain-trainer.com\/es\/#website","url":"https:\/\/brain-trainer.com\/es\/","name":"brain-trainer.com","description":"By Trainers, For Trainers","publisher":{"@id":"https:\/\/brain-trainer.com\/es\/#organization"},"potentialAction":[{"@type":"SearchAction","target":{"@type":"EntryPoint","urlTemplate":"https:\/\/brain-trainer.com\/es\/?s={search_term_string}"},"query-input":{"@type":"PropertyValueSpecification","valueRequired":true,"valueName":"search_term_string"}}],"inLanguage":"es"},{"@type":"Organization","@id":"https:\/\/brain-trainer.com\/es\/#organization","name":"Brain-Trainer International","url":"https:\/\/brain-trainer.com\/es\/","logo":{"@type":"ImageObject","inLanguage":"es","@id":"https:\/\/brain-trainer.com\/es\/#\/schema\/logo\/image\/","url":"https:\/\/brain-trainer.com\/wp-content\/uploads\/2015\/07\/brain-trainer.com-logo.jpg","contentUrl":"https:\/\/brain-trainer.com\/wp-content\/uploads\/2015\/07\/brain-trainer.com-logo.jpg","width":384,"height":124,"caption":"Brain-Trainer International"},"image":{"@id":"https:\/\/brain-trainer.com\/es\/#\/schema\/logo\/image\/"},"sameAs":["https:\/\/www.facebook.com\/BraintrainerU\/","https:\/\/x.com\/BraintrainerU","https:\/\/www.instagram.com\/braintraineru"]}]}},"_links":{"self":[{"href":"https:\/\/brain-trainer.com\/es\/wp-json\/wp\/v2\/product\/12657","targetHints":{"allow":["GET"]}}],"collection":[{"href":"https:\/\/brain-trainer.com\/es\/wp-json\/wp\/v2\/product"}],"about":[{"href":"https:\/\/brain-trainer.com\/es\/wp-json\/wp\/v2\/types\/product"}],"replies":[{"embeddable":true,"href":"https:\/\/brain-trainer.com\/es\/wp-json\/wp\/v2\/comments?post=12657"}],"wp:featuredmedia":[{"embeddable":true,"href":"https:\/\/brain-trainer.com\/es\/wp-json\/wp\/v2\/media\/14745"}],"wp:attachment":[{"href":"https:\/\/brain-trainer.com\/es\/wp-json\/wp\/v2\/media?parent=12657"}],"wp:term":[{"taxonomy":"product_brand","embeddable":true,"href":"https:\/\/brain-trainer.com\/es\/wp-json\/wp\/v2\/product_brand?post=12657"},{"taxonomy":"product_cat","embeddable":true,"href":"https:\/\/brain-trainer.com\/es\/wp-json\/wp\/v2\/product_cat?post=12657"},{"taxonomy":"product_tag","embeddable":true,"href":"https:\/\/brain-trainer.com\/es\/wp-json\/wp\/v2\/product_tag?post=12657"}],"curies":[{"name":"wp","href":"https:\/\/api.w.org\/{rel}","templated":true}]}}