{"id":12659,"date":"2014-06-18T12:33:26","date_gmt":"2014-06-18T16:33:26","guid":{"rendered":"https:\/\/brain-trainer.com\/product\/el-juego-de-dam-para-bioexplorer\/"},"modified":"2019-09-06T06:27:04","modified_gmt":"2019-09-06T10:27:04","slug":"el-juego-de-dam-para-bioexplorer","status":"publish","type":"product","link":"https:\/\/brain-trainer.com\/es\/producto\/el-juego-de-dam-para-bioexplorer\/","title":{"rendered":"El juego de DAM para BioExplorer"},"content":{"rendered":"<p>En el <strong>juego de<\/strong> <strong>Dam<\/strong>, a la derecha de la represa el valle sube por una ladera en una serie de hileras de casas. Siempre que la frecuencia de la recompensa permanezca sobre el objetivo por un segundo, una casa es construida. Mientras m\u00e1s alto del objetivo m\u00e1s aumenta la banda de la recompensa, mientras m\u00e1s alta la terraza donde la casa es construida. Siempre que 3 casas en una hilera pasan el objetivo otra vez, las casas son cambiadas por una mansi\u00f3n. Cuando hay 3 mansiones en cada hilera de casas, el pueblo es terminado y el cliente gana.<\/p>\n<p>La frecuencia de inhibici\u00f3n es ense\u00f1ada en el lado izquierdo de la pantalla como agua por detr\u00e1s de la represa. Siempre y cuando la banda de inhibici\u00f3n permanezca por debajo del l\u00edmite, el pueblo est\u00e1 a salvo. Cada vez que los clientes inhiban el l\u00edmite es violado, el agua se derrama por encima de la represa y arrasa las casas. Mientras m\u00e1s alta se levanta la banda de inhibici\u00f3n sobre el objetivo, m\u00e1s casas son arrasadas.<\/p>\n<p>A diferencia de la mayor\u00eda de juegos de flash por BioExplorer, <strong>los HeadGames <\/strong>proveen un panel de control en la pantalla de entrenamiento. A\u00fan si usted est\u00e1 usando dos pantallas, el entrenador controla cuando el juego comienza y para, qu\u00e9 tan largo es cada segmento, cuando los resultados de una sesi\u00f3n son ense\u00f1ados y a\u00fan el nivel de dificultad del juego. Hay una ventana de ayuda disponible en el Panel de Control. Hechos por entrenadores para entrenadores los HeadGames son claros, entusiastas y comprensibles. \u201cTrate el suyo hoy\u201d.<\/p>\n","protected":false},"excerpt":{"rendered":"<p><strong>Usted ha sido referido por<\/strong><\/p>\n<p>\u00a1Bella y simple representaci\u00f3n visual y auditiva de inhibiciones y recompensas! El juego de DAM es el primero de una serie de entrenador de cerebro del HeadGames, juegos de flash, por BioExplorer para el entrenador de cerebro. \u00a1Construya casas y prot\u00e9jalas del agua que se derrama de la represa!<\/p>\n","protected":false},"featured_media":12661,"comment_status":"open","ping_status":"closed","template":"","meta":{"_acf_changed":false},"product_brand":[],"product_cat":[562],"product_tag":[],"class_list":{"0":"post-12659","1":"product","2":"type-product","3":"status-publish","4":"has-post-thumbnail","6":"product_cat-sin-categoria","7":"product_shipping_class-no-shipping","9":"first","10":"instock","11":"downloadable","12":"virtual","13":"purchasable","14":"product-type-simple"},"bundled_by":[],"bundle_stock_status":"instock","bundle_stock_quantity":null,"bundle_virtual":false,"bundle_layout":"","bundle_add_to_cart_form_location":"","bundle_editable_in_cart":false,"bundle_sold_individually_context":"","bundle_item_grouping":"","bundle_min_size":"","bundle_max_size":"","bundle_price":[],"bundled_items":[],"bundle_sell_ids":[],"acf":[],"yoast_head":"<!-- This site is optimized with the Yoast SEO plugin v27.3 - https:\/\/yoast.com\/product\/yoast-seo-wordpress\/ -->\n<title>El juego de DAM para BioExplorer - brain-trainer.com<\/title>\n<meta name=\"description\" content=\"Usted ha sido referido por  \u00a1Bella y simple representaci\u00f3n visual y auditiva de inhibiciones y recompensas! El juego de DAM es el primero de una serie de entrenador de cerebro del HeadGames, juegos de flash, por BioExplorer para el entrenador de cerebro. \u00a1Construya casas y prot\u00e9jalas del agua que se derrama de la represa!\" \/>\n<meta name=\"robots\" content=\"index, follow, max-snippet:-1, max-image-preview:large, max-video-preview:-1\" \/>\n<link rel=\"canonical\" href=\"https:\/\/brain-trainer.com\/es\/producto\/el-juego-de-dam-para-bioexplorer\/\" \/>\n<meta property=\"og:locale\" content=\"es_ES\" \/>\n<meta property=\"og:type\" content=\"article\" \/>\n<meta property=\"og:title\" content=\"El juego de DAM para BioExplorer - brain-trainer.com\" \/>\n<meta property=\"og:description\" content=\"Usted ha sido referido por  \u00a1Bella y simple representaci\u00f3n visual y auditiva de inhibiciones y recompensas! El juego de DAM es el primero de una serie de entrenador de cerebro del HeadGames, juegos de flash, por BioExplorer para el entrenador de cerebro. \u00a1Construya casas y prot\u00e9jalas del agua que se derrama de la represa!\" \/>\n<meta property=\"og:url\" content=\"https:\/\/brain-trainer.com\/es\/producto\/el-juego-de-dam-para-bioexplorer\/\" \/>\n<meta property=\"og:site_name\" content=\"brain-trainer.com\" \/>\n<meta property=\"article:publisher\" content=\"https:\/\/www.facebook.com\/BraintrainerU\/\" \/>\n<meta property=\"article:modified_time\" content=\"2019-09-06T10:27:04+00:00\" \/>\n<meta property=\"og:image\" content=\"https:\/\/brain-trainer.com\/wp-content\/uploads\/2014\/06\/HeadGame-DAM2.jpg\" \/>\n\t<meta property=\"og:image:width\" content=\"700\" \/>\n\t<meta property=\"og:image:height\" content=\"394\" \/>\n\t<meta property=\"og:image:type\" content=\"image\/jpeg\" \/>\n<meta name=\"twitter:label1\" content=\"Tiempo de lectura\" \/>\n\t<meta name=\"twitter:data1\" content=\"1 minuto\" \/>\n<script type=\"application\/ld+json\" class=\"yoast-schema-graph\">{\"@context\":\"https:\\\/\\\/schema.org\",\"@graph\":[{\"@type\":\"WebPage\",\"@id\":\"https:\\\/\\\/brain-trainer.com\\\/es\\\/producto\\\/el-juego-de-dam-para-bioexplorer\\\/\",\"url\":\"https:\\\/\\\/brain-trainer.com\\\/es\\\/producto\\\/el-juego-de-dam-para-bioexplorer\\\/\",\"name\":\"El juego de DAM para BioExplorer - brain-trainer.com\",\"isPartOf\":{\"@id\":\"https:\\\/\\\/brain-trainer.com\\\/es\\\/#website\"},\"primaryImageOfPage\":{\"@id\":\"https:\\\/\\\/brain-trainer.com\\\/es\\\/producto\\\/el-juego-de-dam-para-bioexplorer\\\/#primaryimage\"},\"image\":{\"@id\":\"https:\\\/\\\/brain-trainer.com\\\/es\\\/producto\\\/el-juego-de-dam-para-bioexplorer\\\/#primaryimage\"},\"thumbnailUrl\":\"https:\\\/\\\/brain-trainer.com\\\/wp-content\\\/uploads\\\/2014\\\/06\\\/HeadGame-DAM2.jpg\",\"datePublished\":\"2014-06-18T16:33:26+00:00\",\"dateModified\":\"2019-09-06T10:27:04+00:00\",\"description\":\"Usted ha sido referido por \u00a1Bella y simple representaci\u00f3n visual y auditiva de inhibiciones y recompensas! El juego de DAM es el primero de una serie de entrenador de cerebro del HeadGames, juegos de flash, por BioExplorer para el entrenador de cerebro. \u00a1Construya casas y prot\u00e9jalas del agua que se derrama de la represa!\",\"breadcrumb\":{\"@id\":\"https:\\\/\\\/brain-trainer.com\\\/es\\\/producto\\\/el-juego-de-dam-para-bioexplorer\\\/#breadcrumb\"},\"inLanguage\":\"es\",\"potentialAction\":[{\"@type\":\"ReadAction\",\"target\":[\"https:\\\/\\\/brain-trainer.com\\\/es\\\/producto\\\/el-juego-de-dam-para-bioexplorer\\\/\"]}]},{\"@type\":\"ImageObject\",\"inLanguage\":\"es\",\"@id\":\"https:\\\/\\\/brain-trainer.com\\\/es\\\/producto\\\/el-juego-de-dam-para-bioexplorer\\\/#primaryimage\",\"url\":\"https:\\\/\\\/brain-trainer.com\\\/wp-content\\\/uploads\\\/2014\\\/06\\\/HeadGame-DAM2.jpg\",\"contentUrl\":\"https:\\\/\\\/brain-trainer.com\\\/wp-content\\\/uploads\\\/2014\\\/06\\\/HeadGame-DAM2.jpg\",\"width\":700,\"height\":394},{\"@type\":\"BreadcrumbList\",\"@id\":\"https:\\\/\\\/brain-trainer.com\\\/es\\\/producto\\\/el-juego-de-dam-para-bioexplorer\\\/#breadcrumb\",\"itemListElement\":[{\"@type\":\"ListItem\",\"position\":1,\"name\":\"Home\",\"item\":\"https:\\\/\\\/brain-trainer.com\\\/es\\\/\"},{\"@type\":\"ListItem\",\"position\":2,\"name\":\"Shop\",\"item\":\"https:\\\/\\\/brain-trainer.com\\\/shop\\\/\"},{\"@type\":\"ListItem\",\"position\":3,\"name\":\"El juego de DAM para BioExplorer\"}]},{\"@type\":\"WebSite\",\"@id\":\"https:\\\/\\\/brain-trainer.com\\\/es\\\/#website\",\"url\":\"https:\\\/\\\/brain-trainer.com\\\/es\\\/\",\"name\":\"brain-trainer.com\",\"description\":\"By Trainers, For Trainers\",\"publisher\":{\"@id\":\"https:\\\/\\\/brain-trainer.com\\\/es\\\/#organization\"},\"potentialAction\":[{\"@type\":\"SearchAction\",\"target\":{\"@type\":\"EntryPoint\",\"urlTemplate\":\"https:\\\/\\\/brain-trainer.com\\\/es\\\/?s={search_term_string}\"},\"query-input\":{\"@type\":\"PropertyValueSpecification\",\"valueRequired\":true,\"valueName\":\"search_term_string\"}}],\"inLanguage\":\"es\"},{\"@type\":\"Organization\",\"@id\":\"https:\\\/\\\/brain-trainer.com\\\/es\\\/#organization\",\"name\":\"Brain-Trainer International\",\"url\":\"https:\\\/\\\/brain-trainer.com\\\/es\\\/\",\"logo\":{\"@type\":\"ImageObject\",\"inLanguage\":\"es\",\"@id\":\"https:\\\/\\\/brain-trainer.com\\\/es\\\/#\\\/schema\\\/logo\\\/image\\\/\",\"url\":\"https:\\\/\\\/brain-trainer.com\\\/wp-content\\\/uploads\\\/2015\\\/07\\\/brain-trainer.com-logo.jpg\",\"contentUrl\":\"https:\\\/\\\/brain-trainer.com\\\/wp-content\\\/uploads\\\/2015\\\/07\\\/brain-trainer.com-logo.jpg\",\"width\":384,\"height\":124,\"caption\":\"Brain-Trainer International\"},\"image\":{\"@id\":\"https:\\\/\\\/brain-trainer.com\\\/es\\\/#\\\/schema\\\/logo\\\/image\\\/\"},\"sameAs\":[\"https:\\\/\\\/www.facebook.com\\\/BraintrainerU\\\/\",\"https:\\\/\\\/x.com\\\/BraintrainerU\",\"https:\\\/\\\/www.instagram.com\\\/braintraineru\"]}]}<\/script>\n<!-- \/ Yoast SEO plugin. -->","yoast_head_json":{"title":"El juego de DAM para BioExplorer - brain-trainer.com","description":"Usted ha sido referido por  \u00a1Bella y simple representaci\u00f3n visual y auditiva de inhibiciones y recompensas! El juego de DAM es el primero de una serie de entrenador de cerebro del HeadGames, juegos de flash, por BioExplorer para el entrenador de cerebro. \u00a1Construya casas y prot\u00e9jalas del agua que se derrama de la represa!","robots":{"index":"index","follow":"follow","max-snippet":"max-snippet:-1","max-image-preview":"max-image-preview:large","max-video-preview":"max-video-preview:-1"},"canonical":"https:\/\/brain-trainer.com\/es\/producto\/el-juego-de-dam-para-bioexplorer\/","og_locale":"es_ES","og_type":"article","og_title":"El juego de DAM para BioExplorer - brain-trainer.com","og_description":"Usted ha sido referido por  \u00a1Bella y simple representaci\u00f3n visual y auditiva de inhibiciones y recompensas! El juego de DAM es el primero de una serie de entrenador de cerebro del HeadGames, juegos de flash, por BioExplorer para el entrenador de cerebro. \u00a1Construya casas y prot\u00e9jalas del agua que se derrama de la represa!","og_url":"https:\/\/brain-trainer.com\/es\/producto\/el-juego-de-dam-para-bioexplorer\/","og_site_name":"brain-trainer.com","article_publisher":"https:\/\/www.facebook.com\/BraintrainerU\/","article_modified_time":"2019-09-06T10:27:04+00:00","og_image":[{"width":700,"height":394,"url":"https:\/\/brain-trainer.com\/wp-content\/uploads\/2014\/06\/HeadGame-DAM2.jpg","type":"image\/jpeg"}],"twitter_misc":{"Tiempo de lectura":"1 minuto"},"schema":{"@context":"https:\/\/schema.org","@graph":[{"@type":"WebPage","@id":"https:\/\/brain-trainer.com\/es\/producto\/el-juego-de-dam-para-bioexplorer\/","url":"https:\/\/brain-trainer.com\/es\/producto\/el-juego-de-dam-para-bioexplorer\/","name":"El juego de DAM para BioExplorer - brain-trainer.com","isPartOf":{"@id":"https:\/\/brain-trainer.com\/es\/#website"},"primaryImageOfPage":{"@id":"https:\/\/brain-trainer.com\/es\/producto\/el-juego-de-dam-para-bioexplorer\/#primaryimage"},"image":{"@id":"https:\/\/brain-trainer.com\/es\/producto\/el-juego-de-dam-para-bioexplorer\/#primaryimage"},"thumbnailUrl":"https:\/\/brain-trainer.com\/wp-content\/uploads\/2014\/06\/HeadGame-DAM2.jpg","datePublished":"2014-06-18T16:33:26+00:00","dateModified":"2019-09-06T10:27:04+00:00","description":"Usted ha sido referido por \u00a1Bella y simple representaci\u00f3n visual y auditiva de inhibiciones y recompensas! El juego de DAM es el primero de una serie de entrenador de cerebro del HeadGames, juegos de flash, por BioExplorer para el entrenador de cerebro. \u00a1Construya casas y prot\u00e9jalas del agua que se derrama de la represa!","breadcrumb":{"@id":"https:\/\/brain-trainer.com\/es\/producto\/el-juego-de-dam-para-bioexplorer\/#breadcrumb"},"inLanguage":"es","potentialAction":[{"@type":"ReadAction","target":["https:\/\/brain-trainer.com\/es\/producto\/el-juego-de-dam-para-bioexplorer\/"]}]},{"@type":"ImageObject","inLanguage":"es","@id":"https:\/\/brain-trainer.com\/es\/producto\/el-juego-de-dam-para-bioexplorer\/#primaryimage","url":"https:\/\/brain-trainer.com\/wp-content\/uploads\/2014\/06\/HeadGame-DAM2.jpg","contentUrl":"https:\/\/brain-trainer.com\/wp-content\/uploads\/2014\/06\/HeadGame-DAM2.jpg","width":700,"height":394},{"@type":"BreadcrumbList","@id":"https:\/\/brain-trainer.com\/es\/producto\/el-juego-de-dam-para-bioexplorer\/#breadcrumb","itemListElement":[{"@type":"ListItem","position":1,"name":"Home","item":"https:\/\/brain-trainer.com\/es\/"},{"@type":"ListItem","position":2,"name":"Shop","item":"https:\/\/brain-trainer.com\/shop\/"},{"@type":"ListItem","position":3,"name":"El juego de DAM para BioExplorer"}]},{"@type":"WebSite","@id":"https:\/\/brain-trainer.com\/es\/#website","url":"https:\/\/brain-trainer.com\/es\/","name":"brain-trainer.com","description":"By Trainers, For Trainers","publisher":{"@id":"https:\/\/brain-trainer.com\/es\/#organization"},"potentialAction":[{"@type":"SearchAction","target":{"@type":"EntryPoint","urlTemplate":"https:\/\/brain-trainer.com\/es\/?s={search_term_string}"},"query-input":{"@type":"PropertyValueSpecification","valueRequired":true,"valueName":"search_term_string"}}],"inLanguage":"es"},{"@type":"Organization","@id":"https:\/\/brain-trainer.com\/es\/#organization","name":"Brain-Trainer International","url":"https:\/\/brain-trainer.com\/es\/","logo":{"@type":"ImageObject","inLanguage":"es","@id":"https:\/\/brain-trainer.com\/es\/#\/schema\/logo\/image\/","url":"https:\/\/brain-trainer.com\/wp-content\/uploads\/2015\/07\/brain-trainer.com-logo.jpg","contentUrl":"https:\/\/brain-trainer.com\/wp-content\/uploads\/2015\/07\/brain-trainer.com-logo.jpg","width":384,"height":124,"caption":"Brain-Trainer International"},"image":{"@id":"https:\/\/brain-trainer.com\/es\/#\/schema\/logo\/image\/"},"sameAs":["https:\/\/www.facebook.com\/BraintrainerU\/","https:\/\/x.com\/BraintrainerU","https:\/\/www.instagram.com\/braintraineru"]}]}},"_links":{"self":[{"href":"https:\/\/brain-trainer.com\/es\/wp-json\/wp\/v2\/product\/12659","targetHints":{"allow":["GET"]}}],"collection":[{"href":"https:\/\/brain-trainer.com\/es\/wp-json\/wp\/v2\/product"}],"about":[{"href":"https:\/\/brain-trainer.com\/es\/wp-json\/wp\/v2\/types\/product"}],"replies":[{"embeddable":true,"href":"https:\/\/brain-trainer.com\/es\/wp-json\/wp\/v2\/comments?post=12659"}],"wp:featuredmedia":[{"embeddable":true,"href":"https:\/\/brain-trainer.com\/es\/wp-json\/wp\/v2\/media\/12661"}],"wp:attachment":[{"href":"https:\/\/brain-trainer.com\/es\/wp-json\/wp\/v2\/media?parent=12659"}],"wp:term":[{"taxonomy":"product_brand","embeddable":true,"href":"https:\/\/brain-trainer.com\/es\/wp-json\/wp\/v2\/product_brand?post=12659"},{"taxonomy":"product_cat","embeddable":true,"href":"https:\/\/brain-trainer.com\/es\/wp-json\/wp\/v2\/product_cat?post=12659"},{"taxonomy":"product_tag","embeddable":true,"href":"https:\/\/brain-trainer.com\/es\/wp-json\/wp\/v2\/product_tag?post=12659"}],"curies":[{"name":"wp","href":"https:\/\/api.w.org\/{rel}","templated":true}]}}