{"id":12854,"date":"2013-12-17T14:39:58","date_gmt":"2013-12-17T19:39:58","guid":{"rendered":"https:\/\/brain-trainer.com\/product\/ces-ultra\/"},"modified":"2020-01-25T22:35:32","modified_gmt":"2020-01-26T03:35:32","slug":"ces-ultra","status":"publish","type":"product","link":"https:\/\/brain-trainer.com\/es\/producto\/ces-ultra\/","title":{"rendered":"CES Ultra"},"content":{"rendered":"<p><strong>CES Ultra<\/strong><\/p>\n<p>Cranial Electrotherapy Stimulation (CES) ha estado en uso desde lo 1950&#8217;s y est\u00e1 bien investigado para su efectividad de proveer alivio de depresi\u00f3n, ansiedad, e insomnio f\u00e1cilmente y sin efectos secundarios. \u00a0La acci\u00f3n como masaje y sensaci\u00f3n agradable de hormigueo mientras est\u00e1 con clip en l\u00f3bulos de las orejas usa pulsos 100hz de corriente el\u00e9ctrica. \u00a0Ha sido sugerido que los resultados actuales con un aumento de los niveles del cerebro de serotonina, norepinefrina y dopamina, y una disminuci\u00f3n en su nivel de cortisol. \u00a0Despu\u00e9s de una sesi\u00f3n de CES, los usuarios est\u00e1n en un estado de &#8220;alerta, sin embargo relajados&#8221;, caracterizados por aumento de alpha y disminuci\u00f3n de ondas cerebrales delta como es visto en EEG. \u00a0El CES Ultra es el aparato m\u00e1s f\u00e1cil de usar en el mercado y tambi\u00e9n se puede usar para suplementar neurofeedback para impulsar respuestas de relajaci\u00f3n.<\/p>\n","protected":false},"excerpt":{"rendered":"<p>Use el CES Ultra para descubrir relajaci\u00f3n, paz menta, sue\u00f1o tranquilo alivio del estr\u00e9s.<\/p>\n","protected":false},"featured_media":12856,"comment_status":"open","ping_status":"closed","template":"","meta":{"_acf_changed":false},"product_brand":[],"product_cat":[509],"product_tag":[],"class_list":{"0":"post-12854","1":"product","2":"type-product","3":"status-publish","4":"has-post-thumbnail","6":"product_cat-uncategorized","7":"product_shipping_class-standard-shipping","9":"first","10":"outofstock","11":"shipping-taxable","12":"purchasable","13":"product-type-simple"},"bundled_by":[],"bundle_stock_status":"outofstock","bundle_stock_quantity":0,"bundle_virtual":false,"bundle_layout":"","bundle_add_to_cart_form_location":"","bundle_editable_in_cart":false,"bundle_sold_individually_context":"","bundle_item_grouping":"","bundle_min_size":"","bundle_max_size":"","bundle_price":[],"bundled_items":[],"bundle_sell_ids":[],"acf":[],"yoast_head":"<!-- This site is optimized with the Yoast SEO plugin v25.9 - https:\/\/yoast.com\/wordpress\/plugins\/seo\/ -->\n<title>CES Ultra - brain-trainer.com<\/title>\n<meta name=\"description\" content=\"Use el CES Ultra para descubrir relajaci\u00f3n, paz menta, sue\u00f1o tranquilo alivio del estr\u00e9s.\" \/>\n<meta name=\"robots\" content=\"index, follow, max-snippet:-1, max-image-preview:large, max-video-preview:-1\" \/>\n<link rel=\"canonical\" href=\"https:\/\/brain-trainer.com\/es\/producto\/ces-ultra\/\" \/>\n<meta property=\"og:locale\" content=\"es_ES\" \/>\n<meta property=\"og:type\" content=\"article\" \/>\n<meta property=\"og:title\" content=\"CES Ultra - brain-trainer.com\" \/>\n<meta property=\"og:description\" content=\"Use el CES Ultra para descubrir relajaci\u00f3n, paz menta, sue\u00f1o tranquilo alivio del estr\u00e9s.\" \/>\n<meta property=\"og:url\" content=\"https:\/\/brain-trainer.com\/es\/producto\/ces-ultra\/\" \/>\n<meta property=\"og:site_name\" content=\"brain-trainer.com\" \/>\n<meta property=\"article:publisher\" content=\"https:\/\/www.facebook.com\/BraintrainerU\/\" \/>\n<meta property=\"article:modified_time\" content=\"2020-01-26T03:35:32+00:00\" \/>\n<meta property=\"og:image\" content=\"https:\/\/brain-trainer.com\/wp-content\/uploads\/2013\/12\/cesUltra482.jpg\" \/>\n\t<meta property=\"og:image:width\" content=\"482\" \/>\n\t<meta property=\"og:image:height\" content=\"419\" \/>\n\t<meta property=\"og:image:type\" content=\"image\/jpeg\" \/>\n<meta name=\"twitter:label1\" content=\"Tiempo de lectura\" \/>\n\t<meta name=\"twitter:data1\" content=\"1 minuto\" \/>\n<script type=\"application\/ld+json\" class=\"yoast-schema-graph\">{\"@context\":\"https:\/\/schema.org\",\"@graph\":[{\"@type\":\"WebPage\",\"@id\":\"https:\/\/brain-trainer.com\/es\/producto\/ces-ultra\/\",\"url\":\"https:\/\/brain-trainer.com\/es\/producto\/ces-ultra\/\",\"name\":\"CES Ultra - brain-trainer.com\",\"isPartOf\":{\"@id\":\"https:\/\/brain-trainer.com\/es\/#website\"},\"primaryImageOfPage\":{\"@id\":\"https:\/\/brain-trainer.com\/es\/producto\/ces-ultra\/#primaryimage\"},\"image\":{\"@id\":\"https:\/\/brain-trainer.com\/es\/producto\/ces-ultra\/#primaryimage\"},\"thumbnailUrl\":\"https:\/\/brain-trainer.com\/wp-content\/uploads\/2013\/12\/cesUltra482.jpg\",\"datePublished\":\"2013-12-17T19:39:58+00:00\",\"dateModified\":\"2020-01-26T03:35:32+00:00\",\"description\":\"Use el CES Ultra para descubrir relajaci\u00f3n, paz menta, sue\u00f1o tranquilo alivio del estr\u00e9s.\",\"breadcrumb\":{\"@id\":\"https:\/\/brain-trainer.com\/es\/producto\/ces-ultra\/#breadcrumb\"},\"inLanguage\":\"es\",\"potentialAction\":[{\"@type\":\"ReadAction\",\"target\":[\"https:\/\/brain-trainer.com\/es\/producto\/ces-ultra\/\"]}]},{\"@type\":\"ImageObject\",\"inLanguage\":\"es\",\"@id\":\"https:\/\/brain-trainer.com\/es\/producto\/ces-ultra\/#primaryimage\",\"url\":\"https:\/\/brain-trainer.com\/wp-content\/uploads\/2013\/12\/cesUltra482.jpg\",\"contentUrl\":\"https:\/\/brain-trainer.com\/wp-content\/uploads\/2013\/12\/cesUltra482.jpg\",\"width\":482,\"height\":419},{\"@type\":\"BreadcrumbList\",\"@id\":\"https:\/\/brain-trainer.com\/es\/producto\/ces-ultra\/#breadcrumb\",\"itemListElement\":[{\"@type\":\"ListItem\",\"position\":1,\"name\":\"Home\",\"item\":\"https:\/\/brain-trainer.com\/es\/\"},{\"@type\":\"ListItem\",\"position\":2,\"name\":\"Shop\",\"item\":\"https:\/\/brain-trainer.com\/shop\/\"},{\"@type\":\"ListItem\",\"position\":3,\"name\":\"CES Ultra\"}]},{\"@type\":\"WebSite\",\"@id\":\"https:\/\/brain-trainer.com\/es\/#website\",\"url\":\"https:\/\/brain-trainer.com\/es\/\",\"name\":\"brain-trainer.com\",\"description\":\"By Trainers, For Trainers\",\"publisher\":{\"@id\":\"https:\/\/brain-trainer.com\/es\/#organization\"},\"potentialAction\":[{\"@type\":\"SearchAction\",\"target\":{\"@type\":\"EntryPoint\",\"urlTemplate\":\"https:\/\/brain-trainer.com\/es\/?s={search_term_string}\"},\"query-input\":{\"@type\":\"PropertyValueSpecification\",\"valueRequired\":true,\"valueName\":\"search_term_string\"}}],\"inLanguage\":\"es\"},{\"@type\":\"Organization\",\"@id\":\"https:\/\/brain-trainer.com\/es\/#organization\",\"name\":\"Brain-Trainer International\",\"url\":\"https:\/\/brain-trainer.com\/es\/\",\"logo\":{\"@type\":\"ImageObject\",\"inLanguage\":\"es\",\"@id\":\"https:\/\/brain-trainer.com\/es\/#\/schema\/logo\/image\/\",\"url\":\"https:\/\/brain-trainer.com\/wp-content\/uploads\/2015\/07\/brain-trainer.com-logo.jpg\",\"contentUrl\":\"https:\/\/brain-trainer.com\/wp-content\/uploads\/2015\/07\/brain-trainer.com-logo.jpg\",\"width\":384,\"height\":124,\"caption\":\"Brain-Trainer International\"},\"image\":{\"@id\":\"https:\/\/brain-trainer.com\/es\/#\/schema\/logo\/image\/\"},\"sameAs\":[\"https:\/\/www.facebook.com\/BraintrainerU\/\",\"https:\/\/x.com\/BraintrainerU\",\"https:\/\/www.instagram.com\/braintraineru\"]}]}<\/script>\n<!-- \/ Yoast SEO plugin. -->","yoast_head_json":{"title":"CES Ultra - brain-trainer.com","description":"Use el CES Ultra para descubrir relajaci\u00f3n, paz menta, sue\u00f1o tranquilo alivio del estr\u00e9s.","robots":{"index":"index","follow":"follow","max-snippet":"max-snippet:-1","max-image-preview":"max-image-preview:large","max-video-preview":"max-video-preview:-1"},"canonical":"https:\/\/brain-trainer.com\/es\/producto\/ces-ultra\/","og_locale":"es_ES","og_type":"article","og_title":"CES Ultra - brain-trainer.com","og_description":"Use el CES Ultra para descubrir relajaci\u00f3n, paz menta, sue\u00f1o tranquilo alivio del estr\u00e9s.","og_url":"https:\/\/brain-trainer.com\/es\/producto\/ces-ultra\/","og_site_name":"brain-trainer.com","article_publisher":"https:\/\/www.facebook.com\/BraintrainerU\/","article_modified_time":"2020-01-26T03:35:32+00:00","og_image":[{"width":482,"height":419,"url":"https:\/\/brain-trainer.com\/wp-content\/uploads\/2013\/12\/cesUltra482.jpg","type":"image\/jpeg"}],"twitter_misc":{"Tiempo de lectura":"1 minuto"},"schema":{"@context":"https:\/\/schema.org","@graph":[{"@type":"WebPage","@id":"https:\/\/brain-trainer.com\/es\/producto\/ces-ultra\/","url":"https:\/\/brain-trainer.com\/es\/producto\/ces-ultra\/","name":"CES Ultra - brain-trainer.com","isPartOf":{"@id":"https:\/\/brain-trainer.com\/es\/#website"},"primaryImageOfPage":{"@id":"https:\/\/brain-trainer.com\/es\/producto\/ces-ultra\/#primaryimage"},"image":{"@id":"https:\/\/brain-trainer.com\/es\/producto\/ces-ultra\/#primaryimage"},"thumbnailUrl":"https:\/\/brain-trainer.com\/wp-content\/uploads\/2013\/12\/cesUltra482.jpg","datePublished":"2013-12-17T19:39:58+00:00","dateModified":"2020-01-26T03:35:32+00:00","description":"Use el CES Ultra para descubrir relajaci\u00f3n, paz menta, sue\u00f1o tranquilo alivio del estr\u00e9s.","breadcrumb":{"@id":"https:\/\/brain-trainer.com\/es\/producto\/ces-ultra\/#breadcrumb"},"inLanguage":"es","potentialAction":[{"@type":"ReadAction","target":["https:\/\/brain-trainer.com\/es\/producto\/ces-ultra\/"]}]},{"@type":"ImageObject","inLanguage":"es","@id":"https:\/\/brain-trainer.com\/es\/producto\/ces-ultra\/#primaryimage","url":"https:\/\/brain-trainer.com\/wp-content\/uploads\/2013\/12\/cesUltra482.jpg","contentUrl":"https:\/\/brain-trainer.com\/wp-content\/uploads\/2013\/12\/cesUltra482.jpg","width":482,"height":419},{"@type":"BreadcrumbList","@id":"https:\/\/brain-trainer.com\/es\/producto\/ces-ultra\/#breadcrumb","itemListElement":[{"@type":"ListItem","position":1,"name":"Home","item":"https:\/\/brain-trainer.com\/es\/"},{"@type":"ListItem","position":2,"name":"Shop","item":"https:\/\/brain-trainer.com\/shop\/"},{"@type":"ListItem","position":3,"name":"CES Ultra"}]},{"@type":"WebSite","@id":"https:\/\/brain-trainer.com\/es\/#website","url":"https:\/\/brain-trainer.com\/es\/","name":"brain-trainer.com","description":"By Trainers, For Trainers","publisher":{"@id":"https:\/\/brain-trainer.com\/es\/#organization"},"potentialAction":[{"@type":"SearchAction","target":{"@type":"EntryPoint","urlTemplate":"https:\/\/brain-trainer.com\/es\/?s={search_term_string}"},"query-input":{"@type":"PropertyValueSpecification","valueRequired":true,"valueName":"search_term_string"}}],"inLanguage":"es"},{"@type":"Organization","@id":"https:\/\/brain-trainer.com\/es\/#organization","name":"Brain-Trainer International","url":"https:\/\/brain-trainer.com\/es\/","logo":{"@type":"ImageObject","inLanguage":"es","@id":"https:\/\/brain-trainer.com\/es\/#\/schema\/logo\/image\/","url":"https:\/\/brain-trainer.com\/wp-content\/uploads\/2015\/07\/brain-trainer.com-logo.jpg","contentUrl":"https:\/\/brain-trainer.com\/wp-content\/uploads\/2015\/07\/brain-trainer.com-logo.jpg","width":384,"height":124,"caption":"Brain-Trainer International"},"image":{"@id":"https:\/\/brain-trainer.com\/es\/#\/schema\/logo\/image\/"},"sameAs":["https:\/\/www.facebook.com\/BraintrainerU\/","https:\/\/x.com\/BraintrainerU","https:\/\/www.instagram.com\/braintraineru"]}]}},"_links":{"self":[{"href":"https:\/\/brain-trainer.com\/es\/wp-json\/wp\/v2\/product\/12854","targetHints":{"allow":["GET"]}}],"collection":[{"href":"https:\/\/brain-trainer.com\/es\/wp-json\/wp\/v2\/product"}],"about":[{"href":"https:\/\/brain-trainer.com\/es\/wp-json\/wp\/v2\/types\/product"}],"replies":[{"embeddable":true,"href":"https:\/\/brain-trainer.com\/es\/wp-json\/wp\/v2\/comments?post=12854"}],"wp:featuredmedia":[{"embeddable":true,"href":"https:\/\/brain-trainer.com\/es\/wp-json\/wp\/v2\/media\/12856"}],"wp:attachment":[{"href":"https:\/\/brain-trainer.com\/es\/wp-json\/wp\/v2\/media?parent=12854"}],"wp:term":[{"taxonomy":"product_brand","embeddable":true,"href":"https:\/\/brain-trainer.com\/es\/wp-json\/wp\/v2\/product_brand?post=12854"},{"taxonomy":"product_cat","embeddable":true,"href":"https:\/\/brain-trainer.com\/es\/wp-json\/wp\/v2\/product_cat?post=12854"},{"taxonomy":"product_tag","embeddable":true,"href":"https:\/\/brain-trainer.com\/es\/wp-json\/wp\/v2\/product_tag?post=12854"}],"curies":[{"name":"wp","href":"https:\/\/api.w.org\/{rel}","templated":true}]}}