{"id":12860,"date":"2013-05-08T19:16:18","date_gmt":"2013-05-08T23:16:18","guid":{"rendered":"https:\/\/brain-trainer.com\/product\/editor-de-particulas\/"},"modified":"2024-08-21T11:50:36","modified_gmt":"2024-08-21T15:50:36","slug":"editor-de-particulas","status":"publish","type":"product","link":"https:\/\/brain-trainer.com\/es\/producto\/editor-de-particulas\/","title":{"rendered":"Editor de part\u00edculas para BioExplorer"},"content":{"rendered":"<p><strong>Editor de part\u00edculas<\/strong><\/p>\n<p>El editor de part\u00edculas ofrece feedback que puede ser controlado por BioExplorer (versi\u00f3n 1.3 o m\u00e1s alto) y Brain-Master (2.5 o m\u00e1s alto). \u00a0Probablemente los m\u00e1s juegos de &#8220;adultos&#8221;, con las visualizaciones m\u00e1s coloridas y m\u00fasica ambiental- no tanto una carrera contra el tiempo como los otros dos juegos. \u00a0Como los otros juegos de visi\u00f3n som\u00e1tica, hay muchas opciones y buenos gr\u00e1ficos y sonidos del medio ambiente.<\/p>\n<p>Leer la discusi\u00f3n de Pete acerca de los juegos de visi\u00f3n som\u00e1tica.<\/p>\n<p>Su computadora debe tener un 64 MB o m\u00e1s tarjeta de video acelerado 3D. \u00a0Tambi\u00e9n, quiz\u00e1s tenga que actualizar su controlador de video. \u00a0La mayor\u00eda de fabricantes de computadoras tienen su controlador de video actual disponible como una descarga gratis en su sitio web.<\/p>\n<p>Cuando compre, descargue su producto del enlace de confirmaci\u00f3n y le mandaremos un correo electr\u00f3nico el c\u00f3digo de desbloqueo. \u00a0Ya que se compran los juegos no se pueden devolver. \u00a0Descargue la prueba gratuita para ver el juego antes de comprar.<\/p>\n<p>Ya que los juegos son instalados, si los quiere mover a otra computadora, tiene que desactivarlos primero.<\/p>\n","protected":false},"excerpt":{"rendered":"<p>Para BioExplorer y BrainMaster \u00a0M\u00e1s de 20 ambientes hermosos de part\u00edculas programados como feedback. \u00a0Cada ambiente de sistema de part\u00edculas puede contener m\u00fasica, un imagen de fondo, y un efecto interactivo de part\u00edculas, tal como lluvia cayendo, parpadeo de una vela, o pantallas de gr\u00e1ficas abstractas complejas. Puede substituir sus propias part\u00edculas, imagen de fondo y m\u00fasica y dise\u00f1ar sus propios efectos de part\u00edculas.<\/p>\n","protected":false},"featured_media":12861,"comment_status":"open","ping_status":"closed","template":"","meta":{"_acf_changed":false},"product_brand":[],"product_cat":[564],"product_tag":[],"class_list":{"0":"post-12860","1":"product","2":"type-product","3":"status-publish","4":"has-post-thumbnail","6":"product_cat-juegos-productos","7":"product_shipping_class-no-shipping","8":"pa_platform-bioexplorer-es","9":"pa_platform-brainmaster-2-5-se-and-up-es","11":"first","12":"instock","13":"shipping-taxable","14":"purchasable","15":"product-type-variable"},"bundled_by":[],"bundle_stock_status":"instock","bundle_stock_quantity":null,"bundle_virtual":false,"bundle_layout":"","bundle_add_to_cart_form_location":"","bundle_editable_in_cart":false,"bundle_sold_individually_context":"","bundle_item_grouping":"","bundle_min_size":"","bundle_max_size":"","bundle_price":[],"bundled_items":[],"bundle_sell_ids":[],"acf":[],"yoast_head":"<!-- This site is optimized with the Yoast SEO plugin v27.3 - https:\/\/yoast.com\/product\/yoast-seo-wordpress\/ -->\n<title>Editor de part\u00edculas para BioExplorer - brain-trainer.com<\/title>\n<meta name=\"description\" content=\"Para BioExplorer y BrainMaster \u00a0M\u00e1s de 20 ambientes hermosos de part\u00edculas programados como feedback. \u00a0Cada ambiente de sistema de part\u00edculas puede contener m\u00fasica, un imagen de fondo, y un efecto interactivo de part\u00edculas, tal como lluvia cayendo, parpadeo de una vela, o pantallas de gr\u00e1ficas abstractas complejas. Puede substituir sus propias part\u00edculas, imagen de fondo y m\u00fasica y dise\u00f1ar sus propios efectos de part\u00edculas.\" \/>\n<meta name=\"robots\" content=\"index, follow, max-snippet:-1, max-image-preview:large, max-video-preview:-1\" \/>\n<link rel=\"canonical\" href=\"https:\/\/brain-trainer.com\/es\/producto\/editor-de-particulas\/\" \/>\n<meta property=\"og:locale\" content=\"es_ES\" \/>\n<meta property=\"og:type\" content=\"article\" \/>\n<meta property=\"og:title\" content=\"Editor de part\u00edculas para BioExplorer - brain-trainer.com\" \/>\n<meta property=\"og:description\" content=\"Para BioExplorer y BrainMaster \u00a0M\u00e1s de 20 ambientes hermosos de part\u00edculas programados como feedback. \u00a0Cada ambiente de sistema de part\u00edculas puede contener m\u00fasica, un imagen de fondo, y un efecto interactivo de part\u00edculas, tal como lluvia cayendo, parpadeo de una vela, o pantallas de gr\u00e1ficas abstractas complejas. Puede substituir sus propias part\u00edculas, imagen de fondo y m\u00fasica y dise\u00f1ar sus propios efectos de part\u00edculas.\" \/>\n<meta property=\"og:url\" content=\"https:\/\/brain-trainer.com\/es\/producto\/editor-de-particulas\/\" \/>\n<meta property=\"og:site_name\" content=\"brain-trainer.com\" \/>\n<meta property=\"article:publisher\" content=\"https:\/\/www.facebook.com\/BraintrainerU\/\" \/>\n<meta property=\"article:modified_time\" content=\"2024-08-21T15:50:36+00:00\" \/>\n<meta property=\"og:image\" content=\"https:\/\/brain-trainer.com\/wp-content\/uploads\/2013\/05\/partice-editor-fountain.jpg\" \/>\n\t<meta property=\"og:image:width\" content=\"652\" \/>\n\t<meta property=\"og:image:height\" content=\"652\" \/>\n\t<meta property=\"og:image:type\" content=\"image\/jpeg\" \/>\n<meta name=\"twitter:label1\" content=\"Tiempo de lectura\" \/>\n\t<meta name=\"twitter:data1\" content=\"1 minuto\" \/>\n<script type=\"application\/ld+json\" class=\"yoast-schema-graph\">{\"@context\":\"https:\\\/\\\/schema.org\",\"@graph\":[{\"@type\":\"WebPage\",\"@id\":\"https:\\\/\\\/brain-trainer.com\\\/es\\\/producto\\\/editor-de-particulas\\\/\",\"url\":\"https:\\\/\\\/brain-trainer.com\\\/es\\\/producto\\\/editor-de-particulas\\\/\",\"name\":\"Editor de part\u00edculas para BioExplorer - brain-trainer.com\",\"isPartOf\":{\"@id\":\"https:\\\/\\\/brain-trainer.com\\\/es\\\/#website\"},\"primaryImageOfPage\":{\"@id\":\"https:\\\/\\\/brain-trainer.com\\\/es\\\/producto\\\/editor-de-particulas\\\/#primaryimage\"},\"image\":{\"@id\":\"https:\\\/\\\/brain-trainer.com\\\/es\\\/producto\\\/editor-de-particulas\\\/#primaryimage\"},\"thumbnailUrl\":\"https:\\\/\\\/brain-trainer.com\\\/wp-content\\\/uploads\\\/2013\\\/05\\\/partice-editor-fountain.jpg\",\"datePublished\":\"2013-05-08T23:16:18+00:00\",\"dateModified\":\"2024-08-21T15:50:36+00:00\",\"description\":\"Para BioExplorer y BrainMaster \u00a0M\u00e1s de 20 ambientes hermosos de part\u00edculas programados como feedback. \u00a0Cada ambiente de sistema de part\u00edculas puede contener m\u00fasica, un imagen de fondo, y un efecto interactivo de part\u00edculas, tal como lluvia cayendo, parpadeo de una vela, o pantallas de gr\u00e1ficas abstractas complejas. Puede substituir sus propias part\u00edculas, imagen de fondo y m\u00fasica y dise\u00f1ar sus propios efectos de part\u00edculas.\",\"breadcrumb\":{\"@id\":\"https:\\\/\\\/brain-trainer.com\\\/es\\\/producto\\\/editor-de-particulas\\\/#breadcrumb\"},\"inLanguage\":\"es\",\"potentialAction\":[{\"@type\":\"ReadAction\",\"target\":[\"https:\\\/\\\/brain-trainer.com\\\/es\\\/producto\\\/editor-de-particulas\\\/\"]}]},{\"@type\":\"ImageObject\",\"inLanguage\":\"es\",\"@id\":\"https:\\\/\\\/brain-trainer.com\\\/es\\\/producto\\\/editor-de-particulas\\\/#primaryimage\",\"url\":\"https:\\\/\\\/brain-trainer.com\\\/wp-content\\\/uploads\\\/2013\\\/05\\\/partice-editor-fountain.jpg\",\"contentUrl\":\"https:\\\/\\\/brain-trainer.com\\\/wp-content\\\/uploads\\\/2013\\\/05\\\/partice-editor-fountain.jpg\",\"width\":652,\"height\":652},{\"@type\":\"BreadcrumbList\",\"@id\":\"https:\\\/\\\/brain-trainer.com\\\/es\\\/producto\\\/editor-de-particulas\\\/#breadcrumb\",\"itemListElement\":[{\"@type\":\"ListItem\",\"position\":1,\"name\":\"Home\",\"item\":\"https:\\\/\\\/brain-trainer.com\\\/es\\\/\"},{\"@type\":\"ListItem\",\"position\":2,\"name\":\"Shop\",\"item\":\"https:\\\/\\\/brain-trainer.com\\\/shop\\\/\"},{\"@type\":\"ListItem\",\"position\":3,\"name\":\"Editor de part\u00edculas para BioExplorer\"}]},{\"@type\":\"WebSite\",\"@id\":\"https:\\\/\\\/brain-trainer.com\\\/es\\\/#website\",\"url\":\"https:\\\/\\\/brain-trainer.com\\\/es\\\/\",\"name\":\"brain-trainer.com\",\"description\":\"By Trainers, For Trainers\",\"publisher\":{\"@id\":\"https:\\\/\\\/brain-trainer.com\\\/es\\\/#organization\"},\"potentialAction\":[{\"@type\":\"SearchAction\",\"target\":{\"@type\":\"EntryPoint\",\"urlTemplate\":\"https:\\\/\\\/brain-trainer.com\\\/es\\\/?s={search_term_string}\"},\"query-input\":{\"@type\":\"PropertyValueSpecification\",\"valueRequired\":true,\"valueName\":\"search_term_string\"}}],\"inLanguage\":\"es\"},{\"@type\":\"Organization\",\"@id\":\"https:\\\/\\\/brain-trainer.com\\\/es\\\/#organization\",\"name\":\"Brain-Trainer International\",\"url\":\"https:\\\/\\\/brain-trainer.com\\\/es\\\/\",\"logo\":{\"@type\":\"ImageObject\",\"inLanguage\":\"es\",\"@id\":\"https:\\\/\\\/brain-trainer.com\\\/es\\\/#\\\/schema\\\/logo\\\/image\\\/\",\"url\":\"https:\\\/\\\/brain-trainer.com\\\/wp-content\\\/uploads\\\/2015\\\/07\\\/brain-trainer.com-logo.jpg\",\"contentUrl\":\"https:\\\/\\\/brain-trainer.com\\\/wp-content\\\/uploads\\\/2015\\\/07\\\/brain-trainer.com-logo.jpg\",\"width\":384,\"height\":124,\"caption\":\"Brain-Trainer International\"},\"image\":{\"@id\":\"https:\\\/\\\/brain-trainer.com\\\/es\\\/#\\\/schema\\\/logo\\\/image\\\/\"},\"sameAs\":[\"https:\\\/\\\/www.facebook.com\\\/BraintrainerU\\\/\",\"https:\\\/\\\/x.com\\\/BraintrainerU\",\"https:\\\/\\\/www.instagram.com\\\/braintraineru\"]}]}<\/script>\n<!-- \/ Yoast SEO plugin. -->","yoast_head_json":{"title":"Editor de part\u00edculas para BioExplorer - brain-trainer.com","description":"Para BioExplorer y BrainMaster \u00a0M\u00e1s de 20 ambientes hermosos de part\u00edculas programados como feedback. \u00a0Cada ambiente de sistema de part\u00edculas puede contener m\u00fasica, un imagen de fondo, y un efecto interactivo de part\u00edculas, tal como lluvia cayendo, parpadeo de una vela, o pantallas de gr\u00e1ficas abstractas complejas. Puede substituir sus propias part\u00edculas, imagen de fondo y m\u00fasica y dise\u00f1ar sus propios efectos de part\u00edculas.","robots":{"index":"index","follow":"follow","max-snippet":"max-snippet:-1","max-image-preview":"max-image-preview:large","max-video-preview":"max-video-preview:-1"},"canonical":"https:\/\/brain-trainer.com\/es\/producto\/editor-de-particulas\/","og_locale":"es_ES","og_type":"article","og_title":"Editor de part\u00edculas para BioExplorer - brain-trainer.com","og_description":"Para BioExplorer y BrainMaster \u00a0M\u00e1s de 20 ambientes hermosos de part\u00edculas programados como feedback. \u00a0Cada ambiente de sistema de part\u00edculas puede contener m\u00fasica, un imagen de fondo, y un efecto interactivo de part\u00edculas, tal como lluvia cayendo, parpadeo de una vela, o pantallas de gr\u00e1ficas abstractas complejas. Puede substituir sus propias part\u00edculas, imagen de fondo y m\u00fasica y dise\u00f1ar sus propios efectos de part\u00edculas.","og_url":"https:\/\/brain-trainer.com\/es\/producto\/editor-de-particulas\/","og_site_name":"brain-trainer.com","article_publisher":"https:\/\/www.facebook.com\/BraintrainerU\/","article_modified_time":"2024-08-21T15:50:36+00:00","og_image":[{"width":652,"height":652,"url":"https:\/\/brain-trainer.com\/wp-content\/uploads\/2013\/05\/partice-editor-fountain.jpg","type":"image\/jpeg"}],"twitter_misc":{"Tiempo de lectura":"1 minuto"},"schema":{"@context":"https:\/\/schema.org","@graph":[{"@type":"WebPage","@id":"https:\/\/brain-trainer.com\/es\/producto\/editor-de-particulas\/","url":"https:\/\/brain-trainer.com\/es\/producto\/editor-de-particulas\/","name":"Editor de part\u00edculas para BioExplorer - brain-trainer.com","isPartOf":{"@id":"https:\/\/brain-trainer.com\/es\/#website"},"primaryImageOfPage":{"@id":"https:\/\/brain-trainer.com\/es\/producto\/editor-de-particulas\/#primaryimage"},"image":{"@id":"https:\/\/brain-trainer.com\/es\/producto\/editor-de-particulas\/#primaryimage"},"thumbnailUrl":"https:\/\/brain-trainer.com\/wp-content\/uploads\/2013\/05\/partice-editor-fountain.jpg","datePublished":"2013-05-08T23:16:18+00:00","dateModified":"2024-08-21T15:50:36+00:00","description":"Para BioExplorer y BrainMaster \u00a0M\u00e1s de 20 ambientes hermosos de part\u00edculas programados como feedback. \u00a0Cada ambiente de sistema de part\u00edculas puede contener m\u00fasica, un imagen de fondo, y un efecto interactivo de part\u00edculas, tal como lluvia cayendo, parpadeo de una vela, o pantallas de gr\u00e1ficas abstractas complejas. Puede substituir sus propias part\u00edculas, imagen de fondo y m\u00fasica y dise\u00f1ar sus propios efectos de part\u00edculas.","breadcrumb":{"@id":"https:\/\/brain-trainer.com\/es\/producto\/editor-de-particulas\/#breadcrumb"},"inLanguage":"es","potentialAction":[{"@type":"ReadAction","target":["https:\/\/brain-trainer.com\/es\/producto\/editor-de-particulas\/"]}]},{"@type":"ImageObject","inLanguage":"es","@id":"https:\/\/brain-trainer.com\/es\/producto\/editor-de-particulas\/#primaryimage","url":"https:\/\/brain-trainer.com\/wp-content\/uploads\/2013\/05\/partice-editor-fountain.jpg","contentUrl":"https:\/\/brain-trainer.com\/wp-content\/uploads\/2013\/05\/partice-editor-fountain.jpg","width":652,"height":652},{"@type":"BreadcrumbList","@id":"https:\/\/brain-trainer.com\/es\/producto\/editor-de-particulas\/#breadcrumb","itemListElement":[{"@type":"ListItem","position":1,"name":"Home","item":"https:\/\/brain-trainer.com\/es\/"},{"@type":"ListItem","position":2,"name":"Shop","item":"https:\/\/brain-trainer.com\/shop\/"},{"@type":"ListItem","position":3,"name":"Editor de part\u00edculas para BioExplorer"}]},{"@type":"WebSite","@id":"https:\/\/brain-trainer.com\/es\/#website","url":"https:\/\/brain-trainer.com\/es\/","name":"brain-trainer.com","description":"By Trainers, For Trainers","publisher":{"@id":"https:\/\/brain-trainer.com\/es\/#organization"},"potentialAction":[{"@type":"SearchAction","target":{"@type":"EntryPoint","urlTemplate":"https:\/\/brain-trainer.com\/es\/?s={search_term_string}"},"query-input":{"@type":"PropertyValueSpecification","valueRequired":true,"valueName":"search_term_string"}}],"inLanguage":"es"},{"@type":"Organization","@id":"https:\/\/brain-trainer.com\/es\/#organization","name":"Brain-Trainer International","url":"https:\/\/brain-trainer.com\/es\/","logo":{"@type":"ImageObject","inLanguage":"es","@id":"https:\/\/brain-trainer.com\/es\/#\/schema\/logo\/image\/","url":"https:\/\/brain-trainer.com\/wp-content\/uploads\/2015\/07\/brain-trainer.com-logo.jpg","contentUrl":"https:\/\/brain-trainer.com\/wp-content\/uploads\/2015\/07\/brain-trainer.com-logo.jpg","width":384,"height":124,"caption":"Brain-Trainer International"},"image":{"@id":"https:\/\/brain-trainer.com\/es\/#\/schema\/logo\/image\/"},"sameAs":["https:\/\/www.facebook.com\/BraintrainerU\/","https:\/\/x.com\/BraintrainerU","https:\/\/www.instagram.com\/braintraineru"]}]}},"_links":{"self":[{"href":"https:\/\/brain-trainer.com\/es\/wp-json\/wp\/v2\/product\/12860","targetHints":{"allow":["GET"]}}],"collection":[{"href":"https:\/\/brain-trainer.com\/es\/wp-json\/wp\/v2\/product"}],"about":[{"href":"https:\/\/brain-trainer.com\/es\/wp-json\/wp\/v2\/types\/product"}],"replies":[{"embeddable":true,"href":"https:\/\/brain-trainer.com\/es\/wp-json\/wp\/v2\/comments?post=12860"}],"wp:featuredmedia":[{"embeddable":true,"href":"https:\/\/brain-trainer.com\/es\/wp-json\/wp\/v2\/media\/12861"}],"wp:attachment":[{"href":"https:\/\/brain-trainer.com\/es\/wp-json\/wp\/v2\/media?parent=12860"}],"wp:term":[{"taxonomy":"product_brand","embeddable":true,"href":"https:\/\/brain-trainer.com\/es\/wp-json\/wp\/v2\/product_brand?post=12860"},{"taxonomy":"product_cat","embeddable":true,"href":"https:\/\/brain-trainer.com\/es\/wp-json\/wp\/v2\/product_cat?post=12860"},{"taxonomy":"product_tag","embeddable":true,"href":"https:\/\/brain-trainer.com\/es\/wp-json\/wp\/v2\/product_tag?post=12860"}],"curies":[{"name":"wp","href":"https:\/\/api.w.org\/{rel}","templated":true}]}}