{"id":12865,"date":"2013-05-08T19:16:18","date_gmt":"2013-05-08T23:16:18","guid":{"rendered":"https:\/\/brain-trainer.com\/product\/tubo-interior-para-bioexplorer\/"},"modified":"2025-09-10T06:43:20","modified_gmt":"2025-09-10T10:43:20","slug":"tubo-interior-para-bioexplorer","status":"publish","type":"product","link":"https:\/\/brain-trainer.com\/es\/producto\/tubo-interior-para-bioexplorer\/","title":{"rendered":"Tubo interior para BioExplorer"},"content":{"rendered":"<p><strong>Tubo interior<\/strong><\/p>\n<p>Correr a trav\u00e9s de t\u00faneles hermosos, recogiendo diamantes power-up e intentando de alcanzar el tubo y volar a medios ambientes de cielos impresionantes antes que se acabe el tiempo. \u00a0El tubo interior ofrece feedback que puede ser controlado por BioExplorer (versi\u00f3n 1.3 o m\u00e1s alto). BrainMaster (2.5 o m\u00e1s alto) o BioGraph Infiniti. \u00a0Para usar los juegos con BrainMaster debe tener el paquete de Multi-Media de BrainMaster.<\/p>\n<p>Leer la discusi\u00f3n de Pete acerca de los juegos de visi\u00f3n som\u00e1tica.<\/p>\n<p>Su computadora debe tener 64 MB o m\u00e1s tarjeta de video acelerada 3D. \u00a0Tambi\u00e9n, quiz\u00e1s tenga que actualizar su controlador de video. \u00a0La mayor\u00eda de fabricantes de computadoras tienen su controlador de video actual disponible para descargar gratis en su sitio web.<\/p>\n<p>Ya que lo compr\u00e9, descargue su producto del enlace de confirmaci\u00f3n y le enviaremos un correo electr\u00f3nico con un c\u00f3digo de desbloquear. \u00a0Ya que se compran los juegos no se pueden devolver. \u00a0Descargar la prueba gratuita para ver el juego antes de comprarlo.<\/p>\n<p>Ya que los juegos est\u00e9n instalados, si los quiere mover a otra computadora, debe desactivarlos primero.<\/p>\n","protected":false},"excerpt":{"rendered":"<p>Para BioExplorer, BrainMaster o Infiniti \u00a0velocidad de env\u00edo, niebla rodante, volumen de m\u00fasica, transparencia del t\u00fanel, exactitud de piloto autom\u00e1tico y visibilidad del cielo est\u00e1n entre los par\u00e1metros que puede usar como feedback en sus dise\u00f1os. \u00a0El tubo interior puede ser programado a piloto autom\u00e1tico, jugado con un joystick, o jugado con el teclado. \u00a0Hay 20 niveles para jugar con aumento de dificultad.<\/p>\n","protected":false},"featured_media":12867,"comment_status":"open","ping_status":"closed","template":"","meta":{"_acf_changed":false},"product_brand":[836],"product_cat":[564],"product_tag":[],"class_list":{"0":"post-12865","1":"product","2":"type-product","3":"status-publish","4":"has-post-thumbnail","6":"product_brand-somatic-vision","7":"product_cat-juegos-productos","8":"product_shipping_class-no-shipping","9":"pa_platform-bioexplorer-es","10":"pa_platform-brainmaster-2-5-se-and-up-es","11":"pa_platform-infiniti-5-0-and-up-es","13":"first","14":"instock","15":"shipping-taxable","16":"purchasable","17":"product-type-variable"},"bundled_by":[],"bundle_stock_status":"instock","bundle_stock_quantity":null,"bundle_virtual":false,"bundle_layout":"","bundle_add_to_cart_form_location":"","bundle_editable_in_cart":false,"bundle_sold_individually_context":"","bundle_item_grouping":"","bundle_min_size":"","bundle_max_size":"","bundle_price":[],"bundled_items":[],"bundle_sell_ids":[],"acf":[],"yoast_head":"<!-- This site is optimized with the Yoast SEO plugin v27.3 - https:\/\/yoast.com\/product\/yoast-seo-wordpress\/ -->\n<title>Tubo interior para BioExplorer - brain-trainer.com<\/title>\n<meta name=\"description\" content=\"Para BioExplorer, BrainMaster o Infiniti \u00a0velocidad de env\u00edo, niebla rodante, volumen de m\u00fasica, transparencia del t\u00fanel, exactitud de piloto autom\u00e1tico y visibilidad del cielo est\u00e1n entre los par\u00e1metros que puede usar como feedback en sus dise\u00f1os. \u00a0El tubo interior puede ser programado a piloto autom\u00e1tico, jugado con un joystick, o jugado con el teclado. \u00a0Hay 20 niveles para jugar con aumento de dificultad.\" \/>\n<meta name=\"robots\" content=\"index, follow, max-snippet:-1, max-image-preview:large, max-video-preview:-1\" \/>\n<link rel=\"canonical\" href=\"https:\/\/brain-trainer.com\/es\/producto\/tubo-interior-para-bioexplorer\/\" \/>\n<meta property=\"og:locale\" content=\"es_ES\" \/>\n<meta property=\"og:type\" content=\"article\" \/>\n<meta property=\"og:title\" content=\"Tubo interior para BioExplorer - brain-trainer.com\" \/>\n<meta property=\"og:description\" content=\"Para BioExplorer, BrainMaster o Infiniti \u00a0velocidad de env\u00edo, niebla rodante, volumen de m\u00fasica, transparencia del t\u00fanel, exactitud de piloto autom\u00e1tico y visibilidad del cielo est\u00e1n entre los par\u00e1metros que puede usar como feedback en sus dise\u00f1os. \u00a0El tubo interior puede ser programado a piloto autom\u00e1tico, jugado con un joystick, o jugado con el teclado. \u00a0Hay 20 niveles para jugar con aumento de dificultad.\" \/>\n<meta property=\"og:url\" content=\"https:\/\/brain-trainer.com\/es\/producto\/tubo-interior-para-bioexplorer\/\" \/>\n<meta property=\"og:site_name\" content=\"brain-trainer.com\" \/>\n<meta property=\"article:publisher\" content=\"https:\/\/www.facebook.com\/BraintrainerU\/\" \/>\n<meta property=\"article:modified_time\" content=\"2025-09-10T10:43:20+00:00\" \/>\n<meta property=\"og:image\" content=\"https:\/\/brain-trainer.com\/wp-content\/uploads\/2013\/05\/Innter-Tube.jpg\" \/>\n\t<meta property=\"og:image:width\" content=\"228\" \/>\n\t<meta property=\"og:image:height\" content=\"228\" \/>\n\t<meta property=\"og:image:type\" content=\"image\/jpeg\" \/>\n<meta name=\"twitter:label1\" content=\"Tiempo de lectura\" \/>\n\t<meta name=\"twitter:data1\" content=\"1 minuto\" \/>\n<script type=\"application\/ld+json\" class=\"yoast-schema-graph\">{\"@context\":\"https:\\\/\\\/schema.org\",\"@graph\":[{\"@type\":\"WebPage\",\"@id\":\"https:\\\/\\\/brain-trainer.com\\\/es\\\/producto\\\/tubo-interior-para-bioexplorer\\\/\",\"url\":\"https:\\\/\\\/brain-trainer.com\\\/es\\\/producto\\\/tubo-interior-para-bioexplorer\\\/\",\"name\":\"Tubo interior para BioExplorer - brain-trainer.com\",\"isPartOf\":{\"@id\":\"https:\\\/\\\/brain-trainer.com\\\/es\\\/#website\"},\"primaryImageOfPage\":{\"@id\":\"https:\\\/\\\/brain-trainer.com\\\/es\\\/producto\\\/tubo-interior-para-bioexplorer\\\/#primaryimage\"},\"image\":{\"@id\":\"https:\\\/\\\/brain-trainer.com\\\/es\\\/producto\\\/tubo-interior-para-bioexplorer\\\/#primaryimage\"},\"thumbnailUrl\":\"https:\\\/\\\/brain-trainer.com\\\/wp-content\\\/uploads\\\/2013\\\/05\\\/Innter-Tube.jpg\",\"datePublished\":\"2013-05-08T23:16:18+00:00\",\"dateModified\":\"2025-09-10T10:43:20+00:00\",\"description\":\"Para BioExplorer, BrainMaster o Infiniti \u00a0velocidad de env\u00edo, niebla rodante, volumen de m\u00fasica, transparencia del t\u00fanel, exactitud de piloto autom\u00e1tico y visibilidad del cielo est\u00e1n entre los par\u00e1metros que puede usar como feedback en sus dise\u00f1os. \u00a0El tubo interior puede ser programado a piloto autom\u00e1tico, jugado con un joystick, o jugado con el teclado. \u00a0Hay 20 niveles para jugar con aumento de dificultad.\",\"breadcrumb\":{\"@id\":\"https:\\\/\\\/brain-trainer.com\\\/es\\\/producto\\\/tubo-interior-para-bioexplorer\\\/#breadcrumb\"},\"inLanguage\":\"es\",\"potentialAction\":[{\"@type\":\"ReadAction\",\"target\":[\"https:\\\/\\\/brain-trainer.com\\\/es\\\/producto\\\/tubo-interior-para-bioexplorer\\\/\"]}]},{\"@type\":\"ImageObject\",\"inLanguage\":\"es\",\"@id\":\"https:\\\/\\\/brain-trainer.com\\\/es\\\/producto\\\/tubo-interior-para-bioexplorer\\\/#primaryimage\",\"url\":\"https:\\\/\\\/brain-trainer.com\\\/wp-content\\\/uploads\\\/2013\\\/05\\\/Innter-Tube.jpg\",\"contentUrl\":\"https:\\\/\\\/brain-trainer.com\\\/wp-content\\\/uploads\\\/2013\\\/05\\\/Innter-Tube.jpg\",\"width\":228,\"height\":228},{\"@type\":\"BreadcrumbList\",\"@id\":\"https:\\\/\\\/brain-trainer.com\\\/es\\\/producto\\\/tubo-interior-para-bioexplorer\\\/#breadcrumb\",\"itemListElement\":[{\"@type\":\"ListItem\",\"position\":1,\"name\":\"Home\",\"item\":\"https:\\\/\\\/brain-trainer.com\\\/es\\\/\"},{\"@type\":\"ListItem\",\"position\":2,\"name\":\"Shop\",\"item\":\"https:\\\/\\\/brain-trainer.com\\\/shop\\\/\"},{\"@type\":\"ListItem\",\"position\":3,\"name\":\"Tubo interior para BioExplorer\"}]},{\"@type\":\"WebSite\",\"@id\":\"https:\\\/\\\/brain-trainer.com\\\/es\\\/#website\",\"url\":\"https:\\\/\\\/brain-trainer.com\\\/es\\\/\",\"name\":\"brain-trainer.com\",\"description\":\"By Trainers, For Trainers\",\"publisher\":{\"@id\":\"https:\\\/\\\/brain-trainer.com\\\/es\\\/#organization\"},\"potentialAction\":[{\"@type\":\"SearchAction\",\"target\":{\"@type\":\"EntryPoint\",\"urlTemplate\":\"https:\\\/\\\/brain-trainer.com\\\/es\\\/?s={search_term_string}\"},\"query-input\":{\"@type\":\"PropertyValueSpecification\",\"valueRequired\":true,\"valueName\":\"search_term_string\"}}],\"inLanguage\":\"es\"},{\"@type\":\"Organization\",\"@id\":\"https:\\\/\\\/brain-trainer.com\\\/es\\\/#organization\",\"name\":\"Brain-Trainer International\",\"url\":\"https:\\\/\\\/brain-trainer.com\\\/es\\\/\",\"logo\":{\"@type\":\"ImageObject\",\"inLanguage\":\"es\",\"@id\":\"https:\\\/\\\/brain-trainer.com\\\/es\\\/#\\\/schema\\\/logo\\\/image\\\/\",\"url\":\"https:\\\/\\\/brain-trainer.com\\\/wp-content\\\/uploads\\\/2015\\\/07\\\/brain-trainer.com-logo.jpg\",\"contentUrl\":\"https:\\\/\\\/brain-trainer.com\\\/wp-content\\\/uploads\\\/2015\\\/07\\\/brain-trainer.com-logo.jpg\",\"width\":384,\"height\":124,\"caption\":\"Brain-Trainer International\"},\"image\":{\"@id\":\"https:\\\/\\\/brain-trainer.com\\\/es\\\/#\\\/schema\\\/logo\\\/image\\\/\"},\"sameAs\":[\"https:\\\/\\\/www.facebook.com\\\/BraintrainerU\\\/\",\"https:\\\/\\\/x.com\\\/BraintrainerU\",\"https:\\\/\\\/www.instagram.com\\\/braintraineru\"]}]}<\/script>\n<!-- \/ Yoast SEO plugin. -->","yoast_head_json":{"title":"Tubo interior para BioExplorer - brain-trainer.com","description":"Para BioExplorer, BrainMaster o Infiniti \u00a0velocidad de env\u00edo, niebla rodante, volumen de m\u00fasica, transparencia del t\u00fanel, exactitud de piloto autom\u00e1tico y visibilidad del cielo est\u00e1n entre los par\u00e1metros que puede usar como feedback en sus dise\u00f1os. \u00a0El tubo interior puede ser programado a piloto autom\u00e1tico, jugado con un joystick, o jugado con el teclado. \u00a0Hay 20 niveles para jugar con aumento de dificultad.","robots":{"index":"index","follow":"follow","max-snippet":"max-snippet:-1","max-image-preview":"max-image-preview:large","max-video-preview":"max-video-preview:-1"},"canonical":"https:\/\/brain-trainer.com\/es\/producto\/tubo-interior-para-bioexplorer\/","og_locale":"es_ES","og_type":"article","og_title":"Tubo interior para BioExplorer - brain-trainer.com","og_description":"Para BioExplorer, BrainMaster o Infiniti \u00a0velocidad de env\u00edo, niebla rodante, volumen de m\u00fasica, transparencia del t\u00fanel, exactitud de piloto autom\u00e1tico y visibilidad del cielo est\u00e1n entre los par\u00e1metros que puede usar como feedback en sus dise\u00f1os. \u00a0El tubo interior puede ser programado a piloto autom\u00e1tico, jugado con un joystick, o jugado con el teclado. \u00a0Hay 20 niveles para jugar con aumento de dificultad.","og_url":"https:\/\/brain-trainer.com\/es\/producto\/tubo-interior-para-bioexplorer\/","og_site_name":"brain-trainer.com","article_publisher":"https:\/\/www.facebook.com\/BraintrainerU\/","article_modified_time":"2025-09-10T10:43:20+00:00","og_image":[{"width":228,"height":228,"url":"https:\/\/brain-trainer.com\/wp-content\/uploads\/2013\/05\/Innter-Tube.jpg","type":"image\/jpeg"}],"twitter_misc":{"Tiempo de lectura":"1 minuto"},"schema":{"@context":"https:\/\/schema.org","@graph":[{"@type":"WebPage","@id":"https:\/\/brain-trainer.com\/es\/producto\/tubo-interior-para-bioexplorer\/","url":"https:\/\/brain-trainer.com\/es\/producto\/tubo-interior-para-bioexplorer\/","name":"Tubo interior para BioExplorer - brain-trainer.com","isPartOf":{"@id":"https:\/\/brain-trainer.com\/es\/#website"},"primaryImageOfPage":{"@id":"https:\/\/brain-trainer.com\/es\/producto\/tubo-interior-para-bioexplorer\/#primaryimage"},"image":{"@id":"https:\/\/brain-trainer.com\/es\/producto\/tubo-interior-para-bioexplorer\/#primaryimage"},"thumbnailUrl":"https:\/\/brain-trainer.com\/wp-content\/uploads\/2013\/05\/Innter-Tube.jpg","datePublished":"2013-05-08T23:16:18+00:00","dateModified":"2025-09-10T10:43:20+00:00","description":"Para BioExplorer, BrainMaster o Infiniti \u00a0velocidad de env\u00edo, niebla rodante, volumen de m\u00fasica, transparencia del t\u00fanel, exactitud de piloto autom\u00e1tico y visibilidad del cielo est\u00e1n entre los par\u00e1metros que puede usar como feedback en sus dise\u00f1os. \u00a0El tubo interior puede ser programado a piloto autom\u00e1tico, jugado con un joystick, o jugado con el teclado. \u00a0Hay 20 niveles para jugar con aumento de dificultad.","breadcrumb":{"@id":"https:\/\/brain-trainer.com\/es\/producto\/tubo-interior-para-bioexplorer\/#breadcrumb"},"inLanguage":"es","potentialAction":[{"@type":"ReadAction","target":["https:\/\/brain-trainer.com\/es\/producto\/tubo-interior-para-bioexplorer\/"]}]},{"@type":"ImageObject","inLanguage":"es","@id":"https:\/\/brain-trainer.com\/es\/producto\/tubo-interior-para-bioexplorer\/#primaryimage","url":"https:\/\/brain-trainer.com\/wp-content\/uploads\/2013\/05\/Innter-Tube.jpg","contentUrl":"https:\/\/brain-trainer.com\/wp-content\/uploads\/2013\/05\/Innter-Tube.jpg","width":228,"height":228},{"@type":"BreadcrumbList","@id":"https:\/\/brain-trainer.com\/es\/producto\/tubo-interior-para-bioexplorer\/#breadcrumb","itemListElement":[{"@type":"ListItem","position":1,"name":"Home","item":"https:\/\/brain-trainer.com\/es\/"},{"@type":"ListItem","position":2,"name":"Shop","item":"https:\/\/brain-trainer.com\/shop\/"},{"@type":"ListItem","position":3,"name":"Tubo interior para BioExplorer"}]},{"@type":"WebSite","@id":"https:\/\/brain-trainer.com\/es\/#website","url":"https:\/\/brain-trainer.com\/es\/","name":"brain-trainer.com","description":"By Trainers, For Trainers","publisher":{"@id":"https:\/\/brain-trainer.com\/es\/#organization"},"potentialAction":[{"@type":"SearchAction","target":{"@type":"EntryPoint","urlTemplate":"https:\/\/brain-trainer.com\/es\/?s={search_term_string}"},"query-input":{"@type":"PropertyValueSpecification","valueRequired":true,"valueName":"search_term_string"}}],"inLanguage":"es"},{"@type":"Organization","@id":"https:\/\/brain-trainer.com\/es\/#organization","name":"Brain-Trainer International","url":"https:\/\/brain-trainer.com\/es\/","logo":{"@type":"ImageObject","inLanguage":"es","@id":"https:\/\/brain-trainer.com\/es\/#\/schema\/logo\/image\/","url":"https:\/\/brain-trainer.com\/wp-content\/uploads\/2015\/07\/brain-trainer.com-logo.jpg","contentUrl":"https:\/\/brain-trainer.com\/wp-content\/uploads\/2015\/07\/brain-trainer.com-logo.jpg","width":384,"height":124,"caption":"Brain-Trainer International"},"image":{"@id":"https:\/\/brain-trainer.com\/es\/#\/schema\/logo\/image\/"},"sameAs":["https:\/\/www.facebook.com\/BraintrainerU\/","https:\/\/x.com\/BraintrainerU","https:\/\/www.instagram.com\/braintraineru"]}]}},"_links":{"self":[{"href":"https:\/\/brain-trainer.com\/es\/wp-json\/wp\/v2\/product\/12865","targetHints":{"allow":["GET"]}}],"collection":[{"href":"https:\/\/brain-trainer.com\/es\/wp-json\/wp\/v2\/product"}],"about":[{"href":"https:\/\/brain-trainer.com\/es\/wp-json\/wp\/v2\/types\/product"}],"replies":[{"embeddable":true,"href":"https:\/\/brain-trainer.com\/es\/wp-json\/wp\/v2\/comments?post=12865"}],"wp:featuredmedia":[{"embeddable":true,"href":"https:\/\/brain-trainer.com\/es\/wp-json\/wp\/v2\/media\/12867"}],"wp:attachment":[{"href":"https:\/\/brain-trainer.com\/es\/wp-json\/wp\/v2\/media?parent=12865"}],"wp:term":[{"taxonomy":"product_brand","embeddable":true,"href":"https:\/\/brain-trainer.com\/es\/wp-json\/wp\/v2\/product_brand?post=12865"},{"taxonomy":"product_cat","embeddable":true,"href":"https:\/\/brain-trainer.com\/es\/wp-json\/wp\/v2\/product_cat?post=12865"},{"taxonomy":"product_tag","embeddable":true,"href":"https:\/\/brain-trainer.com\/es\/wp-json\/wp\/v2\/product_tag?post=12865"}],"curies":[{"name":"wp","href":"https:\/\/api.w.org\/{rel}","templated":true}]}}