{"id":12872,"date":"2013-05-08T19:16:18","date_gmt":"2013-05-08T23:16:18","guid":{"rendered":"https:\/\/brain-trainer.com\/product\/dual-drive-xtreme-para-bioexplorer\/"},"modified":"2019-07-12T17:33:46","modified_gmt":"2019-07-12T21:33:46","slug":"dual-drive-xtreme-para-bioexplorer","status":"publish","type":"product","link":"https:\/\/brain-trainer.com\/es\/producto\/dual-drive-xtreme-para-bioexplorer\/","title":{"rendered":"Dual Drive Xtreme para BioExplorer"},"content":{"rendered":"<p><strong>Dual Drive Xtreme<\/strong><\/p>\n<p>Dual Drive Xtreme ofrece feedback que puede ser controlado por BioExplorer (versi\u00f3n 1.3.5 o m\u00e1s alto). Los carros pueden voltearse, chocar con obst\u00e1culos, etc. y como en Inner Tube, puede tener un soundtrack y\/o m\u00fasica o apagarlos.<\/p>\n<p>Hay 7 carros de carrera para elegir y en cada nivel- de tierra de lava a paisajes lunares- ofrece un mundo diferente en donde competir y su propia m\u00fasica. \u00a0Usted puede escoger competir solo o competir con otros carros. \u00a0Jugar con manos libre o con un joystick o un pad de juegos.<\/p>\n<p>Leer la discusi\u00f3n de Pete acerca de juegos de visi\u00f3n som\u00e1tica.<\/p>\n<p>Su computadora debe tener 64MB o m\u00e1s o una tarjeta de video acelerado 3D. \u00a0Tambi\u00e9n, quiz\u00e1s tenga que actualizar su controlador de video. \u00a0La mayor\u00eda de fabricantes de computadoras tienen su controlador de video actual disponible como una descarga gratis en su sitio web.<\/p>\n<p>Ya que compre, descargue su producto del enlace de confirmaci\u00f3n y le enviaremos un correo electr\u00f3nico con el c\u00f3digo de desbloqueo. \u00a0Ya que son comprados los juegos no se pueden devolver. \u00a0Descargue una prueba gratuita para ver el juego antes que lo compre.<\/p>\n<p>Ya que los juegos est\u00e1n instalados, si los quiere mover a otra computadora, usted debe desactivarlos primero.<\/p>\n","protected":false},"excerpt":{"rendered":"<p>Un juego de carreras que ofrece una variedad de carros y ambientes para competir, con la opci\u00f3n de competir contra el tiempo o contra otro corredor. \u00a0Usted puede programar el nivel de dificultad para hacer que el corredor de computadora conduzca como su abuela hasta el nivel de un corredor de formula uno.<\/p>\n","protected":false},"featured_media":12876,"comment_status":"open","ping_status":"closed","template":"","meta":{"_acf_changed":false},"product_brand":[],"product_cat":[564],"product_tag":[],"class_list":{"0":"post-12872","1":"product","2":"type-product","3":"status-publish","4":"has-post-thumbnail","6":"product_cat-juegos-productos","7":"product_shipping_class-no-shipping","9":"first","10":"instock","11":"downloadable","12":"virtual","13":"purchasable","14":"product-type-simple"},"bundled_by":[],"bundle_stock_status":"instock","bundle_stock_quantity":null,"bundle_virtual":false,"bundle_layout":"","bundle_add_to_cart_form_location":"","bundle_editable_in_cart":false,"bundle_sold_individually_context":"","bundle_item_grouping":"","bundle_min_size":"","bundle_max_size":"","bundle_price":[],"bundled_items":[],"bundle_sell_ids":[],"acf":[],"yoast_head":"<!-- This site is optimized with the Yoast SEO plugin v25.9 - https:\/\/yoast.com\/wordpress\/plugins\/seo\/ -->\n<title>Dual Drive Xtreme para BioExplorer - brain-trainer.com<\/title>\n<meta name=\"description\" content=\"Un juego de carreras que ofrece una variedad de carros y ambientes para competir, con la opci\u00f3n de competir contra el tiempo o contra otro corredor. \u00a0Usted puede programar el nivel de dificultad para hacer que el corredor de computadora conduzca como su abuela hasta el nivel de un corredor de formula uno.\" \/>\n<meta name=\"robots\" content=\"index, follow, max-snippet:-1, max-image-preview:large, max-video-preview:-1\" \/>\n<link rel=\"canonical\" href=\"https:\/\/brain-trainer.com\/es\/producto\/dual-drive-xtreme-para-bioexplorer\/\" \/>\n<meta property=\"og:locale\" content=\"es_ES\" \/>\n<meta property=\"og:type\" content=\"article\" \/>\n<meta property=\"og:title\" content=\"Dual Drive Xtreme para BioExplorer - brain-trainer.com\" \/>\n<meta property=\"og:description\" content=\"Un juego de carreras que ofrece una variedad de carros y ambientes para competir, con la opci\u00f3n de competir contra el tiempo o contra otro corredor. \u00a0Usted puede programar el nivel de dificultad para hacer que el corredor de computadora conduzca como su abuela hasta el nivel de un corredor de formula uno.\" \/>\n<meta property=\"og:url\" content=\"https:\/\/brain-trainer.com\/es\/producto\/dual-drive-xtreme-para-bioexplorer\/\" \/>\n<meta property=\"og:site_name\" content=\"brain-trainer.com\" \/>\n<meta property=\"article:publisher\" content=\"https:\/\/www.facebook.com\/BraintrainerU\/\" \/>\n<meta property=\"article:modified_time\" content=\"2019-07-12T21:33:46+00:00\" \/>\n<meta property=\"og:image\" content=\"https:\/\/brain-trainer.com\/wp-content\/uploads\/2013\/05\/dual-drive.jpg\" \/>\n\t<meta property=\"og:image:width\" content=\"330\" \/>\n\t<meta property=\"og:image:height\" content=\"330\" \/>\n\t<meta property=\"og:image:type\" content=\"image\/jpeg\" \/>\n<meta name=\"twitter:label1\" content=\"Tiempo de lectura\" \/>\n\t<meta name=\"twitter:data1\" content=\"1 minuto\" \/>\n<script type=\"application\/ld+json\" class=\"yoast-schema-graph\">{\"@context\":\"https:\/\/schema.org\",\"@graph\":[{\"@type\":\"WebPage\",\"@id\":\"https:\/\/brain-trainer.com\/es\/producto\/dual-drive-xtreme-para-bioexplorer\/\",\"url\":\"https:\/\/brain-trainer.com\/es\/producto\/dual-drive-xtreme-para-bioexplorer\/\",\"name\":\"Dual Drive Xtreme para BioExplorer - brain-trainer.com\",\"isPartOf\":{\"@id\":\"https:\/\/brain-trainer.com\/es\/#website\"},\"primaryImageOfPage\":{\"@id\":\"https:\/\/brain-trainer.com\/es\/producto\/dual-drive-xtreme-para-bioexplorer\/#primaryimage\"},\"image\":{\"@id\":\"https:\/\/brain-trainer.com\/es\/producto\/dual-drive-xtreme-para-bioexplorer\/#primaryimage\"},\"thumbnailUrl\":\"https:\/\/brain-trainer.com\/wp-content\/uploads\/2013\/05\/dual-drive.jpg\",\"datePublished\":\"2013-05-08T23:16:18+00:00\",\"dateModified\":\"2019-07-12T21:33:46+00:00\",\"description\":\"Un juego de carreras que ofrece una variedad de carros y ambientes para competir, con la opci\u00f3n de competir contra el tiempo o contra otro corredor. \u00a0Usted puede programar el nivel de dificultad para hacer que el corredor de computadora conduzca como su abuela hasta el nivel de un corredor de formula uno.\",\"breadcrumb\":{\"@id\":\"https:\/\/brain-trainer.com\/es\/producto\/dual-drive-xtreme-para-bioexplorer\/#breadcrumb\"},\"inLanguage\":\"es\",\"potentialAction\":[{\"@type\":\"ReadAction\",\"target\":[\"https:\/\/brain-trainer.com\/es\/producto\/dual-drive-xtreme-para-bioexplorer\/\"]}]},{\"@type\":\"ImageObject\",\"inLanguage\":\"es\",\"@id\":\"https:\/\/brain-trainer.com\/es\/producto\/dual-drive-xtreme-para-bioexplorer\/#primaryimage\",\"url\":\"https:\/\/brain-trainer.com\/wp-content\/uploads\/2013\/05\/dual-drive.jpg\",\"contentUrl\":\"https:\/\/brain-trainer.com\/wp-content\/uploads\/2013\/05\/dual-drive.jpg\",\"width\":330,\"height\":330},{\"@type\":\"BreadcrumbList\",\"@id\":\"https:\/\/brain-trainer.com\/es\/producto\/dual-drive-xtreme-para-bioexplorer\/#breadcrumb\",\"itemListElement\":[{\"@type\":\"ListItem\",\"position\":1,\"name\":\"Home\",\"item\":\"https:\/\/brain-trainer.com\/es\/\"},{\"@type\":\"ListItem\",\"position\":2,\"name\":\"Shop\",\"item\":\"https:\/\/brain-trainer.com\/shop\/\"},{\"@type\":\"ListItem\",\"position\":3,\"name\":\"Dual Drive Xtreme para BioExplorer\"}]},{\"@type\":\"WebSite\",\"@id\":\"https:\/\/brain-trainer.com\/es\/#website\",\"url\":\"https:\/\/brain-trainer.com\/es\/\",\"name\":\"brain-trainer.com\",\"description\":\"By Trainers, For Trainers\",\"publisher\":{\"@id\":\"https:\/\/brain-trainer.com\/es\/#organization\"},\"potentialAction\":[{\"@type\":\"SearchAction\",\"target\":{\"@type\":\"EntryPoint\",\"urlTemplate\":\"https:\/\/brain-trainer.com\/es\/?s={search_term_string}\"},\"query-input\":{\"@type\":\"PropertyValueSpecification\",\"valueRequired\":true,\"valueName\":\"search_term_string\"}}],\"inLanguage\":\"es\"},{\"@type\":\"Organization\",\"@id\":\"https:\/\/brain-trainer.com\/es\/#organization\",\"name\":\"Brain-Trainer International\",\"url\":\"https:\/\/brain-trainer.com\/es\/\",\"logo\":{\"@type\":\"ImageObject\",\"inLanguage\":\"es\",\"@id\":\"https:\/\/brain-trainer.com\/es\/#\/schema\/logo\/image\/\",\"url\":\"https:\/\/brain-trainer.com\/wp-content\/uploads\/2015\/07\/brain-trainer.com-logo.jpg\",\"contentUrl\":\"https:\/\/brain-trainer.com\/wp-content\/uploads\/2015\/07\/brain-trainer.com-logo.jpg\",\"width\":384,\"height\":124,\"caption\":\"Brain-Trainer International\"},\"image\":{\"@id\":\"https:\/\/brain-trainer.com\/es\/#\/schema\/logo\/image\/\"},\"sameAs\":[\"https:\/\/www.facebook.com\/BraintrainerU\/\",\"https:\/\/x.com\/BraintrainerU\",\"https:\/\/www.instagram.com\/braintraineru\"]}]}<\/script>\n<!-- \/ Yoast SEO plugin. -->","yoast_head_json":{"title":"Dual Drive Xtreme para BioExplorer - brain-trainer.com","description":"Un juego de carreras que ofrece una variedad de carros y ambientes para competir, con la opci\u00f3n de competir contra el tiempo o contra otro corredor. \u00a0Usted puede programar el nivel de dificultad para hacer que el corredor de computadora conduzca como su abuela hasta el nivel de un corredor de formula uno.","robots":{"index":"index","follow":"follow","max-snippet":"max-snippet:-1","max-image-preview":"max-image-preview:large","max-video-preview":"max-video-preview:-1"},"canonical":"https:\/\/brain-trainer.com\/es\/producto\/dual-drive-xtreme-para-bioexplorer\/","og_locale":"es_ES","og_type":"article","og_title":"Dual Drive Xtreme para BioExplorer - brain-trainer.com","og_description":"Un juego de carreras que ofrece una variedad de carros y ambientes para competir, con la opci\u00f3n de competir contra el tiempo o contra otro corredor. \u00a0Usted puede programar el nivel de dificultad para hacer que el corredor de computadora conduzca como su abuela hasta el nivel de un corredor de formula uno.","og_url":"https:\/\/brain-trainer.com\/es\/producto\/dual-drive-xtreme-para-bioexplorer\/","og_site_name":"brain-trainer.com","article_publisher":"https:\/\/www.facebook.com\/BraintrainerU\/","article_modified_time":"2019-07-12T21:33:46+00:00","og_image":[{"width":330,"height":330,"url":"https:\/\/brain-trainer.com\/wp-content\/uploads\/2013\/05\/dual-drive.jpg","type":"image\/jpeg"}],"twitter_misc":{"Tiempo de lectura":"1 minuto"},"schema":{"@context":"https:\/\/schema.org","@graph":[{"@type":"WebPage","@id":"https:\/\/brain-trainer.com\/es\/producto\/dual-drive-xtreme-para-bioexplorer\/","url":"https:\/\/brain-trainer.com\/es\/producto\/dual-drive-xtreme-para-bioexplorer\/","name":"Dual Drive Xtreme para BioExplorer - brain-trainer.com","isPartOf":{"@id":"https:\/\/brain-trainer.com\/es\/#website"},"primaryImageOfPage":{"@id":"https:\/\/brain-trainer.com\/es\/producto\/dual-drive-xtreme-para-bioexplorer\/#primaryimage"},"image":{"@id":"https:\/\/brain-trainer.com\/es\/producto\/dual-drive-xtreme-para-bioexplorer\/#primaryimage"},"thumbnailUrl":"https:\/\/brain-trainer.com\/wp-content\/uploads\/2013\/05\/dual-drive.jpg","datePublished":"2013-05-08T23:16:18+00:00","dateModified":"2019-07-12T21:33:46+00:00","description":"Un juego de carreras que ofrece una variedad de carros y ambientes para competir, con la opci\u00f3n de competir contra el tiempo o contra otro corredor. \u00a0Usted puede programar el nivel de dificultad para hacer que el corredor de computadora conduzca como su abuela hasta el nivel de un corredor de formula uno.","breadcrumb":{"@id":"https:\/\/brain-trainer.com\/es\/producto\/dual-drive-xtreme-para-bioexplorer\/#breadcrumb"},"inLanguage":"es","potentialAction":[{"@type":"ReadAction","target":["https:\/\/brain-trainer.com\/es\/producto\/dual-drive-xtreme-para-bioexplorer\/"]}]},{"@type":"ImageObject","inLanguage":"es","@id":"https:\/\/brain-trainer.com\/es\/producto\/dual-drive-xtreme-para-bioexplorer\/#primaryimage","url":"https:\/\/brain-trainer.com\/wp-content\/uploads\/2013\/05\/dual-drive.jpg","contentUrl":"https:\/\/brain-trainer.com\/wp-content\/uploads\/2013\/05\/dual-drive.jpg","width":330,"height":330},{"@type":"BreadcrumbList","@id":"https:\/\/brain-trainer.com\/es\/producto\/dual-drive-xtreme-para-bioexplorer\/#breadcrumb","itemListElement":[{"@type":"ListItem","position":1,"name":"Home","item":"https:\/\/brain-trainer.com\/es\/"},{"@type":"ListItem","position":2,"name":"Shop","item":"https:\/\/brain-trainer.com\/shop\/"},{"@type":"ListItem","position":3,"name":"Dual Drive Xtreme para BioExplorer"}]},{"@type":"WebSite","@id":"https:\/\/brain-trainer.com\/es\/#website","url":"https:\/\/brain-trainer.com\/es\/","name":"brain-trainer.com","description":"By Trainers, For Trainers","publisher":{"@id":"https:\/\/brain-trainer.com\/es\/#organization"},"potentialAction":[{"@type":"SearchAction","target":{"@type":"EntryPoint","urlTemplate":"https:\/\/brain-trainer.com\/es\/?s={search_term_string}"},"query-input":{"@type":"PropertyValueSpecification","valueRequired":true,"valueName":"search_term_string"}}],"inLanguage":"es"},{"@type":"Organization","@id":"https:\/\/brain-trainer.com\/es\/#organization","name":"Brain-Trainer International","url":"https:\/\/brain-trainer.com\/es\/","logo":{"@type":"ImageObject","inLanguage":"es","@id":"https:\/\/brain-trainer.com\/es\/#\/schema\/logo\/image\/","url":"https:\/\/brain-trainer.com\/wp-content\/uploads\/2015\/07\/brain-trainer.com-logo.jpg","contentUrl":"https:\/\/brain-trainer.com\/wp-content\/uploads\/2015\/07\/brain-trainer.com-logo.jpg","width":384,"height":124,"caption":"Brain-Trainer International"},"image":{"@id":"https:\/\/brain-trainer.com\/es\/#\/schema\/logo\/image\/"},"sameAs":["https:\/\/www.facebook.com\/BraintrainerU\/","https:\/\/x.com\/BraintrainerU","https:\/\/www.instagram.com\/braintraineru"]}]}},"_links":{"self":[{"href":"https:\/\/brain-trainer.com\/es\/wp-json\/wp\/v2\/product\/12872","targetHints":{"allow":["GET"]}}],"collection":[{"href":"https:\/\/brain-trainer.com\/es\/wp-json\/wp\/v2\/product"}],"about":[{"href":"https:\/\/brain-trainer.com\/es\/wp-json\/wp\/v2\/types\/product"}],"replies":[{"embeddable":true,"href":"https:\/\/brain-trainer.com\/es\/wp-json\/wp\/v2\/comments?post=12872"}],"wp:featuredmedia":[{"embeddable":true,"href":"https:\/\/brain-trainer.com\/es\/wp-json\/wp\/v2\/media\/12876"}],"wp:attachment":[{"href":"https:\/\/brain-trainer.com\/es\/wp-json\/wp\/v2\/media?parent=12872"}],"wp:term":[{"taxonomy":"product_brand","embeddable":true,"href":"https:\/\/brain-trainer.com\/es\/wp-json\/wp\/v2\/product_brand?post=12872"},{"taxonomy":"product_cat","embeddable":true,"href":"https:\/\/brain-trainer.com\/es\/wp-json\/wp\/v2\/product_cat?post=12872"},{"taxonomy":"product_tag","embeddable":true,"href":"https:\/\/brain-trainer.com\/es\/wp-json\/wp\/v2\/product_tag?post=12872"}],"curies":[{"name":"wp","href":"https:\/\/api.w.org\/{rel}","templated":true}]}}