{"id":12994,"date":"2013-05-08T19:16:18","date_gmt":"2013-05-08T23:16:18","guid":{"rendered":"https:\/\/brain-trainer.com\/product\/plan-de-entrenamiento-de-whole-brain\/"},"modified":"2023-01-12T20:22:24","modified_gmt":"2023-01-13T01:22:24","slug":"plan-de-entrenamiento-de-whole-brain","status":"publish","type":"product","link":"https:\/\/brain-trainer.com\/es\/producto\/plan-de-entrenamiento-de-whole-brain\/","title":{"rendered":"Plan de entrenamiento de Whole-Brain"},"content":{"rendered":"<p><strong>Plan de entrenamiento del Whole-Brain<\/strong><\/p>\n<p>Con el servicio del plan de entrenamiento de Whole-Brain, usted re\u00fane informaci\u00f3n de la evaluaci\u00f3n TQ usando BioExlorer o Infiniti, llena una forma del reporte del cliente dici\u00e9ndonos acerca de los objetivos del aprendiz y del entrenamiento, y <strong>env\u00eda por correo electr\u00f3nico los archivos de la sesi\u00f3n<\/strong> por los 6-9 pares de sitios que usted haya evaluado y la<strong> forma del reporte del cliente.<\/strong> En 4 d\u00edas laborables un especialista de la evaluaci\u00f3n TQ desarrollar\u00e1 un plan de entrenamiento y se lo enviar\u00e1 a usted.<\/p>\n<p>Nosotros revisaremos su informaci\u00f3n para estar seguros que es un buen registro. Si no, le regresaremos un correo electr\u00f3nico con sugerencias para mejoramiento. Una vez que tengamos un buen registro de usted, nosotros importaremos la informaci\u00f3n a la hoja de c\u00e1lculos de la Evaluaci\u00f3n TQ7, evaluaremos el artefacto de la evaluaci\u00f3n, haciendo cualquier correcci\u00f3n necesaria, realizaremos y analizaremos la evaluaci\u00f3n y desarrollaremos planes de entrenamiento para todos los asuntos significativos del entrenamiento que veamos, hasta 6 sesiones de entrenamiento por plan. Nosotros incluimos recomendaciones para los dise\u00f1os del brain-trainer que van a ser usados. Nosotros le enviaremos a usted por correo electr\u00f3nico o fax la Evaluaci\u00f3n y los planes de entrenamiento en una semana.<\/p>\n<p><strong>Acerca del plan de entrenamiento del Whole-Brain (WBTP)<\/strong><\/p>\n<p>El training plan del Whole-Brain incluye 5 bloques de sesiones, cada uno hasta 3 ejercicios. \u00a0 \u00a0 \u00a0 \u00a0 \u00a0 \u00a0 \u00a0 \u00a0 \u00a0 \u00a0 \u00a0 \u00a0 \u00a0 \u00a0 \u00a0 \u00a0 \u00a0 \u00a0 \u00a0 \u00a0 \u00a0 \u00a0 \u00a0 \u00a0 \u00a0 \u00a0 \u00a0 \u00a0 \u00a0 \u00a0 \u00a0 \u00a0 \u00a0 \u00a0 \u00a0 \u00a0 \u00a0 \u00a0 \u00a0 \u00a0 \u00a0 \u00a0 \u00a0 Al entrenar 2-3 ejercicios juntos con HEG en cada sesi\u00f3n y pasando a trav\u00e9s de los bloques cada 5 sesiones, todos los modelos m\u00e1s importantes identificados en la evaluaci\u00f3n son abordados en gran manera como el entrenamiento a trav\u00e9s de series de diferentes \u00e1reas del cuerpo en un horario de entrenamiento f\u00edsico.<\/p>\n<p><strong><u>POL<\/u><\/strong><strong><u>\u00cd<\/u><\/strong><strong><u>TICA DE DEVOLUCION<\/u><\/strong><\/p>\n<p>Una vez que los planes est\u00e1n en sus manos, nosotros no tenemos control de qu\u00e9 tan precisamente usted acomoda los electrodos y los asigna a los canales apropiados en el amplificador, nosotros no podemos cambiar los objetivos si ellos son dejados muy dif\u00edciles o muy f\u00e1ciles, nosotros no podemos motivar a los clientes resistentes o tratar con batallas entre el entrenador y el cliente. Esas, y muchas otras complicaciones, pueden afectar el \u00e9xito del entrenamiento. Nosotros tampoco podemos estar ah\u00ed para observar los resultados del entrenamiento.<\/p>\n<p>Por estas razones, no ofrecemos devoluciones para el plan de entrenamiento del Whole-Brain o servicios adicionales.<\/p>\n<p>Los planes de entrenamiento del Whole-Brain son producidos por entrenadores experimentados quienes son tambi\u00e9n muy h\u00e1biles con la herramienta de la evaluaci\u00f3n. Es muy probable que uno o m\u00e1s de estos producir\u00e1 un resultado si usted trabaja con ellos apropiadamente y permanece con los que trabaja.<\/p>\n<p>Si a usted le gustar\u00eda una consulta para revisar su plan o entrenamiento o como implementarlo usted puede programarla aqu\u00ed: <a href=\"https:\/\/brain-trainer.com\/product\/individual-consultation-per-hour\/\">https:\/\/brain-trainer.com\/product\/individual-consultation-per-hour\/<\/a><\/p>\n","protected":false},"excerpt":{"rendered":"<p>Usted mande la informaci\u00f3n de la evaluaci\u00f3n TQ, la forma del reporte del cliente, y los archivos de las sesiones y un especialista de la evaluaci\u00f3n TQ observar\u00e1 su informaci\u00f3n, completar\u00e1 el m\u00e1s reciente archivo de la evaluaci\u00f3n TQ, y desarrollar\u00e1 un plan de entrenamiento.<\/p>\n","protected":false},"featured_media":32990,"comment_status":"open","ping_status":"closed","template":"","meta":{"_acf_changed":false},"product_brand":[],"product_cat":[569],"product_tag":[],"class_list":{"0":"post-12994","1":"product","2":"type-product","3":"status-publish","4":"has-post-thumbnail","6":"product_cat-consulta","7":"product_shipping_class-no-shipping","9":"first","10":"instock","11":"downloadable","12":"virtual","13":"purchasable","14":"product-type-simple"},"bundled_by":["24918","27930","28013","12072","28579","28634","28782","29847"],"bundle_stock_status":"instock","bundle_stock_quantity":null,"bundle_virtual":false,"bundle_layout":"","bundle_add_to_cart_form_location":"","bundle_editable_in_cart":false,"bundle_sold_individually_context":"","bundle_item_grouping":"","bundle_min_size":"","bundle_max_size":"","bundle_price":[],"bundled_items":[],"bundle_sell_ids":[],"acf":[],"yoast_head":"<!-- This site is optimized with the Yoast SEO plugin v27.3 - https:\/\/yoast.com\/product\/yoast-seo-wordpress\/ -->\n<title>Plan de entrenamiento de Whole-Brain - brain-trainer.com<\/title>\n<meta name=\"description\" content=\"Usted mande la informaci\u00f3n de la evaluaci\u00f3n TQ, la forma del reporte del cliente, y los archivos de las sesiones y un especialista de la evaluaci\u00f3n TQ observar\u00e1 su informaci\u00f3n, completar\u00e1 el m\u00e1s reciente archivo de la evaluaci\u00f3n TQ, y desarrollar\u00e1 un plan de entrenamiento.\" \/>\n<meta name=\"robots\" content=\"index, follow, max-snippet:-1, max-image-preview:large, max-video-preview:-1\" \/>\n<link rel=\"canonical\" href=\"https:\/\/brain-trainer.com\/es\/producto\/plan-de-entrenamiento-de-whole-brain\/\" \/>\n<meta property=\"og:locale\" content=\"es_ES\" \/>\n<meta property=\"og:type\" content=\"article\" \/>\n<meta property=\"og:title\" content=\"Plan de entrenamiento de Whole-Brain - brain-trainer.com\" \/>\n<meta property=\"og:description\" content=\"Usted mande la informaci\u00f3n de la evaluaci\u00f3n TQ, la forma del reporte del cliente, y los archivos de las sesiones y un especialista de la evaluaci\u00f3n TQ observar\u00e1 su informaci\u00f3n, completar\u00e1 el m\u00e1s reciente archivo de la evaluaci\u00f3n TQ, y desarrollar\u00e1 un plan de entrenamiento.\" \/>\n<meta property=\"og:url\" content=\"https:\/\/brain-trainer.com\/es\/producto\/plan-de-entrenamiento-de-whole-brain\/\" \/>\n<meta property=\"og:site_name\" content=\"brain-trainer.com\" \/>\n<meta property=\"article:publisher\" content=\"https:\/\/www.facebook.com\/BraintrainerU\/\" \/>\n<meta property=\"article:modified_time\" content=\"2023-01-13T01:22:24+00:00\" \/>\n<meta property=\"og:image\" content=\"https:\/\/brain-trainer.com\/wp-content\/uploads\/2021\/08\/WBTP.jpg\" \/>\n\t<meta property=\"og:image:width\" content=\"441\" \/>\n\t<meta property=\"og:image:height\" content=\"441\" \/>\n\t<meta property=\"og:image:type\" content=\"image\/jpeg\" \/>\n<meta name=\"twitter:label1\" content=\"Tiempo de lectura\" \/>\n\t<meta name=\"twitter:data1\" content=\"2 minutos\" \/>\n<script type=\"application\/ld+json\" class=\"yoast-schema-graph\">{\"@context\":\"https:\\\/\\\/schema.org\",\"@graph\":[{\"@type\":\"WebPage\",\"@id\":\"https:\\\/\\\/brain-trainer.com\\\/es\\\/producto\\\/plan-de-entrenamiento-de-whole-brain\\\/\",\"url\":\"https:\\\/\\\/brain-trainer.com\\\/es\\\/producto\\\/plan-de-entrenamiento-de-whole-brain\\\/\",\"name\":\"Plan de entrenamiento de Whole-Brain - brain-trainer.com\",\"isPartOf\":{\"@id\":\"https:\\\/\\\/brain-trainer.com\\\/es\\\/#website\"},\"primaryImageOfPage\":{\"@id\":\"https:\\\/\\\/brain-trainer.com\\\/es\\\/producto\\\/plan-de-entrenamiento-de-whole-brain\\\/#primaryimage\"},\"image\":{\"@id\":\"https:\\\/\\\/brain-trainer.com\\\/es\\\/producto\\\/plan-de-entrenamiento-de-whole-brain\\\/#primaryimage\"},\"thumbnailUrl\":\"https:\\\/\\\/brain-trainer.com\\\/wp-content\\\/uploads\\\/2021\\\/08\\\/WBTP.jpg\",\"datePublished\":\"2013-05-08T23:16:18+00:00\",\"dateModified\":\"2023-01-13T01:22:24+00:00\",\"description\":\"Usted mande la informaci\u00f3n de la evaluaci\u00f3n TQ, la forma del reporte del cliente, y los archivos de las sesiones y un especialista de la evaluaci\u00f3n TQ observar\u00e1 su informaci\u00f3n, completar\u00e1 el m\u00e1s reciente archivo de la evaluaci\u00f3n TQ, y desarrollar\u00e1 un plan de entrenamiento.\",\"breadcrumb\":{\"@id\":\"https:\\\/\\\/brain-trainer.com\\\/es\\\/producto\\\/plan-de-entrenamiento-de-whole-brain\\\/#breadcrumb\"},\"inLanguage\":\"es\",\"potentialAction\":[{\"@type\":\"ReadAction\",\"target\":[\"https:\\\/\\\/brain-trainer.com\\\/es\\\/producto\\\/plan-de-entrenamiento-de-whole-brain\\\/\"]}]},{\"@type\":\"ImageObject\",\"inLanguage\":\"es\",\"@id\":\"https:\\\/\\\/brain-trainer.com\\\/es\\\/producto\\\/plan-de-entrenamiento-de-whole-brain\\\/#primaryimage\",\"url\":\"https:\\\/\\\/brain-trainer.com\\\/wp-content\\\/uploads\\\/2021\\\/08\\\/WBTP.jpg\",\"contentUrl\":\"https:\\\/\\\/brain-trainer.com\\\/wp-content\\\/uploads\\\/2021\\\/08\\\/WBTP.jpg\",\"width\":441,\"height\":441},{\"@type\":\"BreadcrumbList\",\"@id\":\"https:\\\/\\\/brain-trainer.com\\\/es\\\/producto\\\/plan-de-entrenamiento-de-whole-brain\\\/#breadcrumb\",\"itemListElement\":[{\"@type\":\"ListItem\",\"position\":1,\"name\":\"Home\",\"item\":\"https:\\\/\\\/brain-trainer.com\\\/es\\\/\"},{\"@type\":\"ListItem\",\"position\":2,\"name\":\"Shop\",\"item\":\"https:\\\/\\\/brain-trainer.com\\\/shop\\\/\"},{\"@type\":\"ListItem\",\"position\":3,\"name\":\"Plan de entrenamiento de Whole-Brain\"}]},{\"@type\":\"WebSite\",\"@id\":\"https:\\\/\\\/brain-trainer.com\\\/es\\\/#website\",\"url\":\"https:\\\/\\\/brain-trainer.com\\\/es\\\/\",\"name\":\"brain-trainer.com\",\"description\":\"By Trainers, For Trainers\",\"publisher\":{\"@id\":\"https:\\\/\\\/brain-trainer.com\\\/es\\\/#organization\"},\"potentialAction\":[{\"@type\":\"SearchAction\",\"target\":{\"@type\":\"EntryPoint\",\"urlTemplate\":\"https:\\\/\\\/brain-trainer.com\\\/es\\\/?s={search_term_string}\"},\"query-input\":{\"@type\":\"PropertyValueSpecification\",\"valueRequired\":true,\"valueName\":\"search_term_string\"}}],\"inLanguage\":\"es\"},{\"@type\":\"Organization\",\"@id\":\"https:\\\/\\\/brain-trainer.com\\\/es\\\/#organization\",\"name\":\"Brain-Trainer International\",\"url\":\"https:\\\/\\\/brain-trainer.com\\\/es\\\/\",\"logo\":{\"@type\":\"ImageObject\",\"inLanguage\":\"es\",\"@id\":\"https:\\\/\\\/brain-trainer.com\\\/es\\\/#\\\/schema\\\/logo\\\/image\\\/\",\"url\":\"https:\\\/\\\/brain-trainer.com\\\/wp-content\\\/uploads\\\/2015\\\/07\\\/brain-trainer.com-logo.jpg\",\"contentUrl\":\"https:\\\/\\\/brain-trainer.com\\\/wp-content\\\/uploads\\\/2015\\\/07\\\/brain-trainer.com-logo.jpg\",\"width\":384,\"height\":124,\"caption\":\"Brain-Trainer International\"},\"image\":{\"@id\":\"https:\\\/\\\/brain-trainer.com\\\/es\\\/#\\\/schema\\\/logo\\\/image\\\/\"},\"sameAs\":[\"https:\\\/\\\/www.facebook.com\\\/BraintrainerU\\\/\",\"https:\\\/\\\/x.com\\\/BraintrainerU\",\"https:\\\/\\\/www.instagram.com\\\/braintraineru\"]}]}<\/script>\n<!-- \/ Yoast SEO plugin. -->","yoast_head_json":{"title":"Plan de entrenamiento de Whole-Brain - brain-trainer.com","description":"Usted mande la informaci\u00f3n de la evaluaci\u00f3n TQ, la forma del reporte del cliente, y los archivos de las sesiones y un especialista de la evaluaci\u00f3n TQ observar\u00e1 su informaci\u00f3n, completar\u00e1 el m\u00e1s reciente archivo de la evaluaci\u00f3n TQ, y desarrollar\u00e1 un plan de entrenamiento.","robots":{"index":"index","follow":"follow","max-snippet":"max-snippet:-1","max-image-preview":"max-image-preview:large","max-video-preview":"max-video-preview:-1"},"canonical":"https:\/\/brain-trainer.com\/es\/producto\/plan-de-entrenamiento-de-whole-brain\/","og_locale":"es_ES","og_type":"article","og_title":"Plan de entrenamiento de Whole-Brain - brain-trainer.com","og_description":"Usted mande la informaci\u00f3n de la evaluaci\u00f3n TQ, la forma del reporte del cliente, y los archivos de las sesiones y un especialista de la evaluaci\u00f3n TQ observar\u00e1 su informaci\u00f3n, completar\u00e1 el m\u00e1s reciente archivo de la evaluaci\u00f3n TQ, y desarrollar\u00e1 un plan de entrenamiento.","og_url":"https:\/\/brain-trainer.com\/es\/producto\/plan-de-entrenamiento-de-whole-brain\/","og_site_name":"brain-trainer.com","article_publisher":"https:\/\/www.facebook.com\/BraintrainerU\/","article_modified_time":"2023-01-13T01:22:24+00:00","og_image":[{"width":441,"height":441,"url":"https:\/\/brain-trainer.com\/wp-content\/uploads\/2021\/08\/WBTP.jpg","type":"image\/jpeg"}],"twitter_misc":{"Tiempo de lectura":"2 minutos"},"schema":{"@context":"https:\/\/schema.org","@graph":[{"@type":"WebPage","@id":"https:\/\/brain-trainer.com\/es\/producto\/plan-de-entrenamiento-de-whole-brain\/","url":"https:\/\/brain-trainer.com\/es\/producto\/plan-de-entrenamiento-de-whole-brain\/","name":"Plan de entrenamiento de Whole-Brain - brain-trainer.com","isPartOf":{"@id":"https:\/\/brain-trainer.com\/es\/#website"},"primaryImageOfPage":{"@id":"https:\/\/brain-trainer.com\/es\/producto\/plan-de-entrenamiento-de-whole-brain\/#primaryimage"},"image":{"@id":"https:\/\/brain-trainer.com\/es\/producto\/plan-de-entrenamiento-de-whole-brain\/#primaryimage"},"thumbnailUrl":"https:\/\/brain-trainer.com\/wp-content\/uploads\/2021\/08\/WBTP.jpg","datePublished":"2013-05-08T23:16:18+00:00","dateModified":"2023-01-13T01:22:24+00:00","description":"Usted mande la informaci\u00f3n de la evaluaci\u00f3n TQ, la forma del reporte del cliente, y los archivos de las sesiones y un especialista de la evaluaci\u00f3n TQ observar\u00e1 su informaci\u00f3n, completar\u00e1 el m\u00e1s reciente archivo de la evaluaci\u00f3n TQ, y desarrollar\u00e1 un plan de entrenamiento.","breadcrumb":{"@id":"https:\/\/brain-trainer.com\/es\/producto\/plan-de-entrenamiento-de-whole-brain\/#breadcrumb"},"inLanguage":"es","potentialAction":[{"@type":"ReadAction","target":["https:\/\/brain-trainer.com\/es\/producto\/plan-de-entrenamiento-de-whole-brain\/"]}]},{"@type":"ImageObject","inLanguage":"es","@id":"https:\/\/brain-trainer.com\/es\/producto\/plan-de-entrenamiento-de-whole-brain\/#primaryimage","url":"https:\/\/brain-trainer.com\/wp-content\/uploads\/2021\/08\/WBTP.jpg","contentUrl":"https:\/\/brain-trainer.com\/wp-content\/uploads\/2021\/08\/WBTP.jpg","width":441,"height":441},{"@type":"BreadcrumbList","@id":"https:\/\/brain-trainer.com\/es\/producto\/plan-de-entrenamiento-de-whole-brain\/#breadcrumb","itemListElement":[{"@type":"ListItem","position":1,"name":"Home","item":"https:\/\/brain-trainer.com\/es\/"},{"@type":"ListItem","position":2,"name":"Shop","item":"https:\/\/brain-trainer.com\/shop\/"},{"@type":"ListItem","position":3,"name":"Plan de entrenamiento de Whole-Brain"}]},{"@type":"WebSite","@id":"https:\/\/brain-trainer.com\/es\/#website","url":"https:\/\/brain-trainer.com\/es\/","name":"brain-trainer.com","description":"By Trainers, For Trainers","publisher":{"@id":"https:\/\/brain-trainer.com\/es\/#organization"},"potentialAction":[{"@type":"SearchAction","target":{"@type":"EntryPoint","urlTemplate":"https:\/\/brain-trainer.com\/es\/?s={search_term_string}"},"query-input":{"@type":"PropertyValueSpecification","valueRequired":true,"valueName":"search_term_string"}}],"inLanguage":"es"},{"@type":"Organization","@id":"https:\/\/brain-trainer.com\/es\/#organization","name":"Brain-Trainer International","url":"https:\/\/brain-trainer.com\/es\/","logo":{"@type":"ImageObject","inLanguage":"es","@id":"https:\/\/brain-trainer.com\/es\/#\/schema\/logo\/image\/","url":"https:\/\/brain-trainer.com\/wp-content\/uploads\/2015\/07\/brain-trainer.com-logo.jpg","contentUrl":"https:\/\/brain-trainer.com\/wp-content\/uploads\/2015\/07\/brain-trainer.com-logo.jpg","width":384,"height":124,"caption":"Brain-Trainer International"},"image":{"@id":"https:\/\/brain-trainer.com\/es\/#\/schema\/logo\/image\/"},"sameAs":["https:\/\/www.facebook.com\/BraintrainerU\/","https:\/\/x.com\/BraintrainerU","https:\/\/www.instagram.com\/braintraineru"]}]}},"_links":{"self":[{"href":"https:\/\/brain-trainer.com\/es\/wp-json\/wp\/v2\/product\/12994","targetHints":{"allow":["GET"]}}],"collection":[{"href":"https:\/\/brain-trainer.com\/es\/wp-json\/wp\/v2\/product"}],"about":[{"href":"https:\/\/brain-trainer.com\/es\/wp-json\/wp\/v2\/types\/product"}],"replies":[{"embeddable":true,"href":"https:\/\/brain-trainer.com\/es\/wp-json\/wp\/v2\/comments?post=12994"}],"wp:featuredmedia":[{"embeddable":true,"href":"https:\/\/brain-trainer.com\/es\/wp-json\/wp\/v2\/media\/32990"}],"wp:attachment":[{"href":"https:\/\/brain-trainer.com\/es\/wp-json\/wp\/v2\/media?parent=12994"}],"wp:term":[{"taxonomy":"product_brand","embeddable":true,"href":"https:\/\/brain-trainer.com\/es\/wp-json\/wp\/v2\/product_brand?post=12994"},{"taxonomy":"product_cat","embeddable":true,"href":"https:\/\/brain-trainer.com\/es\/wp-json\/wp\/v2\/product_cat?post=12994"},{"taxonomy":"product_tag","embeddable":true,"href":"https:\/\/brain-trainer.com\/es\/wp-json\/wp\/v2\/product_tag?post=12994"}],"curies":[{"name":"wp","href":"https:\/\/api.w.org\/{rel}","templated":true}]}}