{"id":28559,"date":"2020-04-30T11:51:45","date_gmt":"2020-04-30T15:51:45","guid":{"rendered":"https:\/\/brain-trainer.com\/?post_type=product&#038;p=28559"},"modified":"2021-02-11T23:08:42","modified_gmt":"2021-02-12T04:08:42","slug":"brain-trainer-shadow-module","status":"publish","type":"product","link":"https:\/\/brain-trainer.com\/es\/producto\/brain-trainer-shadow-module\/","title":{"rendered":"Shadow plug-in (Sombra)"},"content":{"rendered":"<p>Una peque\u00f1a aplicaci\u00f3n \u00fanica que se comunica con BioExplorer a trav\u00e9s del elemento servidor. Crea una caja de sombra que usted puede controlar y est\u00e1 enlazada al feedback. Usted puede determinar el tama\u00f1o y acomodar esta caja sobre una pantalla completa o cualquier cosa sobre ella\u2014no solamente una ventana del BioExplorer. Por ejemplo:<\/p>\n<p>Use su reproductor est\u00e1ndar de DVD y acomode la ventana de sombra sobre \u00e9l. El DVD funcionar\u00e1 en Windows\u2026pero la sombra ajustar\u00e1 el brillo basado en lo que el cliente est\u00e1 haciendo en su dise\u00f1o de entrenamiento. El sonido tambi\u00e9n es ajustado basado en el feedback.<br \/>\nCorra un video de inter\u00e9s al cliente en su computadora, y haga que los controles de brillo y volumen ajusten su brillo y volumen.<\/p>\n<p>Descargue un juego como el Tetris u otro que el cliente disfrute y acomode la ventana de sombra sobre ello en la pantalla del cliente, y el juego se ilumina y oscurece y el volumen de los sonidos del juego cambian basados en el funcionamiento del cerebro.<\/p>\n<p>Abra un libro de Kindle o una novela gr\u00e1fica digital en la pantalla y acomode la ventana de sombra sobre ella para que as\u00ed la lectura llegue a ser m\u00e1s f\u00e1cil o m\u00e1s dif\u00edcil de seguir basada en lo que el cerebro est\u00e1 haciendo.<br \/>\nNavegue la red en su navegador favorito con la ventana de sombra por encima.<\/p>\n","protected":false},"excerpt":{"rendered":"<p>Una peque\u00f1a aplicaci\u00f3n \u00fanica que se comunica con BioExplorer a trav\u00e9s del elemento servidor. Crea una caja de sombra que usted puede controlar y est\u00e1 enlazada al feedback. Usted puede determinar el tama\u00f1o y acomodar esta caja sobre una pantalla completa o cualquier cosa sobre ella\u2014no solamente una ventana del BioExplorer. Por ejemplo: Use su [&hellip;]<\/p>\n","protected":false},"featured_media":33115,"comment_status":"open","ping_status":"closed","template":"","meta":{"_acf_changed":false},"product_brand":[831],"product_cat":[541,564],"product_tag":[729],"class_list":{"0":"post-28559","1":"product","2":"type-product","3":"status-publish","4":"has-post-thumbnail","6":"product_brand-brain-trainer-international","7":"product_cat-software-es","8":"product_cat-juegos-productos","9":"product_tag-brain-trainer-for-bioera-es","10":"product_shipping_class-no-shipping","12":"first","13":"instock","14":"downloadable","15":"virtual","16":"purchasable","17":"product-type-simple"},"bundled_by":["28579","20989","23156","28782","28409","27930","29172","28374","31146","29847"],"bundle_stock_status":"instock","bundle_stock_quantity":null,"bundle_virtual":false,"bundle_layout":"","bundle_add_to_cart_form_location":"","bundle_editable_in_cart":false,"bundle_sold_individually_context":"","bundle_item_grouping":"","bundle_min_size":"","bundle_max_size":"","bundle_price":[],"bundled_items":[],"bundle_sell_ids":[],"acf":[],"yoast_head":"<!-- This site is optimized with the Yoast SEO plugin v25.9 - https:\/\/yoast.com\/wordpress\/plugins\/seo\/ -->\n<title>Shadow plug-in (Sombra) - brain-trainer.com<\/title>\n<meta name=\"description\" content=\"Una peque\u00f1a aplicaci\u00f3n \u00fanica que se comunica con BioExplorer a trav\u00e9s del elemento servidor. Crea una caja de sombra que usted puede controlar y est\u00e1\" \/>\n<meta name=\"robots\" content=\"index, follow, max-snippet:-1, max-image-preview:large, max-video-preview:-1\" \/>\n<link rel=\"canonical\" href=\"https:\/\/brain-trainer.com\/es\/producto\/brain-trainer-shadow-module\/\" \/>\n<meta property=\"og:locale\" content=\"es_ES\" \/>\n<meta property=\"og:type\" content=\"article\" \/>\n<meta property=\"og:title\" content=\"Shadow plug-in (Sombra) - brain-trainer.com\" \/>\n<meta property=\"og:description\" content=\"Una peque\u00f1a aplicaci\u00f3n \u00fanica que se comunica con BioExplorer a trav\u00e9s del elemento servidor. Crea una caja de sombra que usted puede controlar y est\u00e1\" \/>\n<meta property=\"og:url\" content=\"https:\/\/brain-trainer.com\/es\/producto\/brain-trainer-shadow-module\/\" \/>\n<meta property=\"og:site_name\" content=\"brain-trainer.com\" \/>\n<meta property=\"article:publisher\" content=\"https:\/\/www.facebook.com\/BraintrainerU\/\" \/>\n<meta property=\"article:modified_time\" content=\"2021-02-12T04:08:42+00:00\" \/>\n<meta property=\"og:image\" content=\"https:\/\/brain-trainer.com\/wp-content\/uploads\/2020\/04\/BTBE-shadow.jpg\" \/>\n\t<meta property=\"og:image:width\" content=\"585\" \/>\n\t<meta property=\"og:image:height\" content=\"585\" \/>\n\t<meta property=\"og:image:type\" content=\"image\/jpeg\" \/>\n<meta name=\"twitter:label1\" content=\"Tiempo de lectura\" \/>\n\t<meta name=\"twitter:data1\" content=\"1 minuto\" \/>\n<script type=\"application\/ld+json\" class=\"yoast-schema-graph\">{\"@context\":\"https:\/\/schema.org\",\"@graph\":[{\"@type\":\"WebPage\",\"@id\":\"https:\/\/brain-trainer.com\/es\/producto\/brain-trainer-shadow-module\/\",\"url\":\"https:\/\/brain-trainer.com\/es\/producto\/brain-trainer-shadow-module\/\",\"name\":\"Shadow plug-in (Sombra) - brain-trainer.com\",\"isPartOf\":{\"@id\":\"https:\/\/brain-trainer.com\/es\/#website\"},\"primaryImageOfPage\":{\"@id\":\"https:\/\/brain-trainer.com\/es\/producto\/brain-trainer-shadow-module\/#primaryimage\"},\"image\":{\"@id\":\"https:\/\/brain-trainer.com\/es\/producto\/brain-trainer-shadow-module\/#primaryimage\"},\"thumbnailUrl\":\"https:\/\/brain-trainer.com\/wp-content\/uploads\/2020\/04\/BTBE-shadow.jpg\",\"datePublished\":\"2020-04-30T15:51:45+00:00\",\"dateModified\":\"2021-02-12T04:08:42+00:00\",\"description\":\"Una peque\u00f1a aplicaci\u00f3n \u00fanica que se comunica con BioExplorer a trav\u00e9s del elemento servidor. Crea una caja de sombra que usted puede controlar y est\u00e1\",\"breadcrumb\":{\"@id\":\"https:\/\/brain-trainer.com\/es\/producto\/brain-trainer-shadow-module\/#breadcrumb\"},\"inLanguage\":\"es\",\"potentialAction\":[{\"@type\":\"ReadAction\",\"target\":[\"https:\/\/brain-trainer.com\/es\/producto\/brain-trainer-shadow-module\/\"]}]},{\"@type\":\"ImageObject\",\"inLanguage\":\"es\",\"@id\":\"https:\/\/brain-trainer.com\/es\/producto\/brain-trainer-shadow-module\/#primaryimage\",\"url\":\"https:\/\/brain-trainer.com\/wp-content\/uploads\/2020\/04\/BTBE-shadow.jpg\",\"contentUrl\":\"https:\/\/brain-trainer.com\/wp-content\/uploads\/2020\/04\/BTBE-shadow.jpg\",\"width\":585,\"height\":585,\"caption\":\"shadow\"},{\"@type\":\"BreadcrumbList\",\"@id\":\"https:\/\/brain-trainer.com\/es\/producto\/brain-trainer-shadow-module\/#breadcrumb\",\"itemListElement\":[{\"@type\":\"ListItem\",\"position\":1,\"name\":\"Home\",\"item\":\"https:\/\/brain-trainer.com\/es\/\"},{\"@type\":\"ListItem\",\"position\":2,\"name\":\"Shop\",\"item\":\"https:\/\/brain-trainer.com\/shop\/\"},{\"@type\":\"ListItem\",\"position\":3,\"name\":\"Shadow plug-in (Sombra)\"}]},{\"@type\":\"WebSite\",\"@id\":\"https:\/\/brain-trainer.com\/es\/#website\",\"url\":\"https:\/\/brain-trainer.com\/es\/\",\"name\":\"brain-trainer.com\",\"description\":\"By Trainers, For Trainers\",\"publisher\":{\"@id\":\"https:\/\/brain-trainer.com\/es\/#organization\"},\"potentialAction\":[{\"@type\":\"SearchAction\",\"target\":{\"@type\":\"EntryPoint\",\"urlTemplate\":\"https:\/\/brain-trainer.com\/es\/?s={search_term_string}\"},\"query-input\":{\"@type\":\"PropertyValueSpecification\",\"valueRequired\":true,\"valueName\":\"search_term_string\"}}],\"inLanguage\":\"es\"},{\"@type\":\"Organization\",\"@id\":\"https:\/\/brain-trainer.com\/es\/#organization\",\"name\":\"Brain-Trainer International\",\"url\":\"https:\/\/brain-trainer.com\/es\/\",\"logo\":{\"@type\":\"ImageObject\",\"inLanguage\":\"es\",\"@id\":\"https:\/\/brain-trainer.com\/es\/#\/schema\/logo\/image\/\",\"url\":\"https:\/\/brain-trainer.com\/wp-content\/uploads\/2015\/07\/brain-trainer.com-logo.jpg\",\"contentUrl\":\"https:\/\/brain-trainer.com\/wp-content\/uploads\/2015\/07\/brain-trainer.com-logo.jpg\",\"width\":384,\"height\":124,\"caption\":\"Brain-Trainer International\"},\"image\":{\"@id\":\"https:\/\/brain-trainer.com\/es\/#\/schema\/logo\/image\/\"},\"sameAs\":[\"https:\/\/www.facebook.com\/BraintrainerU\/\",\"https:\/\/x.com\/BraintrainerU\",\"https:\/\/www.instagram.com\/braintraineru\"]}]}<\/script>\n<!-- \/ Yoast SEO plugin. -->","yoast_head_json":{"title":"Shadow plug-in (Sombra) - brain-trainer.com","description":"Una peque\u00f1a aplicaci\u00f3n \u00fanica que se comunica con BioExplorer a trav\u00e9s del elemento servidor. Crea una caja de sombra que usted puede controlar y est\u00e1","robots":{"index":"index","follow":"follow","max-snippet":"max-snippet:-1","max-image-preview":"max-image-preview:large","max-video-preview":"max-video-preview:-1"},"canonical":"https:\/\/brain-trainer.com\/es\/producto\/brain-trainer-shadow-module\/","og_locale":"es_ES","og_type":"article","og_title":"Shadow plug-in (Sombra) - brain-trainer.com","og_description":"Una peque\u00f1a aplicaci\u00f3n \u00fanica que se comunica con BioExplorer a trav\u00e9s del elemento servidor. Crea una caja de sombra que usted puede controlar y est\u00e1","og_url":"https:\/\/brain-trainer.com\/es\/producto\/brain-trainer-shadow-module\/","og_site_name":"brain-trainer.com","article_publisher":"https:\/\/www.facebook.com\/BraintrainerU\/","article_modified_time":"2021-02-12T04:08:42+00:00","og_image":[{"width":585,"height":585,"url":"https:\/\/brain-trainer.com\/wp-content\/uploads\/2020\/04\/BTBE-shadow.jpg","type":"image\/jpeg"}],"twitter_misc":{"Tiempo de lectura":"1 minuto"},"schema":{"@context":"https:\/\/schema.org","@graph":[{"@type":"WebPage","@id":"https:\/\/brain-trainer.com\/es\/producto\/brain-trainer-shadow-module\/","url":"https:\/\/brain-trainer.com\/es\/producto\/brain-trainer-shadow-module\/","name":"Shadow plug-in (Sombra) - brain-trainer.com","isPartOf":{"@id":"https:\/\/brain-trainer.com\/es\/#website"},"primaryImageOfPage":{"@id":"https:\/\/brain-trainer.com\/es\/producto\/brain-trainer-shadow-module\/#primaryimage"},"image":{"@id":"https:\/\/brain-trainer.com\/es\/producto\/brain-trainer-shadow-module\/#primaryimage"},"thumbnailUrl":"https:\/\/brain-trainer.com\/wp-content\/uploads\/2020\/04\/BTBE-shadow.jpg","datePublished":"2020-04-30T15:51:45+00:00","dateModified":"2021-02-12T04:08:42+00:00","description":"Una peque\u00f1a aplicaci\u00f3n \u00fanica que se comunica con BioExplorer a trav\u00e9s del elemento servidor. Crea una caja de sombra que usted puede controlar y est\u00e1","breadcrumb":{"@id":"https:\/\/brain-trainer.com\/es\/producto\/brain-trainer-shadow-module\/#breadcrumb"},"inLanguage":"es","potentialAction":[{"@type":"ReadAction","target":["https:\/\/brain-trainer.com\/es\/producto\/brain-trainer-shadow-module\/"]}]},{"@type":"ImageObject","inLanguage":"es","@id":"https:\/\/brain-trainer.com\/es\/producto\/brain-trainer-shadow-module\/#primaryimage","url":"https:\/\/brain-trainer.com\/wp-content\/uploads\/2020\/04\/BTBE-shadow.jpg","contentUrl":"https:\/\/brain-trainer.com\/wp-content\/uploads\/2020\/04\/BTBE-shadow.jpg","width":585,"height":585,"caption":"shadow"},{"@type":"BreadcrumbList","@id":"https:\/\/brain-trainer.com\/es\/producto\/brain-trainer-shadow-module\/#breadcrumb","itemListElement":[{"@type":"ListItem","position":1,"name":"Home","item":"https:\/\/brain-trainer.com\/es\/"},{"@type":"ListItem","position":2,"name":"Shop","item":"https:\/\/brain-trainer.com\/shop\/"},{"@type":"ListItem","position":3,"name":"Shadow plug-in (Sombra)"}]},{"@type":"WebSite","@id":"https:\/\/brain-trainer.com\/es\/#website","url":"https:\/\/brain-trainer.com\/es\/","name":"brain-trainer.com","description":"By Trainers, For Trainers","publisher":{"@id":"https:\/\/brain-trainer.com\/es\/#organization"},"potentialAction":[{"@type":"SearchAction","target":{"@type":"EntryPoint","urlTemplate":"https:\/\/brain-trainer.com\/es\/?s={search_term_string}"},"query-input":{"@type":"PropertyValueSpecification","valueRequired":true,"valueName":"search_term_string"}}],"inLanguage":"es"},{"@type":"Organization","@id":"https:\/\/brain-trainer.com\/es\/#organization","name":"Brain-Trainer International","url":"https:\/\/brain-trainer.com\/es\/","logo":{"@type":"ImageObject","inLanguage":"es","@id":"https:\/\/brain-trainer.com\/es\/#\/schema\/logo\/image\/","url":"https:\/\/brain-trainer.com\/wp-content\/uploads\/2015\/07\/brain-trainer.com-logo.jpg","contentUrl":"https:\/\/brain-trainer.com\/wp-content\/uploads\/2015\/07\/brain-trainer.com-logo.jpg","width":384,"height":124,"caption":"Brain-Trainer International"},"image":{"@id":"https:\/\/brain-trainer.com\/es\/#\/schema\/logo\/image\/"},"sameAs":["https:\/\/www.facebook.com\/BraintrainerU\/","https:\/\/x.com\/BraintrainerU","https:\/\/www.instagram.com\/braintraineru"]}]}},"_links":{"self":[{"href":"https:\/\/brain-trainer.com\/es\/wp-json\/wp\/v2\/product\/28559","targetHints":{"allow":["GET"]}}],"collection":[{"href":"https:\/\/brain-trainer.com\/es\/wp-json\/wp\/v2\/product"}],"about":[{"href":"https:\/\/brain-trainer.com\/es\/wp-json\/wp\/v2\/types\/product"}],"replies":[{"embeddable":true,"href":"https:\/\/brain-trainer.com\/es\/wp-json\/wp\/v2\/comments?post=28559"}],"wp:featuredmedia":[{"embeddable":true,"href":"https:\/\/brain-trainer.com\/es\/wp-json\/wp\/v2\/media\/33115"}],"wp:attachment":[{"href":"https:\/\/brain-trainer.com\/es\/wp-json\/wp\/v2\/media?parent=28559"}],"wp:term":[{"taxonomy":"product_brand","embeddable":true,"href":"https:\/\/brain-trainer.com\/es\/wp-json\/wp\/v2\/product_brand?post=28559"},{"taxonomy":"product_cat","embeddable":true,"href":"https:\/\/brain-trainer.com\/es\/wp-json\/wp\/v2\/product_cat?post=28559"},{"taxonomy":"product_tag","embeddable":true,"href":"https:\/\/brain-trainer.com\/es\/wp-json\/wp\/v2\/product_tag?post=28559"}],"curies":[{"name":"wp","href":"https:\/\/api.w.org\/{rel}","templated":true}]}}