{"id":11131,"date":"2024-11-07T20:38:49","date_gmt":"2024-11-08T01:38:49","guid":{"rendered":"https:\/\/brain-trainer.com\/?page_id=11131"},"modified":"2024-11-07T20:38:49","modified_gmt":"2024-11-08T01:38:49","slug":"conexao-mente-corpo","status":"publish","type":"page","link":"https:\/\/brain-trainer.com\/pt-br\/conexao-mente-corpo\/","title":{"rendered":"A conex\u00e3o mente-corpo"},"content":{"rendered":"<p><img decoding=\"async\" class=\"alignnone\" style=\"float: right; padding: 1em;\" src=\"https:\/\/brain-trainer.com\/wp-content\/uploads\/2014\/12\/cap-client-trainingS1160010.jpg\" alt=\"Mind-Body connection\" width=\"400\" \/>H\u00e1 um s\u00e9culo a psicologia ajuda as pessoas a modificar seus pensamentos, sentimentos, comportamento e desempenho atrav\u00e9s de uma s\u00e9rie de teorias sobre a mente. Naquela \u00e9poca \u2014 e por d\u00e9cadas depois \u2014 muito pouco se sabia sobre o c\u00e9rebro, portanto, a psicologia focava no diagn\u00f3stico de desordens e tentava mudar a mente das pessoas atrav\u00e9s da fala.<\/p>\n<p>Mais recentemente, tem havido crescente reconhecimento de que a mente e o corpo n\u00e3o s\u00e3o duas entidades separadas. A mente \u00e9 nossa experi\u00eancia interna da forma como nosso c\u00e9rebro processa as informa\u00e7\u00f5es. A partir do behaviorismo, novas t\u00e9cnicas centraram-se no c\u00e9rebro, mas a psicologia permanece, muitas vezes, aterrada em seu conceito de transtornos mentais e realiza\u00e7\u00e3o de diagn\u00f3sticos.<\/p>\n<p>Mais de uma d\u00e9cada de pesquisa tornou mais evidente que nossos pensamentos, sentimentos, comportamentos e desempenho s\u00e3o consequ\u00eancias naturais de padr\u00f5es est\u00e1veis de ativa\u00e7\u00e3o em nossos c\u00e9rebros. Estes padr\u00f5es podem ser mudados, alterando os h\u00e1bitos do &#8220;c\u00e9rebro&#8221; de maneira a se tornar t\u00e3o permanente como foram nossos &#8220;problemas&#8221;. E para muitos de n\u00f3s, isso pode ser feito sem diagn\u00f3sticos e sem medicamentos.<\/p>\n<p><a href=\"\/\">Home Page<\/a> <a style=\"padding-left: 1em;\" href=\"https:\/\/brain-trainer.com\/pt-br\/o-cerebro-energetico\/\">Proxima<\/a><\/p>\n","protected":false},"excerpt":{"rendered":"<p>H\u00e1 um s\u00e9culo a psicologia ajuda as pessoas a modificar seus pensamentos, sentimentos, comportamento e desempenho atrav\u00e9s de uma s\u00e9rie de teorias sobre a mente. Naquela \u00e9poca \u2014 e por d\u00e9cadas depois \u2014 muito pouco se sabia sobre o c\u00e9rebro, portanto, a psicologia focava no diagn\u00f3stico de desordens e tentava mudar a mente das pessoas [&hellip;]<\/p>\n","protected":false},"author":112,"featured_media":0,"parent":0,"menu_order":0,"comment_status":"closed","ping_status":"open","template":"","meta":{"_acf_changed":false,"footnotes":""},"class_list":["post-11131","page","type-page","status-publish","hentry"],"acf":[],"yoast_head":"<!-- This site is optimized with the Yoast SEO plugin v27.3 - https:\/\/yoast.com\/product\/yoast-seo-wordpress\/ -->\n<title>A conex\u00e3o mente-corpo - brain-trainer.com<\/title>\n<meta name=\"robots\" content=\"index, follow, max-snippet:-1, max-image-preview:large, max-video-preview:-1\" \/>\n<link rel=\"canonical\" href=\"https:\/\/brain-trainer.com\/pt-br\/conexao-mente-corpo\/\" \/>\n<meta property=\"og:locale\" content=\"pt_BR\" \/>\n<meta property=\"og:type\" content=\"article\" \/>\n<meta property=\"og:title\" content=\"A conex\u00e3o mente-corpo - brain-trainer.com\" \/>\n<meta property=\"og:description\" content=\"H\u00e1 um s\u00e9culo a psicologia ajuda as pessoas a modificar seus pensamentos, sentimentos, comportamento e desempenho atrav\u00e9s de uma s\u00e9rie de teorias sobre a mente. Naquela \u00e9poca \u2014 e por d\u00e9cadas depois \u2014 muito pouco se sabia sobre o c\u00e9rebro, portanto, a psicologia focava no diagn\u00f3stico de desordens e tentava mudar a mente das pessoas [&hellip;]\" \/>\n<meta property=\"og:url\" content=\"https:\/\/brain-trainer.com\/pt-br\/conexao-mente-corpo\/\" \/>\n<meta property=\"og:site_name\" content=\"brain-trainer.com\" \/>\n<meta property=\"article:publisher\" content=\"https:\/\/www.facebook.com\/BraintrainerU\/\" \/>\n<meta property=\"og:image\" content=\"https:\/\/brain-trainer.com\/wp-content\/uploads\/2014\/12\/cap-client-trainingS1160010.jpg\" \/>\n<meta name=\"twitter:label1\" content=\"Est. tempo de leitura\" \/>\n\t<meta name=\"twitter:data1\" content=\"1 minuto\" \/>\n<script type=\"application\/ld+json\" class=\"yoast-schema-graph\">{\"@context\":\"https:\\\/\\\/schema.org\",\"@graph\":[{\"@type\":\"WebPage\",\"@id\":\"https:\\\/\\\/brain-trainer.com\\\/pt-br\\\/conexao-mente-corpo\\\/\",\"url\":\"https:\\\/\\\/brain-trainer.com\\\/pt-br\\\/conexao-mente-corpo\\\/\",\"name\":\"A conex\u00e3o mente-corpo - brain-trainer.com\",\"isPartOf\":{\"@id\":\"https:\\\/\\\/brain-trainer.com\\\/pt-br\\\/#website\"},\"primaryImageOfPage\":{\"@id\":\"https:\\\/\\\/brain-trainer.com\\\/pt-br\\\/conexao-mente-corpo\\\/#primaryimage\"},\"image\":{\"@id\":\"https:\\\/\\\/brain-trainer.com\\\/pt-br\\\/conexao-mente-corpo\\\/#primaryimage\"},\"thumbnailUrl\":\"https:\\\/\\\/brain-trainer.com\\\/wp-content\\\/uploads\\\/2014\\\/12\\\/cap-client-trainingS1160010.jpg\",\"datePublished\":\"2024-11-08T01:38:49+00:00\",\"breadcrumb\":{\"@id\":\"https:\\\/\\\/brain-trainer.com\\\/pt-br\\\/conexao-mente-corpo\\\/#breadcrumb\"},\"inLanguage\":\"pt-BR\",\"potentialAction\":[{\"@type\":\"ReadAction\",\"target\":[\"https:\\\/\\\/brain-trainer.com\\\/pt-br\\\/conexao-mente-corpo\\\/\"]}]},{\"@type\":\"ImageObject\",\"inLanguage\":\"pt-BR\",\"@id\":\"https:\\\/\\\/brain-trainer.com\\\/pt-br\\\/conexao-mente-corpo\\\/#primaryimage\",\"url\":\"https:\\\/\\\/brain-trainer.com\\\/wp-content\\\/uploads\\\/2014\\\/12\\\/cap-client-trainingS1160010.jpg\",\"contentUrl\":\"https:\\\/\\\/brain-trainer.com\\\/wp-content\\\/uploads\\\/2014\\\/12\\\/cap-client-trainingS1160010.jpg\"},{\"@type\":\"BreadcrumbList\",\"@id\":\"https:\\\/\\\/brain-trainer.com\\\/pt-br\\\/conexao-mente-corpo\\\/#breadcrumb\",\"itemListElement\":[{\"@type\":\"ListItem\",\"position\":1,\"name\":\"Home\",\"item\":\"https:\\\/\\\/brain-trainer.com\\\/pt-br\\\/\"},{\"@type\":\"ListItem\",\"position\":2,\"name\":\"A conex\u00e3o mente-corpo\"}]},{\"@type\":\"WebSite\",\"@id\":\"https:\\\/\\\/brain-trainer.com\\\/pt-br\\\/#website\",\"url\":\"https:\\\/\\\/brain-trainer.com\\\/pt-br\\\/\",\"name\":\"brain-trainer.com\",\"description\":\"By Trainers, For Trainers\",\"publisher\":{\"@id\":\"https:\\\/\\\/brain-trainer.com\\\/pt-br\\\/#organization\"},\"potentialAction\":[{\"@type\":\"SearchAction\",\"target\":{\"@type\":\"EntryPoint\",\"urlTemplate\":\"https:\\\/\\\/brain-trainer.com\\\/pt-br\\\/?s={search_term_string}\"},\"query-input\":{\"@type\":\"PropertyValueSpecification\",\"valueRequired\":true,\"valueName\":\"search_term_string\"}}],\"inLanguage\":\"pt-BR\"},{\"@type\":\"Organization\",\"@id\":\"https:\\\/\\\/brain-trainer.com\\\/pt-br\\\/#organization\",\"name\":\"Brain-Trainer International\",\"url\":\"https:\\\/\\\/brain-trainer.com\\\/pt-br\\\/\",\"logo\":{\"@type\":\"ImageObject\",\"inLanguage\":\"pt-BR\",\"@id\":\"https:\\\/\\\/brain-trainer.com\\\/pt-br\\\/#\\\/schema\\\/logo\\\/image\\\/\",\"url\":\"https:\\\/\\\/brain-trainer.com\\\/wp-content\\\/uploads\\\/2015\\\/07\\\/brain-trainer.com-logo.jpg\",\"contentUrl\":\"https:\\\/\\\/brain-trainer.com\\\/wp-content\\\/uploads\\\/2015\\\/07\\\/brain-trainer.com-logo.jpg\",\"width\":384,\"height\":124,\"caption\":\"Brain-Trainer International\"},\"image\":{\"@id\":\"https:\\\/\\\/brain-trainer.com\\\/pt-br\\\/#\\\/schema\\\/logo\\\/image\\\/\"},\"sameAs\":[\"https:\\\/\\\/www.facebook.com\\\/BraintrainerU\\\/\",\"https:\\\/\\\/x.com\\\/BraintrainerU\",\"https:\\\/\\\/www.instagram.com\\\/braintraineru\"]}]}<\/script>\n<!-- \/ Yoast SEO plugin. -->","yoast_head_json":{"title":"A conex\u00e3o mente-corpo - brain-trainer.com","robots":{"index":"index","follow":"follow","max-snippet":"max-snippet:-1","max-image-preview":"max-image-preview:large","max-video-preview":"max-video-preview:-1"},"canonical":"https:\/\/brain-trainer.com\/pt-br\/conexao-mente-corpo\/","og_locale":"pt_BR","og_type":"article","og_title":"A conex\u00e3o mente-corpo - brain-trainer.com","og_description":"H\u00e1 um s\u00e9culo a psicologia ajuda as pessoas a modificar seus pensamentos, sentimentos, comportamento e desempenho atrav\u00e9s de uma s\u00e9rie de teorias sobre a mente. Naquela \u00e9poca \u2014 e por d\u00e9cadas depois \u2014 muito pouco se sabia sobre o c\u00e9rebro, portanto, a psicologia focava no diagn\u00f3stico de desordens e tentava mudar a mente das pessoas [&hellip;]","og_url":"https:\/\/brain-trainer.com\/pt-br\/conexao-mente-corpo\/","og_site_name":"brain-trainer.com","article_publisher":"https:\/\/www.facebook.com\/BraintrainerU\/","og_image":[{"url":"https:\/\/brain-trainer.com\/wp-content\/uploads\/2014\/12\/cap-client-trainingS1160010.jpg","type":"","width":"","height":""}],"twitter_misc":{"Est. tempo de leitura":"1 minuto"},"schema":{"@context":"https:\/\/schema.org","@graph":[{"@type":"WebPage","@id":"https:\/\/brain-trainer.com\/pt-br\/conexao-mente-corpo\/","url":"https:\/\/brain-trainer.com\/pt-br\/conexao-mente-corpo\/","name":"A conex\u00e3o mente-corpo - brain-trainer.com","isPartOf":{"@id":"https:\/\/brain-trainer.com\/pt-br\/#website"},"primaryImageOfPage":{"@id":"https:\/\/brain-trainer.com\/pt-br\/conexao-mente-corpo\/#primaryimage"},"image":{"@id":"https:\/\/brain-trainer.com\/pt-br\/conexao-mente-corpo\/#primaryimage"},"thumbnailUrl":"https:\/\/brain-trainer.com\/wp-content\/uploads\/2014\/12\/cap-client-trainingS1160010.jpg","datePublished":"2024-11-08T01:38:49+00:00","breadcrumb":{"@id":"https:\/\/brain-trainer.com\/pt-br\/conexao-mente-corpo\/#breadcrumb"},"inLanguage":"pt-BR","potentialAction":[{"@type":"ReadAction","target":["https:\/\/brain-trainer.com\/pt-br\/conexao-mente-corpo\/"]}]},{"@type":"ImageObject","inLanguage":"pt-BR","@id":"https:\/\/brain-trainer.com\/pt-br\/conexao-mente-corpo\/#primaryimage","url":"https:\/\/brain-trainer.com\/wp-content\/uploads\/2014\/12\/cap-client-trainingS1160010.jpg","contentUrl":"https:\/\/brain-trainer.com\/wp-content\/uploads\/2014\/12\/cap-client-trainingS1160010.jpg"},{"@type":"BreadcrumbList","@id":"https:\/\/brain-trainer.com\/pt-br\/conexao-mente-corpo\/#breadcrumb","itemListElement":[{"@type":"ListItem","position":1,"name":"Home","item":"https:\/\/brain-trainer.com\/pt-br\/"},{"@type":"ListItem","position":2,"name":"A conex\u00e3o mente-corpo"}]},{"@type":"WebSite","@id":"https:\/\/brain-trainer.com\/pt-br\/#website","url":"https:\/\/brain-trainer.com\/pt-br\/","name":"brain-trainer.com","description":"By Trainers, For Trainers","publisher":{"@id":"https:\/\/brain-trainer.com\/pt-br\/#organization"},"potentialAction":[{"@type":"SearchAction","target":{"@type":"EntryPoint","urlTemplate":"https:\/\/brain-trainer.com\/pt-br\/?s={search_term_string}"},"query-input":{"@type":"PropertyValueSpecification","valueRequired":true,"valueName":"search_term_string"}}],"inLanguage":"pt-BR"},{"@type":"Organization","@id":"https:\/\/brain-trainer.com\/pt-br\/#organization","name":"Brain-Trainer International","url":"https:\/\/brain-trainer.com\/pt-br\/","logo":{"@type":"ImageObject","inLanguage":"pt-BR","@id":"https:\/\/brain-trainer.com\/pt-br\/#\/schema\/logo\/image\/","url":"https:\/\/brain-trainer.com\/wp-content\/uploads\/2015\/07\/brain-trainer.com-logo.jpg","contentUrl":"https:\/\/brain-trainer.com\/wp-content\/uploads\/2015\/07\/brain-trainer.com-logo.jpg","width":384,"height":124,"caption":"Brain-Trainer International"},"image":{"@id":"https:\/\/brain-trainer.com\/pt-br\/#\/schema\/logo\/image\/"},"sameAs":["https:\/\/www.facebook.com\/BraintrainerU\/","https:\/\/x.com\/BraintrainerU","https:\/\/www.instagram.com\/braintraineru"]}]}},"_links":{"self":[{"href":"https:\/\/brain-trainer.com\/pt-br\/wp-json\/wp\/v2\/pages\/11131","targetHints":{"allow":["GET"]}}],"collection":[{"href":"https:\/\/brain-trainer.com\/pt-br\/wp-json\/wp\/v2\/pages"}],"about":[{"href":"https:\/\/brain-trainer.com\/pt-br\/wp-json\/wp\/v2\/types\/page"}],"author":[{"embeddable":true,"href":"https:\/\/brain-trainer.com\/pt-br\/wp-json\/wp\/v2\/users\/112"}],"replies":[{"embeddable":true,"href":"https:\/\/brain-trainer.com\/pt-br\/wp-json\/wp\/v2\/comments?post=11131"}],"version-history":[{"count":3,"href":"https:\/\/brain-trainer.com\/pt-br\/wp-json\/wp\/v2\/pages\/11131\/revisions"}],"predecessor-version":[{"id":11704,"href":"https:\/\/brain-trainer.com\/pt-br\/wp-json\/wp\/v2\/pages\/11131\/revisions\/11704"}],"wp:attachment":[{"href":"https:\/\/brain-trainer.com\/pt-br\/wp-json\/wp\/v2\/media?parent=11131"}],"curies":[{"name":"wp","href":"https:\/\/api.w.org\/{rel}","templated":true}]}}