{"id":11133,"date":"2024-11-07T20:38:54","date_gmt":"2024-11-08T01:38:54","guid":{"rendered":"https:\/\/brain-trainer.com\/?page_id=11133"},"modified":"2024-11-07T20:38:54","modified_gmt":"2024-11-08T01:38:54","slug":"o-cerebro-energetico","status":"publish","type":"page","link":"https:\/\/brain-trainer.com\/pt-br\/o-cerebro-energetico\/","title":{"rendered":"O c\u00e9rebro energ\u00e9tico"},"content":{"rendered":"<p><img decoding=\"async\" class=\"alignnone\" style=\"float: right; padding: 1em;\" src=\"https:\/\/brain-trainer.com\/wp-content\/uploads\/2014\/12\/neuron.jpg\" alt=\"The Energetic Brain\" width=\"400\" \/>O c\u00e9rebro produz bilh\u00f5es de min\u00fasculos pulsos eletroqu\u00edmicos cada segundo que formam trilh\u00f5es de redes, criando assim o mais adapt\u00e1vel e poderoso sistema de energia do universo. Atualmente \u00e9 poss\u00edvel medir quanta energia est\u00e1 sendo produzida, onde e quando \u00e9 produzida, de que forma as \u00e1reas do cerebro podem trabalhar independente e qual a efic\u00e1cia, e como podem trabalhar em conjunto, quanto h\u00e1 de flex\u00edbilidade e estabilidade em seus padr\u00f5es.<\/p>\n<p>Dentre as principais descobertas sobre o c\u00e9rebro est\u00e1 a de que todos os complexos sistemas ca\u00f3ticos tendem a manter padr\u00f5es est\u00e1veis durante longos per\u00edodos de tempo. Nos \u00faltimos 20 anos, os pesquisadores t\u00eam mostrado que estes padr\u00f5es de ativa\u00e7\u00e3o est\u00e1vel tendem a se relacionar com a forma de como vemos o mundo, como agimos nele, o que sentimos, pensamos e aprendemos. Al\u00e9m do mais, como em muitas partes do corpo, n\u00f3s temos o poder de mudar os padr\u00f5es de funcionamento. Assim como o exerc\u00edcio aer\u00f3bio pode alterar a capacidade do nosso sistema cardio-pulmonar para sustentar n\u00edveis mais elevados de energia, ent\u00e3o o treinamento cerebral pode alterar os recursos do nosso c\u00e9rebro. E alterar o nosso c\u00e9rebro altera nosso pensar, sentir, agir e realizar.<\/p>\n<p>Finalmente, embora o c\u00e9rebro use substancias qu\u00edmicas para transmitir informa\u00e7\u00f5es, adicionar essas substancias artificialmente (medicamentos) n\u00e3o costuma produzir mudan\u00e7as duradouras. Ao longo do tempo, o c\u00e9rebro ajusta-se a eles. No entanto o treinamento para mudar o sistema de energia, mudando a qu\u00edmica naturalmente, e com efeitos duradouros.<\/p>\n<p><a style=\"padding-right: 1em;\" href=\"\/a-conexao-mente-corpo\">Previa<\/a> <a href=\"\/\">Home Page<\/a> <a style=\"padding-left: 1em;\" href=\"https:\/\/brain-trainer.com\/pt-br\/normas-e-diagnosticos\/\">Proxima<\/a><\/p>\n","protected":false},"excerpt":{"rendered":"<p>O c\u00e9rebro produz bilh\u00f5es de min\u00fasculos pulsos eletroqu\u00edmicos cada segundo que formam trilh\u00f5es de redes, criando assim o mais adapt\u00e1vel e poderoso sistema de energia do universo. Atualmente \u00e9 poss\u00edvel medir quanta energia est\u00e1 sendo produzida, onde e quando \u00e9 produzida, de que forma as \u00e1reas do cerebro podem trabalhar independente e qual a efic\u00e1cia, [&hellip;]<\/p>\n","protected":false},"author":112,"featured_media":0,"parent":0,"menu_order":0,"comment_status":"closed","ping_status":"open","template":"","meta":{"_acf_changed":false,"footnotes":""},"class_list":["post-11133","page","type-page","status-publish","hentry"],"acf":[],"yoast_head":"<!-- This site is optimized with the Yoast SEO plugin v27.3 - https:\/\/yoast.com\/product\/yoast-seo-wordpress\/ -->\n<title>O c\u00e9rebro energ\u00e9tico - brain-trainer.com<\/title>\n<meta name=\"robots\" content=\"index, follow, max-snippet:-1, max-image-preview:large, max-video-preview:-1\" \/>\n<link rel=\"canonical\" href=\"https:\/\/brain-trainer.com\/pt-br\/o-cerebro-energetico\/\" \/>\n<meta property=\"og:locale\" content=\"pt_BR\" \/>\n<meta property=\"og:type\" content=\"article\" \/>\n<meta property=\"og:title\" content=\"O c\u00e9rebro energ\u00e9tico - brain-trainer.com\" \/>\n<meta property=\"og:description\" content=\"O c\u00e9rebro produz bilh\u00f5es de min\u00fasculos pulsos eletroqu\u00edmicos cada segundo que formam trilh\u00f5es de redes, criando assim o mais adapt\u00e1vel e poderoso sistema de energia do universo. Atualmente \u00e9 poss\u00edvel medir quanta energia est\u00e1 sendo produzida, onde e quando \u00e9 produzida, de que forma as \u00e1reas do cerebro podem trabalhar independente e qual a efic\u00e1cia, [&hellip;]\" \/>\n<meta property=\"og:url\" content=\"https:\/\/brain-trainer.com\/pt-br\/o-cerebro-energetico\/\" \/>\n<meta property=\"og:site_name\" content=\"brain-trainer.com\" \/>\n<meta property=\"article:publisher\" content=\"https:\/\/www.facebook.com\/BraintrainerU\/\" \/>\n<meta property=\"og:image\" content=\"https:\/\/brain-trainer.com\/wp-content\/uploads\/2014\/12\/neuron.jpg\" \/>\n<meta name=\"twitter:label1\" content=\"Est. tempo de leitura\" \/>\n\t<meta name=\"twitter:data1\" content=\"1 minuto\" \/>\n<script type=\"application\/ld+json\" class=\"yoast-schema-graph\">{\"@context\":\"https:\\\/\\\/schema.org\",\"@graph\":[{\"@type\":\"WebPage\",\"@id\":\"https:\\\/\\\/brain-trainer.com\\\/pt-br\\\/o-cerebro-energetico\\\/\",\"url\":\"https:\\\/\\\/brain-trainer.com\\\/pt-br\\\/o-cerebro-energetico\\\/\",\"name\":\"O c\u00e9rebro energ\u00e9tico - brain-trainer.com\",\"isPartOf\":{\"@id\":\"https:\\\/\\\/brain-trainer.com\\\/pt-br\\\/#website\"},\"primaryImageOfPage\":{\"@id\":\"https:\\\/\\\/brain-trainer.com\\\/pt-br\\\/o-cerebro-energetico\\\/#primaryimage\"},\"image\":{\"@id\":\"https:\\\/\\\/brain-trainer.com\\\/pt-br\\\/o-cerebro-energetico\\\/#primaryimage\"},\"thumbnailUrl\":\"https:\\\/\\\/brain-trainer.com\\\/wp-content\\\/uploads\\\/2014\\\/12\\\/neuron.jpg\",\"datePublished\":\"2024-11-08T01:38:54+00:00\",\"breadcrumb\":{\"@id\":\"https:\\\/\\\/brain-trainer.com\\\/pt-br\\\/o-cerebro-energetico\\\/#breadcrumb\"},\"inLanguage\":\"pt-BR\",\"potentialAction\":[{\"@type\":\"ReadAction\",\"target\":[\"https:\\\/\\\/brain-trainer.com\\\/pt-br\\\/o-cerebro-energetico\\\/\"]}]},{\"@type\":\"ImageObject\",\"inLanguage\":\"pt-BR\",\"@id\":\"https:\\\/\\\/brain-trainer.com\\\/pt-br\\\/o-cerebro-energetico\\\/#primaryimage\",\"url\":\"https:\\\/\\\/brain-trainer.com\\\/wp-content\\\/uploads\\\/2014\\\/12\\\/neuron.jpg\",\"contentUrl\":\"https:\\\/\\\/brain-trainer.com\\\/wp-content\\\/uploads\\\/2014\\\/12\\\/neuron.jpg\"},{\"@type\":\"BreadcrumbList\",\"@id\":\"https:\\\/\\\/brain-trainer.com\\\/pt-br\\\/o-cerebro-energetico\\\/#breadcrumb\",\"itemListElement\":[{\"@type\":\"ListItem\",\"position\":1,\"name\":\"Home\",\"item\":\"https:\\\/\\\/brain-trainer.com\\\/pt-br\\\/\"},{\"@type\":\"ListItem\",\"position\":2,\"name\":\"O c\u00e9rebro energ\u00e9tico\"}]},{\"@type\":\"WebSite\",\"@id\":\"https:\\\/\\\/brain-trainer.com\\\/pt-br\\\/#website\",\"url\":\"https:\\\/\\\/brain-trainer.com\\\/pt-br\\\/\",\"name\":\"brain-trainer.com\",\"description\":\"By Trainers, For Trainers\",\"publisher\":{\"@id\":\"https:\\\/\\\/brain-trainer.com\\\/pt-br\\\/#organization\"},\"potentialAction\":[{\"@type\":\"SearchAction\",\"target\":{\"@type\":\"EntryPoint\",\"urlTemplate\":\"https:\\\/\\\/brain-trainer.com\\\/pt-br\\\/?s={search_term_string}\"},\"query-input\":{\"@type\":\"PropertyValueSpecification\",\"valueRequired\":true,\"valueName\":\"search_term_string\"}}],\"inLanguage\":\"pt-BR\"},{\"@type\":\"Organization\",\"@id\":\"https:\\\/\\\/brain-trainer.com\\\/pt-br\\\/#organization\",\"name\":\"Brain-Trainer International\",\"url\":\"https:\\\/\\\/brain-trainer.com\\\/pt-br\\\/\",\"logo\":{\"@type\":\"ImageObject\",\"inLanguage\":\"pt-BR\",\"@id\":\"https:\\\/\\\/brain-trainer.com\\\/pt-br\\\/#\\\/schema\\\/logo\\\/image\\\/\",\"url\":\"https:\\\/\\\/brain-trainer.com\\\/wp-content\\\/uploads\\\/2015\\\/07\\\/brain-trainer.com-logo.jpg\",\"contentUrl\":\"https:\\\/\\\/brain-trainer.com\\\/wp-content\\\/uploads\\\/2015\\\/07\\\/brain-trainer.com-logo.jpg\",\"width\":384,\"height\":124,\"caption\":\"Brain-Trainer International\"},\"image\":{\"@id\":\"https:\\\/\\\/brain-trainer.com\\\/pt-br\\\/#\\\/schema\\\/logo\\\/image\\\/\"},\"sameAs\":[\"https:\\\/\\\/www.facebook.com\\\/BraintrainerU\\\/\",\"https:\\\/\\\/x.com\\\/BraintrainerU\",\"https:\\\/\\\/www.instagram.com\\\/braintraineru\"]}]}<\/script>\n<!-- \/ Yoast SEO plugin. -->","yoast_head_json":{"title":"O c\u00e9rebro energ\u00e9tico - brain-trainer.com","robots":{"index":"index","follow":"follow","max-snippet":"max-snippet:-1","max-image-preview":"max-image-preview:large","max-video-preview":"max-video-preview:-1"},"canonical":"https:\/\/brain-trainer.com\/pt-br\/o-cerebro-energetico\/","og_locale":"pt_BR","og_type":"article","og_title":"O c\u00e9rebro energ\u00e9tico - brain-trainer.com","og_description":"O c\u00e9rebro produz bilh\u00f5es de min\u00fasculos pulsos eletroqu\u00edmicos cada segundo que formam trilh\u00f5es de redes, criando assim o mais adapt\u00e1vel e poderoso sistema de energia do universo. Atualmente \u00e9 poss\u00edvel medir quanta energia est\u00e1 sendo produzida, onde e quando \u00e9 produzida, de que forma as \u00e1reas do cerebro podem trabalhar independente e qual a efic\u00e1cia, [&hellip;]","og_url":"https:\/\/brain-trainer.com\/pt-br\/o-cerebro-energetico\/","og_site_name":"brain-trainer.com","article_publisher":"https:\/\/www.facebook.com\/BraintrainerU\/","og_image":[{"url":"https:\/\/brain-trainer.com\/wp-content\/uploads\/2014\/12\/neuron.jpg","type":"","width":"","height":""}],"twitter_misc":{"Est. tempo de leitura":"1 minuto"},"schema":{"@context":"https:\/\/schema.org","@graph":[{"@type":"WebPage","@id":"https:\/\/brain-trainer.com\/pt-br\/o-cerebro-energetico\/","url":"https:\/\/brain-trainer.com\/pt-br\/o-cerebro-energetico\/","name":"O c\u00e9rebro energ\u00e9tico - brain-trainer.com","isPartOf":{"@id":"https:\/\/brain-trainer.com\/pt-br\/#website"},"primaryImageOfPage":{"@id":"https:\/\/brain-trainer.com\/pt-br\/o-cerebro-energetico\/#primaryimage"},"image":{"@id":"https:\/\/brain-trainer.com\/pt-br\/o-cerebro-energetico\/#primaryimage"},"thumbnailUrl":"https:\/\/brain-trainer.com\/wp-content\/uploads\/2014\/12\/neuron.jpg","datePublished":"2024-11-08T01:38:54+00:00","breadcrumb":{"@id":"https:\/\/brain-trainer.com\/pt-br\/o-cerebro-energetico\/#breadcrumb"},"inLanguage":"pt-BR","potentialAction":[{"@type":"ReadAction","target":["https:\/\/brain-trainer.com\/pt-br\/o-cerebro-energetico\/"]}]},{"@type":"ImageObject","inLanguage":"pt-BR","@id":"https:\/\/brain-trainer.com\/pt-br\/o-cerebro-energetico\/#primaryimage","url":"https:\/\/brain-trainer.com\/wp-content\/uploads\/2014\/12\/neuron.jpg","contentUrl":"https:\/\/brain-trainer.com\/wp-content\/uploads\/2014\/12\/neuron.jpg"},{"@type":"BreadcrumbList","@id":"https:\/\/brain-trainer.com\/pt-br\/o-cerebro-energetico\/#breadcrumb","itemListElement":[{"@type":"ListItem","position":1,"name":"Home","item":"https:\/\/brain-trainer.com\/pt-br\/"},{"@type":"ListItem","position":2,"name":"O c\u00e9rebro energ\u00e9tico"}]},{"@type":"WebSite","@id":"https:\/\/brain-trainer.com\/pt-br\/#website","url":"https:\/\/brain-trainer.com\/pt-br\/","name":"brain-trainer.com","description":"By Trainers, For Trainers","publisher":{"@id":"https:\/\/brain-trainer.com\/pt-br\/#organization"},"potentialAction":[{"@type":"SearchAction","target":{"@type":"EntryPoint","urlTemplate":"https:\/\/brain-trainer.com\/pt-br\/?s={search_term_string}"},"query-input":{"@type":"PropertyValueSpecification","valueRequired":true,"valueName":"search_term_string"}}],"inLanguage":"pt-BR"},{"@type":"Organization","@id":"https:\/\/brain-trainer.com\/pt-br\/#organization","name":"Brain-Trainer International","url":"https:\/\/brain-trainer.com\/pt-br\/","logo":{"@type":"ImageObject","inLanguage":"pt-BR","@id":"https:\/\/brain-trainer.com\/pt-br\/#\/schema\/logo\/image\/","url":"https:\/\/brain-trainer.com\/wp-content\/uploads\/2015\/07\/brain-trainer.com-logo.jpg","contentUrl":"https:\/\/brain-trainer.com\/wp-content\/uploads\/2015\/07\/brain-trainer.com-logo.jpg","width":384,"height":124,"caption":"Brain-Trainer International"},"image":{"@id":"https:\/\/brain-trainer.com\/pt-br\/#\/schema\/logo\/image\/"},"sameAs":["https:\/\/www.facebook.com\/BraintrainerU\/","https:\/\/x.com\/BraintrainerU","https:\/\/www.instagram.com\/braintraineru"]}]}},"_links":{"self":[{"href":"https:\/\/brain-trainer.com\/pt-br\/wp-json\/wp\/v2\/pages\/11133","targetHints":{"allow":["GET"]}}],"collection":[{"href":"https:\/\/brain-trainer.com\/pt-br\/wp-json\/wp\/v2\/pages"}],"about":[{"href":"https:\/\/brain-trainer.com\/pt-br\/wp-json\/wp\/v2\/types\/page"}],"author":[{"embeddable":true,"href":"https:\/\/brain-trainer.com\/pt-br\/wp-json\/wp\/v2\/users\/112"}],"replies":[{"embeddable":true,"href":"https:\/\/brain-trainer.com\/pt-br\/wp-json\/wp\/v2\/comments?post=11133"}],"version-history":[{"count":4,"href":"https:\/\/brain-trainer.com\/pt-br\/wp-json\/wp\/v2\/pages\/11133\/revisions"}],"predecessor-version":[{"id":11705,"href":"https:\/\/brain-trainer.com\/pt-br\/wp-json\/wp\/v2\/pages\/11133\/revisions\/11705"}],"wp:attachment":[{"href":"https:\/\/brain-trainer.com\/pt-br\/wp-json\/wp\/v2\/media?parent=11133"}],"curies":[{"name":"wp","href":"https:\/\/api.w.org\/{rel}","templated":true}]}}