{"id":11135,"date":"2024-11-07T20:38:54","date_gmt":"2024-11-08T01:38:54","guid":{"rendered":"https:\/\/brain-trainer.com\/?page_id=11135"},"modified":"2024-11-07T20:38:54","modified_gmt":"2024-11-08T01:38:54","slug":"normas-e-diagnosticos","status":"publish","type":"page","link":"https:\/\/brain-trainer.com\/pt-br\/normas-e-diagnosticos\/","title":{"rendered":"Normas e diagn\u00f3sticos"},"content":{"rendered":"<p>A psicologia e psiquiatria ocidental concentraram-se no conceito de \u201cnormal\u201d \u2014 o que significa essencialmente \u201cestar na m\u00e9dia\u201d. Este \u00e9 um conceito \u00fatil no trabalho com muitos \u00f3rg\u00e3os do corpo, mas devido \u00e0 extrema individualidade dos padr\u00f5es de funcionamento energ\u00e9tico do c\u00e9rebro humano, \u00e9 dif\u00edcil dizer exatamente o que \u00e9 normal. Um poeta e um contador tem os mesmos padr\u00f5es de funcionamento cerebral? N\u00e3o \u00e9 prov\u00e1vel. Seus pontos fortes e fracos podem ser opostos. Qual \u00e9 o normal? Mais importante, quantos de n\u00f3s querem ser \u201cnormal\u201d em tudo?<\/p>\n<p>Esta abordagem de \u201cpatologia\u201d para descrever o c\u00e9rebro resultou em alguns resultados indesej\u00e1veis. Como o n\u00famero de diagn\u00f3sticos psiqui\u00e1tricos quase triplicou, passando de 106 em 1952 para 297 em 1994, at\u00e9 mesmo os psiquiatras envolvidos no desenvolvimento do manual de diagn\u00f3stico admitem que levou para a \u201cmedicaliza\u00e7\u00e3o de 20-30 por cento da popula\u00e7\u00e3o que pode n\u00e3o ter tido quaisquer problemas mentais\u201d. O Instituto Nacional de Sa\u00fade Mental dos Estados Unidos tem argumentado que o sistema de diagn\u00f3sticos \u00e9 anticient\u00edfico e subjetivo, baseando-se em sintomas superficiais e artificiais linhas divis\u00f3rias entre dist\u00farbios e \u201cnormalidade\u201d.<\/p>\n<p><img loading=\"lazy\" decoding=\"async\" class=\"alignnone\" style=\"float: right; padding: 1em;\" src=\"https:\/\/brain-trainer.com\/wp-content\/uploads\/2013\/05\/train-your-brain.png\" alt=\"Norms diagnoses Train your brain\" width=\"300\" height=\"394\" \/>\u00c9 improv\u00e1vel que algu\u00e9m que \u00e9 fisicamente fora de forma receba um diagn\u00f3stico m\u00e9dico. Mas um c\u00e9rebro incapaz de sustentar n\u00edveis mais elevados de energia provavelmente vai ser diagnosticado com \u201ctranstorno de d\u00e9ficit de aten\u00e7\u00e3o\u201d. Como a maioria dos diagn\u00f3sticos de sa\u00fade mental em uso hoje, este \u00e9 simplesmente uma descri\u00e7\u00e3o dos sintomas. O resultado desta \u201cmedicaliza\u00e7\u00e3o\u201d \u00e9 pior do que apenas uma por\u00e7\u00e3o de crian\u00e7as e adultos com diagn\u00f3sticos mentais. Uso de medicamentos antidepressivos quadruplicou em apenas 20 anos. Eles s\u00e3o agora o medicamento mais comumente usado entre os americanos de 18 a 44 anos de idade. Em 2003, havia 400 americanos diagnosticados com transtorno bipolar para cada um em 1994 \u2014 um aumento de 4.000% em 9 anos. 20% das crian\u00e7as americanas tem agora diagnostico de algum transtorno psiqui\u00e1trico e est\u00e1 tomando medicamentos psicoativos.<\/p>\n<p>Um n\u00famero crescente de profissionais de sa\u00fade mental t\u00eam reconhecido que os pensamentos, sentimentos, a\u00e7\u00f5es e comportamentos est\u00e3o relacionados com padr\u00f5es do c\u00e9rebro. N\u00e3o precisamos do diagn\u00f3stico. Podemos simplesmente olhar para os sintomas, identificar os padr\u00f5es cerebrais e come\u00e7ar a mud\u00e1-los.<\/p>\n<p><a style=\"padding-right: 1em;\" href=\"https:\/\/brain-trainer.com\/pt-br\/o-cerebro-energetico\/\">Previa<\/a> <a href=\"\/\">Home Page<\/a> <a style=\"padding-left: 1em;\" href=\"https:\/\/brain-trainer.com\/pt-br\/mudar-seu-proprio-cerebro\/\">Proxima<\/a><\/p>\n","protected":false},"excerpt":{"rendered":"<p>A psicologia e psiquiatria ocidental concentraram-se no conceito de \u201cnormal\u201d \u2014 o que significa essencialmente \u201cestar na m\u00e9dia\u201d. Este \u00e9 um conceito \u00fatil no trabalho com muitos \u00f3rg\u00e3os do corpo, mas devido \u00e0 extrema individualidade dos padr\u00f5es de funcionamento energ\u00e9tico do c\u00e9rebro humano, \u00e9 dif\u00edcil dizer exatamente o que \u00e9 normal. Um poeta e um [&hellip;]<\/p>\n","protected":false},"author":112,"featured_media":0,"parent":0,"menu_order":0,"comment_status":"closed","ping_status":"open","template":"","meta":{"_acf_changed":false,"footnotes":""},"class_list":["post-11135","page","type-page","status-publish","hentry"],"acf":[],"yoast_head":"<!-- This site is optimized with the Yoast SEO plugin v27.3 - https:\/\/yoast.com\/product\/yoast-seo-wordpress\/ -->\n<title>Normas e diagn\u00f3sticos - brain-trainer.com<\/title>\n<meta name=\"robots\" content=\"index, follow, max-snippet:-1, max-image-preview:large, max-video-preview:-1\" \/>\n<link rel=\"canonical\" href=\"https:\/\/brain-trainer.com\/pt-br\/normas-e-diagnosticos\/\" \/>\n<meta property=\"og:locale\" content=\"pt_BR\" \/>\n<meta property=\"og:type\" content=\"article\" \/>\n<meta property=\"og:title\" content=\"Normas e diagn\u00f3sticos - brain-trainer.com\" \/>\n<meta property=\"og:description\" content=\"A psicologia e psiquiatria ocidental concentraram-se no conceito de \u201cnormal\u201d \u2014 o que significa essencialmente \u201cestar na m\u00e9dia\u201d. Este \u00e9 um conceito \u00fatil no trabalho com muitos \u00f3rg\u00e3os do corpo, mas devido \u00e0 extrema individualidade dos padr\u00f5es de funcionamento energ\u00e9tico do c\u00e9rebro humano, \u00e9 dif\u00edcil dizer exatamente o que \u00e9 normal. Um poeta e um [&hellip;]\" \/>\n<meta property=\"og:url\" content=\"https:\/\/brain-trainer.com\/pt-br\/normas-e-diagnosticos\/\" \/>\n<meta property=\"og:site_name\" content=\"brain-trainer.com\" \/>\n<meta property=\"article:publisher\" content=\"https:\/\/www.facebook.com\/BraintrainerU\/\" \/>\n<meta property=\"og:image\" content=\"https:\/\/brain-trainer.com\/wp-content\/uploads\/2013\/05\/train-your-brain.png\" \/>\n<meta name=\"twitter:label1\" content=\"Est. tempo de leitura\" \/>\n\t<meta name=\"twitter:data1\" content=\"2 minutos\" \/>\n<script type=\"application\/ld+json\" class=\"yoast-schema-graph\">{\"@context\":\"https:\\\/\\\/schema.org\",\"@graph\":[{\"@type\":\"WebPage\",\"@id\":\"https:\\\/\\\/brain-trainer.com\\\/pt-br\\\/normas-e-diagnosticos\\\/\",\"url\":\"https:\\\/\\\/brain-trainer.com\\\/pt-br\\\/normas-e-diagnosticos\\\/\",\"name\":\"Normas e diagn\u00f3sticos - brain-trainer.com\",\"isPartOf\":{\"@id\":\"https:\\\/\\\/brain-trainer.com\\\/pt-br\\\/#website\"},\"primaryImageOfPage\":{\"@id\":\"https:\\\/\\\/brain-trainer.com\\\/pt-br\\\/normas-e-diagnosticos\\\/#primaryimage\"},\"image\":{\"@id\":\"https:\\\/\\\/brain-trainer.com\\\/pt-br\\\/normas-e-diagnosticos\\\/#primaryimage\"},\"thumbnailUrl\":\"https:\\\/\\\/brain-trainer.com\\\/wp-content\\\/uploads\\\/2013\\\/05\\\/train-your-brain.png\",\"datePublished\":\"2024-11-08T01:38:54+00:00\",\"breadcrumb\":{\"@id\":\"https:\\\/\\\/brain-trainer.com\\\/pt-br\\\/normas-e-diagnosticos\\\/#breadcrumb\"},\"inLanguage\":\"pt-BR\",\"potentialAction\":[{\"@type\":\"ReadAction\",\"target\":[\"https:\\\/\\\/brain-trainer.com\\\/pt-br\\\/normas-e-diagnosticos\\\/\"]}]},{\"@type\":\"ImageObject\",\"inLanguage\":\"pt-BR\",\"@id\":\"https:\\\/\\\/brain-trainer.com\\\/pt-br\\\/normas-e-diagnosticos\\\/#primaryimage\",\"url\":\"https:\\\/\\\/brain-trainer.com\\\/wp-content\\\/uploads\\\/2013\\\/05\\\/train-your-brain.png\",\"contentUrl\":\"https:\\\/\\\/brain-trainer.com\\\/wp-content\\\/uploads\\\/2013\\\/05\\\/train-your-brain.png\"},{\"@type\":\"BreadcrumbList\",\"@id\":\"https:\\\/\\\/brain-trainer.com\\\/pt-br\\\/normas-e-diagnosticos\\\/#breadcrumb\",\"itemListElement\":[{\"@type\":\"ListItem\",\"position\":1,\"name\":\"Home\",\"item\":\"https:\\\/\\\/brain-trainer.com\\\/pt-br\\\/\"},{\"@type\":\"ListItem\",\"position\":2,\"name\":\"Normas e diagn\u00f3sticos\"}]},{\"@type\":\"WebSite\",\"@id\":\"https:\\\/\\\/brain-trainer.com\\\/pt-br\\\/#website\",\"url\":\"https:\\\/\\\/brain-trainer.com\\\/pt-br\\\/\",\"name\":\"brain-trainer.com\",\"description\":\"By Trainers, For Trainers\",\"publisher\":{\"@id\":\"https:\\\/\\\/brain-trainer.com\\\/pt-br\\\/#organization\"},\"potentialAction\":[{\"@type\":\"SearchAction\",\"target\":{\"@type\":\"EntryPoint\",\"urlTemplate\":\"https:\\\/\\\/brain-trainer.com\\\/pt-br\\\/?s={search_term_string}\"},\"query-input\":{\"@type\":\"PropertyValueSpecification\",\"valueRequired\":true,\"valueName\":\"search_term_string\"}}],\"inLanguage\":\"pt-BR\"},{\"@type\":\"Organization\",\"@id\":\"https:\\\/\\\/brain-trainer.com\\\/pt-br\\\/#organization\",\"name\":\"Brain-Trainer International\",\"url\":\"https:\\\/\\\/brain-trainer.com\\\/pt-br\\\/\",\"logo\":{\"@type\":\"ImageObject\",\"inLanguage\":\"pt-BR\",\"@id\":\"https:\\\/\\\/brain-trainer.com\\\/pt-br\\\/#\\\/schema\\\/logo\\\/image\\\/\",\"url\":\"https:\\\/\\\/brain-trainer.com\\\/wp-content\\\/uploads\\\/2015\\\/07\\\/brain-trainer.com-logo.jpg\",\"contentUrl\":\"https:\\\/\\\/brain-trainer.com\\\/wp-content\\\/uploads\\\/2015\\\/07\\\/brain-trainer.com-logo.jpg\",\"width\":384,\"height\":124,\"caption\":\"Brain-Trainer International\"},\"image\":{\"@id\":\"https:\\\/\\\/brain-trainer.com\\\/pt-br\\\/#\\\/schema\\\/logo\\\/image\\\/\"},\"sameAs\":[\"https:\\\/\\\/www.facebook.com\\\/BraintrainerU\\\/\",\"https:\\\/\\\/x.com\\\/BraintrainerU\",\"https:\\\/\\\/www.instagram.com\\\/braintraineru\"]}]}<\/script>\n<!-- \/ Yoast SEO plugin. -->","yoast_head_json":{"title":"Normas e diagn\u00f3sticos - brain-trainer.com","robots":{"index":"index","follow":"follow","max-snippet":"max-snippet:-1","max-image-preview":"max-image-preview:large","max-video-preview":"max-video-preview:-1"},"canonical":"https:\/\/brain-trainer.com\/pt-br\/normas-e-diagnosticos\/","og_locale":"pt_BR","og_type":"article","og_title":"Normas e diagn\u00f3sticos - brain-trainer.com","og_description":"A psicologia e psiquiatria ocidental concentraram-se no conceito de \u201cnormal\u201d \u2014 o que significa essencialmente \u201cestar na m\u00e9dia\u201d. Este \u00e9 um conceito \u00fatil no trabalho com muitos \u00f3rg\u00e3os do corpo, mas devido \u00e0 extrema individualidade dos padr\u00f5es de funcionamento energ\u00e9tico do c\u00e9rebro humano, \u00e9 dif\u00edcil dizer exatamente o que \u00e9 normal. Um poeta e um [&hellip;]","og_url":"https:\/\/brain-trainer.com\/pt-br\/normas-e-diagnosticos\/","og_site_name":"brain-trainer.com","article_publisher":"https:\/\/www.facebook.com\/BraintrainerU\/","og_image":[{"url":"https:\/\/brain-trainer.com\/wp-content\/uploads\/2013\/05\/train-your-brain.png","type":"","width":"","height":""}],"twitter_misc":{"Est. tempo de leitura":"2 minutos"},"schema":{"@context":"https:\/\/schema.org","@graph":[{"@type":"WebPage","@id":"https:\/\/brain-trainer.com\/pt-br\/normas-e-diagnosticos\/","url":"https:\/\/brain-trainer.com\/pt-br\/normas-e-diagnosticos\/","name":"Normas e diagn\u00f3sticos - brain-trainer.com","isPartOf":{"@id":"https:\/\/brain-trainer.com\/pt-br\/#website"},"primaryImageOfPage":{"@id":"https:\/\/brain-trainer.com\/pt-br\/normas-e-diagnosticos\/#primaryimage"},"image":{"@id":"https:\/\/brain-trainer.com\/pt-br\/normas-e-diagnosticos\/#primaryimage"},"thumbnailUrl":"https:\/\/brain-trainer.com\/wp-content\/uploads\/2013\/05\/train-your-brain.png","datePublished":"2024-11-08T01:38:54+00:00","breadcrumb":{"@id":"https:\/\/brain-trainer.com\/pt-br\/normas-e-diagnosticos\/#breadcrumb"},"inLanguage":"pt-BR","potentialAction":[{"@type":"ReadAction","target":["https:\/\/brain-trainer.com\/pt-br\/normas-e-diagnosticos\/"]}]},{"@type":"ImageObject","inLanguage":"pt-BR","@id":"https:\/\/brain-trainer.com\/pt-br\/normas-e-diagnosticos\/#primaryimage","url":"https:\/\/brain-trainer.com\/wp-content\/uploads\/2013\/05\/train-your-brain.png","contentUrl":"https:\/\/brain-trainer.com\/wp-content\/uploads\/2013\/05\/train-your-brain.png"},{"@type":"BreadcrumbList","@id":"https:\/\/brain-trainer.com\/pt-br\/normas-e-diagnosticos\/#breadcrumb","itemListElement":[{"@type":"ListItem","position":1,"name":"Home","item":"https:\/\/brain-trainer.com\/pt-br\/"},{"@type":"ListItem","position":2,"name":"Normas e diagn\u00f3sticos"}]},{"@type":"WebSite","@id":"https:\/\/brain-trainer.com\/pt-br\/#website","url":"https:\/\/brain-trainer.com\/pt-br\/","name":"brain-trainer.com","description":"By Trainers, For Trainers","publisher":{"@id":"https:\/\/brain-trainer.com\/pt-br\/#organization"},"potentialAction":[{"@type":"SearchAction","target":{"@type":"EntryPoint","urlTemplate":"https:\/\/brain-trainer.com\/pt-br\/?s={search_term_string}"},"query-input":{"@type":"PropertyValueSpecification","valueRequired":true,"valueName":"search_term_string"}}],"inLanguage":"pt-BR"},{"@type":"Organization","@id":"https:\/\/brain-trainer.com\/pt-br\/#organization","name":"Brain-Trainer International","url":"https:\/\/brain-trainer.com\/pt-br\/","logo":{"@type":"ImageObject","inLanguage":"pt-BR","@id":"https:\/\/brain-trainer.com\/pt-br\/#\/schema\/logo\/image\/","url":"https:\/\/brain-trainer.com\/wp-content\/uploads\/2015\/07\/brain-trainer.com-logo.jpg","contentUrl":"https:\/\/brain-trainer.com\/wp-content\/uploads\/2015\/07\/brain-trainer.com-logo.jpg","width":384,"height":124,"caption":"Brain-Trainer International"},"image":{"@id":"https:\/\/brain-trainer.com\/pt-br\/#\/schema\/logo\/image\/"},"sameAs":["https:\/\/www.facebook.com\/BraintrainerU\/","https:\/\/x.com\/BraintrainerU","https:\/\/www.instagram.com\/braintraineru"]}]}},"_links":{"self":[{"href":"https:\/\/brain-trainer.com\/pt-br\/wp-json\/wp\/v2\/pages\/11135","targetHints":{"allow":["GET"]}}],"collection":[{"href":"https:\/\/brain-trainer.com\/pt-br\/wp-json\/wp\/v2\/pages"}],"about":[{"href":"https:\/\/brain-trainer.com\/pt-br\/wp-json\/wp\/v2\/types\/page"}],"author":[{"embeddable":true,"href":"https:\/\/brain-trainer.com\/pt-br\/wp-json\/wp\/v2\/users\/112"}],"replies":[{"embeddable":true,"href":"https:\/\/brain-trainer.com\/pt-br\/wp-json\/wp\/v2\/comments?post=11135"}],"version-history":[{"count":3,"href":"https:\/\/brain-trainer.com\/pt-br\/wp-json\/wp\/v2\/pages\/11135\/revisions"}],"predecessor-version":[{"id":40074,"href":"https:\/\/brain-trainer.com\/pt-br\/wp-json\/wp\/v2\/pages\/11135\/revisions\/40074"}],"wp:attachment":[{"href":"https:\/\/brain-trainer.com\/pt-br\/wp-json\/wp\/v2\/media?parent=11135"}],"curies":[{"name":"wp","href":"https:\/\/api.w.org\/{rel}","templated":true}]}}