{"id":11141,"date":"2024-11-07T20:38:53","date_gmt":"2024-11-08T01:38:53","guid":{"rendered":"https:\/\/brain-trainer.com\/?page_id=11141"},"modified":"2024-11-07T20:38:53","modified_gmt":"2024-11-08T01:38:53","slug":"mudar-seu-proprio-cerebro","status":"publish","type":"page","link":"https:\/\/brain-trainer.com\/pt-br\/mudar-seu-proprio-cerebro\/","title":{"rendered":"Mudar seu pr\u00f3prio c\u00e9rebro"},"content":{"rendered":"<p><img loading=\"lazy\" decoding=\"async\" class=\"alignnone\" style=\"float: right; padding: 1em;\" src=\"https:\/\/brain-trainer.com\/wp-content\/uploads\/2013\/06\/heg-systems.jpg\" alt=\"Change your own brain\" width=\"300\" height=\"222\" \/>Para mudar o seu padr\u00e3o de funcionamento cerebral voc\u00ea ir\u00e1 contar com um treinador profissional, voc\u00ea far\u00e1 os exerc\u00edcios e ver\u00e1 as mudan\u00e7as em si mesmo.<\/p>\n<p>A maioria dos diagn\u00f3sticos de sa\u00fade mental n\u00e3o tem cura. A psicoterapia ensina os clientes a lidarem com seus problemas. Abordagens medicamentosas n\u00e3o pretendem produzir mudan\u00e7as duradouras: &#8220;voc\u00ea pode gerenciar o problema com medicamentos, mas voc\u00ea n\u00e3o pode corrigi-lo&#8221;.<\/p>\n<p>O treinamento do c\u00e9rebro oferece o poder de mudar a si mesmo. Voc\u00ea tem o poder n\u00e3o s\u00f3 de mudar aquilo que originalmente fez voc\u00ea procurar ajuda, mas muitos outros aspectos, relacionado com a maneira como voc\u00ea pensa, sente e se comporta.<\/p>\n<p>Como qualquer outra fun\u00e7\u00e3o do corpo, voc\u00ea pode mudar seu c\u00e9rebro para torna-lo mais eficaz. Treinar o c\u00e9rebro est\u00e1 cada vez mais vi\u00e1vel, o que voc\u00ea precisa \u00e9 de motiva\u00e7\u00e3o e a organiza\u00e7\u00e3o para que isso aconte\u00e7a.<\/p>\n<p><a style=\"padding-right: 1em;\" href=\"https:\/\/brain-trainer.com\/pt-br\/normas-e-diagnosticos\/\">Previa<\/a> <a href=\"\/\">Home Page<\/a> <a style=\"padding-left: 1em;\" href=\"https:\/\/brain-trainer.com\/pt-br\/o-que-voce-pode-mudar-com-o-treinamento\/\">Proxima<\/a><\/p>\n","protected":false},"excerpt":{"rendered":"<p>Para mudar o seu padr\u00e3o de funcionamento cerebral voc\u00ea ir\u00e1 contar com um treinador profissional, voc\u00ea far\u00e1 os exerc\u00edcios e ver\u00e1 as mudan\u00e7as em si mesmo. A maioria dos diagn\u00f3sticos de sa\u00fade mental n\u00e3o tem cura. A psicoterapia ensina os clientes a lidarem com seus problemas. Abordagens medicamentosas n\u00e3o pretendem produzir mudan\u00e7as duradouras: &#8220;voc\u00ea pode [&hellip;]<\/p>\n","protected":false},"author":112,"featured_media":0,"parent":0,"menu_order":0,"comment_status":"closed","ping_status":"open","template":"","meta":{"_acf_changed":false,"footnotes":""},"class_list":["post-11141","page","type-page","status-publish","hentry"],"acf":[],"yoast_head":"<!-- This site is optimized with the Yoast SEO plugin v27.3 - https:\/\/yoast.com\/product\/yoast-seo-wordpress\/ -->\n<title>Mudar seu pr\u00f3prio c\u00e9rebro - brain-trainer.com<\/title>\n<meta name=\"robots\" content=\"index, follow, max-snippet:-1, max-image-preview:large, max-video-preview:-1\" \/>\n<link rel=\"canonical\" href=\"https:\/\/brain-trainer.com\/pt-br\/mudar-seu-proprio-cerebro\/\" \/>\n<meta property=\"og:locale\" content=\"pt_BR\" \/>\n<meta property=\"og:type\" content=\"article\" \/>\n<meta property=\"og:title\" content=\"Mudar seu pr\u00f3prio c\u00e9rebro - brain-trainer.com\" \/>\n<meta property=\"og:description\" content=\"Para mudar o seu padr\u00e3o de funcionamento cerebral voc\u00ea ir\u00e1 contar com um treinador profissional, voc\u00ea far\u00e1 os exerc\u00edcios e ver\u00e1 as mudan\u00e7as em si mesmo. A maioria dos diagn\u00f3sticos de sa\u00fade mental n\u00e3o tem cura. A psicoterapia ensina os clientes a lidarem com seus problemas. Abordagens medicamentosas n\u00e3o pretendem produzir mudan\u00e7as duradouras: &#8220;voc\u00ea pode [&hellip;]\" \/>\n<meta property=\"og:url\" content=\"https:\/\/brain-trainer.com\/pt-br\/mudar-seu-proprio-cerebro\/\" \/>\n<meta property=\"og:site_name\" content=\"brain-trainer.com\" \/>\n<meta property=\"article:publisher\" content=\"https:\/\/www.facebook.com\/BraintrainerU\/\" \/>\n<meta property=\"og:image\" content=\"https:\/\/brain-trainer.com\/wp-content\/uploads\/2013\/06\/heg-systems.jpg\" \/>\n<meta name=\"twitter:label1\" content=\"Est. tempo de leitura\" \/>\n\t<meta name=\"twitter:data1\" content=\"1 minuto\" \/>\n<script type=\"application\/ld+json\" class=\"yoast-schema-graph\">{\"@context\":\"https:\\\/\\\/schema.org\",\"@graph\":[{\"@type\":\"WebPage\",\"@id\":\"https:\\\/\\\/brain-trainer.com\\\/pt-br\\\/mudar-seu-proprio-cerebro\\\/\",\"url\":\"https:\\\/\\\/brain-trainer.com\\\/pt-br\\\/mudar-seu-proprio-cerebro\\\/\",\"name\":\"Mudar seu pr\u00f3prio c\u00e9rebro - brain-trainer.com\",\"isPartOf\":{\"@id\":\"https:\\\/\\\/brain-trainer.com\\\/pt-br\\\/#website\"},\"primaryImageOfPage\":{\"@id\":\"https:\\\/\\\/brain-trainer.com\\\/pt-br\\\/mudar-seu-proprio-cerebro\\\/#primaryimage\"},\"image\":{\"@id\":\"https:\\\/\\\/brain-trainer.com\\\/pt-br\\\/mudar-seu-proprio-cerebro\\\/#primaryimage\"},\"thumbnailUrl\":\"https:\\\/\\\/brain-trainer.com\\\/wp-content\\\/uploads\\\/2013\\\/06\\\/heg-systems.jpg\",\"datePublished\":\"2024-11-08T01:38:53+00:00\",\"breadcrumb\":{\"@id\":\"https:\\\/\\\/brain-trainer.com\\\/pt-br\\\/mudar-seu-proprio-cerebro\\\/#breadcrumb\"},\"inLanguage\":\"pt-BR\",\"potentialAction\":[{\"@type\":\"ReadAction\",\"target\":[\"https:\\\/\\\/brain-trainer.com\\\/pt-br\\\/mudar-seu-proprio-cerebro\\\/\"]}]},{\"@type\":\"ImageObject\",\"inLanguage\":\"pt-BR\",\"@id\":\"https:\\\/\\\/brain-trainer.com\\\/pt-br\\\/mudar-seu-proprio-cerebro\\\/#primaryimage\",\"url\":\"https:\\\/\\\/brain-trainer.com\\\/wp-content\\\/uploads\\\/2013\\\/06\\\/heg-systems.jpg\",\"contentUrl\":\"https:\\\/\\\/brain-trainer.com\\\/wp-content\\\/uploads\\\/2013\\\/06\\\/heg-systems.jpg\"},{\"@type\":\"BreadcrumbList\",\"@id\":\"https:\\\/\\\/brain-trainer.com\\\/pt-br\\\/mudar-seu-proprio-cerebro\\\/#breadcrumb\",\"itemListElement\":[{\"@type\":\"ListItem\",\"position\":1,\"name\":\"Home\",\"item\":\"https:\\\/\\\/brain-trainer.com\\\/pt-br\\\/\"},{\"@type\":\"ListItem\",\"position\":2,\"name\":\"Mudar seu pr\u00f3prio c\u00e9rebro\"}]},{\"@type\":\"WebSite\",\"@id\":\"https:\\\/\\\/brain-trainer.com\\\/pt-br\\\/#website\",\"url\":\"https:\\\/\\\/brain-trainer.com\\\/pt-br\\\/\",\"name\":\"brain-trainer.com\",\"description\":\"By Trainers, For Trainers\",\"publisher\":{\"@id\":\"https:\\\/\\\/brain-trainer.com\\\/pt-br\\\/#organization\"},\"potentialAction\":[{\"@type\":\"SearchAction\",\"target\":{\"@type\":\"EntryPoint\",\"urlTemplate\":\"https:\\\/\\\/brain-trainer.com\\\/pt-br\\\/?s={search_term_string}\"},\"query-input\":{\"@type\":\"PropertyValueSpecification\",\"valueRequired\":true,\"valueName\":\"search_term_string\"}}],\"inLanguage\":\"pt-BR\"},{\"@type\":\"Organization\",\"@id\":\"https:\\\/\\\/brain-trainer.com\\\/pt-br\\\/#organization\",\"name\":\"Brain-Trainer International\",\"url\":\"https:\\\/\\\/brain-trainer.com\\\/pt-br\\\/\",\"logo\":{\"@type\":\"ImageObject\",\"inLanguage\":\"pt-BR\",\"@id\":\"https:\\\/\\\/brain-trainer.com\\\/pt-br\\\/#\\\/schema\\\/logo\\\/image\\\/\",\"url\":\"https:\\\/\\\/brain-trainer.com\\\/wp-content\\\/uploads\\\/2015\\\/07\\\/brain-trainer.com-logo.jpg\",\"contentUrl\":\"https:\\\/\\\/brain-trainer.com\\\/wp-content\\\/uploads\\\/2015\\\/07\\\/brain-trainer.com-logo.jpg\",\"width\":384,\"height\":124,\"caption\":\"Brain-Trainer International\"},\"image\":{\"@id\":\"https:\\\/\\\/brain-trainer.com\\\/pt-br\\\/#\\\/schema\\\/logo\\\/image\\\/\"},\"sameAs\":[\"https:\\\/\\\/www.facebook.com\\\/BraintrainerU\\\/\",\"https:\\\/\\\/x.com\\\/BraintrainerU\",\"https:\\\/\\\/www.instagram.com\\\/braintraineru\"]}]}<\/script>\n<!-- \/ Yoast SEO plugin. -->","yoast_head_json":{"title":"Mudar seu pr\u00f3prio c\u00e9rebro - brain-trainer.com","robots":{"index":"index","follow":"follow","max-snippet":"max-snippet:-1","max-image-preview":"max-image-preview:large","max-video-preview":"max-video-preview:-1"},"canonical":"https:\/\/brain-trainer.com\/pt-br\/mudar-seu-proprio-cerebro\/","og_locale":"pt_BR","og_type":"article","og_title":"Mudar seu pr\u00f3prio c\u00e9rebro - brain-trainer.com","og_description":"Para mudar o seu padr\u00e3o de funcionamento cerebral voc\u00ea ir\u00e1 contar com um treinador profissional, voc\u00ea far\u00e1 os exerc\u00edcios e ver\u00e1 as mudan\u00e7as em si mesmo. A maioria dos diagn\u00f3sticos de sa\u00fade mental n\u00e3o tem cura. A psicoterapia ensina os clientes a lidarem com seus problemas. Abordagens medicamentosas n\u00e3o pretendem produzir mudan\u00e7as duradouras: &#8220;voc\u00ea pode [&hellip;]","og_url":"https:\/\/brain-trainer.com\/pt-br\/mudar-seu-proprio-cerebro\/","og_site_name":"brain-trainer.com","article_publisher":"https:\/\/www.facebook.com\/BraintrainerU\/","og_image":[{"url":"https:\/\/brain-trainer.com\/wp-content\/uploads\/2013\/06\/heg-systems.jpg","type":"","width":"","height":""}],"twitter_misc":{"Est. tempo de leitura":"1 minuto"},"schema":{"@context":"https:\/\/schema.org","@graph":[{"@type":"WebPage","@id":"https:\/\/brain-trainer.com\/pt-br\/mudar-seu-proprio-cerebro\/","url":"https:\/\/brain-trainer.com\/pt-br\/mudar-seu-proprio-cerebro\/","name":"Mudar seu pr\u00f3prio c\u00e9rebro - brain-trainer.com","isPartOf":{"@id":"https:\/\/brain-trainer.com\/pt-br\/#website"},"primaryImageOfPage":{"@id":"https:\/\/brain-trainer.com\/pt-br\/mudar-seu-proprio-cerebro\/#primaryimage"},"image":{"@id":"https:\/\/brain-trainer.com\/pt-br\/mudar-seu-proprio-cerebro\/#primaryimage"},"thumbnailUrl":"https:\/\/brain-trainer.com\/wp-content\/uploads\/2013\/06\/heg-systems.jpg","datePublished":"2024-11-08T01:38:53+00:00","breadcrumb":{"@id":"https:\/\/brain-trainer.com\/pt-br\/mudar-seu-proprio-cerebro\/#breadcrumb"},"inLanguage":"pt-BR","potentialAction":[{"@type":"ReadAction","target":["https:\/\/brain-trainer.com\/pt-br\/mudar-seu-proprio-cerebro\/"]}]},{"@type":"ImageObject","inLanguage":"pt-BR","@id":"https:\/\/brain-trainer.com\/pt-br\/mudar-seu-proprio-cerebro\/#primaryimage","url":"https:\/\/brain-trainer.com\/wp-content\/uploads\/2013\/06\/heg-systems.jpg","contentUrl":"https:\/\/brain-trainer.com\/wp-content\/uploads\/2013\/06\/heg-systems.jpg"},{"@type":"BreadcrumbList","@id":"https:\/\/brain-trainer.com\/pt-br\/mudar-seu-proprio-cerebro\/#breadcrumb","itemListElement":[{"@type":"ListItem","position":1,"name":"Home","item":"https:\/\/brain-trainer.com\/pt-br\/"},{"@type":"ListItem","position":2,"name":"Mudar seu pr\u00f3prio c\u00e9rebro"}]},{"@type":"WebSite","@id":"https:\/\/brain-trainer.com\/pt-br\/#website","url":"https:\/\/brain-trainer.com\/pt-br\/","name":"brain-trainer.com","description":"By Trainers, For Trainers","publisher":{"@id":"https:\/\/brain-trainer.com\/pt-br\/#organization"},"potentialAction":[{"@type":"SearchAction","target":{"@type":"EntryPoint","urlTemplate":"https:\/\/brain-trainer.com\/pt-br\/?s={search_term_string}"},"query-input":{"@type":"PropertyValueSpecification","valueRequired":true,"valueName":"search_term_string"}}],"inLanguage":"pt-BR"},{"@type":"Organization","@id":"https:\/\/brain-trainer.com\/pt-br\/#organization","name":"Brain-Trainer International","url":"https:\/\/brain-trainer.com\/pt-br\/","logo":{"@type":"ImageObject","inLanguage":"pt-BR","@id":"https:\/\/brain-trainer.com\/pt-br\/#\/schema\/logo\/image\/","url":"https:\/\/brain-trainer.com\/wp-content\/uploads\/2015\/07\/brain-trainer.com-logo.jpg","contentUrl":"https:\/\/brain-trainer.com\/wp-content\/uploads\/2015\/07\/brain-trainer.com-logo.jpg","width":384,"height":124,"caption":"Brain-Trainer International"},"image":{"@id":"https:\/\/brain-trainer.com\/pt-br\/#\/schema\/logo\/image\/"},"sameAs":["https:\/\/www.facebook.com\/BraintrainerU\/","https:\/\/x.com\/BraintrainerU","https:\/\/www.instagram.com\/braintraineru"]}]}},"_links":{"self":[{"href":"https:\/\/brain-trainer.com\/pt-br\/wp-json\/wp\/v2\/pages\/11141","targetHints":{"allow":["GET"]}}],"collection":[{"href":"https:\/\/brain-trainer.com\/pt-br\/wp-json\/wp\/v2\/pages"}],"about":[{"href":"https:\/\/brain-trainer.com\/pt-br\/wp-json\/wp\/v2\/types\/page"}],"author":[{"embeddable":true,"href":"https:\/\/brain-trainer.com\/pt-br\/wp-json\/wp\/v2\/users\/112"}],"replies":[{"embeddable":true,"href":"https:\/\/brain-trainer.com\/pt-br\/wp-json\/wp\/v2\/comments?post=11141"}],"version-history":[{"count":2,"href":"https:\/\/brain-trainer.com\/pt-br\/wp-json\/wp\/v2\/pages\/11141\/revisions"}],"predecessor-version":[{"id":40073,"href":"https:\/\/brain-trainer.com\/pt-br\/wp-json\/wp\/v2\/pages\/11141\/revisions\/40073"}],"wp:attachment":[{"href":"https:\/\/brain-trainer.com\/pt-br\/wp-json\/wp\/v2\/media?parent=11141"}],"curies":[{"name":"wp","href":"https:\/\/api.w.org\/{rel}","templated":true}]}}