{"id":11147,"date":"2024-11-07T20:38:50","date_gmt":"2024-11-08T01:38:50","guid":{"rendered":"https:\/\/brain-trainer.com\/?page_id=11147"},"modified":"2024-11-07T20:38:50","modified_gmt":"2024-11-08T01:38:50","slug":"como-funciona-o-brain-trainer","status":"publish","type":"page","link":"https:\/\/brain-trainer.com\/pt-br\/como-funciona-o-brain-trainer\/","title":{"rendered":"Como funciona o Brain-Trainer?"},"content":{"rendered":"<p>Se voc\u00ea deseja treinar a fun\u00e7\u00e3o executiva com HEG, ou trabalhar os padr\u00f5es cerebrais com EEG, o treinamento envolve a dedica\u00e7\u00e3o de 20 a 50 minutos 2 a 3 vezes por semana, com um profissional capacitado. <\/p>\n<p><a title=\"Brain Training - HEG\" href=\"https:\/\/brain-trainer.com\/pt-br\/sobre\/treinamento-cerebral\/\" target=\"_blank\" rel=\"noopener\">O HEG<\/a> (hemoencefalograma) n\u00e3o requer avalia\u00e7\u00e3o, assim pode ser feito por qualquer pessoa que pretenda alterar fun\u00e7\u00f5es como motiva\u00e7\u00e3o, planejamento\/organiza\u00e7\u00e3o, foco de aten\u00e7\u00e3o\/controle do discurso\/comportamento e respostas emocionais, mem\u00f3ria, inibi\u00e7\u00f5es sociais, etc.<\/p>\n<p><a title=\"Brain Training - EEG\" href=\"https:\/\/brain-trainer.com\/pt-br\/sobre\/treinamento-cerebral\/#eeg\" target=\"_blank\" rel=\"noopener\">O EEG<\/a> \u00e9 uma abordagem mais complexa e deve ser baseada em uma avalia\u00e7\u00e3o. Um treinador capacitado ir\u00e1 fazer um mapeamento completo com 20 pontos do c\u00e9rebro e produzir\u00e1 um plano de treinamento personalizado e detalhado, dentro de meia hora. O foco do treinamento centra-se sobre os padr\u00f5es encontrados no c\u00e9rebro que s\u00e3o relacionados com os objetivos que se quer alcan\u00e7ar com o treinamento.<\/p>\n<p>A Brain-Trainer desenvolveu a abordagem de Treinamento em Circuito Whole Brain: trabalha todos os principais padr\u00f5es presentes no c\u00e9rebro de um cliente em um circuito de 5 sess\u00f5es. Assim como o circuito de treinamento na academia, esta abordagem treina todo o complexo em m\u00faltiplas dire\u00e7\u00f5es. H\u00e1 cinco protocolos diferentes nas cinco primeiras sess\u00f5es, o que torna comum o fato dos clientes experimentarem efeitos positivos muito cedo no treinamento. Com o andamento do treinamento a frequ\u00eancia das sess\u00f5es \u00e9 reduzida at\u00e9 que o c\u00e9rebro demonstre estabilidade das mudan\u00e7as positivas alcan\u00e7adas, por um per\u00edodo de 1 a 2 semanas sem sess\u00f5es. Quando ocorre essa estabilidade, o treinamento pode ser finalizado ou podem ser introduzida outras op\u00e7\u00f5es (por exemplo, treinamento de estados profundo).<\/p>\n<p>Para obter mais informa\u00e7\u00f5es sobre como voc\u00ea pode implementar a abordagem eficiente da Brain-Trainer com seus clientes, voc\u00ea pode ver os <a href=\"https:\/\/provider.brain-trainer.com\/formacao-treinador-brain-trainer-certificado-pacote-pro\" target=\"_blank\" rel=\"noopener\">pacotes<\/a> na se\u00e7\u00e3o de equipamentos. Ou nos contactar por e-mail ou telefone e n\u00f3s vamos lhe ajudar a decidir o que \u00e9 melhor para voc\u00ea para inciar sua forma\u00e7\u00e3o como treinador de Neurofeedback.<\/p>\n<p><a style=\"padding-right: 1em;\" href=\"https:\/\/brain-trainer.com\/pt-br\/feedback-e-exercicio-cerebral\/\">Previa<\/a> <a href=\"\/\">Home Page<\/a><\/p>\n","protected":false},"excerpt":{"rendered":"<p>Se voc\u00ea deseja treinar a fun\u00e7\u00e3o executiva com HEG, ou trabalhar os padr\u00f5es cerebrais com EEG, o treinamento envolve a dedica\u00e7\u00e3o de 20 a 50 minutos 2 a 3 vezes por semana, com um profissional capacitado. O HEG (hemoencefalograma) n\u00e3o requer avalia\u00e7\u00e3o, assim pode ser feito por qualquer pessoa que pretenda alterar fun\u00e7\u00f5es como motiva\u00e7\u00e3o, [&hellip;]<\/p>\n","protected":false},"author":112,"featured_media":0,"parent":0,"menu_order":0,"comment_status":"closed","ping_status":"open","template":"","meta":{"_acf_changed":false,"footnotes":""},"class_list":["post-11147","page","type-page","status-publish","hentry"],"acf":[],"yoast_head":"<!-- This site is optimized with the Yoast SEO plugin v27.3 - https:\/\/yoast.com\/product\/yoast-seo-wordpress\/ -->\n<title>Como funciona o Brain-Trainer? - brain-trainer.com<\/title>\n<meta name=\"robots\" content=\"index, follow, max-snippet:-1, max-image-preview:large, max-video-preview:-1\" \/>\n<link rel=\"canonical\" href=\"https:\/\/brain-trainer.com\/pt-br\/como-funciona-o-brain-trainer\/\" \/>\n<meta property=\"og:locale\" content=\"pt_BR\" \/>\n<meta property=\"og:type\" content=\"article\" \/>\n<meta property=\"og:title\" content=\"Como funciona o Brain-Trainer? - brain-trainer.com\" \/>\n<meta property=\"og:description\" content=\"Se voc\u00ea deseja treinar a fun\u00e7\u00e3o executiva com HEG, ou trabalhar os padr\u00f5es cerebrais com EEG, o treinamento envolve a dedica\u00e7\u00e3o de 20 a 50 minutos 2 a 3 vezes por semana, com um profissional capacitado. O HEG (hemoencefalograma) n\u00e3o requer avalia\u00e7\u00e3o, assim pode ser feito por qualquer pessoa que pretenda alterar fun\u00e7\u00f5es como motiva\u00e7\u00e3o, [&hellip;]\" \/>\n<meta property=\"og:url\" content=\"https:\/\/brain-trainer.com\/pt-br\/como-funciona-o-brain-trainer\/\" \/>\n<meta property=\"og:site_name\" content=\"brain-trainer.com\" \/>\n<meta property=\"article:publisher\" content=\"https:\/\/www.facebook.com\/BraintrainerU\/\" \/>\n<meta name=\"twitter:label1\" content=\"Est. tempo de leitura\" \/>\n\t<meta name=\"twitter:data1\" content=\"2 minutos\" \/>\n<script type=\"application\/ld+json\" class=\"yoast-schema-graph\">{\"@context\":\"https:\\\/\\\/schema.org\",\"@graph\":[{\"@type\":\"WebPage\",\"@id\":\"https:\\\/\\\/brain-trainer.com\\\/pt-br\\\/como-funciona-o-brain-trainer\\\/\",\"url\":\"https:\\\/\\\/brain-trainer.com\\\/pt-br\\\/como-funciona-o-brain-trainer\\\/\",\"name\":\"Como funciona o Brain-Trainer? - brain-trainer.com\",\"isPartOf\":{\"@id\":\"https:\\\/\\\/brain-trainer.com\\\/pt-br\\\/#website\"},\"datePublished\":\"2024-11-08T01:38:50+00:00\",\"breadcrumb\":{\"@id\":\"https:\\\/\\\/brain-trainer.com\\\/pt-br\\\/como-funciona-o-brain-trainer\\\/#breadcrumb\"},\"inLanguage\":\"pt-BR\",\"potentialAction\":[{\"@type\":\"ReadAction\",\"target\":[\"https:\\\/\\\/brain-trainer.com\\\/pt-br\\\/como-funciona-o-brain-trainer\\\/\"]}]},{\"@type\":\"BreadcrumbList\",\"@id\":\"https:\\\/\\\/brain-trainer.com\\\/pt-br\\\/como-funciona-o-brain-trainer\\\/#breadcrumb\",\"itemListElement\":[{\"@type\":\"ListItem\",\"position\":1,\"name\":\"Home\",\"item\":\"https:\\\/\\\/brain-trainer.com\\\/pt-br\\\/\"},{\"@type\":\"ListItem\",\"position\":2,\"name\":\"Como funciona o Brain-Trainer?\"}]},{\"@type\":\"WebSite\",\"@id\":\"https:\\\/\\\/brain-trainer.com\\\/pt-br\\\/#website\",\"url\":\"https:\\\/\\\/brain-trainer.com\\\/pt-br\\\/\",\"name\":\"brain-trainer.com\",\"description\":\"By Trainers, For Trainers\",\"publisher\":{\"@id\":\"https:\\\/\\\/brain-trainer.com\\\/pt-br\\\/#organization\"},\"potentialAction\":[{\"@type\":\"SearchAction\",\"target\":{\"@type\":\"EntryPoint\",\"urlTemplate\":\"https:\\\/\\\/brain-trainer.com\\\/pt-br\\\/?s={search_term_string}\"},\"query-input\":{\"@type\":\"PropertyValueSpecification\",\"valueRequired\":true,\"valueName\":\"search_term_string\"}}],\"inLanguage\":\"pt-BR\"},{\"@type\":\"Organization\",\"@id\":\"https:\\\/\\\/brain-trainer.com\\\/pt-br\\\/#organization\",\"name\":\"Brain-Trainer International\",\"url\":\"https:\\\/\\\/brain-trainer.com\\\/pt-br\\\/\",\"logo\":{\"@type\":\"ImageObject\",\"inLanguage\":\"pt-BR\",\"@id\":\"https:\\\/\\\/brain-trainer.com\\\/pt-br\\\/#\\\/schema\\\/logo\\\/image\\\/\",\"url\":\"https:\\\/\\\/brain-trainer.com\\\/wp-content\\\/uploads\\\/2015\\\/07\\\/brain-trainer.com-logo.jpg\",\"contentUrl\":\"https:\\\/\\\/brain-trainer.com\\\/wp-content\\\/uploads\\\/2015\\\/07\\\/brain-trainer.com-logo.jpg\",\"width\":384,\"height\":124,\"caption\":\"Brain-Trainer International\"},\"image\":{\"@id\":\"https:\\\/\\\/brain-trainer.com\\\/pt-br\\\/#\\\/schema\\\/logo\\\/image\\\/\"},\"sameAs\":[\"https:\\\/\\\/www.facebook.com\\\/BraintrainerU\\\/\",\"https:\\\/\\\/x.com\\\/BraintrainerU\",\"https:\\\/\\\/www.instagram.com\\\/braintraineru\"]}]}<\/script>\n<!-- \/ Yoast SEO plugin. -->","yoast_head_json":{"title":"Como funciona o Brain-Trainer? - brain-trainer.com","robots":{"index":"index","follow":"follow","max-snippet":"max-snippet:-1","max-image-preview":"max-image-preview:large","max-video-preview":"max-video-preview:-1"},"canonical":"https:\/\/brain-trainer.com\/pt-br\/como-funciona-o-brain-trainer\/","og_locale":"pt_BR","og_type":"article","og_title":"Como funciona o Brain-Trainer? - brain-trainer.com","og_description":"Se voc\u00ea deseja treinar a fun\u00e7\u00e3o executiva com HEG, ou trabalhar os padr\u00f5es cerebrais com EEG, o treinamento envolve a dedica\u00e7\u00e3o de 20 a 50 minutos 2 a 3 vezes por semana, com um profissional capacitado. O HEG (hemoencefalograma) n\u00e3o requer avalia\u00e7\u00e3o, assim pode ser feito por qualquer pessoa que pretenda alterar fun\u00e7\u00f5es como motiva\u00e7\u00e3o, [&hellip;]","og_url":"https:\/\/brain-trainer.com\/pt-br\/como-funciona-o-brain-trainer\/","og_site_name":"brain-trainer.com","article_publisher":"https:\/\/www.facebook.com\/BraintrainerU\/","twitter_misc":{"Est. tempo de leitura":"2 minutos"},"schema":{"@context":"https:\/\/schema.org","@graph":[{"@type":"WebPage","@id":"https:\/\/brain-trainer.com\/pt-br\/como-funciona-o-brain-trainer\/","url":"https:\/\/brain-trainer.com\/pt-br\/como-funciona-o-brain-trainer\/","name":"Como funciona o Brain-Trainer? - brain-trainer.com","isPartOf":{"@id":"https:\/\/brain-trainer.com\/pt-br\/#website"},"datePublished":"2024-11-08T01:38:50+00:00","breadcrumb":{"@id":"https:\/\/brain-trainer.com\/pt-br\/como-funciona-o-brain-trainer\/#breadcrumb"},"inLanguage":"pt-BR","potentialAction":[{"@type":"ReadAction","target":["https:\/\/brain-trainer.com\/pt-br\/como-funciona-o-brain-trainer\/"]}]},{"@type":"BreadcrumbList","@id":"https:\/\/brain-trainer.com\/pt-br\/como-funciona-o-brain-trainer\/#breadcrumb","itemListElement":[{"@type":"ListItem","position":1,"name":"Home","item":"https:\/\/brain-trainer.com\/pt-br\/"},{"@type":"ListItem","position":2,"name":"Como funciona o Brain-Trainer?"}]},{"@type":"WebSite","@id":"https:\/\/brain-trainer.com\/pt-br\/#website","url":"https:\/\/brain-trainer.com\/pt-br\/","name":"brain-trainer.com","description":"By Trainers, For Trainers","publisher":{"@id":"https:\/\/brain-trainer.com\/pt-br\/#organization"},"potentialAction":[{"@type":"SearchAction","target":{"@type":"EntryPoint","urlTemplate":"https:\/\/brain-trainer.com\/pt-br\/?s={search_term_string}"},"query-input":{"@type":"PropertyValueSpecification","valueRequired":true,"valueName":"search_term_string"}}],"inLanguage":"pt-BR"},{"@type":"Organization","@id":"https:\/\/brain-trainer.com\/pt-br\/#organization","name":"Brain-Trainer International","url":"https:\/\/brain-trainer.com\/pt-br\/","logo":{"@type":"ImageObject","inLanguage":"pt-BR","@id":"https:\/\/brain-trainer.com\/pt-br\/#\/schema\/logo\/image\/","url":"https:\/\/brain-trainer.com\/wp-content\/uploads\/2015\/07\/brain-trainer.com-logo.jpg","contentUrl":"https:\/\/brain-trainer.com\/wp-content\/uploads\/2015\/07\/brain-trainer.com-logo.jpg","width":384,"height":124,"caption":"Brain-Trainer International"},"image":{"@id":"https:\/\/brain-trainer.com\/pt-br\/#\/schema\/logo\/image\/"},"sameAs":["https:\/\/www.facebook.com\/BraintrainerU\/","https:\/\/x.com\/BraintrainerU","https:\/\/www.instagram.com\/braintraineru"]}]}},"_links":{"self":[{"href":"https:\/\/brain-trainer.com\/pt-br\/wp-json\/wp\/v2\/pages\/11147","targetHints":{"allow":["GET"]}}],"collection":[{"href":"https:\/\/brain-trainer.com\/pt-br\/wp-json\/wp\/v2\/pages"}],"about":[{"href":"https:\/\/brain-trainer.com\/pt-br\/wp-json\/wp\/v2\/types\/page"}],"author":[{"embeddable":true,"href":"https:\/\/brain-trainer.com\/pt-br\/wp-json\/wp\/v2\/users\/112"}],"replies":[{"embeddable":true,"href":"https:\/\/brain-trainer.com\/pt-br\/wp-json\/wp\/v2\/comments?post=11147"}],"version-history":[{"count":3,"href":"https:\/\/brain-trainer.com\/pt-br\/wp-json\/wp\/v2\/pages\/11147\/revisions"}],"predecessor-version":[{"id":40070,"href":"https:\/\/brain-trainer.com\/pt-br\/wp-json\/wp\/v2\/pages\/11147\/revisions\/40070"}],"wp:attachment":[{"href":"https:\/\/brain-trainer.com\/pt-br\/wp-json\/wp\/v2\/media?parent=11147"}],"curies":[{"name":"wp","href":"https:\/\/api.w.org\/{rel}","templated":true}]}}