{"id":11150,"date":"2024-11-07T20:39:02","date_gmt":"2024-11-08T01:39:02","guid":{"rendered":"https:\/\/brain-trainer.com\/?page_id=11150"},"modified":"2024-11-07T20:39:02","modified_gmt":"2024-11-08T01:39:02","slug":"sobre","status":"publish","type":"page","link":"https:\/\/brain-trainer.com\/pt-br\/sobre\/","title":{"rendered":"Sobre"},"content":{"rendered":"<div class=\"infobox\">\n<h4>7 Habilidades de um treinador cerebral<\/h4>\n<ul>\n<li>Encontrar os sites rapidamente e com precis\u00e3o na cabe\u00e7a com base no sistema internacional 10\/20 .<\/li>\n<li>Iniciar seu equipamento r\u00e1pido e eficazmente e ter uma compreens\u00e3o completa do seu aparelho.<\/li>\n<li>Reconhecer artefato no sinal de EEG e minimiz\u00e1-lo em sess\u00f5es de avalia\u00e7\u00e3o e treinamento.<\/li>\n<li>Avaliar constela\u00e7\u00e3o de sintomas do cliente assim como os objetivos e os padr\u00f5es de ativa\u00e7\u00e3o cerebral e us\u00e1-los para criar e testar um plano de treinamento para mover o cliente em dire\u00e7\u00f5es desejadas com custo m\u00ednimo.<\/li>\n<li>Orientar o cliente e o sistema de suporte sobre o treinamento do c\u00e9rebro de forma clara e objetiva.<\/li>\n<li>Avaliar e relatar o desempenho e as mudan\u00e7as de forma oportuna e compreens\u00edvel.<\/li>\n<li>Determinar quando alterar os protocolos e quando terminar o treinamento.<\/li>\n<\/ul>\n<hr \/>\n<h4>Um pouco sobre Peter Van Deusen<\/h4>\n<h4><strong>Peter Van Deusen<\/strong> come\u00e7ou o treinamento no seu pr\u00f3prio c\u00e9rebro em 1993 e estudou teorias, filosofias e t\u00e9cnicas de muitos l\u00edderes na \u00e1rea de treinamento cerebral. Sem forma\u00e7\u00e3o cl\u00ednica, mas impressionado com as mudan\u00e7as que ocorreram em sua pr\u00f3pria vida , ele come\u00e7ou a trabalhar com clientes e construiu a sua pr\u00e1tica em 4 locais na \u00e1rea metropolitana de Atlanta. Em 2001, ele come\u00e7ou a treinar outros profissionais, bem como usu\u00e1rios em suas casas. Tem se apresentado em todo os EUA , Europa e Am\u00e9rica do Sul. Desde 2007, ele tem se concentrado no desenvolvimento de materiais de v\u00eddeo-treinamento e treinamento via telefone e internet. Os instrumentos de avalia\u00e7\u00e3o que ele desenvolveu s\u00e3o usados \u200b\u200bpor milhares de treinadores ao redor do mundo.<\/h4>\n<\/div>\n<div class=\"main_content\">\n<h2><strong>O que faz o m\u00e9todo TLC \u00danico ?<\/strong><\/h2>\n<h3>Baseado em Padr\u00e3o<\/h3>\n<p>A abordagem TLC Brain-Trainer \u00e9 baseada no fato de que os padr\u00f5es comuns de ativa\u00e7\u00e3o do c\u00e9rebro tendem a ser ligados a conjuntos espec\u00edficos de pontos fortes e fracos | altos e baixos. Estamos constantemente acompanhando o trabalho de pesquisadores que identificam tais padr\u00f5es de EEG e adicionando-os ao nosso sistema. Nossas ferramentas de avalia\u00e7\u00e3o de informa\u00e7\u00f5es subjetivas (pontos fortes e fracos) e objetivas (padr\u00f5es cerebrais) sugerem estrat\u00e9gias de treinamento. Nosso servi\u00e7o de Avalia\u00e7\u00e3o oferece assist\u00eancia de um especialista que determina quais estrat\u00e9gias de treinamento s\u00e3o mais prov\u00e1veis \u200b\u200bpara o seu c\u00e9rebro ou para o c\u00e9rebro de seus clientes.<\/p>\n<h3>Evitando r\u00f3tulos<\/h3>\n<p>De acordo com nossa experi\u00eancia com milhares de clientes, n\u00e3o achamos que seja necess\u00e1rio ou at\u00e9 mesmo \u00fatil diagnosticar as pessoas de acordo com um modelo de &#8220;patologia&#8221; . Os diagn\u00f3sticos s\u00e3o, muitas vezes, apenas descri\u00e7\u00f5es de sintomas e raramente guiam o treinador cerebral em dire\u00e7\u00e3o a melhor estrat\u00e9gia.<\/p>\n<p>Acreditamos que n\u00e3o existe um c\u00e9rebro &#8220;perfeito&#8221; e que a maioria de n\u00f3s n\u00e3o est\u00e1 apenas procurando ser &#8220;normal &#8220;. N\u00f3s focamos em definir as mudan\u00e7as desejadas do cliente e verificando como os padr\u00f5es cerebrais do cliente encontram-se. Esta informa\u00e7\u00e3o define como o c\u00e9rebro precisa ser modificado a fim de progredir. Sabemos que as pessoas de todo o mundo que est\u00e3o usando HEG e EEG Biofeedback lidam com sucesso com as quest\u00f5es intituladas, tais como: D\u00e9ficit de aten\u00e7\u00e3o, TDAH, Transtorno Bipolar, depress\u00e3o, ansiedade, transtorno de aprendizagem e les\u00e3o cerebral.<\/p>\n<h3>Pr\u00e1tico e Hands-On<\/h3>\n<p>A maioria do que \u00e9 publicado e ensinado sobre o treinamento do c\u00e9rebro \u00e9 te\u00f3rico. O TLC Brain Training foca em ensinar as 7 habilidades do treinador cerebral, as habilidades pr\u00e1ticas necess\u00e1rias para fazer o treinamento. Os v\u00eddeos de treinamento e os Workshops do TLC combinam teoria com a pr\u00e1tica, permitindo aprender em sua casa ou escrit\u00f3rio, revendo o material quantas vezes voc\u00ea desejar. O TLC Training \u00e9 organizado em torno de  7 habilidades pr\u00e1ticas que n\u00f3s acreditamos, baseados em mais de 12 anos de trabalho com clientes, isto far\u00e1 de voc\u00ea um excelente treinador.<\/p>\n<h3>Custo-Benef\u00edcio e Independente<\/h3>\n<p>O objetivo do TLC \u00e9 oferecer a voc\u00ea equipamentos de Neurofeedback a baixo custo e Softwares que s\u00e3o altamente eficazes, seja voc\u00ea um profissional ou n\u00e3o. Voc\u00ea pode gastar at\u00e9 US $ 10.000 ou  $ 1.000 para equipamentos de Biofeedback essencial similar e software.<\/p>\n<p>Porque TLC tem acordos de distribui\u00e7\u00e3o com v\u00e1rios fabricantes, estamos cientes de novas op\u00e7\u00f5es e tecnologias antes que o mercado. Podemos oferecer conselhos atualizados de um ponto de vista amplo. Se voc\u00ea pedir um dos nossos pacotes de treinamento, voc\u00ea ter\u00e1 tudo o que voc\u00ea precisa para come\u00e7ar com o treinamento de EEG e pode pagar em v\u00e1rias parcelas. Mesmo se voc\u00ea optar por n\u00e3o comprar de n\u00f3s, confira nossas op\u00e7\u00f5es.<\/p>\n<p>N\u00e3o trabalhamos para nenhum fabricante, somos livres para oferecer an\u00e1lises objetivas dos pr\u00f3s e contras de cada op\u00e7\u00e3o que recomendamos, com base em nosso uso do equipamento.<\/p>\n<h3><\/h3>\n<\/div>\n","protected":false},"excerpt":{"rendered":"<p>7 Habilidades de um treinador cerebral Encontrar os sites rapidamente e com precis\u00e3o na cabe\u00e7a com base no sistema internacional 10\/20 . Iniciar seu equipamento r\u00e1pido e eficazmente e ter uma compreens\u00e3o completa do seu aparelho. Reconhecer artefato no sinal de EEG e minimiz\u00e1-lo em sess\u00f5es de avalia\u00e7\u00e3o e treinamento. Avaliar constela\u00e7\u00e3o de sintomas do [&hellip;]<\/p>\n","protected":false},"author":112,"featured_media":0,"parent":0,"menu_order":0,"comment_status":"closed","ping_status":"open","template":"","meta":{"_acf_changed":false,"footnotes":""},"class_list":["post-11150","page","type-page","status-publish","hentry"],"acf":[],"yoast_head":"<!-- This site is optimized with the Yoast SEO plugin v27.3 - https:\/\/yoast.com\/product\/yoast-seo-wordpress\/ -->\n<title>Sobre - brain-trainer.com<\/title>\n<meta name=\"robots\" content=\"index, follow, max-snippet:-1, max-image-preview:large, max-video-preview:-1\" \/>\n<link rel=\"canonical\" href=\"https:\/\/brain-trainer.com\/pt-br\/sobre\/\" \/>\n<meta property=\"og:locale\" content=\"pt_BR\" \/>\n<meta property=\"og:type\" content=\"article\" \/>\n<meta property=\"og:title\" content=\"Sobre - brain-trainer.com\" \/>\n<meta property=\"og:description\" content=\"7 Habilidades de um treinador cerebral Encontrar os sites rapidamente e com precis\u00e3o na cabe\u00e7a com base no sistema internacional 10\/20 . Iniciar seu equipamento r\u00e1pido e eficazmente e ter uma compreens\u00e3o completa do seu aparelho. Reconhecer artefato no sinal de EEG e minimiz\u00e1-lo em sess\u00f5es de avalia\u00e7\u00e3o e treinamento. Avaliar constela\u00e7\u00e3o de sintomas do [&hellip;]\" \/>\n<meta property=\"og:url\" content=\"https:\/\/brain-trainer.com\/pt-br\/sobre\/\" \/>\n<meta property=\"og:site_name\" content=\"brain-trainer.com\" \/>\n<meta property=\"article:publisher\" content=\"https:\/\/www.facebook.com\/BraintrainerU\/\" \/>\n<meta name=\"twitter:label1\" content=\"Est. tempo de leitura\" \/>\n\t<meta name=\"twitter:data1\" content=\"4 minutos\" \/>\n<script type=\"application\/ld+json\" class=\"yoast-schema-graph\">{\"@context\":\"https:\\\/\\\/schema.org\",\"@graph\":[{\"@type\":\"WebPage\",\"@id\":\"https:\\\/\\\/brain-trainer.com\\\/pt-br\\\/sobre\\\/\",\"url\":\"https:\\\/\\\/brain-trainer.com\\\/pt-br\\\/sobre\\\/\",\"name\":\"Sobre - brain-trainer.com\",\"isPartOf\":{\"@id\":\"https:\\\/\\\/brain-trainer.com\\\/pt-br\\\/#website\"},\"datePublished\":\"2024-11-08T01:39:02+00:00\",\"breadcrumb\":{\"@id\":\"https:\\\/\\\/brain-trainer.com\\\/pt-br\\\/sobre\\\/#breadcrumb\"},\"inLanguage\":\"pt-BR\",\"potentialAction\":[{\"@type\":\"ReadAction\",\"target\":[\"https:\\\/\\\/brain-trainer.com\\\/pt-br\\\/sobre\\\/\"]}]},{\"@type\":\"BreadcrumbList\",\"@id\":\"https:\\\/\\\/brain-trainer.com\\\/pt-br\\\/sobre\\\/#breadcrumb\",\"itemListElement\":[{\"@type\":\"ListItem\",\"position\":1,\"name\":\"Home\",\"item\":\"https:\\\/\\\/brain-trainer.com\\\/pt-br\\\/\"},{\"@type\":\"ListItem\",\"position\":2,\"name\":\"Sobre\"}]},{\"@type\":\"WebSite\",\"@id\":\"https:\\\/\\\/brain-trainer.com\\\/pt-br\\\/#website\",\"url\":\"https:\\\/\\\/brain-trainer.com\\\/pt-br\\\/\",\"name\":\"brain-trainer.com\",\"description\":\"By Trainers, For Trainers\",\"publisher\":{\"@id\":\"https:\\\/\\\/brain-trainer.com\\\/pt-br\\\/#organization\"},\"potentialAction\":[{\"@type\":\"SearchAction\",\"target\":{\"@type\":\"EntryPoint\",\"urlTemplate\":\"https:\\\/\\\/brain-trainer.com\\\/pt-br\\\/?s={search_term_string}\"},\"query-input\":{\"@type\":\"PropertyValueSpecification\",\"valueRequired\":true,\"valueName\":\"search_term_string\"}}],\"inLanguage\":\"pt-BR\"},{\"@type\":\"Organization\",\"@id\":\"https:\\\/\\\/brain-trainer.com\\\/pt-br\\\/#organization\",\"name\":\"Brain-Trainer International\",\"url\":\"https:\\\/\\\/brain-trainer.com\\\/pt-br\\\/\",\"logo\":{\"@type\":\"ImageObject\",\"inLanguage\":\"pt-BR\",\"@id\":\"https:\\\/\\\/brain-trainer.com\\\/pt-br\\\/#\\\/schema\\\/logo\\\/image\\\/\",\"url\":\"https:\\\/\\\/brain-trainer.com\\\/wp-content\\\/uploads\\\/2015\\\/07\\\/brain-trainer.com-logo.jpg\",\"contentUrl\":\"https:\\\/\\\/brain-trainer.com\\\/wp-content\\\/uploads\\\/2015\\\/07\\\/brain-trainer.com-logo.jpg\",\"width\":384,\"height\":124,\"caption\":\"Brain-Trainer International\"},\"image\":{\"@id\":\"https:\\\/\\\/brain-trainer.com\\\/pt-br\\\/#\\\/schema\\\/logo\\\/image\\\/\"},\"sameAs\":[\"https:\\\/\\\/www.facebook.com\\\/BraintrainerU\\\/\",\"https:\\\/\\\/x.com\\\/BraintrainerU\",\"https:\\\/\\\/www.instagram.com\\\/braintraineru\"]}]}<\/script>\n<!-- \/ Yoast SEO plugin. -->","yoast_head_json":{"title":"Sobre - brain-trainer.com","robots":{"index":"index","follow":"follow","max-snippet":"max-snippet:-1","max-image-preview":"max-image-preview:large","max-video-preview":"max-video-preview:-1"},"canonical":"https:\/\/brain-trainer.com\/pt-br\/sobre\/","og_locale":"pt_BR","og_type":"article","og_title":"Sobre - brain-trainer.com","og_description":"7 Habilidades de um treinador cerebral Encontrar os sites rapidamente e com precis\u00e3o na cabe\u00e7a com base no sistema internacional 10\/20 . Iniciar seu equipamento r\u00e1pido e eficazmente e ter uma compreens\u00e3o completa do seu aparelho. Reconhecer artefato no sinal de EEG e minimiz\u00e1-lo em sess\u00f5es de avalia\u00e7\u00e3o e treinamento. Avaliar constela\u00e7\u00e3o de sintomas do [&hellip;]","og_url":"https:\/\/brain-trainer.com\/pt-br\/sobre\/","og_site_name":"brain-trainer.com","article_publisher":"https:\/\/www.facebook.com\/BraintrainerU\/","twitter_misc":{"Est. tempo de leitura":"4 minutos"},"schema":{"@context":"https:\/\/schema.org","@graph":[{"@type":"WebPage","@id":"https:\/\/brain-trainer.com\/pt-br\/sobre\/","url":"https:\/\/brain-trainer.com\/pt-br\/sobre\/","name":"Sobre - brain-trainer.com","isPartOf":{"@id":"https:\/\/brain-trainer.com\/pt-br\/#website"},"datePublished":"2024-11-08T01:39:02+00:00","breadcrumb":{"@id":"https:\/\/brain-trainer.com\/pt-br\/sobre\/#breadcrumb"},"inLanguage":"pt-BR","potentialAction":[{"@type":"ReadAction","target":["https:\/\/brain-trainer.com\/pt-br\/sobre\/"]}]},{"@type":"BreadcrumbList","@id":"https:\/\/brain-trainer.com\/pt-br\/sobre\/#breadcrumb","itemListElement":[{"@type":"ListItem","position":1,"name":"Home","item":"https:\/\/brain-trainer.com\/pt-br\/"},{"@type":"ListItem","position":2,"name":"Sobre"}]},{"@type":"WebSite","@id":"https:\/\/brain-trainer.com\/pt-br\/#website","url":"https:\/\/brain-trainer.com\/pt-br\/","name":"brain-trainer.com","description":"By Trainers, For Trainers","publisher":{"@id":"https:\/\/brain-trainer.com\/pt-br\/#organization"},"potentialAction":[{"@type":"SearchAction","target":{"@type":"EntryPoint","urlTemplate":"https:\/\/brain-trainer.com\/pt-br\/?s={search_term_string}"},"query-input":{"@type":"PropertyValueSpecification","valueRequired":true,"valueName":"search_term_string"}}],"inLanguage":"pt-BR"},{"@type":"Organization","@id":"https:\/\/brain-trainer.com\/pt-br\/#organization","name":"Brain-Trainer International","url":"https:\/\/brain-trainer.com\/pt-br\/","logo":{"@type":"ImageObject","inLanguage":"pt-BR","@id":"https:\/\/brain-trainer.com\/pt-br\/#\/schema\/logo\/image\/","url":"https:\/\/brain-trainer.com\/wp-content\/uploads\/2015\/07\/brain-trainer.com-logo.jpg","contentUrl":"https:\/\/brain-trainer.com\/wp-content\/uploads\/2015\/07\/brain-trainer.com-logo.jpg","width":384,"height":124,"caption":"Brain-Trainer International"},"image":{"@id":"https:\/\/brain-trainer.com\/pt-br\/#\/schema\/logo\/image\/"},"sameAs":["https:\/\/www.facebook.com\/BraintrainerU\/","https:\/\/x.com\/BraintrainerU","https:\/\/www.instagram.com\/braintraineru"]}]}},"_links":{"self":[{"href":"https:\/\/brain-trainer.com\/pt-br\/wp-json\/wp\/v2\/pages\/11150","targetHints":{"allow":["GET"]}}],"collection":[{"href":"https:\/\/brain-trainer.com\/pt-br\/wp-json\/wp\/v2\/pages"}],"about":[{"href":"https:\/\/brain-trainer.com\/pt-br\/wp-json\/wp\/v2\/types\/page"}],"author":[{"embeddable":true,"href":"https:\/\/brain-trainer.com\/pt-br\/wp-json\/wp\/v2\/users\/112"}],"replies":[{"embeddable":true,"href":"https:\/\/brain-trainer.com\/pt-br\/wp-json\/wp\/v2\/comments?post=11150"}],"version-history":[{"count":1,"href":"https:\/\/brain-trainer.com\/pt-br\/wp-json\/wp\/v2\/pages\/11150\/revisions"}],"predecessor-version":[{"id":11151,"href":"https:\/\/brain-trainer.com\/pt-br\/wp-json\/wp\/v2\/pages\/11150\/revisions\/11151"}],"wp:attachment":[{"href":"https:\/\/brain-trainer.com\/pt-br\/wp-json\/wp\/v2\/media?parent=11150"}],"curies":[{"name":"wp","href":"https:\/\/api.w.org\/{rel}","templated":true}]}}