{"id":11152,"date":"2024-11-07T20:39:05","date_gmt":"2024-11-08T01:39:05","guid":{"rendered":"https:\/\/brain-trainer.com\/?page_id=11152"},"modified":"2024-11-07T20:39:05","modified_gmt":"2024-11-08T01:39:05","slug":"treinamento-cerebral","status":"publish","type":"page","link":"https:\/\/brain-trainer.com\/pt-br\/sobre\/treinamento-cerebral\/","title":{"rendered":"Treinamento Cerebral"},"content":{"rendered":"<div class=\"col-md-8\">\n<div>    <form role=\"search\" method=\"get\" class=\"custom-search-form\" action=\"https:\/\/brain-trainer.com\/pt-br\/\">\r\n        <input type=\"search\" class=\"search-field\" placeholder=\"Pesquisar &hellip;\" value=\"\" name=\"s\" \/>\r\n        <select name=\"post_type\">\r\n            <option value=\"\"  selected='selected'>All<\/option>\r\n            <option value=\"post\">Blog Posts<\/option><option value=\"page\">Site Pages<\/option><option value=\"answer\">Answers<\/option><option value=\"support\">Support Resources<\/option><option value=\"product\">Products<\/option>        <\/select>\r\n        <button type=\"submit\" class=\"search-submit\">Pesquisar<\/button>\r\n    <\/form>\r\n    <\/div>\n<div>\n<h2><strong>HEG: Hemo-encefalograma<\/strong><\/h2>\n<p><a href=\"https:\/\/brain-trainer.com\/wp-content\/uploads\/2013\/10\/HEGhead.gif\"><img loading=\"lazy\" decoding=\"async\" class=\" alignleft wp-image-2629\" src=\"https:\/\/brain-trainer.com\/wp-content\/uploads\/2013\/10\/HEGhead.gif\" alt=\"HEG2\" width=\"137\" height=\"137\" \/><\/a><\/p>\n<p>O c\u00f3rtex pr\u00e9-frontal (CPF) considerado o centro executivo do c\u00e9rebro est\u00e1 localizado atr\u00e1s da testa, controla a aten\u00e7\u00e3o e bloqueia as distra\u00e7\u00f5es. Ele integra a constante passagem de material sensorial, emocional e mem\u00f3ria e decide o que essas informa\u00e7\u00f5es significam e que fazer com elas. Faz uma varredura nos impulsos f\u00edsicos, verbais e emocionais. Tamb\u00e9m regula o humor e \u00e9 uma chave para a mem\u00f3ria de trabalho. \u00c9 o centro da motiva\u00e7\u00e3o, planejamento e organiza\u00e7\u00e3o.<\/p>\n<p>O HEG mede as mudan\u00e7as nos n\u00edveis da atividade metab\u00f3lica no PFC. Quando a leitura do HEG aumenta durante uma sess\u00e3o, significa que o PFC est\u00e1 ativando e aumentando os n\u00edveis de sangue e oxig\u00eanio do sangue.<\/p>\n<p><img loading=\"lazy\" decoding=\"async\" class=\"alignright\" style=\"border: 0px;\" src=\"\/wp-content\/uploads\/2013\/10\/HEGsample.gif\" alt=\"\" width=\"400\" height=\"110\" border=\"0\" \/><br \/>\nOs neur\u00f4nios mais ocupados no c\u00e9rebro tem mais do que eles precisam para trabalhar, (oxig\u00eanio e glicose). Assim que o n\u00edvel de distribui\u00e7\u00e3o do sistema melhora, o cliente se torna mais capaz de controlar as fun\u00e7\u00f5es executivas por longos per\u00edodos de tempo. N\u00f3s sabemos que se voc\u00ea trabalhar e melhorar a fun\u00e7\u00e3o aer\u00f3bica no sistema no sistema cardio-pulmonar isso n\u00e3o quer dizer que voc\u00ea tem que correr o tempo todo, similarmente isso acontece com o treinamento de HEG, voc\u00ea melhora a fun\u00e7\u00e3o do PFC por per\u00edodos longos de tempo, mas voc\u00ea ainda consegue sentar quieto e relaxar quando quiser. e nenhum outro tipo de material como gel Prep para limpeza ou pasta condutora. O treinamento pode ser realizado de duas a tr\u00eas vezes por semana n\u00e3o ultrapassando 30 minutos.<\/p>\n<p>Assim como seu cora\u00e7\u00e3o, seu c\u00e9rebro opera com pulsos r\u00edtmicos de eletricidade. Cada n\u00edvel de energia tem suas pr\u00f3prias for\u00e7as e fraquezas.<\/p>\n<\/div>\n<div>\n<h2>EEG: ELECTRO-Encephalography<\/h2>\n<p><img loading=\"lazy\" decoding=\"async\" class=\"aligncenter\" style=\"border: 0px;\" title=\"EEG brain waves\" src=\"\/wp-content\/uploads\/2013\/10\/whitewaves.gif\" alt=\"EEG brain waves\" width=\"420\" height=\"137\" border=\"0\" \/><\/p>\n<p><strong>Pulsos lentos<\/strong> (Criativo \/ Intuitivo) \u2013 Estado onde a pessoa tende a pensar muito ou simplesmente sonhar acordada, h\u00e1 pouco contato com o meio ambiente e usa mais de imagens ao inv\u00e9s de palavras, tendendo a saltar direto para respostas ao inv\u00e9s de analisar por etapas. Permanecer neste estado, poder\u00e1 ter problemas de aten\u00e7\u00e3o ou de aprendizagem ou ficar deprimido.<\/p>\n<p><strong>Pulsos r\u00e1pidos<\/strong> (L\u00f3gico \/ Racional) \u2013 Estado onde o processamento acontece atrav\u00e9s de palavras, usando passos e sequ\u00eancias, onde a pessoa pode ser interna ou externamente focada. Permanecer neste estado, poder\u00e1 ocasionar em obsess\u00e3o, compuls\u00e3o, v\u00edcios ou ansiedade.<\/p>\n<p><strong>Velocidades m\u00e9dias<\/strong> (Consci\u00eancia plena) Estados puros de sensibiliza\u00e7\u00e3o. Incluem estados de pico em esportes ou desempenho, capacidade de fazer as coisas em \u201cpiloto autom\u00e1tico\u201d, quietude mental, relaxamento f\u00edsico e presen\u00e7a no momento. Quem permanecer aqui tender\u00e1 ficar a deriva atrav\u00e9s de tarefas, parecendo desmotivadas. Idealmente queremos o c\u00e9rebro seja capaz de mudar de estados lentos para estados mais r\u00e1pidos sem problemas e de forma f\u00e1cil e ficar em cada um, enquanto desejar. Muitos de n\u00f3s desenvolvem h\u00e1bitos energ\u00e9ticos, tendendo a ficar preso em uma velocidade particular, vivendo com seus pontos fortes e limita\u00e7\u00f5es.<\/p>\n<p><img loading=\"lazy\" decoding=\"async\" class=\"alignright\" style=\"border: 0px;\" title=\"brain trainer home training program\" src=\"\/wp-content\/uploads\/2013\/10\/twobackheadssmall.gif\" alt=\"brain trainer home training program\" width=\"386\" height=\"212\" border=\"0\" \/><\/p>\n<p>O EEG mede os padr\u00f5es el\u00e9tricos no c\u00e9rebro e pode guiar o c\u00e9rebro para padr\u00f5es mais funcionais. Atrav\u00e9s da mudan\u00e7a dos padr\u00f5es da mudan\u00e7a e conectividade, o EEG pode acalmar um c\u00e9rebro bastante excitado e pode ativar um c\u00e9rebro mais relaxado, melhorar a comunica\u00e7\u00e3o e acessar material do subconsciente. Ele pode treinar na cabe\u00e7a inteira e m\u00faltiplas localiza\u00e7\u00f5es ao mesmo tempo.<\/p>\n<p>O sistema de treinamento cerebral \u00e9 baseado na cren\u00e7a de que o treinamento mais efetivo de EEG se ajusta ao que o c\u00e9rebro j\u00e1 est\u00e1 fazendo. Fazer um treinamento \u00e0s cegas sem nenhuma informa\u00e7\u00e3o sobre o estado existente j\u00e1 do c\u00e9rebro, pode ter efeitos negativos ou desperdi\u00e7ar sess\u00f5es de treino. A brain-trainer oferece uma ferramenta de acesso baseada no c\u00e9rebro, <span style=\"text-decoration: underline;\"><a href=\"https:\/\/brain-trainer.com\/pt-br\/sobre\/avaliacao-tq7\/\" target=\"_blank\" rel=\"noopener\">o <strong>TQ7 Assessment Trainer\u00b4s Q<\/strong><\/a><\/span> que pode ser usado para identificar padr\u00f5es no c\u00e9rebro da pessoa que esta fazendo o treinamento que pode estar relacionado a problemas com aten\u00e7\u00e3o, humor, aprendizado, controle, performance, etc. O EEG oferece uma vasta op\u00e7\u00f5es de treinamentos e sites, mas as habilidades devem ser desenvolvidas. O EEG oferece uma grande quantidade de op\u00e7\u00f5es de treinamento, mas as habilidades devem ser desenvolvidas. Como os v\u00eddeos do treinamento cerebral, idealmente com um parceiro, leva muitas horas para praticar e gravar e reconhecer um EEG claro. Para colher as informa\u00e7\u00f5es do c\u00e9rebro e participar da produ\u00e7\u00e3o de um plano requer muitas horas de pr\u00e1tica e ent\u00e3o o treinamento pode come\u00e7ar.<\/p>\n<p>Para ver nossas op\u00e7\u00f5es de EEG <a href=\"https:\/\/btibrasil.com.br\/loja-bti-brasil\/\" rel=\"noopener\" target=\"_blank\"><strong>clique aqui<\/strong><\/a>\n<\/div>\n<\/div>\n<div class=\"col-md-4 well\">\n<h4>O que \u00e9 Treinamento Cerebral?<\/h4>\n<p>O c\u00e9rebro \u00e9 onde a mente e o corpo se juntam. Assim como voc\u00ea pode treinar o seu corpo para adquirir estamina, for\u00e7a ou flexibilidade, voc\u00ea pode treinar o seu c\u00e9rebro. Por muitos anos as pessoas t\u00eam usado a medita\u00e7\u00e3o e a reza para mudar o c\u00e9rebro atrav\u00e9s do treinamento da mente. Entretanto, nos \u00faltimos 50 anos a tecnologia de biofeedback se tornou uma op\u00e7\u00e3o muito mais r\u00e1pida e f\u00e1cil poss\u00edvel: Mude sua mente treinando diretamente seu c\u00e9rebro.<\/p>\n<p>Quando voc\u00ea d\u00e1 ao seu c\u00e9rebro informa\u00e7\u00e3o no tempo real sobre o seu n\u00edvel de energia voc\u00ea esta ensinando ele a aumentar ou diminuir o ritmo. Essa mudan\u00e7a do r\u00e1pido para o devagar pode ser feita de uma maneira mais tranquila, podendo tornar-se mais eficiente. Essas mudan\u00e7as fazem parte de nossa vida di\u00e1ria. O treinamento por Neurofeedback ou a terapia atrav\u00e9s do Biofeedback podem fazer isso por voc\u00ea.<\/p>\n<hr \/>\n<h4>O que acontece durante o treinamento cerebral?<\/h4>\n<p>O equipamento utilizado para o treinamento cerebral coleta informa\u00e7\u00f5es dos sensores (faixa HEG ou eletrodos) que s\u00e3o colocados no escalpo ou na testa enviam a informa\u00e7\u00e3o de como est\u00e1 a performance do seu c\u00e9rebro para o computador.<\/p>\n<p><img loading=\"lazy\" decoding=\"async\" class=\"aligncenter\" style=\"border: 0px;\" src=\"\/wp-content\/uploads\/2013\/10\/Johntrain2.gif\" alt=\"\" width=\"200\" height=\"138\" border=\"0\" \/><\/p>\n<p>O programa do treinamento cerebral aponta quais s\u00e3o as mudan\u00e7as especificas que voc\u00ea quer fazer no comportamento do c\u00e9rebro. O programa estabelece os alvos e os objetivos e ele lhe da um feedback atrav\u00e9s de m\u00fasica, v\u00eddeo, jogos, luminosidade, que iniciam ou param dependendo se ou n\u00e3o o c\u00e9rebro est\u00e1 atingindo o alvo. O treinamento cerebral n\u00e3o ensina truques ou t\u00e9cnicas, o seu c\u00e9rebro muda por si s\u00f3. Voc\u00ea n\u00e3o precisa pensar sobre alguma coisa ou tentar alguma coisa. Seu c\u00e9rebro tem um feedback quando voc\u00ea presta aten\u00e7\u00e3o ao que voc\u00ea est\u00e1 fazendo e ele se move na dire\u00e7\u00e3o desejada. Aqui no site brain-trainer.com, n\u00f3s oferecemos a voc\u00ea equipamentos de biofeedbcak, software e o treinamento para conseguir os resultados que quer alcan\u00e7ar com o Neurofeedback.<\/p>\n<hr \/>\n<h4>O que eu posso mudar?<\/h4>\n<p>Diferentes tipos de treinamento de Neurofeedback em diferentes \u00e1reas do c\u00e9rebro podem ajudar voc\u00ea:<\/p>\n<ul>\n<li>Aumentar a aten\u00e7\u00e3o, foco, aprendizado, mem\u00f3ria, criatividade e intui\u00e7\u00e3o;<\/li>\n<li>Obter um melhor controle de comportamento, emo\u00e7\u00f5es e pensamentos acelerados;<\/li>\n<li>Melhorar e estabilizar o humor e lidar com experi\u00eancias traum\u00e1ticas;<\/li>\n<li>Melhorar o sono, o apetite e outras fun\u00e7\u00f5es f\u00edsicas ou fisiol\u00f3gicas?<\/li>\n<li>Amenizar a dor e fadiga cr\u00f4nica;<\/li>\n<li>Reabilitar traumas cranianos, diminuir crises epil\u00e9ticas, dores de cabe\u00e7a e s\u00edndrome do intestino irrit\u00e1vel;<\/li>\n<li>Melhora a habilidade de permanecer \u201cin the zone\u201d e pico de performance.<\/li>\n<\/ul>\n<p>Recomendamos duas tecnologias de ponta para treinamento cerebral: HEG e EEG. Qualquer um dos dois pode ser usado sozinho, mas os planos de treinamento podem incorporar ambos os m\u00e9todos.<\/p>\n<\/div>\n","protected":false},"excerpt":{"rendered":"<p>HEG: Hemo-encefalograma O c\u00f3rtex pr\u00e9-frontal (CPF) considerado o centro executivo do c\u00e9rebro est\u00e1 localizado atr\u00e1s da testa, controla a aten\u00e7\u00e3o e bloqueia as distra\u00e7\u00f5es. Ele integra a constante passagem de material sensorial, emocional e mem\u00f3ria e decide o que essas informa\u00e7\u00f5es significam e que fazer com elas. Faz uma varredura nos impulsos f\u00edsicos, verbais e [&hellip;]<\/p>\n","protected":false},"author":112,"featured_media":0,"parent":11150,"menu_order":0,"comment_status":"closed","ping_status":"closed","template":"","meta":{"_acf_changed":false,"footnotes":""},"class_list":["post-11152","page","type-page","status-publish","hentry"],"acf":[],"yoast_head":"<!-- This site is optimized with the Yoast SEO plugin v25.9 - https:\/\/yoast.com\/wordpress\/plugins\/seo\/ -->\n<title>Treinamento Cerebral - brain-trainer.com<\/title>\n<meta name=\"robots\" content=\"index, follow, max-snippet:-1, max-image-preview:large, max-video-preview:-1\" \/>\n<link rel=\"canonical\" href=\"https:\/\/brain-trainer.com\/pt-br\/sobre\/treinamento-cerebral\/\" \/>\n<meta property=\"og:locale\" content=\"pt_BR\" \/>\n<meta property=\"og:type\" content=\"article\" \/>\n<meta property=\"og:title\" content=\"Treinamento Cerebral - brain-trainer.com\" \/>\n<meta property=\"og:description\" content=\"HEG: Hemo-encefalograma O c\u00f3rtex pr\u00e9-frontal (CPF) considerado o centro executivo do c\u00e9rebro est\u00e1 localizado atr\u00e1s da testa, controla a aten\u00e7\u00e3o e bloqueia as distra\u00e7\u00f5es. Ele integra a constante passagem de material sensorial, emocional e mem\u00f3ria e decide o que essas informa\u00e7\u00f5es significam e que fazer com elas. Faz uma varredura nos impulsos f\u00edsicos, verbais e [&hellip;]\" \/>\n<meta property=\"og:url\" content=\"https:\/\/brain-trainer.com\/pt-br\/sobre\/treinamento-cerebral\/\" \/>\n<meta property=\"og:site_name\" content=\"brain-trainer.com\" \/>\n<meta property=\"article:publisher\" content=\"https:\/\/www.facebook.com\/BraintrainerU\/\" \/>\n<meta property=\"og:image\" content=\"https:\/\/brain-trainer.com\/wp-content\/uploads\/2013\/10\/HEGhead.gif\" \/>\n<meta name=\"twitter:label1\" content=\"Est. tempo de leitura\" \/>\n\t<meta name=\"twitter:data1\" content=\"6 minutos\" \/>\n<script type=\"application\/ld+json\" class=\"yoast-schema-graph\">{\"@context\":\"https:\/\/schema.org\",\"@graph\":[{\"@type\":\"WebPage\",\"@id\":\"https:\/\/brain-trainer.com\/pt-br\/sobre\/treinamento-cerebral\/\",\"url\":\"https:\/\/brain-trainer.com\/pt-br\/sobre\/treinamento-cerebral\/\",\"name\":\"Treinamento Cerebral - brain-trainer.com\",\"isPartOf\":{\"@id\":\"https:\/\/brain-trainer.com\/pt-br\/#website\"},\"primaryImageOfPage\":{\"@id\":\"https:\/\/brain-trainer.com\/pt-br\/sobre\/treinamento-cerebral\/#primaryimage\"},\"image\":{\"@id\":\"https:\/\/brain-trainer.com\/pt-br\/sobre\/treinamento-cerebral\/#primaryimage\"},\"thumbnailUrl\":\"https:\/\/brain-trainer.com\/wp-content\/uploads\/2013\/10\/HEGhead.gif\",\"datePublished\":\"2024-11-08T01:39:05+00:00\",\"breadcrumb\":{\"@id\":\"https:\/\/brain-trainer.com\/pt-br\/sobre\/treinamento-cerebral\/#breadcrumb\"},\"inLanguage\":\"pt-BR\",\"potentialAction\":[{\"@type\":\"ReadAction\",\"target\":[\"https:\/\/brain-trainer.com\/pt-br\/sobre\/treinamento-cerebral\/\"]}]},{\"@type\":\"ImageObject\",\"inLanguage\":\"pt-BR\",\"@id\":\"https:\/\/brain-trainer.com\/pt-br\/sobre\/treinamento-cerebral\/#primaryimage\",\"url\":\"https:\/\/brain-trainer.com\/wp-content\/uploads\/2013\/10\/HEGhead.gif\",\"contentUrl\":\"https:\/\/brain-trainer.com\/wp-content\/uploads\/2013\/10\/HEGhead.gif\"},{\"@type\":\"BreadcrumbList\",\"@id\":\"https:\/\/brain-trainer.com\/pt-br\/sobre\/treinamento-cerebral\/#breadcrumb\",\"itemListElement\":[{\"@type\":\"ListItem\",\"position\":1,\"name\":\"Home\",\"item\":\"https:\/\/brain-trainer.com\/pt-br\/\"},{\"@type\":\"ListItem\",\"position\":2,\"name\":\"Sobre\",\"item\":\"https:\/\/brain-trainer.com\/pt-br\/sobre\/\"},{\"@type\":\"ListItem\",\"position\":3,\"name\":\"Treinamento Cerebral\"}]},{\"@type\":\"WebSite\",\"@id\":\"https:\/\/brain-trainer.com\/pt-br\/#website\",\"url\":\"https:\/\/brain-trainer.com\/pt-br\/\",\"name\":\"brain-trainer.com\",\"description\":\"By Trainers, For Trainers\",\"publisher\":{\"@id\":\"https:\/\/brain-trainer.com\/pt-br\/#organization\"},\"potentialAction\":[{\"@type\":\"SearchAction\",\"target\":{\"@type\":\"EntryPoint\",\"urlTemplate\":\"https:\/\/brain-trainer.com\/pt-br\/?s={search_term_string}\"},\"query-input\":{\"@type\":\"PropertyValueSpecification\",\"valueRequired\":true,\"valueName\":\"search_term_string\"}}],\"inLanguage\":\"pt-BR\"},{\"@type\":\"Organization\",\"@id\":\"https:\/\/brain-trainer.com\/pt-br\/#organization\",\"name\":\"Brain-Trainer International\",\"url\":\"https:\/\/brain-trainer.com\/pt-br\/\",\"logo\":{\"@type\":\"ImageObject\",\"inLanguage\":\"pt-BR\",\"@id\":\"https:\/\/brain-trainer.com\/pt-br\/#\/schema\/logo\/image\/\",\"url\":\"https:\/\/brain-trainer.com\/wp-content\/uploads\/2015\/07\/brain-trainer.com-logo.jpg\",\"contentUrl\":\"https:\/\/brain-trainer.com\/wp-content\/uploads\/2015\/07\/brain-trainer.com-logo.jpg\",\"width\":384,\"height\":124,\"caption\":\"Brain-Trainer International\"},\"image\":{\"@id\":\"https:\/\/brain-trainer.com\/pt-br\/#\/schema\/logo\/image\/\"},\"sameAs\":[\"https:\/\/www.facebook.com\/BraintrainerU\/\",\"https:\/\/x.com\/BraintrainerU\",\"https:\/\/www.instagram.com\/braintraineru\"]}]}<\/script>\n<!-- \/ Yoast SEO plugin. -->","yoast_head_json":{"title":"Treinamento Cerebral - brain-trainer.com","robots":{"index":"index","follow":"follow","max-snippet":"max-snippet:-1","max-image-preview":"max-image-preview:large","max-video-preview":"max-video-preview:-1"},"canonical":"https:\/\/brain-trainer.com\/pt-br\/sobre\/treinamento-cerebral\/","og_locale":"pt_BR","og_type":"article","og_title":"Treinamento Cerebral - brain-trainer.com","og_description":"HEG: Hemo-encefalograma O c\u00f3rtex pr\u00e9-frontal (CPF) considerado o centro executivo do c\u00e9rebro est\u00e1 localizado atr\u00e1s da testa, controla a aten\u00e7\u00e3o e bloqueia as distra\u00e7\u00f5es. Ele integra a constante passagem de material sensorial, emocional e mem\u00f3ria e decide o que essas informa\u00e7\u00f5es significam e que fazer com elas. Faz uma varredura nos impulsos f\u00edsicos, verbais e [&hellip;]","og_url":"https:\/\/brain-trainer.com\/pt-br\/sobre\/treinamento-cerebral\/","og_site_name":"brain-trainer.com","article_publisher":"https:\/\/www.facebook.com\/BraintrainerU\/","og_image":[{"url":"https:\/\/brain-trainer.com\/wp-content\/uploads\/2013\/10\/HEGhead.gif","type":"","width":"","height":""}],"twitter_misc":{"Est. tempo de leitura":"6 minutos"},"schema":{"@context":"https:\/\/schema.org","@graph":[{"@type":"WebPage","@id":"https:\/\/brain-trainer.com\/pt-br\/sobre\/treinamento-cerebral\/","url":"https:\/\/brain-trainer.com\/pt-br\/sobre\/treinamento-cerebral\/","name":"Treinamento Cerebral - brain-trainer.com","isPartOf":{"@id":"https:\/\/brain-trainer.com\/pt-br\/#website"},"primaryImageOfPage":{"@id":"https:\/\/brain-trainer.com\/pt-br\/sobre\/treinamento-cerebral\/#primaryimage"},"image":{"@id":"https:\/\/brain-trainer.com\/pt-br\/sobre\/treinamento-cerebral\/#primaryimage"},"thumbnailUrl":"https:\/\/brain-trainer.com\/wp-content\/uploads\/2013\/10\/HEGhead.gif","datePublished":"2024-11-08T01:39:05+00:00","breadcrumb":{"@id":"https:\/\/brain-trainer.com\/pt-br\/sobre\/treinamento-cerebral\/#breadcrumb"},"inLanguage":"pt-BR","potentialAction":[{"@type":"ReadAction","target":["https:\/\/brain-trainer.com\/pt-br\/sobre\/treinamento-cerebral\/"]}]},{"@type":"ImageObject","inLanguage":"pt-BR","@id":"https:\/\/brain-trainer.com\/pt-br\/sobre\/treinamento-cerebral\/#primaryimage","url":"https:\/\/brain-trainer.com\/wp-content\/uploads\/2013\/10\/HEGhead.gif","contentUrl":"https:\/\/brain-trainer.com\/wp-content\/uploads\/2013\/10\/HEGhead.gif"},{"@type":"BreadcrumbList","@id":"https:\/\/brain-trainer.com\/pt-br\/sobre\/treinamento-cerebral\/#breadcrumb","itemListElement":[{"@type":"ListItem","position":1,"name":"Home","item":"https:\/\/brain-trainer.com\/pt-br\/"},{"@type":"ListItem","position":2,"name":"Sobre","item":"https:\/\/brain-trainer.com\/pt-br\/sobre\/"},{"@type":"ListItem","position":3,"name":"Treinamento Cerebral"}]},{"@type":"WebSite","@id":"https:\/\/brain-trainer.com\/pt-br\/#website","url":"https:\/\/brain-trainer.com\/pt-br\/","name":"brain-trainer.com","description":"By Trainers, For Trainers","publisher":{"@id":"https:\/\/brain-trainer.com\/pt-br\/#organization"},"potentialAction":[{"@type":"SearchAction","target":{"@type":"EntryPoint","urlTemplate":"https:\/\/brain-trainer.com\/pt-br\/?s={search_term_string}"},"query-input":{"@type":"PropertyValueSpecification","valueRequired":true,"valueName":"search_term_string"}}],"inLanguage":"pt-BR"},{"@type":"Organization","@id":"https:\/\/brain-trainer.com\/pt-br\/#organization","name":"Brain-Trainer International","url":"https:\/\/brain-trainer.com\/pt-br\/","logo":{"@type":"ImageObject","inLanguage":"pt-BR","@id":"https:\/\/brain-trainer.com\/pt-br\/#\/schema\/logo\/image\/","url":"https:\/\/brain-trainer.com\/wp-content\/uploads\/2015\/07\/brain-trainer.com-logo.jpg","contentUrl":"https:\/\/brain-trainer.com\/wp-content\/uploads\/2015\/07\/brain-trainer.com-logo.jpg","width":384,"height":124,"caption":"Brain-Trainer International"},"image":{"@id":"https:\/\/brain-trainer.com\/pt-br\/#\/schema\/logo\/image\/"},"sameAs":["https:\/\/www.facebook.com\/BraintrainerU\/","https:\/\/x.com\/BraintrainerU","https:\/\/www.instagram.com\/braintraineru"]}]}},"_links":{"self":[{"href":"https:\/\/brain-trainer.com\/pt-br\/wp-json\/wp\/v2\/pages\/11152","targetHints":{"allow":["GET"]}}],"collection":[{"href":"https:\/\/brain-trainer.com\/pt-br\/wp-json\/wp\/v2\/pages"}],"about":[{"href":"https:\/\/brain-trainer.com\/pt-br\/wp-json\/wp\/v2\/types\/page"}],"author":[{"embeddable":true,"href":"https:\/\/brain-trainer.com\/pt-br\/wp-json\/wp\/v2\/users\/112"}],"replies":[{"embeddable":true,"href":"https:\/\/brain-trainer.com\/pt-br\/wp-json\/wp\/v2\/comments?post=11152"}],"version-history":[{"count":6,"href":"https:\/\/brain-trainer.com\/pt-br\/wp-json\/wp\/v2\/pages\/11152\/revisions"}],"predecessor-version":[{"id":40093,"href":"https:\/\/brain-trainer.com\/pt-br\/wp-json\/wp\/v2\/pages\/11152\/revisions\/40093"}],"up":[{"embeddable":true,"href":"https:\/\/brain-trainer.com\/pt-br\/wp-json\/wp\/v2\/pages\/11150"}],"wp:attachment":[{"href":"https:\/\/brain-trainer.com\/pt-br\/wp-json\/wp\/v2\/media?parent=11152"}],"curies":[{"name":"wp","href":"https:\/\/api.w.org\/{rel}","templated":true}]}}