{"id":11154,"date":"2024-11-07T20:39:02","date_gmt":"2024-11-08T01:39:02","guid":{"rendered":"https:\/\/brain-trainer.com\/?page_id=11154"},"modified":"2024-11-07T20:39:02","modified_gmt":"2024-11-08T01:39:02","slug":"avaliacao-tq7","status":"publish","type":"page","link":"https:\/\/brain-trainer.com\/pt-br\/sobre\/avaliacao-tq7\/","title":{"rendered":"Avalia\u00e7\u00e3o TQ7"},"content":{"rendered":"<div class=\"col-md-8\">\n<div>    <form role=\"search\" method=\"get\" class=\"custom-search-form\" action=\"https:\/\/brain-trainer.com\/pt-br\/\">\r\n        <input type=\"search\" class=\"search-field\" placeholder=\"Pesquisar &hellip;\" value=\"\" name=\"s\" \/>\r\n        <select name=\"post_type\">\r\n            <option value=\"\"  selected='selected'>All<\/option>\r\n            <option value=\"post\">Blog Posts<\/option><option value=\"page\">Site Pages<\/option><option value=\"answer\">Answers<\/option><option value=\"support\">Support Resources<\/option><option value=\"product\">Products<\/option>        <\/select>\r\n        <button type=\"submit\" class=\"search-submit\">Pesquisar<\/button>\r\n    <\/form>\r\n    <\/div>\n<h2>Sistema de Avalia\u00e7\u00e3o Brain-Trainer<\/h2>\n<h3>A Avalia\u00e7\u00e3o TQ7<\/h3>\n<p>A maioria dos treinadores concordam que os clientes respondem melhor aos planos de treinamento personalizados para seus padr\u00f5es cerebrais existentes. A Avalia\u00e7\u00e3o TLC7 de padr\u00f5es cerebrais \u00e9 uma ferramenta pr\u00e1tica e econ\u00f4mica que permite aos treinadores cerebrais receber uma an\u00e1lise detalhada das rela\u00e7\u00f5es dentro do c\u00e9rebro usando os softwares Bioexplorer ou Infiniti e o mesmo amplificador que usam para o treinamento. Os resultados s\u00e3o obtidos em uma quest\u00e3o de segundos.<\/p>\n<p>O TLC7 leva de 45 a 60 minutos para ser conclu\u00eddo, podendo ser feito profissionais ou outros usu\u00e1rios. As grava\u00e7\u00f5es s\u00e3o feitas em seis pares de sites de olhos fechados (OF) , olhos abertos (OA ) e fazendo uma tarefa mental (TRF). Foram adicionados mais 3 pares de sites opcionais que podem ser adicionados conforme as necessidades do treinador.<\/p>\n<h3>P\u00e1gina Analisar<\/h3>\n<p>A p\u00e1gina Analisar resume as conclus\u00f5es da avalia\u00e7\u00e3o completa e identifica em uma \u00fanica exibi\u00e7\u00e3o as categorias de treinamento que sugerem \u00e1reas com problemas. Os n\u00fameros vermelhos indicam valores acima do esperado, n\u00fameros azuis valores menores do que o esperado.<\/p>\n<div style=\"text-align: center;\">\n<p><img decoding=\"async\" class=\"alignnone\" src=\"\/wp-content\/uploads\/2013\/10\/Analyze.gif\" alt=\"TLC7 Analisar\" \/><\/p>\n<\/div>\n<h3>Mapas de Distribui\u00e7\u00e3o de Frequ\u00eancias<\/h3>\n<p>Os mapas mostram a porcentagem de atividade cerebral em 10 frequ\u00eancias chave ao redor do c\u00e9rebro e como os padr\u00f5es mudam nos estados de repouso olhos fechados e abertos e durante tarefas.<\/p>\n<div style=\"text-align: center;\"><img decoding=\"async\" class=\"alignnone\" src=\"\/wp-content\/uploads\/2013\/10\/newmaps.gif\" alt=\"TLC7 Mapas de Distribui\u00e7\u00e3o de Frequ\u00eancias\" \/><\/div>\n<p>Estes podem ser \u00fateis no sentido de obter uma vis\u00e3o geral do &#8220;estilo&#8221; do c\u00e9rebro e identificar \u00e1reas onde pode ter havido les\u00f5es. As cores mais claras representam as maiores porcentagens de uma frequ\u00eancia particular do EEG total.<\/p>\n<h3>Heads &#8211; Exibi\u00e7\u00e3o do Poder Absoluto e Amplitudes Relativas<\/h3>\n<p>Os dados informados em Heads s\u00e3o sinalizados pela frequ\u00eancia com um c\u00f3digo de cores, para torn\u00e1-lo mais f\u00e1cil de comparar os valores absolutos (cabe\u00e7a \u00e0 esquerda) e os valores relativos (cabe\u00e7a \u00e0 direita).<\/p>\n<div style=\"text-align: center;\"><img decoding=\"async\" class=\"alignnone\" src=\"\/wp-content\/uploads\/2013\/10\/Heads.gif\" alt=\"TLC7 Exibi\u00e7\u00e3o do Poder Absoluto e Amplitudes Relativas\" \/><\/div>\n<p>Clicando nos bot\u00f5es na parte inferior da p\u00e1gina, o treinador consegue ver as informa\u00e7\u00f5es para olhos fechados, olhos abertos ou tarefa. Esta p\u00e1gina \u00e9 especialmente \u00fatil na compara\u00e7\u00e3o de valores Beta ou Alfa entre os sites, e para julgar os n\u00edveis globais de atividade r\u00e1pida.<\/p>\n<h3>Histogramas<\/h3>\n<p>Histogramas comparam amplitudes da esquerda e direita em 10 faixas de frequ\u00eancias para cada \u00e1rea do c\u00e9rebro durante as condi\u00e7\u00f5es de olhos fechados, olhos abertos e tarefa. Com um clique do mouse, os gr\u00e1ficos podem adicionar ou remover as condi\u00e7\u00f5es, ou at\u00e9 mesmo focar em um hemisf\u00e9rio.<\/p>\n<p>Existem tr\u00eas p\u00e1ginas de Histograma. Os histogramas de amplitude, uma parte vista aqui mostra a distribui\u00e7\u00e3o de amplitude entre todas as frequ\u00eancias em cada site. Problemas de simetria e ativa\u00e7\u00e3o reversa s\u00e3o facilmente vistos.<\/p>\n<div style=\"text-align: center;\"><img decoding=\"async\" class=\"alignnone\" src=\"\/wp-content\/uploads\/2013\/10\/AbsHistogram.gif\" alt=\"TLC7 Histogramas\" \/><\/div>\n<p>Os Histogramas de Variabilidade mostram, para cada site, a quantidade de varia\u00e7\u00e3o de amplitude em cada faixa de frequ\u00eancia em cada uma das tr\u00eas condi\u00e7\u00f5es. Altos n\u00edveis de variabilidade indicam controle limitado. C\u00e9rebros que mostram variabilidade extremamente baixa podem sugerir controle excessivo.<\/p>\n<p>Os Histogramas de Simetria mostram diferen\u00e7as na amplitude entre os dois membros de um par de site em cada uma das frequ\u00eancias em cada condi\u00e7\u00e3o. Geralmente as amplitudes devem ser sim\u00e9tricas entre dois pares do site. Valores pequenos indicam simetria, valores altos sugerem Canal 1 (grande positivo) ou Canal 2 (grande negativa) est\u00e1 dominando.<\/p>\n<h3>P\u00e1gina Relat\u00f3rio<\/h3>\n<p>A p\u00e1gina de Relat\u00f3rio cont\u00e9m tabelas com c\u00f3digo de cores de dados importantes. Medidas est\u00e3o dispostas de modo que os n\u00fameros vermelhos sugerem leituras mais altas do que os n\u00fameros esperados e azuis sugerem leituras mais baixas do que o esperado. As informa\u00e7\u00f5es s\u00e3o apresentadas para todos os sites sob todas as tr\u00eas condi\u00e7\u00f5es.<\/p>\n<p>A p\u00e1gina do relat\u00f3rio, uma parte vista aqui, fornece a raz\u00e3o das faixas de frequ\u00eancia reconhecidamente importantes, como as rela\u00e7\u00f5es Teta\/Alfa e Teta\/Beta. As frequ\u00eancias de pico dentro do meio, r\u00e1pido e bandas globais tamb\u00e9m s\u00e3o mostrados.<\/p>\n<div style=\"text-align: center;\"><img decoding=\"async\" class=\"alignnone\" src=\"\/wp-content\/uploads\/2013\/10\/Reports.gif\" alt=\"TLC7 P\u00e1gina Relat\u00f3rio\" \/><\/div>\n<h3>P\u00e1gina de Sincronia<\/h3>\n<p>Sincronia \u00e9 a capacidade do c\u00e9rebro de se comunicar de forma eficiente dentro de si. A p\u00e1gina Sincronia mostra os n\u00edveis de coer\u00eancia e fase de bloqueio entre os dois membros de um par de sites, por exemplo, frontal esquerdo e direito, para todas as frequ\u00eancias, sites e condi\u00e7\u00f5es. Altos n\u00edveis de alta coer\u00eancia nas ondas r\u00e1pidas ou baixa coer\u00eancia nas ondas lentas s\u00e3o identificados por cores.<\/p>\n<div><em><a href=\"https:\/\/brain-trainer.com\/pt-br\/sobre\/avaliacao-tq7\/padroes-cerebrais-no-tq7\/\">Saiba mais sobre os padr\u00f5es cerebrais<\/a><\/em><\/div>\n<\/div>\n<div class=\"col-md-4 well\">\n<h4>Encomendar e baixar a Avalia\u00e7\u00e3o TQ7<\/h4>\n<p>Encontre informa\u00e7\u00f5es para encomendar e fazer <a href=\"https:\/\/btibrasil.com.br\/loja-bti-brasil\/\" target=\"_blank\" rel=\"noopener\">TQ7 Avalia\u00e7\u00e3o.<\/a><\/p>\n<hr \/>\n<p><center><iframe loading=\"lazy\" src=\"\/\/www.youtube.com\/embed\/QFbSf65OqZ4?rel=0&amp;showinfo=1&amp;rel=0&amp;autohide=1\" width=\"320\" height=\"180\" frameborder=\"0\" allowfullscreen=\"allowfullscreen\"><span style=\"display: inline-block; width: 0px; overflow: hidden; line-height: 0;\" data-mce-type=\"bookmark\" class=\"mce_SELRES_start\">\ufeff<\/span><\/iframe><\/center><\/p>\n","protected":false},"excerpt":{"rendered":"<p>Sistema de Avalia\u00e7\u00e3o Brain-Trainer A Avalia\u00e7\u00e3o TQ7 A maioria dos treinadores concordam que os clientes respondem melhor aos planos de treinamento personalizados para seus padr\u00f5es cerebrais existentes. A Avalia\u00e7\u00e3o TLC7 de padr\u00f5es cerebrais \u00e9 uma ferramenta pr\u00e1tica e econ\u00f4mica que permite aos treinadores cerebrais receber uma an\u00e1lise detalhada das rela\u00e7\u00f5es dentro do c\u00e9rebro usando os [&hellip;]<\/p>\n","protected":false},"author":112,"featured_media":0,"parent":11150,"menu_order":0,"comment_status":"closed","ping_status":"closed","template":"","meta":{"_acf_changed":false,"footnotes":""},"class_list":["post-11154","page","type-page","status-publish","hentry"],"acf":[],"yoast_head":"<!-- This site is optimized with the Yoast SEO plugin v25.9 - https:\/\/yoast.com\/wordpress\/plugins\/seo\/ -->\n<title>Avalia\u00e7\u00e3o TQ7 - brain-trainer.com<\/title>\n<meta name=\"robots\" content=\"index, follow, max-snippet:-1, max-image-preview:large, max-video-preview:-1\" \/>\n<link rel=\"canonical\" href=\"https:\/\/brain-trainer.com\/pt-br\/sobre\/avaliacao-tq7\/\" \/>\n<meta property=\"og:locale\" content=\"pt_BR\" \/>\n<meta property=\"og:type\" content=\"article\" \/>\n<meta property=\"og:title\" content=\"Avalia\u00e7\u00e3o TQ7 - brain-trainer.com\" \/>\n<meta property=\"og:description\" content=\"Sistema de Avalia\u00e7\u00e3o Brain-Trainer A Avalia\u00e7\u00e3o TQ7 A maioria dos treinadores concordam que os clientes respondem melhor aos planos de treinamento personalizados para seus padr\u00f5es cerebrais existentes. A Avalia\u00e7\u00e3o TLC7 de padr\u00f5es cerebrais \u00e9 uma ferramenta pr\u00e1tica e econ\u00f4mica que permite aos treinadores cerebrais receber uma an\u00e1lise detalhada das rela\u00e7\u00f5es dentro do c\u00e9rebro usando os [&hellip;]\" \/>\n<meta property=\"og:url\" content=\"https:\/\/brain-trainer.com\/pt-br\/sobre\/avaliacao-tq7\/\" \/>\n<meta property=\"og:site_name\" content=\"brain-trainer.com\" \/>\n<meta property=\"article:publisher\" content=\"https:\/\/www.facebook.com\/BraintrainerU\/\" \/>\n<meta name=\"twitter:label1\" content=\"Est. tempo de leitura\" \/>\n\t<meta name=\"twitter:data1\" content=\"5 minutos\" \/>\n<script type=\"application\/ld+json\" class=\"yoast-schema-graph\">{\"@context\":\"https:\/\/schema.org\",\"@graph\":[{\"@type\":\"WebPage\",\"@id\":\"https:\/\/brain-trainer.com\/pt-br\/sobre\/avaliacao-tq7\/\",\"url\":\"https:\/\/brain-trainer.com\/pt-br\/sobre\/avaliacao-tq7\/\",\"name\":\"Avalia\u00e7\u00e3o TQ7 - brain-trainer.com\",\"isPartOf\":{\"@id\":\"https:\/\/brain-trainer.com\/pt-br\/#website\"},\"datePublished\":\"2024-11-08T01:39:02+00:00\",\"breadcrumb\":{\"@id\":\"https:\/\/brain-trainer.com\/pt-br\/sobre\/avaliacao-tq7\/#breadcrumb\"},\"inLanguage\":\"pt-BR\",\"potentialAction\":[{\"@type\":\"ReadAction\",\"target\":[\"https:\/\/brain-trainer.com\/pt-br\/sobre\/avaliacao-tq7\/\"]}]},{\"@type\":\"BreadcrumbList\",\"@id\":\"https:\/\/brain-trainer.com\/pt-br\/sobre\/avaliacao-tq7\/#breadcrumb\",\"itemListElement\":[{\"@type\":\"ListItem\",\"position\":1,\"name\":\"Home\",\"item\":\"https:\/\/brain-trainer.com\/pt-br\/\"},{\"@type\":\"ListItem\",\"position\":2,\"name\":\"Sobre\",\"item\":\"https:\/\/brain-trainer.com\/pt-br\/sobre\/\"},{\"@type\":\"ListItem\",\"position\":3,\"name\":\"Avalia\u00e7\u00e3o TQ7\"}]},{\"@type\":\"WebSite\",\"@id\":\"https:\/\/brain-trainer.com\/pt-br\/#website\",\"url\":\"https:\/\/brain-trainer.com\/pt-br\/\",\"name\":\"brain-trainer.com\",\"description\":\"By Trainers, For Trainers\",\"publisher\":{\"@id\":\"https:\/\/brain-trainer.com\/pt-br\/#organization\"},\"potentialAction\":[{\"@type\":\"SearchAction\",\"target\":{\"@type\":\"EntryPoint\",\"urlTemplate\":\"https:\/\/brain-trainer.com\/pt-br\/?s={search_term_string}\"},\"query-input\":{\"@type\":\"PropertyValueSpecification\",\"valueRequired\":true,\"valueName\":\"search_term_string\"}}],\"inLanguage\":\"pt-BR\"},{\"@type\":\"Organization\",\"@id\":\"https:\/\/brain-trainer.com\/pt-br\/#organization\",\"name\":\"Brain-Trainer International\",\"url\":\"https:\/\/brain-trainer.com\/pt-br\/\",\"logo\":{\"@type\":\"ImageObject\",\"inLanguage\":\"pt-BR\",\"@id\":\"https:\/\/brain-trainer.com\/pt-br\/#\/schema\/logo\/image\/\",\"url\":\"https:\/\/brain-trainer.com\/wp-content\/uploads\/2015\/07\/brain-trainer.com-logo.jpg\",\"contentUrl\":\"https:\/\/brain-trainer.com\/wp-content\/uploads\/2015\/07\/brain-trainer.com-logo.jpg\",\"width\":384,\"height\":124,\"caption\":\"Brain-Trainer International\"},\"image\":{\"@id\":\"https:\/\/brain-trainer.com\/pt-br\/#\/schema\/logo\/image\/\"},\"sameAs\":[\"https:\/\/www.facebook.com\/BraintrainerU\/\",\"https:\/\/x.com\/BraintrainerU\",\"https:\/\/www.instagram.com\/braintraineru\"]}]}<\/script>\n<!-- \/ Yoast SEO plugin. -->","yoast_head_json":{"title":"Avalia\u00e7\u00e3o TQ7 - brain-trainer.com","robots":{"index":"index","follow":"follow","max-snippet":"max-snippet:-1","max-image-preview":"max-image-preview:large","max-video-preview":"max-video-preview:-1"},"canonical":"https:\/\/brain-trainer.com\/pt-br\/sobre\/avaliacao-tq7\/","og_locale":"pt_BR","og_type":"article","og_title":"Avalia\u00e7\u00e3o TQ7 - brain-trainer.com","og_description":"Sistema de Avalia\u00e7\u00e3o Brain-Trainer A Avalia\u00e7\u00e3o TQ7 A maioria dos treinadores concordam que os clientes respondem melhor aos planos de treinamento personalizados para seus padr\u00f5es cerebrais existentes. A Avalia\u00e7\u00e3o TLC7 de padr\u00f5es cerebrais \u00e9 uma ferramenta pr\u00e1tica e econ\u00f4mica que permite aos treinadores cerebrais receber uma an\u00e1lise detalhada das rela\u00e7\u00f5es dentro do c\u00e9rebro usando os [&hellip;]","og_url":"https:\/\/brain-trainer.com\/pt-br\/sobre\/avaliacao-tq7\/","og_site_name":"brain-trainer.com","article_publisher":"https:\/\/www.facebook.com\/BraintrainerU\/","twitter_misc":{"Est. tempo de leitura":"5 minutos"},"schema":{"@context":"https:\/\/schema.org","@graph":[{"@type":"WebPage","@id":"https:\/\/brain-trainer.com\/pt-br\/sobre\/avaliacao-tq7\/","url":"https:\/\/brain-trainer.com\/pt-br\/sobre\/avaliacao-tq7\/","name":"Avalia\u00e7\u00e3o TQ7 - brain-trainer.com","isPartOf":{"@id":"https:\/\/brain-trainer.com\/pt-br\/#website"},"datePublished":"2024-11-08T01:39:02+00:00","breadcrumb":{"@id":"https:\/\/brain-trainer.com\/pt-br\/sobre\/avaliacao-tq7\/#breadcrumb"},"inLanguage":"pt-BR","potentialAction":[{"@type":"ReadAction","target":["https:\/\/brain-trainer.com\/pt-br\/sobre\/avaliacao-tq7\/"]}]},{"@type":"BreadcrumbList","@id":"https:\/\/brain-trainer.com\/pt-br\/sobre\/avaliacao-tq7\/#breadcrumb","itemListElement":[{"@type":"ListItem","position":1,"name":"Home","item":"https:\/\/brain-trainer.com\/pt-br\/"},{"@type":"ListItem","position":2,"name":"Sobre","item":"https:\/\/brain-trainer.com\/pt-br\/sobre\/"},{"@type":"ListItem","position":3,"name":"Avalia\u00e7\u00e3o TQ7"}]},{"@type":"WebSite","@id":"https:\/\/brain-trainer.com\/pt-br\/#website","url":"https:\/\/brain-trainer.com\/pt-br\/","name":"brain-trainer.com","description":"By Trainers, For Trainers","publisher":{"@id":"https:\/\/brain-trainer.com\/pt-br\/#organization"},"potentialAction":[{"@type":"SearchAction","target":{"@type":"EntryPoint","urlTemplate":"https:\/\/brain-trainer.com\/pt-br\/?s={search_term_string}"},"query-input":{"@type":"PropertyValueSpecification","valueRequired":true,"valueName":"search_term_string"}}],"inLanguage":"pt-BR"},{"@type":"Organization","@id":"https:\/\/brain-trainer.com\/pt-br\/#organization","name":"Brain-Trainer International","url":"https:\/\/brain-trainer.com\/pt-br\/","logo":{"@type":"ImageObject","inLanguage":"pt-BR","@id":"https:\/\/brain-trainer.com\/pt-br\/#\/schema\/logo\/image\/","url":"https:\/\/brain-trainer.com\/wp-content\/uploads\/2015\/07\/brain-trainer.com-logo.jpg","contentUrl":"https:\/\/brain-trainer.com\/wp-content\/uploads\/2015\/07\/brain-trainer.com-logo.jpg","width":384,"height":124,"caption":"Brain-Trainer International"},"image":{"@id":"https:\/\/brain-trainer.com\/pt-br\/#\/schema\/logo\/image\/"},"sameAs":["https:\/\/www.facebook.com\/BraintrainerU\/","https:\/\/x.com\/BraintrainerU","https:\/\/www.instagram.com\/braintraineru"]}]}},"_links":{"self":[{"href":"https:\/\/brain-trainer.com\/pt-br\/wp-json\/wp\/v2\/pages\/11154","targetHints":{"allow":["GET"]}}],"collection":[{"href":"https:\/\/brain-trainer.com\/pt-br\/wp-json\/wp\/v2\/pages"}],"about":[{"href":"https:\/\/brain-trainer.com\/pt-br\/wp-json\/wp\/v2\/types\/page"}],"author":[{"embeddable":true,"href":"https:\/\/brain-trainer.com\/pt-br\/wp-json\/wp\/v2\/users\/112"}],"replies":[{"embeddable":true,"href":"https:\/\/brain-trainer.com\/pt-br\/wp-json\/wp\/v2\/comments?post=11154"}],"version-history":[{"count":12,"href":"https:\/\/brain-trainer.com\/pt-br\/wp-json\/wp\/v2\/pages\/11154\/revisions"}],"predecessor-version":[{"id":38545,"href":"https:\/\/brain-trainer.com\/pt-br\/wp-json\/wp\/v2\/pages\/11154\/revisions\/38545"}],"up":[{"embeddable":true,"href":"https:\/\/brain-trainer.com\/pt-br\/wp-json\/wp\/v2\/pages\/11150"}],"wp:attachment":[{"href":"https:\/\/brain-trainer.com\/pt-br\/wp-json\/wp\/v2\/media?parent=11154"}],"curies":[{"name":"wp","href":"https:\/\/api.w.org\/{rel}","templated":true}]}}