{"id":11159,"date":"2024-11-07T20:39:07","date_gmt":"2024-11-08T01:39:07","guid":{"rendered":"https:\/\/brain-trainer.com\/?page_id=11159"},"modified":"2024-11-07T20:39:07","modified_gmt":"2024-11-08T01:39:07","slug":"z-scores-vs-trainers-q","status":"publish","type":"page","link":"https:\/\/brain-trainer.com\/pt-br\/z-scores-vs-trainers-q\/","title":{"rendered":"Z-scores vs Trainer&#8217;s Q"},"content":{"rendered":"    <form role=\"search\" method=\"get\" class=\"custom-search-form\" action=\"https:\/\/brain-trainer.com\/pt-br\/\">\r\n        <input type=\"search\" class=\"search-field\" placeholder=\"Pesquisar &hellip;\" value=\"\" name=\"s\" \/>\r\n        <select name=\"post_type\">\r\n            <option value=\"\"  selected='selected'>All<\/option>\r\n            <option value=\"post\">Blog Posts<\/option><option value=\"page\">Site Pages<\/option><option value=\"answer\">Answers<\/option><option value=\"support\">Support Resources<\/option><option value=\"product\">Products<\/option>        <\/select>\r\n        <button type=\"submit\" class=\"search-submit\">Pesquisar<\/button>\r\n    <\/form>\r\n    \n<h2>NeuroGuide e Z-scores vs brain-trainer Trainer&#8217;s Q Avalia\u00e7\u00e3o<\/h2>\n<p>Em primeiro lugar quero manifestar meu apre\u00e7o e gratid\u00e3o pelo trabalho do Peter e seus esfor\u00e7os no TLC7 e no sistema Brain-Trainer. Estou REALMENTE convencido de que estas ferramentas de avalia\u00e7\u00e3o e treinamento funcionam e s\u00e3o rent\u00e1veis porque obtenho um alto lucro com a pr\u00e1tica di\u00e1ria do neurofeedback!<\/p>\n<p>Trabalhei muito (e ainda trabalho) com o dispositivo BM Discovery e o NeuroGuide tanto para avalia\u00e7\u00e3o de QEEG quanto para o Z-Score NFB, os quais fornecem uma perfeita integra\u00e7\u00e3o da avalia\u00e7\u00e3o e do treinamento mas, na verdade, baseado na compara\u00e7\u00e3o de uma base de dados normativa com a m\u00e9dia de uma determinada popula\u00e7\u00e3o e treinando \u00e1reas anormais do c\u00e9rebro para a m\u00e9dia respectivamente normal. Estava tendo e ainda tenho um bom sucesso com o NeuroGuide. Entretanto, tamb\u00e9m houveram casos que n\u00e3o progrediram bem com o treinamento e n\u00e3o melhoraram muito no geral ou muito al\u00e9m de um determinado n\u00edvel de progresso. Ent\u00e3o eu me deparei com o fato de que o Z-Score NBF &#8211; o tanto convincente quanto possa parecer para caras cientificamente orientados como eu &#8211; tem algumas limita\u00e7\u00f5es e n\u00e3o te leva para frente em todos os casos ou com todos os clientes.<\/p>\n<p>Portanto, eu estava \u00e0 procura de alternativas boas e \u00fateis e achei que valeria a pena olhar mais de perto o TLC7 e o sistema Brain-Trainer. Tenho lidado intensamente e trabalhado com ambos a cerca de um ano e devo dizer que eu realmente amo isso!<\/p>\n<p>Para mim, a avalia\u00e7\u00e3o TLC7 \u00e9 um complemento muito valioso, bem como uma alternativa razo\u00e1vel para uma avalia\u00e7\u00e3o de QEEG. Descobri que a avalia\u00e7\u00e3o TLC7 fornece uma imagem <strong>b\u00e1sica<\/strong> do c\u00e9rebro do cliente <strong>muito semelhante<\/strong> a um QEEG feito com o NeuroGuide. \u00c9 claro que as informa\u00e7\u00f5es e os mapas do c\u00e9rebro destas duas avalia\u00e7\u00f5es n\u00e3o s\u00e3o id\u00eanticos, mas parecidos, e de alguma forma, se assemelham em muitos aspectos.<\/p>\n<p>Por acaso eu tenho um cliente com um c\u00f3rtex pr\u00e9-frontal muito quente (beta extremamente alta em Fp1, Fp2, F3 e F4), os quais especificamente disparam com os olhos abertos e em tarefa, como visto nas p\u00e1ginas de mapas do TLC:<br \/>\n<img decoding=\"async\" src=\"https:\/\/brain-trainer.com\/wp-content\/uploads\/2014\/06\/cntest-1.jpg\" alt=\"TLC mapas\" \/><br \/>\nIgualmente \u00e9 mostrado para o mesmo cliente com o NeuroGuide &#8211; aqui uma avalia\u00e7\u00e3o com os olhos abertos. Ambas as avalia\u00e7\u00f5es (TLC7 e QEEG com NG) foram feitas no mesmo dia, uma ap\u00f3s a outra:<br \/>\n<img decoding=\"async\" src=\"https:\/\/brain-trainer.com\/wp-content\/uploads\/2014\/06\/cntest-2.jpg\" alt=\"NeuroGuide mapas\" width=\"500\" \/><\/p>\n<p>O NeuroGuide tamb\u00e9m mostra valores de coer\u00eancia baixos para este cliente em todo o c\u00e9rebro e em todas as faixas de frequ\u00eancias (exceto alfa) &#8211; aqui a mesma avalia\u00e7\u00e3o com os olhos abertos:<br \/>\n<img decoding=\"async\" src=\"https:\/\/brain-trainer.com\/wp-content\/uploads\/2014\/06\/cntest-3.jpg\" alt=\"NeuroGuide coer\u00eancia\" \/><\/p>\n<p>Praticamente o mesmo \u00e9 mostrado na p\u00e1gina de sincronia do TLC. No entanto, o TLC tamb\u00e9m mostra valores baixos de coer\u00eancia alfa. Contudo, esteja ciente de que o TLC tamb\u00e9m mostra valores baixos de coer\u00eancia em beta e beta alta &#8211; mas eles n\u00e3o est\u00e3o sendo apontados em azul porque a coer\u00eancia nas ondas lentas e r\u00e1pidas n\u00e3o est\u00e3o sendo consideradas como um problema:<br \/>\n<img decoding=\"async\" src=\"https:\/\/brain-trainer.com\/wp-content\/uploads\/2014\/06\/cntest-4.jpg\" alt=\"TLC coer\u00eancia\" \/><br \/>\nEnt\u00e3o, vendo praticamente as mesmas imagens no TLC7 e no QEEG feito com o NeuroGuide, prova, de fato a validade do TLC7 e me d\u00e1 certeza de que eu realmente posso confiar nos dados deste. Contudo o TLC7 fornece um monte de informa\u00e7\u00f5es adicionais valiosas do c\u00e9rebro do cliente, as quais n\u00e3o est\u00e3o sendo diretamente \u00f3bvias e nem mesmo reconhec\u00edveis no QEEG feito com o NeuroGuide. Em rela\u00e7\u00e3o ao cliente acima citado, o TLC7 tamb\u00e9m apontou baixa coer\u00eancia em gama, invers\u00e3o direita\/esquerda (especialmente na parte de tr\u00e1s do c\u00e9rebro), invers\u00e3o frontal\/parte de tr\u00e1s, em geral uma onda de domin\u00e2ncia r\u00e1pida bem como valores de teta\/beta baixos em todo o c\u00e9rebro, uma frequ\u00eancia de pico de alfa baixo na parte frontal do c\u00e9rebro, um quadrante direito de tr\u00e1s quente, valores de SMR baixos e at\u00e9 mesmo alguns outros problemas. Como estas s\u00e3o informa\u00e7\u00f5es importantes para selecionar os protocolos de treinamento adequados, eu n\u00e3o gostaria perd\u00ea-las nunca mais. Portanto, para mim, o TLC7 tornou-se uma avalia\u00e7\u00e3o indispens\u00e1vel e extremamente valiosa e uma excelente ferramenta de an\u00e1lise de padr\u00f5es de ondas cerebrais.<\/p>\n<p>Assim, mesmo que a pessoa j\u00e1 esteja fazendo avalia\u00e7\u00f5es de QEEG baseados na m\u00e9dia da popula\u00e7\u00e3o em seus clientes, o TLC7 \u00e9 definitivamente uma aquisi\u00e7\u00e3o valiosa e o custo do investimento vale a pena, uma vez que ele fornece informa\u00e7\u00f5es adicionais que ajudam a entender ainda melhor como o c\u00e9rebro de seus clientes funciona. E para aqueles treinadores e cl\u00ednicos que n\u00e3o podem pagar 10.000-20.000 d\u00f3lares por um equipamento de QEEG de qualquer maneira, o TLC7 est\u00e1 sendo uma alternativa de baixo custo muito boa, a qual fornece informa\u00e7\u00f5es v\u00e1lidas e confi\u00e1veis do c\u00e9rebro do cliente bem como um QEEG de m\u00e9dia popula\u00e7\u00e3o faz.  Especialmente para fins de treinamento (a menos que algu\u00e9m esteja usando o treinamento Z-Score) eu considero o TLC7 mais valioso e \u00fatil do que uma avalia\u00e7\u00e3o de QEEG baseado na m\u00e9dia da popula\u00e7\u00e3o porque ele fornece uma s\u00e9rie de informa\u00e7\u00f5es essenciais do c\u00e9rebro do cliente que n\u00e3o est\u00e3o sendo encontradas em um QEEG e as quais s\u00e3o extremamente \u00fateis e relevantes no que diz respeito a sele\u00e7\u00e3o adequada do protocolo de treinamento.<\/p>\n<p>Uma caracter\u00edstica valiosa do sistema Brain-Trainer \u00e9 a integra\u00e7\u00e3o perfeita entre a avalia\u00e7\u00e3o TLC7 e o treinamento de neurofeedback. A avalia\u00e7\u00e3o TLC7 gera um plano de treinamento com os protocolos recomendados que s\u00e3o embasados na an\u00e1lise da avalia\u00e7\u00e3o. E o pacote de design Brain-Trainer inclui todos os designs necess\u00e1rios para aplicar os protocolos recomendados e executar o plano de treinamento. Considero essa uma das caracter\u00edsticas mais importantes do sistema Brain-Trainer porque ela reduz ou at\u00e9 mesmo elimina as suposi\u00e7\u00f5es em rela\u00e7\u00e3o ao que, onde e como treinar para ajudar o c\u00e9rebro do cliente a mudar para funcionar melhor. O manuseio e usabilidade total, tanto da avalia\u00e7\u00e3o TLC7 quanto do pacote de designs do Brain-Trainer, s\u00e3o de alto n\u00edvel e f\u00e1ceis de executar at\u00e9 mesmo para treinadores leigos.<\/p>\n<p>Quanto \u00e0 efici\u00eancia do treinamento, eu consigo os mesmos (se n\u00e3o ainda melhores) resultados tanto com o sistema Brain-Trainer quanto com o treinamento Z-Score. Meus clientes relatam (e eu mesmo posso verificar isso com o treinamento) que as sess\u00f5es de neurofeedback com o sistema Brain-Trainer s\u00e3o ainda mais intensas e eficientes do que as sess\u00f5es de Z-Score neurofeedback com o NeuroGuide.<\/p>\n<p>Enquanto isso, me encontro trabalhando muito mais com o Q-wiz e o sistema Brain-Trainer do que com o meu Discovery e o NeuroGuide, apesar de que o \u00faltimo custou muito mais caro, o que seria de fato uma raz\u00e3o pela qual eles deveriam receber mais dedica\u00e7\u00e3o.  Entretanto, como o sistema Brain-Trainer fornece os mesmos (se n\u00e3o melhores) resultados a somente uma fra\u00e7\u00e3o do meu tempo e esfor\u00e7os que eu preciso dispor para um treinamento Z-Score de 19 canais (n\u00e3o preciso dizer que leva muito mais tempo e esfor\u00e7o colocar 19 eletrodos ao inv\u00e9s de 4), eu REALMENTE prefiro trabalhar com o Q-wiz e o sistema Brain-Trainer, especialmente por ele tamb\u00e9m fornecer a possibilidade de fazer o treinamento HEG com um pequeno investimento adicional de uma faixa nIR.<\/p>\n<p>Eu realmente recomendo o sistema Brain-Trainer para quem esteja procurando um sistema de treinamento de neurofeedback eficiente e confi\u00e1vel que n\u00e3o possa ou queira pagar o investimento de um sistema de NFB voltado para pesquisa. Ele fornece os mesmos bons resultados e usabilidade por apenas uma fra\u00e7\u00e3o dos custos. E para aqueles que podem pagar 10.000-20.000 d\u00f3lares  (ou at\u00e9 mesmo mais) pelo sistema de avalia\u00e7\u00e3o voltado para pesquisa, definitivamente vale a pena tamb\u00e9m gastar alguns d\u00f3lares adicionais no sistema Brain-Trainer (por exemplo o pacote signature EEG 4C Pro ou at\u00e9 mesmo o pacote signature combo Pro) para adquirir informa\u00e7\u00f5es adicionais e obter uma vis\u00e3o alternativa do c\u00e9rebro do cliente, bem como para se ter op\u00e7\u00f5es e alternativas adicionais de treinamento.<\/p>\n<p>Claudius Nagel, Alemanha<\/p>\n","protected":false},"excerpt":{"rendered":"<p>NeuroGuide e Z-scores vs brain-trainer Trainer&#8217;s Q Avalia\u00e7\u00e3o Em primeiro lugar quero manifestar meu apre\u00e7o e gratid\u00e3o pelo trabalho do Peter e seus esfor\u00e7os no TLC7 e no sistema Brain-Trainer. Estou REALMENTE convencido de que estas ferramentas de avalia\u00e7\u00e3o e treinamento funcionam e s\u00e3o rent\u00e1veis porque obtenho um alto lucro com a pr\u00e1tica di\u00e1ria do [&hellip;]<\/p>\n","protected":false},"author":112,"featured_media":0,"parent":0,"menu_order":0,"comment_status":"closed","ping_status":"closed","template":"","meta":{"_acf_changed":false,"footnotes":""},"class_list":["post-11159","page","type-page","status-publish","hentry"],"acf":[],"yoast_head":"<!-- This site is optimized with the Yoast SEO plugin v27.3 - https:\/\/yoast.com\/product\/yoast-seo-wordpress\/ -->\n<title>Z-scores vs Trainer&#039;s Q - brain-trainer.com<\/title>\n<meta name=\"description\" content=\"Testimonial about NeuroGuide with Z-scores vs brain-trainer Trainer&#039;s Q (TQ)\" \/>\n<meta name=\"robots\" content=\"index, follow, max-snippet:-1, max-image-preview:large, max-video-preview:-1\" \/>\n<link rel=\"canonical\" href=\"https:\/\/brain-trainer.com\/pt-br\/z-scores-vs-trainers-q\/\" \/>\n<meta property=\"og:locale\" content=\"pt_BR\" \/>\n<meta property=\"og:type\" content=\"article\" \/>\n<meta property=\"og:title\" content=\"Z-scores vs Trainer&#039;s Q - brain-trainer.com\" \/>\n<meta property=\"og:description\" content=\"Testimonial about NeuroGuide with Z-scores vs brain-trainer Trainer&#039;s Q (TQ)\" \/>\n<meta property=\"og:url\" content=\"https:\/\/brain-trainer.com\/pt-br\/z-scores-vs-trainers-q\/\" \/>\n<meta property=\"og:site_name\" content=\"brain-trainer.com\" \/>\n<meta property=\"article:publisher\" content=\"https:\/\/www.facebook.com\/BraintrainerU\/\" \/>\n<meta property=\"og:image\" content=\"https:\/\/brain-trainer.com\/wp-content\/uploads\/2014\/06\/cntest-1.jpg\" \/>\n<meta name=\"twitter:label1\" content=\"Est. tempo de leitura\" \/>\n\t<meta name=\"twitter:data1\" content=\"7 minutos\" \/>\n<script type=\"application\/ld+json\" class=\"yoast-schema-graph\">{\"@context\":\"https:\\\/\\\/schema.org\",\"@graph\":[{\"@type\":\"WebPage\",\"@id\":\"https:\\\/\\\/brain-trainer.com\\\/pt-br\\\/z-scores-vs-trainers-q\\\/\",\"url\":\"https:\\\/\\\/brain-trainer.com\\\/pt-br\\\/z-scores-vs-trainers-q\\\/\",\"name\":\"Z-scores vs Trainer's Q - brain-trainer.com\",\"isPartOf\":{\"@id\":\"https:\\\/\\\/brain-trainer.com\\\/pt-br\\\/#website\"},\"primaryImageOfPage\":{\"@id\":\"https:\\\/\\\/brain-trainer.com\\\/pt-br\\\/z-scores-vs-trainers-q\\\/#primaryimage\"},\"image\":{\"@id\":\"https:\\\/\\\/brain-trainer.com\\\/pt-br\\\/z-scores-vs-trainers-q\\\/#primaryimage\"},\"thumbnailUrl\":\"https:\\\/\\\/brain-trainer.com\\\/wp-content\\\/uploads\\\/2014\\\/06\\\/cntest-1.jpg\",\"datePublished\":\"2024-11-08T01:39:07+00:00\",\"description\":\"Testimonial about NeuroGuide with Z-scores vs brain-trainer Trainer's Q (TQ)\",\"breadcrumb\":{\"@id\":\"https:\\\/\\\/brain-trainer.com\\\/pt-br\\\/z-scores-vs-trainers-q\\\/#breadcrumb\"},\"inLanguage\":\"pt-BR\",\"potentialAction\":[{\"@type\":\"ReadAction\",\"target\":[\"https:\\\/\\\/brain-trainer.com\\\/pt-br\\\/z-scores-vs-trainers-q\\\/\"]}]},{\"@type\":\"ImageObject\",\"inLanguage\":\"pt-BR\",\"@id\":\"https:\\\/\\\/brain-trainer.com\\\/pt-br\\\/z-scores-vs-trainers-q\\\/#primaryimage\",\"url\":\"https:\\\/\\\/brain-trainer.com\\\/wp-content\\\/uploads\\\/2014\\\/06\\\/cntest-1.jpg\",\"contentUrl\":\"https:\\\/\\\/brain-trainer.com\\\/wp-content\\\/uploads\\\/2014\\\/06\\\/cntest-1.jpg\"},{\"@type\":\"BreadcrumbList\",\"@id\":\"https:\\\/\\\/brain-trainer.com\\\/pt-br\\\/z-scores-vs-trainers-q\\\/#breadcrumb\",\"itemListElement\":[{\"@type\":\"ListItem\",\"position\":1,\"name\":\"Home\",\"item\":\"https:\\\/\\\/brain-trainer.com\\\/pt-br\\\/\"},{\"@type\":\"ListItem\",\"position\":2,\"name\":\"Z-scores vs Trainer&#8217;s Q\"}]},{\"@type\":\"WebSite\",\"@id\":\"https:\\\/\\\/brain-trainer.com\\\/pt-br\\\/#website\",\"url\":\"https:\\\/\\\/brain-trainer.com\\\/pt-br\\\/\",\"name\":\"brain-trainer.com\",\"description\":\"By Trainers, For Trainers\",\"publisher\":{\"@id\":\"https:\\\/\\\/brain-trainer.com\\\/pt-br\\\/#organization\"},\"potentialAction\":[{\"@type\":\"SearchAction\",\"target\":{\"@type\":\"EntryPoint\",\"urlTemplate\":\"https:\\\/\\\/brain-trainer.com\\\/pt-br\\\/?s={search_term_string}\"},\"query-input\":{\"@type\":\"PropertyValueSpecification\",\"valueRequired\":true,\"valueName\":\"search_term_string\"}}],\"inLanguage\":\"pt-BR\"},{\"@type\":\"Organization\",\"@id\":\"https:\\\/\\\/brain-trainer.com\\\/pt-br\\\/#organization\",\"name\":\"Brain-Trainer International\",\"url\":\"https:\\\/\\\/brain-trainer.com\\\/pt-br\\\/\",\"logo\":{\"@type\":\"ImageObject\",\"inLanguage\":\"pt-BR\",\"@id\":\"https:\\\/\\\/brain-trainer.com\\\/pt-br\\\/#\\\/schema\\\/logo\\\/image\\\/\",\"url\":\"https:\\\/\\\/brain-trainer.com\\\/wp-content\\\/uploads\\\/2015\\\/07\\\/brain-trainer.com-logo.jpg\",\"contentUrl\":\"https:\\\/\\\/brain-trainer.com\\\/wp-content\\\/uploads\\\/2015\\\/07\\\/brain-trainer.com-logo.jpg\",\"width\":384,\"height\":124,\"caption\":\"Brain-Trainer International\"},\"image\":{\"@id\":\"https:\\\/\\\/brain-trainer.com\\\/pt-br\\\/#\\\/schema\\\/logo\\\/image\\\/\"},\"sameAs\":[\"https:\\\/\\\/www.facebook.com\\\/BraintrainerU\\\/\",\"https:\\\/\\\/x.com\\\/BraintrainerU\",\"https:\\\/\\\/www.instagram.com\\\/braintraineru\"]}]}<\/script>\n<!-- \/ Yoast SEO plugin. -->","yoast_head_json":{"title":"Z-scores vs Trainer's Q - brain-trainer.com","description":"Testimonial about NeuroGuide with Z-scores vs brain-trainer Trainer's Q (TQ)","robots":{"index":"index","follow":"follow","max-snippet":"max-snippet:-1","max-image-preview":"max-image-preview:large","max-video-preview":"max-video-preview:-1"},"canonical":"https:\/\/brain-trainer.com\/pt-br\/z-scores-vs-trainers-q\/","og_locale":"pt_BR","og_type":"article","og_title":"Z-scores vs Trainer's Q - brain-trainer.com","og_description":"Testimonial about NeuroGuide with Z-scores vs brain-trainer Trainer's Q (TQ)","og_url":"https:\/\/brain-trainer.com\/pt-br\/z-scores-vs-trainers-q\/","og_site_name":"brain-trainer.com","article_publisher":"https:\/\/www.facebook.com\/BraintrainerU\/","og_image":[{"url":"https:\/\/brain-trainer.com\/wp-content\/uploads\/2014\/06\/cntest-1.jpg","type":"","width":"","height":""}],"twitter_misc":{"Est. tempo de leitura":"7 minutos"},"schema":{"@context":"https:\/\/schema.org","@graph":[{"@type":"WebPage","@id":"https:\/\/brain-trainer.com\/pt-br\/z-scores-vs-trainers-q\/","url":"https:\/\/brain-trainer.com\/pt-br\/z-scores-vs-trainers-q\/","name":"Z-scores vs Trainer's Q - brain-trainer.com","isPartOf":{"@id":"https:\/\/brain-trainer.com\/pt-br\/#website"},"primaryImageOfPage":{"@id":"https:\/\/brain-trainer.com\/pt-br\/z-scores-vs-trainers-q\/#primaryimage"},"image":{"@id":"https:\/\/brain-trainer.com\/pt-br\/z-scores-vs-trainers-q\/#primaryimage"},"thumbnailUrl":"https:\/\/brain-trainer.com\/wp-content\/uploads\/2014\/06\/cntest-1.jpg","datePublished":"2024-11-08T01:39:07+00:00","description":"Testimonial about NeuroGuide with Z-scores vs brain-trainer Trainer's Q (TQ)","breadcrumb":{"@id":"https:\/\/brain-trainer.com\/pt-br\/z-scores-vs-trainers-q\/#breadcrumb"},"inLanguage":"pt-BR","potentialAction":[{"@type":"ReadAction","target":["https:\/\/brain-trainer.com\/pt-br\/z-scores-vs-trainers-q\/"]}]},{"@type":"ImageObject","inLanguage":"pt-BR","@id":"https:\/\/brain-trainer.com\/pt-br\/z-scores-vs-trainers-q\/#primaryimage","url":"https:\/\/brain-trainer.com\/wp-content\/uploads\/2014\/06\/cntest-1.jpg","contentUrl":"https:\/\/brain-trainer.com\/wp-content\/uploads\/2014\/06\/cntest-1.jpg"},{"@type":"BreadcrumbList","@id":"https:\/\/brain-trainer.com\/pt-br\/z-scores-vs-trainers-q\/#breadcrumb","itemListElement":[{"@type":"ListItem","position":1,"name":"Home","item":"https:\/\/brain-trainer.com\/pt-br\/"},{"@type":"ListItem","position":2,"name":"Z-scores vs Trainer&#8217;s Q"}]},{"@type":"WebSite","@id":"https:\/\/brain-trainer.com\/pt-br\/#website","url":"https:\/\/brain-trainer.com\/pt-br\/","name":"brain-trainer.com","description":"By Trainers, For Trainers","publisher":{"@id":"https:\/\/brain-trainer.com\/pt-br\/#organization"},"potentialAction":[{"@type":"SearchAction","target":{"@type":"EntryPoint","urlTemplate":"https:\/\/brain-trainer.com\/pt-br\/?s={search_term_string}"},"query-input":{"@type":"PropertyValueSpecification","valueRequired":true,"valueName":"search_term_string"}}],"inLanguage":"pt-BR"},{"@type":"Organization","@id":"https:\/\/brain-trainer.com\/pt-br\/#organization","name":"Brain-Trainer International","url":"https:\/\/brain-trainer.com\/pt-br\/","logo":{"@type":"ImageObject","inLanguage":"pt-BR","@id":"https:\/\/brain-trainer.com\/pt-br\/#\/schema\/logo\/image\/","url":"https:\/\/brain-trainer.com\/wp-content\/uploads\/2015\/07\/brain-trainer.com-logo.jpg","contentUrl":"https:\/\/brain-trainer.com\/wp-content\/uploads\/2015\/07\/brain-trainer.com-logo.jpg","width":384,"height":124,"caption":"Brain-Trainer International"},"image":{"@id":"https:\/\/brain-trainer.com\/pt-br\/#\/schema\/logo\/image\/"},"sameAs":["https:\/\/www.facebook.com\/BraintrainerU\/","https:\/\/x.com\/BraintrainerU","https:\/\/www.instagram.com\/braintraineru"]}]}},"_links":{"self":[{"href":"https:\/\/brain-trainer.com\/pt-br\/wp-json\/wp\/v2\/pages\/11159","targetHints":{"allow":["GET"]}}],"collection":[{"href":"https:\/\/brain-trainer.com\/pt-br\/wp-json\/wp\/v2\/pages"}],"about":[{"href":"https:\/\/brain-trainer.com\/pt-br\/wp-json\/wp\/v2\/types\/page"}],"author":[{"embeddable":true,"href":"https:\/\/brain-trainer.com\/pt-br\/wp-json\/wp\/v2\/users\/112"}],"replies":[{"embeddable":true,"href":"https:\/\/brain-trainer.com\/pt-br\/wp-json\/wp\/v2\/comments?post=11159"}],"version-history":[{"count":2,"href":"https:\/\/brain-trainer.com\/pt-br\/wp-json\/wp\/v2\/pages\/11159\/revisions"}],"predecessor-version":[{"id":13141,"href":"https:\/\/brain-trainer.com\/pt-br\/wp-json\/wp\/v2\/pages\/11159\/revisions\/13141"}],"wp:attachment":[{"href":"https:\/\/brain-trainer.com\/pt-br\/wp-json\/wp\/v2\/media?parent=11159"}],"curies":[{"name":"wp","href":"https:\/\/api.w.org\/{rel}","templated":true}]}}