{"id":11161,"date":"2024-11-07T20:38:51","date_gmt":"2024-11-08T01:38:51","guid":{"rendered":"https:\/\/brain-trainer.com\/?page_id=11161"},"modified":"2024-11-07T20:38:51","modified_gmt":"2024-11-08T01:38:51","slug":"contato","status":"publish","type":"page","link":"https:\/\/brain-trainer.com\/pt-br\/contato\/","title":{"rendered":"Contato"},"content":{"rendered":"<p>Bem-vindo. Gostar\u00edamos de saber sua opini\u00e3o. O que voc\u00ea gostaria de ver aqui? Conte-nos.<\/p>\n<p>Informa\u00e7\u00f5es Gerais<\/p>\n<p>Envie um email para Brain Trainer Brasil para informa\u00e7\u00f5es gerais:<\/p>\n<p>E-mail: info@braintrainerbrasil.com<\/p>\n<h3>Informa\u00e7\u00f5es e Vendas<\/h3>\n<p>Conte-nos sobre o seus objetivos de forma\u00e7\u00e3o para que possamos verificar quais op\u00e7\u00f5es de equipamentos e software s\u00e3o adequadas a sua necessidade.<\/p>\n<h3>Suporte T\u00e9cnico<\/h3>\n<p>Tire suas d\u00favidas sobre o download ou  como usar os arquivos de Avalia\u00e7\u00e3o e designs TLC7.<br \/>\nConte-nos sobre sua experi\u00eancia com os produtos que voc\u00ea comprou de n\u00f3s.<br \/>\nE-mail: info@braintrainerbrasil.com<\/p>\n<p>Tanto n\u00f3s como os fabricantes de nossos produtos queremos ouvir voc\u00ea, conte-nos sobre sua experi\u00eancia.<\/p>\n<h3>F\u00f3rum<\/h3>\n<p>N\u00f3s temos um espa\u00e7o dedicado para a troca de informa\u00e7\u00f5es entre os profissionais que trabalham com o sistema TLC, nele \u00e9 poss\u00edvel a troca de experi\u00eancia entre profissionais j\u00e1 experientes e iniciantes na t\u00e9cnica. Sendo membro do grupo, voc\u00ea pode enviar suas perguntas e obter uma grande quantidade de informa\u00e7\u00f5es e ideias rapidamente de outros membros. Voc\u00ea pode encontrar outras pessoas com o mesmo problema.<\/p>\n<p>&nbsp;<\/p>\n","protected":false},"excerpt":{"rendered":"<p>Bem-vindo. Gostar\u00edamos de saber sua opini\u00e3o. O que voc\u00ea gostaria de ver aqui? Conte-nos. Informa\u00e7\u00f5es Gerais Envie um email para Brain Trainer Brasil para informa\u00e7\u00f5es gerais: E-mail: info@braintrainerbrasil.com Informa\u00e7\u00f5es e Vendas Conte-nos sobre o seus objetivos de forma\u00e7\u00e3o para que possamos verificar quais op\u00e7\u00f5es de equipamentos e software s\u00e3o adequadas a sua necessidade. Suporte T\u00e9cnico [&hellip;]<\/p>\n","protected":false},"author":112,"featured_media":0,"parent":0,"menu_order":0,"comment_status":"closed","ping_status":"open","template":"","meta":{"_acf_changed":false,"footnotes":""},"class_list":["post-11161","page","type-page","status-publish","hentry"],"acf":[],"yoast_head":"<!-- This site is optimized with the Yoast SEO plugin v25.9 - https:\/\/yoast.com\/wordpress\/plugins\/seo\/ -->\n<title>Contato - brain-trainer.com<\/title>\n<meta name=\"robots\" content=\"index, follow, max-snippet:-1, max-image-preview:large, max-video-preview:-1\" \/>\n<link rel=\"canonical\" href=\"https:\/\/brain-trainer.com\/pt-br\/contato\/\" \/>\n<meta property=\"og:locale\" content=\"pt_BR\" \/>\n<meta property=\"og:type\" content=\"article\" \/>\n<meta property=\"og:title\" content=\"Contato - brain-trainer.com\" \/>\n<meta property=\"og:description\" content=\"Bem-vindo. Gostar\u00edamos de saber sua opini\u00e3o. O que voc\u00ea gostaria de ver aqui? Conte-nos. Informa\u00e7\u00f5es Gerais Envie um email para Brain Trainer Brasil para informa\u00e7\u00f5es gerais: E-mail: info@braintrainerbrasil.com Informa\u00e7\u00f5es e Vendas Conte-nos sobre o seus objetivos de forma\u00e7\u00e3o para que possamos verificar quais op\u00e7\u00f5es de equipamentos e software s\u00e3o adequadas a sua necessidade. Suporte T\u00e9cnico [&hellip;]\" \/>\n<meta property=\"og:url\" content=\"https:\/\/brain-trainer.com\/pt-br\/contato\/\" \/>\n<meta property=\"og:site_name\" content=\"brain-trainer.com\" \/>\n<meta property=\"article:publisher\" content=\"https:\/\/www.facebook.com\/BraintrainerU\/\" \/>\n<meta name=\"twitter:label1\" content=\"Est. tempo de leitura\" \/>\n\t<meta name=\"twitter:data1\" content=\"1 minuto\" \/>\n<script type=\"application\/ld+json\" class=\"yoast-schema-graph\">{\"@context\":\"https:\/\/schema.org\",\"@graph\":[{\"@type\":\"WebPage\",\"@id\":\"https:\/\/brain-trainer.com\/pt-br\/contato\/\",\"url\":\"https:\/\/brain-trainer.com\/pt-br\/contato\/\",\"name\":\"Contato - brain-trainer.com\",\"isPartOf\":{\"@id\":\"https:\/\/brain-trainer.com\/pt-br\/#website\"},\"datePublished\":\"2024-11-08T01:38:51+00:00\",\"breadcrumb\":{\"@id\":\"https:\/\/brain-trainer.com\/pt-br\/contato\/#breadcrumb\"},\"inLanguage\":\"pt-BR\",\"potentialAction\":[{\"@type\":\"ReadAction\",\"target\":[\"https:\/\/brain-trainer.com\/pt-br\/contato\/\"]}]},{\"@type\":\"BreadcrumbList\",\"@id\":\"https:\/\/brain-trainer.com\/pt-br\/contato\/#breadcrumb\",\"itemListElement\":[{\"@type\":\"ListItem\",\"position\":1,\"name\":\"Home\",\"item\":\"https:\/\/brain-trainer.com\/pt-br\/\"},{\"@type\":\"ListItem\",\"position\":2,\"name\":\"Contato\"}]},{\"@type\":\"WebSite\",\"@id\":\"https:\/\/brain-trainer.com\/pt-br\/#website\",\"url\":\"https:\/\/brain-trainer.com\/pt-br\/\",\"name\":\"brain-trainer.com\",\"description\":\"By Trainers, For Trainers\",\"publisher\":{\"@id\":\"https:\/\/brain-trainer.com\/pt-br\/#organization\"},\"potentialAction\":[{\"@type\":\"SearchAction\",\"target\":{\"@type\":\"EntryPoint\",\"urlTemplate\":\"https:\/\/brain-trainer.com\/pt-br\/?s={search_term_string}\"},\"query-input\":{\"@type\":\"PropertyValueSpecification\",\"valueRequired\":true,\"valueName\":\"search_term_string\"}}],\"inLanguage\":\"pt-BR\"},{\"@type\":\"Organization\",\"@id\":\"https:\/\/brain-trainer.com\/pt-br\/#organization\",\"name\":\"Brain-Trainer International\",\"url\":\"https:\/\/brain-trainer.com\/pt-br\/\",\"logo\":{\"@type\":\"ImageObject\",\"inLanguage\":\"pt-BR\",\"@id\":\"https:\/\/brain-trainer.com\/pt-br\/#\/schema\/logo\/image\/\",\"url\":\"https:\/\/brain-trainer.com\/wp-content\/uploads\/2015\/07\/brain-trainer.com-logo.jpg\",\"contentUrl\":\"https:\/\/brain-trainer.com\/wp-content\/uploads\/2015\/07\/brain-trainer.com-logo.jpg\",\"width\":384,\"height\":124,\"caption\":\"Brain-Trainer International\"},\"image\":{\"@id\":\"https:\/\/brain-trainer.com\/pt-br\/#\/schema\/logo\/image\/\"},\"sameAs\":[\"https:\/\/www.facebook.com\/BraintrainerU\/\",\"https:\/\/x.com\/BraintrainerU\",\"https:\/\/www.instagram.com\/braintraineru\"]}]}<\/script>\n<!-- \/ Yoast SEO plugin. -->","yoast_head_json":{"title":"Contato - brain-trainer.com","robots":{"index":"index","follow":"follow","max-snippet":"max-snippet:-1","max-image-preview":"max-image-preview:large","max-video-preview":"max-video-preview:-1"},"canonical":"https:\/\/brain-trainer.com\/pt-br\/contato\/","og_locale":"pt_BR","og_type":"article","og_title":"Contato - brain-trainer.com","og_description":"Bem-vindo. Gostar\u00edamos de saber sua opini\u00e3o. O que voc\u00ea gostaria de ver aqui? Conte-nos. Informa\u00e7\u00f5es Gerais Envie um email para Brain Trainer Brasil para informa\u00e7\u00f5es gerais: E-mail: info@braintrainerbrasil.com Informa\u00e7\u00f5es e Vendas Conte-nos sobre o seus objetivos de forma\u00e7\u00e3o para que possamos verificar quais op\u00e7\u00f5es de equipamentos e software s\u00e3o adequadas a sua necessidade. Suporte T\u00e9cnico [&hellip;]","og_url":"https:\/\/brain-trainer.com\/pt-br\/contato\/","og_site_name":"brain-trainer.com","article_publisher":"https:\/\/www.facebook.com\/BraintrainerU\/","twitter_misc":{"Est. tempo de leitura":"1 minuto"},"schema":{"@context":"https:\/\/schema.org","@graph":[{"@type":"WebPage","@id":"https:\/\/brain-trainer.com\/pt-br\/contato\/","url":"https:\/\/brain-trainer.com\/pt-br\/contato\/","name":"Contato - brain-trainer.com","isPartOf":{"@id":"https:\/\/brain-trainer.com\/pt-br\/#website"},"datePublished":"2024-11-08T01:38:51+00:00","breadcrumb":{"@id":"https:\/\/brain-trainer.com\/pt-br\/contato\/#breadcrumb"},"inLanguage":"pt-BR","potentialAction":[{"@type":"ReadAction","target":["https:\/\/brain-trainer.com\/pt-br\/contato\/"]}]},{"@type":"BreadcrumbList","@id":"https:\/\/brain-trainer.com\/pt-br\/contato\/#breadcrumb","itemListElement":[{"@type":"ListItem","position":1,"name":"Home","item":"https:\/\/brain-trainer.com\/pt-br\/"},{"@type":"ListItem","position":2,"name":"Contato"}]},{"@type":"WebSite","@id":"https:\/\/brain-trainer.com\/pt-br\/#website","url":"https:\/\/brain-trainer.com\/pt-br\/","name":"brain-trainer.com","description":"By Trainers, For Trainers","publisher":{"@id":"https:\/\/brain-trainer.com\/pt-br\/#organization"},"potentialAction":[{"@type":"SearchAction","target":{"@type":"EntryPoint","urlTemplate":"https:\/\/brain-trainer.com\/pt-br\/?s={search_term_string}"},"query-input":{"@type":"PropertyValueSpecification","valueRequired":true,"valueName":"search_term_string"}}],"inLanguage":"pt-BR"},{"@type":"Organization","@id":"https:\/\/brain-trainer.com\/pt-br\/#organization","name":"Brain-Trainer International","url":"https:\/\/brain-trainer.com\/pt-br\/","logo":{"@type":"ImageObject","inLanguage":"pt-BR","@id":"https:\/\/brain-trainer.com\/pt-br\/#\/schema\/logo\/image\/","url":"https:\/\/brain-trainer.com\/wp-content\/uploads\/2015\/07\/brain-trainer.com-logo.jpg","contentUrl":"https:\/\/brain-trainer.com\/wp-content\/uploads\/2015\/07\/brain-trainer.com-logo.jpg","width":384,"height":124,"caption":"Brain-Trainer International"},"image":{"@id":"https:\/\/brain-trainer.com\/pt-br\/#\/schema\/logo\/image\/"},"sameAs":["https:\/\/www.facebook.com\/BraintrainerU\/","https:\/\/x.com\/BraintrainerU","https:\/\/www.instagram.com\/braintraineru"]}]}},"_links":{"self":[{"href":"https:\/\/brain-trainer.com\/pt-br\/wp-json\/wp\/v2\/pages\/11161","targetHints":{"allow":["GET"]}}],"collection":[{"href":"https:\/\/brain-trainer.com\/pt-br\/wp-json\/wp\/v2\/pages"}],"about":[{"href":"https:\/\/brain-trainer.com\/pt-br\/wp-json\/wp\/v2\/types\/page"}],"author":[{"embeddable":true,"href":"https:\/\/brain-trainer.com\/pt-br\/wp-json\/wp\/v2\/users\/112"}],"replies":[{"embeddable":true,"href":"https:\/\/brain-trainer.com\/pt-br\/wp-json\/wp\/v2\/comments?post=11161"}],"version-history":[{"count":1,"href":"https:\/\/brain-trainer.com\/pt-br\/wp-json\/wp\/v2\/pages\/11161\/revisions"}],"predecessor-version":[{"id":11162,"href":"https:\/\/brain-trainer.com\/pt-br\/wp-json\/wp\/v2\/pages\/11161\/revisions\/11162"}],"wp:attachment":[{"href":"https:\/\/brain-trainer.com\/pt-br\/wp-json\/wp\/v2\/media?parent=11161"}],"curies":[{"name":"wp","href":"https:\/\/api.w.org\/{rel}","templated":true}]}}