{"id":11163,"date":"2024-11-07T20:38:53","date_gmt":"2024-11-08T01:38:53","guid":{"rendered":"https:\/\/brain-trainer.com\/?page_id=11163"},"modified":"2024-11-07T20:38:53","modified_gmt":"2024-11-08T01:38:53","slug":"magica-cerebral-fazendo-sua-vida-se-tornar-realidade","status":"publish","type":"page","link":"https:\/\/brain-trainer.com\/pt-br\/magica-cerebral-fazendo-sua-vida-se-tornar-realidade\/","title":{"rendered":"M\u00e1gica Cerebral &#8211; Fazendo Sua Vida Se Tornar Realidade"},"content":{"rendered":"<div class=\"ninecol first\">\n<div>\n<div class=\"blog-nav-button left-button\"><a class=\"button\" href=\"https:\/\/brain-trainer.com\/blog-archive\/\">Mostre-me o mais recente<\/a><\/div>\n<div class=\"blog-nav-button right-button\"><a class=\"button\" href=\"https:\/\/brain-trainer.com\/pt-br\/blog\/magica-cerebral\/\">Come\u00e7ar do come\u00e7o<\/a><\/div>\n<div id=\"text-42\" class=\"widget widget_text amr_widget\">\t\t\t<div class=\"textwidget\"><div class=\"blog-banner\"><a href=\"\/?page_id=5730\">Cadastre-se Agora!<\/a>  N\u00e3o Perca<br>Pr\u00f3ximo post<\/div><\/div>\n\t\t<\/div>\n<\/div>\n<div style=\"clear: both; height: 1em;\"><\/div>\n<p>Bem-vindo ao meu blog sobre treinamento cerebral: M\u00e1gica Cerebral &#8211; Fazendo sua Vida se Realizar.<br \/>\nEm mais de 20 anos que venho fazendo este trabalho &#8211; e ensinando outros a faz\u00ea-lo, com seus clientes e em si mesmos &#8211; eu tenho procurado desenvolver um sistema que se aproveita da tecnologia mais funcional dispon\u00edvel, sendo ao mesmo tempo pr\u00e1tico e acess\u00edvel. <\/p>\n<p>Tecnologias s\u00e3o muitas vezes produzidas por engenheiros e marketeiros. Raramente as pessoas que aplicam a tecnologia tem a chance de participar do seu desenvolvimento. O resultado \u00e9 que o que est\u00e1 dispon\u00edvel no mercado tem diversos recursos e adere\u00e7os que os marketeiros acham atraentes e um n\u00edvel de complexidade que os engenheiros nem percebem. Ambos os aspectos tendem a tornar a tecnologia menos \u00fatil e mais assustadora para o usu\u00e1rio final.<\/p>\n<p>Quando eu comecei a brain-trainer.com, nossa miss\u00e3o foi resumida na frase, &#8220;de treinadores para treinadores.&#8221; N\u00f3s n\u00e3o fabricamos hardware ou desenvolvemos software. N\u00f3s colocamos as coisas em conjunto, de modo que fa\u00e7am sentido tanto financeira quanto funcionalmente, al\u00e9m de produzirmos pontes e ferramentas para gerar sistemas integrados e f\u00e1ceis de aprender. N\u00f3s vendemos um n\u00famero suficiente desses sistemas, tornando nosso feedback valioso para os fabricantes.<\/p>\n<p>O mais importante &#8211; como treinadores que somos, \u00e9 que podemos lembrar da confus\u00e3o com a qual nos deparamos face a esta incr\u00edvel intersec\u00e7\u00e3o de Neurologia \/ processamento digital de sinal \/ EEG \/ fam\u00edlia de sistemas e ci\u00eancia da computa\u00e7\u00e3o. Nosso compromisso de dar suporte \u00e9 pessoal, e est\u00e1 embutida na forma como fazemos neg\u00f3cio.<\/p>\n<p>Algumas partes da comunidade profissional nos v\u00eaem como p\u00e1rias, porque voc\u00ea n\u00e3o precisa de uma licen\u00e7a ou prescri\u00e7\u00e3o para comprar conosco. N\u00f3s n\u00e3o acreditamos que &#8220;os leigos n\u00e3o conseguem fazer&#8221;, como muitas vezes nos dizem \u2013 e que o treinamento \u00e9 perigoso. N\u00f3s fornecemos o mesmo n\u00edvel de apoio  oferecido a um cl\u00ednico, para treinadores, professores, tutores ou pais. O resultado? Pessoas normais, do dia-a-dia, frequentemente produzindo resultados not\u00e1veis, capazes de mudar vidas.<\/p>\n<p>Porque n\u00f3s queremos tornar o treinamento da mais alta qualidade dispon\u00edvel para o m\u00e1ximo de pessoas poss\u00edvel, n\u00f3s nos comprometemos a elaborar completos pacotes funcionais de hardware e software pela metade do pre\u00e7o. ou menos, do que sistemas menos potentes. Os cl\u00ednicos que compram conosco podem fornecer servi\u00e7os a pre\u00e7os razo\u00e1veis, sem se preocupar em recuperar o grande investimento inicial. E tanto os cl\u00ednicos quanto os usu\u00e1rios leigos podem come\u00e7ar a trabalhar rapidamente, uma vez que a acessibilidade faz parte do sistema.<\/p>\n<p>\u00c0 medida em que o neurofeedback cresceu e que se desenvolveu uma literatura popular e disseminada pela internet, tem surgido uma vis\u00e3o cada vez mais r\u00edgida do que \u00e9 e como ele funciona. Tal perspectiva tem sido reproduzida de forma repetida e indiscriminadamente, a ponto de  muitos de n\u00f3s sequer darmos conta do quanto que internalizamos uma s\u00e9rie de pressupostos que sustentam esse ponto de vista em particular.<br \/>\nQualquer um que afirma saber o que \u00e9, como, e porqu\u00ea funciona o treinamento cerebral est\u00e1 enganando, pelo menos, a si mesmo. Os diferentes pontos de vista que ser\u00e3o apresentados aqui n\u00e3o s\u00e3o nem mais certos nem errados do que quaisquer outros, mas eu acredito que voc\u00ea vai ach\u00e1-los libertadores.<\/p>\n<p>Ao longo deste blog, vamos passar de uma vis\u00e3o geral do campo como eu o vejo para discuss\u00f5es detalhadas de padr\u00f5es cerebrais, avalia\u00e7\u00e3o e estrat\u00e9gias de treinamento. Eu espero que voc\u00ea me acompanhe nesse percurso e ache essa jornada t\u00e3o fascinante como foi pra mim.<\/p>\n<p><a href=\"https:\/\/brain-trainer.com\/wp-content\/uploads\/2015\/05\/signature-200x42.jpg\"><img loading=\"lazy\" decoding=\"async\" class=\"alignnone size-medium wp-image-5658\" src=\"https:\/\/brain-trainer.com\/wp-content\/uploads\/2015\/05\/signature-200x42.jpg\" alt=\"blog by Pete Van \" width=\"200\" height=\"42\" srcset=\"https:\/\/brain-trainer.com\/wp-content\/uploads\/2015\/05\/signature-200x42.jpg 200w, https:\/\/brain-trainer.com\/wp-content\/uploads\/2015\/05\/signature-250x54.jpg 250w, https:\/\/brain-trainer.com\/wp-content\/uploads\/2015\/05\/signature.jpg 260w\" sizes=\"auto, (max-width: 200px) 100vw, 200px\" \/><\/a><\/p>\n<div>\n<div class=\"blog-nav-button left-button\"><a class=\"button\" href=\"https:\/\/brain-trainer.com\/blog-archive\/\">Mostre-me o mais recente<\/a><\/div>\n<div class=\"blog-nav-button right-button\"><a class=\"button\" href=\"https:\/\/brain-trainer.com\/pt-br\/blog\/magica-cerebral\/\">Come\u00e7ar do come\u00e7o<\/a><\/div>\n<\/div>\n<div style=\"clear: both; height: 1em;\"><\/div>\n<br \/>Widget not in any sidebars<br \/>\n<\/div>\n<div class=\"threecol last\"><br \/>Error: Your Requested widget \"email subscription widget \" is not in the widget list.<br \/><ul><li><em>[do_widget_area frontpage-banner1]<\/em><ul><\/ul><\/li><li><em>[do_widget_area sidebar-footer1]<\/em><ul><li>[do_widget id=\"block-2\"]<\/li><li>[do_widget id=\"block-3\"]<\/li><li>[do_widget id=\"block-4\"]<\/li><li>[do_widget id=\"block-5\"]<\/li><\/ul><\/li><li><em>[do_widget_area sidebar-prefooter]<\/em><ul><\/ul><\/li><li><em>[do_widget_area widgets_for_shortcodes]<\/em><ul><li>[do_widget id=\"text-42\"]<\/li><li>[do_widget id=\"text-38\"]<\/li><li>[do_widget id=\"recent-posts-3\"]<\/li><li>[do_widget id=\"text-41\"]<\/li><li>[do_widget id=\"custom_html-8\"]<\/li><li>[do_widget id=\"text-49\"]<\/li><li>[do_widget id=\"text-50\"]<\/li><\/ul><\/li><li><em>[do_widget_area wp_inactive_widgets]<\/em><ul><li>[do_widget id=\"custom_html-29\"]<\/li><li>[do_widget id=\"custom_html-30\"]<\/li><li>[do_widget id=\"custom_html-31\"]<\/li><li>[do_widget id=\"text-45\"]<\/li><li>[do_widget id=\"text-46\"]<\/li><li>[do_widget id=\"custom_html-3\"]<\/li><li>[do_widget id=\"text-47\"]<\/li><li>[do_widget id=\"text-51\"]<\/li><li>[do_widget id=\"custom_html-27\"]<\/li><li>[do_widget id=\"custom_html-4\"]<\/li><li>[do_widget id=\"custom_html-5\"]<\/li><li>[do_widget id=\"custom_html-25\"]<\/li><li>[do_widget id=\"custom_html-9\"]<\/li><li>[do_widget id=\"custom_html-16\"]<\/li><li>[do_widget id=\"custom_html-14\"]<\/li><li>[do_widget id=\"custom_html-11\"]<\/li><li>[do_widget id=\"custom_html-26\"]<\/li><li>[do_widget id=\"custom_html-28\"]<\/li><\/ul><\/li><\/ul><\/p>\n<div><img loading=\"lazy\" decoding=\"async\" class=\"aligncenter size-medium wp-image-301\" src=\"\/wp-content\/uploads\/2015\/08\/pete-5-7-2009.png\" alt=\"brain-trainer Blog by Peter Van Deusen\" width=\"200\" height=\"200\" \/><\/div>\n<div>Peter Van Deusen vem treinando c\u00e9rebros (incluindo o seu pr\u00f3prio) e treinadores desde 1992. Ele tem sido chamado de &#8220;o Johnny Appleseed do neurofeedback&#8221; pelo seu compromisso em fazer com que sofisticadas tecnologias se tornem acess\u00edveis tanto para profissionais quanto para leigos. Este blog ir\u00e1 se tornar seu livro sobre treinamento cerebral, combinando material pr\u00e1tico e te\u00f3rico.<\/div>\n<p><br \/>Widget not in any sidebars<br \/><br \/>Widget not in any sidebars<br \/><br \/>Widget not in any sidebars<br \/><div id=\"text-41\" class=\"widget widget_text amr_widget\">\t\t\t<div class=\"textwidget\"><div class=\"fb-page\" data-href=\"https:\/\/www.facebook.com\/TLCBrainTrainer\" data-width=\"350\" data-height=\"600\" data-small-header=\"false\" data-adapt-container-width=\"true\" data-hide-cover=\"false\" data-show-facepile=\"true\" data-show-posts=\"true\"><div class=\"fb-xfbml-parse-ignore\"><blockquote cite=\"https:\/\/www.facebook.com\/TLCBrainTrainer\"><a href=\"https:\/\/www.facebook.com\/TLCBrainTrainer\">TLC Brain-Trainer<\/a><\/blockquote><\/div><\/div><\/div>\n\t\t<\/div><\/p>\n<\/div>\n<\/div>\n","protected":false},"excerpt":{"rendered":"<p>Mostre-me o mais recente Come\u00e7ar do come\u00e7o Bem-vindo ao meu blog sobre treinamento cerebral: M\u00e1gica Cerebral &#8211; Fazendo sua Vida se Realizar. Em mais de 20 anos que venho fazendo este trabalho &#8211; e ensinando outros a faz\u00ea-lo, com seus clientes e em si mesmos &#8211; eu tenho procurado desenvolver um sistema que se aproveita [&hellip;]<\/p>\n","protected":false},"author":112,"featured_media":0,"parent":0,"menu_order":0,"comment_status":"closed","ping_status":"open","template":"","meta":{"_acf_changed":false,"footnotes":""},"class_list":["post-11163","page","type-page","status-publish","hentry"],"acf":[],"yoast_head":"<!-- This site is optimized with the Yoast SEO plugin v27.3 - https:\/\/yoast.com\/product\/yoast-seo-wordpress\/ -->\n<title>M\u00e1gica Cerebral - Fazendo Sua Vida Se Tornar Realidade - brain-trainer.com<\/title>\n<meta name=\"robots\" content=\"index, follow, max-snippet:-1, max-image-preview:large, max-video-preview:-1\" \/>\n<link rel=\"canonical\" href=\"https:\/\/brain-trainer.com\/pt-br\/magica-cerebral-fazendo-sua-vida-se-tornar-realidade\/\" \/>\n<meta property=\"og:locale\" content=\"pt_BR\" \/>\n<meta property=\"og:type\" content=\"article\" \/>\n<meta property=\"og:title\" content=\"M\u00e1gica Cerebral - Fazendo Sua Vida Se Tornar Realidade - brain-trainer.com\" \/>\n<meta property=\"og:description\" content=\"Mostre-me o mais recente Come\u00e7ar do come\u00e7o Bem-vindo ao meu blog sobre treinamento cerebral: M\u00e1gica Cerebral &#8211; Fazendo sua Vida se Realizar. Em mais de 20 anos que venho fazendo este trabalho &#8211; e ensinando outros a faz\u00ea-lo, com seus clientes e em si mesmos &#8211; eu tenho procurado desenvolver um sistema que se aproveita [&hellip;]\" \/>\n<meta property=\"og:url\" content=\"https:\/\/brain-trainer.com\/pt-br\/magica-cerebral-fazendo-sua-vida-se-tornar-realidade\/\" \/>\n<meta property=\"og:site_name\" content=\"brain-trainer.com\" \/>\n<meta property=\"article:publisher\" content=\"https:\/\/www.facebook.com\/BraintrainerU\/\" \/>\n<meta property=\"og:image\" content=\"https:\/\/brain-trainer.com\/wp-content\/uploads\/2015\/05\/signature-200x42.jpg\" \/>\n<meta name=\"twitter:label1\" content=\"Est. tempo de leitura\" \/>\n\t<meta name=\"twitter:data1\" content=\"4 minutos\" \/>\n<script type=\"application\/ld+json\" class=\"yoast-schema-graph\">{\"@context\":\"https:\\\/\\\/schema.org\",\"@graph\":[{\"@type\":\"WebPage\",\"@id\":\"https:\\\/\\\/brain-trainer.com\\\/pt-br\\\/magica-cerebral-fazendo-sua-vida-se-tornar-realidade\\\/\",\"url\":\"https:\\\/\\\/brain-trainer.com\\\/pt-br\\\/magica-cerebral-fazendo-sua-vida-se-tornar-realidade\\\/\",\"name\":\"M\u00e1gica Cerebral - Fazendo Sua Vida Se Tornar Realidade - brain-trainer.com\",\"isPartOf\":{\"@id\":\"https:\\\/\\\/brain-trainer.com\\\/pt-br\\\/#website\"},\"primaryImageOfPage\":{\"@id\":\"https:\\\/\\\/brain-trainer.com\\\/pt-br\\\/magica-cerebral-fazendo-sua-vida-se-tornar-realidade\\\/#primaryimage\"},\"image\":{\"@id\":\"https:\\\/\\\/brain-trainer.com\\\/pt-br\\\/magica-cerebral-fazendo-sua-vida-se-tornar-realidade\\\/#primaryimage\"},\"thumbnailUrl\":\"https:\\\/\\\/brain-trainer.com\\\/wp-content\\\/uploads\\\/2015\\\/05\\\/signature-200x42.jpg\",\"datePublished\":\"2024-11-08T01:38:53+00:00\",\"breadcrumb\":{\"@id\":\"https:\\\/\\\/brain-trainer.com\\\/pt-br\\\/magica-cerebral-fazendo-sua-vida-se-tornar-realidade\\\/#breadcrumb\"},\"inLanguage\":\"pt-BR\",\"potentialAction\":[{\"@type\":\"ReadAction\",\"target\":[\"https:\\\/\\\/brain-trainer.com\\\/pt-br\\\/magica-cerebral-fazendo-sua-vida-se-tornar-realidade\\\/\"]}]},{\"@type\":\"ImageObject\",\"inLanguage\":\"pt-BR\",\"@id\":\"https:\\\/\\\/brain-trainer.com\\\/pt-br\\\/magica-cerebral-fazendo-sua-vida-se-tornar-realidade\\\/#primaryimage\",\"url\":\"https:\\\/\\\/brain-trainer.com\\\/wp-content\\\/uploads\\\/2015\\\/05\\\/signature-200x42.jpg\",\"contentUrl\":\"https:\\\/\\\/brain-trainer.com\\\/wp-content\\\/uploads\\\/2015\\\/05\\\/signature-200x42.jpg\"},{\"@type\":\"BreadcrumbList\",\"@id\":\"https:\\\/\\\/brain-trainer.com\\\/pt-br\\\/magica-cerebral-fazendo-sua-vida-se-tornar-realidade\\\/#breadcrumb\",\"itemListElement\":[{\"@type\":\"ListItem\",\"position\":1,\"name\":\"Home\",\"item\":\"https:\\\/\\\/brain-trainer.com\\\/pt-br\\\/\"},{\"@type\":\"ListItem\",\"position\":2,\"name\":\"M\u00e1gica Cerebral &#8211; Fazendo Sua Vida Se Tornar Realidade\"}]},{\"@type\":\"WebSite\",\"@id\":\"https:\\\/\\\/brain-trainer.com\\\/pt-br\\\/#website\",\"url\":\"https:\\\/\\\/brain-trainer.com\\\/pt-br\\\/\",\"name\":\"brain-trainer.com\",\"description\":\"By Trainers, For Trainers\",\"publisher\":{\"@id\":\"https:\\\/\\\/brain-trainer.com\\\/pt-br\\\/#organization\"},\"potentialAction\":[{\"@type\":\"SearchAction\",\"target\":{\"@type\":\"EntryPoint\",\"urlTemplate\":\"https:\\\/\\\/brain-trainer.com\\\/pt-br\\\/?s={search_term_string}\"},\"query-input\":{\"@type\":\"PropertyValueSpecification\",\"valueRequired\":true,\"valueName\":\"search_term_string\"}}],\"inLanguage\":\"pt-BR\"},{\"@type\":\"Organization\",\"@id\":\"https:\\\/\\\/brain-trainer.com\\\/pt-br\\\/#organization\",\"name\":\"Brain-Trainer International\",\"url\":\"https:\\\/\\\/brain-trainer.com\\\/pt-br\\\/\",\"logo\":{\"@type\":\"ImageObject\",\"inLanguage\":\"pt-BR\",\"@id\":\"https:\\\/\\\/brain-trainer.com\\\/pt-br\\\/#\\\/schema\\\/logo\\\/image\\\/\",\"url\":\"https:\\\/\\\/brain-trainer.com\\\/wp-content\\\/uploads\\\/2015\\\/07\\\/brain-trainer.com-logo.jpg\",\"contentUrl\":\"https:\\\/\\\/brain-trainer.com\\\/wp-content\\\/uploads\\\/2015\\\/07\\\/brain-trainer.com-logo.jpg\",\"width\":384,\"height\":124,\"caption\":\"Brain-Trainer International\"},\"image\":{\"@id\":\"https:\\\/\\\/brain-trainer.com\\\/pt-br\\\/#\\\/schema\\\/logo\\\/image\\\/\"},\"sameAs\":[\"https:\\\/\\\/www.facebook.com\\\/BraintrainerU\\\/\",\"https:\\\/\\\/x.com\\\/BraintrainerU\",\"https:\\\/\\\/www.instagram.com\\\/braintraineru\"]}]}<\/script>\n<!-- \/ Yoast SEO plugin. -->","yoast_head_json":{"title":"M\u00e1gica Cerebral - Fazendo Sua Vida Se Tornar Realidade - brain-trainer.com","robots":{"index":"index","follow":"follow","max-snippet":"max-snippet:-1","max-image-preview":"max-image-preview:large","max-video-preview":"max-video-preview:-1"},"canonical":"https:\/\/brain-trainer.com\/pt-br\/magica-cerebral-fazendo-sua-vida-se-tornar-realidade\/","og_locale":"pt_BR","og_type":"article","og_title":"M\u00e1gica Cerebral - Fazendo Sua Vida Se Tornar Realidade - brain-trainer.com","og_description":"Mostre-me o mais recente Come\u00e7ar do come\u00e7o Bem-vindo ao meu blog sobre treinamento cerebral: M\u00e1gica Cerebral &#8211; Fazendo sua Vida se Realizar. Em mais de 20 anos que venho fazendo este trabalho &#8211; e ensinando outros a faz\u00ea-lo, com seus clientes e em si mesmos &#8211; eu tenho procurado desenvolver um sistema que se aproveita [&hellip;]","og_url":"https:\/\/brain-trainer.com\/pt-br\/magica-cerebral-fazendo-sua-vida-se-tornar-realidade\/","og_site_name":"brain-trainer.com","article_publisher":"https:\/\/www.facebook.com\/BraintrainerU\/","og_image":[{"url":"https:\/\/brain-trainer.com\/wp-content\/uploads\/2015\/05\/signature-200x42.jpg","type":"","width":"","height":""}],"twitter_misc":{"Est. tempo de leitura":"4 minutos"},"schema":{"@context":"https:\/\/schema.org","@graph":[{"@type":"WebPage","@id":"https:\/\/brain-trainer.com\/pt-br\/magica-cerebral-fazendo-sua-vida-se-tornar-realidade\/","url":"https:\/\/brain-trainer.com\/pt-br\/magica-cerebral-fazendo-sua-vida-se-tornar-realidade\/","name":"M\u00e1gica Cerebral - Fazendo Sua Vida Se Tornar Realidade - brain-trainer.com","isPartOf":{"@id":"https:\/\/brain-trainer.com\/pt-br\/#website"},"primaryImageOfPage":{"@id":"https:\/\/brain-trainer.com\/pt-br\/magica-cerebral-fazendo-sua-vida-se-tornar-realidade\/#primaryimage"},"image":{"@id":"https:\/\/brain-trainer.com\/pt-br\/magica-cerebral-fazendo-sua-vida-se-tornar-realidade\/#primaryimage"},"thumbnailUrl":"https:\/\/brain-trainer.com\/wp-content\/uploads\/2015\/05\/signature-200x42.jpg","datePublished":"2024-11-08T01:38:53+00:00","breadcrumb":{"@id":"https:\/\/brain-trainer.com\/pt-br\/magica-cerebral-fazendo-sua-vida-se-tornar-realidade\/#breadcrumb"},"inLanguage":"pt-BR","potentialAction":[{"@type":"ReadAction","target":["https:\/\/brain-trainer.com\/pt-br\/magica-cerebral-fazendo-sua-vida-se-tornar-realidade\/"]}]},{"@type":"ImageObject","inLanguage":"pt-BR","@id":"https:\/\/brain-trainer.com\/pt-br\/magica-cerebral-fazendo-sua-vida-se-tornar-realidade\/#primaryimage","url":"https:\/\/brain-trainer.com\/wp-content\/uploads\/2015\/05\/signature-200x42.jpg","contentUrl":"https:\/\/brain-trainer.com\/wp-content\/uploads\/2015\/05\/signature-200x42.jpg"},{"@type":"BreadcrumbList","@id":"https:\/\/brain-trainer.com\/pt-br\/magica-cerebral-fazendo-sua-vida-se-tornar-realidade\/#breadcrumb","itemListElement":[{"@type":"ListItem","position":1,"name":"Home","item":"https:\/\/brain-trainer.com\/pt-br\/"},{"@type":"ListItem","position":2,"name":"M\u00e1gica Cerebral &#8211; Fazendo Sua Vida Se Tornar Realidade"}]},{"@type":"WebSite","@id":"https:\/\/brain-trainer.com\/pt-br\/#website","url":"https:\/\/brain-trainer.com\/pt-br\/","name":"brain-trainer.com","description":"By Trainers, For Trainers","publisher":{"@id":"https:\/\/brain-trainer.com\/pt-br\/#organization"},"potentialAction":[{"@type":"SearchAction","target":{"@type":"EntryPoint","urlTemplate":"https:\/\/brain-trainer.com\/pt-br\/?s={search_term_string}"},"query-input":{"@type":"PropertyValueSpecification","valueRequired":true,"valueName":"search_term_string"}}],"inLanguage":"pt-BR"},{"@type":"Organization","@id":"https:\/\/brain-trainer.com\/pt-br\/#organization","name":"Brain-Trainer International","url":"https:\/\/brain-trainer.com\/pt-br\/","logo":{"@type":"ImageObject","inLanguage":"pt-BR","@id":"https:\/\/brain-trainer.com\/pt-br\/#\/schema\/logo\/image\/","url":"https:\/\/brain-trainer.com\/wp-content\/uploads\/2015\/07\/brain-trainer.com-logo.jpg","contentUrl":"https:\/\/brain-trainer.com\/wp-content\/uploads\/2015\/07\/brain-trainer.com-logo.jpg","width":384,"height":124,"caption":"Brain-Trainer International"},"image":{"@id":"https:\/\/brain-trainer.com\/pt-br\/#\/schema\/logo\/image\/"},"sameAs":["https:\/\/www.facebook.com\/BraintrainerU\/","https:\/\/x.com\/BraintrainerU","https:\/\/www.instagram.com\/braintraineru"]}]}},"_links":{"self":[{"href":"https:\/\/brain-trainer.com\/pt-br\/wp-json\/wp\/v2\/pages\/11163","targetHints":{"allow":["GET"]}}],"collection":[{"href":"https:\/\/brain-trainer.com\/pt-br\/wp-json\/wp\/v2\/pages"}],"about":[{"href":"https:\/\/brain-trainer.com\/pt-br\/wp-json\/wp\/v2\/types\/page"}],"author":[{"embeddable":true,"href":"https:\/\/brain-trainer.com\/pt-br\/wp-json\/wp\/v2\/users\/112"}],"replies":[{"embeddable":true,"href":"https:\/\/brain-trainer.com\/pt-br\/wp-json\/wp\/v2\/comments?post=11163"}],"version-history":[{"count":8,"href":"https:\/\/brain-trainer.com\/pt-br\/wp-json\/wp\/v2\/pages\/11163\/revisions"}],"predecessor-version":[{"id":40092,"href":"https:\/\/brain-trainer.com\/pt-br\/wp-json\/wp\/v2\/pages\/11163\/revisions\/40092"}],"wp:attachment":[{"href":"https:\/\/brain-trainer.com\/pt-br\/wp-json\/wp\/v2\/media?parent=11163"}],"curies":[{"name":"wp","href":"https:\/\/api.w.org\/{rel}","templated":true}]}}