{"id":11940,"date":"2024-11-07T20:39:03","date_gmt":"2024-11-08T01:39:03","guid":{"rendered":"https:\/\/brain-trainer.com\/?page_id=11940"},"modified":"2024-11-07T20:39:03","modified_gmt":"2024-11-08T01:39:03","slug":"padroes-cerebrais-no-tq7","status":"publish","type":"page","link":"https:\/\/brain-trainer.com\/pt-br\/sobre\/avaliacao-tq7\/padroes-cerebrais-no-tq7\/","title":{"rendered":"Padr\u00f5es cerebrais no TQ7"},"content":{"rendered":"<div>\n<div>\n<div style=\"float: right; padding: 0px 0px 0px 5px;\"><a title=\"Click to enlarge\" href=\"\/wp-content\/uploads\/2014\/12\/gray-matter.jpg\"><img loading=\"lazy\" decoding=\"async\" src=\"\/wp-content\/uploads\/2014\/12\/gray-matter.jpg\" alt=\"grey matter injury\" width=\"200\" height=\"162\" border=\"0\" \/><\/a><\/div>\n<h3>Les\u00f5es na mat\u00e9ria cinza<\/h3>\n<p>Les\u00f5es na mat\u00e9ria cinza matam neur\u00f4nios. Imediatamente o c\u00e9rebro mostra amplitudes menores em todas as frequ\u00eancias, ao longo do tempo esses neur\u00f4nios s\u00e3o substitu\u00eddos, por\u00e9m os novos podem n\u00e3o voltar a formar as conex\u00f5es daqueles que est\u00e3o perdidos. Resultado: um aumento da frequ\u00eancia de Alpha que se mantem com os olhos abertos e na tarefa.<\/p>\n<p>&nbsp;<\/p>\n<p>&nbsp;<\/p>\n<\/div>\n<div>\n<div style=\"float: right; padding: 0px 0px 0px 5px;\"><a title=\"Click to enlarge\" href=\"\/wp-content\/uploads\/2014\/12\/white-matter.jpg\"><img loading=\"lazy\" decoding=\"async\" src=\"\/wp-content\/uploads\/2014\/12\/white-matter.jpg\" alt=\"white matter injury\" width=\"200\" height=\"162\" border=\"0\" \/><\/a><\/div>\n<h3>Les\u00f5es na mat\u00e9ria braca<\/h3>\n<p>Les\u00f5es na mat\u00e9ria braca rompem ax\u00f4nios, quebrando conex\u00f5es neuronais. Os neur\u00f4nios continuam a disparar, mas n\u00e3o recebem ou repassam sinais, de modo que pulsam no ritmo Delta. A subst\u00e2ncia branca n\u00e3o pode ser reparada. Resultado: um pico de Delta que permanece com os olhos abertos e na tarefa.<\/p>\n<p>&nbsp;<\/p>\n<p>&nbsp;<\/p>\n<\/div>\n<div>\n<div style=\"float: right; padding: 0px 0px 0px 5px;\"><a title=\"Click to enlarge\" href=\"\/wp-content\/uploads\/2014\/12\/fast.jpg\"><img loading=\"lazy\" decoding=\"async\" src=\"\/wp-content\/uploads\/2014\/12\/fast.jpg\" alt=\"fast activity\" width=\"200\" height=\"162\" border=\"0\" \/><\/a><\/div>\n<h3>Padr\u00e3o C\u00e9rebro Quente<\/h3>\n<p>Padr\u00e3o C\u00e9rebro Quente pode estar relacionado com elevado estresse, ansiedade, irritabilidade, obsess\u00f5es ou fixa\u00e7\u00e3o na resposta de &#8220;luta ou fuga&#8221; (hiper vigil\u00e2ncia). Este c\u00e9rebro queima muita energia, mesmo estando em repouso, resultando em fadiga adrenal, baixos n\u00edveis de energia e depress\u00e3o. Quanto mais quente o c\u00e9rebro est\u00e1 no hemisf\u00e9rio direito e\/ou quadrante posterior direito, mais problem\u00e1tico.<\/p>\n<p>&nbsp;<\/p>\n<\/div>\n<div>\n<div style=\"float: right; padding: 0px 0px 0px 5px;\"><a title=\"Click to enlarge\" href=\"\/wp-content\/uploads\/2014\/12\/slow.jpg\"><img loading=\"lazy\" decoding=\"async\" src=\"\/wp-content\/uploads\/2014\/12\/slow.jpg\" alt=\"slow activity\" width=\"200\" height=\"162\" border=\"0\" \/><\/a><\/div>\n<h3>Padr\u00e3o C\u00e9rebro Lento<\/h3>\n<p>Padr\u00e3o C\u00e9rebro Lento pode estar relacionado com depress\u00e3o, desaten\u00e7\u00e3o, devaneios, dificuldade de processamento na linguagem, planejamento ou trabalhar com sequ\u00eancias e. Quando o c\u00e9rebro desativa, ou seja, fica mais lento na tarefa \u00e9 metabolicamente incapaz de sustentar estados de energia mais altos envolvidos no processamento.<\/p>\n<p>&nbsp;<\/p>\n<p>&nbsp;<\/p>\n<\/div>\n<div>\n<div style=\"float: right; padding: 0px 0px 0px 5px;\"><a title=\"Click to enlarge\" href=\"\/wp-content\/uploads\/2014\/12\/cold-cingulate.jpg\"><img loading=\"lazy\" decoding=\"async\" src=\"\/wp-content\/uploads\/2014\/12\/cold-cingulate.jpg\" alt=\"cold cingulate\" width=\"200\" height=\"111\" border=\"0\" \/><\/a><\/div>\n<h3>Cingulado anterior queimado<\/h3>\n<p>O cingulado anterior est\u00e1 envolvido com motiva\u00e7\u00e3o e \u00e9 o gerenciador que controla o fluxo das emo\u00e7\u00f5es do sistema l\u00edmbico para o c\u00f3rtex pr\u00e9-frontal. Quando o fluxo de emo\u00e7\u00f5es \u00e9 muito forte a estrat\u00e9gia do c\u00e9rebro \u00e9 negar os sentimentos. O cingulado tem que trabalhar arduamente (Hot cingulado de Daniel Amen), mas com o passar dos anos vemos que quase se desligou com o uso excessivo.<\/p>\n<p>&nbsp;<\/p>\n<\/div>\n<div>\n<div style=\"float: right; padding: 0px 0px 0px 5px;\"><a title=\"Click to enlarge Analyze page\" href=\"\/wp-content\/uploads\/2014\/12\/TLC7ap-Analyze1.jpg\"><img decoding=\"async\" src=\"\/wp-content\/uploads\/2014\/12\/TLC7ap-Analyze1.jpg\" alt=\"analyze page\" width=\"200\" border=\"0\" \/><\/a><\/div>\n<h3>P\u00e1gina de analise<\/h3>\n<p>Se voc\u00ea \u00e9 f\u00e3 de tabelas, o TLC7 fornece seus dados como voc\u00ea gosta. As p\u00e1ginas \u201cAnalyse\u201d e \u201cSynchrony\u201d permitem a visualiza\u00e7\u00e3o dos dados com n\u00fameros e raz\u00f5es, e a p\u00e1gina \u201cHeads\u201d permite a visualiza\u00e7\u00e3o atrav\u00e9s de imagens coloridas dando sentido aos dados. Em uma \u00fanica p\u00e1gina \u00e9 poss\u00edvel observar as rela\u00e7\u00f5es entre as frequ\u00eancias, frequ\u00eancias de pico, rela\u00e7\u00f5es entre alfa e theta ou teta e beta, ativa\u00e7\u00e3o ao longo do c\u00edngulo e medidas de sincronia!<\/p>\n<p>&nbsp;<\/p>\n<\/div>\n<div>\n<div style=\"float: right; padding: 0px 0px 0px 5px;\"><a title=\"Click to enlarge Synchrony page\" href=\"\/wp-content\/uploads\/2014\/12\/TLC7ap-synchrony.jpg\"><img loading=\"lazy\" decoding=\"async\" src=\"\/wp-content\/uploads\/2014\/12\/TLC7ap-synchrony.jpg\" alt=\"synchrony page\" width=\"200\" height=\"129\" border=\"0\" \/><\/a><\/div>\n<h3>P\u00e1gina Synchrony<\/h3>\n<p>Ao inv\u00e9s de olhar para dezenas de medidas de sincronia entre sites individuais, o TLC7 olha para as \u00e1reas onde h\u00e1 altos n\u00edveis de conectividade que limitam a efici\u00eancia do c\u00e9rebro, \u00e1reas de bloqueio em conjunto que impedem o c\u00e9rebro de operar de forma independente ou em que os baixos n\u00edveis de conectividade mant\u00eam o c\u00e9rebro em marcha lenta e com pouca coordena\u00e7\u00e3o de suas atividades.<\/p>\n<\/div>\n<div>\n<div style=\"float: right; padding: 0px 0px 0px 5px;\"><a title=\"Click to enlarge Histograms page\" href=\"\/wp-content\/uploads\/2014\/12\/TLC7ap-Histograms.jpg\"><img decoding=\"async\" src=\"\/wp-content\/uploads\/2014\/12\/TLC7ap-Histograms.jpg\" alt=\"histograms page\" width=\"200\" border=\"0\" \/><\/a><\/div>\n<h3>Histograma<\/h3>\n<p>Para aqueles que gostam de gr\u00e1ficos, os histogramas permitem visualizar as amplitudes e as rela\u00e7\u00f5es entre frequ\u00eancias, bem como a ativa\u00e7\u00e3o das mesmas em diferentes locais. Podemos tamb\u00e9m visualizar onde existem assimetrias e muito mais. Voc\u00ea pode selecionar op\u00e7\u00f5es para visualizar os dados de olhos fechados, olhos abertos ou tarefa, para v\u00ea-los todos juntos em um gr\u00e1fico ou olhar para cada um independentemente com o clique de um bot\u00e3o.<\/p>\n<\/div>\n<\/div>\n<p>&nbsp;<\/p>\n<p>&nbsp;<\/p>\n<div>\n<div>\n<div style=\"float: right; padding: 0px 0px 0px 5px;\"><a title=\"Click to enlarge Heads page\" href=\"\/wp-content\/uploads\/2014\/12\/TLC7ap-Headss.jpg\"><img decoding=\"async\" src=\"\/wp-content\/uploads\/2014\/12\/TLC7ap-Heads.jpg\" alt=\"heads page\" width=\"200\" border=\"0\" \/><\/a><\/div>\n<h3>Cabe\u00e7as<\/h3>\n<p>Uma combina\u00e7\u00e3o do ponto de vista visual e de dados, esta p\u00e1gina mostra amplitudes e porcentagens para cada grupo de frequ\u00eancia em cada site, para que voc\u00ea possa compar\u00e1-los. Um clique de um bot\u00e3o mostra os dados de olhos fechados, olhos abertos ou tarefa.<\/p>\n<\/div>\n<\/div>\n","protected":false},"excerpt":{"rendered":"<p>Les\u00f5es na mat\u00e9ria cinza Les\u00f5es na mat\u00e9ria cinza matam neur\u00f4nios. Imediatamente o c\u00e9rebro mostra amplitudes menores em todas as frequ\u00eancias, ao longo do tempo esses neur\u00f4nios s\u00e3o substitu\u00eddos, por\u00e9m os novos podem n\u00e3o voltar a formar as conex\u00f5es daqueles que est\u00e3o perdidos. Resultado: um aumento da frequ\u00eancia de Alpha que se mantem com os olhos [&hellip;]<\/p>\n","protected":false},"author":112,"featured_media":0,"parent":11154,"menu_order":0,"comment_status":"closed","ping_status":"open","template":"","meta":{"_acf_changed":false,"footnotes":""},"class_list":["post-11940","page","type-page","status-publish","hentry"],"acf":[],"yoast_head":"<!-- This site is optimized with the Yoast SEO plugin v27.3 - https:\/\/yoast.com\/product\/yoast-seo-wordpress\/ -->\n<title>Padr\u00f5es cerebrais no TQ7 - brain-trainer.com<\/title>\n<meta name=\"robots\" content=\"index, follow, max-snippet:-1, max-image-preview:large, max-video-preview:-1\" \/>\n<link rel=\"canonical\" href=\"https:\/\/brain-trainer.com\/pt-br\/sobre\/avaliacao-tq7\/padroes-cerebrais-no-tq7\/\" \/>\n<meta property=\"og:locale\" content=\"pt_BR\" \/>\n<meta property=\"og:type\" content=\"article\" \/>\n<meta property=\"og:title\" content=\"Padr\u00f5es cerebrais no TQ7 - brain-trainer.com\" \/>\n<meta property=\"og:description\" content=\"Les\u00f5es na mat\u00e9ria cinza Les\u00f5es na mat\u00e9ria cinza matam neur\u00f4nios. Imediatamente o c\u00e9rebro mostra amplitudes menores em todas as frequ\u00eancias, ao longo do tempo esses neur\u00f4nios s\u00e3o substitu\u00eddos, por\u00e9m os novos podem n\u00e3o voltar a formar as conex\u00f5es daqueles que est\u00e3o perdidos. Resultado: um aumento da frequ\u00eancia de Alpha que se mantem com os olhos [&hellip;]\" \/>\n<meta property=\"og:url\" content=\"https:\/\/brain-trainer.com\/pt-br\/sobre\/avaliacao-tq7\/padroes-cerebrais-no-tq7\/\" \/>\n<meta property=\"og:site_name\" content=\"brain-trainer.com\" \/>\n<meta property=\"article:publisher\" content=\"https:\/\/www.facebook.com\/BraintrainerU\/\" \/>\n<meta name=\"twitter:label1\" content=\"Est. tempo de leitura\" \/>\n\t<meta name=\"twitter:data1\" content=\"5 minutos\" \/>\n<script type=\"application\/ld+json\" class=\"yoast-schema-graph\">{\"@context\":\"https:\\\/\\\/schema.org\",\"@graph\":[{\"@type\":\"WebPage\",\"@id\":\"https:\\\/\\\/brain-trainer.com\\\/pt-br\\\/sobre\\\/avaliacao-tq7\\\/padroes-cerebrais-no-tq7\\\/\",\"url\":\"https:\\\/\\\/brain-trainer.com\\\/pt-br\\\/sobre\\\/avaliacao-tq7\\\/padroes-cerebrais-no-tq7\\\/\",\"name\":\"Padr\u00f5es cerebrais no TQ7 - brain-trainer.com\",\"isPartOf\":{\"@id\":\"https:\\\/\\\/brain-trainer.com\\\/pt-br\\\/#website\"},\"datePublished\":\"2024-11-08T01:39:03+00:00\",\"breadcrumb\":{\"@id\":\"https:\\\/\\\/brain-trainer.com\\\/pt-br\\\/sobre\\\/avaliacao-tq7\\\/padroes-cerebrais-no-tq7\\\/#breadcrumb\"},\"inLanguage\":\"pt-BR\",\"potentialAction\":[{\"@type\":\"ReadAction\",\"target\":[\"https:\\\/\\\/brain-trainer.com\\\/pt-br\\\/sobre\\\/avaliacao-tq7\\\/padroes-cerebrais-no-tq7\\\/\"]}]},{\"@type\":\"BreadcrumbList\",\"@id\":\"https:\\\/\\\/brain-trainer.com\\\/pt-br\\\/sobre\\\/avaliacao-tq7\\\/padroes-cerebrais-no-tq7\\\/#breadcrumb\",\"itemListElement\":[{\"@type\":\"ListItem\",\"position\":1,\"name\":\"Home\",\"item\":\"https:\\\/\\\/brain-trainer.com\\\/pt-br\\\/\"},{\"@type\":\"ListItem\",\"position\":2,\"name\":\"Sobre\",\"item\":\"https:\\\/\\\/brain-trainer.com\\\/pt-br\\\/sobre\\\/\"},{\"@type\":\"ListItem\",\"position\":3,\"name\":\"Avalia\u00e7\u00e3o TQ7\",\"item\":\"https:\\\/\\\/brain-trainer.com\\\/pt-br\\\/sobre\\\/avaliacao-tq7\\\/\"},{\"@type\":\"ListItem\",\"position\":4,\"name\":\"Padr\u00f5es cerebrais no TQ7\"}]},{\"@type\":\"WebSite\",\"@id\":\"https:\\\/\\\/brain-trainer.com\\\/pt-br\\\/#website\",\"url\":\"https:\\\/\\\/brain-trainer.com\\\/pt-br\\\/\",\"name\":\"brain-trainer.com\",\"description\":\"By Trainers, For Trainers\",\"publisher\":{\"@id\":\"https:\\\/\\\/brain-trainer.com\\\/pt-br\\\/#organization\"},\"potentialAction\":[{\"@type\":\"SearchAction\",\"target\":{\"@type\":\"EntryPoint\",\"urlTemplate\":\"https:\\\/\\\/brain-trainer.com\\\/pt-br\\\/?s={search_term_string}\"},\"query-input\":{\"@type\":\"PropertyValueSpecification\",\"valueRequired\":true,\"valueName\":\"search_term_string\"}}],\"inLanguage\":\"pt-BR\"},{\"@type\":\"Organization\",\"@id\":\"https:\\\/\\\/brain-trainer.com\\\/pt-br\\\/#organization\",\"name\":\"Brain-Trainer International\",\"url\":\"https:\\\/\\\/brain-trainer.com\\\/pt-br\\\/\",\"logo\":{\"@type\":\"ImageObject\",\"inLanguage\":\"pt-BR\",\"@id\":\"https:\\\/\\\/brain-trainer.com\\\/pt-br\\\/#\\\/schema\\\/logo\\\/image\\\/\",\"url\":\"https:\\\/\\\/brain-trainer.com\\\/wp-content\\\/uploads\\\/2015\\\/07\\\/brain-trainer.com-logo.jpg\",\"contentUrl\":\"https:\\\/\\\/brain-trainer.com\\\/wp-content\\\/uploads\\\/2015\\\/07\\\/brain-trainer.com-logo.jpg\",\"width\":384,\"height\":124,\"caption\":\"Brain-Trainer International\"},\"image\":{\"@id\":\"https:\\\/\\\/brain-trainer.com\\\/pt-br\\\/#\\\/schema\\\/logo\\\/image\\\/\"},\"sameAs\":[\"https:\\\/\\\/www.facebook.com\\\/BraintrainerU\\\/\",\"https:\\\/\\\/x.com\\\/BraintrainerU\",\"https:\\\/\\\/www.instagram.com\\\/braintraineru\"]}]}<\/script>\n<!-- \/ Yoast SEO plugin. -->","yoast_head_json":{"title":"Padr\u00f5es cerebrais no TQ7 - brain-trainer.com","robots":{"index":"index","follow":"follow","max-snippet":"max-snippet:-1","max-image-preview":"max-image-preview:large","max-video-preview":"max-video-preview:-1"},"canonical":"https:\/\/brain-trainer.com\/pt-br\/sobre\/avaliacao-tq7\/padroes-cerebrais-no-tq7\/","og_locale":"pt_BR","og_type":"article","og_title":"Padr\u00f5es cerebrais no TQ7 - brain-trainer.com","og_description":"Les\u00f5es na mat\u00e9ria cinza Les\u00f5es na mat\u00e9ria cinza matam neur\u00f4nios. Imediatamente o c\u00e9rebro mostra amplitudes menores em todas as frequ\u00eancias, ao longo do tempo esses neur\u00f4nios s\u00e3o substitu\u00eddos, por\u00e9m os novos podem n\u00e3o voltar a formar as conex\u00f5es daqueles que est\u00e3o perdidos. Resultado: um aumento da frequ\u00eancia de Alpha que se mantem com os olhos [&hellip;]","og_url":"https:\/\/brain-trainer.com\/pt-br\/sobre\/avaliacao-tq7\/padroes-cerebrais-no-tq7\/","og_site_name":"brain-trainer.com","article_publisher":"https:\/\/www.facebook.com\/BraintrainerU\/","twitter_misc":{"Est. tempo de leitura":"5 minutos"},"schema":{"@context":"https:\/\/schema.org","@graph":[{"@type":"WebPage","@id":"https:\/\/brain-trainer.com\/pt-br\/sobre\/avaliacao-tq7\/padroes-cerebrais-no-tq7\/","url":"https:\/\/brain-trainer.com\/pt-br\/sobre\/avaliacao-tq7\/padroes-cerebrais-no-tq7\/","name":"Padr\u00f5es cerebrais no TQ7 - brain-trainer.com","isPartOf":{"@id":"https:\/\/brain-trainer.com\/pt-br\/#website"},"datePublished":"2024-11-08T01:39:03+00:00","breadcrumb":{"@id":"https:\/\/brain-trainer.com\/pt-br\/sobre\/avaliacao-tq7\/padroes-cerebrais-no-tq7\/#breadcrumb"},"inLanguage":"pt-BR","potentialAction":[{"@type":"ReadAction","target":["https:\/\/brain-trainer.com\/pt-br\/sobre\/avaliacao-tq7\/padroes-cerebrais-no-tq7\/"]}]},{"@type":"BreadcrumbList","@id":"https:\/\/brain-trainer.com\/pt-br\/sobre\/avaliacao-tq7\/padroes-cerebrais-no-tq7\/#breadcrumb","itemListElement":[{"@type":"ListItem","position":1,"name":"Home","item":"https:\/\/brain-trainer.com\/pt-br\/"},{"@type":"ListItem","position":2,"name":"Sobre","item":"https:\/\/brain-trainer.com\/pt-br\/sobre\/"},{"@type":"ListItem","position":3,"name":"Avalia\u00e7\u00e3o TQ7","item":"https:\/\/brain-trainer.com\/pt-br\/sobre\/avaliacao-tq7\/"},{"@type":"ListItem","position":4,"name":"Padr\u00f5es cerebrais no TQ7"}]},{"@type":"WebSite","@id":"https:\/\/brain-trainer.com\/pt-br\/#website","url":"https:\/\/brain-trainer.com\/pt-br\/","name":"brain-trainer.com","description":"By Trainers, For Trainers","publisher":{"@id":"https:\/\/brain-trainer.com\/pt-br\/#organization"},"potentialAction":[{"@type":"SearchAction","target":{"@type":"EntryPoint","urlTemplate":"https:\/\/brain-trainer.com\/pt-br\/?s={search_term_string}"},"query-input":{"@type":"PropertyValueSpecification","valueRequired":true,"valueName":"search_term_string"}}],"inLanguage":"pt-BR"},{"@type":"Organization","@id":"https:\/\/brain-trainer.com\/pt-br\/#organization","name":"Brain-Trainer International","url":"https:\/\/brain-trainer.com\/pt-br\/","logo":{"@type":"ImageObject","inLanguage":"pt-BR","@id":"https:\/\/brain-trainer.com\/pt-br\/#\/schema\/logo\/image\/","url":"https:\/\/brain-trainer.com\/wp-content\/uploads\/2015\/07\/brain-trainer.com-logo.jpg","contentUrl":"https:\/\/brain-trainer.com\/wp-content\/uploads\/2015\/07\/brain-trainer.com-logo.jpg","width":384,"height":124,"caption":"Brain-Trainer International"},"image":{"@id":"https:\/\/brain-trainer.com\/pt-br\/#\/schema\/logo\/image\/"},"sameAs":["https:\/\/www.facebook.com\/BraintrainerU\/","https:\/\/x.com\/BraintrainerU","https:\/\/www.instagram.com\/braintraineru"]}]}},"_links":{"self":[{"href":"https:\/\/brain-trainer.com\/pt-br\/wp-json\/wp\/v2\/pages\/11940","targetHints":{"allow":["GET"]}}],"collection":[{"href":"https:\/\/brain-trainer.com\/pt-br\/wp-json\/wp\/v2\/pages"}],"about":[{"href":"https:\/\/brain-trainer.com\/pt-br\/wp-json\/wp\/v2\/types\/page"}],"author":[{"embeddable":true,"href":"https:\/\/brain-trainer.com\/pt-br\/wp-json\/wp\/v2\/users\/112"}],"replies":[{"embeddable":true,"href":"https:\/\/brain-trainer.com\/pt-br\/wp-json\/wp\/v2\/comments?post=11940"}],"version-history":[{"count":5,"href":"https:\/\/brain-trainer.com\/pt-br\/wp-json\/wp\/v2\/pages\/11940\/revisions"}],"predecessor-version":[{"id":38544,"href":"https:\/\/brain-trainer.com\/pt-br\/wp-json\/wp\/v2\/pages\/11940\/revisions\/38544"}],"up":[{"embeddable":true,"href":"https:\/\/brain-trainer.com\/pt-br\/wp-json\/wp\/v2\/pages\/11154"}],"wp:attachment":[{"href":"https:\/\/brain-trainer.com\/pt-br\/wp-json\/wp\/v2\/media?parent=11940"}],"curies":[{"name":"wp","href":"https:\/\/api.w.org\/{rel}","templated":true}]}}