{"id":11954,"date":"2024-11-07T20:38:57","date_gmt":"2024-11-08T01:38:57","guid":{"rendered":"https:\/\/brain-trainer.com\/?page_id=11954"},"modified":"2025-07-31T12:11:10","modified_gmt":"2025-07-31T16:11:10","slug":"respostas","status":"publish","type":"page","link":"https:\/\/brain-trainer.com\/pt-br\/respostas\/","title":{"rendered":"Respostas"},"content":{"rendered":"<p>    <form role=\"search\" method=\"get\" class=\"custom-search-form\" action=\"https:\/\/brain-trainer.com\/pt-br\/\">\r\n        <input type=\"search\" class=\"search-field\" placeholder=\"Pesquisar &hellip;\" value=\"\" name=\"s\" \/>\r\n        <select name=\"post_type\">\r\n            <option value=\"\"  selected='selected'>All<\/option>\r\n            <option value=\"post\">Blog Posts<\/option><option value=\"page\">Site Pages<\/option><option value=\"answer\">Answers<\/option><option value=\"support\">Support Resources<\/option><option value=\"product\">Products<\/option>        <\/select>\r\n        <button type=\"submit\" class=\"search-submit\">Pesquisar<\/button>\r\n    <\/form>\r\n    <br \/>\nFrequently asked questions from the braintrainer discussion list have been compiled and presented here. Respostas Brain Training has a wealth of information from years of training and experience &#8211; neurofeedback brain training, equipment, brain function, training methods and training clients.<\/p>\n<h2><a href=\"https:\/\/brain-trainer.com\/pt-br\/respostas\/para-comecar\/\">Para Come\u00e7ar<\/a><\/h2>\n<h2><a href=\"https:\/\/brain-trainer.com\/pt-br\/respostas\/sobre-o-cerebro\/\">Sobre o C\u00e9rebro<\/a><\/h2>\n<h2><a href=\"\/respostas\/relacionadas-ao-treinamento\/\">Quest\u00f5es Relacionadas ao Treinamento<\/a><\/h2>\n<h2><a href=\"https:\/\/brain-trainer.com\/pt-br\/respostas\/a-parte-administrativa\/\">A parte Administrativa<\/a><\/h2>\n","protected":false},"excerpt":{"rendered":"<p>Frequently asked questions from the braintrainer discussion list have been compiled and presented here. Respostas Brain Training has a wealth of information from years of training and experience &#8211; neurofeedback brain training, equipment, brain function, training methods and training clients. Para Come\u00e7ar Sobre o C\u00e9rebro Quest\u00f5es Relacionadas ao Treinamento A parte Administrativa<\/p>\n","protected":false},"author":112,"featured_media":0,"parent":0,"menu_order":0,"comment_status":"open","ping_status":"open","template":"","meta":{"_acf_changed":false,"footnotes":""},"class_list":["post-11954","page","type-page","status-publish","hentry"],"acf":[],"yoast_head":"<!-- This site is optimized with the Yoast SEO plugin v25.9 - https:\/\/yoast.com\/wordpress\/plugins\/seo\/ -->\n<title>Respostas - brain-trainer.com<\/title>\n<meta name=\"robots\" content=\"index, follow, max-snippet:-1, max-image-preview:large, max-video-preview:-1\" \/>\n<link rel=\"canonical\" href=\"https:\/\/brain-trainer.com\/pt-br\/respostas\/\" \/>\n<meta property=\"og:locale\" content=\"pt_BR\" \/>\n<meta property=\"og:type\" content=\"article\" \/>\n<meta property=\"og:title\" content=\"Respostas - brain-trainer.com\" \/>\n<meta property=\"og:description\" content=\"Frequently asked questions from the braintrainer discussion list have been compiled and presented here. Respostas Brain Training has a wealth of information from years of training and experience &#8211; neurofeedback brain training, equipment, brain function, training methods and training clients. Para Come\u00e7ar Sobre o C\u00e9rebro Quest\u00f5es Relacionadas ao Treinamento A parte Administrativa\" \/>\n<meta property=\"og:url\" content=\"https:\/\/brain-trainer.com\/pt-br\/respostas\/\" \/>\n<meta property=\"og:site_name\" content=\"brain-trainer.com\" \/>\n<meta property=\"article:publisher\" content=\"https:\/\/www.facebook.com\/BraintrainerU\/\" \/>\n<meta property=\"article:modified_time\" content=\"2025-07-31T16:11:10+00:00\" \/>\n<meta name=\"twitter:label1\" content=\"Est. tempo de leitura\" \/>\n\t<meta name=\"twitter:data1\" content=\"1 minuto\" \/>\n<script type=\"application\/ld+json\" class=\"yoast-schema-graph\">{\"@context\":\"https:\/\/schema.org\",\"@graph\":[{\"@type\":\"WebPage\",\"@id\":\"https:\/\/brain-trainer.com\/pt-br\/respostas\/\",\"url\":\"https:\/\/brain-trainer.com\/pt-br\/respostas\/\",\"name\":\"Respostas - brain-trainer.com\",\"isPartOf\":{\"@id\":\"https:\/\/brain-trainer.com\/pt-br\/#website\"},\"datePublished\":\"2024-11-08T01:38:57+00:00\",\"dateModified\":\"2025-07-31T16:11:10+00:00\",\"breadcrumb\":{\"@id\":\"https:\/\/brain-trainer.com\/pt-br\/respostas\/#breadcrumb\"},\"inLanguage\":\"pt-BR\",\"potentialAction\":[{\"@type\":\"ReadAction\",\"target\":[\"https:\/\/brain-trainer.com\/pt-br\/respostas\/\"]}]},{\"@type\":\"BreadcrumbList\",\"@id\":\"https:\/\/brain-trainer.com\/pt-br\/respostas\/#breadcrumb\",\"itemListElement\":[{\"@type\":\"ListItem\",\"position\":1,\"name\":\"Home\",\"item\":\"https:\/\/brain-trainer.com\/pt-br\/\"},{\"@type\":\"ListItem\",\"position\":2,\"name\":\"Respostas\"}]},{\"@type\":\"WebSite\",\"@id\":\"https:\/\/brain-trainer.com\/pt-br\/#website\",\"url\":\"https:\/\/brain-trainer.com\/pt-br\/\",\"name\":\"brain-trainer.com\",\"description\":\"By Trainers, For Trainers\",\"publisher\":{\"@id\":\"https:\/\/brain-trainer.com\/pt-br\/#organization\"},\"potentialAction\":[{\"@type\":\"SearchAction\",\"target\":{\"@type\":\"EntryPoint\",\"urlTemplate\":\"https:\/\/brain-trainer.com\/pt-br\/?s={search_term_string}\"},\"query-input\":{\"@type\":\"PropertyValueSpecification\",\"valueRequired\":true,\"valueName\":\"search_term_string\"}}],\"inLanguage\":\"pt-BR\"},{\"@type\":\"Organization\",\"@id\":\"https:\/\/brain-trainer.com\/pt-br\/#organization\",\"name\":\"Brain-Trainer International\",\"url\":\"https:\/\/brain-trainer.com\/pt-br\/\",\"logo\":{\"@type\":\"ImageObject\",\"inLanguage\":\"pt-BR\",\"@id\":\"https:\/\/brain-trainer.com\/pt-br\/#\/schema\/logo\/image\/\",\"url\":\"https:\/\/brain-trainer.com\/wp-content\/uploads\/2015\/07\/brain-trainer.com-logo.jpg\",\"contentUrl\":\"https:\/\/brain-trainer.com\/wp-content\/uploads\/2015\/07\/brain-trainer.com-logo.jpg\",\"width\":384,\"height\":124,\"caption\":\"Brain-Trainer International\"},\"image\":{\"@id\":\"https:\/\/brain-trainer.com\/pt-br\/#\/schema\/logo\/image\/\"},\"sameAs\":[\"https:\/\/www.facebook.com\/BraintrainerU\/\",\"https:\/\/x.com\/BraintrainerU\",\"https:\/\/www.instagram.com\/braintraineru\"]}]}<\/script>\n<!-- \/ Yoast SEO plugin. -->","yoast_head_json":{"title":"Respostas - brain-trainer.com","robots":{"index":"index","follow":"follow","max-snippet":"max-snippet:-1","max-image-preview":"max-image-preview:large","max-video-preview":"max-video-preview:-1"},"canonical":"https:\/\/brain-trainer.com\/pt-br\/respostas\/","og_locale":"pt_BR","og_type":"article","og_title":"Respostas - brain-trainer.com","og_description":"Frequently asked questions from the braintrainer discussion list have been compiled and presented here. Respostas Brain Training has a wealth of information from years of training and experience &#8211; neurofeedback brain training, equipment, brain function, training methods and training clients. Para Come\u00e7ar Sobre o C\u00e9rebro Quest\u00f5es Relacionadas ao Treinamento A parte Administrativa","og_url":"https:\/\/brain-trainer.com\/pt-br\/respostas\/","og_site_name":"brain-trainer.com","article_publisher":"https:\/\/www.facebook.com\/BraintrainerU\/","article_modified_time":"2025-07-31T16:11:10+00:00","twitter_misc":{"Est. tempo de leitura":"1 minuto"},"schema":{"@context":"https:\/\/schema.org","@graph":[{"@type":"WebPage","@id":"https:\/\/brain-trainer.com\/pt-br\/respostas\/","url":"https:\/\/brain-trainer.com\/pt-br\/respostas\/","name":"Respostas - brain-trainer.com","isPartOf":{"@id":"https:\/\/brain-trainer.com\/pt-br\/#website"},"datePublished":"2024-11-08T01:38:57+00:00","dateModified":"2025-07-31T16:11:10+00:00","breadcrumb":{"@id":"https:\/\/brain-trainer.com\/pt-br\/respostas\/#breadcrumb"},"inLanguage":"pt-BR","potentialAction":[{"@type":"ReadAction","target":["https:\/\/brain-trainer.com\/pt-br\/respostas\/"]}]},{"@type":"BreadcrumbList","@id":"https:\/\/brain-trainer.com\/pt-br\/respostas\/#breadcrumb","itemListElement":[{"@type":"ListItem","position":1,"name":"Home","item":"https:\/\/brain-trainer.com\/pt-br\/"},{"@type":"ListItem","position":2,"name":"Respostas"}]},{"@type":"WebSite","@id":"https:\/\/brain-trainer.com\/pt-br\/#website","url":"https:\/\/brain-trainer.com\/pt-br\/","name":"brain-trainer.com","description":"By Trainers, For Trainers","publisher":{"@id":"https:\/\/brain-trainer.com\/pt-br\/#organization"},"potentialAction":[{"@type":"SearchAction","target":{"@type":"EntryPoint","urlTemplate":"https:\/\/brain-trainer.com\/pt-br\/?s={search_term_string}"},"query-input":{"@type":"PropertyValueSpecification","valueRequired":true,"valueName":"search_term_string"}}],"inLanguage":"pt-BR"},{"@type":"Organization","@id":"https:\/\/brain-trainer.com\/pt-br\/#organization","name":"Brain-Trainer International","url":"https:\/\/brain-trainer.com\/pt-br\/","logo":{"@type":"ImageObject","inLanguage":"pt-BR","@id":"https:\/\/brain-trainer.com\/pt-br\/#\/schema\/logo\/image\/","url":"https:\/\/brain-trainer.com\/wp-content\/uploads\/2015\/07\/brain-trainer.com-logo.jpg","contentUrl":"https:\/\/brain-trainer.com\/wp-content\/uploads\/2015\/07\/brain-trainer.com-logo.jpg","width":384,"height":124,"caption":"Brain-Trainer International"},"image":{"@id":"https:\/\/brain-trainer.com\/pt-br\/#\/schema\/logo\/image\/"},"sameAs":["https:\/\/www.facebook.com\/BraintrainerU\/","https:\/\/x.com\/BraintrainerU","https:\/\/www.instagram.com\/braintraineru"]}]}},"_links":{"self":[{"href":"https:\/\/brain-trainer.com\/pt-br\/wp-json\/wp\/v2\/pages\/11954","targetHints":{"allow":["GET"]}}],"collection":[{"href":"https:\/\/brain-trainer.com\/pt-br\/wp-json\/wp\/v2\/pages"}],"about":[{"href":"https:\/\/brain-trainer.com\/pt-br\/wp-json\/wp\/v2\/types\/page"}],"author":[{"embeddable":true,"href":"https:\/\/brain-trainer.com\/pt-br\/wp-json\/wp\/v2\/users\/112"}],"replies":[{"embeddable":true,"href":"https:\/\/brain-trainer.com\/pt-br\/wp-json\/wp\/v2\/comments?post=11954"}],"version-history":[{"count":7,"href":"https:\/\/brain-trainer.com\/pt-br\/wp-json\/wp\/v2\/pages\/11954\/revisions"}],"predecessor-version":[{"id":42364,"href":"https:\/\/brain-trainer.com\/pt-br\/wp-json\/wp\/v2\/pages\/11954\/revisions\/42364"}],"wp:attachment":[{"href":"https:\/\/brain-trainer.com\/pt-br\/wp-json\/wp\/v2\/media?parent=11954"}],"curies":[{"name":"wp","href":"https:\/\/api.w.org\/{rel}","templated":true}]}}