{"id":11960,"date":"2024-11-07T20:38:59","date_gmt":"2024-11-08T01:38:59","guid":{"rendered":"https:\/\/brain-trainer.com\/?page_id=11960"},"modified":"2024-11-07T20:38:59","modified_gmt":"2024-11-08T01:38:59","slug":"sobre-o-cerebro","status":"publish","type":"page","link":"https:\/\/brain-trainer.com\/pt-br\/respostas\/sobre-o-cerebro\/","title":{"rendered":"Sobre o C\u00e9rebro"},"content":{"rendered":"<div>    <form role=\"search\" method=\"get\" class=\"custom-search-form\" action=\"https:\/\/brain-trainer.com\/pt-br\/\">\r\n        <input type=\"search\" class=\"search-field\" placeholder=\"Pesquisar &hellip;\" value=\"\" name=\"s\" \/>\r\n        <select name=\"post_type\">\r\n            <option value=\"\"  selected='selected'>All<\/option>\r\n            <option value=\"post\">Blog Posts<\/option><option value=\"page\">Site Pages<\/option><option value=\"answer\">Answers<\/option><option value=\"support\">Support Resources<\/option><option value=\"product\">Products<\/option>        <\/select>\r\n        <button type=\"submit\" class=\"search-submit\">Pesquisar<\/button>\r\n    <\/form>\r\n    <\/div>\n<h3><a href=\"\/respostas\/sobre-o-cerebro\/entendendo-as-frequencias\">Entendendo as Frequ\u00eancias<\/a><\/h3>\n<h3><a href=\"\/respostas\/sobre-o-cerebro\/mapa-10-20-e-as-funcoes-corticais\">O mapa 10-20 e as Fun\u00e7\u00f5es Corticais<\/a><\/h3>\n<h3><a href=\"\/respostas\/sobre-o-cerebro\/conteudo-relacionado-ao-treinamento-cerebral\">Conte\u00fado Relacionado ao Treinamento Cerebral<\/a><\/h3>\n","protected":false},"excerpt":{"rendered":"<p>Entendendo as Frequ\u00eancias O mapa 10-20 e as Fun\u00e7\u00f5es Corticais Conte\u00fado Relacionado ao Treinamento Cerebral<\/p>\n","protected":false},"author":112,"featured_media":0,"parent":11954,"menu_order":0,"comment_status":"open","ping_status":"open","template":"","meta":{"_acf_changed":false,"footnotes":""},"class_list":["post-11960","page","type-page","status-publish","hentry"],"acf":[],"yoast_head":"<!-- This site is optimized with the Yoast SEO plugin v25.9 - https:\/\/yoast.com\/wordpress\/plugins\/seo\/ -->\n<title>Sobre o C\u00e9rebro - brain-trainer.com<\/title>\n<meta name=\"robots\" content=\"index, follow, max-snippet:-1, max-image-preview:large, max-video-preview:-1\" \/>\n<link rel=\"canonical\" href=\"https:\/\/brain-trainer.com\/pt-br\/respostas\/sobre-o-cerebro\/\" \/>\n<meta property=\"og:locale\" content=\"pt_BR\" \/>\n<meta property=\"og:type\" content=\"article\" \/>\n<meta property=\"og:title\" content=\"Sobre o C\u00e9rebro - brain-trainer.com\" \/>\n<meta property=\"og:description\" content=\"Entendendo as Frequ\u00eancias O mapa 10-20 e as Fun\u00e7\u00f5es Corticais Conte\u00fado Relacionado ao Treinamento Cerebral\" \/>\n<meta property=\"og:url\" content=\"https:\/\/brain-trainer.com\/pt-br\/respostas\/sobre-o-cerebro\/\" \/>\n<meta property=\"og:site_name\" content=\"brain-trainer.com\" \/>\n<meta property=\"article:publisher\" content=\"https:\/\/www.facebook.com\/BraintrainerU\/\" \/>\n<script type=\"application\/ld+json\" class=\"yoast-schema-graph\">{\"@context\":\"https:\/\/schema.org\",\"@graph\":[{\"@type\":\"WebPage\",\"@id\":\"https:\/\/brain-trainer.com\/pt-br\/respostas\/sobre-o-cerebro\/\",\"url\":\"https:\/\/brain-trainer.com\/pt-br\/respostas\/sobre-o-cerebro\/\",\"name\":\"Sobre o C\u00e9rebro - brain-trainer.com\",\"isPartOf\":{\"@id\":\"https:\/\/brain-trainer.com\/pt-br\/#website\"},\"datePublished\":\"2024-11-08T01:38:59+00:00\",\"breadcrumb\":{\"@id\":\"https:\/\/brain-trainer.com\/pt-br\/respostas\/sobre-o-cerebro\/#breadcrumb\"},\"inLanguage\":\"pt-BR\",\"potentialAction\":[{\"@type\":\"ReadAction\",\"target\":[\"https:\/\/brain-trainer.com\/pt-br\/respostas\/sobre-o-cerebro\/\"]}]},{\"@type\":\"BreadcrumbList\",\"@id\":\"https:\/\/brain-trainer.com\/pt-br\/respostas\/sobre-o-cerebro\/#breadcrumb\",\"itemListElement\":[{\"@type\":\"ListItem\",\"position\":1,\"name\":\"Home\",\"item\":\"https:\/\/brain-trainer.com\/pt-br\/\"},{\"@type\":\"ListItem\",\"position\":2,\"name\":\"Respostas\",\"item\":\"https:\/\/brain-trainer.com\/pt-br\/respostas\/\"},{\"@type\":\"ListItem\",\"position\":3,\"name\":\"Sobre o C\u00e9rebro\"}]},{\"@type\":\"WebSite\",\"@id\":\"https:\/\/brain-trainer.com\/pt-br\/#website\",\"url\":\"https:\/\/brain-trainer.com\/pt-br\/\",\"name\":\"brain-trainer.com\",\"description\":\"By Trainers, For Trainers\",\"publisher\":{\"@id\":\"https:\/\/brain-trainer.com\/pt-br\/#organization\"},\"potentialAction\":[{\"@type\":\"SearchAction\",\"target\":{\"@type\":\"EntryPoint\",\"urlTemplate\":\"https:\/\/brain-trainer.com\/pt-br\/?s={search_term_string}\"},\"query-input\":{\"@type\":\"PropertyValueSpecification\",\"valueRequired\":true,\"valueName\":\"search_term_string\"}}],\"inLanguage\":\"pt-BR\"},{\"@type\":\"Organization\",\"@id\":\"https:\/\/brain-trainer.com\/pt-br\/#organization\",\"name\":\"Brain-Trainer International\",\"url\":\"https:\/\/brain-trainer.com\/pt-br\/\",\"logo\":{\"@type\":\"ImageObject\",\"inLanguage\":\"pt-BR\",\"@id\":\"https:\/\/brain-trainer.com\/pt-br\/#\/schema\/logo\/image\/\",\"url\":\"https:\/\/brain-trainer.com\/wp-content\/uploads\/2015\/07\/brain-trainer.com-logo.jpg\",\"contentUrl\":\"https:\/\/brain-trainer.com\/wp-content\/uploads\/2015\/07\/brain-trainer.com-logo.jpg\",\"width\":384,\"height\":124,\"caption\":\"Brain-Trainer International\"},\"image\":{\"@id\":\"https:\/\/brain-trainer.com\/pt-br\/#\/schema\/logo\/image\/\"},\"sameAs\":[\"https:\/\/www.facebook.com\/BraintrainerU\/\",\"https:\/\/x.com\/BraintrainerU\",\"https:\/\/www.instagram.com\/braintraineru\"]}]}<\/script>\n<!-- \/ Yoast SEO plugin. -->","yoast_head_json":{"title":"Sobre o C\u00e9rebro - brain-trainer.com","robots":{"index":"index","follow":"follow","max-snippet":"max-snippet:-1","max-image-preview":"max-image-preview:large","max-video-preview":"max-video-preview:-1"},"canonical":"https:\/\/brain-trainer.com\/pt-br\/respostas\/sobre-o-cerebro\/","og_locale":"pt_BR","og_type":"article","og_title":"Sobre o C\u00e9rebro - brain-trainer.com","og_description":"Entendendo as Frequ\u00eancias O mapa 10-20 e as Fun\u00e7\u00f5es Corticais Conte\u00fado Relacionado ao Treinamento Cerebral","og_url":"https:\/\/brain-trainer.com\/pt-br\/respostas\/sobre-o-cerebro\/","og_site_name":"brain-trainer.com","article_publisher":"https:\/\/www.facebook.com\/BraintrainerU\/","schema":{"@context":"https:\/\/schema.org","@graph":[{"@type":"WebPage","@id":"https:\/\/brain-trainer.com\/pt-br\/respostas\/sobre-o-cerebro\/","url":"https:\/\/brain-trainer.com\/pt-br\/respostas\/sobre-o-cerebro\/","name":"Sobre o C\u00e9rebro - brain-trainer.com","isPartOf":{"@id":"https:\/\/brain-trainer.com\/pt-br\/#website"},"datePublished":"2024-11-08T01:38:59+00:00","breadcrumb":{"@id":"https:\/\/brain-trainer.com\/pt-br\/respostas\/sobre-o-cerebro\/#breadcrumb"},"inLanguage":"pt-BR","potentialAction":[{"@type":"ReadAction","target":["https:\/\/brain-trainer.com\/pt-br\/respostas\/sobre-o-cerebro\/"]}]},{"@type":"BreadcrumbList","@id":"https:\/\/brain-trainer.com\/pt-br\/respostas\/sobre-o-cerebro\/#breadcrumb","itemListElement":[{"@type":"ListItem","position":1,"name":"Home","item":"https:\/\/brain-trainer.com\/pt-br\/"},{"@type":"ListItem","position":2,"name":"Respostas","item":"https:\/\/brain-trainer.com\/pt-br\/respostas\/"},{"@type":"ListItem","position":3,"name":"Sobre o C\u00e9rebro"}]},{"@type":"WebSite","@id":"https:\/\/brain-trainer.com\/pt-br\/#website","url":"https:\/\/brain-trainer.com\/pt-br\/","name":"brain-trainer.com","description":"By Trainers, For Trainers","publisher":{"@id":"https:\/\/brain-trainer.com\/pt-br\/#organization"},"potentialAction":[{"@type":"SearchAction","target":{"@type":"EntryPoint","urlTemplate":"https:\/\/brain-trainer.com\/pt-br\/?s={search_term_string}"},"query-input":{"@type":"PropertyValueSpecification","valueRequired":true,"valueName":"search_term_string"}}],"inLanguage":"pt-BR"},{"@type":"Organization","@id":"https:\/\/brain-trainer.com\/pt-br\/#organization","name":"Brain-Trainer International","url":"https:\/\/brain-trainer.com\/pt-br\/","logo":{"@type":"ImageObject","inLanguage":"pt-BR","@id":"https:\/\/brain-trainer.com\/pt-br\/#\/schema\/logo\/image\/","url":"https:\/\/brain-trainer.com\/wp-content\/uploads\/2015\/07\/brain-trainer.com-logo.jpg","contentUrl":"https:\/\/brain-trainer.com\/wp-content\/uploads\/2015\/07\/brain-trainer.com-logo.jpg","width":384,"height":124,"caption":"Brain-Trainer International"},"image":{"@id":"https:\/\/brain-trainer.com\/pt-br\/#\/schema\/logo\/image\/"},"sameAs":["https:\/\/www.facebook.com\/BraintrainerU\/","https:\/\/x.com\/BraintrainerU","https:\/\/www.instagram.com\/braintraineru"]}]}},"_links":{"self":[{"href":"https:\/\/brain-trainer.com\/pt-br\/wp-json\/wp\/v2\/pages\/11960","targetHints":{"allow":["GET"]}}],"collection":[{"href":"https:\/\/brain-trainer.com\/pt-br\/wp-json\/wp\/v2\/pages"}],"about":[{"href":"https:\/\/brain-trainer.com\/pt-br\/wp-json\/wp\/v2\/types\/page"}],"author":[{"embeddable":true,"href":"https:\/\/brain-trainer.com\/pt-br\/wp-json\/wp\/v2\/users\/112"}],"replies":[{"embeddable":true,"href":"https:\/\/brain-trainer.com\/pt-br\/wp-json\/wp\/v2\/comments?post=11960"}],"version-history":[{"count":2,"href":"https:\/\/brain-trainer.com\/pt-br\/wp-json\/wp\/v2\/pages\/11960\/revisions"}],"predecessor-version":[{"id":12797,"href":"https:\/\/brain-trainer.com\/pt-br\/wp-json\/wp\/v2\/pages\/11960\/revisions\/12797"}],"up":[{"embeddable":true,"href":"https:\/\/brain-trainer.com\/pt-br\/wp-json\/wp\/v2\/pages\/11954"}],"wp:attachment":[{"href":"https:\/\/brain-trainer.com\/pt-br\/wp-json\/wp\/v2\/media?parent=11960"}],"curies":[{"name":"wp","href":"https:\/\/api.w.org\/{rel}","templated":true}]}}