{"id":12018,"date":"2024-11-07T20:39:04","date_gmt":"2024-11-08T01:39:04","guid":{"rendered":"https:\/\/brain-trainer.com\/?page_id=12018"},"modified":"2024-11-07T20:39:04","modified_gmt":"2024-11-08T01:39:04","slug":"life-jogo-meditacao","status":"publish","type":"page","link":"https:\/\/brain-trainer.com\/pt-br\/sobre\/life-jogo-meditacao\/","title":{"rendered":"LIFE Jogo Medita\u00e7\u00e3o"},"content":{"rendered":"<div class=\"col-md-8\">\n<div>    <form role=\"search\" method=\"get\" class=\"custom-search-form\" action=\"https:\/\/brain-trainer.com\/pt-br\/\">\r\n        <input type=\"search\" class=\"search-field\" placeholder=\"Pesquisar &hellip;\" value=\"\" name=\"s\" \/>\r\n        <select name=\"post_type\">\r\n            <option value=\"\"  selected='selected'>All<\/option>\r\n            <option value=\"post\">Blog Posts<\/option><option value=\"page\">Site Pages<\/option><option value=\"answer\">Answers<\/option><option value=\"support\">Support Resources<\/option><option value=\"product\">Products<\/option>        <\/select>\r\n        <button type=\"submit\" class=\"search-submit\">Pesquisar<\/button>\r\n    <\/form>\r\n    <\/div>\n<p>Treinamento de LIFE \u00e9 como nenhuma outra forma\u00e7\u00e3o nIR HEG que voc\u00ea j\u00e1 experimentou. LIFE reconhece que alguns de n\u00f3s lutamos para ligar nossos centros de controle do c\u00e9rebro. Eles t\u00eam sido o foco de nIR HEG desde que foi introduzido. Mas h\u00e1 muitos de n\u00f3s que t\u00eam um tempo igualmente dif\u00edcil de desligar o nosso pensamento \/ organiza\u00e7\u00e3o cerebral. O jogo LIFE permite que voc\u00ea decida aumentar a ativa\u00e7\u00e3o, ou para diminu\u00ed-la. Mas a LIFE tamb\u00e9m oferece a op\u00e7\u00e3o de &#8220;rocking&#8221; a ativa\u00e7\u00e3o. Para per\u00edodos de 1 ou 2 minutos, formando o funciona para fazer a activa\u00e7\u00e3o r\u00e1cio origem, tanto quanto poss\u00edvel; em seguida, o jogo muda para desligar o c\u00e9rebro pensante e apenas estar presente. &#8220;Rocking&#8221; para frente e para tr\u00e1s aumenta a flexibilidade de aten\u00e7\u00e3o e controle, ea maioria dos estagi\u00e1rios acham muito menos cansativo do que o treinamento estritamente para aumentar para 3-10 minutos.<\/p>\n<p>LIFE vem com <a href=\"https:\/\/www.youtube.com\/watch?v=I3fOMjZdEKY\">Auto-Session-Gr\u00e1fica<\/a> que lhe permite ver mais de dezenas de sess\u00e3o sess\u00e3o m\u00faltipla. LIFE auto-session-gr\u00e1fica centra-se na estabilidade, amplitude de ativa\u00e7\u00e3o e controle. Basta abrir o arquivo do cliente em &#8220;LIFE Graph&#8221; e ver progredir as tend\u00eancias ao longo do tempo.<\/p>\n<p>O jogo da vida \u00e9 atraente, simples e clara: Subir a montanha ou mergulho no oceano, acrescentando animais para o meio ambiente como voc\u00ea fica melhor em repouso e activa\u00e7\u00e3o. Marcar pontos e veja se voc\u00ea pode atingir o n\u00edvel 5.<\/p>\n<\/div>\n<div class=\"col-md-4 well\">\n<h4>Demonstra\u00e7\u00e3o de jogo LIFE<\/h4>\n<p><iframe loading=\"lazy\" src=\"\/\/www.youtube.com\/embed\/ADcPySjslII?rel=0&amp;showinfo=1&amp;rel=0&amp;autohide=1\" width=\"320\" height=\"180\" frameborder=\"0\" allowfullscreen=\"allowfullscreen\"><\/iframe><\/p>\n<\/div>\n","protected":false},"excerpt":{"rendered":"<p>Treinamento de LIFE \u00e9 como nenhuma outra forma\u00e7\u00e3o nIR HEG que voc\u00ea j\u00e1 experimentou. LIFE reconhece que alguns de n\u00f3s lutamos para ligar nossos centros de controle do c\u00e9rebro. Eles t\u00eam sido o foco de nIR HEG desde que foi introduzido. Mas h\u00e1 muitos de n\u00f3s que t\u00eam um tempo igualmente dif\u00edcil de desligar o [&hellip;]<\/p>\n","protected":false},"author":112,"featured_media":0,"parent":11150,"menu_order":0,"comment_status":"closed","ping_status":"open","template":"","meta":{"_acf_changed":false,"footnotes":""},"class_list":["post-12018","page","type-page","status-publish","hentry"],"acf":[],"yoast_head":"<!-- This site is optimized with the Yoast SEO plugin v27.3 - https:\/\/yoast.com\/product\/yoast-seo-wordpress\/ -->\n<title>LIFE Jogo Medita\u00e7\u00e3o - brain-trainer.com<\/title>\n<meta name=\"robots\" content=\"index, follow, max-snippet:-1, max-image-preview:large, max-video-preview:-1\" \/>\n<link rel=\"canonical\" href=\"https:\/\/brain-trainer.com\/pt-br\/sobre\/life-jogo-meditacao\/\" \/>\n<meta property=\"og:locale\" content=\"pt_BR\" \/>\n<meta property=\"og:type\" content=\"article\" \/>\n<meta property=\"og:title\" content=\"LIFE Jogo Medita\u00e7\u00e3o - brain-trainer.com\" \/>\n<meta property=\"og:description\" content=\"Treinamento de LIFE \u00e9 como nenhuma outra forma\u00e7\u00e3o nIR HEG que voc\u00ea j\u00e1 experimentou. LIFE reconhece que alguns de n\u00f3s lutamos para ligar nossos centros de controle do c\u00e9rebro. Eles t\u00eam sido o foco de nIR HEG desde que foi introduzido. Mas h\u00e1 muitos de n\u00f3s que t\u00eam um tempo igualmente dif\u00edcil de desligar o [&hellip;]\" \/>\n<meta property=\"og:url\" content=\"https:\/\/brain-trainer.com\/pt-br\/sobre\/life-jogo-meditacao\/\" \/>\n<meta property=\"og:site_name\" content=\"brain-trainer.com\" \/>\n<meta property=\"article:publisher\" content=\"https:\/\/www.facebook.com\/BraintrainerU\/\" \/>\n<meta name=\"twitter:label1\" content=\"Est. tempo de leitura\" \/>\n\t<meta name=\"twitter:data1\" content=\"1 minuto\" \/>\n<script type=\"application\/ld+json\" class=\"yoast-schema-graph\">{\"@context\":\"https:\\\/\\\/schema.org\",\"@graph\":[{\"@type\":\"WebPage\",\"@id\":\"https:\\\/\\\/brain-trainer.com\\\/pt-br\\\/sobre\\\/life-jogo-meditacao\\\/\",\"url\":\"https:\\\/\\\/brain-trainer.com\\\/pt-br\\\/sobre\\\/life-jogo-meditacao\\\/\",\"name\":\"LIFE Jogo Medita\u00e7\u00e3o - brain-trainer.com\",\"isPartOf\":{\"@id\":\"https:\\\/\\\/brain-trainer.com\\\/pt-br\\\/#website\"},\"datePublished\":\"2024-11-08T01:39:04+00:00\",\"breadcrumb\":{\"@id\":\"https:\\\/\\\/brain-trainer.com\\\/pt-br\\\/sobre\\\/life-jogo-meditacao\\\/#breadcrumb\"},\"inLanguage\":\"pt-BR\",\"potentialAction\":[{\"@type\":\"ReadAction\",\"target\":[\"https:\\\/\\\/brain-trainer.com\\\/pt-br\\\/sobre\\\/life-jogo-meditacao\\\/\"]}]},{\"@type\":\"BreadcrumbList\",\"@id\":\"https:\\\/\\\/brain-trainer.com\\\/pt-br\\\/sobre\\\/life-jogo-meditacao\\\/#breadcrumb\",\"itemListElement\":[{\"@type\":\"ListItem\",\"position\":1,\"name\":\"Home\",\"item\":\"https:\\\/\\\/brain-trainer.com\\\/pt-br\\\/\"},{\"@type\":\"ListItem\",\"position\":2,\"name\":\"Sobre\",\"item\":\"https:\\\/\\\/brain-trainer.com\\\/pt-br\\\/sobre\\\/\"},{\"@type\":\"ListItem\",\"position\":3,\"name\":\"LIFE Jogo Medita\u00e7\u00e3o\"}]},{\"@type\":\"WebSite\",\"@id\":\"https:\\\/\\\/brain-trainer.com\\\/pt-br\\\/#website\",\"url\":\"https:\\\/\\\/brain-trainer.com\\\/pt-br\\\/\",\"name\":\"brain-trainer.com\",\"description\":\"By Trainers, For Trainers\",\"publisher\":{\"@id\":\"https:\\\/\\\/brain-trainer.com\\\/pt-br\\\/#organization\"},\"potentialAction\":[{\"@type\":\"SearchAction\",\"target\":{\"@type\":\"EntryPoint\",\"urlTemplate\":\"https:\\\/\\\/brain-trainer.com\\\/pt-br\\\/?s={search_term_string}\"},\"query-input\":{\"@type\":\"PropertyValueSpecification\",\"valueRequired\":true,\"valueName\":\"search_term_string\"}}],\"inLanguage\":\"pt-BR\"},{\"@type\":\"Organization\",\"@id\":\"https:\\\/\\\/brain-trainer.com\\\/pt-br\\\/#organization\",\"name\":\"Brain-Trainer International\",\"url\":\"https:\\\/\\\/brain-trainer.com\\\/pt-br\\\/\",\"logo\":{\"@type\":\"ImageObject\",\"inLanguage\":\"pt-BR\",\"@id\":\"https:\\\/\\\/brain-trainer.com\\\/pt-br\\\/#\\\/schema\\\/logo\\\/image\\\/\",\"url\":\"https:\\\/\\\/brain-trainer.com\\\/wp-content\\\/uploads\\\/2015\\\/07\\\/brain-trainer.com-logo.jpg\",\"contentUrl\":\"https:\\\/\\\/brain-trainer.com\\\/wp-content\\\/uploads\\\/2015\\\/07\\\/brain-trainer.com-logo.jpg\",\"width\":384,\"height\":124,\"caption\":\"Brain-Trainer International\"},\"image\":{\"@id\":\"https:\\\/\\\/brain-trainer.com\\\/pt-br\\\/#\\\/schema\\\/logo\\\/image\\\/\"},\"sameAs\":[\"https:\\\/\\\/www.facebook.com\\\/BraintrainerU\\\/\",\"https:\\\/\\\/x.com\\\/BraintrainerU\",\"https:\\\/\\\/www.instagram.com\\\/braintraineru\"]}]}<\/script>\n<!-- \/ Yoast SEO plugin. -->","yoast_head_json":{"title":"LIFE Jogo Medita\u00e7\u00e3o - brain-trainer.com","robots":{"index":"index","follow":"follow","max-snippet":"max-snippet:-1","max-image-preview":"max-image-preview:large","max-video-preview":"max-video-preview:-1"},"canonical":"https:\/\/brain-trainer.com\/pt-br\/sobre\/life-jogo-meditacao\/","og_locale":"pt_BR","og_type":"article","og_title":"LIFE Jogo Medita\u00e7\u00e3o - brain-trainer.com","og_description":"Treinamento de LIFE \u00e9 como nenhuma outra forma\u00e7\u00e3o nIR HEG que voc\u00ea j\u00e1 experimentou. LIFE reconhece que alguns de n\u00f3s lutamos para ligar nossos centros de controle do c\u00e9rebro. Eles t\u00eam sido o foco de nIR HEG desde que foi introduzido. Mas h\u00e1 muitos de n\u00f3s que t\u00eam um tempo igualmente dif\u00edcil de desligar o [&hellip;]","og_url":"https:\/\/brain-trainer.com\/pt-br\/sobre\/life-jogo-meditacao\/","og_site_name":"brain-trainer.com","article_publisher":"https:\/\/www.facebook.com\/BraintrainerU\/","twitter_misc":{"Est. tempo de leitura":"1 minuto"},"schema":{"@context":"https:\/\/schema.org","@graph":[{"@type":"WebPage","@id":"https:\/\/brain-trainer.com\/pt-br\/sobre\/life-jogo-meditacao\/","url":"https:\/\/brain-trainer.com\/pt-br\/sobre\/life-jogo-meditacao\/","name":"LIFE Jogo Medita\u00e7\u00e3o - brain-trainer.com","isPartOf":{"@id":"https:\/\/brain-trainer.com\/pt-br\/#website"},"datePublished":"2024-11-08T01:39:04+00:00","breadcrumb":{"@id":"https:\/\/brain-trainer.com\/pt-br\/sobre\/life-jogo-meditacao\/#breadcrumb"},"inLanguage":"pt-BR","potentialAction":[{"@type":"ReadAction","target":["https:\/\/brain-trainer.com\/pt-br\/sobre\/life-jogo-meditacao\/"]}]},{"@type":"BreadcrumbList","@id":"https:\/\/brain-trainer.com\/pt-br\/sobre\/life-jogo-meditacao\/#breadcrumb","itemListElement":[{"@type":"ListItem","position":1,"name":"Home","item":"https:\/\/brain-trainer.com\/pt-br\/"},{"@type":"ListItem","position":2,"name":"Sobre","item":"https:\/\/brain-trainer.com\/pt-br\/sobre\/"},{"@type":"ListItem","position":3,"name":"LIFE Jogo Medita\u00e7\u00e3o"}]},{"@type":"WebSite","@id":"https:\/\/brain-trainer.com\/pt-br\/#website","url":"https:\/\/brain-trainer.com\/pt-br\/","name":"brain-trainer.com","description":"By Trainers, For Trainers","publisher":{"@id":"https:\/\/brain-trainer.com\/pt-br\/#organization"},"potentialAction":[{"@type":"SearchAction","target":{"@type":"EntryPoint","urlTemplate":"https:\/\/brain-trainer.com\/pt-br\/?s={search_term_string}"},"query-input":{"@type":"PropertyValueSpecification","valueRequired":true,"valueName":"search_term_string"}}],"inLanguage":"pt-BR"},{"@type":"Organization","@id":"https:\/\/brain-trainer.com\/pt-br\/#organization","name":"Brain-Trainer International","url":"https:\/\/brain-trainer.com\/pt-br\/","logo":{"@type":"ImageObject","inLanguage":"pt-BR","@id":"https:\/\/brain-trainer.com\/pt-br\/#\/schema\/logo\/image\/","url":"https:\/\/brain-trainer.com\/wp-content\/uploads\/2015\/07\/brain-trainer.com-logo.jpg","contentUrl":"https:\/\/brain-trainer.com\/wp-content\/uploads\/2015\/07\/brain-trainer.com-logo.jpg","width":384,"height":124,"caption":"Brain-Trainer International"},"image":{"@id":"https:\/\/brain-trainer.com\/pt-br\/#\/schema\/logo\/image\/"},"sameAs":["https:\/\/www.facebook.com\/BraintrainerU\/","https:\/\/x.com\/BraintrainerU","https:\/\/www.instagram.com\/braintraineru"]}]}},"_links":{"self":[{"href":"https:\/\/brain-trainer.com\/pt-br\/wp-json\/wp\/v2\/pages\/12018","targetHints":{"allow":["GET"]}}],"collection":[{"href":"https:\/\/brain-trainer.com\/pt-br\/wp-json\/wp\/v2\/pages"}],"about":[{"href":"https:\/\/brain-trainer.com\/pt-br\/wp-json\/wp\/v2\/types\/page"}],"author":[{"embeddable":true,"href":"https:\/\/brain-trainer.com\/pt-br\/wp-json\/wp\/v2\/users\/112"}],"replies":[{"embeddable":true,"href":"https:\/\/brain-trainer.com\/pt-br\/wp-json\/wp\/v2\/comments?post=12018"}],"version-history":[{"count":4,"href":"https:\/\/brain-trainer.com\/pt-br\/wp-json\/wp\/v2\/pages\/12018\/revisions"}],"predecessor-version":[{"id":13272,"href":"https:\/\/brain-trainer.com\/pt-br\/wp-json\/wp\/v2\/pages\/12018\/revisions\/13272"}],"up":[{"embeddable":true,"href":"https:\/\/brain-trainer.com\/pt-br\/wp-json\/wp\/v2\/pages\/11150"}],"wp:attachment":[{"href":"https:\/\/brain-trainer.com\/pt-br\/wp-json\/wp\/v2\/media?parent=12018"}],"curies":[{"name":"wp","href":"https:\/\/api.w.org\/{rel}","templated":true}]}}