{"id":12115,"date":"2024-11-07T20:39:05","date_gmt":"2024-11-08T01:39:05","guid":{"rendered":"https:\/\/brain-trainer.com\/?page_id=12115"},"modified":"2024-11-07T20:39:05","modified_gmt":"2024-11-08T01:39:05","slug":"sistema-de-protocolo-integrado","status":"publish","type":"page","link":"https:\/\/brain-trainer.com\/pt-br\/sobre\/sistema-de-protocolo-integrado\/","title":{"rendered":"Sistema de Protocolo Integrado"},"content":{"rendered":"<div class=\"col-md-8\">\n<div>    <form role=\"search\" method=\"get\" class=\"custom-search-form\" action=\"https:\/\/brain-trainer.com\/pt-br\/\">\r\n        <input type=\"search\" class=\"search-field\" placeholder=\"Pesquisar &hellip;\" value=\"\" name=\"s\" \/>\r\n        <select name=\"post_type\">\r\n            <option value=\"\"  selected='selected'>All<\/option>\r\n            <option value=\"post\">Blog Posts<\/option><option value=\"page\">Site Pages<\/option><option value=\"answer\">Answers<\/option><option value=\"support\">Support Resources<\/option><option value=\"product\">Products<\/option>        <\/select>\r\n        <button type=\"submit\" class=\"search-submit\">Pesquisar<\/button>\r\n    <\/form>\r\n    <\/div>\n<h2>Subscri\u00e7\u00e3o de Protocolo<\/h2>\n<p>Abordagem brain-trainer &#8220;De Treinadores Para Treinadores &#8221; \u00e9 clara na simplicidade de ajustar estes designs altamente sofisticados no brain-trainer subscri\u00e7\u00e3o para o treinamento estado cerebral. O treinador pode selecionar uma ou m\u00faltiplas freq\u00fc\u00eancias para serem treinados e se deve aumentar ou diminuir com um simples clique de um bot\u00e3o. A fixa\u00e7\u00e3o dos objectivos \u00e9 feito automaticamente (com a possibilidade de ajustamento pelo treinador) no in\u00edcio de cada sess\u00e3o. &#8220;Rocking&#8221;, o inovadora abordagem de brain-trainer permitindo que o treinador para alternar entre aumentar e diminuir para quebrar &#8220;preso&#8221; padr\u00f5es cerebrais, pode ser feito clicando em um \u00fanico bot\u00e3o.<\/p>\n<p>A maioria dos designs incluem vers\u00f5es que fornecem feedback usando m\u00fasica, v\u00eddeo, DVD ou jogos (incluindo pacotes de jogos opcionais). O uso de m\u00fasica criada pelo pr\u00f3prio c\u00e9rebro como o seu pr\u00f3prio feedback tem sido uma pe\u00e7a central de designs de brain-trainer para o treinamento estado cerebral desde o 1990s.<\/p>\n<p>O compromisso da brain-trainer para treinadores est\u00e1 claro no manual incr\u00edvel que vem com o pacote, explicando em palavras e imagens claras como os designs podem ser usadas e fornecendo informa\u00e7\u00f5es detalhadas sobre cada protocolo no pacote. Basta clicar no nome do protocolo que voc\u00ea quer na tabela de conte\u00fado do arquivo pdf, e voc\u00ea est\u00e1 l\u00e1! <a href=\"\/downloads\/Designs_Brain-Trainer_PORT.pdf\" target=\"_blank\" rel=\"noopener\">Ver uma descri\u00e7\u00e3o detalhada do protocolo estabelecido<\/a>.<\/p>\n<p>O melhor de tudo, os treinadores n\u00e3o precisam continuar comprando &#8220;upgrades&#8221;, como os designs s\u00e3o alterados. Ap\u00f3s a compra, voc\u00ea ter\u00e1 acesso ao armazenamento on-line a partir da qual todos os designs atuais e todas as futuras atualiza\u00e7\u00f5es podem ser baixadas quando e quantas vezes voc\u00ea precisa. Mesmo as duas grandes atualiza\u00e7\u00f5es feitas nos \u00faltimos dois anos foram dispon\u00edvel gratuitamente para qualquer pessoa que comprou o pacote j\u00e1 em 2002 !<\/p>\n<p><a href=\"http:\/\/www.ericbigas.com\/fractals\/index.html\" target=\"_blank\" rel=\"noopener\"><img decoding=\"async\" class=\"alignleft\" src=\"\/wp-content\/uploads\/2018\/02\/fractals_Cardinal_Crater_Swirl.jpg\" alt=\"Fractals\" width=\"250\" \/><\/a>Alguns dos designs usar arquivos de v\u00eddeo como feedback. O usu\u00e1rio pode carregar seus pr\u00f3prios arquivos de v\u00eddeo no protocolo. Voc\u00ea tamb\u00e9m pode comprar <a href=\"https:\/\/brain-trainer.com\/product-tag\/northstar\/\">v\u00eddeos belos de <\/a><a href=\"https:\/\/brain-trainer.com\/?post_type=product&#038;p=4038\">caleidosc\u00f3pios<\/a><a href=\"https:\/\/brain-trainer.com\/?post_type=product&#038;p=4038\"> e paisagem 3D<\/a> por George Martin ou voc\u00ea pode tamb\u00e9m estar interessado em downloads gratuitos de <a href=\"http:\/\/www.ericbigas.com\/fractals\/index.html\" target=\"_blank\" rel=\"noopener\">anima\u00e7\u00f5es fractais<\/a>.<\/p>\n<p>Se voc\u00ea \u00e9 um usu\u00e1rio BioExplorer, independentemente do que amplificador que voc\u00ea usa e seu n\u00edvel de experi\u00eancia, os desenhos s\u00e3o uma \u00f3tima maneira de come\u00e7ar a usar o programa a um n\u00edvel profissional.<\/p>\n<\/div>\n<div class=\"col-md-4 well\">\n<h4>Pacote de designs Brain-Trainer visao geral<\/h4>\n<p><iframe loading=\"lazy\" class=\"alignright\" src=\"\/\/www.youtube.com\/embed\/l38uC-GoiNs?rel=0&amp;showinfo=1&amp;rel=0&amp;autohide=1\" width=\"320\" height=\"180\" frameborder=\"0\" allowfullscreen=\"allowfullscreen\"><\/iframe><\/p>\n<\/div>\n","protected":false},"excerpt":{"rendered":"<p>Subscri\u00e7\u00e3o de Protocolo Abordagem brain-trainer &#8220;De Treinadores Para Treinadores &#8221; \u00e9 clara na simplicidade de ajustar estes designs altamente sofisticados no brain-trainer subscri\u00e7\u00e3o para o treinamento estado cerebral. O treinador pode selecionar uma ou m\u00faltiplas freq\u00fc\u00eancias para serem treinados e se deve aumentar ou diminuir com um simples clique de um bot\u00e3o. A fixa\u00e7\u00e3o dos [&hellip;]<\/p>\n","protected":false},"author":112,"featured_media":0,"parent":11150,"menu_order":0,"comment_status":"closed","ping_status":"closed","template":"","meta":{"_acf_changed":false,"footnotes":""},"class_list":["post-12115","page","type-page","status-publish","hentry"],"acf":[],"yoast_head":"<!-- This site is optimized with the Yoast SEO plugin v25.9 - https:\/\/yoast.com\/wordpress\/plugins\/seo\/ -->\n<title>Sistema de Protocolo Integrado - brain-trainer.com<\/title>\n<meta name=\"robots\" content=\"index, follow, max-snippet:-1, max-image-preview:large, max-video-preview:-1\" \/>\n<link rel=\"canonical\" href=\"https:\/\/brain-trainer.com\/pt-br\/sobre\/sistema-de-protocolo-integrado\/\" \/>\n<meta property=\"og:locale\" content=\"pt_BR\" \/>\n<meta property=\"og:type\" content=\"article\" \/>\n<meta property=\"og:title\" content=\"Sistema de Protocolo Integrado - brain-trainer.com\" \/>\n<meta property=\"og:description\" content=\"Subscri\u00e7\u00e3o de Protocolo Abordagem brain-trainer &#8220;De Treinadores Para Treinadores &#8221; \u00e9 clara na simplicidade de ajustar estes designs altamente sofisticados no brain-trainer subscri\u00e7\u00e3o para o treinamento estado cerebral. O treinador pode selecionar uma ou m\u00faltiplas freq\u00fc\u00eancias para serem treinados e se deve aumentar ou diminuir com um simples clique de um bot\u00e3o. A fixa\u00e7\u00e3o dos [&hellip;]\" \/>\n<meta property=\"og:url\" content=\"https:\/\/brain-trainer.com\/pt-br\/sobre\/sistema-de-protocolo-integrado\/\" \/>\n<meta property=\"og:site_name\" content=\"brain-trainer.com\" \/>\n<meta property=\"article:publisher\" content=\"https:\/\/www.facebook.com\/BraintrainerU\/\" \/>\n<meta name=\"twitter:label1\" content=\"Est. tempo de leitura\" \/>\n\t<meta name=\"twitter:data1\" content=\"2 minutos\" \/>\n<script type=\"application\/ld+json\" class=\"yoast-schema-graph\">{\"@context\":\"https:\/\/schema.org\",\"@graph\":[{\"@type\":\"WebPage\",\"@id\":\"https:\/\/brain-trainer.com\/pt-br\/sobre\/sistema-de-protocolo-integrado\/\",\"url\":\"https:\/\/brain-trainer.com\/pt-br\/sobre\/sistema-de-protocolo-integrado\/\",\"name\":\"Sistema de Protocolo Integrado - brain-trainer.com\",\"isPartOf\":{\"@id\":\"https:\/\/brain-trainer.com\/pt-br\/#website\"},\"datePublished\":\"2024-11-08T01:39:05+00:00\",\"breadcrumb\":{\"@id\":\"https:\/\/brain-trainer.com\/pt-br\/sobre\/sistema-de-protocolo-integrado\/#breadcrumb\"},\"inLanguage\":\"pt-BR\",\"potentialAction\":[{\"@type\":\"ReadAction\",\"target\":[\"https:\/\/brain-trainer.com\/pt-br\/sobre\/sistema-de-protocolo-integrado\/\"]}]},{\"@type\":\"BreadcrumbList\",\"@id\":\"https:\/\/brain-trainer.com\/pt-br\/sobre\/sistema-de-protocolo-integrado\/#breadcrumb\",\"itemListElement\":[{\"@type\":\"ListItem\",\"position\":1,\"name\":\"Home\",\"item\":\"https:\/\/brain-trainer.com\/pt-br\/\"},{\"@type\":\"ListItem\",\"position\":2,\"name\":\"Sobre\",\"item\":\"https:\/\/brain-trainer.com\/pt-br\/sobre\/\"},{\"@type\":\"ListItem\",\"position\":3,\"name\":\"Sistema de Protocolo Integrado\"}]},{\"@type\":\"WebSite\",\"@id\":\"https:\/\/brain-trainer.com\/pt-br\/#website\",\"url\":\"https:\/\/brain-trainer.com\/pt-br\/\",\"name\":\"brain-trainer.com\",\"description\":\"By Trainers, For Trainers\",\"publisher\":{\"@id\":\"https:\/\/brain-trainer.com\/pt-br\/#organization\"},\"potentialAction\":[{\"@type\":\"SearchAction\",\"target\":{\"@type\":\"EntryPoint\",\"urlTemplate\":\"https:\/\/brain-trainer.com\/pt-br\/?s={search_term_string}\"},\"query-input\":{\"@type\":\"PropertyValueSpecification\",\"valueRequired\":true,\"valueName\":\"search_term_string\"}}],\"inLanguage\":\"pt-BR\"},{\"@type\":\"Organization\",\"@id\":\"https:\/\/brain-trainer.com\/pt-br\/#organization\",\"name\":\"Brain-Trainer International\",\"url\":\"https:\/\/brain-trainer.com\/pt-br\/\",\"logo\":{\"@type\":\"ImageObject\",\"inLanguage\":\"pt-BR\",\"@id\":\"https:\/\/brain-trainer.com\/pt-br\/#\/schema\/logo\/image\/\",\"url\":\"https:\/\/brain-trainer.com\/wp-content\/uploads\/2015\/07\/brain-trainer.com-logo.jpg\",\"contentUrl\":\"https:\/\/brain-trainer.com\/wp-content\/uploads\/2015\/07\/brain-trainer.com-logo.jpg\",\"width\":384,\"height\":124,\"caption\":\"Brain-Trainer International\"},\"image\":{\"@id\":\"https:\/\/brain-trainer.com\/pt-br\/#\/schema\/logo\/image\/\"},\"sameAs\":[\"https:\/\/www.facebook.com\/BraintrainerU\/\",\"https:\/\/x.com\/BraintrainerU\",\"https:\/\/www.instagram.com\/braintraineru\"]}]}<\/script>\n<!-- \/ Yoast SEO plugin. -->","yoast_head_json":{"title":"Sistema de Protocolo Integrado - brain-trainer.com","robots":{"index":"index","follow":"follow","max-snippet":"max-snippet:-1","max-image-preview":"max-image-preview:large","max-video-preview":"max-video-preview:-1"},"canonical":"https:\/\/brain-trainer.com\/pt-br\/sobre\/sistema-de-protocolo-integrado\/","og_locale":"pt_BR","og_type":"article","og_title":"Sistema de Protocolo Integrado - brain-trainer.com","og_description":"Subscri\u00e7\u00e3o de Protocolo Abordagem brain-trainer &#8220;De Treinadores Para Treinadores &#8221; \u00e9 clara na simplicidade de ajustar estes designs altamente sofisticados no brain-trainer subscri\u00e7\u00e3o para o treinamento estado cerebral. O treinador pode selecionar uma ou m\u00faltiplas freq\u00fc\u00eancias para serem treinados e se deve aumentar ou diminuir com um simples clique de um bot\u00e3o. A fixa\u00e7\u00e3o dos [&hellip;]","og_url":"https:\/\/brain-trainer.com\/pt-br\/sobre\/sistema-de-protocolo-integrado\/","og_site_name":"brain-trainer.com","article_publisher":"https:\/\/www.facebook.com\/BraintrainerU\/","twitter_misc":{"Est. tempo de leitura":"2 minutos"},"schema":{"@context":"https:\/\/schema.org","@graph":[{"@type":"WebPage","@id":"https:\/\/brain-trainer.com\/pt-br\/sobre\/sistema-de-protocolo-integrado\/","url":"https:\/\/brain-trainer.com\/pt-br\/sobre\/sistema-de-protocolo-integrado\/","name":"Sistema de Protocolo Integrado - brain-trainer.com","isPartOf":{"@id":"https:\/\/brain-trainer.com\/pt-br\/#website"},"datePublished":"2024-11-08T01:39:05+00:00","breadcrumb":{"@id":"https:\/\/brain-trainer.com\/pt-br\/sobre\/sistema-de-protocolo-integrado\/#breadcrumb"},"inLanguage":"pt-BR","potentialAction":[{"@type":"ReadAction","target":["https:\/\/brain-trainer.com\/pt-br\/sobre\/sistema-de-protocolo-integrado\/"]}]},{"@type":"BreadcrumbList","@id":"https:\/\/brain-trainer.com\/pt-br\/sobre\/sistema-de-protocolo-integrado\/#breadcrumb","itemListElement":[{"@type":"ListItem","position":1,"name":"Home","item":"https:\/\/brain-trainer.com\/pt-br\/"},{"@type":"ListItem","position":2,"name":"Sobre","item":"https:\/\/brain-trainer.com\/pt-br\/sobre\/"},{"@type":"ListItem","position":3,"name":"Sistema de Protocolo Integrado"}]},{"@type":"WebSite","@id":"https:\/\/brain-trainer.com\/pt-br\/#website","url":"https:\/\/brain-trainer.com\/pt-br\/","name":"brain-trainer.com","description":"By Trainers, For Trainers","publisher":{"@id":"https:\/\/brain-trainer.com\/pt-br\/#organization"},"potentialAction":[{"@type":"SearchAction","target":{"@type":"EntryPoint","urlTemplate":"https:\/\/brain-trainer.com\/pt-br\/?s={search_term_string}"},"query-input":{"@type":"PropertyValueSpecification","valueRequired":true,"valueName":"search_term_string"}}],"inLanguage":"pt-BR"},{"@type":"Organization","@id":"https:\/\/brain-trainer.com\/pt-br\/#organization","name":"Brain-Trainer International","url":"https:\/\/brain-trainer.com\/pt-br\/","logo":{"@type":"ImageObject","inLanguage":"pt-BR","@id":"https:\/\/brain-trainer.com\/pt-br\/#\/schema\/logo\/image\/","url":"https:\/\/brain-trainer.com\/wp-content\/uploads\/2015\/07\/brain-trainer.com-logo.jpg","contentUrl":"https:\/\/brain-trainer.com\/wp-content\/uploads\/2015\/07\/brain-trainer.com-logo.jpg","width":384,"height":124,"caption":"Brain-Trainer International"},"image":{"@id":"https:\/\/brain-trainer.com\/pt-br\/#\/schema\/logo\/image\/"},"sameAs":["https:\/\/www.facebook.com\/BraintrainerU\/","https:\/\/x.com\/BraintrainerU","https:\/\/www.instagram.com\/braintraineru"]}]}},"_links":{"self":[{"href":"https:\/\/brain-trainer.com\/pt-br\/wp-json\/wp\/v2\/pages\/12115","targetHints":{"allow":["GET"]}}],"collection":[{"href":"https:\/\/brain-trainer.com\/pt-br\/wp-json\/wp\/v2\/pages"}],"about":[{"href":"https:\/\/brain-trainer.com\/pt-br\/wp-json\/wp\/v2\/types\/page"}],"author":[{"embeddable":true,"href":"https:\/\/brain-trainer.com\/pt-br\/wp-json\/wp\/v2\/users\/112"}],"replies":[{"embeddable":true,"href":"https:\/\/brain-trainer.com\/pt-br\/wp-json\/wp\/v2\/comments?post=12115"}],"version-history":[{"count":11,"href":"https:\/\/brain-trainer.com\/pt-br\/wp-json\/wp\/v2\/pages\/12115\/revisions"}],"predecessor-version":[{"id":12525,"href":"https:\/\/brain-trainer.com\/pt-br\/wp-json\/wp\/v2\/pages\/12115\/revisions\/12525"}],"up":[{"embeddable":true,"href":"https:\/\/brain-trainer.com\/pt-br\/wp-json\/wp\/v2\/pages\/11150"}],"wp:attachment":[{"href":"https:\/\/brain-trainer.com\/pt-br\/wp-json\/wp\/v2\/media?parent=12115"}],"curies":[{"name":"wp","href":"https:\/\/api.w.org\/{rel}","templated":true}]}}