{"id":12122,"date":"2024-11-07T20:38:55","date_gmt":"2024-11-08T01:38:55","guid":{"rendered":"https:\/\/brain-trainer.com\/?page_id=12122"},"modified":"2024-11-07T20:38:55","modified_gmt":"2024-11-08T01:38:55","slug":"para-profissionais","status":"publish","type":"page","link":"https:\/\/brain-trainer.com\/pt-br\/para-profissionais\/","title":{"rendered":"Para profissionais"},"content":{"rendered":"<p class=\"lead\">O sistema integrado brain-trainer centrado no cliente, oferece apoio, mapeia o c\u00e9rebro, orienta suas decis\u00f5es de treinamento e ajuda a implement\u00e1-los em poucos minutos ao inv\u00e9s de dias por menos de metade do custo, se comparado a outros sistemas.<\/p>\n<div id=\"for-pros-accordion\" class=\"panel-group\" role=\"tablist\" aria-multiselectable=\"true\">\n<div class=\"panel panel-default\">\n<div id=\"headingOne\" class=\"panel-heading\" role=\"tab\">\n<h4 class=\"panel-title\"><a role=\"button\" href=\"#collapseOne\" data-toggle=\"collapse\" data-parent=\"#for-pros-accordion\" aria-expanded=\"true\" aria-controls=\"collapseOne\"><br \/>\nTQ7: O treinador QEEG<br \/>\n<\/a><\/h4>\n<\/div>\n<div id=\"collapseOne\" class=\"panel-collapse collapse in\" role=\"tabpanel\" aria-labelledby=\"headingOne\">\n<div class=\"panel-body\">\n<div class=\"col-sm-8\">\n<p>O QEEG d\u00e1-lhe uma vis\u00e3o clara do c\u00e9rebro do seu cliente para orientar o seu treino. O <a title=\"TQ7 - The Trainer's Q\" href=\"https:\/\/brain-trainer.com\/pt-br\/sobre\/avaliacao-tq7\/\" target=\"_blank\" rel=\"noopener\">TQ7 \u201cTrainer\u2019s Q\u201d<\/a> refere especificamente o que padr\u00f5es para treinar com base em objetivos do cliente. Usando o mesmo hardware e software que voc\u00ea vai usar para o treinamento, voc\u00ea se reunir e processar os dados a partir de 20 locais padr\u00e3o QEEG na cabe\u00e7a em 30 minutos. N\u00e3o h\u00e1 taxas de processamento, sem atrasos. Voc\u00ea tem o seu relat\u00f3rio e circuito de treinamento do c\u00e9rebro inteiro pronto para implementar na primeira sess\u00e3o.<\/p>\n<\/div>\n<div class=\"col-sm-4\"><img decoding=\"async\" class=\"img-responsive\" src=\"https:\/\/brain-trainer.com\/wp-content\/uploads\/2014\/12\/Q-cap.jpg\" alt=\"Trainer's QEEG\" \/><\/div>\n<\/div>\n<\/div>\n<\/div>\n<div class=\"panel panel-default\">\n<div id=\"headingTwo\" class=\"panel-heading\" role=\"tab\">\n<h4 class=\"panel-title\"><a class=\"collapsed\" role=\"button\" href=\"#collapseTwo\" data-toggle=\"collapse\" data-parent=\"#for-pros-accordion\" aria-expanded=\"false\" aria-controls=\"collapseTwo\"><br \/>\nTreinamento em circuito Whole-Brain<br \/>\n<\/a><\/h4>\n<\/div>\n<div id=\"collapseTwo\" class=\"panel-collapse collapse\" role=\"tabpanel\" aria-labelledby=\"headingTwo\">\n<div class=\"panel-body\">\n<div class=\"col-sm-8\">\n<p>Cada sess\u00e3o dura em m\u00e9dia 30 a 60 minutos e comporta de 2 a 4 protocolos\/pontos relacionados a uma \u00e1rea espec\u00edfica do problema. Pode-se treinar de 2 a 5 vezes por semana, um grupo de protocolos em cada sess\u00e3o. Depois de ter completado o circuito de 4 a 6 sess\u00f5es, come\u00e7a novamente no in\u00edcio do circuito. Treinando aspectos diferentes em cada sess\u00e3o, voc\u00ea alterar todo o sistema de uma s\u00f3 vez. Desta forma \u00e9 comum os clientes notarem resultados no primeiro circuito. Ap\u00f3s 1 ou 2 ciclos do plano, comece a espa\u00e7ar a frequencia entre as sess\u00f5es a fim de medir a capacidade do c\u00e9rebro em manter as mudan\u00e7as.<\/p>\n<\/div>\n<div class=\"col-sm-4\"><img decoding=\"async\" class=\"img-responsive\" src=\"https:\/\/brain-trainer.com\/wp-content\/uploads\/2014\/12\/training-circuit.jpg\" alt=\"Whole-Brain training circuit\" \/><\/div>\n<\/div>\n<\/div>\n<\/div>\n<div class=\"panel panel-default\">\n<div id=\"headingThree\" class=\"panel-heading\" role=\"tab\">\n<h4 class=\"panel-title\"><a class=\"collapsed\" role=\"button\" href=\"#collapseThree\" data-toggle=\"collapse\" data-parent=\"#for-pros-accordion\" aria-expanded=\"false\" aria-controls=\"collapseThree\"><br \/>\nCompara\u00e7\u00e3o: Sistema Brain-Trainer versus outros sistemas baseados no c\u00e9rebro<br \/>\n<\/a><\/h4>\n<\/div>\n<div id=\"collapseThree\" class=\"panel-collapse collapse\" role=\"tabpanel\" aria-labelledby=\"headingThree\">\n<div class=\"panel-body\">\n<div class=\"col-sm-8\">\n<p>A maioria dos sistemas QEEG necessitam que voc\u00ea compre o software e hardware especial. Esses sistemas s\u00e3o basicamente ferramentas de pesquisa, e \u00e9 necess\u00e1rio que voc\u00ea pague e espere por uma compara\u00e7\u00e3o do seu cliente com a m\u00e9dia da popula\u00e7\u00e3o geral. Mesmo assim n\u00e3o h\u00e1 nenhum foco espec\u00edfico sobre o qu\u00ea ou onde treinar. Alguns desses sistemas usam o \u201cz-scores\u201d \u2014 que treinam essencialmente todas as medidas do c\u00e9rebro em dire\u00e7\u00e3o \u00e0 m\u00e9dia, retirada de um banco de dados da popula\u00e7\u00e3o. Algumas dessas pesquisas tamb\u00e9m vendem software adicional do Q para produzir imagens do c\u00e9rebro (LORETA). Por\u00e9m sabe-se que o EEG \u00e9 uma medida quase inteiramente de neur\u00f4nios na superf\u00edcie cortical, ent\u00e3o essas imagens s\u00e3o simplesmente proje\u00e7\u00f5es baseadas em dados de superf\u00edcie. Sendo assim o Treinamento em Circuito Whole Brain, z-score ou LORETA, treinam os mesmos aspectos \u2014 a leitura da atividade dos neur\u00f4nios da superf\u00edcie.<\/p>\n<p>O TQ7 e o sistema Brain-Trainer re\u00fanem os mesmos dados dos mesmos pontos na calota craniana, mas eles n\u00e3o foram projetados para a investiga\u00e7\u00e3o. Eles identificam padr\u00f5es cerebrais que s\u00e3o mais suscet\u00edveis de estarem relacionados com quest\u00f5es de treinamento espec\u00edfico e os combina em um circuito completo de exerc\u00edcios.<\/p>\n<\/div>\n<div class=\"col-sm-4\"><img decoding=\"async\" class=\"img-responsive\" src=\"https:\/\/brain-trainer.com\/wp-content\/uploads\/2014\/12\/cold-cingulate.jpg\" alt=\"Brain-trainer vs. other systems\" \/><\/div>\n<\/div>\n<\/div>\n<\/div>\n<div class=\"panel panel-default\">\n<div id=\"headingFour\" class=\"panel-heading\" role=\"tab\">\n<h4 class=\"panel-title\"><a class=\"collapsed\" role=\"button\" href=\"#collapseFour\" data-toggle=\"collapse\" data-parent=\"#for-pros-accordion\" aria-expanded=\"false\" aria-controls=\"collapseFour\"><br \/>\nQuais s\u00e3o as op\u00e7\u00f5es<br \/>\n<\/a><\/h4>\n<\/div>\n<div id=\"collapseFour\" class=\"panel-collapse collapse\" role=\"tabpanel\" aria-labelledby=\"headingFour\">\n<div class=\"panel-body\">\n<div class=\"col-sm-8\">\n<p>Os dois principais sistemas de treinamento do c\u00e9rebro que recomendamos s\u00e3o HEG e EEG. <a title=\"About HEG\" href=\"https:\/\/brain-trainer.com\/pt-br\/sobre\/treinamento-cerebral\/\" target=\"_blank\" rel=\"noopener\">HEG\u00a0<\/a>\u00e9 r\u00e1pido e f\u00e1cil de usar e \u00e9 \u00fatil para problemas de aten\u00e7\u00e3o, controle de impulsos, organiza\u00e7\u00e3o, motiva\u00e7\u00e3o, estabilidade emocional e vivacidade, etc. \u00c9 uma boa op\u00e7\u00e3o para treinamento com in\u00edcio quase que imediato, sem uma avalia\u00e7\u00e3o e em apenas 15 a 20 minutos todos os dias.<\/p>\n<p>Treinamento com <a title=\"About EEG Training\" href=\"https:\/\/brain-trainer.com\/pt-br\/sobre\/treinamento-cerebral\/#eeg\" target=\"_blank\" rel=\"noopener\">EEG<\/a> \u00e9 mais complexo para aprender e fazer. Existem algumas habilidades b\u00e1sicas para aprender, mas com suporte um treinador leigo pode coletar os dados para sua QEEG e treinar um plano de todo o c\u00e9rebro, para trabalhar com problemas f\u00edsicos como sono ou dor, com quest\u00f5es emocionais, trauma, estados meditativos, etc. EEG \u00e9 uma parte importante do treinamento. Os dois juntos s\u00e3o ideais.<\/p>\n<p>A maioria dos profissionais ir\u00e1 usar todo o pacote. Muitos instrutores especialmente aqueles que trabalham com desempenho e fun\u00e7\u00f5es cognitivas em clientes mais jovens, pode encontrar no HEG tudo o que eles precisam. \u00c9 poss\u00edvel comprar um sistema HEG inicialmente, escolher um amplificador com a capacidade de fazer o EEG tamb\u00e9m e em seguida, adicionar o EEG, se e quando desejar sem um grande custo adicional.<\/p>\n<\/div>\n<div class=\"col-sm-4\"><img decoding=\"async\" class=\"img-responsive\" src=\"https:\/\/brain-trainer.com\/wp-content\/uploads\/2014\/12\/cap-client-trainingS1160010.jpg\" alt=\"\" \/><\/div>\n<\/div>\n<\/div>\n<\/div>\n<div class=\"panel panel-default\">\n<div id=\"headingFive\" class=\"panel-heading\" role=\"tab\">\n<h4 class=\"panel-title\"><a class=\"collapsed\" role=\"button\" href=\"#collapseFive\" data-toggle=\"collapse\" data-parent=\"#for-pros-accordion\" aria-expanded=\"false\" aria-controls=\"collapseFive\"><br \/>\nQuais s\u00e3o os riscos?<br \/>\n<\/a><\/h4>\n<\/div>\n<div id=\"collapseFive\" class=\"panel-collapse collapse\" role=\"tabpanel\" aria-labelledby=\"headingFive\">\n<div class=\"panel-body\">\n<div class=\"col-sm-8\">\n<p>Tudo o que tem o poder para ajud\u00e1-lo a mudar seu c\u00e9rebro de forma positiva tamb\u00e9m pode ter resultados negativos. Voc\u00ea pode se machucar ao nadar ou ao correr ou malhar na academia. A abordagem do brain-trainer consiste num olhar detalhado para o c\u00e9rebro \u2014 observam-se adequa\u00e7\u00e3o ou n\u00e3o dos padr\u00f5es de ativa\u00e7\u00e3o e identifica aqueles mais prov\u00e1veis de estarem relacionadas com as mudan\u00e7as desejadas. O Plano Whole-Brain treina tudo isso em um circuito, de modo que ningu\u00e9m site ou sistema \u00e9 demais treinado, e todo o sistema muda. Certamente, uma pessoa pode experimentar uma libera\u00e7\u00e3o de emo\u00e7\u00f5es durante ou ap\u00f3s uma sess\u00e3o \u2014 l\u00e1grimas ou raiva \u2014 como parte de permitir se libertar de velhos padr\u00f5es, mas essas respostas geralmente duram de 8 \u00e0 12 horas ou menos. E o cliente sempre tem o direito de parar um exerc\u00edcio quando n\u00e3o est\u00e1 se sentindo bem. Retornando para o mesmo treinamento 5 sess\u00f5es mais tarde no circuito seguinte, esse mesmo exerc\u00edcio pode vir a ser um dos mais \u00fateis. A abordagem Brain-trainer n\u00e3o \u201cempurra\u201d o c\u00e9rebro, e centra-se na flexibilidade e estabilidade, por isso \u00e9 muito pouco prov\u00e1vel causar desconforto ou at\u00e9 mesmo uma resposta negativa tempor\u00e1ria.<\/p>\n<\/div>\n<div class=\"col-sm-4\"><img decoding=\"async\" class=\"img-responsive\" src=\"https:\/\/brain-trainer.com\/wp-content\/uploads\/2014\/12\/pattern-to-plan.jpg\" alt=\"Pros what risks\" \/><\/div>\n<\/div>\n<\/div>\n<\/div>\n<div class=\"panel panel-default\">\n<div id=\"headingSix\" class=\"panel-heading\" role=\"tab\">\n<h4 class=\"panel-title\"><a class=\"collapsed\" role=\"button\" href=\"#collapseSix\" data-toggle=\"collapse\" data-parent=\"#for-pros-accordion\" aria-expanded=\"false\" aria-controls=\"collapseSix\"><br \/>\nComo o Brain-Trainer ajuda?<br \/>\n<\/a><\/h4>\n<\/div>\n<div id=\"collapseSix\" class=\"panel-collapse collapse\" role=\"tabpanel\" aria-labelledby=\"headingSix\">\n<div class=\"panel-body\">\n<div class=\"col-sm-8\">\n<p>N\u00f3s oferecemos um pacote que inclui tudo que voc\u00ea precisa em um sistema integrado para fazer o treinamento adequado a sua necessidade. Voc\u00ea n\u00e3o precisa decidir entre as op\u00e7\u00f5es e descobrir o que precisa. N\u00f3s fazemos isso para voc\u00ea. O pacote tamb\u00e9m inclui suporte on-line para instalar o sistema no seu computador. Incluem frequentemente v\u00eddeos de treinamento, que s\u00e3o baixados no seu computador, para ajud\u00e1-lo a desenvolver habilidades b\u00e1sicas. Muitos pacotes tamb\u00e9m incluem supervis\u00e3o, ent\u00e3o voc\u00ea tem um dos nossos treinadores dispon\u00edveis quando h\u00e1 d\u00favidas ou preocupa\u00e7\u00f5es \u2014 perguntas e sugest\u00f5es. Nossa \u00e1rea de \u201cRespostas\u201d \u00e9 um not\u00e1vel recurso para ajud\u00e1-lo a aprender mais sobre o treinamento do c\u00e9rebro em seu pr\u00f3prio tempo. Nosso grupo do Yahoo braintrainer traz mais de 2000 colegas em sua caixa de e-mail para responder perguntas, ajudar com quest\u00f5es t\u00e9cnicas ou deix\u00e1-lo ler as respostas \u00e0s suas perguntas. Os pacotes com EEG incluem processamento da avalia\u00e7\u00e3o TLC7 e a apresenta\u00e7\u00e3o do treinamento em circuito Whole-Brain para gui\u00e1-lo a cada passo do caminho.<\/p>\n<\/div>\n<div class=\"col-sm-4\"><img decoding=\"async\" class=\"img-responsive\" src=\"https:\/\/brain-trainer.com\/wp-content\/uploads\/2014\/12\/signature-package-DSCF3905.jpg\" alt=\"Pros brain-trainer help\" \/><\/div>\n<\/div>\n<\/div>\n<\/div>\n<div class=\"panel panel-default\">\n<div id=\"headingSeven\" class=\"panel-heading\" role=\"tab\">\n<h4 class=\"panel-title\"><a class=\"collapsed\" role=\"button\" href=\"#collapseSeven\" data-toggle=\"collapse\" data-parent=\"#for-pros-accordion\" aria-expanded=\"false\" aria-controls=\"collapseSeven\"><br \/>\nDeixe-nos gui\u00e1-lo<br \/>\n<\/a><\/h4>\n<\/div>\n<div id=\"collapseSeven\" class=\"panel-collapse collapse\" role=\"tabpanel\" aria-labelledby=\"headingSeven\">\n<div class=\"panel-body\">\n<div class=\"col-sm-8\">\n<p>O que faz o Brain-Trainer original \u00e9 muito simples: <span id=\"result_box\" class=\"short_text\" lang=\"pt\"><span class=\"\">Somos treinadores n\u00f3s mesmos<\/span><\/span>.<\/p>\n<p>Estamos treinando c\u00e9rebros e formando treinadores h\u00e1 mais de 20 anos, auxiliando-os a lidar com os desafios do mundo real que cada treinador enfrenta. Sabemos o que os treinadores precisam, e constru\u00edmos nosso servi\u00e7o e nossos produtos em torno disso. Nosso TQ7 \u00e9 um QEEG para treinadores. Ele produz um plano personalizado para cada cliente \u2014 sem atrasos, sem taxas. N\u00e3o treinamos para colocar nossos clientes na m\u00e9dia. Whole-Brain trabalha os padr\u00f5es cerebrais identificados como importantes e os pontos em um circuito de 4 a 6 sess\u00f5es.<\/p>\n<p>Estamos sempre a procura de hardwares e softwares de alta qualidade, com boa rela\u00e7\u00e3o custo-benef\u00edcio de fornecedores do mundo todo. N\u00f3s vendemos os sistemas que n\u00f3s usamos, ent\u00e3o voc\u00ea pode contar com o que voc\u00ea precisa para trabalhar com qualquer tipo de cliente. E voc\u00ea pode contar com nosso apoio.<\/p>\n<p>As ferramentas e suporte que fornecemos s\u00e3o pr\u00e1ticos e de baixo custo, centrada no cliente, e se concentram em dar a voc\u00ea sistemas sofisticados de uma forma que voc\u00ea pode facilmente usar. Junte-se a milhares de formadores em todo o mundo que descobriram o que significa ter um colega ao seu lado.<\/p>\n<p>Estamos ansiosos para trabalhar com voc\u00ea.<\/p>\n<\/div>\n<div class=\"col-sm-4\"><img decoding=\"async\" class=\"img-responsive\" src=\"https:\/\/brain-trainer.com\/wp-content\/uploads\/2014\/12\/support.jpg\" alt=\"Professionals let us guide you\" \/><\/div>\n<\/div>\n<\/div>\n<\/div>\n<\/div>\n","protected":false},"excerpt":{"rendered":"<p>O sistema integrado brain-trainer centrado no cliente, oferece apoio, mapeia o c\u00e9rebro, orienta suas decis\u00f5es de treinamento e ajuda a implement\u00e1-los em poucos minutos ao inv\u00e9s de dias por menos de metade do custo, se comparado a outros sistemas. TQ7: O treinador QEEG O QEEG d\u00e1-lhe uma vis\u00e3o clara do c\u00e9rebro do seu cliente para [&hellip;]<\/p>\n","protected":false},"author":112,"featured_media":0,"parent":0,"menu_order":0,"comment_status":"closed","ping_status":"closed","template":"","meta":{"_acf_changed":false,"footnotes":""},"class_list":["post-12122","page","type-page","status-publish","hentry"],"acf":[],"yoast_head":"<!-- This site is optimized with the Yoast SEO plugin v25.9 - https:\/\/yoast.com\/wordpress\/plugins\/seo\/ -->\n<title>Para profissionais - brain-trainer.com<\/title>\n<meta name=\"robots\" content=\"index, follow, max-snippet:-1, max-image-preview:large, max-video-preview:-1\" \/>\n<link rel=\"canonical\" href=\"https:\/\/brain-trainer.com\/pt-br\/para-profissionais\/\" \/>\n<meta property=\"og:locale\" content=\"pt_BR\" \/>\n<meta property=\"og:type\" content=\"article\" \/>\n<meta property=\"og:title\" content=\"Para profissionais - brain-trainer.com\" \/>\n<meta property=\"og:description\" content=\"O sistema integrado brain-trainer centrado no cliente, oferece apoio, mapeia o c\u00e9rebro, orienta suas decis\u00f5es de treinamento e ajuda a implement\u00e1-los em poucos minutos ao inv\u00e9s de dias por menos de metade do custo, se comparado a outros sistemas. TQ7: O treinador QEEG O QEEG d\u00e1-lhe uma vis\u00e3o clara do c\u00e9rebro do seu cliente para [&hellip;]\" \/>\n<meta property=\"og:url\" content=\"https:\/\/brain-trainer.com\/pt-br\/para-profissionais\/\" \/>\n<meta property=\"og:site_name\" content=\"brain-trainer.com\" \/>\n<meta property=\"article:publisher\" content=\"https:\/\/www.facebook.com\/BraintrainerU\/\" \/>\n<meta property=\"og:image\" content=\"https:\/\/brain-trainer.com\/wp-content\/uploads\/2014\/12\/Q-cap.jpg\" \/>\n<meta name=\"twitter:label1\" content=\"Est. tempo de leitura\" \/>\n\t<meta name=\"twitter:data1\" content=\"7 minutos\" \/>\n<script type=\"application\/ld+json\" class=\"yoast-schema-graph\">{\"@context\":\"https:\/\/schema.org\",\"@graph\":[{\"@type\":\"WebPage\",\"@id\":\"https:\/\/brain-trainer.com\/pt-br\/para-profissionais\/\",\"url\":\"https:\/\/brain-trainer.com\/pt-br\/para-profissionais\/\",\"name\":\"Para profissionais - brain-trainer.com\",\"isPartOf\":{\"@id\":\"https:\/\/brain-trainer.com\/pt-br\/#website\"},\"primaryImageOfPage\":{\"@id\":\"https:\/\/brain-trainer.com\/pt-br\/para-profissionais\/#primaryimage\"},\"image\":{\"@id\":\"https:\/\/brain-trainer.com\/pt-br\/para-profissionais\/#primaryimage\"},\"thumbnailUrl\":\"https:\/\/brain-trainer.com\/wp-content\/uploads\/2014\/12\/Q-cap.jpg\",\"datePublished\":\"2024-11-08T01:38:55+00:00\",\"breadcrumb\":{\"@id\":\"https:\/\/brain-trainer.com\/pt-br\/para-profissionais\/#breadcrumb\"},\"inLanguage\":\"pt-BR\",\"potentialAction\":[{\"@type\":\"ReadAction\",\"target\":[\"https:\/\/brain-trainer.com\/pt-br\/para-profissionais\/\"]}]},{\"@type\":\"ImageObject\",\"inLanguage\":\"pt-BR\",\"@id\":\"https:\/\/brain-trainer.com\/pt-br\/para-profissionais\/#primaryimage\",\"url\":\"https:\/\/brain-trainer.com\/wp-content\/uploads\/2014\/12\/Q-cap.jpg\",\"contentUrl\":\"https:\/\/brain-trainer.com\/wp-content\/uploads\/2014\/12\/Q-cap.jpg\"},{\"@type\":\"BreadcrumbList\",\"@id\":\"https:\/\/brain-trainer.com\/pt-br\/para-profissionais\/#breadcrumb\",\"itemListElement\":[{\"@type\":\"ListItem\",\"position\":1,\"name\":\"Home\",\"item\":\"https:\/\/brain-trainer.com\/pt-br\/\"},{\"@type\":\"ListItem\",\"position\":2,\"name\":\"Para profissionais\"}]},{\"@type\":\"WebSite\",\"@id\":\"https:\/\/brain-trainer.com\/pt-br\/#website\",\"url\":\"https:\/\/brain-trainer.com\/pt-br\/\",\"name\":\"brain-trainer.com\",\"description\":\"By Trainers, For Trainers\",\"publisher\":{\"@id\":\"https:\/\/brain-trainer.com\/pt-br\/#organization\"},\"potentialAction\":[{\"@type\":\"SearchAction\",\"target\":{\"@type\":\"EntryPoint\",\"urlTemplate\":\"https:\/\/brain-trainer.com\/pt-br\/?s={search_term_string}\"},\"query-input\":{\"@type\":\"PropertyValueSpecification\",\"valueRequired\":true,\"valueName\":\"search_term_string\"}}],\"inLanguage\":\"pt-BR\"},{\"@type\":\"Organization\",\"@id\":\"https:\/\/brain-trainer.com\/pt-br\/#organization\",\"name\":\"Brain-Trainer International\",\"url\":\"https:\/\/brain-trainer.com\/pt-br\/\",\"logo\":{\"@type\":\"ImageObject\",\"inLanguage\":\"pt-BR\",\"@id\":\"https:\/\/brain-trainer.com\/pt-br\/#\/schema\/logo\/image\/\",\"url\":\"https:\/\/brain-trainer.com\/wp-content\/uploads\/2015\/07\/brain-trainer.com-logo.jpg\",\"contentUrl\":\"https:\/\/brain-trainer.com\/wp-content\/uploads\/2015\/07\/brain-trainer.com-logo.jpg\",\"width\":384,\"height\":124,\"caption\":\"Brain-Trainer International\"},\"image\":{\"@id\":\"https:\/\/brain-trainer.com\/pt-br\/#\/schema\/logo\/image\/\"},\"sameAs\":[\"https:\/\/www.facebook.com\/BraintrainerU\/\",\"https:\/\/x.com\/BraintrainerU\",\"https:\/\/www.instagram.com\/braintraineru\"]}]}<\/script>\n<!-- \/ Yoast SEO plugin. -->","yoast_head_json":{"title":"Para profissionais - brain-trainer.com","robots":{"index":"index","follow":"follow","max-snippet":"max-snippet:-1","max-image-preview":"max-image-preview:large","max-video-preview":"max-video-preview:-1"},"canonical":"https:\/\/brain-trainer.com\/pt-br\/para-profissionais\/","og_locale":"pt_BR","og_type":"article","og_title":"Para profissionais - brain-trainer.com","og_description":"O sistema integrado brain-trainer centrado no cliente, oferece apoio, mapeia o c\u00e9rebro, orienta suas decis\u00f5es de treinamento e ajuda a implement\u00e1-los em poucos minutos ao inv\u00e9s de dias por menos de metade do custo, se comparado a outros sistemas. TQ7: O treinador QEEG O QEEG d\u00e1-lhe uma vis\u00e3o clara do c\u00e9rebro do seu cliente para [&hellip;]","og_url":"https:\/\/brain-trainer.com\/pt-br\/para-profissionais\/","og_site_name":"brain-trainer.com","article_publisher":"https:\/\/www.facebook.com\/BraintrainerU\/","og_image":[{"url":"https:\/\/brain-trainer.com\/wp-content\/uploads\/2014\/12\/Q-cap.jpg","type":"","width":"","height":""}],"twitter_misc":{"Est. tempo de leitura":"7 minutos"},"schema":{"@context":"https:\/\/schema.org","@graph":[{"@type":"WebPage","@id":"https:\/\/brain-trainer.com\/pt-br\/para-profissionais\/","url":"https:\/\/brain-trainer.com\/pt-br\/para-profissionais\/","name":"Para profissionais - brain-trainer.com","isPartOf":{"@id":"https:\/\/brain-trainer.com\/pt-br\/#website"},"primaryImageOfPage":{"@id":"https:\/\/brain-trainer.com\/pt-br\/para-profissionais\/#primaryimage"},"image":{"@id":"https:\/\/brain-trainer.com\/pt-br\/para-profissionais\/#primaryimage"},"thumbnailUrl":"https:\/\/brain-trainer.com\/wp-content\/uploads\/2014\/12\/Q-cap.jpg","datePublished":"2024-11-08T01:38:55+00:00","breadcrumb":{"@id":"https:\/\/brain-trainer.com\/pt-br\/para-profissionais\/#breadcrumb"},"inLanguage":"pt-BR","potentialAction":[{"@type":"ReadAction","target":["https:\/\/brain-trainer.com\/pt-br\/para-profissionais\/"]}]},{"@type":"ImageObject","inLanguage":"pt-BR","@id":"https:\/\/brain-trainer.com\/pt-br\/para-profissionais\/#primaryimage","url":"https:\/\/brain-trainer.com\/wp-content\/uploads\/2014\/12\/Q-cap.jpg","contentUrl":"https:\/\/brain-trainer.com\/wp-content\/uploads\/2014\/12\/Q-cap.jpg"},{"@type":"BreadcrumbList","@id":"https:\/\/brain-trainer.com\/pt-br\/para-profissionais\/#breadcrumb","itemListElement":[{"@type":"ListItem","position":1,"name":"Home","item":"https:\/\/brain-trainer.com\/pt-br\/"},{"@type":"ListItem","position":2,"name":"Para profissionais"}]},{"@type":"WebSite","@id":"https:\/\/brain-trainer.com\/pt-br\/#website","url":"https:\/\/brain-trainer.com\/pt-br\/","name":"brain-trainer.com","description":"By Trainers, For Trainers","publisher":{"@id":"https:\/\/brain-trainer.com\/pt-br\/#organization"},"potentialAction":[{"@type":"SearchAction","target":{"@type":"EntryPoint","urlTemplate":"https:\/\/brain-trainer.com\/pt-br\/?s={search_term_string}"},"query-input":{"@type":"PropertyValueSpecification","valueRequired":true,"valueName":"search_term_string"}}],"inLanguage":"pt-BR"},{"@type":"Organization","@id":"https:\/\/brain-trainer.com\/pt-br\/#organization","name":"Brain-Trainer International","url":"https:\/\/brain-trainer.com\/pt-br\/","logo":{"@type":"ImageObject","inLanguage":"pt-BR","@id":"https:\/\/brain-trainer.com\/pt-br\/#\/schema\/logo\/image\/","url":"https:\/\/brain-trainer.com\/wp-content\/uploads\/2015\/07\/brain-trainer.com-logo.jpg","contentUrl":"https:\/\/brain-trainer.com\/wp-content\/uploads\/2015\/07\/brain-trainer.com-logo.jpg","width":384,"height":124,"caption":"Brain-Trainer International"},"image":{"@id":"https:\/\/brain-trainer.com\/pt-br\/#\/schema\/logo\/image\/"},"sameAs":["https:\/\/www.facebook.com\/BraintrainerU\/","https:\/\/x.com\/BraintrainerU","https:\/\/www.instagram.com\/braintraineru"]}]}},"_links":{"self":[{"href":"https:\/\/brain-trainer.com\/pt-br\/wp-json\/wp\/v2\/pages\/12122","targetHints":{"allow":["GET"]}}],"collection":[{"href":"https:\/\/brain-trainer.com\/pt-br\/wp-json\/wp\/v2\/pages"}],"about":[{"href":"https:\/\/brain-trainer.com\/pt-br\/wp-json\/wp\/v2\/types\/page"}],"author":[{"embeddable":true,"href":"https:\/\/brain-trainer.com\/pt-br\/wp-json\/wp\/v2\/users\/112"}],"replies":[{"embeddable":true,"href":"https:\/\/brain-trainer.com\/pt-br\/wp-json\/wp\/v2\/comments?post=12122"}],"version-history":[{"count":6,"href":"https:\/\/brain-trainer.com\/pt-br\/wp-json\/wp\/v2\/pages\/12122\/revisions"}],"predecessor-version":[{"id":13140,"href":"https:\/\/brain-trainer.com\/pt-br\/wp-json\/wp\/v2\/pages\/12122\/revisions\/13140"}],"wp:attachment":[{"href":"https:\/\/brain-trainer.com\/pt-br\/wp-json\/wp\/v2\/media?parent=12122"}],"curies":[{"name":"wp","href":"https:\/\/api.w.org\/{rel}","templated":true}]}}