{"id":14315,"date":"2024-11-07T20:39:07","date_gmt":"2024-11-08T01:39:07","guid":{"rendered":"https:\/\/brain-trainer.com\/termos-e-condicoes\/"},"modified":"2024-11-07T20:39:07","modified_gmt":"2024-11-08T01:39:07","slug":"termos-e-condicoes","status":"publish","type":"page","link":"https:\/\/brain-trainer.com\/pt-br\/termos-e-condicoes\/","title":{"rendered":"Termos e Condi\u00e7\u00f5es"},"content":{"rendered":"<h2><em>Em geral<\/em><\/h2>\n<p>A <strong>Brain-Trainer Internacional (\u201cbrain-trainer.com\u201d)<\/strong> possui e opera este Website. Este documento rege o seu relacionamento com a <strong>brain-trainer.com<\/strong> (\u201cWebsite\u201d).\u00a0O acesso e uso deste site e dos produtos e servi\u00e7os dispon\u00edveis atrav\u00e9s dele (coletivamente, os &#8220;Servi\u00e7os&#8221;) est\u00e3o sujeitos aos seguintes termos, condi\u00e7\u00f5es e avisos (os &#8220;Termos de Servi\u00e7o&#8221;). Ao usar os Servi\u00e7os, voc\u00ea concorda com todos os Termos de Servi\u00e7o, que podem ser atualizados por n\u00f3s periodicamente. Voc\u00ea deve verificar essa p\u00e1gina regularmente para tomar conhecimento de quaisquer altera\u00e7\u00f5es que possamos ter feito nos Termos de Servi\u00e7o.<\/p>\n<p>O acesso a este site \u00e9 permitido temporariamente e n\u00f3s nos reservamos o direito de retirar ou alterar os Servi\u00e7os sem aviso pr\u00e9vio. N\u00f3s n\u00e3o seremos respons\u00e1veis \u200b\u200bse, por qualquer motivo, este site estiver indispon\u00edvel a qualquer momento ou por qualquer per\u00edodo. De tempos em tempos, podemos restringir o acesso a algumas partes ou a todo este site.<\/p>\n<p>Este site pode conter links para outros sites (os &#8220;Sites Vinculados&#8221;), que n\u00e3o s\u00e3o operados pela <strong>brain-trainer.com<\/strong>. O site <strong>brain-trainer.com<\/strong> n\u00e3o tem controle sobre os Sites Vinculados e n\u00e3o se responsabiliza por eles ou por qualquer perda ou dano que possa advir do seu uso deles. Seu uso dos Sites Vinculados estar\u00e1 sujeito aos termos de uso e servi\u00e7o contidos em cada um desses sites.<\/p>\n<h2><em>Pol\u00edtica de Privacidade<\/em><\/h2>\n<p>Nossa pol\u00edtica de privacidade, que define como usaremos suas informa\u00e7\u00f5es, pode ser encontrada em <strong>brain-trainer.com\/privacy-policy\/<\/strong>. Ao usar este site, voc\u00ea concorda com o processamento descrito nele e garante que todos os dados fornecidos por voc\u00ea s\u00e3o precisos.<\/p>\n<h2><em>Restri\u00e7\u00f5es<\/em><\/h2>\n<p>Voc\u00ea n\u00e3o deve usar este site indevidamente. Voc\u00ea n\u00e3o ir\u00e1: cometer ou encorajar um crime; transmitir ou distribuir um v\u00edrus tal como trojan, worm, logic bomb ou qualquer outro material que seja malicioso, tecnologicamente prejudicial, em viola\u00e7\u00e3o de confian\u00e7a ou ofensivo ou obsceno; invadir qualquer aspecto do Servi\u00e7o; corromper dados; causar aborrecimento a outros usu\u00e1rios; infringir os direitos de propriedade de qualquer outra pessoa; enviar qualquer publicidade n\u00e3o solicitada ou material promocional, comumente referido como &#8220;spam&#8221;; ou tentar afetar o desempenho ou a funcionalidade de qualquer recurso do computador ou acessado por meio deste site. A viola\u00e7\u00e3o desta disposi\u00e7\u00e3o constituiria uma ofensa criminal e a <strong>brain-trainer.com<\/strong> comunicar\u00e1 qualquer viola\u00e7\u00e3o \u00e0s autoridades respons\u00e1veis \u200b\u200bpela aplica\u00e7\u00e3o da lei e divulgar\u00e1 a sua identidade a eles.<\/p>\n<p>N\u00e3o seremos respons\u00e1veis \u200b\u200bpor qualquer perda ou dano causado por um ataque de nega\u00e7\u00e3o de servi\u00e7o distribu\u00eddo, v\u00edrus ou outro material tecnologicamente prejudicial que possa infectar seu equipamento, programas de computador, dados ou outro material propriet\u00e1rio devido ao uso deste Site ou ao download de qualquer material postado nele ou em qualquer site vinculado a ele.<\/p>\n<h2><em>Propriedade Intelectual, Software e Conte\u00fado<\/em><\/h2>\n<p>Os direitos de propriedade intelectual em todo os softwares e conte\u00fados (incluindo imagens fotogr\u00e1ficas) disponibilizados para voc\u00ea neste ou atrav\u00e9s deste site permanecem de propriedade da <strong>brain-trainer.com<\/strong> ou de seus licenciadores e s\u00e3o protegidos por leis e tratados de direitos autorais em todo o mundo. Todos esses direitos s\u00e3o reservados pela <strong>brain-trainer.com<\/strong> e seus licenciadores. Voc\u00ea pode armazenar, imprimir e exibir o conte\u00fado fornecido exclusivamente para seu uso pessoal. Voc\u00ea n\u00e3o tem permiss\u00e3o para publicar, manipular, distribuir ou reproduzir em qualquer formato, qualquer conte\u00fado ou c\u00f3pias do conte\u00fado fornecido a voc\u00ea ou que apare\u00e7a neste Site, nem usar tal conte\u00fado em conex\u00e3o com qualquer neg\u00f3cio ou empreendimento comercial.<\/p>\n<h2><em>Termos de Venda<\/em><\/h2>\n<p>Ao fazer um pedido, voc\u00ea est\u00e1 oferecendo comprar um produto e est\u00e1 sujeito aos seguintes termos e condi\u00e7\u00f5es. Todos os pedidos est\u00e3o sujeitos a disponibilidade e confirma\u00e7\u00e3o do pre\u00e7o do pedido.<\/p>\n<p>O prazo de entrega pode variar de acordo com a disponibilidade e est\u00e3o sujeitos a atrasos resultantes de atrasos postais ou de for\u00e7a maior pelos quais n\u00e3o seremos respons\u00e1veis.<\/p>\n<p>Para contratar junto \u00e0 <strong>brain-trainer.com<\/strong> voc\u00ea deve ter mais de 18 anos de idade e possuir um cart\u00e3o de cr\u00e9dito ou d\u00e9bito v\u00e1lido emitido por um banco aceit\u00e1vel para n\u00f3s. A <strong>brain-trainer.com<\/strong> reserva-se o direito de recusar qualquer pedido feito por voc\u00ea. Se o seu pedido for aceito, informaremos voc\u00ea por e-mail e confirmaremos a identidade da parte com a qual voc\u00ea contratou. Esta geralmente ser\u00e1 a <strong>brain-trainer.com<\/strong> ou pode, em alguns casos, ser um terceiro. Quando um contrato \u00e9 feito com um terceiro, a <strong>brain-trainer.com<\/strong> n\u00e3o est\u00e1 atuando como agente ou mandante e o contrato \u00e9 feito entre voc\u00ea e esse terceiro e estar\u00e1 sujeito aos termos de venda que eles lhe fornecem. Ao fazer um pedido, voc\u00ea assume que todos os detalhes que nos fornece s\u00e3o verdadeiros e precisos, que voc\u00ea \u00e9 um usu\u00e1rio autorizado do cart\u00e3o de cr\u00e9dito ou d\u00e9bito usado para fazer seu pedido e que h\u00e1 fundos suficientes para cobrir o custo. O custo de produtos e servi\u00e7os estrangeiros pode variar. Todos os pre\u00e7os anunciados est\u00e3o sujeitos a tais altera\u00e7\u00f5es.<\/p>\n<p>(a) Nosso contrato<\/p>\n<p>Ao fazer um pedido, voc\u00ea receber\u00e1 um e-mail confirmando o recebimento do seu pedido: este e-mail ser\u00e1 apenas uma confirma\u00e7\u00e3o e n\u00e3o constituir\u00e1 aceita\u00e7\u00e3o do seu pedido. Um contrato entre n\u00f3s n\u00e3o ser\u00e1 formado at\u00e9 que lhe enviemos por e-mail a confirma\u00e7\u00e3o de que as mercadorias que voc\u00ea encomendou foram enviadas para voc\u00ea. Somente as mercadorias listadas no e-mail de confirma\u00e7\u00e3o enviado no momento do envio ser\u00e3o inclu\u00eddas no contrato formado.<\/p>\n<p>(b) Pre\u00e7os e Disponibilidade<\/p>\n<p>Enquanto tentamos garantir que todos os detalhes, descri\u00e7\u00f5es e pre\u00e7os que aparecem neste site sejam precisos, podem ocorrer erros. Se descobrirmos um erro no pre\u00e7o de qualquer mercadoria que voc\u00ea tenha encomendado, n\u00f3s o informaremos o mais breve poss\u00edvel e daremos a voc\u00ea a op\u00e7\u00e3o de reconfirmar seu pedido pelo pre\u00e7o correto ou cancel\u00e1-lo. Se n\u00e3o formos capazes de entrar em contato com voc\u00ea, trataremos o pedido como cancelado. Se voc\u00ea cancelar e j\u00e1 tiver pago pela mercadoria, receber\u00e1 um reembolso total.<\/p>\n<p>Os custos de entrega ser\u00e3o cobrados separadamente; esses encargos adicionais s\u00e3o claramente exibidos quando aplic\u00e1vel e inclu\u00eddos no &#8220;Custo Total&#8221;.<\/p>\n<p>c) Pagamento<\/p>\n<p>Ao receber seu pedido, efetuamos uma verifica\u00e7\u00e3o de autoriza\u00e7\u00e3o padr\u00e3o no seu cart\u00e3o de pagamento para garantir que haja fundos suficientes para realizar a transa\u00e7\u00e3o. Seu cart\u00e3o ser\u00e1 debitado ap\u00f3s a autoriza\u00e7\u00e3o ser recebida. As quantias recebidas ap\u00f3s o d\u00e9bito do seu cart\u00e3o ser\u00e3o tratadas como um dep\u00f3sito contra o valor das mercadorias que voc\u00ea deseja comprar. Uma vez que as mercadorias tenham sido despachadas e voc\u00ea tenha recebido um e-mail de confirma\u00e7\u00e3o, as quantias pagas como dep\u00f3sito ser\u00e3o usadas como contrapartida pelo valor das mercadorias que voc\u00ea comprou, conforme listado no e-mail de confirma\u00e7\u00e3o.<\/p>\n<p>(d) Devolu\u00e7\u00f5es<\/p>\n<p>Jogos, software, v\u00eddeos e suprimentos de eletrodo n\u00e3o s\u00e3o reembols\u00e1veis. Amplificadores e sensores HEG t\u00eam 30 dias de garantia de devolu\u00e7\u00e3o do dinheiro. H\u00e1 uma taxa de devolu\u00e7\u00e3o de 10% para esses retornos.<\/p>\n<h2><em>Isen\u00e7\u00e3o de Responsabilidade<\/em><\/h2>\n<p>O material exibido neste site \u00e9 fornecido sem quaisquer garantias ou condi\u00e7\u00f5es quanto \u00e0 sua precis\u00e3o. A menos que expressamente declarado o contr\u00e1rio na extens\u00e3o m\u00e1xima permitida pela lei, a <strong>brain-trainer.com<\/strong> e seus fornecedores, provedores de conte\u00fado e anunciantes excluem expressamente todas as condi\u00e7\u00f5es, garantias e outros termos que poderiam ser impl\u00edcitos por lei, lei comum ou lei de igualdade e n\u00e3o ser\u00e1 respons\u00e1vel por quaisquer danos, incluindo mas sem limita\u00e7\u00e3o a quaisquer danos diretos, indiretos, especiais, consequenciais, punitivos ou incidentais, ou danos por perda de uso, lucros, dados ou outros bens intang\u00edveis, danos a boa vontade ou reputa\u00e7\u00e3o, ou o custo de aquisi\u00e7\u00e3o de bens e servi\u00e7os substitutos, decorrentes ou relacionados ao uso, incapacidade de uso, desempenho ou falhas deste Site ou dos Sites Vinculados e quaisquer materiais publicados, independentemente de tais danos serem previs\u00edveis ou surgirem em contrato, ato il\u00edcito, equidade, restitui\u00e7\u00e3o, por estatuto, em lei comum ou de outra forma. Isso n\u00e3o afeta a responsabilidade da <strong>brain-trainer.com<\/strong> por morte ou danos pessoais decorrentes de sua neglig\u00eancia, deturpa\u00e7\u00e3o fraudulenta, deturpa\u00e7\u00e3o de um assunto fundamental ou qualquer outra responsabilidade que n\u00e3o possa ser exclu\u00edda ou limitada pela lei aplic\u00e1vel.<\/p>\n<h2><em>Conex\u00e3o com este Site<\/em><\/h2>\n<p>Voc\u00ea pode vincular-se a nossa p\u00e1gina inicial, desde que o fa\u00e7a de maneira justa e legal e n\u00e3o prejudique nossa reputa\u00e7\u00e3o nem tire proveito dela, mas voc\u00ea n\u00e3o deve estabelecer um link de modo a sugerir qualquer forma de associa\u00e7\u00e3o, aprova\u00e7\u00e3o ou endosso de nossa parte, onde n\u00e3o existe nenhum. Voc\u00ea n\u00e3o deve estabelecer um link em nenhum site que n\u00e3o seja de sua propriedade. Este site n\u00e3o deve ser enquadrado em nenhum outro site, e voc\u00ea n\u00e3o pode criar um link para qualquer parte deste site que n\u00e3o seja a p\u00e1gina inicial. Reservamo-nos o direito de retirar a permiss\u00e3o de vincula\u00e7\u00e3o sem aviso pr\u00e9vio.<\/p>\n<h2><em>Isen\u00e7\u00e3o de responsabilidade quanto \u00e0 propriedade de marcas registradas, imagens de personalidades e direitos autorais de terceiros<\/em><\/h2>\n<p>Exceto onde expressamente declarado o contr\u00e1rio, todas as pessoas (incluindo seus nomes e imagens), marcas registradas e conte\u00fado, servi\u00e7os e\/ou locais apresentados neste Site n\u00e3o s\u00e3o de forma alguma associados, vinculados ou afiliados \u00e0 <strong>brain-trainer.com<\/strong> e voc\u00ea n\u00e3o deve confiar na exist\u00eancia de tal conex\u00e3o ou afilia\u00e7\u00e3o. Quaisquer marcas comerciais\/nomes apresentados neste site s\u00e3o de propriedade dos respectivos propriet\u00e1rios. Quando uma marca comercial ou nome de marca \u00e9 referido, ela \u00e9 usada exclusivamente para descrever ou identificar os produtos e servi\u00e7os e n\u00e3o \u00e9 de forma alguma uma afirma\u00e7\u00e3o de que tais produtos ou servi\u00e7os sejam endossados \u200b\u200bpor ou conectados a <strong>brain-trainer.com<\/strong>.<\/p>\n<h2><em>Indeniza\u00e7\u00e3o<\/em><\/h2>\n<p>Voc\u00ea concorda em indenizar, defender e isentar a <strong>brain-trainer.com<\/strong>, seus diretores, executivos, funcion\u00e1rios, consultores, agentes e afiliadas de toda e qualquer reclama\u00e7\u00e3o, responsabilidade, danos e\/ou custos de terceiros (incluindo, mas n\u00e3o limitado a taxas legais) decorrentes do seu uso deste site ou sua viola\u00e7\u00e3o dos Termos de Servi\u00e7o.<\/p>\n<h2><em>Varia\u00e7\u00e3o<\/em><\/h2>\n<p>A <strong>brain-trainer.com<\/strong> ter\u00e1 o direito, a seu exclusivo crit\u00e9rio, a qualquer momento e sem aviso pr\u00e9vio de alterar, remover ou alterar os Servi\u00e7os e\/ou qualquer p\u00e1gina deste Website.<\/p>\n<h2><em>Nulidade<\/em><\/h2>\n<p>Se qualquer parte dos Termos de Servi\u00e7o for inaplic\u00e1vel (incluindo qualquer cl\u00e1usula na qual excluamos nossa responsabilidade perante voc\u00ea), a aplicabilidade de qualquer outra parte dos Termos de Servi\u00e7o n\u00e3o ser\u00e1 afetada. Todas as outras cl\u00e1usulas permanecer\u00e3o em pleno vigor e efeito. Na medida do poss\u00edvel, onde qualquer cl\u00e1usula \/ subcl\u00e1usula ou parte de uma cl\u00e1usula \/ subcl\u00e1usula pode ser separada para tornar a parte restante v\u00e1lida, a cl\u00e1usula deve ser interpretada de acordo. Alternativamente, voc\u00ea concorda que a cl\u00e1usula deve ser retificada e interpretada de tal maneira que se assemelhe ao significado original da cl\u00e1usula \/ subcl\u00e1usula, conforme permitido por lei.<\/p>\n<h2><em>Reclama\u00e7\u00f5es <\/em><\/h2>\n<p>N\u00f3s operamos um procedimento de tratamento de reclama\u00e7\u00f5es que usaremos para tentar resolver conflitos quando eles surgirem. Por favor, avise-nos se voc\u00ea tiver alguma reclama\u00e7\u00e3o ou coment\u00e1rio.<\/p>\n<h2><em>Ren\u00fancia<\/em><\/h2>\n<p>Se voc\u00ea violar essas condi\u00e7\u00f5es e n\u00e3o agirmos, ainda podemos usar nossos direitos e recursos em qualquer outra situa\u00e7\u00e3o em que voc\u00ea violar essas condi\u00e7\u00f5es.<\/p>\n<h2><em>Totalidade do Acordo<\/em><\/h2>\n<p>Os Termos de Servi\u00e7o acima constituem a totalidade do acordo entre as partes e substituem todos e quaisquer acordos anteriores e atuais entre voc\u00ea e a brain-trainer.com. Qualquer ren\u00fancia a qualquer disposi\u00e7\u00e3o dos Termos de Servi\u00e7o ser\u00e1 efetiva somente se por escrito e assinada por um Diretor da <strong>brain-trainer.com<\/strong>.<\/p>\n<p>Atualizado em 22 de agosto de 2014<\/p>\n","protected":false},"excerpt":{"rendered":"<p>Em geral A Brain-Trainer Internacional (\u201cbrain-trainer.com\u201d) possui e opera este Website. Este documento rege o seu relacionamento com a brain-trainer.com (\u201cWebsite\u201d).\u00a0O acesso e uso deste site e dos produtos e servi\u00e7os dispon\u00edveis atrav\u00e9s dele (coletivamente, os &#8220;Servi\u00e7os&#8221;) est\u00e3o sujeitos aos seguintes termos, condi\u00e7\u00f5es e avisos (os &#8220;Termos de Servi\u00e7o&#8221;). Ao usar os Servi\u00e7os, voc\u00ea concorda [&hellip;]<\/p>\n","protected":false},"author":19,"featured_media":0,"parent":0,"menu_order":0,"comment_status":"closed","ping_status":"open","template":"","meta":{"_acf_changed":false,"footnotes":""},"class_list":["post-14315","page","type-page","status-publish","hentry"],"acf":[],"yoast_head":"<!-- This site is optimized with the Yoast SEO plugin v25.9 - https:\/\/yoast.com\/wordpress\/plugins\/seo\/ -->\n<title>Termos e Condi\u00e7\u00f5es - brain-trainer.com<\/title>\n<meta name=\"description\" content=\"Os termos e condi\u00e7\u00f5es para brain-trainer.com\" \/>\n<meta name=\"robots\" content=\"index, follow, max-snippet:-1, max-image-preview:large, max-video-preview:-1\" \/>\n<link rel=\"canonical\" href=\"https:\/\/brain-trainer.com\/pt-br\/termos-e-condicoes\/\" \/>\n<meta property=\"og:locale\" content=\"pt_BR\" \/>\n<meta property=\"og:type\" content=\"article\" \/>\n<meta property=\"og:title\" content=\"Termos e Condi\u00e7\u00f5es - brain-trainer.com\" \/>\n<meta property=\"og:description\" content=\"Os termos e condi\u00e7\u00f5es para brain-trainer.com\" \/>\n<meta property=\"og:url\" content=\"https:\/\/brain-trainer.com\/pt-br\/termos-e-condicoes\/\" \/>\n<meta property=\"og:site_name\" content=\"brain-trainer.com\" \/>\n<meta property=\"article:publisher\" content=\"https:\/\/www.facebook.com\/BraintrainerU\/\" \/>\n<meta name=\"twitter:label1\" content=\"Est. tempo de leitura\" \/>\n\t<meta name=\"twitter:data1\" content=\"10 minutos\" \/>\n<script type=\"application\/ld+json\" class=\"yoast-schema-graph\">{\"@context\":\"https:\/\/schema.org\",\"@graph\":[{\"@type\":\"WebPage\",\"@id\":\"https:\/\/brain-trainer.com\/pt-br\/termos-e-condicoes\/\",\"url\":\"https:\/\/brain-trainer.com\/pt-br\/termos-e-condicoes\/\",\"name\":\"Termos e Condi\u00e7\u00f5es - brain-trainer.com\",\"isPartOf\":{\"@id\":\"https:\/\/brain-trainer.com\/pt-br\/#website\"},\"datePublished\":\"2024-11-08T01:39:07+00:00\",\"description\":\"Os termos e condi\u00e7\u00f5es para brain-trainer.com\",\"breadcrumb\":{\"@id\":\"https:\/\/brain-trainer.com\/pt-br\/termos-e-condicoes\/#breadcrumb\"},\"inLanguage\":\"pt-BR\",\"potentialAction\":[{\"@type\":\"ReadAction\",\"target\":[\"https:\/\/brain-trainer.com\/pt-br\/termos-e-condicoes\/\"]}]},{\"@type\":\"BreadcrumbList\",\"@id\":\"https:\/\/brain-trainer.com\/pt-br\/termos-e-condicoes\/#breadcrumb\",\"itemListElement\":[{\"@type\":\"ListItem\",\"position\":1,\"name\":\"Home\",\"item\":\"https:\/\/brain-trainer.com\/pt-br\/\"},{\"@type\":\"ListItem\",\"position\":2,\"name\":\"Termos e Condi\u00e7\u00f5es\"}]},{\"@type\":\"WebSite\",\"@id\":\"https:\/\/brain-trainer.com\/pt-br\/#website\",\"url\":\"https:\/\/brain-trainer.com\/pt-br\/\",\"name\":\"brain-trainer.com\",\"description\":\"By Trainers, For Trainers\",\"publisher\":{\"@id\":\"https:\/\/brain-trainer.com\/pt-br\/#organization\"},\"potentialAction\":[{\"@type\":\"SearchAction\",\"target\":{\"@type\":\"EntryPoint\",\"urlTemplate\":\"https:\/\/brain-trainer.com\/pt-br\/?s={search_term_string}\"},\"query-input\":{\"@type\":\"PropertyValueSpecification\",\"valueRequired\":true,\"valueName\":\"search_term_string\"}}],\"inLanguage\":\"pt-BR\"},{\"@type\":\"Organization\",\"@id\":\"https:\/\/brain-trainer.com\/pt-br\/#organization\",\"name\":\"Brain-Trainer International\",\"url\":\"https:\/\/brain-trainer.com\/pt-br\/\",\"logo\":{\"@type\":\"ImageObject\",\"inLanguage\":\"pt-BR\",\"@id\":\"https:\/\/brain-trainer.com\/pt-br\/#\/schema\/logo\/image\/\",\"url\":\"https:\/\/brain-trainer.com\/wp-content\/uploads\/2015\/07\/brain-trainer.com-logo.jpg\",\"contentUrl\":\"https:\/\/brain-trainer.com\/wp-content\/uploads\/2015\/07\/brain-trainer.com-logo.jpg\",\"width\":384,\"height\":124,\"caption\":\"Brain-Trainer International\"},\"image\":{\"@id\":\"https:\/\/brain-trainer.com\/pt-br\/#\/schema\/logo\/image\/\"},\"sameAs\":[\"https:\/\/www.facebook.com\/BraintrainerU\/\",\"https:\/\/x.com\/BraintrainerU\",\"https:\/\/www.instagram.com\/braintraineru\"]}]}<\/script>\n<!-- \/ Yoast SEO plugin. -->","yoast_head_json":{"title":"Termos e Condi\u00e7\u00f5es - brain-trainer.com","description":"Os termos e condi\u00e7\u00f5es para brain-trainer.com","robots":{"index":"index","follow":"follow","max-snippet":"max-snippet:-1","max-image-preview":"max-image-preview:large","max-video-preview":"max-video-preview:-1"},"canonical":"https:\/\/brain-trainer.com\/pt-br\/termos-e-condicoes\/","og_locale":"pt_BR","og_type":"article","og_title":"Termos e Condi\u00e7\u00f5es - brain-trainer.com","og_description":"Os termos e condi\u00e7\u00f5es para brain-trainer.com","og_url":"https:\/\/brain-trainer.com\/pt-br\/termos-e-condicoes\/","og_site_name":"brain-trainer.com","article_publisher":"https:\/\/www.facebook.com\/BraintrainerU\/","twitter_misc":{"Est. tempo de leitura":"10 minutos"},"schema":{"@context":"https:\/\/schema.org","@graph":[{"@type":"WebPage","@id":"https:\/\/brain-trainer.com\/pt-br\/termos-e-condicoes\/","url":"https:\/\/brain-trainer.com\/pt-br\/termos-e-condicoes\/","name":"Termos e Condi\u00e7\u00f5es - brain-trainer.com","isPartOf":{"@id":"https:\/\/brain-trainer.com\/pt-br\/#website"},"datePublished":"2024-11-08T01:39:07+00:00","description":"Os termos e condi\u00e7\u00f5es para brain-trainer.com","breadcrumb":{"@id":"https:\/\/brain-trainer.com\/pt-br\/termos-e-condicoes\/#breadcrumb"},"inLanguage":"pt-BR","potentialAction":[{"@type":"ReadAction","target":["https:\/\/brain-trainer.com\/pt-br\/termos-e-condicoes\/"]}]},{"@type":"BreadcrumbList","@id":"https:\/\/brain-trainer.com\/pt-br\/termos-e-condicoes\/#breadcrumb","itemListElement":[{"@type":"ListItem","position":1,"name":"Home","item":"https:\/\/brain-trainer.com\/pt-br\/"},{"@type":"ListItem","position":2,"name":"Termos e Condi\u00e7\u00f5es"}]},{"@type":"WebSite","@id":"https:\/\/brain-trainer.com\/pt-br\/#website","url":"https:\/\/brain-trainer.com\/pt-br\/","name":"brain-trainer.com","description":"By Trainers, For Trainers","publisher":{"@id":"https:\/\/brain-trainer.com\/pt-br\/#organization"},"potentialAction":[{"@type":"SearchAction","target":{"@type":"EntryPoint","urlTemplate":"https:\/\/brain-trainer.com\/pt-br\/?s={search_term_string}"},"query-input":{"@type":"PropertyValueSpecification","valueRequired":true,"valueName":"search_term_string"}}],"inLanguage":"pt-BR"},{"@type":"Organization","@id":"https:\/\/brain-trainer.com\/pt-br\/#organization","name":"Brain-Trainer International","url":"https:\/\/brain-trainer.com\/pt-br\/","logo":{"@type":"ImageObject","inLanguage":"pt-BR","@id":"https:\/\/brain-trainer.com\/pt-br\/#\/schema\/logo\/image\/","url":"https:\/\/brain-trainer.com\/wp-content\/uploads\/2015\/07\/brain-trainer.com-logo.jpg","contentUrl":"https:\/\/brain-trainer.com\/wp-content\/uploads\/2015\/07\/brain-trainer.com-logo.jpg","width":384,"height":124,"caption":"Brain-Trainer International"},"image":{"@id":"https:\/\/brain-trainer.com\/pt-br\/#\/schema\/logo\/image\/"},"sameAs":["https:\/\/www.facebook.com\/BraintrainerU\/","https:\/\/x.com\/BraintrainerU","https:\/\/www.instagram.com\/braintraineru"]}]}},"_links":{"self":[{"href":"https:\/\/brain-trainer.com\/pt-br\/wp-json\/wp\/v2\/pages\/14315","targetHints":{"allow":["GET"]}}],"collection":[{"href":"https:\/\/brain-trainer.com\/pt-br\/wp-json\/wp\/v2\/pages"}],"about":[{"href":"https:\/\/brain-trainer.com\/pt-br\/wp-json\/wp\/v2\/types\/page"}],"author":[{"embeddable":true,"href":"https:\/\/brain-trainer.com\/pt-br\/wp-json\/wp\/v2\/users\/19"}],"replies":[{"embeddable":true,"href":"https:\/\/brain-trainer.com\/pt-br\/wp-json\/wp\/v2\/comments?post=14315"}],"version-history":[{"count":1,"href":"https:\/\/brain-trainer.com\/pt-br\/wp-json\/wp\/v2\/pages\/14315\/revisions"}],"predecessor-version":[{"id":40080,"href":"https:\/\/brain-trainer.com\/pt-br\/wp-json\/wp\/v2\/pages\/14315\/revisions\/40080"}],"wp:attachment":[{"href":"https:\/\/brain-trainer.com\/pt-br\/wp-json\/wp\/v2\/media?parent=14315"}],"curies":[{"name":"wp","href":"https:\/\/api.w.org\/{rel}","templated":true}]}}