{"id":14316,"date":"2024-11-07T20:38:57","date_gmt":"2024-11-08T01:38:57","guid":{"rendered":"https:\/\/brain-trainer.com\/politica-de-privacidade\/"},"modified":"2024-11-07T20:38:57","modified_gmt":"2024-11-08T01:38:57","slug":"politica-de-privacidade","status":"publish","type":"page","link":"https:\/\/brain-trainer.com\/pt-br\/politica-de-privacidade\/","title":{"rendered":"Pol\u00edtica de Privacidade"},"content":{"rendered":"<p><strong><em>Qual informa\u00e7\u00f5es coletamos?<\/em><\/strong><\/p>\n<p>Coletamos suas informa\u00e7\u00f5es quando voc\u00ea se registra em nosso site, faz um pedido ou preenche formul\u00e1rios como o Relat\u00f3rio do Cliente. Se voc\u00ea registrar uma conta em nosso site, te daremos permiss\u00e3o para excluir suas informa\u00e7\u00f5es pessoais.<\/p>\n<p>Ao encomendar produtos ou usar as ferramentas on-line em nosso site, conforme apropriado, pode ser solicitado que voc\u00ea insira v\u00e1rias informa\u00e7\u00f5es, como: nome, endere\u00e7o de e-mail, endere\u00e7o para correspond\u00eancia ou n\u00famero de telefone. Voc\u00ea pode, no entanto, visitar o nosso site de forma an\u00f4nima. Se voc\u00ea preencher um Relat\u00f3rio do Cliente, ser\u00e1 solicitado que forne\u00e7a informa\u00e7\u00f5es sobre si mesmo para criar seu plano de treinamento cerebral.<\/p>\n<p>Utilizamos o Google Analytics para monitorar e melhorar o desempenho de nossos sites. Vinculamos nossa conta do Google Analytics \u00e0 nossa conta do Google Adwords para melhorar a efic\u00e1cia dos nossos esfor\u00e7os de publicidade. De tempos em tempos, podemos usar os dados do Google Analytics para fins de remarketing. Voc\u00ea pode visitar a p\u00e1gina do Google Analytics com informa\u00e7\u00f5es sobre como desativar o acompanhamento do Google Analytics: https:\/\/tools.google.com\/dlpage\/gaoptout\/<\/p>\n<p><strong><em>Para que usamos suas informa\u00e7\u00f5es?<\/em><\/strong><\/p>\n<p>Qualquer informa\u00e7\u00e3o sua que coletamos pode ser usada em uma das seguintes formas:<\/p>\n<ul>\n<li><strong>Para personalizar sua experi\u00eancia <\/strong>Sua informa\u00e7\u00e3o nos ajuda a responder melhor \u00e0s suas necessidades individuais.<\/li>\n<li><strong>Para melhorar nosso site <\/strong>N\u00f3s nos esfor\u00e7amos continuamente para melhorar o que \u00e9 oferecido em nossa p\u00e1gina com base nas informa\u00e7\u00f5es e feedback fornecidos por voc\u00ea<\/li>\n<li><strong>Para melhorar o atendimento ao cliente <\/strong>Suas informa\u00e7\u00f5es nos ajudam a responder com mais efic\u00e1cia \u00e0s suas solicita\u00e7\u00f5es e necessidades de suporte<\/li>\n<li><strong>Para processar transa\u00e7\u00f5es <\/strong>Suas informa\u00e7\u00f5es, sejam p\u00fablicas ou privadas, n\u00e3o ser\u00e3o vendidas, trocadas, transferidas, ou repassadas a qualquer outra empresa por qualquer motivo, sem o seu consentimento, exceto para o prop\u00f3sito expresso de entregar seu pedido ou servi\u00e7o solicitado<\/li>\n<li><strong>Para enviar e-mails peri\u00f3dicos <\/strong>O endere\u00e7o de e-mail que voc\u00ea fornecer para o processamento do seu pedido ser\u00e1 apenas usado para o envio de informa\u00e7\u00f5es e atualiza\u00e7\u00f5es pertinentes ao seu pedido ou solicita\u00e7\u00e3o<\/li>\n<li><strong>Para processar Relat\u00f3rios do Cliente <\/strong>Suas informa\u00e7\u00f5es ser\u00e3o usadas para avaliar o seu progresso no treinamento cerebral. Se voc\u00ea fornecer um endere\u00e7o de e-mail, configuraremos uma conta para que seus dados sejam armazenados e voc\u00ea poder\u00e1 visualizar, editar ou excluir suas informa\u00e7\u00f5es. Se voc\u00ea trabalha com um treinador, compartilharemos os resultados do seu Relat\u00f3rio do Cliente com ele. Voc\u00ea pode remover um treinador de ter acesso \u00e0 sua conta. Para rever seus dados, fa\u00e7a o login e visite a p\u00e1gina de sua conta aqui: <a href=\"https:\/\/provider.brain-trainer.com\/user\/\">https:\/\/provider.brain-trainer.com\/user\/<\/a><\/li>\n<\/ul>\n<p><strong><em>Como protegemos suas informa\u00e7\u00f5es?<\/em><\/strong><\/p>\n<p>Implementamos uma variedade de medidas de seguran\u00e7a para manter a seguran\u00e7a de suas informa\u00e7\u00f5es pessoais quando voc\u00ea envia uma solicita\u00e7\u00e3o, faz um pedido ou acessa suas informa\u00e7\u00f5es pessoais.<\/p>\n<p>Essas medidas de seguran\u00e7a incluem: criptografia SSL, contas protegidas por senha e bancos de dados para proteger suas informa\u00e7\u00f5es.<\/p>\n<p>Todas as informa\u00e7\u00f5es confidenciais\/de cr\u00e9dito fornecidas s\u00e3o transmitidas atrav\u00e9s do PayPal, que possui v\u00e1rias medidas de seguran\u00e7a. A Brain-Trainer Internacional n\u00e3o armazena suas informa\u00e7\u00f5es de cart\u00e3o de cr\u00e9dito em nossos sites.<\/p>\n<p><strong><em>Usamos cookies?<\/em><\/strong><\/p>\n<p>Sim. Cookies s\u00e3o pequenos arquivos que um site ou seu provedor de servi\u00e7os transfere para o disco r\u00edgido do seu computador atrav\u00e9s do navegador da Web (se voc\u00ea permitir), permitindo que os sites ou provedores de servi\u00e7os reconhe\u00e7am seu navegador e capturem e lembrem certas informa\u00e7\u00f5es.<\/p>\n<p><strong><em>N\u00f3s divulgamos qualquer informa\u00e7\u00e3o a terceiros?<\/em><\/strong><\/p>\n<p>N\u00f3s n\u00e3o vendemos, comercializamos ou transferimos para terceiros suas informa\u00e7\u00f5es pessoais.<\/p>\n<p><strong><em>Pol\u00edtica de Privacidade Online Apenas<\/em><\/strong><\/p>\n<p>Esta pol\u00edtica de privacidade on-line se aplica somente a informa\u00e7\u00f5es coletadas por meio de nosso site e n\u00e3o a informa\u00e7\u00f5es coletadas off-line.<\/p>\n<p><strong><em>Seu consentimento<\/em><\/strong><\/p>\n<p>Ao usar nosso site, voc\u00ea concorda com nossa pol\u00edtica de privacidade.<\/p>\n<p><strong><em>Mudan\u00e7as na nossa Pol\u00edtica de Privacidade <\/em><\/strong><\/p>\n<p>Se decidirmos alterar nossa pol\u00edtica de privacidade, publicaremos essas altera\u00e7\u00f5es nesta p\u00e1gina e\/ou atualizaremos a data de modifica\u00e7\u00e3o da Pol\u00edtica de Privacidade abaixo. As altera\u00e7\u00f5es de pol\u00edtica ser\u00e3o aplicadas somente \u00e0s informa\u00e7\u00f5es coletadas ap\u00f3s a data da altera\u00e7\u00e3o.<\/p>\n<p>Esta pol\u00edtica foi modificada pela \u00faltima vez em 22\/5\/2014<\/p>\n<p><strong><em>Entrando em contato conosco<\/em><\/strong><\/p>\n<p>Se houver alguma d\u00favida sobre esta pol\u00edtica de privacidade, voc\u00ea pode entrar em contato conosco atrav\u00e9s do seguinte endere\u00e7o de e-mail:<\/p>\n<p><a href=\"mailto:info@brain-trainer.com\">info@brain-trainer.com<\/a><\/p>\n<p>&nbsp;<\/p>\n","protected":false},"excerpt":{"rendered":"<p>Qual informa\u00e7\u00f5es coletamos? Coletamos suas informa\u00e7\u00f5es quando voc\u00ea se registra em nosso site, faz um pedido ou preenche formul\u00e1rios como o Relat\u00f3rio do Cliente. Se voc\u00ea registrar uma conta em nosso site, te daremos permiss\u00e3o para excluir suas informa\u00e7\u00f5es pessoais. Ao encomendar produtos ou usar as ferramentas on-line em nosso site, conforme apropriado, pode ser [&hellip;]<\/p>\n","protected":false},"author":19,"featured_media":0,"parent":0,"menu_order":0,"comment_status":"closed","ping_status":"open","template":"page-templates\/fullwidthpage.php","meta":{"_acf_changed":false,"footnotes":""},"class_list":["post-14316","page","type-page","status-publish","hentry"],"acf":[],"yoast_head":"<!-- This site is optimized with the Yoast SEO plugin v27.3 - https:\/\/yoast.com\/product\/yoast-seo-wordpress\/ -->\n<title>Pol\u00edtica de Privacidade - brain-trainer.com<\/title>\n<meta name=\"description\" content=\"Pol\u00edtica de Privacidade Brain-Trainer.com \u2013 Informa\u00e7\u00f5es sobre as informa\u00e7\u00f5es que coletamos e o que fazemos com ela.\" \/>\n<meta name=\"robots\" content=\"index, follow, max-snippet:-1, max-image-preview:large, max-video-preview:-1\" \/>\n<link rel=\"canonical\" href=\"https:\/\/brain-trainer.com\/pt-br\/politica-de-privacidade\/\" \/>\n<meta property=\"og:locale\" content=\"pt_BR\" \/>\n<meta property=\"og:type\" content=\"article\" \/>\n<meta property=\"og:title\" content=\"Pol\u00edtica de Privacidade - brain-trainer.com\" \/>\n<meta property=\"og:description\" content=\"Pol\u00edtica de Privacidade Brain-Trainer.com \u2013 Informa\u00e7\u00f5es sobre as informa\u00e7\u00f5es que coletamos e o que fazemos com ela.\" \/>\n<meta property=\"og:url\" content=\"https:\/\/brain-trainer.com\/pt-br\/politica-de-privacidade\/\" \/>\n<meta property=\"og:site_name\" content=\"brain-trainer.com\" \/>\n<meta property=\"article:publisher\" content=\"https:\/\/www.facebook.com\/BraintrainerU\/\" \/>\n<meta name=\"twitter:label1\" content=\"Est. tempo de leitura\" \/>\n\t<meta name=\"twitter:data1\" content=\"4 minutos\" \/>\n<script type=\"application\/ld+json\" class=\"yoast-schema-graph\">{\"@context\":\"https:\\\/\\\/schema.org\",\"@graph\":[{\"@type\":\"WebPage\",\"@id\":\"https:\\\/\\\/brain-trainer.com\\\/pt-br\\\/politica-de-privacidade\\\/\",\"url\":\"https:\\\/\\\/brain-trainer.com\\\/pt-br\\\/politica-de-privacidade\\\/\",\"name\":\"Pol\u00edtica de Privacidade - brain-trainer.com\",\"isPartOf\":{\"@id\":\"https:\\\/\\\/brain-trainer.com\\\/pt-br\\\/#website\"},\"datePublished\":\"2024-11-08T01:38:57+00:00\",\"description\":\"Pol\u00edtica de Privacidade Brain-Trainer.com \u2013 Informa\u00e7\u00f5es sobre as informa\u00e7\u00f5es que coletamos e o que fazemos com ela.\",\"breadcrumb\":{\"@id\":\"https:\\\/\\\/brain-trainer.com\\\/pt-br\\\/politica-de-privacidade\\\/#breadcrumb\"},\"inLanguage\":\"pt-BR\",\"potentialAction\":[{\"@type\":\"ReadAction\",\"target\":[\"https:\\\/\\\/brain-trainer.com\\\/pt-br\\\/politica-de-privacidade\\\/\"]}]},{\"@type\":\"BreadcrumbList\",\"@id\":\"https:\\\/\\\/brain-trainer.com\\\/pt-br\\\/politica-de-privacidade\\\/#breadcrumb\",\"itemListElement\":[{\"@type\":\"ListItem\",\"position\":1,\"name\":\"Home\",\"item\":\"https:\\\/\\\/brain-trainer.com\\\/pt-br\\\/\"},{\"@type\":\"ListItem\",\"position\":2,\"name\":\"Pol\u00edtica de Privacidade\"}]},{\"@type\":\"WebSite\",\"@id\":\"https:\\\/\\\/brain-trainer.com\\\/pt-br\\\/#website\",\"url\":\"https:\\\/\\\/brain-trainer.com\\\/pt-br\\\/\",\"name\":\"brain-trainer.com\",\"description\":\"By Trainers, For Trainers\",\"publisher\":{\"@id\":\"https:\\\/\\\/brain-trainer.com\\\/pt-br\\\/#organization\"},\"potentialAction\":[{\"@type\":\"SearchAction\",\"target\":{\"@type\":\"EntryPoint\",\"urlTemplate\":\"https:\\\/\\\/brain-trainer.com\\\/pt-br\\\/?s={search_term_string}\"},\"query-input\":{\"@type\":\"PropertyValueSpecification\",\"valueRequired\":true,\"valueName\":\"search_term_string\"}}],\"inLanguage\":\"pt-BR\"},{\"@type\":\"Organization\",\"@id\":\"https:\\\/\\\/brain-trainer.com\\\/pt-br\\\/#organization\",\"name\":\"Brain-Trainer International\",\"url\":\"https:\\\/\\\/brain-trainer.com\\\/pt-br\\\/\",\"logo\":{\"@type\":\"ImageObject\",\"inLanguage\":\"pt-BR\",\"@id\":\"https:\\\/\\\/brain-trainer.com\\\/pt-br\\\/#\\\/schema\\\/logo\\\/image\\\/\",\"url\":\"https:\\\/\\\/brain-trainer.com\\\/wp-content\\\/uploads\\\/2015\\\/07\\\/brain-trainer.com-logo.jpg\",\"contentUrl\":\"https:\\\/\\\/brain-trainer.com\\\/wp-content\\\/uploads\\\/2015\\\/07\\\/brain-trainer.com-logo.jpg\",\"width\":384,\"height\":124,\"caption\":\"Brain-Trainer International\"},\"image\":{\"@id\":\"https:\\\/\\\/brain-trainer.com\\\/pt-br\\\/#\\\/schema\\\/logo\\\/image\\\/\"},\"sameAs\":[\"https:\\\/\\\/www.facebook.com\\\/BraintrainerU\\\/\",\"https:\\\/\\\/x.com\\\/BraintrainerU\",\"https:\\\/\\\/www.instagram.com\\\/braintraineru\"]}]}<\/script>\n<!-- \/ Yoast SEO plugin. -->","yoast_head_json":{"title":"Pol\u00edtica de Privacidade - brain-trainer.com","description":"Pol\u00edtica de Privacidade Brain-Trainer.com \u2013 Informa\u00e7\u00f5es sobre as informa\u00e7\u00f5es que coletamos e o que fazemos com ela.","robots":{"index":"index","follow":"follow","max-snippet":"max-snippet:-1","max-image-preview":"max-image-preview:large","max-video-preview":"max-video-preview:-1"},"canonical":"https:\/\/brain-trainer.com\/pt-br\/politica-de-privacidade\/","og_locale":"pt_BR","og_type":"article","og_title":"Pol\u00edtica de Privacidade - brain-trainer.com","og_description":"Pol\u00edtica de Privacidade Brain-Trainer.com \u2013 Informa\u00e7\u00f5es sobre as informa\u00e7\u00f5es que coletamos e o que fazemos com ela.","og_url":"https:\/\/brain-trainer.com\/pt-br\/politica-de-privacidade\/","og_site_name":"brain-trainer.com","article_publisher":"https:\/\/www.facebook.com\/BraintrainerU\/","twitter_misc":{"Est. tempo de leitura":"4 minutos"},"schema":{"@context":"https:\/\/schema.org","@graph":[{"@type":"WebPage","@id":"https:\/\/brain-trainer.com\/pt-br\/politica-de-privacidade\/","url":"https:\/\/brain-trainer.com\/pt-br\/politica-de-privacidade\/","name":"Pol\u00edtica de Privacidade - brain-trainer.com","isPartOf":{"@id":"https:\/\/brain-trainer.com\/pt-br\/#website"},"datePublished":"2024-11-08T01:38:57+00:00","description":"Pol\u00edtica de Privacidade Brain-Trainer.com \u2013 Informa\u00e7\u00f5es sobre as informa\u00e7\u00f5es que coletamos e o que fazemos com ela.","breadcrumb":{"@id":"https:\/\/brain-trainer.com\/pt-br\/politica-de-privacidade\/#breadcrumb"},"inLanguage":"pt-BR","potentialAction":[{"@type":"ReadAction","target":["https:\/\/brain-trainer.com\/pt-br\/politica-de-privacidade\/"]}]},{"@type":"BreadcrumbList","@id":"https:\/\/brain-trainer.com\/pt-br\/politica-de-privacidade\/#breadcrumb","itemListElement":[{"@type":"ListItem","position":1,"name":"Home","item":"https:\/\/brain-trainer.com\/pt-br\/"},{"@type":"ListItem","position":2,"name":"Pol\u00edtica de Privacidade"}]},{"@type":"WebSite","@id":"https:\/\/brain-trainer.com\/pt-br\/#website","url":"https:\/\/brain-trainer.com\/pt-br\/","name":"brain-trainer.com","description":"By Trainers, For Trainers","publisher":{"@id":"https:\/\/brain-trainer.com\/pt-br\/#organization"},"potentialAction":[{"@type":"SearchAction","target":{"@type":"EntryPoint","urlTemplate":"https:\/\/brain-trainer.com\/pt-br\/?s={search_term_string}"},"query-input":{"@type":"PropertyValueSpecification","valueRequired":true,"valueName":"search_term_string"}}],"inLanguage":"pt-BR"},{"@type":"Organization","@id":"https:\/\/brain-trainer.com\/pt-br\/#organization","name":"Brain-Trainer International","url":"https:\/\/brain-trainer.com\/pt-br\/","logo":{"@type":"ImageObject","inLanguage":"pt-BR","@id":"https:\/\/brain-trainer.com\/pt-br\/#\/schema\/logo\/image\/","url":"https:\/\/brain-trainer.com\/wp-content\/uploads\/2015\/07\/brain-trainer.com-logo.jpg","contentUrl":"https:\/\/brain-trainer.com\/wp-content\/uploads\/2015\/07\/brain-trainer.com-logo.jpg","width":384,"height":124,"caption":"Brain-Trainer International"},"image":{"@id":"https:\/\/brain-trainer.com\/pt-br\/#\/schema\/logo\/image\/"},"sameAs":["https:\/\/www.facebook.com\/BraintrainerU\/","https:\/\/x.com\/BraintrainerU","https:\/\/www.instagram.com\/braintraineru"]}]}},"_links":{"self":[{"href":"https:\/\/brain-trainer.com\/pt-br\/wp-json\/wp\/v2\/pages\/14316","targetHints":{"allow":["GET"]}}],"collection":[{"href":"https:\/\/brain-trainer.com\/pt-br\/wp-json\/wp\/v2\/pages"}],"about":[{"href":"https:\/\/brain-trainer.com\/pt-br\/wp-json\/wp\/v2\/types\/page"}],"author":[{"embeddable":true,"href":"https:\/\/brain-trainer.com\/pt-br\/wp-json\/wp\/v2\/users\/19"}],"replies":[{"embeddable":true,"href":"https:\/\/brain-trainer.com\/pt-br\/wp-json\/wp\/v2\/comments?post=14316"}],"version-history":[{"count":1,"href":"https:\/\/brain-trainer.com\/pt-br\/wp-json\/wp\/v2\/pages\/14316\/revisions"}],"predecessor-version":[{"id":40078,"href":"https:\/\/brain-trainer.com\/pt-br\/wp-json\/wp\/v2\/pages\/14316\/revisions\/40078"}],"wp:attachment":[{"href":"https:\/\/brain-trainer.com\/pt-br\/wp-json\/wp\/v2\/media?parent=14316"}],"curies":[{"name":"wp","href":"https:\/\/api.w.org\/{rel}","templated":true}]}}