{"id":17203,"date":"2024-11-07T20:39:09","date_gmt":"2024-11-08T01:39:09","guid":{"rendered":"https:\/\/brain-trainer.com\/?page_id=17203"},"modified":"2024-11-07T20:39:09","modified_gmt":"2024-11-08T01:39:09","slug":"atualizacoes-de-life","status":"publish","type":"page","link":"https:\/\/brain-trainer.com\/pt-br\/atualizacoes-de-life\/","title":{"rendered":"Atualiza\u00e7\u00f5es de LIFE"},"content":{"rendered":"<div>    <form role=\"search\" method=\"get\" class=\"custom-search-form\" action=\"https:\/\/brain-trainer.com\/pt-br\/\">\r\n        <input type=\"search\" class=\"search-field\" placeholder=\"Pesquisar &hellip;\" value=\"\" name=\"s\" \/>\r\n        <select name=\"post_type\">\r\n            <option value=\"\"  selected='selected'>All<\/option>\r\n            <option value=\"post\">Blog Posts<\/option><option value=\"page\">Site Pages<\/option><option value=\"answer\">Answers<\/option><option value=\"support\">Support Resources<\/option><option value=\"product\">Products<\/option>        <\/select>\r\n        <button type=\"submit\" class=\"search-submit\">Pesquisar<\/button>\r\n    <\/form>\r\n    <\/div>\n<p><img decoding=\"async\" class=\"alignright wp-image-18369 \" src=\"https:\/\/brain-trainer.com\/wp-content\/uploads\/2019\/04\/LIFE_1.7_ENG.jpg\" alt=\"\" width=\"433\" srcset=\"https:\/\/brain-trainer.com\/wp-content\/uploads\/2019\/04\/LIFE_1.7_ENG.jpg 887w, https:\/\/brain-trainer.com\/wp-content\/uploads\/2019\/04\/LIFE_1.7_ENG-200x124.jpg 200w, https:\/\/brain-trainer.com\/wp-content\/uploads\/2019\/04\/LIFE_1.7_ENG-768x478.jpg 768w, https:\/\/brain-trainer.com\/wp-content\/uploads\/2019\/04\/LIFE_1.7_ENG-300x187.jpg 300w\" sizes=\"(max-width: 887px) 100vw, 887px\" \/><\/p>\n<h2>Atualiza\u00e7\u00f5es de LIFE para jogo e design<\/h2>\n<p><strong>B<span class=\"tlid-translation translation\"><span class=\"alt-edited\" title=\"\">aixar atualiza\u00e7\u00f5es:<\/span><\/span> <a href=\"https:\/\/brain-trainer.sharefile.com\">https:\/\/brain-trainer.sharefile.com<\/a><\/strong><\/p>\n<p><strong><span class=\"tlid-translation translation\"><span class=\"\" title=\"\"><span class=\"tlid-translation translation\" lang=\"pt\"><span title=\"\"><br \/>\n11 de novembro de 2019<br \/>\n<\/span><\/span><\/span><\/span><\/strong><span class=\"tlid-translation translation\"><span class=\"\" title=\"\"><span class=\"tlid-translation translation\" lang=\"pt\"><span title=\"\">Processo de instala\u00e7\u00e3o atualizado<\/span><\/span><\/span><\/span><\/p>\n<p><strong><span class=\"tlid-translation translation\"><span class=\"\" title=\"\"><span class=\"tlid-translation translation\" lang=\"pt\"><span title=\"\">16 de abril de 2019 Vers\u00e3o 1.7<br \/>\n<\/span><\/span><\/span><\/span><\/strong><span class=\"tlid-translation translation\"><span class=\"\" title=\"\"><span class=\"tlid-translation translation\" lang=\"pt\"><span title=\"\">NEW Interface de design mais simples, com menos confus\u00e3o.<\/span><\/span><\/span><\/span><span class=\"tlid-translation translation\"><span class=\"\" title=\"\"><span class=\"tlid-translation translation\" lang=\"pt\"> <span title=\"\">Apenas &#8220;Capture&#8221; e comece o jogo para come\u00e7ar.<\/span> N\u00e3o h\u00e1 necessidade de selecionar o site de treinamento. Se voc\u00ea preferir manter a vers\u00e3o antiga, N\u00c3O FA\u00c7A DOWNLOAD DESTA NOVA VERS\u00c3O 1.7.<\/span><\/span><\/span><\/p>\n<p><strong><span class=\"tlid-translation translation\"><span class=\"\" title=\"\">20 de fevereiro de 2019<br \/>\n<\/span><\/span><\/strong><span class=\"tlid-translation translation\"><span class=\"\" title=\"\">Instru\u00e7\u00e3o inclu\u00edda para Optima+ Capture Baseline para clicar duas vezes<\/span><\/span><span class=\"tlid-translation translation\"><span class=\"\" title=\"\"><br \/>\nFolha de refer\u00eancia imprim\u00edvel do LIFE Quick Start revisada<\/span><\/span><\/p>\n<p><strong>December 10, 2018<br \/>\n<\/strong>Added design for Optima+ 4<strong><br \/>\n<\/strong><\/p>\n<p><strong>February 6, 2018<\/strong><br \/>\nSmall addition to manual regarding training numbers<\/p>\n<p><strong>December 14, 2017<\/strong><br \/>\nThere are not changes in the LIFE files, only the instruction manuals and file structure.<br \/>\n*With this update you will find designs, reports, sessions in the same place &#8211; Documents\\BioExplorer.<br \/>\n*Instructional documents, drivers, etc. will be in the same place &#8211; Documents\\Brain-Trainer\\Help.<br \/>\n*Brain-Trainer tools like TQ7.5, graphing files, LIFE Cycle tracking, Subj Assess will be in Documents\\Brain-Trainer. This is a change from before as they were in different places. Now they can all be found in a single location.<br \/>\n*In order that we may pre-load flash and audio files into designs for your convenience, flash and audio files will be in C:\\Program Files (x86)\\BioExplorer\\Flash and C:\\Program Files (x86)\\BioExplorer\\Media. Most users will not notice this. They were previously in C:\\Program Files (x86)\\BioExplorer, not inside folders.<\/p>\n<p>Documents\\Brain-Trainer (with shortcut)<br \/>\n*** LIFE Cycle (session record)<br \/>\n*** LIFE Graph (session tracking)<br \/>\n*** Documents\\Brain-Trainer\\Help<br \/>\n++++++ User Guides<br \/>\n++++++ Drivers<br \/>\n++++++ READ ME files<\/p>\n<p>Documents\\BioExplorer<br \/>\n*** Documents\\BioExplorer\\Designs<br \/>\n*** Documents\\BioExplorer\\Reports<br \/>\n*** Documents\\BioExplorer\\Sessions (with shortcut)<br \/>\n++++++ Client Folders<\/p>\n<p>C:\\Program Files (x86)\\BioExplorer<br \/>\n*** C:\\Program Files (x86)\\BioExplorer\\Flash<br \/>\n*** C:\\Program Files (x86)\\BioExplorer\\Media<br \/>\n++++++ BioExplorer sounds<br \/>\n++++++ LIFE coaching files (with shortcut)<\/p>\n<p><strong>October 31, 2017<\/strong><br \/>\nUpdate for convenience only. No changes have been made in the game.<br \/>\nFIX: Audio and flash files may not have loaded with the new BioExplorer folders&#8217; location.<\/p>\n<p><strong>October 4, 2017<\/strong><br \/>\nNOTICE: BioExplorer version 1.7.0.661 is now available for download:<\/p>\n<p><a href=\"http:\/\/www.cyberevolution.com\/Download.htm\" target=\"_blank\" rel=\"noopener noreferrer\">http:\/\/www.cyberevolution.com\/Download.htm<\/a><\/p>\n<p>Bug Fix: Instrument captions sometimes did not display.<br \/>\nBug Fix: Issues regarding load time and memory usage with large designs.<br \/>\n<strong>Change: BioExplorer\u2019s document folders (Designs, Sessions, etc.) now default to the user\u2019s Documents folder in Windows.<\/strong><br \/>\nUse the default installation.<\/p>\n<p>The latest Brain-Trainer LIFE installer will place user folders in Documents (not C as before). We recommend you reinstall BioExplorer&#8217;s new version and run the Brain-Trainer installers.<\/p>\n<p><strong>August 12, 2017<\/strong><br \/>\nAdded &#8220;Current Ratio&#8221; meter to Trainee screen<br \/>\nUpdated LIFE audio coaching file icons on desktop<\/p>\n<p><strong>September 11, 2016 v. 1.6.3<\/strong><br \/>\nAdded German audio coaching files<br \/>\nUpdated German design translation<\/p>\n<p><strong>April 6, 2016<\/strong><br \/>\nAdded German language<br \/>\nFlash Control Panel file: life_game_cp_3.93.swf<br \/>\nLIFE Graph is now consolidated into one multi-language file with English, Portuguese, Spanish, Italian and German.<br \/>\nLIFE Cycle is now in a single multi-language file.<br \/>\n&#8220;Loading&#8230;please wait&#8230;&#8221; message replaced with animated loading icon as languages are not loaded at that time.<br \/>\nCLOSE button in HELP section now translates to languages properly.<\/p>\n<p><strong>February 27, 2016<\/strong><br \/>\nLIFE Graph.xlsm: Changed high and low graphs&#8217; axis range to automatic<\/p>\n<p><strong>February 23, 2016<\/strong><br \/>\nFIX: Flash players did not have most current flash screen loaded and required user to reload<br \/>\nManual: Additional section in English version on understanding statistics.<\/p>\n<p><strong>September 16, 2015<\/strong><br \/>\nFIX: Trainee flash screen did not show AI Points<\/p>\n<p><strong>September 12, 2015<\/strong><br \/>\nFIX: English language designs audio coach buttons toggle between on and off.<\/p>\n<p><strong>September 11, 2015<\/strong><br \/>\nNEW FLASH GAME VERSION 3:<br \/>\n&#8211; Option to turn off Autostop or change the time<br \/>\n&#8211; New animal set option for South American animals<br \/>\n&#8211; Language options: English, Portuguese, Italian, Spanish<br \/>\n&#8211; FIX: Script error<\/p>\n<p><strong>August 9, 2015 v1.6<\/strong><br \/>\nReplaced audio coach shortcuts on desktop.<br \/>\nFix: Life graphing files now work on computers using comma as decimal separator.<\/p>\n<p><strong>August 1, 2015<\/strong><br \/>\nAdded designs for languages Portuguese, Spanish and Italian.<br \/>\nRevised Instruments interface to simplify use showing 3 top values for measuring progress: AI points\/minute, game points\/minute and high-low range of activation\/deactivation.<br \/>\nAdded buttons for audio coaching files.<br \/>\nLife graphing file highlights top 3 values for measuring progress.<br \/>\nAdded translations for Life graphing in Portuguese, Spanish and Italian.<\/p>\n<p><strong>March 23, 2015 v1.6<\/strong><br \/>\nReplaced Q-wiz and X-wiz designs with a single Wiz design for both amplifiers. Q-wiz still requires 4 Channel setting and X-wiz still requires EEG setting in the BioExplorer Wiz window.<\/p>\n<p><strong>March 20, 2015<\/strong><br \/>\nNew design layout for easier settings control<br \/>\nLIFE Cycle file for recording session training time<br \/>\nExpanded instruction manual to include LIFE Cycle instructions and a one-page Quick Start guide for easy reference.<br \/>\nAudio coaching files are now separate from the design with shortcuts on the desktop, so you can listen to them any time before or during a session.<\/p>\n","protected":false},"excerpt":{"rendered":"<p>Atualiza\u00e7\u00f5es de LIFE para jogo e design Baixar atualiza\u00e7\u00f5es: https:\/\/brain-trainer.sharefile.com 11 de novembro de 2019 Processo de instala\u00e7\u00e3o atualizado 16 de abril de 2019 Vers\u00e3o 1.7 NEW Interface de design mais simples, com menos confus\u00e3o. Apenas &#8220;Capture&#8221; e comece o jogo para come\u00e7ar. N\u00e3o h\u00e1 necessidade de selecionar o site de treinamento. Se voc\u00ea preferir [&hellip;]<\/p>\n","protected":false},"author":112,"featured_media":0,"parent":0,"menu_order":100,"comment_status":"closed","ping_status":"open","template":"","meta":{"_acf_changed":false,"footnotes":""},"class_list":["post-17203","page","type-page","status-publish","hentry"],"acf":[],"yoast_head":"<!-- This site is optimized with the Yoast SEO plugin v27.3 - https:\/\/yoast.com\/product\/yoast-seo-wordpress\/ -->\n<title>Atualiza\u00e7\u00f5es de LIFE - brain-trainer.com<\/title>\n<meta name=\"robots\" content=\"index, follow, max-snippet:-1, max-image-preview:large, max-video-preview:-1\" \/>\n<link rel=\"canonical\" href=\"https:\/\/brain-trainer.com\/pt-br\/atualizacoes-de-life\/\" \/>\n<meta property=\"og:locale\" content=\"pt_BR\" \/>\n<meta property=\"og:type\" content=\"article\" \/>\n<meta property=\"og:title\" content=\"Atualiza\u00e7\u00f5es de LIFE - brain-trainer.com\" \/>\n<meta property=\"og:description\" content=\"Atualiza\u00e7\u00f5es de LIFE para jogo e design Baixar atualiza\u00e7\u00f5es: https:\/\/brain-trainer.sharefile.com 11 de novembro de 2019 Processo de instala\u00e7\u00e3o atualizado 16 de abril de 2019 Vers\u00e3o 1.7 NEW Interface de design mais simples, com menos confus\u00e3o. Apenas &#8220;Capture&#8221; e comece o jogo para come\u00e7ar. N\u00e3o h\u00e1 necessidade de selecionar o site de treinamento. Se voc\u00ea preferir [&hellip;]\" \/>\n<meta property=\"og:url\" content=\"https:\/\/brain-trainer.com\/pt-br\/atualizacoes-de-life\/\" \/>\n<meta property=\"og:site_name\" content=\"brain-trainer.com\" \/>\n<meta property=\"article:publisher\" content=\"https:\/\/www.facebook.com\/BraintrainerU\/\" \/>\n<meta property=\"og:image\" content=\"https:\/\/brain-trainer.com\/wp-content\/uploads\/2019\/04\/LIFE_1.7_ENG.jpg\" \/>\n<meta name=\"twitter:label1\" content=\"Est. tempo de leitura\" \/>\n\t<meta name=\"twitter:data1\" content=\"4 minutos\" \/>\n<script type=\"application\/ld+json\" class=\"yoast-schema-graph\">{\"@context\":\"https:\\\/\\\/schema.org\",\"@graph\":[{\"@type\":\"WebPage\",\"@id\":\"https:\\\/\\\/brain-trainer.com\\\/pt-br\\\/atualizacoes-de-life\\\/\",\"url\":\"https:\\\/\\\/brain-trainer.com\\\/pt-br\\\/atualizacoes-de-life\\\/\",\"name\":\"Atualiza\u00e7\u00f5es de LIFE - brain-trainer.com\",\"isPartOf\":{\"@id\":\"https:\\\/\\\/brain-trainer.com\\\/pt-br\\\/#website\"},\"primaryImageOfPage\":{\"@id\":\"https:\\\/\\\/brain-trainer.com\\\/pt-br\\\/atualizacoes-de-life\\\/#primaryimage\"},\"image\":{\"@id\":\"https:\\\/\\\/brain-trainer.com\\\/pt-br\\\/atualizacoes-de-life\\\/#primaryimage\"},\"thumbnailUrl\":\"https:\\\/\\\/brain-trainer.com\\\/wp-content\\\/uploads\\\/2019\\\/04\\\/LIFE_1.7_ENG.jpg\",\"datePublished\":\"2024-11-08T01:39:09+00:00\",\"breadcrumb\":{\"@id\":\"https:\\\/\\\/brain-trainer.com\\\/pt-br\\\/atualizacoes-de-life\\\/#breadcrumb\"},\"inLanguage\":\"pt-BR\",\"potentialAction\":[{\"@type\":\"ReadAction\",\"target\":[\"https:\\\/\\\/brain-trainer.com\\\/pt-br\\\/atualizacoes-de-life\\\/\"]}]},{\"@type\":\"ImageObject\",\"inLanguage\":\"pt-BR\",\"@id\":\"https:\\\/\\\/brain-trainer.com\\\/pt-br\\\/atualizacoes-de-life\\\/#primaryimage\",\"url\":\"https:\\\/\\\/brain-trainer.com\\\/wp-content\\\/uploads\\\/2019\\\/04\\\/LIFE_1.7_ENG.jpg\",\"contentUrl\":\"https:\\\/\\\/brain-trainer.com\\\/wp-content\\\/uploads\\\/2019\\\/04\\\/LIFE_1.7_ENG.jpg\"},{\"@type\":\"BreadcrumbList\",\"@id\":\"https:\\\/\\\/brain-trainer.com\\\/pt-br\\\/atualizacoes-de-life\\\/#breadcrumb\",\"itemListElement\":[{\"@type\":\"ListItem\",\"position\":1,\"name\":\"Home\",\"item\":\"https:\\\/\\\/brain-trainer.com\\\/pt-br\\\/\"},{\"@type\":\"ListItem\",\"position\":2,\"name\":\"Atualiza\u00e7\u00f5es de LIFE\"}]},{\"@type\":\"WebSite\",\"@id\":\"https:\\\/\\\/brain-trainer.com\\\/pt-br\\\/#website\",\"url\":\"https:\\\/\\\/brain-trainer.com\\\/pt-br\\\/\",\"name\":\"brain-trainer.com\",\"description\":\"By Trainers, For Trainers\",\"publisher\":{\"@id\":\"https:\\\/\\\/brain-trainer.com\\\/pt-br\\\/#organization\"},\"potentialAction\":[{\"@type\":\"SearchAction\",\"target\":{\"@type\":\"EntryPoint\",\"urlTemplate\":\"https:\\\/\\\/brain-trainer.com\\\/pt-br\\\/?s={search_term_string}\"},\"query-input\":{\"@type\":\"PropertyValueSpecification\",\"valueRequired\":true,\"valueName\":\"search_term_string\"}}],\"inLanguage\":\"pt-BR\"},{\"@type\":\"Organization\",\"@id\":\"https:\\\/\\\/brain-trainer.com\\\/pt-br\\\/#organization\",\"name\":\"Brain-Trainer International\",\"url\":\"https:\\\/\\\/brain-trainer.com\\\/pt-br\\\/\",\"logo\":{\"@type\":\"ImageObject\",\"inLanguage\":\"pt-BR\",\"@id\":\"https:\\\/\\\/brain-trainer.com\\\/pt-br\\\/#\\\/schema\\\/logo\\\/image\\\/\",\"url\":\"https:\\\/\\\/brain-trainer.com\\\/wp-content\\\/uploads\\\/2015\\\/07\\\/brain-trainer.com-logo.jpg\",\"contentUrl\":\"https:\\\/\\\/brain-trainer.com\\\/wp-content\\\/uploads\\\/2015\\\/07\\\/brain-trainer.com-logo.jpg\",\"width\":384,\"height\":124,\"caption\":\"Brain-Trainer International\"},\"image\":{\"@id\":\"https:\\\/\\\/brain-trainer.com\\\/pt-br\\\/#\\\/schema\\\/logo\\\/image\\\/\"},\"sameAs\":[\"https:\\\/\\\/www.facebook.com\\\/BraintrainerU\\\/\",\"https:\\\/\\\/x.com\\\/BraintrainerU\",\"https:\\\/\\\/www.instagram.com\\\/braintraineru\"]}]}<\/script>\n<!-- \/ Yoast SEO plugin. -->","yoast_head_json":{"title":"Atualiza\u00e7\u00f5es de LIFE - brain-trainer.com","robots":{"index":"index","follow":"follow","max-snippet":"max-snippet:-1","max-image-preview":"max-image-preview:large","max-video-preview":"max-video-preview:-1"},"canonical":"https:\/\/brain-trainer.com\/pt-br\/atualizacoes-de-life\/","og_locale":"pt_BR","og_type":"article","og_title":"Atualiza\u00e7\u00f5es de LIFE - brain-trainer.com","og_description":"Atualiza\u00e7\u00f5es de LIFE para jogo e design Baixar atualiza\u00e7\u00f5es: https:\/\/brain-trainer.sharefile.com 11 de novembro de 2019 Processo de instala\u00e7\u00e3o atualizado 16 de abril de 2019 Vers\u00e3o 1.7 NEW Interface de design mais simples, com menos confus\u00e3o. Apenas &#8220;Capture&#8221; e comece o jogo para come\u00e7ar. N\u00e3o h\u00e1 necessidade de selecionar o site de treinamento. Se voc\u00ea preferir [&hellip;]","og_url":"https:\/\/brain-trainer.com\/pt-br\/atualizacoes-de-life\/","og_site_name":"brain-trainer.com","article_publisher":"https:\/\/www.facebook.com\/BraintrainerU\/","og_image":[{"url":"https:\/\/brain-trainer.com\/wp-content\/uploads\/2019\/04\/LIFE_1.7_ENG.jpg","type":"","width":"","height":""}],"twitter_misc":{"Est. tempo de leitura":"4 minutos"},"schema":{"@context":"https:\/\/schema.org","@graph":[{"@type":"WebPage","@id":"https:\/\/brain-trainer.com\/pt-br\/atualizacoes-de-life\/","url":"https:\/\/brain-trainer.com\/pt-br\/atualizacoes-de-life\/","name":"Atualiza\u00e7\u00f5es de LIFE - brain-trainer.com","isPartOf":{"@id":"https:\/\/brain-trainer.com\/pt-br\/#website"},"primaryImageOfPage":{"@id":"https:\/\/brain-trainer.com\/pt-br\/atualizacoes-de-life\/#primaryimage"},"image":{"@id":"https:\/\/brain-trainer.com\/pt-br\/atualizacoes-de-life\/#primaryimage"},"thumbnailUrl":"https:\/\/brain-trainer.com\/wp-content\/uploads\/2019\/04\/LIFE_1.7_ENG.jpg","datePublished":"2024-11-08T01:39:09+00:00","breadcrumb":{"@id":"https:\/\/brain-trainer.com\/pt-br\/atualizacoes-de-life\/#breadcrumb"},"inLanguage":"pt-BR","potentialAction":[{"@type":"ReadAction","target":["https:\/\/brain-trainer.com\/pt-br\/atualizacoes-de-life\/"]}]},{"@type":"ImageObject","inLanguage":"pt-BR","@id":"https:\/\/brain-trainer.com\/pt-br\/atualizacoes-de-life\/#primaryimage","url":"https:\/\/brain-trainer.com\/wp-content\/uploads\/2019\/04\/LIFE_1.7_ENG.jpg","contentUrl":"https:\/\/brain-trainer.com\/wp-content\/uploads\/2019\/04\/LIFE_1.7_ENG.jpg"},{"@type":"BreadcrumbList","@id":"https:\/\/brain-trainer.com\/pt-br\/atualizacoes-de-life\/#breadcrumb","itemListElement":[{"@type":"ListItem","position":1,"name":"Home","item":"https:\/\/brain-trainer.com\/pt-br\/"},{"@type":"ListItem","position":2,"name":"Atualiza\u00e7\u00f5es de LIFE"}]},{"@type":"WebSite","@id":"https:\/\/brain-trainer.com\/pt-br\/#website","url":"https:\/\/brain-trainer.com\/pt-br\/","name":"brain-trainer.com","description":"By Trainers, For Trainers","publisher":{"@id":"https:\/\/brain-trainer.com\/pt-br\/#organization"},"potentialAction":[{"@type":"SearchAction","target":{"@type":"EntryPoint","urlTemplate":"https:\/\/brain-trainer.com\/pt-br\/?s={search_term_string}"},"query-input":{"@type":"PropertyValueSpecification","valueRequired":true,"valueName":"search_term_string"}}],"inLanguage":"pt-BR"},{"@type":"Organization","@id":"https:\/\/brain-trainer.com\/pt-br\/#organization","name":"Brain-Trainer International","url":"https:\/\/brain-trainer.com\/pt-br\/","logo":{"@type":"ImageObject","inLanguage":"pt-BR","@id":"https:\/\/brain-trainer.com\/pt-br\/#\/schema\/logo\/image\/","url":"https:\/\/brain-trainer.com\/wp-content\/uploads\/2015\/07\/brain-trainer.com-logo.jpg","contentUrl":"https:\/\/brain-trainer.com\/wp-content\/uploads\/2015\/07\/brain-trainer.com-logo.jpg","width":384,"height":124,"caption":"Brain-Trainer International"},"image":{"@id":"https:\/\/brain-trainer.com\/pt-br\/#\/schema\/logo\/image\/"},"sameAs":["https:\/\/www.facebook.com\/BraintrainerU\/","https:\/\/x.com\/BraintrainerU","https:\/\/www.instagram.com\/braintraineru"]}]}},"_links":{"self":[{"href":"https:\/\/brain-trainer.com\/pt-br\/wp-json\/wp\/v2\/pages\/17203","targetHints":{"allow":["GET"]}}],"collection":[{"href":"https:\/\/brain-trainer.com\/pt-br\/wp-json\/wp\/v2\/pages"}],"about":[{"href":"https:\/\/brain-trainer.com\/pt-br\/wp-json\/wp\/v2\/types\/page"}],"author":[{"embeddable":true,"href":"https:\/\/brain-trainer.com\/pt-br\/wp-json\/wp\/v2\/users\/112"}],"replies":[{"embeddable":true,"href":"https:\/\/brain-trainer.com\/pt-br\/wp-json\/wp\/v2\/comments?post=17203"}],"version-history":[{"count":9,"href":"https:\/\/brain-trainer.com\/pt-br\/wp-json\/wp\/v2\/pages\/17203\/revisions"}],"predecessor-version":[{"id":40081,"href":"https:\/\/brain-trainer.com\/pt-br\/wp-json\/wp\/v2\/pages\/17203\/revisions\/40081"}],"wp:attachment":[{"href":"https:\/\/brain-trainer.com\/pt-br\/wp-json\/wp\/v2\/media?parent=17203"}],"curies":[{"name":"wp","href":"https:\/\/api.w.org\/{rel}","templated":true}]}}